{"id":4145,"date":"2024-04-11T11:26:26","date_gmt":"2024-04-11T09:26:26","guid":{"rendered":"https:\/\/delorenzoglobal.com\/?post_type=product&#038;p=4145"},"modified":"2026-02-04T14:02:16","modified_gmt":"2026-02-04T13:02:16","slug":"systeme-pour-letude-des-piles-a-combustible-2","status":"publish","type":"product","link":"https:\/\/delorenzoglobal.com\/fr\/produit\/systeme-pour-letude-des-piles-a-combustible-2\/","title":{"rendered":"SYST\u00c8ME POUR L\u2019\u00c9TUDE DES PILES \u00c0 COMBUSTIBLE"},"content":{"rendered":"<p>Ce simulateur a \u00e9t\u00e9 con\u00e7u pour l&rsquo;\u00e9tude des syst\u00e8mes de piles \u00e0 combustible.<br \/>\nIl enseigne leurs principes d&rsquo;ing\u00e9nierie et permet d&rsquo;effectuer une s\u00e9rie d&rsquo;exp\u00e9riences \u00e0 des fins \u00e9ducatives.<br \/>\nIl est s\u00fbr et facile \u00e0 utiliser.<\/p>\n<p>Livr\u00e9 avec des c\u00e2bles de connexion, manuel des exp\u00e9riences et un logiciel pour l\u2019acquisition et le traitement des donn\u00e9es.<\/p>\n","protected":false},"excerpt":{"rendered":"<p>Ce simulateur a \u00e9t\u00e9 con\u00e7u pour l&rsquo;\u00e9tude des syst\u00e8mes de piles \u00e0 combustible. Il enseigne leurs principes d&rsquo;ing\u00e9nierie et permet d&rsquo;effectuer une s\u00e9rie d&rsquo;exp\u00e9riences \u00e0 des fins \u00e9ducatives. Il est s\u00fbr et facile \u00e0 utiliser. Livr\u00e9 avec des c\u00e2bles de connexion, manuel des exp\u00e9riences et un logiciel pour l\u2019acquisition et le traitement des donn\u00e9es.<\/p>\n","protected":false},"featured_media":68066,"template":"","meta":{"_acf_changed":false},"product_brand":[],"product_cat":[253],"product_tag":[],"class_list":{"0":"post-4145","1":"product","2":"type-product","3":"status-publish","4":"has-post-thumbnail","6":"product_cat-pile-a-combustible","8":"first","9":"instock","10":"shipping-taxable","11":"product-type-simple"},"acf":[],"yoast_head":"<!-- This site is optimized with the Yoast SEO plugin v27.4 - https:\/\/yoast.com\/product\/yoast-seo-wordpress\/ -->\n<title>SYST\u00c8ME POUR L\u2019\u00c9TUDE DES PILES \u00c0 COMBUSTIBLE - De Lorenzo Training &amp; Didactical Equipment<\/title>\n<meta name=\"description\" content=\"Banc didactique pour l\u2019\u00e9tude des syst\u00e8mes de piles \u00e0 combustible. S\u00fbr et facile \u00e0 utiliser, avec logiciel, manuel et exp\u00e9riences p\u00e9dagogiques.\" \/>\n<meta name=\"robots\" content=\"index, follow, max-snippet:-1, max-image-preview:large, max-video-preview:-1\" \/>\n<link rel=\"canonical\" href=\"https:\/\/delorenzoglobal.com\/fr\/produit\/systeme-pour-letude-des-piles-a-combustible-2\/\" \/>\n<meta property=\"og:locale\" content=\"fr_FR\" \/>\n<meta property=\"og:type\" content=\"article\" \/>\n<meta property=\"og:title\" content=\"SYST\u00c8ME POUR L\u2019\u00c9TUDE DES PILES \u00c0 COMBUSTIBLE - De Lorenzo Training &amp; Didactical Equipment\" \/>\n<meta property=\"og:description\" content=\"Banc didactique pour l\u2019\u00e9tude des syst\u00e8mes de piles \u00e0 combustible. S\u00fbr et facile \u00e0 utiliser, avec logiciel, manuel et exp\u00e9riences p\u00e9dagogiques.\" \/>\n<meta property=\"og:url\" content=\"https:\/\/delorenzoglobal.com\/fr\/produit\/systeme-pour-letude-des-piles-a-combustible-2\/\" \/>\n<meta property=\"og:site_name\" content=\"De Lorenzo Training &amp; Didactical Equipment\" \/>\n<meta property=\"article:modified_time\" content=\"2026-02-04T13:02:16+00:00\" \/>\n<meta property=\"og:image\" content=\"https:\/\/delorenzoglobal.com\/wp-content\/uploads\/2024\/04\/DL-HYDROGEN-B-1-scaled.jpg\" \/>\n\t<meta property=\"og:image:width\" content=\"2560\" \/>\n\t<meta property=\"og:image:height\" content=\"1735\" \/>\n\t<meta property=\"og:image:type\" content=\"image\/jpeg\" \/>\n<meta name=\"twitter:card\" content=\"summary_large_image\" \/>\n<meta name=\"twitter:label1\" content=\"Dur\u00e9e de lecture estim\u00e9e\" \/>\n\t<meta name=\"twitter:data1\" content=\"1 minute\" \/>\n<script type=\"application\/ld+json\" class=\"yoast-schema-graph\">{\"@context\":\"https:\\\/\\\/schema.org\",\"@graph\":[{\"@type\":\"WebPage\",\"@id\":\"https:\\\/\\\/delorenzoglobal.com\\\/fr\\\/produit\\\/systeme-pour-letude-des-piles-a-combustible-2\\\/\",\"url\":\"https:\\\/\\\/delorenzoglobal.com\\\/fr\\\/produit\\\/systeme-pour-letude-des-piles-a-combustible-2\\\/\",\"name\":\"SYST\u00c8ME POUR L\u2019\u00c9TUDE DES PILES \u00c0 COMBUSTIBLE - De Lorenzo Training &amp; Didactical Equipment\",\"isPartOf\":{\"@id\":\"https:\\\/\\\/delorenzoglobal.com\\\/fr\\\/#website\"},\"primaryImageOfPage\":{\"@id\":\"https:\\\/\\\/delorenzoglobal.com\\\/fr\\\/produit\\\/systeme-pour-letude-des-piles-a-combustible-2\\\/#primaryimage\"},\"image\":{\"@id\":\"https:\\\/\\\/delorenzoglobal.com\\\/fr\\\/produit\\\/systeme-pour-letude-des-piles-a-combustible-2\\\/#primaryimage\"},\"thumbnailUrl\":\"https:\\\/\\\/delorenzoglobal.com\\\/wp-content\\\/uploads\\\/2024\\\/04\\\/DL-HYDROGEN-B-1-scaled.jpg\",\"datePublished\":\"2024-04-11T09:26:26+00:00\",\"dateModified\":\"2026-02-04T13:02:16+00:00\",\"description\":\"Banc didactique pour l\u2019\u00e9tude des syst\u00e8mes de piles \u00e0 combustible. S\u00fbr et facile \u00e0 utiliser, avec logiciel, manuel et exp\u00e9riences p\u00e9dagogiques.\",\"breadcrumb\":{\"@id\":\"https:\\\/\\\/delorenzoglobal.com\\\/fr\\\/produit\\\/systeme-pour-letude-des-piles-a-combustible-2\\\/#breadcrumb\"},\"inLanguage\":\"fr-FR\",\"potentialAction\":[{\"@type\":\"ReadAction\",\"target\":[\"https:\\\/\\\/delorenzoglobal.com\\\/fr\\\/produit\\\/systeme-pour-letude-des-piles-a-combustible-2\\\/\"]}]},{\"@type\":\"ImageObject\",\"inLanguage\":\"fr-FR\",\"@id\":\"https:\\\/\\\/delorenzoglobal.com\\\/fr\\\/produit\\\/systeme-pour-letude-des-piles-a-combustible-2\\\/#primaryimage\",\"url\":\"https:\\\/\\\/delorenzoglobal.com\\\/wp-content\\\/uploads\\\/2024\\\/04\\\/DL-HYDROGEN-B-1-scaled.jpg\",\"contentUrl\":\"https:\\\/\\\/delorenzoglobal.com\\\/wp-content\\\/uploads\\\/2024\\\/04\\\/DL-HYDROGEN-B-1-scaled.jpg\",\"width\":2560,\"height\":1735},{\"@type\":\"BreadcrumbList\",\"@id\":\"https:\\\/\\\/delorenzoglobal.com\\\/fr\\\/produit\\\/systeme-pour-letude-des-piles-a-combustible-2\\\/#breadcrumb\",\"itemListElement\":[{\"@type\":\"ListItem\",\"position\":1,\"name\":\"Home\",\"item\":\"https:\\\/\\\/delorenzoglobal.com\\\/fr\\\/\"},{\"@type\":\"ListItem\",\"position\":2,\"name\":\"Boutique\",\"item\":\"https:\\\/\\\/delorenzoglobal.com\\\/fr\\\/boutique\\\/\"},{\"@type\":\"ListItem\",\"position\":3,\"name\":\"SYST\u00c8ME POUR L\u2019\u00c9TUDE DES PILES \u00c0 COMBUSTIBLE\"}]},{\"@type\":\"WebSite\",\"@id\":\"https:\\\/\\\/delorenzoglobal.com\\\/fr\\\/#website\",\"url\":\"https:\\\/\\\/delorenzoglobal.com\\\/fr\\\/\",\"name\":\"De Lorenzo Training &amp; Didactical Equipment\",\"description\":\"\",\"potentialAction\":[{\"@type\":\"SearchAction\",\"target\":{\"@type\":\"EntryPoint\",\"urlTemplate\":\"https:\\\/\\\/delorenzoglobal.com\\\/fr\\\/?s={search_term_string}\"},\"query-input\":{\"@type\":\"PropertyValueSpecification\",\"valueRequired\":true,\"valueName\":\"search_term_string\"}}],\"inLanguage\":\"fr-FR\"}]}<\/script>\n<!-- \/ Yoast SEO plugin. -->","yoast_head_json":{"title":"SYST\u00c8ME POUR L\u2019\u00c9TUDE DES PILES \u00c0 COMBUSTIBLE - De Lorenzo Training &amp; Didactical Equipment","description":"Banc didactique pour l\u2019\u00e9tude des syst\u00e8mes de piles \u00e0 combustible. S\u00fbr et facile \u00e0 utiliser, avec logiciel, manuel et exp\u00e9riences p\u00e9dagogiques.","robots":{"index":"index","follow":"follow","max-snippet":"max-snippet:-1","max-image-preview":"max-image-preview:large","max-video-preview":"max-video-preview:-1"},"canonical":"https:\/\/delorenzoglobal.com\/fr\/produit\/systeme-pour-letude-des-piles-a-combustible-2\/","og_locale":"fr_FR","og_type":"article","og_title":"SYST\u00c8ME POUR L\u2019\u00c9TUDE DES PILES \u00c0 COMBUSTIBLE - De Lorenzo Training &amp; Didactical Equipment","og_description":"Banc didactique pour l\u2019\u00e9tude des syst\u00e8mes de piles \u00e0 combustible. S\u00fbr et facile \u00e0 utiliser, avec logiciel, manuel et exp\u00e9riences p\u00e9dagogiques.","og_url":"https:\/\/delorenzoglobal.com\/fr\/produit\/systeme-pour-letude-des-piles-a-combustible-2\/","og_site_name":"De Lorenzo Training &amp; Didactical Equipment","article_modified_time":"2026-02-04T13:02:16+00:00","og_image":[{"width":2560,"height":1735,"url":"https:\/\/delorenzoglobal.com\/wp-content\/uploads\/2024\/04\/DL-HYDROGEN-B-1-scaled.jpg","type":"image\/jpeg"}],"twitter_card":"summary_large_image","twitter_misc":{"Dur\u00e9e de lecture estim\u00e9e":"1 minute"},"schema":{"@context":"https:\/\/schema.org","@graph":[{"@type":"WebPage","@id":"https:\/\/delorenzoglobal.com\/fr\/produit\/systeme-pour-letude-des-piles-a-combustible-2\/","url":"https:\/\/delorenzoglobal.com\/fr\/produit\/systeme-pour-letude-des-piles-a-combustible-2\/","name":"SYST\u00c8ME POUR L\u2019\u00c9TUDE DES PILES \u00c0 COMBUSTIBLE - De Lorenzo Training &amp; Didactical Equipment","isPartOf":{"@id":"https:\/\/delorenzoglobal.com\/fr\/#website"},"primaryImageOfPage":{"@id":"https:\/\/delorenzoglobal.com\/fr\/produit\/systeme-pour-letude-des-piles-a-combustible-2\/#primaryimage"},"image":{"@id":"https:\/\/delorenzoglobal.com\/fr\/produit\/systeme-pour-letude-des-piles-a-combustible-2\/#primaryimage"},"thumbnailUrl":"https:\/\/delorenzoglobal.com\/wp-content\/uploads\/2024\/04\/DL-HYDROGEN-B-1-scaled.jpg","datePublished":"2024-04-11T09:26:26+00:00","dateModified":"2026-02-04T13:02:16+00:00","description":"Banc didactique pour l\u2019\u00e9tude des syst\u00e8mes de piles \u00e0 combustible. S\u00fbr et facile \u00e0 utiliser, avec logiciel, manuel et exp\u00e9riences p\u00e9dagogiques.","breadcrumb":{"@id":"https:\/\/delorenzoglobal.com\/fr\/produit\/systeme-pour-letude-des-piles-a-combustible-2\/#breadcrumb"},"inLanguage":"fr-FR","potentialAction":[{"@type":"ReadAction","target":["https:\/\/delorenzoglobal.com\/fr\/produit\/systeme-pour-letude-des-piles-a-combustible-2\/"]}]},{"@type":"ImageObject","inLanguage":"fr-FR","@id":"https:\/\/delorenzoglobal.com\/fr\/produit\/systeme-pour-letude-des-piles-a-combustible-2\/#primaryimage","url":"https:\/\/delorenzoglobal.com\/wp-content\/uploads\/2024\/04\/DL-HYDROGEN-B-1-scaled.jpg","contentUrl":"https:\/\/delorenzoglobal.com\/wp-content\/uploads\/2024\/04\/DL-HYDROGEN-B-1-scaled.jpg","width":2560,"height":1735},{"@type":"BreadcrumbList","@id":"https:\/\/delorenzoglobal.com\/fr\/produit\/systeme-pour-letude-des-piles-a-combustible-2\/#breadcrumb","itemListElement":[{"@type":"ListItem","position":1,"name":"Home","item":"https:\/\/delorenzoglobal.com\/fr\/"},{"@type":"ListItem","position":2,"name":"Boutique","item":"https:\/\/delorenzoglobal.com\/fr\/boutique\/"},{"@type":"ListItem","position":3,"name":"SYST\u00c8ME POUR L\u2019\u00c9TUDE DES PILES \u00c0 COMBUSTIBLE"}]},{"@type":"WebSite","@id":"https:\/\/delorenzoglobal.com\/fr\/#website","url":"https:\/\/delorenzoglobal.com\/fr\/","name":"De Lorenzo Training &amp; Didactical Equipment","description":"","potentialAction":[{"@type":"SearchAction","target":{"@type":"EntryPoint","urlTemplate":"https:\/\/delorenzoglobal.com\/fr\/?s={search_term_string}"},"query-input":{"@type":"PropertyValueSpecification","valueRequired":true,"valueName":"search_term_string"}}],"inLanguage":"fr-FR"}]}},"_links":{"self":[{"href":"https:\/\/delorenzoglobal.com\/fr\/wp-json\/wp\/v2\/product\/4145","targetHints":{"allow":["GET"]}}],"collection":[{"href":"https:\/\/delorenzoglobal.com\/fr\/wp-json\/wp\/v2\/product"}],"about":[{"href":"https:\/\/delorenzoglobal.com\/fr\/wp-json\/wp\/v2\/types\/product"}],"wp:featuredmedia":[{"embeddable":true,"href":"https:\/\/delorenzoglobal.com\/fr\/wp-json\/wp\/v2\/media\/68066"}],"wp:attachment":[{"href":"https:\/\/delorenzoglobal.com\/fr\/wp-json\/wp\/v2\/media?parent=4145"}],"wp:term":[{"taxonomy":"product_brand","embeddable":true,"href":"https:\/\/delorenzoglobal.com\/fr\/wp-json\/wp\/v2\/product_brand?post=4145"},{"taxonomy":"product_cat","embeddable":true,"href":"https:\/\/delorenzoglobal.com\/fr\/wp-json\/wp\/v2\/product_cat?post=4145"},{"taxonomy":"product_tag","embeddable":true,"href":"https:\/\/delorenzoglobal.com\/fr\/wp-json\/wp\/v2\/product_tag?post=4145"}],"curies":[{"name":"wp","href":"https:\/\/api.w.org\/{rel}","templated":true}]}}