{"id":4110,"date":"2024-04-11T11:16:30","date_gmt":"2024-04-11T09:16:30","guid":{"rendered":"https:\/\/delorenzoglobal.com\/?post_type=product&#038;p=4110"},"modified":"2025-04-29T11:06:27","modified_gmt":"2025-04-29T09:06:27","slug":"systeme-pour-letude-des-piles-a-combustible","status":"publish","type":"product","link":"https:\/\/delorenzoglobal.com\/fr\/produit\/systeme-pour-letude-des-piles-a-combustible\/","title":{"rendered":"SYST\u00c8ME POUR L\u2019\u00c9TUDE DES PILES \u00c0 COMBUSTIBLE \u00c0 HYDROG\u00c8NE"},"content":{"rendered":"<p>Le syst\u00e8me<strong> DL HYDROGEN-GREEN<\/strong> a \u00e9t\u00e9 cr\u00e9\u00e9 pour montrer comment produire de l&rsquo;hydrog\u00e8ne et par cons\u00e9quent de l&rsquo;\u00e9nergie \u00e0 partir d&rsquo;une source renouvelable comme l&rsquo;\u00e9nergie solaire.<\/p>\n","protected":false},"excerpt":{"rendered":"<p>Le syst\u00e8me DL HYDROGEN-GREEN a \u00e9t\u00e9 cr\u00e9\u00e9 pour montrer comment produire de l&rsquo;hydrog\u00e8ne et par cons\u00e9quent de l&rsquo;\u00e9nergie \u00e0 partir d&rsquo;une source renouvelable comme l&rsquo;\u00e9nergie solaire.<\/p>\n","protected":false},"featured_media":19432,"template":"","meta":{"_acf_changed":false},"product_brand":[],"product_cat":[253],"product_tag":[],"class_list":{"0":"post-4110","1":"product","2":"type-product","3":"status-publish","4":"has-post-thumbnail","6":"product_cat-pile-a-combustible","8":"first","9":"instock","10":"shipping-taxable","11":"product-type-simple"},"acf":[],"yoast_head":"<!-- This site is optimized with the Yoast SEO plugin v27.4 - https:\/\/yoast.com\/product\/yoast-seo-wordpress\/ -->\n<title>SYST\u00c8ME POUR L\u2019\u00c9TUDE DES PILES \u00c0 COMBUSTIBLE \u00c0 HYDROG\u00c8NE - De Lorenzo Training &amp; Didactical Equipment<\/title>\n<meta name=\"robots\" content=\"index, follow, max-snippet:-1, max-image-preview:large, max-video-preview:-1\" \/>\n<link rel=\"canonical\" href=\"https:\/\/delorenzoglobal.com\/fr\/produit\/systeme-pour-letude-des-piles-a-combustible\/\" \/>\n<meta property=\"og:locale\" content=\"fr_FR\" \/>\n<meta property=\"og:type\" content=\"article\" \/>\n<meta property=\"og:title\" content=\"SYST\u00c8ME POUR L\u2019\u00c9TUDE DES PILES \u00c0 COMBUSTIBLE \u00c0 HYDROG\u00c8NE - De Lorenzo Training &amp; Didactical Equipment\" \/>\n<meta property=\"og:description\" content=\"Le syst\u00e8me DL HYDROGEN-GREEN a \u00e9t\u00e9 cr\u00e9\u00e9 pour montrer comment produire de l&rsquo;hydrog\u00e8ne et par cons\u00e9quent de l&rsquo;\u00e9nergie \u00e0 partir d&rsquo;une source renouvelable comme l&rsquo;\u00e9nergie solaire.\" \/>\n<meta property=\"og:url\" content=\"https:\/\/delorenzoglobal.com\/fr\/produit\/systeme-pour-letude-des-piles-a-combustible\/\" \/>\n<meta property=\"og:site_name\" content=\"De Lorenzo Training &amp; Didactical Equipment\" \/>\n<meta property=\"article:modified_time\" content=\"2025-04-29T09:06:27+00:00\" \/>\n<meta property=\"og:image\" content=\"https:\/\/delorenzoglobal.com\/wp-content\/uploads\/2024\/04\/DL-HYDROGEN-A-xs.jpg\" \/>\n\t<meta property=\"og:image:width\" content=\"1810\" \/>\n\t<meta property=\"og:image:height\" content=\"788\" \/>\n\t<meta property=\"og:image:type\" content=\"image\/jpeg\" \/>\n<meta name=\"twitter:card\" content=\"summary_large_image\" \/>\n<meta name=\"twitter:label1\" content=\"Dur\u00e9e de lecture estim\u00e9e\" \/>\n\t<meta name=\"twitter:data1\" content=\"1 minute\" \/>\n<script type=\"application\/ld+json\" class=\"yoast-schema-graph\">{\"@context\":\"https:\\\/\\\/schema.org\",\"@graph\":[{\"@type\":\"WebPage\",\"@id\":\"https:\\\/\\\/delorenzoglobal.com\\\/fr\\\/produit\\\/systeme-pour-letude-des-piles-a-combustible\\\/\",\"url\":\"https:\\\/\\\/delorenzoglobal.com\\\/fr\\\/produit\\\/systeme-pour-letude-des-piles-a-combustible\\\/\",\"name\":\"SYST\u00c8ME POUR L\u2019\u00c9TUDE DES PILES \u00c0 COMBUSTIBLE \u00c0 HYDROG\u00c8NE - De Lorenzo Training &amp; Didactical Equipment\",\"isPartOf\":{\"@id\":\"https:\\\/\\\/delorenzoglobal.com\\\/fr\\\/#website\"},\"primaryImageOfPage\":{\"@id\":\"https:\\\/\\\/delorenzoglobal.com\\\/fr\\\/produit\\\/systeme-pour-letude-des-piles-a-combustible\\\/#primaryimage\"},\"image\":{\"@id\":\"https:\\\/\\\/delorenzoglobal.com\\\/fr\\\/produit\\\/systeme-pour-letude-des-piles-a-combustible\\\/#primaryimage\"},\"thumbnailUrl\":\"https:\\\/\\\/delorenzoglobal.com\\\/wp-content\\\/uploads\\\/2024\\\/04\\\/DL-HYDROGEN-A-xs.jpg\",\"datePublished\":\"2024-04-11T09:16:30+00:00\",\"dateModified\":\"2025-04-29T09:06:27+00:00\",\"breadcrumb\":{\"@id\":\"https:\\\/\\\/delorenzoglobal.com\\\/fr\\\/produit\\\/systeme-pour-letude-des-piles-a-combustible\\\/#breadcrumb\"},\"inLanguage\":\"fr-FR\",\"potentialAction\":[{\"@type\":\"ReadAction\",\"target\":[\"https:\\\/\\\/delorenzoglobal.com\\\/fr\\\/produit\\\/systeme-pour-letude-des-piles-a-combustible\\\/\"]}]},{\"@type\":\"ImageObject\",\"inLanguage\":\"fr-FR\",\"@id\":\"https:\\\/\\\/delorenzoglobal.com\\\/fr\\\/produit\\\/systeme-pour-letude-des-piles-a-combustible\\\/#primaryimage\",\"url\":\"https:\\\/\\\/delorenzoglobal.com\\\/wp-content\\\/uploads\\\/2024\\\/04\\\/DL-HYDROGEN-A-xs.jpg\",\"contentUrl\":\"https:\\\/\\\/delorenzoglobal.com\\\/wp-content\\\/uploads\\\/2024\\\/04\\\/DL-HYDROGEN-A-xs.jpg\",\"width\":1810,\"height\":788},{\"@type\":\"BreadcrumbList\",\"@id\":\"https:\\\/\\\/delorenzoglobal.com\\\/fr\\\/produit\\\/systeme-pour-letude-des-piles-a-combustible\\\/#breadcrumb\",\"itemListElement\":[{\"@type\":\"ListItem\",\"position\":1,\"name\":\"Home\",\"item\":\"https:\\\/\\\/delorenzoglobal.com\\\/fr\\\/\"},{\"@type\":\"ListItem\",\"position\":2,\"name\":\"Boutique\",\"item\":\"https:\\\/\\\/delorenzoglobal.com\\\/fr\\\/boutique\\\/\"},{\"@type\":\"ListItem\",\"position\":3,\"name\":\"SYST\u00c8ME POUR L\u2019\u00c9TUDE DES PILES \u00c0 COMBUSTIBLE \u00c0 HYDROG\u00c8NE\"}]},{\"@type\":\"WebSite\",\"@id\":\"https:\\\/\\\/delorenzoglobal.com\\\/fr\\\/#website\",\"url\":\"https:\\\/\\\/delorenzoglobal.com\\\/fr\\\/\",\"name\":\"De Lorenzo Training &amp; Didactical Equipment\",\"description\":\"\",\"potentialAction\":[{\"@type\":\"SearchAction\",\"target\":{\"@type\":\"EntryPoint\",\"urlTemplate\":\"https:\\\/\\\/delorenzoglobal.com\\\/fr\\\/?s={search_term_string}\"},\"query-input\":{\"@type\":\"PropertyValueSpecification\",\"valueRequired\":true,\"valueName\":\"search_term_string\"}}],\"inLanguage\":\"fr-FR\"}]}<\/script>\n<!-- \/ Yoast SEO plugin. -->","yoast_head_json":{"title":"SYST\u00c8ME POUR L\u2019\u00c9TUDE DES PILES \u00c0 COMBUSTIBLE \u00c0 HYDROG\u00c8NE - De Lorenzo Training &amp; Didactical Equipment","robots":{"index":"index","follow":"follow","max-snippet":"max-snippet:-1","max-image-preview":"max-image-preview:large","max-video-preview":"max-video-preview:-1"},"canonical":"https:\/\/delorenzoglobal.com\/fr\/produit\/systeme-pour-letude-des-piles-a-combustible\/","og_locale":"fr_FR","og_type":"article","og_title":"SYST\u00c8ME POUR L\u2019\u00c9TUDE DES PILES \u00c0 COMBUSTIBLE \u00c0 HYDROG\u00c8NE - De Lorenzo Training &amp; Didactical Equipment","og_description":"Le syst\u00e8me DL HYDROGEN-GREEN a \u00e9t\u00e9 cr\u00e9\u00e9 pour montrer comment produire de l&rsquo;hydrog\u00e8ne et par cons\u00e9quent de l&rsquo;\u00e9nergie \u00e0 partir d&rsquo;une source renouvelable comme l&rsquo;\u00e9nergie solaire.","og_url":"https:\/\/delorenzoglobal.com\/fr\/produit\/systeme-pour-letude-des-piles-a-combustible\/","og_site_name":"De Lorenzo Training &amp; Didactical Equipment","article_modified_time":"2025-04-29T09:06:27+00:00","og_image":[{"width":1810,"height":788,"url":"https:\/\/delorenzoglobal.com\/wp-content\/uploads\/2024\/04\/DL-HYDROGEN-A-xs.jpg","type":"image\/jpeg"}],"twitter_card":"summary_large_image","twitter_misc":{"Dur\u00e9e de lecture estim\u00e9e":"1 minute"},"schema":{"@context":"https:\/\/schema.org","@graph":[{"@type":"WebPage","@id":"https:\/\/delorenzoglobal.com\/fr\/produit\/systeme-pour-letude-des-piles-a-combustible\/","url":"https:\/\/delorenzoglobal.com\/fr\/produit\/systeme-pour-letude-des-piles-a-combustible\/","name":"SYST\u00c8ME POUR L\u2019\u00c9TUDE DES PILES \u00c0 COMBUSTIBLE \u00c0 HYDROG\u00c8NE - De Lorenzo Training &amp; Didactical Equipment","isPartOf":{"@id":"https:\/\/delorenzoglobal.com\/fr\/#website"},"primaryImageOfPage":{"@id":"https:\/\/delorenzoglobal.com\/fr\/produit\/systeme-pour-letude-des-piles-a-combustible\/#primaryimage"},"image":{"@id":"https:\/\/delorenzoglobal.com\/fr\/produit\/systeme-pour-letude-des-piles-a-combustible\/#primaryimage"},"thumbnailUrl":"https:\/\/delorenzoglobal.com\/wp-content\/uploads\/2024\/04\/DL-HYDROGEN-A-xs.jpg","datePublished":"2024-04-11T09:16:30+00:00","dateModified":"2025-04-29T09:06:27+00:00","breadcrumb":{"@id":"https:\/\/delorenzoglobal.com\/fr\/produit\/systeme-pour-letude-des-piles-a-combustible\/#breadcrumb"},"inLanguage":"fr-FR","potentialAction":[{"@type":"ReadAction","target":["https:\/\/delorenzoglobal.com\/fr\/produit\/systeme-pour-letude-des-piles-a-combustible\/"]}]},{"@type":"ImageObject","inLanguage":"fr-FR","@id":"https:\/\/delorenzoglobal.com\/fr\/produit\/systeme-pour-letude-des-piles-a-combustible\/#primaryimage","url":"https:\/\/delorenzoglobal.com\/wp-content\/uploads\/2024\/04\/DL-HYDROGEN-A-xs.jpg","contentUrl":"https:\/\/delorenzoglobal.com\/wp-content\/uploads\/2024\/04\/DL-HYDROGEN-A-xs.jpg","width":1810,"height":788},{"@type":"BreadcrumbList","@id":"https:\/\/delorenzoglobal.com\/fr\/produit\/systeme-pour-letude-des-piles-a-combustible\/#breadcrumb","itemListElement":[{"@type":"ListItem","position":1,"name":"Home","item":"https:\/\/delorenzoglobal.com\/fr\/"},{"@type":"ListItem","position":2,"name":"Boutique","item":"https:\/\/delorenzoglobal.com\/fr\/boutique\/"},{"@type":"ListItem","position":3,"name":"SYST\u00c8ME POUR L\u2019\u00c9TUDE DES PILES \u00c0 COMBUSTIBLE \u00c0 HYDROG\u00c8NE"}]},{"@type":"WebSite","@id":"https:\/\/delorenzoglobal.com\/fr\/#website","url":"https:\/\/delorenzoglobal.com\/fr\/","name":"De Lorenzo Training &amp; Didactical Equipment","description":"","potentialAction":[{"@type":"SearchAction","target":{"@type":"EntryPoint","urlTemplate":"https:\/\/delorenzoglobal.com\/fr\/?s={search_term_string}"},"query-input":{"@type":"PropertyValueSpecification","valueRequired":true,"valueName":"search_term_string"}}],"inLanguage":"fr-FR"}]}},"_links":{"self":[{"href":"https:\/\/delorenzoglobal.com\/fr\/wp-json\/wp\/v2\/product\/4110","targetHints":{"allow":["GET"]}}],"collection":[{"href":"https:\/\/delorenzoglobal.com\/fr\/wp-json\/wp\/v2\/product"}],"about":[{"href":"https:\/\/delorenzoglobal.com\/fr\/wp-json\/wp\/v2\/types\/product"}],"wp:featuredmedia":[{"embeddable":true,"href":"https:\/\/delorenzoglobal.com\/fr\/wp-json\/wp\/v2\/media\/19432"}],"wp:attachment":[{"href":"https:\/\/delorenzoglobal.com\/fr\/wp-json\/wp\/v2\/media?parent=4110"}],"wp:term":[{"taxonomy":"product_brand","embeddable":true,"href":"https:\/\/delorenzoglobal.com\/fr\/wp-json\/wp\/v2\/product_brand?post=4110"},{"taxonomy":"product_cat","embeddable":true,"href":"https:\/\/delorenzoglobal.com\/fr\/wp-json\/wp\/v2\/product_cat?post=4110"},{"taxonomy":"product_tag","embeddable":true,"href":"https:\/\/delorenzoglobal.com\/fr\/wp-json\/wp\/v2\/product_tag?post=4110"}],"curies":[{"name":"wp","href":"https:\/\/api.w.org\/{rel}","templated":true}]}}