{"id":410,"date":"2024-03-27T12:04:24","date_gmt":"2024-03-27T11:04:24","guid":{"rendered":"https:\/\/delorenzoglobal.com\/?post_type=product&#038;p=410"},"modified":"2025-04-22T14:06:36","modified_gmt":"2025-04-22T12:06:36","slug":"systemes-dequipement-pour-letude-de-lindustrie-4-0","status":"publish","type":"product","link":"https:\/\/delorenzoglobal.com\/fr\/produit\/systemes-dequipement-pour-letude-de-lindustrie-4-0\/","title":{"rendered":"SYST\u00c8MES D&rsquo;\u00c9QUIPEMENT POUR L&rsquo;\u00c9TUDE DE  L&rsquo;INDUSTRIE 4.0"},"content":{"rendered":"<p>La solution de De Lorenzo cr\u00e9e un environnement collaboratif pour \u00e9tudier les concepts li\u00e9s \u00e0 l&rsquo;industrie 4.0, int\u00e9grant des sous-syst\u00e8mes \u00e0 petite \u00e9chelle qui sont g\u00e9n\u00e9ralement pr\u00e9sents dans une usine de fabrication.<\/p>\n<p>Le formateur est compos\u00e9 d&rsquo;un ensemble de cartes \u00e9lectroniques et d&rsquo;un simulateur permettant d&rsquo;\u00e9tudier diff\u00e9rents sous-syst\u00e8mes. En utilisant un microcontr\u00f4leur Arduino open source connect\u00e9 \u00e0 un logiciel de supervision SCADA pour l&rsquo;acquisition de donn\u00e9es et le contr\u00f4le du syst\u00e8me, les \u00e9tudiants pourront effectuer des traveaux pratiques couvrant des sujets allant de l&rsquo;introduction \u00e0 l&rsquo;automatisation et \u00e0 la robotique, aux protocoles de communication (IOT), aux capteurs et actionneurs jusqu&rsquo;\u00e0 l&rsquo;\u00e9tude compl\u00e8te d&rsquo;un processus de production. Le formateur se compose de 4 sous-syst\u00e8mes.<\/p>\n<p>Chacun d&rsquo;entre eux peut \u00eatre \u00e9tudi\u00e9 ind\u00e9pendamment pour mener des pratiques couvrant des sujets allant du fonctionnement des capteurs et des actionneurs \u00e0 l&rsquo;introduction de l&rsquo;automatisation et de la robotique, ou \u00eatre reli\u00e9 pour la simulation d&rsquo;une cha\u00eene de production industrielle plus complexe 4.0. L&rsquo;\u00e9tudiant peut acqu\u00e9rir et analyser les donn\u00e9es g\u00e9n\u00e9r\u00e9es par les interactions entre les stations afin de g\u00e9rer et d&rsquo;optimiser l&rsquo;ensemble du processus industriel.<\/p>\n","protected":false},"excerpt":{"rendered":"<p>La solution de De Lorenzo cr\u00e9e un environnement collaboratif pour \u00e9tudier les concepts li\u00e9s \u00e0 l&rsquo;industrie 4.0, int\u00e9grant des sous-syst\u00e8mes \u00e0 petite \u00e9chelle qui sont g\u00e9n\u00e9ralement pr\u00e9sents dans une usine de fabrication. Le formateur est compos\u00e9 d&rsquo;un ensemble de cartes \u00e9lectroniques et d&rsquo;un simulateur permettant d&rsquo;\u00e9tudier diff\u00e9rents sous-syst\u00e8mes. En utilisant un microcontr\u00f4leur Arduino open source [&hellip;]<\/p>\n","protected":false},"featured_media":403,"template":"","meta":{"_acf_changed":false},"product_brand":[],"product_cat":[148],"product_tag":[],"class_list":{"0":"post-410","1":"product","2":"type-product","3":"status-publish","4":"has-post-thumbnail","6":"product_cat-usine-intelligente","8":"first","9":"instock","10":"shipping-taxable","11":"product-type-simple"},"acf":[],"yoast_head":"<!-- This site is optimized with the Yoast SEO plugin v27.4 - https:\/\/yoast.com\/product\/yoast-seo-wordpress\/ -->\n<title>SYST\u00c8MES D&#039;\u00c9QUIPEMENT POUR L&#039;\u00c9TUDE DE L&#039;INDUSTRIE 4.0 - De Lorenzo Training &amp; Didactical Equipment<\/title>\n<meta name=\"robots\" content=\"index, follow, max-snippet:-1, max-image-preview:large, max-video-preview:-1\" \/>\n<link rel=\"canonical\" href=\"https:\/\/delorenzoglobal.com\/fr\/produit\/systemes-dequipement-pour-letude-de-lindustrie-4-0\/\" \/>\n<meta property=\"og:locale\" content=\"fr_FR\" \/>\n<meta property=\"og:type\" content=\"article\" \/>\n<meta property=\"og:title\" content=\"SYST\u00c8MES D&#039;\u00c9QUIPEMENT POUR L&#039;\u00c9TUDE DE L&#039;INDUSTRIE 4.0 - De Lorenzo Training &amp; Didactical Equipment\" \/>\n<meta property=\"og:description\" content=\"La solution de De Lorenzo cr\u00e9e un environnement collaboratif pour \u00e9tudier les concepts li\u00e9s \u00e0 l&rsquo;industrie 4.0, int\u00e9grant des sous-syst\u00e8mes \u00e0 petite \u00e9chelle qui sont g\u00e9n\u00e9ralement pr\u00e9sents dans une usine de fabrication. Le formateur est compos\u00e9 d&rsquo;un ensemble de cartes \u00e9lectroniques et d&rsquo;un simulateur permettant d&rsquo;\u00e9tudier diff\u00e9rents sous-syst\u00e8mes. En utilisant un microcontr\u00f4leur Arduino open source [&hellip;]\" \/>\n<meta property=\"og:url\" content=\"https:\/\/delorenzoglobal.com\/fr\/produit\/systemes-dequipement-pour-letude-de-lindustrie-4-0\/\" \/>\n<meta property=\"og:site_name\" content=\"De Lorenzo Training &amp; Didactical Equipment\" \/>\n<meta property=\"article:modified_time\" content=\"2025-04-22T12:06:36+00:00\" \/>\n<meta property=\"og:image\" content=\"https:\/\/delorenzoglobal.com\/wp-content\/uploads\/2024\/03\/DL-I4.0-FACTORY-scaled.jpg\" \/>\n\t<meta property=\"og:image:width\" content=\"2560\" \/>\n\t<meta property=\"og:image:height\" content=\"1709\" \/>\n\t<meta property=\"og:image:type\" content=\"image\/jpeg\" \/>\n<meta name=\"twitter:card\" content=\"summary_large_image\" \/>\n<meta name=\"twitter:label1\" content=\"Dur\u00e9e de lecture estim\u00e9e\" \/>\n\t<meta name=\"twitter:data1\" content=\"2 minutes\" \/>\n<script type=\"application\/ld+json\" class=\"yoast-schema-graph\">{\"@context\":\"https:\\\/\\\/schema.org\",\"@graph\":[{\"@type\":\"WebPage\",\"@id\":\"https:\\\/\\\/delorenzoglobal.com\\\/fr\\\/produit\\\/systemes-dequipement-pour-letude-de-lindustrie-4-0\\\/\",\"url\":\"https:\\\/\\\/delorenzoglobal.com\\\/fr\\\/produit\\\/systemes-dequipement-pour-letude-de-lindustrie-4-0\\\/\",\"name\":\"SYST\u00c8MES D'\u00c9QUIPEMENT POUR L'\u00c9TUDE DE L'INDUSTRIE 4.0 - De Lorenzo Training &amp; Didactical Equipment\",\"isPartOf\":{\"@id\":\"https:\\\/\\\/delorenzoglobal.com\\\/fr\\\/#website\"},\"primaryImageOfPage\":{\"@id\":\"https:\\\/\\\/delorenzoglobal.com\\\/fr\\\/produit\\\/systemes-dequipement-pour-letude-de-lindustrie-4-0\\\/#primaryimage\"},\"image\":{\"@id\":\"https:\\\/\\\/delorenzoglobal.com\\\/fr\\\/produit\\\/systemes-dequipement-pour-letude-de-lindustrie-4-0\\\/#primaryimage\"},\"thumbnailUrl\":\"https:\\\/\\\/delorenzoglobal.com\\\/wp-content\\\/uploads\\\/2024\\\/03\\\/DL-I4.0-FACTORY-scaled.jpg\",\"datePublished\":\"2024-03-27T11:04:24+00:00\",\"dateModified\":\"2025-04-22T12:06:36+00:00\",\"breadcrumb\":{\"@id\":\"https:\\\/\\\/delorenzoglobal.com\\\/fr\\\/produit\\\/systemes-dequipement-pour-letude-de-lindustrie-4-0\\\/#breadcrumb\"},\"inLanguage\":\"fr-FR\",\"potentialAction\":[{\"@type\":\"ReadAction\",\"target\":[\"https:\\\/\\\/delorenzoglobal.com\\\/fr\\\/produit\\\/systemes-dequipement-pour-letude-de-lindustrie-4-0\\\/\"]}]},{\"@type\":\"ImageObject\",\"inLanguage\":\"fr-FR\",\"@id\":\"https:\\\/\\\/delorenzoglobal.com\\\/fr\\\/produit\\\/systemes-dequipement-pour-letude-de-lindustrie-4-0\\\/#primaryimage\",\"url\":\"https:\\\/\\\/delorenzoglobal.com\\\/wp-content\\\/uploads\\\/2024\\\/03\\\/DL-I4.0-FACTORY-scaled.jpg\",\"contentUrl\":\"https:\\\/\\\/delorenzoglobal.com\\\/wp-content\\\/uploads\\\/2024\\\/03\\\/DL-I4.0-FACTORY-scaled.jpg\",\"width\":2560,\"height\":1709},{\"@type\":\"BreadcrumbList\",\"@id\":\"https:\\\/\\\/delorenzoglobal.com\\\/fr\\\/produit\\\/systemes-dequipement-pour-letude-de-lindustrie-4-0\\\/#breadcrumb\",\"itemListElement\":[{\"@type\":\"ListItem\",\"position\":1,\"name\":\"Home\",\"item\":\"https:\\\/\\\/delorenzoglobal.com\\\/fr\\\/\"},{\"@type\":\"ListItem\",\"position\":2,\"name\":\"Boutique\",\"item\":\"https:\\\/\\\/delorenzoglobal.com\\\/fr\\\/boutique\\\/\"},{\"@type\":\"ListItem\",\"position\":3,\"name\":\"SYST\u00c8MES D&#8217;\u00c9QUIPEMENT POUR L&#8217;\u00c9TUDE DE L&#8217;INDUSTRIE 4.0\"}]},{\"@type\":\"WebSite\",\"@id\":\"https:\\\/\\\/delorenzoglobal.com\\\/fr\\\/#website\",\"url\":\"https:\\\/\\\/delorenzoglobal.com\\\/fr\\\/\",\"name\":\"De Lorenzo Training &amp; Didactical Equipment\",\"description\":\"\",\"potentialAction\":[{\"@type\":\"SearchAction\",\"target\":{\"@type\":\"EntryPoint\",\"urlTemplate\":\"https:\\\/\\\/delorenzoglobal.com\\\/fr\\\/?s={search_term_string}\"},\"query-input\":{\"@type\":\"PropertyValueSpecification\",\"valueRequired\":true,\"valueName\":\"search_term_string\"}}],\"inLanguage\":\"fr-FR\"}]}<\/script>\n<!-- \/ Yoast SEO plugin. -->","yoast_head_json":{"title":"SYST\u00c8MES D'\u00c9QUIPEMENT POUR L'\u00c9TUDE DE L'INDUSTRIE 4.0 - De Lorenzo Training &amp; Didactical Equipment","robots":{"index":"index","follow":"follow","max-snippet":"max-snippet:-1","max-image-preview":"max-image-preview:large","max-video-preview":"max-video-preview:-1"},"canonical":"https:\/\/delorenzoglobal.com\/fr\/produit\/systemes-dequipement-pour-letude-de-lindustrie-4-0\/","og_locale":"fr_FR","og_type":"article","og_title":"SYST\u00c8MES D'\u00c9QUIPEMENT POUR L'\u00c9TUDE DE L'INDUSTRIE 4.0 - De Lorenzo Training &amp; Didactical Equipment","og_description":"La solution de De Lorenzo cr\u00e9e un environnement collaboratif pour \u00e9tudier les concepts li\u00e9s \u00e0 l&rsquo;industrie 4.0, int\u00e9grant des sous-syst\u00e8mes \u00e0 petite \u00e9chelle qui sont g\u00e9n\u00e9ralement pr\u00e9sents dans une usine de fabrication. Le formateur est compos\u00e9 d&rsquo;un ensemble de cartes \u00e9lectroniques et d&rsquo;un simulateur permettant d&rsquo;\u00e9tudier diff\u00e9rents sous-syst\u00e8mes. En utilisant un microcontr\u00f4leur Arduino open source [&hellip;]","og_url":"https:\/\/delorenzoglobal.com\/fr\/produit\/systemes-dequipement-pour-letude-de-lindustrie-4-0\/","og_site_name":"De Lorenzo Training &amp; Didactical Equipment","article_modified_time":"2025-04-22T12:06:36+00:00","og_image":[{"width":2560,"height":1709,"url":"https:\/\/delorenzoglobal.com\/wp-content\/uploads\/2024\/03\/DL-I4.0-FACTORY-scaled.jpg","type":"image\/jpeg"}],"twitter_card":"summary_large_image","twitter_misc":{"Dur\u00e9e de lecture estim\u00e9e":"2 minutes"},"schema":{"@context":"https:\/\/schema.org","@graph":[{"@type":"WebPage","@id":"https:\/\/delorenzoglobal.com\/fr\/produit\/systemes-dequipement-pour-letude-de-lindustrie-4-0\/","url":"https:\/\/delorenzoglobal.com\/fr\/produit\/systemes-dequipement-pour-letude-de-lindustrie-4-0\/","name":"SYST\u00c8MES D'\u00c9QUIPEMENT POUR L'\u00c9TUDE DE L'INDUSTRIE 4.0 - De Lorenzo Training &amp; Didactical Equipment","isPartOf":{"@id":"https:\/\/delorenzoglobal.com\/fr\/#website"},"primaryImageOfPage":{"@id":"https:\/\/delorenzoglobal.com\/fr\/produit\/systemes-dequipement-pour-letude-de-lindustrie-4-0\/#primaryimage"},"image":{"@id":"https:\/\/delorenzoglobal.com\/fr\/produit\/systemes-dequipement-pour-letude-de-lindustrie-4-0\/#primaryimage"},"thumbnailUrl":"https:\/\/delorenzoglobal.com\/wp-content\/uploads\/2024\/03\/DL-I4.0-FACTORY-scaled.jpg","datePublished":"2024-03-27T11:04:24+00:00","dateModified":"2025-04-22T12:06:36+00:00","breadcrumb":{"@id":"https:\/\/delorenzoglobal.com\/fr\/produit\/systemes-dequipement-pour-letude-de-lindustrie-4-0\/#breadcrumb"},"inLanguage":"fr-FR","potentialAction":[{"@type":"ReadAction","target":["https:\/\/delorenzoglobal.com\/fr\/produit\/systemes-dequipement-pour-letude-de-lindustrie-4-0\/"]}]},{"@type":"ImageObject","inLanguage":"fr-FR","@id":"https:\/\/delorenzoglobal.com\/fr\/produit\/systemes-dequipement-pour-letude-de-lindustrie-4-0\/#primaryimage","url":"https:\/\/delorenzoglobal.com\/wp-content\/uploads\/2024\/03\/DL-I4.0-FACTORY-scaled.jpg","contentUrl":"https:\/\/delorenzoglobal.com\/wp-content\/uploads\/2024\/03\/DL-I4.0-FACTORY-scaled.jpg","width":2560,"height":1709},{"@type":"BreadcrumbList","@id":"https:\/\/delorenzoglobal.com\/fr\/produit\/systemes-dequipement-pour-letude-de-lindustrie-4-0\/#breadcrumb","itemListElement":[{"@type":"ListItem","position":1,"name":"Home","item":"https:\/\/delorenzoglobal.com\/fr\/"},{"@type":"ListItem","position":2,"name":"Boutique","item":"https:\/\/delorenzoglobal.com\/fr\/boutique\/"},{"@type":"ListItem","position":3,"name":"SYST\u00c8MES D&#8217;\u00c9QUIPEMENT POUR L&#8217;\u00c9TUDE DE L&#8217;INDUSTRIE 4.0"}]},{"@type":"WebSite","@id":"https:\/\/delorenzoglobal.com\/fr\/#website","url":"https:\/\/delorenzoglobal.com\/fr\/","name":"De Lorenzo Training &amp; Didactical Equipment","description":"","potentialAction":[{"@type":"SearchAction","target":{"@type":"EntryPoint","urlTemplate":"https:\/\/delorenzoglobal.com\/fr\/?s={search_term_string}"},"query-input":{"@type":"PropertyValueSpecification","valueRequired":true,"valueName":"search_term_string"}}],"inLanguage":"fr-FR"}]}},"_links":{"self":[{"href":"https:\/\/delorenzoglobal.com\/fr\/wp-json\/wp\/v2\/product\/410","targetHints":{"allow":["GET"]}}],"collection":[{"href":"https:\/\/delorenzoglobal.com\/fr\/wp-json\/wp\/v2\/product"}],"about":[{"href":"https:\/\/delorenzoglobal.com\/fr\/wp-json\/wp\/v2\/types\/product"}],"wp:featuredmedia":[{"embeddable":true,"href":"https:\/\/delorenzoglobal.com\/fr\/wp-json\/wp\/v2\/media\/403"}],"wp:attachment":[{"href":"https:\/\/delorenzoglobal.com\/fr\/wp-json\/wp\/v2\/media?parent=410"}],"wp:term":[{"taxonomy":"product_brand","embeddable":true,"href":"https:\/\/delorenzoglobal.com\/fr\/wp-json\/wp\/v2\/product_brand?post=410"},{"taxonomy":"product_cat","embeddable":true,"href":"https:\/\/delorenzoglobal.com\/fr\/wp-json\/wp\/v2\/product_cat?post=410"},{"taxonomy":"product_tag","embeddable":true,"href":"https:\/\/delorenzoglobal.com\/fr\/wp-json\/wp\/v2\/product_tag?post=410"}],"curies":[{"name":"wp","href":"https:\/\/api.w.org\/{rel}","templated":true}]}}