{"id":3994,"date":"2024-04-11T10:43:22","date_gmt":"2024-04-11T08:43:22","guid":{"rendered":"https:\/\/delorenzoglobal.com\/?post_type=product&#038;p=3994"},"modified":"2025-04-29T11:02:32","modified_gmt":"2025-04-29T09:02:32","slug":"eolienne-giromill","status":"publish","type":"product","link":"https:\/\/delorenzoglobal.com\/fr\/produit\/eolienne-giromill\/","title":{"rendered":"\u00c9OLIENNE GIROMILL"},"content":{"rendered":"<p><strong>OPTIONS : TURBINES A AXE VERTICAL<\/strong><\/p>\n<p>Cette \u00e9olienne appartient \u00e0 la cat\u00e9gorie des \u00e9oliennes \u00e0 portance.<\/p>\n<p>La portance est la force qui agit sur le profil de l\u2019aile \u00e0 cause d\u2019une diff\u00e9rence de pression, donn\u00e9e par les diff\u00e9rentes vitesses qui portent le fluide quand \u00ab\u00a0agitent\u00a0\u00bb les surfaces du profil.<\/p>\n<p>Avec l\u2019augmentation de la vitesse de rotation, la pale au vent agit comme un frein, limite et stabilise la vitesse de rotation.<\/p>\n<p>Un autre aspect important \u00e0 surveiller est li\u00e9 aux r\u00e9sistances qui s\u2019opposent au d\u00e9but du mouvement.<\/p>\n<p>En fait, il peut arriver que ces forces soient sup\u00e9rieures aux forces de rotation imprim\u00e9es par le vent sur la machine.<\/p>\n<p>C\u2019est pourquoi certaines \u00e9oliennes de ce type peuvent \u00eatre d\u00e9marr\u00e9es seulement avec vents forts ou \u00e0 travers des moteurs de d\u00e9marrage auxiliaires.<\/p>\n","protected":false},"excerpt":{"rendered":"<p>OPTIONS : TURBINES A AXE VERTICAL Cette \u00e9olienne appartient \u00e0 la cat\u00e9gorie des \u00e9oliennes \u00e0 portance. La portance est la force qui agit sur le profil de l\u2019aile \u00e0 cause d\u2019une diff\u00e9rence de pression, donn\u00e9e par les diff\u00e9rentes vitesses qui portent le fluide quand \u00ab\u00a0agitent\u00a0\u00bb les surfaces du profil. Avec l\u2019augmentation de la vitesse de [&hellip;]<\/p>\n","protected":false},"featured_media":3982,"template":"","meta":{"_acf_changed":false},"product_brand":[],"product_cat":[250],"product_tag":[],"class_list":{"0":"post-3994","1":"product","2":"type-product","3":"status-publish","4":"has-post-thumbnail","6":"product_cat-energie-eolienne","8":"first","9":"instock","10":"shipping-taxable","11":"product-type-simple"},"acf":[],"yoast_head":"<!-- This site is optimized with the Yoast SEO plugin v27.4 - https:\/\/yoast.com\/product\/yoast-seo-wordpress\/ -->\n<title>\u00c9OLIENNE GIROMILL - De Lorenzo Training &amp; Didactical Equipment<\/title>\n<meta name=\"robots\" content=\"index, follow, max-snippet:-1, max-image-preview:large, max-video-preview:-1\" \/>\n<link rel=\"canonical\" href=\"https:\/\/delorenzoglobal.com\/fr\/produit\/eolienne-giromill\/\" \/>\n<meta property=\"og:locale\" content=\"fr_FR\" \/>\n<meta property=\"og:type\" content=\"article\" \/>\n<meta property=\"og:title\" content=\"\u00c9OLIENNE GIROMILL - De Lorenzo Training &amp; Didactical Equipment\" \/>\n<meta property=\"og:description\" content=\"OPTIONS : TURBINES A AXE VERTICAL Cette \u00e9olienne appartient \u00e0 la cat\u00e9gorie des \u00e9oliennes \u00e0 portance. La portance est la force qui agit sur le profil de l\u2019aile \u00e0 cause d\u2019une diff\u00e9rence de pression, donn\u00e9e par les diff\u00e9rentes vitesses qui portent le fluide quand \u00ab\u00a0agitent\u00a0\u00bb les surfaces du profil. Avec l\u2019augmentation de la vitesse de [&hellip;]\" \/>\n<meta property=\"og:url\" content=\"https:\/\/delorenzoglobal.com\/fr\/produit\/eolienne-giromill\/\" \/>\n<meta property=\"og:site_name\" content=\"De Lorenzo Training &amp; Didactical Equipment\" \/>\n<meta property=\"article:modified_time\" content=\"2025-04-29T09:02:32+00:00\" \/>\n<meta property=\"og:image\" content=\"https:\/\/delorenzoglobal.com\/wp-content\/uploads\/2024\/04\/DL-GMLL.png\" \/>\n\t<meta property=\"og:image:width\" content=\"567\" \/>\n\t<meta property=\"og:image:height\" content=\"557\" \/>\n\t<meta property=\"og:image:type\" content=\"image\/png\" \/>\n<meta name=\"twitter:card\" content=\"summary_large_image\" \/>\n<meta name=\"twitter:label1\" content=\"Dur\u00e9e de lecture estim\u00e9e\" \/>\n\t<meta name=\"twitter:data1\" content=\"1 minute\" \/>\n<script type=\"application\/ld+json\" class=\"yoast-schema-graph\">{\"@context\":\"https:\\\/\\\/schema.org\",\"@graph\":[{\"@type\":\"WebPage\",\"@id\":\"https:\\\/\\\/delorenzoglobal.com\\\/fr\\\/produit\\\/eolienne-giromill\\\/\",\"url\":\"https:\\\/\\\/delorenzoglobal.com\\\/fr\\\/produit\\\/eolienne-giromill\\\/\",\"name\":\"\u00c9OLIENNE GIROMILL - De Lorenzo Training &amp; Didactical Equipment\",\"isPartOf\":{\"@id\":\"https:\\\/\\\/delorenzoglobal.com\\\/fr\\\/#website\"},\"primaryImageOfPage\":{\"@id\":\"https:\\\/\\\/delorenzoglobal.com\\\/fr\\\/produit\\\/eolienne-giromill\\\/#primaryimage\"},\"image\":{\"@id\":\"https:\\\/\\\/delorenzoglobal.com\\\/fr\\\/produit\\\/eolienne-giromill\\\/#primaryimage\"},\"thumbnailUrl\":\"https:\\\/\\\/delorenzoglobal.com\\\/wp-content\\\/uploads\\\/2024\\\/04\\\/DL-GMLL.png\",\"datePublished\":\"2024-04-11T08:43:22+00:00\",\"dateModified\":\"2025-04-29T09:02:32+00:00\",\"breadcrumb\":{\"@id\":\"https:\\\/\\\/delorenzoglobal.com\\\/fr\\\/produit\\\/eolienne-giromill\\\/#breadcrumb\"},\"inLanguage\":\"fr-FR\",\"potentialAction\":[{\"@type\":\"ReadAction\",\"target\":[\"https:\\\/\\\/delorenzoglobal.com\\\/fr\\\/produit\\\/eolienne-giromill\\\/\"]}]},{\"@type\":\"ImageObject\",\"inLanguage\":\"fr-FR\",\"@id\":\"https:\\\/\\\/delorenzoglobal.com\\\/fr\\\/produit\\\/eolienne-giromill\\\/#primaryimage\",\"url\":\"https:\\\/\\\/delorenzoglobal.com\\\/wp-content\\\/uploads\\\/2024\\\/04\\\/DL-GMLL.png\",\"contentUrl\":\"https:\\\/\\\/delorenzoglobal.com\\\/wp-content\\\/uploads\\\/2024\\\/04\\\/DL-GMLL.png\",\"width\":567,\"height\":557},{\"@type\":\"BreadcrumbList\",\"@id\":\"https:\\\/\\\/delorenzoglobal.com\\\/fr\\\/produit\\\/eolienne-giromill\\\/#breadcrumb\",\"itemListElement\":[{\"@type\":\"ListItem\",\"position\":1,\"name\":\"Home\",\"item\":\"https:\\\/\\\/delorenzoglobal.com\\\/fr\\\/\"},{\"@type\":\"ListItem\",\"position\":2,\"name\":\"Boutique\",\"item\":\"https:\\\/\\\/delorenzoglobal.com\\\/fr\\\/boutique\\\/\"},{\"@type\":\"ListItem\",\"position\":3,\"name\":\"\u00c9OLIENNE GIROMILL\"}]},{\"@type\":\"WebSite\",\"@id\":\"https:\\\/\\\/delorenzoglobal.com\\\/fr\\\/#website\",\"url\":\"https:\\\/\\\/delorenzoglobal.com\\\/fr\\\/\",\"name\":\"De Lorenzo Training &amp; Didactical Equipment\",\"description\":\"\",\"potentialAction\":[{\"@type\":\"SearchAction\",\"target\":{\"@type\":\"EntryPoint\",\"urlTemplate\":\"https:\\\/\\\/delorenzoglobal.com\\\/fr\\\/?s={search_term_string}\"},\"query-input\":{\"@type\":\"PropertyValueSpecification\",\"valueRequired\":true,\"valueName\":\"search_term_string\"}}],\"inLanguage\":\"fr-FR\"}]}<\/script>\n<!-- \/ Yoast SEO plugin. -->","yoast_head_json":{"title":"\u00c9OLIENNE GIROMILL - De Lorenzo Training &amp; Didactical Equipment","robots":{"index":"index","follow":"follow","max-snippet":"max-snippet:-1","max-image-preview":"max-image-preview:large","max-video-preview":"max-video-preview:-1"},"canonical":"https:\/\/delorenzoglobal.com\/fr\/produit\/eolienne-giromill\/","og_locale":"fr_FR","og_type":"article","og_title":"\u00c9OLIENNE GIROMILL - De Lorenzo Training &amp; Didactical Equipment","og_description":"OPTIONS : TURBINES A AXE VERTICAL Cette \u00e9olienne appartient \u00e0 la cat\u00e9gorie des \u00e9oliennes \u00e0 portance. La portance est la force qui agit sur le profil de l\u2019aile \u00e0 cause d\u2019une diff\u00e9rence de pression, donn\u00e9e par les diff\u00e9rentes vitesses qui portent le fluide quand \u00ab\u00a0agitent\u00a0\u00bb les surfaces du profil. Avec l\u2019augmentation de la vitesse de [&hellip;]","og_url":"https:\/\/delorenzoglobal.com\/fr\/produit\/eolienne-giromill\/","og_site_name":"De Lorenzo Training &amp; Didactical Equipment","article_modified_time":"2025-04-29T09:02:32+00:00","og_image":[{"width":567,"height":557,"url":"https:\/\/delorenzoglobal.com\/wp-content\/uploads\/2024\/04\/DL-GMLL.png","type":"image\/png"}],"twitter_card":"summary_large_image","twitter_misc":{"Dur\u00e9e de lecture estim\u00e9e":"1 minute"},"schema":{"@context":"https:\/\/schema.org","@graph":[{"@type":"WebPage","@id":"https:\/\/delorenzoglobal.com\/fr\/produit\/eolienne-giromill\/","url":"https:\/\/delorenzoglobal.com\/fr\/produit\/eolienne-giromill\/","name":"\u00c9OLIENNE GIROMILL - De Lorenzo Training &amp; Didactical Equipment","isPartOf":{"@id":"https:\/\/delorenzoglobal.com\/fr\/#website"},"primaryImageOfPage":{"@id":"https:\/\/delorenzoglobal.com\/fr\/produit\/eolienne-giromill\/#primaryimage"},"image":{"@id":"https:\/\/delorenzoglobal.com\/fr\/produit\/eolienne-giromill\/#primaryimage"},"thumbnailUrl":"https:\/\/delorenzoglobal.com\/wp-content\/uploads\/2024\/04\/DL-GMLL.png","datePublished":"2024-04-11T08:43:22+00:00","dateModified":"2025-04-29T09:02:32+00:00","breadcrumb":{"@id":"https:\/\/delorenzoglobal.com\/fr\/produit\/eolienne-giromill\/#breadcrumb"},"inLanguage":"fr-FR","potentialAction":[{"@type":"ReadAction","target":["https:\/\/delorenzoglobal.com\/fr\/produit\/eolienne-giromill\/"]}]},{"@type":"ImageObject","inLanguage":"fr-FR","@id":"https:\/\/delorenzoglobal.com\/fr\/produit\/eolienne-giromill\/#primaryimage","url":"https:\/\/delorenzoglobal.com\/wp-content\/uploads\/2024\/04\/DL-GMLL.png","contentUrl":"https:\/\/delorenzoglobal.com\/wp-content\/uploads\/2024\/04\/DL-GMLL.png","width":567,"height":557},{"@type":"BreadcrumbList","@id":"https:\/\/delorenzoglobal.com\/fr\/produit\/eolienne-giromill\/#breadcrumb","itemListElement":[{"@type":"ListItem","position":1,"name":"Home","item":"https:\/\/delorenzoglobal.com\/fr\/"},{"@type":"ListItem","position":2,"name":"Boutique","item":"https:\/\/delorenzoglobal.com\/fr\/boutique\/"},{"@type":"ListItem","position":3,"name":"\u00c9OLIENNE GIROMILL"}]},{"@type":"WebSite","@id":"https:\/\/delorenzoglobal.com\/fr\/#website","url":"https:\/\/delorenzoglobal.com\/fr\/","name":"De Lorenzo Training &amp; Didactical Equipment","description":"","potentialAction":[{"@type":"SearchAction","target":{"@type":"EntryPoint","urlTemplate":"https:\/\/delorenzoglobal.com\/fr\/?s={search_term_string}"},"query-input":{"@type":"PropertyValueSpecification","valueRequired":true,"valueName":"search_term_string"}}],"inLanguage":"fr-FR"}]}},"_links":{"self":[{"href":"https:\/\/delorenzoglobal.com\/fr\/wp-json\/wp\/v2\/product\/3994","targetHints":{"allow":["GET"]}}],"collection":[{"href":"https:\/\/delorenzoglobal.com\/fr\/wp-json\/wp\/v2\/product"}],"about":[{"href":"https:\/\/delorenzoglobal.com\/fr\/wp-json\/wp\/v2\/types\/product"}],"wp:featuredmedia":[{"embeddable":true,"href":"https:\/\/delorenzoglobal.com\/fr\/wp-json\/wp\/v2\/media\/3982"}],"wp:attachment":[{"href":"https:\/\/delorenzoglobal.com\/fr\/wp-json\/wp\/v2\/media?parent=3994"}],"wp:term":[{"taxonomy":"product_brand","embeddable":true,"href":"https:\/\/delorenzoglobal.com\/fr\/wp-json\/wp\/v2\/product_brand?post=3994"},{"taxonomy":"product_cat","embeddable":true,"href":"https:\/\/delorenzoglobal.com\/fr\/wp-json\/wp\/v2\/product_cat?post=3994"},{"taxonomy":"product_tag","embeddable":true,"href":"https:\/\/delorenzoglobal.com\/fr\/wp-json\/wp\/v2\/product_tag?post=3994"}],"curies":[{"name":"wp","href":"https:\/\/api.w.org\/{rel}","templated":true}]}}