{"id":3932,"date":"2024-04-11T10:30:53","date_gmt":"2024-04-11T08:30:53","guid":{"rendered":"https:\/\/delorenzoglobal.com\/?post_type=product&#038;p=3932"},"modified":"2025-04-29T10:54:32","modified_gmt":"2025-04-29T08:54:32","slug":"systeme-denergie-eolienne-avec-soufflerie","status":"publish","type":"product","link":"https:\/\/delorenzoglobal.com\/fr\/produit\/systeme-denergie-eolienne-avec-soufflerie\/","title":{"rendered":"SYST\u00c8ME D\u2019\u00c9NERGIE \u00c9OLIENNE AVEC SOUFFLERIE"},"content":{"rendered":"<p>Syst\u00e8me pour l\u2019\u00e9tude th\u00e9orique et pratique d&rsquo;une \u00e9olienne et de la production d&rsquo;\u00e9lectricit\u00e9 \u00e0 partir de l&rsquo;\u00e9nergie cin\u00e9tique du vent.<\/p>\n<p>Gr\u00e2ce \u00e0 ce syst\u00e8me, il est possible de modifier le flux d\u2019air qui atteint l\u2019\u00e9olienne et d\u2019exp\u00e9rimenter son fonctionnement dans de conditions de charge et de charge nulle.<\/p>\n","protected":false},"excerpt":{"rendered":"<p>Syst\u00e8me pour l\u2019\u00e9tude th\u00e9orique et pratique d&rsquo;une \u00e9olienne et de la production d&rsquo;\u00e9lectricit\u00e9 \u00e0 partir de l&rsquo;\u00e9nergie cin\u00e9tique du vent. Gr\u00e2ce \u00e0 ce syst\u00e8me, il est possible de modifier le flux d\u2019air qui atteint l\u2019\u00e9olienne et d\u2019exp\u00e9rimenter son fonctionnement dans de conditions de charge et de charge nulle.<\/p>\n","protected":false},"featured_media":3919,"template":"","meta":{"_acf_changed":false},"product_brand":[],"product_cat":[250],"product_tag":[],"class_list":{"0":"post-3932","1":"product","2":"type-product","3":"status-publish","4":"has-post-thumbnail","6":"product_cat-energie-eolienne","8":"first","9":"instock","10":"shipping-taxable","11":"product-type-simple"},"acf":[],"yoast_head":"<!-- This site is optimized with the Yoast SEO plugin v27.4 - https:\/\/yoast.com\/product\/yoast-seo-wordpress\/ -->\n<title>SYST\u00c8ME D\u2019\u00c9NERGIE \u00c9OLIENNE AVEC SOUFFLERIE - De Lorenzo Training &amp; Didactical Equipment<\/title>\n<meta name=\"robots\" content=\"index, follow, max-snippet:-1, max-image-preview:large, max-video-preview:-1\" \/>\n<link rel=\"canonical\" href=\"https:\/\/delorenzoglobal.com\/fr\/produit\/systeme-denergie-eolienne-avec-soufflerie\/\" \/>\n<meta property=\"og:locale\" content=\"fr_FR\" \/>\n<meta property=\"og:type\" content=\"article\" \/>\n<meta property=\"og:title\" content=\"SYST\u00c8ME D\u2019\u00c9NERGIE \u00c9OLIENNE AVEC SOUFFLERIE - De Lorenzo Training &amp; Didactical Equipment\" \/>\n<meta property=\"og:description\" content=\"Syst\u00e8me pour l\u2019\u00e9tude th\u00e9orique et pratique d&rsquo;une \u00e9olienne et de la production d&rsquo;\u00e9lectricit\u00e9 \u00e0 partir de l&rsquo;\u00e9nergie cin\u00e9tique du vent. Gr\u00e2ce \u00e0 ce syst\u00e8me, il est possible de modifier le flux d\u2019air qui atteint l\u2019\u00e9olienne et d\u2019exp\u00e9rimenter son fonctionnement dans de conditions de charge et de charge nulle.\" \/>\n<meta property=\"og:url\" content=\"https:\/\/delorenzoglobal.com\/fr\/produit\/systeme-denergie-eolienne-avec-soufflerie\/\" \/>\n<meta property=\"og:site_name\" content=\"De Lorenzo Training &amp; Didactical Equipment\" \/>\n<meta property=\"article:modified_time\" content=\"2025-04-29T08:54:32+00:00\" \/>\n<meta property=\"og:image\" content=\"https:\/\/delorenzoglobal.com\/wp-content\/uploads\/2024\/04\/DL-WIND-B-scaled.jpg\" \/>\n\t<meta property=\"og:image:width\" content=\"2560\" \/>\n\t<meta property=\"og:image:height\" content=\"2266\" \/>\n\t<meta property=\"og:image:type\" content=\"image\/jpeg\" \/>\n<meta name=\"twitter:card\" content=\"summary_large_image\" \/>\n<meta name=\"twitter:label1\" content=\"Dur\u00e9e de lecture estim\u00e9e\" \/>\n\t<meta name=\"twitter:data1\" content=\"1 minute\" \/>\n<script type=\"application\/ld+json\" class=\"yoast-schema-graph\">{\"@context\":\"https:\\\/\\\/schema.org\",\"@graph\":[{\"@type\":\"WebPage\",\"@id\":\"https:\\\/\\\/delorenzoglobal.com\\\/fr\\\/produit\\\/systeme-denergie-eolienne-avec-soufflerie\\\/\",\"url\":\"https:\\\/\\\/delorenzoglobal.com\\\/fr\\\/produit\\\/systeme-denergie-eolienne-avec-soufflerie\\\/\",\"name\":\"SYST\u00c8ME D\u2019\u00c9NERGIE \u00c9OLIENNE AVEC SOUFFLERIE - De Lorenzo Training &amp; Didactical Equipment\",\"isPartOf\":{\"@id\":\"https:\\\/\\\/delorenzoglobal.com\\\/fr\\\/#website\"},\"primaryImageOfPage\":{\"@id\":\"https:\\\/\\\/delorenzoglobal.com\\\/fr\\\/produit\\\/systeme-denergie-eolienne-avec-soufflerie\\\/#primaryimage\"},\"image\":{\"@id\":\"https:\\\/\\\/delorenzoglobal.com\\\/fr\\\/produit\\\/systeme-denergie-eolienne-avec-soufflerie\\\/#primaryimage\"},\"thumbnailUrl\":\"https:\\\/\\\/delorenzoglobal.com\\\/wp-content\\\/uploads\\\/2024\\\/04\\\/DL-WIND-B-scaled.jpg\",\"datePublished\":\"2024-04-11T08:30:53+00:00\",\"dateModified\":\"2025-04-29T08:54:32+00:00\",\"breadcrumb\":{\"@id\":\"https:\\\/\\\/delorenzoglobal.com\\\/fr\\\/produit\\\/systeme-denergie-eolienne-avec-soufflerie\\\/#breadcrumb\"},\"inLanguage\":\"fr-FR\",\"potentialAction\":[{\"@type\":\"ReadAction\",\"target\":[\"https:\\\/\\\/delorenzoglobal.com\\\/fr\\\/produit\\\/systeme-denergie-eolienne-avec-soufflerie\\\/\"]}]},{\"@type\":\"ImageObject\",\"inLanguage\":\"fr-FR\",\"@id\":\"https:\\\/\\\/delorenzoglobal.com\\\/fr\\\/produit\\\/systeme-denergie-eolienne-avec-soufflerie\\\/#primaryimage\",\"url\":\"https:\\\/\\\/delorenzoglobal.com\\\/wp-content\\\/uploads\\\/2024\\\/04\\\/DL-WIND-B-scaled.jpg\",\"contentUrl\":\"https:\\\/\\\/delorenzoglobal.com\\\/wp-content\\\/uploads\\\/2024\\\/04\\\/DL-WIND-B-scaled.jpg\",\"width\":2560,\"height\":2266},{\"@type\":\"BreadcrumbList\",\"@id\":\"https:\\\/\\\/delorenzoglobal.com\\\/fr\\\/produit\\\/systeme-denergie-eolienne-avec-soufflerie\\\/#breadcrumb\",\"itemListElement\":[{\"@type\":\"ListItem\",\"position\":1,\"name\":\"Home\",\"item\":\"https:\\\/\\\/delorenzoglobal.com\\\/fr\\\/\"},{\"@type\":\"ListItem\",\"position\":2,\"name\":\"Boutique\",\"item\":\"https:\\\/\\\/delorenzoglobal.com\\\/fr\\\/boutique\\\/\"},{\"@type\":\"ListItem\",\"position\":3,\"name\":\"SYST\u00c8ME D\u2019\u00c9NERGIE \u00c9OLIENNE AVEC SOUFFLERIE\"}]},{\"@type\":\"WebSite\",\"@id\":\"https:\\\/\\\/delorenzoglobal.com\\\/fr\\\/#website\",\"url\":\"https:\\\/\\\/delorenzoglobal.com\\\/fr\\\/\",\"name\":\"De Lorenzo Training &amp; Didactical Equipment\",\"description\":\"\",\"potentialAction\":[{\"@type\":\"SearchAction\",\"target\":{\"@type\":\"EntryPoint\",\"urlTemplate\":\"https:\\\/\\\/delorenzoglobal.com\\\/fr\\\/?s={search_term_string}\"},\"query-input\":{\"@type\":\"PropertyValueSpecification\",\"valueRequired\":true,\"valueName\":\"search_term_string\"}}],\"inLanguage\":\"fr-FR\"}]}<\/script>\n<!-- \/ Yoast SEO plugin. -->","yoast_head_json":{"title":"SYST\u00c8ME D\u2019\u00c9NERGIE \u00c9OLIENNE AVEC SOUFFLERIE - De Lorenzo Training &amp; Didactical Equipment","robots":{"index":"index","follow":"follow","max-snippet":"max-snippet:-1","max-image-preview":"max-image-preview:large","max-video-preview":"max-video-preview:-1"},"canonical":"https:\/\/delorenzoglobal.com\/fr\/produit\/systeme-denergie-eolienne-avec-soufflerie\/","og_locale":"fr_FR","og_type":"article","og_title":"SYST\u00c8ME D\u2019\u00c9NERGIE \u00c9OLIENNE AVEC SOUFFLERIE - De Lorenzo Training &amp; Didactical Equipment","og_description":"Syst\u00e8me pour l\u2019\u00e9tude th\u00e9orique et pratique d&rsquo;une \u00e9olienne et de la production d&rsquo;\u00e9lectricit\u00e9 \u00e0 partir de l&rsquo;\u00e9nergie cin\u00e9tique du vent. Gr\u00e2ce \u00e0 ce syst\u00e8me, il est possible de modifier le flux d\u2019air qui atteint l\u2019\u00e9olienne et d\u2019exp\u00e9rimenter son fonctionnement dans de conditions de charge et de charge nulle.","og_url":"https:\/\/delorenzoglobal.com\/fr\/produit\/systeme-denergie-eolienne-avec-soufflerie\/","og_site_name":"De Lorenzo Training &amp; Didactical Equipment","article_modified_time":"2025-04-29T08:54:32+00:00","og_image":[{"width":2560,"height":2266,"url":"https:\/\/delorenzoglobal.com\/wp-content\/uploads\/2024\/04\/DL-WIND-B-scaled.jpg","type":"image\/jpeg"}],"twitter_card":"summary_large_image","twitter_misc":{"Dur\u00e9e de lecture estim\u00e9e":"1 minute"},"schema":{"@context":"https:\/\/schema.org","@graph":[{"@type":"WebPage","@id":"https:\/\/delorenzoglobal.com\/fr\/produit\/systeme-denergie-eolienne-avec-soufflerie\/","url":"https:\/\/delorenzoglobal.com\/fr\/produit\/systeme-denergie-eolienne-avec-soufflerie\/","name":"SYST\u00c8ME D\u2019\u00c9NERGIE \u00c9OLIENNE AVEC SOUFFLERIE - De Lorenzo Training &amp; Didactical Equipment","isPartOf":{"@id":"https:\/\/delorenzoglobal.com\/fr\/#website"},"primaryImageOfPage":{"@id":"https:\/\/delorenzoglobal.com\/fr\/produit\/systeme-denergie-eolienne-avec-soufflerie\/#primaryimage"},"image":{"@id":"https:\/\/delorenzoglobal.com\/fr\/produit\/systeme-denergie-eolienne-avec-soufflerie\/#primaryimage"},"thumbnailUrl":"https:\/\/delorenzoglobal.com\/wp-content\/uploads\/2024\/04\/DL-WIND-B-scaled.jpg","datePublished":"2024-04-11T08:30:53+00:00","dateModified":"2025-04-29T08:54:32+00:00","breadcrumb":{"@id":"https:\/\/delorenzoglobal.com\/fr\/produit\/systeme-denergie-eolienne-avec-soufflerie\/#breadcrumb"},"inLanguage":"fr-FR","potentialAction":[{"@type":"ReadAction","target":["https:\/\/delorenzoglobal.com\/fr\/produit\/systeme-denergie-eolienne-avec-soufflerie\/"]}]},{"@type":"ImageObject","inLanguage":"fr-FR","@id":"https:\/\/delorenzoglobal.com\/fr\/produit\/systeme-denergie-eolienne-avec-soufflerie\/#primaryimage","url":"https:\/\/delorenzoglobal.com\/wp-content\/uploads\/2024\/04\/DL-WIND-B-scaled.jpg","contentUrl":"https:\/\/delorenzoglobal.com\/wp-content\/uploads\/2024\/04\/DL-WIND-B-scaled.jpg","width":2560,"height":2266},{"@type":"BreadcrumbList","@id":"https:\/\/delorenzoglobal.com\/fr\/produit\/systeme-denergie-eolienne-avec-soufflerie\/#breadcrumb","itemListElement":[{"@type":"ListItem","position":1,"name":"Home","item":"https:\/\/delorenzoglobal.com\/fr\/"},{"@type":"ListItem","position":2,"name":"Boutique","item":"https:\/\/delorenzoglobal.com\/fr\/boutique\/"},{"@type":"ListItem","position":3,"name":"SYST\u00c8ME D\u2019\u00c9NERGIE \u00c9OLIENNE AVEC SOUFFLERIE"}]},{"@type":"WebSite","@id":"https:\/\/delorenzoglobal.com\/fr\/#website","url":"https:\/\/delorenzoglobal.com\/fr\/","name":"De Lorenzo Training &amp; Didactical Equipment","description":"","potentialAction":[{"@type":"SearchAction","target":{"@type":"EntryPoint","urlTemplate":"https:\/\/delorenzoglobal.com\/fr\/?s={search_term_string}"},"query-input":{"@type":"PropertyValueSpecification","valueRequired":true,"valueName":"search_term_string"}}],"inLanguage":"fr-FR"}]}},"_links":{"self":[{"href":"https:\/\/delorenzoglobal.com\/fr\/wp-json\/wp\/v2\/product\/3932","targetHints":{"allow":["GET"]}}],"collection":[{"href":"https:\/\/delorenzoglobal.com\/fr\/wp-json\/wp\/v2\/product"}],"about":[{"href":"https:\/\/delorenzoglobal.com\/fr\/wp-json\/wp\/v2\/types\/product"}],"wp:featuredmedia":[{"embeddable":true,"href":"https:\/\/delorenzoglobal.com\/fr\/wp-json\/wp\/v2\/media\/3919"}],"wp:attachment":[{"href":"https:\/\/delorenzoglobal.com\/fr\/wp-json\/wp\/v2\/media?parent=3932"}],"wp:term":[{"taxonomy":"product_brand","embeddable":true,"href":"https:\/\/delorenzoglobal.com\/fr\/wp-json\/wp\/v2\/product_brand?post=3932"},{"taxonomy":"product_cat","embeddable":true,"href":"https:\/\/delorenzoglobal.com\/fr\/wp-json\/wp\/v2\/product_cat?post=3932"},{"taxonomy":"product_tag","embeddable":true,"href":"https:\/\/delorenzoglobal.com\/fr\/wp-json\/wp\/v2\/product_tag?post=3932"}],"curies":[{"name":"wp","href":"https:\/\/api.w.org\/{rel}","templated":true}]}}