{"id":389,"date":"2024-04-08T10:06:35","date_gmt":"2024-04-08T08:06:35","guid":{"rendered":"https:\/\/delorenzoglobal.com\/?post_type=product&#038;p=389"},"modified":"2025-04-22T14:28:58","modified_gmt":"2025-04-22T12:28:58","slug":"station-de-selection-et-detiquetage","status":"publish","type":"product","link":"https:\/\/delorenzoglobal.com\/fr\/produit\/station-de-selection-et-detiquetage\/","title":{"rendered":"S\u00c9LECTION ET EXP\u00c9DITION"},"content":{"rendered":"<p>Avec la nouvelle r\u00e9volution industrielle, les logiciels, le mat\u00e9riel et les processus sont int\u00e9gr\u00e9s de sorte qu&rsquo;une production \u00abPush\u00bb (fabriqu\u00e9e d&rsquo;abord puis vendue) devienne une production \u00abPull\u00bb (seul ce que le consommateur demande est fabriqu\u00e9).<\/p>\n<p>La transformation num\u00e9rique appliqu\u00e9e \u00e0 l&rsquo;industrie se caract\u00e9rise par l&rsquo;interaction totale entre les \u00e9l\u00e9ments et les processus qui constituent une unit\u00e9 de production.<\/p>\n<p>Notre syst\u00e8me didactique est con\u00e7u pour int\u00e9grer les connaissances de diff\u00e9rents domaines ou d\u00e9partements au sein d&rsquo;une entreprise.<\/p>\n<p>Notre syst\u00e8me didactique est con\u00e7u pour int\u00e9grer les connaissances de diff\u00e9rents domaines ou d\u00e9partements au sein d&rsquo;une entreprise. Par cons\u00e9quent, les \u00e9tudiants de diff\u00e9rentes carri\u00e8res peuvent interagir, apprendre et appliquer des concepts de leur domaine de sp\u00e9cialisation \u00abcomp\u00e9tences techniques\u00bb et \u00e9tudier des concepts d&rsquo;autres domaines de connaissances.<\/p>\n<p>Cette station communique avec de DL I4.0-ST2. Les conteneurs assortis entrent au moyen d&rsquo;un tapis roulant.<\/p>\n<p>Les r\u00e9f\u00e9rences d&rsquo;un Ordre de Production (PO) sont s\u00e9lectionn\u00e9es et emball\u00e9es pour la livraison finale, \u00e0 l&rsquo;aide d&rsquo;un robot Scara de type industriel.<\/p>\n","protected":false},"excerpt":{"rendered":"<p>Avec la nouvelle r\u00e9volution industrielle, les logiciels, le mat\u00e9riel et les processus sont int\u00e9gr\u00e9s de sorte qu&rsquo;une production \u00abPush\u00bb (fabriqu\u00e9e d&rsquo;abord puis vendue) devienne une production \u00abPull\u00bb (seul ce que le consommateur demande est fabriqu\u00e9). La transformation num\u00e9rique appliqu\u00e9e \u00e0 l&rsquo;industrie se caract\u00e9rise par l&rsquo;interaction totale entre les \u00e9l\u00e9ments et les processus qui constituent une [&hellip;]<\/p>\n","protected":false},"featured_media":18715,"template":"","meta":{"_acf_changed":false},"product_brand":[],"product_cat":[151],"product_tag":[],"class_list":{"0":"post-389","1":"product","2":"type-product","3":"status-publish","4":"has-post-thumbnail","6":"product_cat-systeme-didactique-dl-i4-0","8":"first","9":"instock","10":"shipping-taxable","11":"product-type-simple"},"acf":[],"yoast_head":"<!-- This site is optimized with the Yoast SEO plugin v27.4 - https:\/\/yoast.com\/product\/yoast-seo-wordpress\/ -->\n<title>S\u00c9LECTION ET EXP\u00c9DITION - De Lorenzo Training &amp; Didactical Equipment<\/title>\n<meta name=\"robots\" content=\"index, follow, max-snippet:-1, max-image-preview:large, max-video-preview:-1\" \/>\n<link rel=\"canonical\" href=\"https:\/\/delorenzoglobal.com\/fr\/produit\/station-de-selection-et-detiquetage\/\" \/>\n<meta property=\"og:locale\" content=\"fr_FR\" \/>\n<meta property=\"og:type\" content=\"article\" \/>\n<meta property=\"og:title\" content=\"S\u00c9LECTION ET EXP\u00c9DITION - De Lorenzo Training &amp; Didactical Equipment\" \/>\n<meta property=\"og:description\" content=\"Avec la nouvelle r\u00e9volution industrielle, les logiciels, le mat\u00e9riel et les processus sont int\u00e9gr\u00e9s de sorte qu&rsquo;une production \u00abPush\u00bb (fabriqu\u00e9e d&rsquo;abord puis vendue) devienne une production \u00abPull\u00bb (seul ce que le consommateur demande est fabriqu\u00e9). La transformation num\u00e9rique appliqu\u00e9e \u00e0 l&rsquo;industrie se caract\u00e9rise par l&rsquo;interaction totale entre les \u00e9l\u00e9ments et les processus qui constituent une [&hellip;]\" \/>\n<meta property=\"og:url\" content=\"https:\/\/delorenzoglobal.com\/fr\/produit\/station-de-selection-et-detiquetage\/\" \/>\n<meta property=\"og:site_name\" content=\"De Lorenzo Training &amp; Didactical Equipment\" \/>\n<meta property=\"article:modified_time\" content=\"2025-04-22T12:28:58+00:00\" \/>\n<meta property=\"og:image\" content=\"https:\/\/delorenzoglobal.com\/wp-content\/uploads\/2024\/04\/DL-I4.0-ST3-xs.jpg\" \/>\n\t<meta property=\"og:image:width\" content=\"573\" \/>\n\t<meta property=\"og:image:height\" content=\"839\" \/>\n\t<meta property=\"og:image:type\" content=\"image\/jpeg\" \/>\n<meta name=\"twitter:card\" content=\"summary_large_image\" \/>\n<meta name=\"twitter:label1\" content=\"Dur\u00e9e de lecture estim\u00e9e\" \/>\n\t<meta name=\"twitter:data1\" content=\"2 minutes\" \/>\n<script type=\"application\/ld+json\" class=\"yoast-schema-graph\">{\"@context\":\"https:\\\/\\\/schema.org\",\"@graph\":[{\"@type\":\"WebPage\",\"@id\":\"https:\\\/\\\/delorenzoglobal.com\\\/fr\\\/produit\\\/station-de-selection-et-detiquetage\\\/\",\"url\":\"https:\\\/\\\/delorenzoglobal.com\\\/fr\\\/produit\\\/station-de-selection-et-detiquetage\\\/\",\"name\":\"S\u00c9LECTION ET EXP\u00c9DITION - De Lorenzo Training &amp; Didactical Equipment\",\"isPartOf\":{\"@id\":\"https:\\\/\\\/delorenzoglobal.com\\\/fr\\\/#website\"},\"primaryImageOfPage\":{\"@id\":\"https:\\\/\\\/delorenzoglobal.com\\\/fr\\\/produit\\\/station-de-selection-et-detiquetage\\\/#primaryimage\"},\"image\":{\"@id\":\"https:\\\/\\\/delorenzoglobal.com\\\/fr\\\/produit\\\/station-de-selection-et-detiquetage\\\/#primaryimage\"},\"thumbnailUrl\":\"https:\\\/\\\/delorenzoglobal.com\\\/wp-content\\\/uploads\\\/2024\\\/04\\\/DL-I4.0-ST3-xs.jpg\",\"datePublished\":\"2024-04-08T08:06:35+00:00\",\"dateModified\":\"2025-04-22T12:28:58+00:00\",\"breadcrumb\":{\"@id\":\"https:\\\/\\\/delorenzoglobal.com\\\/fr\\\/produit\\\/station-de-selection-et-detiquetage\\\/#breadcrumb\"},\"inLanguage\":\"fr-FR\",\"potentialAction\":[{\"@type\":\"ReadAction\",\"target\":[\"https:\\\/\\\/delorenzoglobal.com\\\/fr\\\/produit\\\/station-de-selection-et-detiquetage\\\/\"]}]},{\"@type\":\"ImageObject\",\"inLanguage\":\"fr-FR\",\"@id\":\"https:\\\/\\\/delorenzoglobal.com\\\/fr\\\/produit\\\/station-de-selection-et-detiquetage\\\/#primaryimage\",\"url\":\"https:\\\/\\\/delorenzoglobal.com\\\/wp-content\\\/uploads\\\/2024\\\/04\\\/DL-I4.0-ST3-xs.jpg\",\"contentUrl\":\"https:\\\/\\\/delorenzoglobal.com\\\/wp-content\\\/uploads\\\/2024\\\/04\\\/DL-I4.0-ST3-xs.jpg\",\"width\":573,\"height\":839},{\"@type\":\"BreadcrumbList\",\"@id\":\"https:\\\/\\\/delorenzoglobal.com\\\/fr\\\/produit\\\/station-de-selection-et-detiquetage\\\/#breadcrumb\",\"itemListElement\":[{\"@type\":\"ListItem\",\"position\":1,\"name\":\"Home\",\"item\":\"https:\\\/\\\/delorenzoglobal.com\\\/fr\\\/\"},{\"@type\":\"ListItem\",\"position\":2,\"name\":\"Boutique\",\"item\":\"https:\\\/\\\/delorenzoglobal.com\\\/fr\\\/boutique\\\/\"},{\"@type\":\"ListItem\",\"position\":3,\"name\":\"S\u00c9LECTION ET EXP\u00c9DITION\"}]},{\"@type\":\"WebSite\",\"@id\":\"https:\\\/\\\/delorenzoglobal.com\\\/fr\\\/#website\",\"url\":\"https:\\\/\\\/delorenzoglobal.com\\\/fr\\\/\",\"name\":\"De Lorenzo Training &amp; Didactical Equipment\",\"description\":\"\",\"potentialAction\":[{\"@type\":\"SearchAction\",\"target\":{\"@type\":\"EntryPoint\",\"urlTemplate\":\"https:\\\/\\\/delorenzoglobal.com\\\/fr\\\/?s={search_term_string}\"},\"query-input\":{\"@type\":\"PropertyValueSpecification\",\"valueRequired\":true,\"valueName\":\"search_term_string\"}}],\"inLanguage\":\"fr-FR\"}]}<\/script>\n<!-- \/ Yoast SEO plugin. -->","yoast_head_json":{"title":"S\u00c9LECTION ET EXP\u00c9DITION - De Lorenzo Training &amp; Didactical Equipment","robots":{"index":"index","follow":"follow","max-snippet":"max-snippet:-1","max-image-preview":"max-image-preview:large","max-video-preview":"max-video-preview:-1"},"canonical":"https:\/\/delorenzoglobal.com\/fr\/produit\/station-de-selection-et-detiquetage\/","og_locale":"fr_FR","og_type":"article","og_title":"S\u00c9LECTION ET EXP\u00c9DITION - De Lorenzo Training &amp; Didactical Equipment","og_description":"Avec la nouvelle r\u00e9volution industrielle, les logiciels, le mat\u00e9riel et les processus sont int\u00e9gr\u00e9s de sorte qu&rsquo;une production \u00abPush\u00bb (fabriqu\u00e9e d&rsquo;abord puis vendue) devienne une production \u00abPull\u00bb (seul ce que le consommateur demande est fabriqu\u00e9). La transformation num\u00e9rique appliqu\u00e9e \u00e0 l&rsquo;industrie se caract\u00e9rise par l&rsquo;interaction totale entre les \u00e9l\u00e9ments et les processus qui constituent une [&hellip;]","og_url":"https:\/\/delorenzoglobal.com\/fr\/produit\/station-de-selection-et-detiquetage\/","og_site_name":"De Lorenzo Training &amp; Didactical Equipment","article_modified_time":"2025-04-22T12:28:58+00:00","og_image":[{"width":573,"height":839,"url":"https:\/\/delorenzoglobal.com\/wp-content\/uploads\/2024\/04\/DL-I4.0-ST3-xs.jpg","type":"image\/jpeg"}],"twitter_card":"summary_large_image","twitter_misc":{"Dur\u00e9e de lecture estim\u00e9e":"2 minutes"},"schema":{"@context":"https:\/\/schema.org","@graph":[{"@type":"WebPage","@id":"https:\/\/delorenzoglobal.com\/fr\/produit\/station-de-selection-et-detiquetage\/","url":"https:\/\/delorenzoglobal.com\/fr\/produit\/station-de-selection-et-detiquetage\/","name":"S\u00c9LECTION ET EXP\u00c9DITION - De Lorenzo Training &amp; Didactical Equipment","isPartOf":{"@id":"https:\/\/delorenzoglobal.com\/fr\/#website"},"primaryImageOfPage":{"@id":"https:\/\/delorenzoglobal.com\/fr\/produit\/station-de-selection-et-detiquetage\/#primaryimage"},"image":{"@id":"https:\/\/delorenzoglobal.com\/fr\/produit\/station-de-selection-et-detiquetage\/#primaryimage"},"thumbnailUrl":"https:\/\/delorenzoglobal.com\/wp-content\/uploads\/2024\/04\/DL-I4.0-ST3-xs.jpg","datePublished":"2024-04-08T08:06:35+00:00","dateModified":"2025-04-22T12:28:58+00:00","breadcrumb":{"@id":"https:\/\/delorenzoglobal.com\/fr\/produit\/station-de-selection-et-detiquetage\/#breadcrumb"},"inLanguage":"fr-FR","potentialAction":[{"@type":"ReadAction","target":["https:\/\/delorenzoglobal.com\/fr\/produit\/station-de-selection-et-detiquetage\/"]}]},{"@type":"ImageObject","inLanguage":"fr-FR","@id":"https:\/\/delorenzoglobal.com\/fr\/produit\/station-de-selection-et-detiquetage\/#primaryimage","url":"https:\/\/delorenzoglobal.com\/wp-content\/uploads\/2024\/04\/DL-I4.0-ST3-xs.jpg","contentUrl":"https:\/\/delorenzoglobal.com\/wp-content\/uploads\/2024\/04\/DL-I4.0-ST3-xs.jpg","width":573,"height":839},{"@type":"BreadcrumbList","@id":"https:\/\/delorenzoglobal.com\/fr\/produit\/station-de-selection-et-detiquetage\/#breadcrumb","itemListElement":[{"@type":"ListItem","position":1,"name":"Home","item":"https:\/\/delorenzoglobal.com\/fr\/"},{"@type":"ListItem","position":2,"name":"Boutique","item":"https:\/\/delorenzoglobal.com\/fr\/boutique\/"},{"@type":"ListItem","position":3,"name":"S\u00c9LECTION ET EXP\u00c9DITION"}]},{"@type":"WebSite","@id":"https:\/\/delorenzoglobal.com\/fr\/#website","url":"https:\/\/delorenzoglobal.com\/fr\/","name":"De Lorenzo Training &amp; Didactical Equipment","description":"","potentialAction":[{"@type":"SearchAction","target":{"@type":"EntryPoint","urlTemplate":"https:\/\/delorenzoglobal.com\/fr\/?s={search_term_string}"},"query-input":{"@type":"PropertyValueSpecification","valueRequired":true,"valueName":"search_term_string"}}],"inLanguage":"fr-FR"}]}},"_links":{"self":[{"href":"https:\/\/delorenzoglobal.com\/fr\/wp-json\/wp\/v2\/product\/389","targetHints":{"allow":["GET"]}}],"collection":[{"href":"https:\/\/delorenzoglobal.com\/fr\/wp-json\/wp\/v2\/product"}],"about":[{"href":"https:\/\/delorenzoglobal.com\/fr\/wp-json\/wp\/v2\/types\/product"}],"wp:featuredmedia":[{"embeddable":true,"href":"https:\/\/delorenzoglobal.com\/fr\/wp-json\/wp\/v2\/media\/18715"}],"wp:attachment":[{"href":"https:\/\/delorenzoglobal.com\/fr\/wp-json\/wp\/v2\/media?parent=389"}],"wp:term":[{"taxonomy":"product_brand","embeddable":true,"href":"https:\/\/delorenzoglobal.com\/fr\/wp-json\/wp\/v2\/product_brand?post=389"},{"taxonomy":"product_cat","embeddable":true,"href":"https:\/\/delorenzoglobal.com\/fr\/wp-json\/wp\/v2\/product_cat?post=389"},{"taxonomy":"product_tag","embeddable":true,"href":"https:\/\/delorenzoglobal.com\/fr\/wp-json\/wp\/v2\/product_tag?post=389"}],"curies":[{"name":"wp","href":"https:\/\/api.w.org\/{rel}","templated":true}]}}