{"id":3881,"date":"2024-04-11T10:22:34","date_gmt":"2024-04-11T08:22:34","guid":{"rendered":"https:\/\/delorenzoglobal.com\/?post_type=product&#038;p=3881"},"modified":"2025-04-29T10:34:37","modified_gmt":"2025-04-29T08:34:37","slug":"systeme-denergie-eolienne-avec-connexion-au-reseau","status":"publish","type":"product","link":"https:\/\/delorenzoglobal.com\/fr\/produit\/systeme-denergie-eolienne-avec-connexion-au-reseau\/","title":{"rendered":"SYST\u00c8ME D\u2019\u00c9NERGIE \u00c9OLIENNE AVEC CONNEXION AU R\u00c9SEAU"},"content":{"rendered":"<p>Syst\u00e8me didactique modulaire pour l\u2019\u00e9tude th\u00e9orique et pratique d\u2019installation \u00e9lectrique de l\u2019\u00e9nergie \u00e9olienne.<\/p>\n<p>Avec le syst\u00e8me didactique d\u2019\u00e9nergie \u00e9olienne et solaire il est possible de r\u00e9aliser les exp\u00e9riences pour d\u00e9terminer les caract\u00e9ristiques d\u2019un a\u00e9rog\u00e9n\u00e9rateur d\u2019\u00e9tudier et le fonctionnement on-grid avec la connexion au r\u00e9seau \u00e9lectrique.<\/p>\n","protected":false},"excerpt":{"rendered":"<p>Syst\u00e8me didactique modulaire pour l\u2019\u00e9tude th\u00e9orique et pratique d\u2019installation \u00e9lectrique de l\u2019\u00e9nergie \u00e9olienne. Avec le syst\u00e8me didactique d\u2019\u00e9nergie \u00e9olienne et solaire il est possible de r\u00e9aliser les exp\u00e9riences pour d\u00e9terminer les caract\u00e9ristiques d\u2019un a\u00e9rog\u00e9n\u00e9rateur d\u2019\u00e9tudier et le fonctionnement on-grid avec la connexion au r\u00e9seau \u00e9lectrique.<\/p>\n","protected":false},"featured_media":19428,"template":"","meta":{"_acf_changed":false},"product_brand":[],"product_cat":[250],"product_tag":[],"class_list":{"0":"post-3881","1":"product","2":"type-product","3":"status-publish","4":"has-post-thumbnail","6":"product_cat-energie-eolienne","8":"first","9":"instock","10":"shipping-taxable","11":"product-type-simple"},"acf":[],"yoast_head":"<!-- This site is optimized with the Yoast SEO plugin v27.4 - https:\/\/yoast.com\/product\/yoast-seo-wordpress\/ -->\n<title>SYST\u00c8ME D\u2019\u00c9NERGIE \u00c9OLIENNE AVEC CONNEXION AU R\u00c9SEAU - De Lorenzo Training &amp; Didactical Equipment<\/title>\n<meta name=\"robots\" content=\"index, follow, max-snippet:-1, max-image-preview:large, max-video-preview:-1\" \/>\n<link rel=\"canonical\" href=\"https:\/\/delorenzoglobal.com\/fr\/produit\/systeme-denergie-eolienne-avec-connexion-au-reseau\/\" \/>\n<meta property=\"og:locale\" content=\"fr_FR\" \/>\n<meta property=\"og:type\" content=\"article\" \/>\n<meta property=\"og:title\" content=\"SYST\u00c8ME D\u2019\u00c9NERGIE \u00c9OLIENNE AVEC CONNEXION AU R\u00c9SEAU - De Lorenzo Training &amp; Didactical Equipment\" \/>\n<meta property=\"og:description\" content=\"Syst\u00e8me didactique modulaire pour l\u2019\u00e9tude th\u00e9orique et pratique d\u2019installation \u00e9lectrique de l\u2019\u00e9nergie \u00e9olienne. Avec le syst\u00e8me didactique d\u2019\u00e9nergie \u00e9olienne et solaire il est possible de r\u00e9aliser les exp\u00e9riences pour d\u00e9terminer les caract\u00e9ristiques d\u2019un a\u00e9rog\u00e9n\u00e9rateur d\u2019\u00e9tudier et le fonctionnement on-grid avec la connexion au r\u00e9seau \u00e9lectrique.\" \/>\n<meta property=\"og:url\" content=\"https:\/\/delorenzoglobal.com\/fr\/produit\/systeme-denergie-eolienne-avec-connexion-au-reseau\/\" \/>\n<meta property=\"og:site_name\" content=\"De Lorenzo Training &amp; Didactical Equipment\" \/>\n<meta property=\"article:modified_time\" content=\"2025-04-29T08:34:37+00:00\" \/>\n<meta property=\"og:image\" content=\"https:\/\/delorenzoglobal.com\/wp-content\/uploads\/2024\/04\/DL-WIND-GT-xs.jpg\" \/>\n\t<meta property=\"og:image:width\" content=\"1024\" \/>\n\t<meta property=\"og:image:height\" content=\"616\" \/>\n\t<meta property=\"og:image:type\" content=\"image\/jpeg\" \/>\n<meta name=\"twitter:card\" content=\"summary_large_image\" \/>\n<meta name=\"twitter:label1\" content=\"Dur\u00e9e de lecture estim\u00e9e\" \/>\n\t<meta name=\"twitter:data1\" content=\"1 minute\" \/>\n<script type=\"application\/ld+json\" class=\"yoast-schema-graph\">{\"@context\":\"https:\\\/\\\/schema.org\",\"@graph\":[{\"@type\":\"WebPage\",\"@id\":\"https:\\\/\\\/delorenzoglobal.com\\\/fr\\\/produit\\\/systeme-denergie-eolienne-avec-connexion-au-reseau\\\/\",\"url\":\"https:\\\/\\\/delorenzoglobal.com\\\/fr\\\/produit\\\/systeme-denergie-eolienne-avec-connexion-au-reseau\\\/\",\"name\":\"SYST\u00c8ME D\u2019\u00c9NERGIE \u00c9OLIENNE AVEC CONNEXION AU R\u00c9SEAU - De Lorenzo Training &amp; Didactical Equipment\",\"isPartOf\":{\"@id\":\"https:\\\/\\\/delorenzoglobal.com\\\/fr\\\/#website\"},\"primaryImageOfPage\":{\"@id\":\"https:\\\/\\\/delorenzoglobal.com\\\/fr\\\/produit\\\/systeme-denergie-eolienne-avec-connexion-au-reseau\\\/#primaryimage\"},\"image\":{\"@id\":\"https:\\\/\\\/delorenzoglobal.com\\\/fr\\\/produit\\\/systeme-denergie-eolienne-avec-connexion-au-reseau\\\/#primaryimage\"},\"thumbnailUrl\":\"https:\\\/\\\/delorenzoglobal.com\\\/wp-content\\\/uploads\\\/2024\\\/04\\\/DL-WIND-GT-xs.jpg\",\"datePublished\":\"2024-04-11T08:22:34+00:00\",\"dateModified\":\"2025-04-29T08:34:37+00:00\",\"breadcrumb\":{\"@id\":\"https:\\\/\\\/delorenzoglobal.com\\\/fr\\\/produit\\\/systeme-denergie-eolienne-avec-connexion-au-reseau\\\/#breadcrumb\"},\"inLanguage\":\"fr-FR\",\"potentialAction\":[{\"@type\":\"ReadAction\",\"target\":[\"https:\\\/\\\/delorenzoglobal.com\\\/fr\\\/produit\\\/systeme-denergie-eolienne-avec-connexion-au-reseau\\\/\"]}]},{\"@type\":\"ImageObject\",\"inLanguage\":\"fr-FR\",\"@id\":\"https:\\\/\\\/delorenzoglobal.com\\\/fr\\\/produit\\\/systeme-denergie-eolienne-avec-connexion-au-reseau\\\/#primaryimage\",\"url\":\"https:\\\/\\\/delorenzoglobal.com\\\/wp-content\\\/uploads\\\/2024\\\/04\\\/DL-WIND-GT-xs.jpg\",\"contentUrl\":\"https:\\\/\\\/delorenzoglobal.com\\\/wp-content\\\/uploads\\\/2024\\\/04\\\/DL-WIND-GT-xs.jpg\",\"width\":1024,\"height\":616},{\"@type\":\"BreadcrumbList\",\"@id\":\"https:\\\/\\\/delorenzoglobal.com\\\/fr\\\/produit\\\/systeme-denergie-eolienne-avec-connexion-au-reseau\\\/#breadcrumb\",\"itemListElement\":[{\"@type\":\"ListItem\",\"position\":1,\"name\":\"Home\",\"item\":\"https:\\\/\\\/delorenzoglobal.com\\\/fr\\\/\"},{\"@type\":\"ListItem\",\"position\":2,\"name\":\"Boutique\",\"item\":\"https:\\\/\\\/delorenzoglobal.com\\\/fr\\\/boutique\\\/\"},{\"@type\":\"ListItem\",\"position\":3,\"name\":\"SYST\u00c8ME D\u2019\u00c9NERGIE \u00c9OLIENNE AVEC CONNEXION AU R\u00c9SEAU\"}]},{\"@type\":\"WebSite\",\"@id\":\"https:\\\/\\\/delorenzoglobal.com\\\/fr\\\/#website\",\"url\":\"https:\\\/\\\/delorenzoglobal.com\\\/fr\\\/\",\"name\":\"De Lorenzo Training &amp; Didactical Equipment\",\"description\":\"\",\"potentialAction\":[{\"@type\":\"SearchAction\",\"target\":{\"@type\":\"EntryPoint\",\"urlTemplate\":\"https:\\\/\\\/delorenzoglobal.com\\\/fr\\\/?s={search_term_string}\"},\"query-input\":{\"@type\":\"PropertyValueSpecification\",\"valueRequired\":true,\"valueName\":\"search_term_string\"}}],\"inLanguage\":\"fr-FR\"}]}<\/script>\n<!-- \/ Yoast SEO plugin. -->","yoast_head_json":{"title":"SYST\u00c8ME D\u2019\u00c9NERGIE \u00c9OLIENNE AVEC CONNEXION AU R\u00c9SEAU - De Lorenzo Training &amp; Didactical Equipment","robots":{"index":"index","follow":"follow","max-snippet":"max-snippet:-1","max-image-preview":"max-image-preview:large","max-video-preview":"max-video-preview:-1"},"canonical":"https:\/\/delorenzoglobal.com\/fr\/produit\/systeme-denergie-eolienne-avec-connexion-au-reseau\/","og_locale":"fr_FR","og_type":"article","og_title":"SYST\u00c8ME D\u2019\u00c9NERGIE \u00c9OLIENNE AVEC CONNEXION AU R\u00c9SEAU - De Lorenzo Training &amp; Didactical Equipment","og_description":"Syst\u00e8me didactique modulaire pour l\u2019\u00e9tude th\u00e9orique et pratique d\u2019installation \u00e9lectrique de l\u2019\u00e9nergie \u00e9olienne. Avec le syst\u00e8me didactique d\u2019\u00e9nergie \u00e9olienne et solaire il est possible de r\u00e9aliser les exp\u00e9riences pour d\u00e9terminer les caract\u00e9ristiques d\u2019un a\u00e9rog\u00e9n\u00e9rateur d\u2019\u00e9tudier et le fonctionnement on-grid avec la connexion au r\u00e9seau \u00e9lectrique.","og_url":"https:\/\/delorenzoglobal.com\/fr\/produit\/systeme-denergie-eolienne-avec-connexion-au-reseau\/","og_site_name":"De Lorenzo Training &amp; Didactical Equipment","article_modified_time":"2025-04-29T08:34:37+00:00","og_image":[{"width":1024,"height":616,"url":"https:\/\/delorenzoglobal.com\/wp-content\/uploads\/2024\/04\/DL-WIND-GT-xs.jpg","type":"image\/jpeg"}],"twitter_card":"summary_large_image","twitter_misc":{"Dur\u00e9e de lecture estim\u00e9e":"1 minute"},"schema":{"@context":"https:\/\/schema.org","@graph":[{"@type":"WebPage","@id":"https:\/\/delorenzoglobal.com\/fr\/produit\/systeme-denergie-eolienne-avec-connexion-au-reseau\/","url":"https:\/\/delorenzoglobal.com\/fr\/produit\/systeme-denergie-eolienne-avec-connexion-au-reseau\/","name":"SYST\u00c8ME D\u2019\u00c9NERGIE \u00c9OLIENNE AVEC CONNEXION AU R\u00c9SEAU - De Lorenzo Training &amp; Didactical Equipment","isPartOf":{"@id":"https:\/\/delorenzoglobal.com\/fr\/#website"},"primaryImageOfPage":{"@id":"https:\/\/delorenzoglobal.com\/fr\/produit\/systeme-denergie-eolienne-avec-connexion-au-reseau\/#primaryimage"},"image":{"@id":"https:\/\/delorenzoglobal.com\/fr\/produit\/systeme-denergie-eolienne-avec-connexion-au-reseau\/#primaryimage"},"thumbnailUrl":"https:\/\/delorenzoglobal.com\/wp-content\/uploads\/2024\/04\/DL-WIND-GT-xs.jpg","datePublished":"2024-04-11T08:22:34+00:00","dateModified":"2025-04-29T08:34:37+00:00","breadcrumb":{"@id":"https:\/\/delorenzoglobal.com\/fr\/produit\/systeme-denergie-eolienne-avec-connexion-au-reseau\/#breadcrumb"},"inLanguage":"fr-FR","potentialAction":[{"@type":"ReadAction","target":["https:\/\/delorenzoglobal.com\/fr\/produit\/systeme-denergie-eolienne-avec-connexion-au-reseau\/"]}]},{"@type":"ImageObject","inLanguage":"fr-FR","@id":"https:\/\/delorenzoglobal.com\/fr\/produit\/systeme-denergie-eolienne-avec-connexion-au-reseau\/#primaryimage","url":"https:\/\/delorenzoglobal.com\/wp-content\/uploads\/2024\/04\/DL-WIND-GT-xs.jpg","contentUrl":"https:\/\/delorenzoglobal.com\/wp-content\/uploads\/2024\/04\/DL-WIND-GT-xs.jpg","width":1024,"height":616},{"@type":"BreadcrumbList","@id":"https:\/\/delorenzoglobal.com\/fr\/produit\/systeme-denergie-eolienne-avec-connexion-au-reseau\/#breadcrumb","itemListElement":[{"@type":"ListItem","position":1,"name":"Home","item":"https:\/\/delorenzoglobal.com\/fr\/"},{"@type":"ListItem","position":2,"name":"Boutique","item":"https:\/\/delorenzoglobal.com\/fr\/boutique\/"},{"@type":"ListItem","position":3,"name":"SYST\u00c8ME D\u2019\u00c9NERGIE \u00c9OLIENNE AVEC CONNEXION AU R\u00c9SEAU"}]},{"@type":"WebSite","@id":"https:\/\/delorenzoglobal.com\/fr\/#website","url":"https:\/\/delorenzoglobal.com\/fr\/","name":"De Lorenzo Training &amp; Didactical Equipment","description":"","potentialAction":[{"@type":"SearchAction","target":{"@type":"EntryPoint","urlTemplate":"https:\/\/delorenzoglobal.com\/fr\/?s={search_term_string}"},"query-input":{"@type":"PropertyValueSpecification","valueRequired":true,"valueName":"search_term_string"}}],"inLanguage":"fr-FR"}]}},"_links":{"self":[{"href":"https:\/\/delorenzoglobal.com\/fr\/wp-json\/wp\/v2\/product\/3881","targetHints":{"allow":["GET"]}}],"collection":[{"href":"https:\/\/delorenzoglobal.com\/fr\/wp-json\/wp\/v2\/product"}],"about":[{"href":"https:\/\/delorenzoglobal.com\/fr\/wp-json\/wp\/v2\/types\/product"}],"wp:featuredmedia":[{"embeddable":true,"href":"https:\/\/delorenzoglobal.com\/fr\/wp-json\/wp\/v2\/media\/19428"}],"wp:attachment":[{"href":"https:\/\/delorenzoglobal.com\/fr\/wp-json\/wp\/v2\/media?parent=3881"}],"wp:term":[{"taxonomy":"product_brand","embeddable":true,"href":"https:\/\/delorenzoglobal.com\/fr\/wp-json\/wp\/v2\/product_brand?post=3881"},{"taxonomy":"product_cat","embeddable":true,"href":"https:\/\/delorenzoglobal.com\/fr\/wp-json\/wp\/v2\/product_cat?post=3881"},{"taxonomy":"product_tag","embeddable":true,"href":"https:\/\/delorenzoglobal.com\/fr\/wp-json\/wp\/v2\/product_tag?post=3881"}],"curies":[{"name":"wp","href":"https:\/\/api.w.org\/{rel}","templated":true}]}}