{"id":3774,"date":"2024-04-11T10:01:24","date_gmt":"2024-04-11T08:01:24","guid":{"rendered":"https:\/\/delorenzoglobal.com\/?post_type=product&#038;p=3774"},"modified":"2025-02-17T12:17:48","modified_gmt":"2025-02-17T11:17:48","slug":"energie-solaire-en-reseau-avec-stockage","status":"publish","type":"product","link":"https:\/\/delorenzoglobal.com\/fr\/produit\/energie-solaire-en-reseau-avec-stockage\/","title":{"rendered":"ENERGIE SOLAIRE EN RESEAU AVEC STOCKAGE"},"content":{"rendered":"<p>D\u00e9monstrateur modulaire pour l&rsquo;\u00e9tude th\u00e9orique et pratique de la production d&rsquo;\u00e9nergie \u00e9lectrique \u00e0 partir de panneaux photovolta\u00efques.<\/p>\n<p>Avec l&rsquo;\u00e9nergie solaire en r\u00e9seau avec stockage, il est possible d&rsquo;effectuer des exp\u00e9riences pour d\u00e9terminer les caract\u00e9ristiques d&rsquo;un panneau photovolta\u00efque, \u00e9tudier son fonctionnement en r\u00e9seau avec la connexion au r\u00e9seau \u00e9lectrique et son fonctionnement avec un contr\u00f4leur de charge de batterie connect\u00e9 au r\u00e9seau pour le stockage.<\/p>\n<p>Le syst\u00e8me complet est fourni avec un module de simulation solaire pour une utilisation en int\u00e9rieur.<\/p>\n","protected":false},"excerpt":{"rendered":"<p>D\u00e9monstrateur modulaire pour l&rsquo;\u00e9tude th\u00e9orique et pratique de la production d&rsquo;\u00e9nergie \u00e9lectrique \u00e0 partir de panneaux photovolta\u00efques. Avec l&rsquo;\u00e9nergie solaire en r\u00e9seau avec stockage, il est possible d&rsquo;effectuer des exp\u00e9riences pour d\u00e9terminer les caract\u00e9ristiques d&rsquo;un panneau photovolta\u00efque, \u00e9tudier son fonctionnement en r\u00e9seau avec la connexion au r\u00e9seau \u00e9lectrique et son fonctionnement avec un contr\u00f4leur de [&hellip;]<\/p>\n","protected":false},"featured_media":19420,"template":"","meta":{"_acf_changed":false},"product_brand":[],"product_cat":[247],"product_tag":[],"class_list":{"0":"post-3774","1":"product","2":"type-product","3":"status-publish","4":"has-post-thumbnail","6":"product_cat-panneau-photovoltaique","8":"first","9":"instock","10":"shipping-taxable","11":"product-type-simple"},"acf":[],"yoast_head":"<!-- This site is optimized with the Yoast SEO plugin v27.4 - https:\/\/yoast.com\/product\/yoast-seo-wordpress\/ -->\n<title>ENERGIE SOLAIRE EN RESEAU AVEC STOCKAGE - De Lorenzo Training &amp; Didactical Equipment<\/title>\n<meta name=\"robots\" content=\"index, follow, max-snippet:-1, max-image-preview:large, max-video-preview:-1\" \/>\n<link rel=\"canonical\" href=\"https:\/\/delorenzoglobal.com\/fr\/produit\/energie-solaire-en-reseau-avec-stockage\/\" \/>\n<meta property=\"og:locale\" content=\"fr_FR\" \/>\n<meta property=\"og:type\" content=\"article\" \/>\n<meta property=\"og:title\" content=\"ENERGIE SOLAIRE EN RESEAU AVEC STOCKAGE - De Lorenzo Training &amp; Didactical Equipment\" \/>\n<meta property=\"og:description\" content=\"D\u00e9monstrateur modulaire pour l&rsquo;\u00e9tude th\u00e9orique et pratique de la production d&rsquo;\u00e9nergie \u00e9lectrique \u00e0 partir de panneaux photovolta\u00efques. Avec l&rsquo;\u00e9nergie solaire en r\u00e9seau avec stockage, il est possible d&rsquo;effectuer des exp\u00e9riences pour d\u00e9terminer les caract\u00e9ristiques d&rsquo;un panneau photovolta\u00efque, \u00e9tudier son fonctionnement en r\u00e9seau avec la connexion au r\u00e9seau \u00e9lectrique et son fonctionnement avec un contr\u00f4leur de [&hellip;]\" \/>\n<meta property=\"og:url\" content=\"https:\/\/delorenzoglobal.com\/fr\/produit\/energie-solaire-en-reseau-avec-stockage\/\" \/>\n<meta property=\"og:site_name\" content=\"De Lorenzo Training &amp; Didactical Equipment\" \/>\n<meta property=\"article:modified_time\" content=\"2025-02-17T11:17:48+00:00\" \/>\n<meta property=\"og:image\" content=\"https:\/\/delorenzoglobal.com\/wp-content\/uploads\/2024\/04\/DL-SOLAR-GTS-xs-scaled.jpg\" \/>\n\t<meta property=\"og:image:width\" content=\"2560\" \/>\n\t<meta property=\"og:image:height\" content=\"1423\" \/>\n\t<meta property=\"og:image:type\" content=\"image\/jpeg\" \/>\n<meta name=\"twitter:card\" content=\"summary_large_image\" \/>\n<meta name=\"twitter:label1\" content=\"Dur\u00e9e de lecture estim\u00e9e\" \/>\n\t<meta name=\"twitter:data1\" content=\"1 minute\" \/>\n<script type=\"application\/ld+json\" class=\"yoast-schema-graph\">{\"@context\":\"https:\\\/\\\/schema.org\",\"@graph\":[{\"@type\":\"WebPage\",\"@id\":\"https:\\\/\\\/delorenzoglobal.com\\\/fr\\\/produit\\\/energie-solaire-en-reseau-avec-stockage\\\/\",\"url\":\"https:\\\/\\\/delorenzoglobal.com\\\/fr\\\/produit\\\/energie-solaire-en-reseau-avec-stockage\\\/\",\"name\":\"ENERGIE SOLAIRE EN RESEAU AVEC STOCKAGE - De Lorenzo Training &amp; Didactical Equipment\",\"isPartOf\":{\"@id\":\"https:\\\/\\\/delorenzoglobal.com\\\/fr\\\/#website\"},\"primaryImageOfPage\":{\"@id\":\"https:\\\/\\\/delorenzoglobal.com\\\/fr\\\/produit\\\/energie-solaire-en-reseau-avec-stockage\\\/#primaryimage\"},\"image\":{\"@id\":\"https:\\\/\\\/delorenzoglobal.com\\\/fr\\\/produit\\\/energie-solaire-en-reseau-avec-stockage\\\/#primaryimage\"},\"thumbnailUrl\":\"https:\\\/\\\/delorenzoglobal.com\\\/wp-content\\\/uploads\\\/2024\\\/04\\\/DL-SOLAR-GTS-xs-scaled.jpg\",\"datePublished\":\"2024-04-11T08:01:24+00:00\",\"dateModified\":\"2025-02-17T11:17:48+00:00\",\"breadcrumb\":{\"@id\":\"https:\\\/\\\/delorenzoglobal.com\\\/fr\\\/produit\\\/energie-solaire-en-reseau-avec-stockage\\\/#breadcrumb\"},\"inLanguage\":\"fr-FR\",\"potentialAction\":[{\"@type\":\"ReadAction\",\"target\":[\"https:\\\/\\\/delorenzoglobal.com\\\/fr\\\/produit\\\/energie-solaire-en-reseau-avec-stockage\\\/\"]}]},{\"@type\":\"ImageObject\",\"inLanguage\":\"fr-FR\",\"@id\":\"https:\\\/\\\/delorenzoglobal.com\\\/fr\\\/produit\\\/energie-solaire-en-reseau-avec-stockage\\\/#primaryimage\",\"url\":\"https:\\\/\\\/delorenzoglobal.com\\\/wp-content\\\/uploads\\\/2024\\\/04\\\/DL-SOLAR-GTS-xs-scaled.jpg\",\"contentUrl\":\"https:\\\/\\\/delorenzoglobal.com\\\/wp-content\\\/uploads\\\/2024\\\/04\\\/DL-SOLAR-GTS-xs-scaled.jpg\",\"width\":2560,\"height\":1423},{\"@type\":\"BreadcrumbList\",\"@id\":\"https:\\\/\\\/delorenzoglobal.com\\\/fr\\\/produit\\\/energie-solaire-en-reseau-avec-stockage\\\/#breadcrumb\",\"itemListElement\":[{\"@type\":\"ListItem\",\"position\":1,\"name\":\"Home\",\"item\":\"https:\\\/\\\/delorenzoglobal.com\\\/fr\\\/\"},{\"@type\":\"ListItem\",\"position\":2,\"name\":\"Boutique\",\"item\":\"https:\\\/\\\/delorenzoglobal.com\\\/fr\\\/boutique\\\/\"},{\"@type\":\"ListItem\",\"position\":3,\"name\":\"ENERGIE SOLAIRE EN RESEAU AVEC STOCKAGE\"}]},{\"@type\":\"WebSite\",\"@id\":\"https:\\\/\\\/delorenzoglobal.com\\\/fr\\\/#website\",\"url\":\"https:\\\/\\\/delorenzoglobal.com\\\/fr\\\/\",\"name\":\"De Lorenzo Training &amp; Didactical Equipment\",\"description\":\"\",\"potentialAction\":[{\"@type\":\"SearchAction\",\"target\":{\"@type\":\"EntryPoint\",\"urlTemplate\":\"https:\\\/\\\/delorenzoglobal.com\\\/fr\\\/?s={search_term_string}\"},\"query-input\":{\"@type\":\"PropertyValueSpecification\",\"valueRequired\":true,\"valueName\":\"search_term_string\"}}],\"inLanguage\":\"fr-FR\"}]}<\/script>\n<!-- \/ Yoast SEO plugin. -->","yoast_head_json":{"title":"ENERGIE SOLAIRE EN RESEAU AVEC STOCKAGE - De Lorenzo Training &amp; Didactical Equipment","robots":{"index":"index","follow":"follow","max-snippet":"max-snippet:-1","max-image-preview":"max-image-preview:large","max-video-preview":"max-video-preview:-1"},"canonical":"https:\/\/delorenzoglobal.com\/fr\/produit\/energie-solaire-en-reseau-avec-stockage\/","og_locale":"fr_FR","og_type":"article","og_title":"ENERGIE SOLAIRE EN RESEAU AVEC STOCKAGE - De Lorenzo Training &amp; Didactical Equipment","og_description":"D\u00e9monstrateur modulaire pour l&rsquo;\u00e9tude th\u00e9orique et pratique de la production d&rsquo;\u00e9nergie \u00e9lectrique \u00e0 partir de panneaux photovolta\u00efques. Avec l&rsquo;\u00e9nergie solaire en r\u00e9seau avec stockage, il est possible d&rsquo;effectuer des exp\u00e9riences pour d\u00e9terminer les caract\u00e9ristiques d&rsquo;un panneau photovolta\u00efque, \u00e9tudier son fonctionnement en r\u00e9seau avec la connexion au r\u00e9seau \u00e9lectrique et son fonctionnement avec un contr\u00f4leur de [&hellip;]","og_url":"https:\/\/delorenzoglobal.com\/fr\/produit\/energie-solaire-en-reseau-avec-stockage\/","og_site_name":"De Lorenzo Training &amp; Didactical Equipment","article_modified_time":"2025-02-17T11:17:48+00:00","og_image":[{"width":2560,"height":1423,"url":"https:\/\/delorenzoglobal.com\/wp-content\/uploads\/2024\/04\/DL-SOLAR-GTS-xs-scaled.jpg","type":"image\/jpeg"}],"twitter_card":"summary_large_image","twitter_misc":{"Dur\u00e9e de lecture estim\u00e9e":"1 minute"},"schema":{"@context":"https:\/\/schema.org","@graph":[{"@type":"WebPage","@id":"https:\/\/delorenzoglobal.com\/fr\/produit\/energie-solaire-en-reseau-avec-stockage\/","url":"https:\/\/delorenzoglobal.com\/fr\/produit\/energie-solaire-en-reseau-avec-stockage\/","name":"ENERGIE SOLAIRE EN RESEAU AVEC STOCKAGE - De Lorenzo Training &amp; Didactical Equipment","isPartOf":{"@id":"https:\/\/delorenzoglobal.com\/fr\/#website"},"primaryImageOfPage":{"@id":"https:\/\/delorenzoglobal.com\/fr\/produit\/energie-solaire-en-reseau-avec-stockage\/#primaryimage"},"image":{"@id":"https:\/\/delorenzoglobal.com\/fr\/produit\/energie-solaire-en-reseau-avec-stockage\/#primaryimage"},"thumbnailUrl":"https:\/\/delorenzoglobal.com\/wp-content\/uploads\/2024\/04\/DL-SOLAR-GTS-xs-scaled.jpg","datePublished":"2024-04-11T08:01:24+00:00","dateModified":"2025-02-17T11:17:48+00:00","breadcrumb":{"@id":"https:\/\/delorenzoglobal.com\/fr\/produit\/energie-solaire-en-reseau-avec-stockage\/#breadcrumb"},"inLanguage":"fr-FR","potentialAction":[{"@type":"ReadAction","target":["https:\/\/delorenzoglobal.com\/fr\/produit\/energie-solaire-en-reseau-avec-stockage\/"]}]},{"@type":"ImageObject","inLanguage":"fr-FR","@id":"https:\/\/delorenzoglobal.com\/fr\/produit\/energie-solaire-en-reseau-avec-stockage\/#primaryimage","url":"https:\/\/delorenzoglobal.com\/wp-content\/uploads\/2024\/04\/DL-SOLAR-GTS-xs-scaled.jpg","contentUrl":"https:\/\/delorenzoglobal.com\/wp-content\/uploads\/2024\/04\/DL-SOLAR-GTS-xs-scaled.jpg","width":2560,"height":1423},{"@type":"BreadcrumbList","@id":"https:\/\/delorenzoglobal.com\/fr\/produit\/energie-solaire-en-reseau-avec-stockage\/#breadcrumb","itemListElement":[{"@type":"ListItem","position":1,"name":"Home","item":"https:\/\/delorenzoglobal.com\/fr\/"},{"@type":"ListItem","position":2,"name":"Boutique","item":"https:\/\/delorenzoglobal.com\/fr\/boutique\/"},{"@type":"ListItem","position":3,"name":"ENERGIE SOLAIRE EN RESEAU AVEC STOCKAGE"}]},{"@type":"WebSite","@id":"https:\/\/delorenzoglobal.com\/fr\/#website","url":"https:\/\/delorenzoglobal.com\/fr\/","name":"De Lorenzo Training &amp; Didactical Equipment","description":"","potentialAction":[{"@type":"SearchAction","target":{"@type":"EntryPoint","urlTemplate":"https:\/\/delorenzoglobal.com\/fr\/?s={search_term_string}"},"query-input":{"@type":"PropertyValueSpecification","valueRequired":true,"valueName":"search_term_string"}}],"inLanguage":"fr-FR"}]}},"_links":{"self":[{"href":"https:\/\/delorenzoglobal.com\/fr\/wp-json\/wp\/v2\/product\/3774","targetHints":{"allow":["GET"]}}],"collection":[{"href":"https:\/\/delorenzoglobal.com\/fr\/wp-json\/wp\/v2\/product"}],"about":[{"href":"https:\/\/delorenzoglobal.com\/fr\/wp-json\/wp\/v2\/types\/product"}],"wp:featuredmedia":[{"embeddable":true,"href":"https:\/\/delorenzoglobal.com\/fr\/wp-json\/wp\/v2\/media\/19420"}],"wp:attachment":[{"href":"https:\/\/delorenzoglobal.com\/fr\/wp-json\/wp\/v2\/media?parent=3774"}],"wp:term":[{"taxonomy":"product_brand","embeddable":true,"href":"https:\/\/delorenzoglobal.com\/fr\/wp-json\/wp\/v2\/product_brand?post=3774"},{"taxonomy":"product_cat","embeddable":true,"href":"https:\/\/delorenzoglobal.com\/fr\/wp-json\/wp\/v2\/product_cat?post=3774"},{"taxonomy":"product_tag","embeddable":true,"href":"https:\/\/delorenzoglobal.com\/fr\/wp-json\/wp\/v2\/product_tag?post=3774"}],"curies":[{"name":"wp","href":"https:\/\/api.w.org\/{rel}","templated":true}]}}