{"id":3714,"date":"2024-04-11T09:52:17","date_gmt":"2024-04-11T07:52:17","guid":{"rendered":"https:\/\/delorenzoglobal.com\/?post_type=product&#038;p=3714"},"modified":"2025-04-29T10:20:02","modified_gmt":"2025-04-29T08:20:02","slug":"systeme-de-mesures-du-panneau-solaire-photovoltaique","status":"publish","type":"product","link":"https:\/\/delorenzoglobal.com\/fr\/produit\/systeme-de-mesures-du-panneau-solaire-photovoltaique\/","title":{"rendered":"SYST\u00c8ME DE MESURES DU PANNEAU SOLAIRE PHOTOVOLTA\u00cfQUE"},"content":{"rendered":"<p>Syst\u00e8me didactique pour l\u2019\u00e9tude th\u00e9orique et pratique des panneaux solaires photovolta\u00efques.<\/p>\n<p>Avec le syst\u00e8me de mesures du panneau solaire photovolta\u00efque, il est possible d\u2019ex\u00e9cuter des exp\u00e9riences en int\u00e9rieur et en ext\u00e9rieur pour d\u00e9terminer et mesurer les caract\u00e9ristiques de diff\u00e9rents types de panneaux photovolta\u00efques et des connexions.<\/p>\n<p>Le syst\u00e8me est fourni avec de c\u00e2bles de connexion, instruments et un manuel des exp\u00e9riences et des activit\u00e9s didactiques.<\/p>\n","protected":false},"excerpt":{"rendered":"<p>Syst\u00e8me didactique pour l\u2019\u00e9tude th\u00e9orique et pratique des panneaux solaires photovolta\u00efques. Avec le syst\u00e8me de mesures du panneau solaire photovolta\u00efque, il est possible d\u2019ex\u00e9cuter des exp\u00e9riences en int\u00e9rieur et en ext\u00e9rieur pour d\u00e9terminer et mesurer les caract\u00e9ristiques de diff\u00e9rents types de panneaux photovolta\u00efques et des connexions. Le syst\u00e8me est fourni avec de c\u00e2bles de connexion, [&hellip;]<\/p>\n","protected":false},"featured_media":3703,"template":"","meta":{"_acf_changed":false},"product_brand":[],"product_cat":[247],"product_tag":[],"class_list":{"0":"post-3714","1":"product","2":"type-product","3":"status-publish","4":"has-post-thumbnail","6":"product_cat-panneau-photovoltaique","8":"first","9":"instock","10":"shipping-taxable","11":"product-type-simple"},"acf":[],"yoast_head":"<!-- This site is optimized with the Yoast SEO plugin v27.4 - https:\/\/yoast.com\/product\/yoast-seo-wordpress\/ -->\n<title>SYST\u00c8ME DE MESURES DU PANNEAU SOLAIRE PHOTOVOLTA\u00cfQUE - De Lorenzo Training &amp; Didactical Equipment<\/title>\n<meta name=\"robots\" content=\"index, follow, max-snippet:-1, max-image-preview:large, max-video-preview:-1\" \/>\n<link rel=\"canonical\" href=\"https:\/\/delorenzoglobal.com\/fr\/produit\/systeme-de-mesures-du-panneau-solaire-photovoltaique\/\" \/>\n<meta property=\"og:locale\" content=\"fr_FR\" \/>\n<meta property=\"og:type\" content=\"article\" \/>\n<meta property=\"og:title\" content=\"SYST\u00c8ME DE MESURES DU PANNEAU SOLAIRE PHOTOVOLTA\u00cfQUE - De Lorenzo Training &amp; Didactical Equipment\" \/>\n<meta property=\"og:description\" content=\"Syst\u00e8me didactique pour l\u2019\u00e9tude th\u00e9orique et pratique des panneaux solaires photovolta\u00efques. Avec le syst\u00e8me de mesures du panneau solaire photovolta\u00efque, il est possible d\u2019ex\u00e9cuter des exp\u00e9riences en int\u00e9rieur et en ext\u00e9rieur pour d\u00e9terminer et mesurer les caract\u00e9ristiques de diff\u00e9rents types de panneaux photovolta\u00efques et des connexions. Le syst\u00e8me est fourni avec de c\u00e2bles de connexion, [&hellip;]\" \/>\n<meta property=\"og:url\" content=\"https:\/\/delorenzoglobal.com\/fr\/produit\/systeme-de-mesures-du-panneau-solaire-photovoltaique\/\" \/>\n<meta property=\"og:site_name\" content=\"De Lorenzo Training &amp; Didactical Equipment\" \/>\n<meta property=\"article:modified_time\" content=\"2025-04-29T08:20:02+00:00\" \/>\n<meta property=\"og:image\" content=\"https:\/\/delorenzoglobal.com\/wp-content\/uploads\/2024\/04\/DL-SOLAR-PV-scaled.jpg\" \/>\n\t<meta property=\"og:image:width\" content=\"2560\" \/>\n\t<meta property=\"og:image:height\" content=\"1552\" \/>\n\t<meta property=\"og:image:type\" content=\"image\/jpeg\" \/>\n<meta name=\"twitter:card\" content=\"summary_large_image\" \/>\n<meta name=\"twitter:label1\" content=\"Dur\u00e9e de lecture estim\u00e9e\" \/>\n\t<meta name=\"twitter:data1\" content=\"1 minute\" \/>\n<script type=\"application\/ld+json\" class=\"yoast-schema-graph\">{\"@context\":\"https:\\\/\\\/schema.org\",\"@graph\":[{\"@type\":\"WebPage\",\"@id\":\"https:\\\/\\\/delorenzoglobal.com\\\/fr\\\/produit\\\/systeme-de-mesures-du-panneau-solaire-photovoltaique\\\/\",\"url\":\"https:\\\/\\\/delorenzoglobal.com\\\/fr\\\/produit\\\/systeme-de-mesures-du-panneau-solaire-photovoltaique\\\/\",\"name\":\"SYST\u00c8ME DE MESURES DU PANNEAU SOLAIRE PHOTOVOLTA\u00cfQUE - De Lorenzo Training &amp; Didactical Equipment\",\"isPartOf\":{\"@id\":\"https:\\\/\\\/delorenzoglobal.com\\\/fr\\\/#website\"},\"primaryImageOfPage\":{\"@id\":\"https:\\\/\\\/delorenzoglobal.com\\\/fr\\\/produit\\\/systeme-de-mesures-du-panneau-solaire-photovoltaique\\\/#primaryimage\"},\"image\":{\"@id\":\"https:\\\/\\\/delorenzoglobal.com\\\/fr\\\/produit\\\/systeme-de-mesures-du-panneau-solaire-photovoltaique\\\/#primaryimage\"},\"thumbnailUrl\":\"https:\\\/\\\/delorenzoglobal.com\\\/wp-content\\\/uploads\\\/2024\\\/04\\\/DL-SOLAR-PV-scaled.jpg\",\"datePublished\":\"2024-04-11T07:52:17+00:00\",\"dateModified\":\"2025-04-29T08:20:02+00:00\",\"breadcrumb\":{\"@id\":\"https:\\\/\\\/delorenzoglobal.com\\\/fr\\\/produit\\\/systeme-de-mesures-du-panneau-solaire-photovoltaique\\\/#breadcrumb\"},\"inLanguage\":\"fr-FR\",\"potentialAction\":[{\"@type\":\"ReadAction\",\"target\":[\"https:\\\/\\\/delorenzoglobal.com\\\/fr\\\/produit\\\/systeme-de-mesures-du-panneau-solaire-photovoltaique\\\/\"]}]},{\"@type\":\"ImageObject\",\"inLanguage\":\"fr-FR\",\"@id\":\"https:\\\/\\\/delorenzoglobal.com\\\/fr\\\/produit\\\/systeme-de-mesures-du-panneau-solaire-photovoltaique\\\/#primaryimage\",\"url\":\"https:\\\/\\\/delorenzoglobal.com\\\/wp-content\\\/uploads\\\/2024\\\/04\\\/DL-SOLAR-PV-scaled.jpg\",\"contentUrl\":\"https:\\\/\\\/delorenzoglobal.com\\\/wp-content\\\/uploads\\\/2024\\\/04\\\/DL-SOLAR-PV-scaled.jpg\",\"width\":2560,\"height\":1552},{\"@type\":\"BreadcrumbList\",\"@id\":\"https:\\\/\\\/delorenzoglobal.com\\\/fr\\\/produit\\\/systeme-de-mesures-du-panneau-solaire-photovoltaique\\\/#breadcrumb\",\"itemListElement\":[{\"@type\":\"ListItem\",\"position\":1,\"name\":\"Home\",\"item\":\"https:\\\/\\\/delorenzoglobal.com\\\/fr\\\/\"},{\"@type\":\"ListItem\",\"position\":2,\"name\":\"Boutique\",\"item\":\"https:\\\/\\\/delorenzoglobal.com\\\/fr\\\/boutique\\\/\"},{\"@type\":\"ListItem\",\"position\":3,\"name\":\"SYST\u00c8ME DE MESURES DU PANNEAU SOLAIRE PHOTOVOLTA\u00cfQUE\"}]},{\"@type\":\"WebSite\",\"@id\":\"https:\\\/\\\/delorenzoglobal.com\\\/fr\\\/#website\",\"url\":\"https:\\\/\\\/delorenzoglobal.com\\\/fr\\\/\",\"name\":\"De Lorenzo Training &amp; Didactical Equipment\",\"description\":\"\",\"potentialAction\":[{\"@type\":\"SearchAction\",\"target\":{\"@type\":\"EntryPoint\",\"urlTemplate\":\"https:\\\/\\\/delorenzoglobal.com\\\/fr\\\/?s={search_term_string}\"},\"query-input\":{\"@type\":\"PropertyValueSpecification\",\"valueRequired\":true,\"valueName\":\"search_term_string\"}}],\"inLanguage\":\"fr-FR\"}]}<\/script>\n<!-- \/ Yoast SEO plugin. -->","yoast_head_json":{"title":"SYST\u00c8ME DE MESURES DU PANNEAU SOLAIRE PHOTOVOLTA\u00cfQUE - De Lorenzo Training &amp; Didactical Equipment","robots":{"index":"index","follow":"follow","max-snippet":"max-snippet:-1","max-image-preview":"max-image-preview:large","max-video-preview":"max-video-preview:-1"},"canonical":"https:\/\/delorenzoglobal.com\/fr\/produit\/systeme-de-mesures-du-panneau-solaire-photovoltaique\/","og_locale":"fr_FR","og_type":"article","og_title":"SYST\u00c8ME DE MESURES DU PANNEAU SOLAIRE PHOTOVOLTA\u00cfQUE - De Lorenzo Training &amp; Didactical Equipment","og_description":"Syst\u00e8me didactique pour l\u2019\u00e9tude th\u00e9orique et pratique des panneaux solaires photovolta\u00efques. Avec le syst\u00e8me de mesures du panneau solaire photovolta\u00efque, il est possible d\u2019ex\u00e9cuter des exp\u00e9riences en int\u00e9rieur et en ext\u00e9rieur pour d\u00e9terminer et mesurer les caract\u00e9ristiques de diff\u00e9rents types de panneaux photovolta\u00efques et des connexions. Le syst\u00e8me est fourni avec de c\u00e2bles de connexion, [&hellip;]","og_url":"https:\/\/delorenzoglobal.com\/fr\/produit\/systeme-de-mesures-du-panneau-solaire-photovoltaique\/","og_site_name":"De Lorenzo Training &amp; Didactical Equipment","article_modified_time":"2025-04-29T08:20:02+00:00","og_image":[{"width":2560,"height":1552,"url":"https:\/\/delorenzoglobal.com\/wp-content\/uploads\/2024\/04\/DL-SOLAR-PV-scaled.jpg","type":"image\/jpeg"}],"twitter_card":"summary_large_image","twitter_misc":{"Dur\u00e9e de lecture estim\u00e9e":"1 minute"},"schema":{"@context":"https:\/\/schema.org","@graph":[{"@type":"WebPage","@id":"https:\/\/delorenzoglobal.com\/fr\/produit\/systeme-de-mesures-du-panneau-solaire-photovoltaique\/","url":"https:\/\/delorenzoglobal.com\/fr\/produit\/systeme-de-mesures-du-panneau-solaire-photovoltaique\/","name":"SYST\u00c8ME DE MESURES DU PANNEAU SOLAIRE PHOTOVOLTA\u00cfQUE - De Lorenzo Training &amp; Didactical Equipment","isPartOf":{"@id":"https:\/\/delorenzoglobal.com\/fr\/#website"},"primaryImageOfPage":{"@id":"https:\/\/delorenzoglobal.com\/fr\/produit\/systeme-de-mesures-du-panneau-solaire-photovoltaique\/#primaryimage"},"image":{"@id":"https:\/\/delorenzoglobal.com\/fr\/produit\/systeme-de-mesures-du-panneau-solaire-photovoltaique\/#primaryimage"},"thumbnailUrl":"https:\/\/delorenzoglobal.com\/wp-content\/uploads\/2024\/04\/DL-SOLAR-PV-scaled.jpg","datePublished":"2024-04-11T07:52:17+00:00","dateModified":"2025-04-29T08:20:02+00:00","breadcrumb":{"@id":"https:\/\/delorenzoglobal.com\/fr\/produit\/systeme-de-mesures-du-panneau-solaire-photovoltaique\/#breadcrumb"},"inLanguage":"fr-FR","potentialAction":[{"@type":"ReadAction","target":["https:\/\/delorenzoglobal.com\/fr\/produit\/systeme-de-mesures-du-panneau-solaire-photovoltaique\/"]}]},{"@type":"ImageObject","inLanguage":"fr-FR","@id":"https:\/\/delorenzoglobal.com\/fr\/produit\/systeme-de-mesures-du-panneau-solaire-photovoltaique\/#primaryimage","url":"https:\/\/delorenzoglobal.com\/wp-content\/uploads\/2024\/04\/DL-SOLAR-PV-scaled.jpg","contentUrl":"https:\/\/delorenzoglobal.com\/wp-content\/uploads\/2024\/04\/DL-SOLAR-PV-scaled.jpg","width":2560,"height":1552},{"@type":"BreadcrumbList","@id":"https:\/\/delorenzoglobal.com\/fr\/produit\/systeme-de-mesures-du-panneau-solaire-photovoltaique\/#breadcrumb","itemListElement":[{"@type":"ListItem","position":1,"name":"Home","item":"https:\/\/delorenzoglobal.com\/fr\/"},{"@type":"ListItem","position":2,"name":"Boutique","item":"https:\/\/delorenzoglobal.com\/fr\/boutique\/"},{"@type":"ListItem","position":3,"name":"SYST\u00c8ME DE MESURES DU PANNEAU SOLAIRE PHOTOVOLTA\u00cfQUE"}]},{"@type":"WebSite","@id":"https:\/\/delorenzoglobal.com\/fr\/#website","url":"https:\/\/delorenzoglobal.com\/fr\/","name":"De Lorenzo Training &amp; Didactical Equipment","description":"","potentialAction":[{"@type":"SearchAction","target":{"@type":"EntryPoint","urlTemplate":"https:\/\/delorenzoglobal.com\/fr\/?s={search_term_string}"},"query-input":{"@type":"PropertyValueSpecification","valueRequired":true,"valueName":"search_term_string"}}],"inLanguage":"fr-FR"}]}},"_links":{"self":[{"href":"https:\/\/delorenzoglobal.com\/fr\/wp-json\/wp\/v2\/product\/3714","targetHints":{"allow":["GET"]}}],"collection":[{"href":"https:\/\/delorenzoglobal.com\/fr\/wp-json\/wp\/v2\/product"}],"about":[{"href":"https:\/\/delorenzoglobal.com\/fr\/wp-json\/wp\/v2\/types\/product"}],"wp:featuredmedia":[{"embeddable":true,"href":"https:\/\/delorenzoglobal.com\/fr\/wp-json\/wp\/v2\/media\/3703"}],"wp:attachment":[{"href":"https:\/\/delorenzoglobal.com\/fr\/wp-json\/wp\/v2\/media?parent=3714"}],"wp:term":[{"taxonomy":"product_brand","embeddable":true,"href":"https:\/\/delorenzoglobal.com\/fr\/wp-json\/wp\/v2\/product_brand?post=3714"},{"taxonomy":"product_cat","embeddable":true,"href":"https:\/\/delorenzoglobal.com\/fr\/wp-json\/wp\/v2\/product_cat?post=3714"},{"taxonomy":"product_tag","embeddable":true,"href":"https:\/\/delorenzoglobal.com\/fr\/wp-json\/wp\/v2\/product_tag?post=3714"}],"curies":[{"name":"wp","href":"https:\/\/api.w.org\/{rel}","templated":true}]}}