{"id":371,"date":"2024-04-08T08:51:29","date_gmt":"2024-04-08T06:51:29","guid":{"rendered":"https:\/\/delorenzoglobal.com\/?post_type=product&#038;p=371"},"modified":"2025-04-22T14:21:06","modified_gmt":"2025-04-22T12:21:06","slug":"stacion-de-stockage-et-delectricite","status":"publish","type":"product","link":"https:\/\/delorenzoglobal.com\/fr\/produit\/stacion-de-stockage-et-delectricite\/","title":{"rendered":"STOCKAGE ET ALIMENTATION"},"content":{"rendered":"<p>Avec la nouvelle r\u00e9volution industrielle, les logiciels, le mat\u00e9riel, et les processus sont int\u00e9gr\u00e9s de telle sorte que la production \u00abPush\u00bb (fabriqu\u00e9 en premier et ensuite vendu) devient une production \u00abPull\u00bb (seulement ce que le consommateur demande est fabriqu\u00e9).<\/p>\n<p>La transformation num\u00e9rique appliqu\u00e9e \u00e0 l&rsquo;industrie est caract\u00e9ris\u00e9e par l&rsquo;interaction totale entre les \u00e9l\u00e9ments et les processus qui constituent une unit\u00e9 de production.<\/p>\n<p>Notre syst\u00e8me didactique est con\u00e7u pour int\u00e9grer les connaissances de diff\u00e9rents domaines ou d\u00e9partements au sein d&rsquo;une entreprise. Par cons\u00e9quent, les \u00e9tudiants de diff\u00e9rentes carri\u00e8res peuvent interagir, apprendre et appliquer des concepts de leur domaine de sp\u00e9cialisation \u00abcomp\u00e9tences techniques\u00bb et \u00e9tudier des concepts d&rsquo;autres domaines de connaissances.<\/p>\n<p>Cette station fonctionne comme un entrep\u00f4t de syst\u00e8me de stockage et de r\u00e9cup\u00e9ration automatis\u00e9 (AS\/RS).<\/p>\n<p>La station est compos\u00e9e d&rsquo;une bande transporteuse qui alimente le mat\u00e9riel dans le syst\u00e8me, et d&rsquo;un robot cart\u00e9sien qui le positionne dans l&rsquo;un des quatre entrep\u00f4ts, \u00e0 l&#8217;emplacement d\u00e9termin\u00e9 par le logiciel en fonction du type de mat\u00e9riel identifi\u00e9 par le capteur d&rsquo;inspection visuelle.<\/p>\n<p>Deux stations suppl\u00e9mentaires (Control Station et 3D Print Station) compl\u00e8tent la station principale.<\/p>\n","protected":false},"excerpt":{"rendered":"<p>Avec la nouvelle r\u00e9volution industrielle, les logiciels, le mat\u00e9riel, et les processus sont int\u00e9gr\u00e9s de telle sorte que la production \u00abPush\u00bb (fabriqu\u00e9 en premier et ensuite vendu) devient une production \u00abPull\u00bb (seulement ce que le consommateur demande est fabriqu\u00e9). La transformation num\u00e9rique appliqu\u00e9e \u00e0 l&rsquo;industrie est caract\u00e9ris\u00e9e par l&rsquo;interaction totale entre les \u00e9l\u00e9ments et les [&hellip;]<\/p>\n","protected":false},"featured_media":36048,"template":"","meta":{"_acf_changed":false},"product_brand":[],"product_cat":[151],"product_tag":[],"class_list":{"0":"post-371","1":"product","2":"type-product","3":"status-publish","4":"has-post-thumbnail","6":"product_cat-systeme-didactique-dl-i4-0","8":"first","9":"instock","10":"shipping-taxable","11":"product-type-simple"},"acf":[],"yoast_head":"<!-- This site is optimized with the Yoast SEO plugin v27.4 - https:\/\/yoast.com\/product\/yoast-seo-wordpress\/ -->\n<title>STOCKAGE ET ALIMENTATION - De Lorenzo Training &amp; Didactical Equipment<\/title>\n<meta name=\"robots\" content=\"index, follow, max-snippet:-1, max-image-preview:large, max-video-preview:-1\" \/>\n<link rel=\"canonical\" href=\"https:\/\/delorenzoglobal.com\/fr\/produit\/stacion-de-stockage-et-delectricite\/\" \/>\n<meta property=\"og:locale\" content=\"fr_FR\" \/>\n<meta property=\"og:type\" content=\"article\" \/>\n<meta property=\"og:title\" content=\"STOCKAGE ET ALIMENTATION - De Lorenzo Training &amp; Didactical Equipment\" \/>\n<meta property=\"og:description\" content=\"Avec la nouvelle r\u00e9volution industrielle, les logiciels, le mat\u00e9riel, et les processus sont int\u00e9gr\u00e9s de telle sorte que la production \u00abPush\u00bb (fabriqu\u00e9 en premier et ensuite vendu) devient une production \u00abPull\u00bb (seulement ce que le consommateur demande est fabriqu\u00e9). La transformation num\u00e9rique appliqu\u00e9e \u00e0 l&rsquo;industrie est caract\u00e9ris\u00e9e par l&rsquo;interaction totale entre les \u00e9l\u00e9ments et les [&hellip;]\" \/>\n<meta property=\"og:url\" content=\"https:\/\/delorenzoglobal.com\/fr\/produit\/stacion-de-stockage-et-delectricite\/\" \/>\n<meta property=\"og:site_name\" content=\"De Lorenzo Training &amp; Didactical Equipment\" \/>\n<meta property=\"article:modified_time\" content=\"2025-04-22T12:21:06+00:00\" \/>\n<meta property=\"og:image\" content=\"https:\/\/delorenzoglobal.com\/wp-content\/uploads\/2024\/03\/DL-I4.0-ST1-STORAGE-AND-POWER-STATION.jpg\" \/>\n\t<meta property=\"og:image:width\" content=\"474\" \/>\n\t<meta property=\"og:image:height\" content=\"836\" \/>\n\t<meta property=\"og:image:type\" content=\"image\/jpeg\" \/>\n<meta name=\"twitter:card\" content=\"summary_large_image\" \/>\n<meta name=\"twitter:label1\" content=\"Dur\u00e9e de lecture estim\u00e9e\" \/>\n\t<meta name=\"twitter:data1\" content=\"2 minutes\" \/>\n<script type=\"application\/ld+json\" class=\"yoast-schema-graph\">{\"@context\":\"https:\\\/\\\/schema.org\",\"@graph\":[{\"@type\":\"WebPage\",\"@id\":\"https:\\\/\\\/delorenzoglobal.com\\\/fr\\\/produit\\\/stacion-de-stockage-et-delectricite\\\/\",\"url\":\"https:\\\/\\\/delorenzoglobal.com\\\/fr\\\/produit\\\/stacion-de-stockage-et-delectricite\\\/\",\"name\":\"STOCKAGE ET ALIMENTATION - De Lorenzo Training &amp; Didactical Equipment\",\"isPartOf\":{\"@id\":\"https:\\\/\\\/delorenzoglobal.com\\\/fr\\\/#website\"},\"primaryImageOfPage\":{\"@id\":\"https:\\\/\\\/delorenzoglobal.com\\\/fr\\\/produit\\\/stacion-de-stockage-et-delectricite\\\/#primaryimage\"},\"image\":{\"@id\":\"https:\\\/\\\/delorenzoglobal.com\\\/fr\\\/produit\\\/stacion-de-stockage-et-delectricite\\\/#primaryimage\"},\"thumbnailUrl\":\"https:\\\/\\\/delorenzoglobal.com\\\/wp-content\\\/uploads\\\/2024\\\/03\\\/DL-I4.0-ST1-STORAGE-AND-POWER-STATION.jpg\",\"datePublished\":\"2024-04-08T06:51:29+00:00\",\"dateModified\":\"2025-04-22T12:21:06+00:00\",\"breadcrumb\":{\"@id\":\"https:\\\/\\\/delorenzoglobal.com\\\/fr\\\/produit\\\/stacion-de-stockage-et-delectricite\\\/#breadcrumb\"},\"inLanguage\":\"fr-FR\",\"potentialAction\":[{\"@type\":\"ReadAction\",\"target\":[\"https:\\\/\\\/delorenzoglobal.com\\\/fr\\\/produit\\\/stacion-de-stockage-et-delectricite\\\/\"]}]},{\"@type\":\"ImageObject\",\"inLanguage\":\"fr-FR\",\"@id\":\"https:\\\/\\\/delorenzoglobal.com\\\/fr\\\/produit\\\/stacion-de-stockage-et-delectricite\\\/#primaryimage\",\"url\":\"https:\\\/\\\/delorenzoglobal.com\\\/wp-content\\\/uploads\\\/2024\\\/03\\\/DL-I4.0-ST1-STORAGE-AND-POWER-STATION.jpg\",\"contentUrl\":\"https:\\\/\\\/delorenzoglobal.com\\\/wp-content\\\/uploads\\\/2024\\\/03\\\/DL-I4.0-ST1-STORAGE-AND-POWER-STATION.jpg\",\"width\":474,\"height\":836},{\"@type\":\"BreadcrumbList\",\"@id\":\"https:\\\/\\\/delorenzoglobal.com\\\/fr\\\/produit\\\/stacion-de-stockage-et-delectricite\\\/#breadcrumb\",\"itemListElement\":[{\"@type\":\"ListItem\",\"position\":1,\"name\":\"Home\",\"item\":\"https:\\\/\\\/delorenzoglobal.com\\\/fr\\\/\"},{\"@type\":\"ListItem\",\"position\":2,\"name\":\"Boutique\",\"item\":\"https:\\\/\\\/delorenzoglobal.com\\\/fr\\\/boutique\\\/\"},{\"@type\":\"ListItem\",\"position\":3,\"name\":\"STOCKAGE ET ALIMENTATION\"}]},{\"@type\":\"WebSite\",\"@id\":\"https:\\\/\\\/delorenzoglobal.com\\\/fr\\\/#website\",\"url\":\"https:\\\/\\\/delorenzoglobal.com\\\/fr\\\/\",\"name\":\"De Lorenzo Training &amp; Didactical Equipment\",\"description\":\"\",\"potentialAction\":[{\"@type\":\"SearchAction\",\"target\":{\"@type\":\"EntryPoint\",\"urlTemplate\":\"https:\\\/\\\/delorenzoglobal.com\\\/fr\\\/?s={search_term_string}\"},\"query-input\":{\"@type\":\"PropertyValueSpecification\",\"valueRequired\":true,\"valueName\":\"search_term_string\"}}],\"inLanguage\":\"fr-FR\"}]}<\/script>\n<!-- \/ Yoast SEO plugin. -->","yoast_head_json":{"title":"STOCKAGE ET ALIMENTATION - De Lorenzo Training &amp; Didactical Equipment","robots":{"index":"index","follow":"follow","max-snippet":"max-snippet:-1","max-image-preview":"max-image-preview:large","max-video-preview":"max-video-preview:-1"},"canonical":"https:\/\/delorenzoglobal.com\/fr\/produit\/stacion-de-stockage-et-delectricite\/","og_locale":"fr_FR","og_type":"article","og_title":"STOCKAGE ET ALIMENTATION - De Lorenzo Training &amp; Didactical Equipment","og_description":"Avec la nouvelle r\u00e9volution industrielle, les logiciels, le mat\u00e9riel, et les processus sont int\u00e9gr\u00e9s de telle sorte que la production \u00abPush\u00bb (fabriqu\u00e9 en premier et ensuite vendu) devient une production \u00abPull\u00bb (seulement ce que le consommateur demande est fabriqu\u00e9). La transformation num\u00e9rique appliqu\u00e9e \u00e0 l&rsquo;industrie est caract\u00e9ris\u00e9e par l&rsquo;interaction totale entre les \u00e9l\u00e9ments et les [&hellip;]","og_url":"https:\/\/delorenzoglobal.com\/fr\/produit\/stacion-de-stockage-et-delectricite\/","og_site_name":"De Lorenzo Training &amp; Didactical Equipment","article_modified_time":"2025-04-22T12:21:06+00:00","og_image":[{"width":474,"height":836,"url":"https:\/\/delorenzoglobal.com\/wp-content\/uploads\/2024\/03\/DL-I4.0-ST1-STORAGE-AND-POWER-STATION.jpg","type":"image\/jpeg"}],"twitter_card":"summary_large_image","twitter_misc":{"Dur\u00e9e de lecture estim\u00e9e":"2 minutes"},"schema":{"@context":"https:\/\/schema.org","@graph":[{"@type":"WebPage","@id":"https:\/\/delorenzoglobal.com\/fr\/produit\/stacion-de-stockage-et-delectricite\/","url":"https:\/\/delorenzoglobal.com\/fr\/produit\/stacion-de-stockage-et-delectricite\/","name":"STOCKAGE ET ALIMENTATION - De Lorenzo Training &amp; Didactical Equipment","isPartOf":{"@id":"https:\/\/delorenzoglobal.com\/fr\/#website"},"primaryImageOfPage":{"@id":"https:\/\/delorenzoglobal.com\/fr\/produit\/stacion-de-stockage-et-delectricite\/#primaryimage"},"image":{"@id":"https:\/\/delorenzoglobal.com\/fr\/produit\/stacion-de-stockage-et-delectricite\/#primaryimage"},"thumbnailUrl":"https:\/\/delorenzoglobal.com\/wp-content\/uploads\/2024\/03\/DL-I4.0-ST1-STORAGE-AND-POWER-STATION.jpg","datePublished":"2024-04-08T06:51:29+00:00","dateModified":"2025-04-22T12:21:06+00:00","breadcrumb":{"@id":"https:\/\/delorenzoglobal.com\/fr\/produit\/stacion-de-stockage-et-delectricite\/#breadcrumb"},"inLanguage":"fr-FR","potentialAction":[{"@type":"ReadAction","target":["https:\/\/delorenzoglobal.com\/fr\/produit\/stacion-de-stockage-et-delectricite\/"]}]},{"@type":"ImageObject","inLanguage":"fr-FR","@id":"https:\/\/delorenzoglobal.com\/fr\/produit\/stacion-de-stockage-et-delectricite\/#primaryimage","url":"https:\/\/delorenzoglobal.com\/wp-content\/uploads\/2024\/03\/DL-I4.0-ST1-STORAGE-AND-POWER-STATION.jpg","contentUrl":"https:\/\/delorenzoglobal.com\/wp-content\/uploads\/2024\/03\/DL-I4.0-ST1-STORAGE-AND-POWER-STATION.jpg","width":474,"height":836},{"@type":"BreadcrumbList","@id":"https:\/\/delorenzoglobal.com\/fr\/produit\/stacion-de-stockage-et-delectricite\/#breadcrumb","itemListElement":[{"@type":"ListItem","position":1,"name":"Home","item":"https:\/\/delorenzoglobal.com\/fr\/"},{"@type":"ListItem","position":2,"name":"Boutique","item":"https:\/\/delorenzoglobal.com\/fr\/boutique\/"},{"@type":"ListItem","position":3,"name":"STOCKAGE ET ALIMENTATION"}]},{"@type":"WebSite","@id":"https:\/\/delorenzoglobal.com\/fr\/#website","url":"https:\/\/delorenzoglobal.com\/fr\/","name":"De Lorenzo Training &amp; Didactical Equipment","description":"","potentialAction":[{"@type":"SearchAction","target":{"@type":"EntryPoint","urlTemplate":"https:\/\/delorenzoglobal.com\/fr\/?s={search_term_string}"},"query-input":{"@type":"PropertyValueSpecification","valueRequired":true,"valueName":"search_term_string"}}],"inLanguage":"fr-FR"}]}},"_links":{"self":[{"href":"https:\/\/delorenzoglobal.com\/fr\/wp-json\/wp\/v2\/product\/371","targetHints":{"allow":["GET"]}}],"collection":[{"href":"https:\/\/delorenzoglobal.com\/fr\/wp-json\/wp\/v2\/product"}],"about":[{"href":"https:\/\/delorenzoglobal.com\/fr\/wp-json\/wp\/v2\/types\/product"}],"wp:featuredmedia":[{"embeddable":true,"href":"https:\/\/delorenzoglobal.com\/fr\/wp-json\/wp\/v2\/media\/36048"}],"wp:attachment":[{"href":"https:\/\/delorenzoglobal.com\/fr\/wp-json\/wp\/v2\/media?parent=371"}],"wp:term":[{"taxonomy":"product_brand","embeddable":true,"href":"https:\/\/delorenzoglobal.com\/fr\/wp-json\/wp\/v2\/product_brand?post=371"},{"taxonomy":"product_cat","embeddable":true,"href":"https:\/\/delorenzoglobal.com\/fr\/wp-json\/wp\/v2\/product_cat?post=371"},{"taxonomy":"product_tag","embeddable":true,"href":"https:\/\/delorenzoglobal.com\/fr\/wp-json\/wp\/v2\/product_tag?post=371"}],"curies":[{"name":"wp","href":"https:\/\/api.w.org\/{rel}","templated":true}]}}