{"id":3394,"date":"2024-04-10T16:21:13","date_gmt":"2024-04-10T14:21:13","guid":{"rendered":"https:\/\/delorenzoglobal.com\/?post_type=product&#038;p=3394"},"modified":"2026-02-04T09:41:57","modified_gmt":"2026-02-04T08:41:57","slug":"energie-h2","status":"publish","type":"product","link":"https:\/\/delorenzoglobal.com\/fr\/produit\/energie-h2\/","title":{"rendered":"\u00c9NERGIE H2"},"content":{"rendered":"<p>Ce kit permit d\u2019\u00e9tudier les principes et les op\u00e9rations des piles \u00e0 combustibles PEM (\u00e9lectrolyseuer et membrane \u00e9changeuse de protons).<\/p>\n<p>Ce module peut \u00eatre utilis\u00e9 pour les cours de physique, chimique et technologie.<\/p>\n<p>Des exp\u00e9riences claires et pratiques sont possibles avec les charges \u00e9lectriques (tels qu\u2019un moteur ou une lampe).<\/p>\n<p>Ce produit est fourni avec un manuel didactique complet.<\/p>\n","protected":false},"excerpt":{"rendered":"<p>Ce kit permit d\u2019\u00e9tudier les principes et les op\u00e9rations des piles \u00e0 combustibles PEM (\u00e9lectrolyseuer et membrane \u00e9changeuse de protons). Ce module peut \u00eatre utilis\u00e9 pour les cours de physique, chimique et technologie. Des exp\u00e9riences claires et pratiques sont possibles avec les charges \u00e9lectriques (tels qu\u2019un moteur ou une lampe). Ce produit est fourni avec [&hellip;]<\/p>\n","protected":false},"featured_media":3383,"template":"","meta":{"_acf_changed":false},"product_brand":[],"product_cat":[241,3167],"product_tag":[],"class_list":{"0":"post-3394","1":"product","2":"type-product","3":"status-publish","4":"has-post-thumbnail","6":"product_cat-systemes-dintroduction-de-base","7":"product_cat-kits-dinstructions-de-base-pour-les-energies-renouvelables","9":"first","10":"instock","11":"shipping-taxable","12":"product-type-simple"},"acf":[],"yoast_head":"<!-- This site is optimized with the Yoast SEO plugin v27.0 - https:\/\/yoast.com\/product\/yoast-seo-wordpress\/ -->\n<title>\u00c9NERGIE H2 - De Lorenzo Training &amp; Didactical Equipment<\/title>\n<meta name=\"description\" content=\"Ce kit permet d\u2019\u00e9tudier les piles \u00e0 combustibles PEM et les \u00e9lectrolyseurs gr\u00e2ce \u00e0 des exp\u00e9riences pratiques avec moteurs et lampes en classe.\" \/>\n<meta name=\"robots\" content=\"index, follow, max-snippet:-1, max-image-preview:large, max-video-preview:-1\" \/>\n<link rel=\"canonical\" href=\"https:\/\/delorenzoglobal.com\/fr\/produit\/energie-h2\/\" \/>\n<meta property=\"og:locale\" content=\"fr_FR\" \/>\n<meta property=\"og:type\" content=\"article\" \/>\n<meta property=\"og:title\" content=\"\u00c9NERGIE H2 - De Lorenzo Training &amp; Didactical Equipment\" \/>\n<meta property=\"og:description\" content=\"Ce kit permet d\u2019\u00e9tudier les piles \u00e0 combustibles PEM et les \u00e9lectrolyseurs gr\u00e2ce \u00e0 des exp\u00e9riences pratiques avec moteurs et lampes en classe.\" \/>\n<meta property=\"og:url\" content=\"https:\/\/delorenzoglobal.com\/fr\/produit\/energie-h2\/\" \/>\n<meta property=\"og:site_name\" content=\"De Lorenzo Training &amp; Didactical Equipment\" \/>\n<meta property=\"article:modified_time\" content=\"2026-02-04T08:41:57+00:00\" \/>\n<meta property=\"og:image\" content=\"https:\/\/delorenzoglobal.com\/wp-content\/uploads\/2024\/04\/DL-HYDROGEN-L.jpg\" \/>\n\t<meta property=\"og:image:width\" content=\"612\" \/>\n\t<meta property=\"og:image:height\" content=\"539\" \/>\n\t<meta property=\"og:image:type\" content=\"image\/jpeg\" \/>\n<meta name=\"twitter:card\" content=\"summary_large_image\" \/>\n<meta name=\"twitter:label1\" content=\"Dur\u00e9e de lecture estim\u00e9e\" \/>\n\t<meta name=\"twitter:data1\" content=\"1 minute\" \/>\n<script type=\"application\/ld+json\" class=\"yoast-schema-graph\">{\"@context\":\"https:\/\/schema.org\",\"@graph\":[{\"@type\":\"WebPage\",\"@id\":\"https:\/\/delorenzoglobal.com\/fr\/produit\/energie-h2\/\",\"url\":\"https:\/\/delorenzoglobal.com\/fr\/produit\/energie-h2\/\",\"name\":\"\u00c9NERGIE H2 - De Lorenzo Training &amp; Didactical Equipment\",\"isPartOf\":{\"@id\":\"https:\/\/delorenzoglobal.com\/fr\/#website\"},\"primaryImageOfPage\":{\"@id\":\"https:\/\/delorenzoglobal.com\/fr\/produit\/energie-h2\/#primaryimage\"},\"image\":{\"@id\":\"https:\/\/delorenzoglobal.com\/fr\/produit\/energie-h2\/#primaryimage\"},\"thumbnailUrl\":\"https:\/\/delorenzoglobal.com\/wp-content\/uploads\/2024\/04\/DL-HYDROGEN-L.jpg\",\"datePublished\":\"2024-04-10T14:21:13+00:00\",\"dateModified\":\"2026-02-04T08:41:57+00:00\",\"description\":\"Ce kit permet d\u2019\u00e9tudier les piles \u00e0 combustibles PEM et les \u00e9lectrolyseurs gr\u00e2ce \u00e0 des exp\u00e9riences pratiques avec moteurs et lampes en classe.\",\"breadcrumb\":{\"@id\":\"https:\/\/delorenzoglobal.com\/fr\/produit\/energie-h2\/#breadcrumb\"},\"inLanguage\":\"fr-FR\",\"potentialAction\":[{\"@type\":\"ReadAction\",\"target\":[\"https:\/\/delorenzoglobal.com\/fr\/produit\/energie-h2\/\"]}]},{\"@type\":\"ImageObject\",\"inLanguage\":\"fr-FR\",\"@id\":\"https:\/\/delorenzoglobal.com\/fr\/produit\/energie-h2\/#primaryimage\",\"url\":\"https:\/\/delorenzoglobal.com\/wp-content\/uploads\/2024\/04\/DL-HYDROGEN-L.jpg\",\"contentUrl\":\"https:\/\/delorenzoglobal.com\/wp-content\/uploads\/2024\/04\/DL-HYDROGEN-L.jpg\",\"width\":612,\"height\":539},{\"@type\":\"BreadcrumbList\",\"@id\":\"https:\/\/delorenzoglobal.com\/fr\/produit\/energie-h2\/#breadcrumb\",\"itemListElement\":[{\"@type\":\"ListItem\",\"position\":1,\"name\":\"Home\",\"item\":\"https:\/\/delorenzoglobal.com\/fr\/\"},{\"@type\":\"ListItem\",\"position\":2,\"name\":\"Boutique\",\"item\":\"https:\/\/delorenzoglobal.com\/fr\/boutique\/\"},{\"@type\":\"ListItem\",\"position\":3,\"name\":\"\u00c9NERGIE H2\"}]},{\"@type\":\"WebSite\",\"@id\":\"https:\/\/delorenzoglobal.com\/fr\/#website\",\"url\":\"https:\/\/delorenzoglobal.com\/fr\/\",\"name\":\"De Lorenzo Training &amp; Didactical Equipment\",\"description\":\"\",\"potentialAction\":[{\"@type\":\"SearchAction\",\"target\":{\"@type\":\"EntryPoint\",\"urlTemplate\":\"https:\/\/delorenzoglobal.com\/fr\/?s={search_term_string}\"},\"query-input\":{\"@type\":\"PropertyValueSpecification\",\"valueRequired\":true,\"valueName\":\"search_term_string\"}}],\"inLanguage\":\"fr-FR\"}]}<\/script>\n<!-- \/ Yoast SEO plugin. -->","yoast_head_json":{"title":"\u00c9NERGIE H2 - De Lorenzo Training &amp; Didactical Equipment","description":"Ce kit permet d\u2019\u00e9tudier les piles \u00e0 combustibles PEM et les \u00e9lectrolyseurs gr\u00e2ce \u00e0 des exp\u00e9riences pratiques avec moteurs et lampes en classe.","robots":{"index":"index","follow":"follow","max-snippet":"max-snippet:-1","max-image-preview":"max-image-preview:large","max-video-preview":"max-video-preview:-1"},"canonical":"https:\/\/delorenzoglobal.com\/fr\/produit\/energie-h2\/","og_locale":"fr_FR","og_type":"article","og_title":"\u00c9NERGIE H2 - De Lorenzo Training &amp; Didactical Equipment","og_description":"Ce kit permet d\u2019\u00e9tudier les piles \u00e0 combustibles PEM et les \u00e9lectrolyseurs gr\u00e2ce \u00e0 des exp\u00e9riences pratiques avec moteurs et lampes en classe.","og_url":"https:\/\/delorenzoglobal.com\/fr\/produit\/energie-h2\/","og_site_name":"De Lorenzo Training &amp; Didactical Equipment","article_modified_time":"2026-02-04T08:41:57+00:00","og_image":[{"width":612,"height":539,"url":"https:\/\/delorenzoglobal.com\/wp-content\/uploads\/2024\/04\/DL-HYDROGEN-L.jpg","type":"image\/jpeg"}],"twitter_card":"summary_large_image","twitter_misc":{"Dur\u00e9e de lecture estim\u00e9e":"1 minute"},"schema":{"@context":"https:\/\/schema.org","@graph":[{"@type":"WebPage","@id":"https:\/\/delorenzoglobal.com\/fr\/produit\/energie-h2\/","url":"https:\/\/delorenzoglobal.com\/fr\/produit\/energie-h2\/","name":"\u00c9NERGIE H2 - De Lorenzo Training &amp; Didactical Equipment","isPartOf":{"@id":"https:\/\/delorenzoglobal.com\/fr\/#website"},"primaryImageOfPage":{"@id":"https:\/\/delorenzoglobal.com\/fr\/produit\/energie-h2\/#primaryimage"},"image":{"@id":"https:\/\/delorenzoglobal.com\/fr\/produit\/energie-h2\/#primaryimage"},"thumbnailUrl":"https:\/\/delorenzoglobal.com\/wp-content\/uploads\/2024\/04\/DL-HYDROGEN-L.jpg","datePublished":"2024-04-10T14:21:13+00:00","dateModified":"2026-02-04T08:41:57+00:00","description":"Ce kit permet d\u2019\u00e9tudier les piles \u00e0 combustibles PEM et les \u00e9lectrolyseurs gr\u00e2ce \u00e0 des exp\u00e9riences pratiques avec moteurs et lampes en classe.","breadcrumb":{"@id":"https:\/\/delorenzoglobal.com\/fr\/produit\/energie-h2\/#breadcrumb"},"inLanguage":"fr-FR","potentialAction":[{"@type":"ReadAction","target":["https:\/\/delorenzoglobal.com\/fr\/produit\/energie-h2\/"]}]},{"@type":"ImageObject","inLanguage":"fr-FR","@id":"https:\/\/delorenzoglobal.com\/fr\/produit\/energie-h2\/#primaryimage","url":"https:\/\/delorenzoglobal.com\/wp-content\/uploads\/2024\/04\/DL-HYDROGEN-L.jpg","contentUrl":"https:\/\/delorenzoglobal.com\/wp-content\/uploads\/2024\/04\/DL-HYDROGEN-L.jpg","width":612,"height":539},{"@type":"BreadcrumbList","@id":"https:\/\/delorenzoglobal.com\/fr\/produit\/energie-h2\/#breadcrumb","itemListElement":[{"@type":"ListItem","position":1,"name":"Home","item":"https:\/\/delorenzoglobal.com\/fr\/"},{"@type":"ListItem","position":2,"name":"Boutique","item":"https:\/\/delorenzoglobal.com\/fr\/boutique\/"},{"@type":"ListItem","position":3,"name":"\u00c9NERGIE H2"}]},{"@type":"WebSite","@id":"https:\/\/delorenzoglobal.com\/fr\/#website","url":"https:\/\/delorenzoglobal.com\/fr\/","name":"De Lorenzo Training &amp; Didactical Equipment","description":"","potentialAction":[{"@type":"SearchAction","target":{"@type":"EntryPoint","urlTemplate":"https:\/\/delorenzoglobal.com\/fr\/?s={search_term_string}"},"query-input":{"@type":"PropertyValueSpecification","valueRequired":true,"valueName":"search_term_string"}}],"inLanguage":"fr-FR"}]}},"_links":{"self":[{"href":"https:\/\/delorenzoglobal.com\/fr\/wp-json\/wp\/v2\/product\/3394","targetHints":{"allow":["GET"]}}],"collection":[{"href":"https:\/\/delorenzoglobal.com\/fr\/wp-json\/wp\/v2\/product"}],"about":[{"href":"https:\/\/delorenzoglobal.com\/fr\/wp-json\/wp\/v2\/types\/product"}],"wp:featuredmedia":[{"embeddable":true,"href":"https:\/\/delorenzoglobal.com\/fr\/wp-json\/wp\/v2\/media\/3383"}],"wp:attachment":[{"href":"https:\/\/delorenzoglobal.com\/fr\/wp-json\/wp\/v2\/media?parent=3394"}],"wp:term":[{"taxonomy":"product_brand","embeddable":true,"href":"https:\/\/delorenzoglobal.com\/fr\/wp-json\/wp\/v2\/product_brand?post=3394"},{"taxonomy":"product_cat","embeddable":true,"href":"https:\/\/delorenzoglobal.com\/fr\/wp-json\/wp\/v2\/product_cat?post=3394"},{"taxonomy":"product_tag","embeddable":true,"href":"https:\/\/delorenzoglobal.com\/fr\/wp-json\/wp\/v2\/product_tag?post=3394"}],"curies":[{"name":"wp","href":"https:\/\/api.w.org\/{rel}","templated":true}]}}