{"id":3365,"date":"2024-04-10T16:14:54","date_gmt":"2024-04-10T14:14:54","guid":{"rendered":"https:\/\/delorenzoglobal.com\/?post_type=product&#038;p=3365"},"modified":"2026-02-04T09:33:18","modified_gmt":"2026-02-04T08:33:18","slug":"energie-eolienne","status":"publish","type":"product","link":"https:\/\/delorenzoglobal.com\/fr\/produit\/energie-eolienne\/","title":{"rendered":"\u00c9NERGIE \u00c9OLIENNE"},"content":{"rendered":"<p>Le kit DL WIND-DL offre toutes les r\u00e9ponses sur les bases de l\u2019\u00e9nergie \u00e9olienne.<\/p>\n<p>Il traite de divers sujets qui sont n\u00e9cessaires \u00e0 la compr\u00e9hension des fonctions d\u2019une \u00e9olienne.<\/p>\n<p>Les exp\u00e9riences permettent l\u2019\u00e9tude de comme la force du vent, sa direction et le type de rotor affectent la puissance produite.<\/p>\n<p>Les exp\u00e9riences sont d\u00e9crites en d\u00e9tail dans le manuel fourni avec le kit.<\/p>\n","protected":false},"excerpt":{"rendered":"<p>Le kit DL WIND-DL offre toutes les r\u00e9ponses sur les bases de l\u2019\u00e9nergie \u00e9olienne. Il traite de divers sujets qui sont n\u00e9cessaires \u00e0 la compr\u00e9hension des fonctions d\u2019une \u00e9olienne. Les exp\u00e9riences permettent l\u2019\u00e9tude de comme la force du vent, sa direction et le type de rotor affectent la puissance produite. Les exp\u00e9riences sont d\u00e9crites en [&hellip;]<\/p>\n","protected":false},"featured_media":3358,"template":"","meta":{"_acf_changed":false},"product_brand":[],"product_cat":[241,3167],"product_tag":[],"class_list":{"0":"post-3365","1":"product","2":"type-product","3":"status-publish","4":"has-post-thumbnail","6":"product_cat-systemes-dintroduction-de-base","7":"product_cat-kits-dinstructions-de-base-pour-les-energies-renouvelables","9":"first","10":"instock","11":"shipping-taxable","12":"product-type-simple"},"acf":[],"yoast_head":"<!-- This site is optimized with the Yoast SEO plugin v27.0 - https:\/\/yoast.com\/product\/yoast-seo-wordpress\/ -->\n<title>\u00c9NERGIE \u00c9OLIENNE - De Lorenzo Training &amp; Didactical Equipment<\/title>\n<meta name=\"description\" content=\"Le kit DL WIND-L permet d\u2019apprendre les bases de l\u2019\u00e9nergie \u00e9olienne \u00e0 travers des exp\u00e9riences pratiques sur vent, rotor et puissance produite.\" \/>\n<meta name=\"robots\" content=\"index, follow, max-snippet:-1, max-image-preview:large, max-video-preview:-1\" \/>\n<link rel=\"canonical\" href=\"https:\/\/delorenzoglobal.com\/fr\/produit\/energie-eolienne\/\" \/>\n<meta property=\"og:locale\" content=\"fr_FR\" \/>\n<meta property=\"og:type\" content=\"article\" \/>\n<meta property=\"og:title\" content=\"\u00c9NERGIE \u00c9OLIENNE - De Lorenzo Training &amp; Didactical Equipment\" \/>\n<meta property=\"og:description\" content=\"Le kit DL WIND-L permet d\u2019apprendre les bases de l\u2019\u00e9nergie \u00e9olienne \u00e0 travers des exp\u00e9riences pratiques sur vent, rotor et puissance produite.\" \/>\n<meta property=\"og:url\" content=\"https:\/\/delorenzoglobal.com\/fr\/produit\/energie-eolienne\/\" \/>\n<meta property=\"og:site_name\" content=\"De Lorenzo Training &amp; Didactical Equipment\" \/>\n<meta property=\"article:modified_time\" content=\"2026-02-04T08:33:18+00:00\" \/>\n<meta property=\"og:image\" content=\"https:\/\/delorenzoglobal.com\/wp-content\/uploads\/2024\/04\/DL-WIND-L.jpg\" \/>\n\t<meta property=\"og:image:width\" content=\"1293\" \/>\n\t<meta property=\"og:image:height\" content=\"1241\" \/>\n\t<meta property=\"og:image:type\" content=\"image\/jpeg\" \/>\n<meta name=\"twitter:card\" content=\"summary_large_image\" \/>\n<meta name=\"twitter:label1\" content=\"Dur\u00e9e de lecture estim\u00e9e\" \/>\n\t<meta name=\"twitter:data1\" content=\"1 minute\" \/>\n<script type=\"application\/ld+json\" class=\"yoast-schema-graph\">{\"@context\":\"https:\/\/schema.org\",\"@graph\":[{\"@type\":\"WebPage\",\"@id\":\"https:\/\/delorenzoglobal.com\/fr\/produit\/energie-eolienne\/\",\"url\":\"https:\/\/delorenzoglobal.com\/fr\/produit\/energie-eolienne\/\",\"name\":\"\u00c9NERGIE \u00c9OLIENNE - De Lorenzo Training &amp; Didactical Equipment\",\"isPartOf\":{\"@id\":\"https:\/\/delorenzoglobal.com\/fr\/#website\"},\"primaryImageOfPage\":{\"@id\":\"https:\/\/delorenzoglobal.com\/fr\/produit\/energie-eolienne\/#primaryimage\"},\"image\":{\"@id\":\"https:\/\/delorenzoglobal.com\/fr\/produit\/energie-eolienne\/#primaryimage\"},\"thumbnailUrl\":\"https:\/\/delorenzoglobal.com\/wp-content\/uploads\/2024\/04\/DL-WIND-L.jpg\",\"datePublished\":\"2024-04-10T14:14:54+00:00\",\"dateModified\":\"2026-02-04T08:33:18+00:00\",\"description\":\"Le kit DL WIND-L permet d\u2019apprendre les bases de l\u2019\u00e9nergie \u00e9olienne \u00e0 travers des exp\u00e9riences pratiques sur vent, rotor et puissance produite.\",\"breadcrumb\":{\"@id\":\"https:\/\/delorenzoglobal.com\/fr\/produit\/energie-eolienne\/#breadcrumb\"},\"inLanguage\":\"fr-FR\",\"potentialAction\":[{\"@type\":\"ReadAction\",\"target\":[\"https:\/\/delorenzoglobal.com\/fr\/produit\/energie-eolienne\/\"]}]},{\"@type\":\"ImageObject\",\"inLanguage\":\"fr-FR\",\"@id\":\"https:\/\/delorenzoglobal.com\/fr\/produit\/energie-eolienne\/#primaryimage\",\"url\":\"https:\/\/delorenzoglobal.com\/wp-content\/uploads\/2024\/04\/DL-WIND-L.jpg\",\"contentUrl\":\"https:\/\/delorenzoglobal.com\/wp-content\/uploads\/2024\/04\/DL-WIND-L.jpg\",\"width\":1293,\"height\":1241},{\"@type\":\"BreadcrumbList\",\"@id\":\"https:\/\/delorenzoglobal.com\/fr\/produit\/energie-eolienne\/#breadcrumb\",\"itemListElement\":[{\"@type\":\"ListItem\",\"position\":1,\"name\":\"Home\",\"item\":\"https:\/\/delorenzoglobal.com\/fr\/\"},{\"@type\":\"ListItem\",\"position\":2,\"name\":\"Boutique\",\"item\":\"https:\/\/delorenzoglobal.com\/fr\/boutique\/\"},{\"@type\":\"ListItem\",\"position\":3,\"name\":\"\u00c9NERGIE \u00c9OLIENNE\"}]},{\"@type\":\"WebSite\",\"@id\":\"https:\/\/delorenzoglobal.com\/fr\/#website\",\"url\":\"https:\/\/delorenzoglobal.com\/fr\/\",\"name\":\"De Lorenzo Training &amp; Didactical Equipment\",\"description\":\"\",\"potentialAction\":[{\"@type\":\"SearchAction\",\"target\":{\"@type\":\"EntryPoint\",\"urlTemplate\":\"https:\/\/delorenzoglobal.com\/fr\/?s={search_term_string}\"},\"query-input\":{\"@type\":\"PropertyValueSpecification\",\"valueRequired\":true,\"valueName\":\"search_term_string\"}}],\"inLanguage\":\"fr-FR\"}]}<\/script>\n<!-- \/ Yoast SEO plugin. -->","yoast_head_json":{"title":"\u00c9NERGIE \u00c9OLIENNE - De Lorenzo Training &amp; Didactical Equipment","description":"Le kit DL WIND-L permet d\u2019apprendre les bases de l\u2019\u00e9nergie \u00e9olienne \u00e0 travers des exp\u00e9riences pratiques sur vent, rotor et puissance produite.","robots":{"index":"index","follow":"follow","max-snippet":"max-snippet:-1","max-image-preview":"max-image-preview:large","max-video-preview":"max-video-preview:-1"},"canonical":"https:\/\/delorenzoglobal.com\/fr\/produit\/energie-eolienne\/","og_locale":"fr_FR","og_type":"article","og_title":"\u00c9NERGIE \u00c9OLIENNE - De Lorenzo Training &amp; Didactical Equipment","og_description":"Le kit DL WIND-L permet d\u2019apprendre les bases de l\u2019\u00e9nergie \u00e9olienne \u00e0 travers des exp\u00e9riences pratiques sur vent, rotor et puissance produite.","og_url":"https:\/\/delorenzoglobal.com\/fr\/produit\/energie-eolienne\/","og_site_name":"De Lorenzo Training &amp; Didactical Equipment","article_modified_time":"2026-02-04T08:33:18+00:00","og_image":[{"width":1293,"height":1241,"url":"https:\/\/delorenzoglobal.com\/wp-content\/uploads\/2024\/04\/DL-WIND-L.jpg","type":"image\/jpeg"}],"twitter_card":"summary_large_image","twitter_misc":{"Dur\u00e9e de lecture estim\u00e9e":"1 minute"},"schema":{"@context":"https:\/\/schema.org","@graph":[{"@type":"WebPage","@id":"https:\/\/delorenzoglobal.com\/fr\/produit\/energie-eolienne\/","url":"https:\/\/delorenzoglobal.com\/fr\/produit\/energie-eolienne\/","name":"\u00c9NERGIE \u00c9OLIENNE - De Lorenzo Training &amp; Didactical Equipment","isPartOf":{"@id":"https:\/\/delorenzoglobal.com\/fr\/#website"},"primaryImageOfPage":{"@id":"https:\/\/delorenzoglobal.com\/fr\/produit\/energie-eolienne\/#primaryimage"},"image":{"@id":"https:\/\/delorenzoglobal.com\/fr\/produit\/energie-eolienne\/#primaryimage"},"thumbnailUrl":"https:\/\/delorenzoglobal.com\/wp-content\/uploads\/2024\/04\/DL-WIND-L.jpg","datePublished":"2024-04-10T14:14:54+00:00","dateModified":"2026-02-04T08:33:18+00:00","description":"Le kit DL WIND-L permet d\u2019apprendre les bases de l\u2019\u00e9nergie \u00e9olienne \u00e0 travers des exp\u00e9riences pratiques sur vent, rotor et puissance produite.","breadcrumb":{"@id":"https:\/\/delorenzoglobal.com\/fr\/produit\/energie-eolienne\/#breadcrumb"},"inLanguage":"fr-FR","potentialAction":[{"@type":"ReadAction","target":["https:\/\/delorenzoglobal.com\/fr\/produit\/energie-eolienne\/"]}]},{"@type":"ImageObject","inLanguage":"fr-FR","@id":"https:\/\/delorenzoglobal.com\/fr\/produit\/energie-eolienne\/#primaryimage","url":"https:\/\/delorenzoglobal.com\/wp-content\/uploads\/2024\/04\/DL-WIND-L.jpg","contentUrl":"https:\/\/delorenzoglobal.com\/wp-content\/uploads\/2024\/04\/DL-WIND-L.jpg","width":1293,"height":1241},{"@type":"BreadcrumbList","@id":"https:\/\/delorenzoglobal.com\/fr\/produit\/energie-eolienne\/#breadcrumb","itemListElement":[{"@type":"ListItem","position":1,"name":"Home","item":"https:\/\/delorenzoglobal.com\/fr\/"},{"@type":"ListItem","position":2,"name":"Boutique","item":"https:\/\/delorenzoglobal.com\/fr\/boutique\/"},{"@type":"ListItem","position":3,"name":"\u00c9NERGIE \u00c9OLIENNE"}]},{"@type":"WebSite","@id":"https:\/\/delorenzoglobal.com\/fr\/#website","url":"https:\/\/delorenzoglobal.com\/fr\/","name":"De Lorenzo Training &amp; Didactical Equipment","description":"","potentialAction":[{"@type":"SearchAction","target":{"@type":"EntryPoint","urlTemplate":"https:\/\/delorenzoglobal.com\/fr\/?s={search_term_string}"},"query-input":{"@type":"PropertyValueSpecification","valueRequired":true,"valueName":"search_term_string"}}],"inLanguage":"fr-FR"}]}},"_links":{"self":[{"href":"https:\/\/delorenzoglobal.com\/fr\/wp-json\/wp\/v2\/product\/3365","targetHints":{"allow":["GET"]}}],"collection":[{"href":"https:\/\/delorenzoglobal.com\/fr\/wp-json\/wp\/v2\/product"}],"about":[{"href":"https:\/\/delorenzoglobal.com\/fr\/wp-json\/wp\/v2\/types\/product"}],"wp:featuredmedia":[{"embeddable":true,"href":"https:\/\/delorenzoglobal.com\/fr\/wp-json\/wp\/v2\/media\/3358"}],"wp:attachment":[{"href":"https:\/\/delorenzoglobal.com\/fr\/wp-json\/wp\/v2\/media?parent=3365"}],"wp:term":[{"taxonomy":"product_brand","embeddable":true,"href":"https:\/\/delorenzoglobal.com\/fr\/wp-json\/wp\/v2\/product_brand?post=3365"},{"taxonomy":"product_cat","embeddable":true,"href":"https:\/\/delorenzoglobal.com\/fr\/wp-json\/wp\/v2\/product_cat?post=3365"},{"taxonomy":"product_tag","embeddable":true,"href":"https:\/\/delorenzoglobal.com\/fr\/wp-json\/wp\/v2\/product_tag?post=3365"}],"curies":[{"name":"wp","href":"https:\/\/api.w.org\/{rel}","templated":true}]}}