{"id":3340,"date":"2024-04-10T16:08:52","date_gmt":"2024-04-10T14:08:52","guid":{"rendered":"https:\/\/delorenzoglobal.com\/?post_type=product&#038;p=3340"},"modified":"2026-02-04T09:25:26","modified_gmt":"2026-02-04T08:25:26","slug":"energie-solairephotovoltaique","status":"publish","type":"product","link":"https:\/\/delorenzoglobal.com\/fr\/produit\/energie-solairephotovoltaique\/","title":{"rendered":"\u00c9NERGIE SOLAIRE PHOTOVOLTA\u00cfQUE"},"content":{"rendered":"<p>Le kit DL SOLAR-L permet de corr\u00e9ler la th\u00e9orie avec la pratique de cellules photovolta\u00efques.<\/p>\n<p>Le syst\u00e8me a \u00e9t\u00e9 con\u00e7u de sorte que la plupart des exp\u00e9riences peuvent \u00eatre r\u00e9alis\u00e9es avec la lumi\u00e8re normale de la classe sans avoir besoin d\u2019une source d\u2019alimentation externe.<\/p>\n<p>En outre, le module d\u2019\u00e9clairage (inclus), qui n\u00e9cessite une normale alimentation, n\u2019est n\u00e9cessaire que pour certaines exp\u00e9riences.<\/p>\n","protected":false},"excerpt":{"rendered":"<p>Le kit DL SOLAR-L permet de corr\u00e9ler la th\u00e9orie avec la pratique de cellules photovolta\u00efques. Le syst\u00e8me a \u00e9t\u00e9 con\u00e7u de sorte que la plupart des exp\u00e9riences peuvent \u00eatre r\u00e9alis\u00e9es avec la lumi\u00e8re normale de la classe sans avoir besoin d\u2019une source d\u2019alimentation externe. En outre, le module d\u2019\u00e9clairage (inclus), qui n\u00e9cessite une normale alimentation, [&hellip;]<\/p>\n","protected":false},"featured_media":3333,"template":"","meta":{"_acf_changed":false},"product_brand":[],"product_cat":[241,3167],"product_tag":[],"class_list":{"0":"post-3340","1":"product","2":"type-product","3":"status-publish","4":"has-post-thumbnail","6":"product_cat-systemes-dintroduction-de-base","7":"product_cat-kits-dinstructions-de-base-pour-les-energies-renouvelables","9":"first","10":"instock","11":"shipping-taxable","12":"product-type-simple"},"acf":[],"yoast_head":"<!-- This site is optimized with the Yoast SEO plugin v27.4 - https:\/\/yoast.com\/product\/yoast-seo-wordpress\/ -->\n<title>\u00c9NERGIE SOLAIRE PHOTOVOLTA\u00cfQUE - De Lorenzo Training &amp; Didactical Equipment<\/title>\n<meta name=\"description\" content=\"Le kit DL SOLAR-L relie la th\u00e9orie \u00e0 la pratique des cellules photovolta\u00efques gr\u00e2ce \u00e0 des exp\u00e9riences r\u00e9alisables avec la lumi\u00e8re de la salle de classe.\" \/>\n<meta name=\"robots\" content=\"index, follow, max-snippet:-1, max-image-preview:large, max-video-preview:-1\" \/>\n<link rel=\"canonical\" href=\"https:\/\/delorenzoglobal.com\/fr\/produit\/energie-solairephotovoltaique\/\" \/>\n<meta property=\"og:locale\" content=\"fr_FR\" \/>\n<meta property=\"og:type\" content=\"article\" \/>\n<meta property=\"og:title\" content=\"\u00c9NERGIE SOLAIRE PHOTOVOLTA\u00cfQUE - De Lorenzo Training &amp; Didactical Equipment\" \/>\n<meta property=\"og:description\" content=\"Le kit DL SOLAR-L relie la th\u00e9orie \u00e0 la pratique des cellules photovolta\u00efques gr\u00e2ce \u00e0 des exp\u00e9riences r\u00e9alisables avec la lumi\u00e8re de la salle de classe.\" \/>\n<meta property=\"og:url\" content=\"https:\/\/delorenzoglobal.com\/fr\/produit\/energie-solairephotovoltaique\/\" \/>\n<meta property=\"og:site_name\" content=\"De Lorenzo Training &amp; Didactical Equipment\" \/>\n<meta property=\"article:modified_time\" content=\"2026-02-04T08:25:26+00:00\" \/>\n<meta property=\"og:image\" content=\"https:\/\/delorenzoglobal.com\/wp-content\/uploads\/2024\/04\/DL-SOLAR-L.jpg\" \/>\n\t<meta property=\"og:image:width\" content=\"1422\" \/>\n\t<meta property=\"og:image:height\" content=\"1198\" \/>\n\t<meta property=\"og:image:type\" content=\"image\/jpeg\" \/>\n<meta name=\"twitter:card\" content=\"summary_large_image\" \/>\n<meta name=\"twitter:label1\" content=\"Dur\u00e9e de lecture estim\u00e9e\" \/>\n\t<meta name=\"twitter:data1\" content=\"1 minute\" \/>\n<script type=\"application\/ld+json\" class=\"yoast-schema-graph\">{\"@context\":\"https:\\\/\\\/schema.org\",\"@graph\":[{\"@type\":\"WebPage\",\"@id\":\"https:\\\/\\\/delorenzoglobal.com\\\/fr\\\/produit\\\/energie-solairephotovoltaique\\\/\",\"url\":\"https:\\\/\\\/delorenzoglobal.com\\\/fr\\\/produit\\\/energie-solairephotovoltaique\\\/\",\"name\":\"\u00c9NERGIE SOLAIRE PHOTOVOLTA\u00cfQUE - De Lorenzo Training &amp; Didactical Equipment\",\"isPartOf\":{\"@id\":\"https:\\\/\\\/delorenzoglobal.com\\\/fr\\\/#website\"},\"primaryImageOfPage\":{\"@id\":\"https:\\\/\\\/delorenzoglobal.com\\\/fr\\\/produit\\\/energie-solairephotovoltaique\\\/#primaryimage\"},\"image\":{\"@id\":\"https:\\\/\\\/delorenzoglobal.com\\\/fr\\\/produit\\\/energie-solairephotovoltaique\\\/#primaryimage\"},\"thumbnailUrl\":\"https:\\\/\\\/delorenzoglobal.com\\\/wp-content\\\/uploads\\\/2024\\\/04\\\/DL-SOLAR-L.jpg\",\"datePublished\":\"2024-04-10T14:08:52+00:00\",\"dateModified\":\"2026-02-04T08:25:26+00:00\",\"description\":\"Le kit DL SOLAR-L relie la th\u00e9orie \u00e0 la pratique des cellules photovolta\u00efques gr\u00e2ce \u00e0 des exp\u00e9riences r\u00e9alisables avec la lumi\u00e8re de la salle de classe.\",\"breadcrumb\":{\"@id\":\"https:\\\/\\\/delorenzoglobal.com\\\/fr\\\/produit\\\/energie-solairephotovoltaique\\\/#breadcrumb\"},\"inLanguage\":\"fr-FR\",\"potentialAction\":[{\"@type\":\"ReadAction\",\"target\":[\"https:\\\/\\\/delorenzoglobal.com\\\/fr\\\/produit\\\/energie-solairephotovoltaique\\\/\"]}]},{\"@type\":\"ImageObject\",\"inLanguage\":\"fr-FR\",\"@id\":\"https:\\\/\\\/delorenzoglobal.com\\\/fr\\\/produit\\\/energie-solairephotovoltaique\\\/#primaryimage\",\"url\":\"https:\\\/\\\/delorenzoglobal.com\\\/wp-content\\\/uploads\\\/2024\\\/04\\\/DL-SOLAR-L.jpg\",\"contentUrl\":\"https:\\\/\\\/delorenzoglobal.com\\\/wp-content\\\/uploads\\\/2024\\\/04\\\/DL-SOLAR-L.jpg\",\"width\":1422,\"height\":1198},{\"@type\":\"BreadcrumbList\",\"@id\":\"https:\\\/\\\/delorenzoglobal.com\\\/fr\\\/produit\\\/energie-solairephotovoltaique\\\/#breadcrumb\",\"itemListElement\":[{\"@type\":\"ListItem\",\"position\":1,\"name\":\"Home\",\"item\":\"https:\\\/\\\/delorenzoglobal.com\\\/fr\\\/\"},{\"@type\":\"ListItem\",\"position\":2,\"name\":\"Boutique\",\"item\":\"https:\\\/\\\/delorenzoglobal.com\\\/fr\\\/boutique\\\/\"},{\"@type\":\"ListItem\",\"position\":3,\"name\":\"\u00c9NERGIE SOLAIRE PHOTOVOLTA\u00cfQUE\"}]},{\"@type\":\"WebSite\",\"@id\":\"https:\\\/\\\/delorenzoglobal.com\\\/fr\\\/#website\",\"url\":\"https:\\\/\\\/delorenzoglobal.com\\\/fr\\\/\",\"name\":\"De Lorenzo Training &amp; Didactical Equipment\",\"description\":\"\",\"potentialAction\":[{\"@type\":\"SearchAction\",\"target\":{\"@type\":\"EntryPoint\",\"urlTemplate\":\"https:\\\/\\\/delorenzoglobal.com\\\/fr\\\/?s={search_term_string}\"},\"query-input\":{\"@type\":\"PropertyValueSpecification\",\"valueRequired\":true,\"valueName\":\"search_term_string\"}}],\"inLanguage\":\"fr-FR\"}]}<\/script>\n<!-- \/ Yoast SEO plugin. -->","yoast_head_json":{"title":"\u00c9NERGIE SOLAIRE PHOTOVOLTA\u00cfQUE - De Lorenzo Training &amp; Didactical Equipment","description":"Le kit DL SOLAR-L relie la th\u00e9orie \u00e0 la pratique des cellules photovolta\u00efques gr\u00e2ce \u00e0 des exp\u00e9riences r\u00e9alisables avec la lumi\u00e8re de la salle de classe.","robots":{"index":"index","follow":"follow","max-snippet":"max-snippet:-1","max-image-preview":"max-image-preview:large","max-video-preview":"max-video-preview:-1"},"canonical":"https:\/\/delorenzoglobal.com\/fr\/produit\/energie-solairephotovoltaique\/","og_locale":"fr_FR","og_type":"article","og_title":"\u00c9NERGIE SOLAIRE PHOTOVOLTA\u00cfQUE - De Lorenzo Training &amp; Didactical Equipment","og_description":"Le kit DL SOLAR-L relie la th\u00e9orie \u00e0 la pratique des cellules photovolta\u00efques gr\u00e2ce \u00e0 des exp\u00e9riences r\u00e9alisables avec la lumi\u00e8re de la salle de classe.","og_url":"https:\/\/delorenzoglobal.com\/fr\/produit\/energie-solairephotovoltaique\/","og_site_name":"De Lorenzo Training &amp; Didactical Equipment","article_modified_time":"2026-02-04T08:25:26+00:00","og_image":[{"width":1422,"height":1198,"url":"https:\/\/delorenzoglobal.com\/wp-content\/uploads\/2024\/04\/DL-SOLAR-L.jpg","type":"image\/jpeg"}],"twitter_card":"summary_large_image","twitter_misc":{"Dur\u00e9e de lecture estim\u00e9e":"1 minute"},"schema":{"@context":"https:\/\/schema.org","@graph":[{"@type":"WebPage","@id":"https:\/\/delorenzoglobal.com\/fr\/produit\/energie-solairephotovoltaique\/","url":"https:\/\/delorenzoglobal.com\/fr\/produit\/energie-solairephotovoltaique\/","name":"\u00c9NERGIE SOLAIRE PHOTOVOLTA\u00cfQUE - De Lorenzo Training &amp; Didactical Equipment","isPartOf":{"@id":"https:\/\/delorenzoglobal.com\/fr\/#website"},"primaryImageOfPage":{"@id":"https:\/\/delorenzoglobal.com\/fr\/produit\/energie-solairephotovoltaique\/#primaryimage"},"image":{"@id":"https:\/\/delorenzoglobal.com\/fr\/produit\/energie-solairephotovoltaique\/#primaryimage"},"thumbnailUrl":"https:\/\/delorenzoglobal.com\/wp-content\/uploads\/2024\/04\/DL-SOLAR-L.jpg","datePublished":"2024-04-10T14:08:52+00:00","dateModified":"2026-02-04T08:25:26+00:00","description":"Le kit DL SOLAR-L relie la th\u00e9orie \u00e0 la pratique des cellules photovolta\u00efques gr\u00e2ce \u00e0 des exp\u00e9riences r\u00e9alisables avec la lumi\u00e8re de la salle de classe.","breadcrumb":{"@id":"https:\/\/delorenzoglobal.com\/fr\/produit\/energie-solairephotovoltaique\/#breadcrumb"},"inLanguage":"fr-FR","potentialAction":[{"@type":"ReadAction","target":["https:\/\/delorenzoglobal.com\/fr\/produit\/energie-solairephotovoltaique\/"]}]},{"@type":"ImageObject","inLanguage":"fr-FR","@id":"https:\/\/delorenzoglobal.com\/fr\/produit\/energie-solairephotovoltaique\/#primaryimage","url":"https:\/\/delorenzoglobal.com\/wp-content\/uploads\/2024\/04\/DL-SOLAR-L.jpg","contentUrl":"https:\/\/delorenzoglobal.com\/wp-content\/uploads\/2024\/04\/DL-SOLAR-L.jpg","width":1422,"height":1198},{"@type":"BreadcrumbList","@id":"https:\/\/delorenzoglobal.com\/fr\/produit\/energie-solairephotovoltaique\/#breadcrumb","itemListElement":[{"@type":"ListItem","position":1,"name":"Home","item":"https:\/\/delorenzoglobal.com\/fr\/"},{"@type":"ListItem","position":2,"name":"Boutique","item":"https:\/\/delorenzoglobal.com\/fr\/boutique\/"},{"@type":"ListItem","position":3,"name":"\u00c9NERGIE SOLAIRE PHOTOVOLTA\u00cfQUE"}]},{"@type":"WebSite","@id":"https:\/\/delorenzoglobal.com\/fr\/#website","url":"https:\/\/delorenzoglobal.com\/fr\/","name":"De Lorenzo Training &amp; Didactical Equipment","description":"","potentialAction":[{"@type":"SearchAction","target":{"@type":"EntryPoint","urlTemplate":"https:\/\/delorenzoglobal.com\/fr\/?s={search_term_string}"},"query-input":{"@type":"PropertyValueSpecification","valueRequired":true,"valueName":"search_term_string"}}],"inLanguage":"fr-FR"}]}},"_links":{"self":[{"href":"https:\/\/delorenzoglobal.com\/fr\/wp-json\/wp\/v2\/product\/3340","targetHints":{"allow":["GET"]}}],"collection":[{"href":"https:\/\/delorenzoglobal.com\/fr\/wp-json\/wp\/v2\/product"}],"about":[{"href":"https:\/\/delorenzoglobal.com\/fr\/wp-json\/wp\/v2\/types\/product"}],"wp:featuredmedia":[{"embeddable":true,"href":"https:\/\/delorenzoglobal.com\/fr\/wp-json\/wp\/v2\/media\/3333"}],"wp:attachment":[{"href":"https:\/\/delorenzoglobal.com\/fr\/wp-json\/wp\/v2\/media?parent=3340"}],"wp:term":[{"taxonomy":"product_brand","embeddable":true,"href":"https:\/\/delorenzoglobal.com\/fr\/wp-json\/wp\/v2\/product_brand?post=3340"},{"taxonomy":"product_cat","embeddable":true,"href":"https:\/\/delorenzoglobal.com\/fr\/wp-json\/wp\/v2\/product_cat?post=3340"},{"taxonomy":"product_tag","embeddable":true,"href":"https:\/\/delorenzoglobal.com\/fr\/wp-json\/wp\/v2\/product_tag?post=3340"}],"curies":[{"name":"wp","href":"https:\/\/api.w.org\/{rel}","templated":true}]}}