{"id":3183,"date":"2024-04-10T14:53:02","date_gmt":"2024-04-10T12:53:02","guid":{"rendered":"https:\/\/delorenzoglobal.com\/?post_type=product&#038;p=3183"},"modified":"2026-04-17T09:02:56","modified_gmt":"2026-04-17T07:02:56","slug":"technologie-de-controle-automatique","status":"publish","type":"product","link":"https:\/\/delorenzoglobal.com\/fr\/produit\/technologie-de-controle-automatique\/","title":{"rendered":"TECHNOLOGIE DE CONTR\u00d4LE AUTOMATIQUE"},"content":{"rendered":"<p>Ce laboratoire a \u00e9t\u00e9 con\u00e7u pour pr\u00e9senter les bases de la technologie de contr\u00f4le automatique.<\/p>\n<p>Les principales fonctions des processus, des contr\u00f4leurs et des syst\u00e8mes contr\u00f4l\u00e9s sont repr\u00e9sent\u00e9es sur un syst\u00e8me contr\u00f4l\u00e9 simul\u00e9, ainsi que les interactions entre les \u00e9l\u00e9ments de transfert d&rsquo;une boucle de contr\u00f4le.<\/p>\n<p>&nbsp;<\/p>\n<p>&nbsp;<\/p>\n","protected":false},"excerpt":{"rendered":"<p>Ce laboratoire a \u00e9t\u00e9 con\u00e7u pour pr\u00e9senter les bases de la technologie de contr\u00f4le automatique. Les principales fonctions des processus, des contr\u00f4leurs et des syst\u00e8mes contr\u00f4l\u00e9s sont repr\u00e9sent\u00e9es sur un syst\u00e8me contr\u00f4l\u00e9 simul\u00e9, ainsi que les interactions entre les \u00e9l\u00e9ments de transfert d&rsquo;une boucle de contr\u00f4le. &nbsp; &nbsp;<\/p>\n","protected":false},"featured_media":3176,"template":"","meta":{"_acf_changed":false},"product_brand":[],"product_cat":[180],"product_tag":[],"class_list":{"0":"post-3183","1":"product","2":"type-product","3":"status-publish","4":"has-post-thumbnail","6":"product_cat-technologie-de-controle-automatique","8":"first","9":"instock","10":"shipping-taxable","11":"product-type-simple"},"acf":[],"yoast_head":"<!-- This site is optimized with the Yoast SEO plugin v27.0 - https:\/\/yoast.com\/product\/yoast-seo-wordpress\/ -->\n<title>TECHNOLOGIE DE CONTR\u00d4LE AUTOMATIQUE - De Lorenzo Training &amp; Didactical Equipment<\/title>\n<meta name=\"description\" content=\"Laboratoire p\u00e9dagogique con\u00e7u pour introduire les bases du contr\u00f4le automatique \u00e0 travers des syst\u00e8mes simul\u00e9s et l\u2019analyse des interactions entre processus, contr\u00f4leurs et boucles de contr\u00f4le\" \/>\n<meta name=\"robots\" content=\"index, follow, max-snippet:-1, max-image-preview:large, max-video-preview:-1\" \/>\n<link rel=\"canonical\" href=\"https:\/\/delorenzoglobal.com\/fr\/produit\/technologie-de-controle-automatique\/\" \/>\n<meta property=\"og:locale\" content=\"fr_FR\" \/>\n<meta property=\"og:type\" content=\"article\" \/>\n<meta property=\"og:title\" content=\"TECHNOLOGIE DE CONTR\u00d4LE AUTOMATIQUE - De Lorenzo Training &amp; Didactical Equipment\" \/>\n<meta property=\"og:description\" content=\"Laboratoire p\u00e9dagogique con\u00e7u pour introduire les bases du contr\u00f4le automatique \u00e0 travers des syst\u00e8mes simul\u00e9s et l\u2019analyse des interactions entre processus, contr\u00f4leurs et boucles de contr\u00f4le\" \/>\n<meta property=\"og:url\" content=\"https:\/\/delorenzoglobal.com\/fr\/produit\/technologie-de-controle-automatique\/\" \/>\n<meta property=\"og:site_name\" content=\"De Lorenzo Training &amp; Didactical Equipment\" \/>\n<meta property=\"article:modified_time\" content=\"2026-04-17T07:02:56+00:00\" \/>\n<meta property=\"og:image\" content=\"https:\/\/delorenzoglobal.com\/wp-content\/uploads\/2024\/04\/ACT-TOT-scaled.jpg\" \/>\n\t<meta property=\"og:image:width\" content=\"2560\" \/>\n\t<meta property=\"og:image:height\" content=\"1310\" \/>\n\t<meta property=\"og:image:type\" content=\"image\/jpeg\" \/>\n<meta name=\"twitter:card\" content=\"summary_large_image\" \/>\n<meta name=\"twitter:label1\" content=\"Dur\u00e9e de lecture estim\u00e9e\" \/>\n\t<meta name=\"twitter:data1\" content=\"1 minute\" \/>\n<script type=\"application\/ld+json\" class=\"yoast-schema-graph\">{\"@context\":\"https:\/\/schema.org\",\"@graph\":[{\"@type\":\"WebPage\",\"@id\":\"https:\/\/delorenzoglobal.com\/fr\/produit\/technologie-de-controle-automatique\/\",\"url\":\"https:\/\/delorenzoglobal.com\/fr\/produit\/technologie-de-controle-automatique\/\",\"name\":\"TECHNOLOGIE DE CONTR\u00d4LE AUTOMATIQUE - De Lorenzo Training &amp; Didactical Equipment\",\"isPartOf\":{\"@id\":\"https:\/\/delorenzoglobal.com\/fr\/#website\"},\"primaryImageOfPage\":{\"@id\":\"https:\/\/delorenzoglobal.com\/fr\/produit\/technologie-de-controle-automatique\/#primaryimage\"},\"image\":{\"@id\":\"https:\/\/delorenzoglobal.com\/fr\/produit\/technologie-de-controle-automatique\/#primaryimage\"},\"thumbnailUrl\":\"https:\/\/delorenzoglobal.com\/wp-content\/uploads\/2024\/04\/ACT-TOT-scaled.jpg\",\"datePublished\":\"2024-04-10T12:53:02+00:00\",\"dateModified\":\"2026-04-17T07:02:56+00:00\",\"description\":\"Laboratoire p\u00e9dagogique con\u00e7u pour introduire les bases du contr\u00f4le automatique \u00e0 travers des syst\u00e8mes simul\u00e9s et l\u2019analyse des interactions entre processus, contr\u00f4leurs et boucles de contr\u00f4le\",\"breadcrumb\":{\"@id\":\"https:\/\/delorenzoglobal.com\/fr\/produit\/technologie-de-controle-automatique\/#breadcrumb\"},\"inLanguage\":\"fr-FR\",\"potentialAction\":[{\"@type\":\"ReadAction\",\"target\":[\"https:\/\/delorenzoglobal.com\/fr\/produit\/technologie-de-controle-automatique\/\"]}]},{\"@type\":\"ImageObject\",\"inLanguage\":\"fr-FR\",\"@id\":\"https:\/\/delorenzoglobal.com\/fr\/produit\/technologie-de-controle-automatique\/#primaryimage\",\"url\":\"https:\/\/delorenzoglobal.com\/wp-content\/uploads\/2024\/04\/ACT-TOT-scaled.jpg\",\"contentUrl\":\"https:\/\/delorenzoglobal.com\/wp-content\/uploads\/2024\/04\/ACT-TOT-scaled.jpg\",\"width\":2560,\"height\":1310},{\"@type\":\"BreadcrumbList\",\"@id\":\"https:\/\/delorenzoglobal.com\/fr\/produit\/technologie-de-controle-automatique\/#breadcrumb\",\"itemListElement\":[{\"@type\":\"ListItem\",\"position\":1,\"name\":\"Home\",\"item\":\"https:\/\/delorenzoglobal.com\/fr\/\"},{\"@type\":\"ListItem\",\"position\":2,\"name\":\"Boutique\",\"item\":\"https:\/\/delorenzoglobal.com\/fr\/boutique\/\"},{\"@type\":\"ListItem\",\"position\":3,\"name\":\"TECHNOLOGIE DE CONTR\u00d4LE AUTOMATIQUE\"}]},{\"@type\":\"WebSite\",\"@id\":\"https:\/\/delorenzoglobal.com\/fr\/#website\",\"url\":\"https:\/\/delorenzoglobal.com\/fr\/\",\"name\":\"De Lorenzo Training &amp; Didactical Equipment\",\"description\":\"\",\"potentialAction\":[{\"@type\":\"SearchAction\",\"target\":{\"@type\":\"EntryPoint\",\"urlTemplate\":\"https:\/\/delorenzoglobal.com\/fr\/?s={search_term_string}\"},\"query-input\":{\"@type\":\"PropertyValueSpecification\",\"valueRequired\":true,\"valueName\":\"search_term_string\"}}],\"inLanguage\":\"fr-FR\"}]}<\/script>\n<!-- \/ Yoast SEO plugin. -->","yoast_head_json":{"title":"TECHNOLOGIE DE CONTR\u00d4LE AUTOMATIQUE - De Lorenzo Training &amp; Didactical Equipment","description":"Laboratoire p\u00e9dagogique con\u00e7u pour introduire les bases du contr\u00f4le automatique \u00e0 travers des syst\u00e8mes simul\u00e9s et l\u2019analyse des interactions entre processus, contr\u00f4leurs et boucles de contr\u00f4le","robots":{"index":"index","follow":"follow","max-snippet":"max-snippet:-1","max-image-preview":"max-image-preview:large","max-video-preview":"max-video-preview:-1"},"canonical":"https:\/\/delorenzoglobal.com\/fr\/produit\/technologie-de-controle-automatique\/","og_locale":"fr_FR","og_type":"article","og_title":"TECHNOLOGIE DE CONTR\u00d4LE AUTOMATIQUE - De Lorenzo Training &amp; Didactical Equipment","og_description":"Laboratoire p\u00e9dagogique con\u00e7u pour introduire les bases du contr\u00f4le automatique \u00e0 travers des syst\u00e8mes simul\u00e9s et l\u2019analyse des interactions entre processus, contr\u00f4leurs et boucles de contr\u00f4le","og_url":"https:\/\/delorenzoglobal.com\/fr\/produit\/technologie-de-controle-automatique\/","og_site_name":"De Lorenzo Training &amp; Didactical Equipment","article_modified_time":"2026-04-17T07:02:56+00:00","og_image":[{"width":2560,"height":1310,"url":"https:\/\/delorenzoglobal.com\/wp-content\/uploads\/2024\/04\/ACT-TOT-scaled.jpg","type":"image\/jpeg"}],"twitter_card":"summary_large_image","twitter_misc":{"Dur\u00e9e de lecture estim\u00e9e":"1 minute"},"schema":{"@context":"https:\/\/schema.org","@graph":[{"@type":"WebPage","@id":"https:\/\/delorenzoglobal.com\/fr\/produit\/technologie-de-controle-automatique\/","url":"https:\/\/delorenzoglobal.com\/fr\/produit\/technologie-de-controle-automatique\/","name":"TECHNOLOGIE DE CONTR\u00d4LE AUTOMATIQUE - De Lorenzo Training &amp; Didactical Equipment","isPartOf":{"@id":"https:\/\/delorenzoglobal.com\/fr\/#website"},"primaryImageOfPage":{"@id":"https:\/\/delorenzoglobal.com\/fr\/produit\/technologie-de-controle-automatique\/#primaryimage"},"image":{"@id":"https:\/\/delorenzoglobal.com\/fr\/produit\/technologie-de-controle-automatique\/#primaryimage"},"thumbnailUrl":"https:\/\/delorenzoglobal.com\/wp-content\/uploads\/2024\/04\/ACT-TOT-scaled.jpg","datePublished":"2024-04-10T12:53:02+00:00","dateModified":"2026-04-17T07:02:56+00:00","description":"Laboratoire p\u00e9dagogique con\u00e7u pour introduire les bases du contr\u00f4le automatique \u00e0 travers des syst\u00e8mes simul\u00e9s et l\u2019analyse des interactions entre processus, contr\u00f4leurs et boucles de contr\u00f4le","breadcrumb":{"@id":"https:\/\/delorenzoglobal.com\/fr\/produit\/technologie-de-controle-automatique\/#breadcrumb"},"inLanguage":"fr-FR","potentialAction":[{"@type":"ReadAction","target":["https:\/\/delorenzoglobal.com\/fr\/produit\/technologie-de-controle-automatique\/"]}]},{"@type":"ImageObject","inLanguage":"fr-FR","@id":"https:\/\/delorenzoglobal.com\/fr\/produit\/technologie-de-controle-automatique\/#primaryimage","url":"https:\/\/delorenzoglobal.com\/wp-content\/uploads\/2024\/04\/ACT-TOT-scaled.jpg","contentUrl":"https:\/\/delorenzoglobal.com\/wp-content\/uploads\/2024\/04\/ACT-TOT-scaled.jpg","width":2560,"height":1310},{"@type":"BreadcrumbList","@id":"https:\/\/delorenzoglobal.com\/fr\/produit\/technologie-de-controle-automatique\/#breadcrumb","itemListElement":[{"@type":"ListItem","position":1,"name":"Home","item":"https:\/\/delorenzoglobal.com\/fr\/"},{"@type":"ListItem","position":2,"name":"Boutique","item":"https:\/\/delorenzoglobal.com\/fr\/boutique\/"},{"@type":"ListItem","position":3,"name":"TECHNOLOGIE DE CONTR\u00d4LE AUTOMATIQUE"}]},{"@type":"WebSite","@id":"https:\/\/delorenzoglobal.com\/fr\/#website","url":"https:\/\/delorenzoglobal.com\/fr\/","name":"De Lorenzo Training &amp; Didactical Equipment","description":"","potentialAction":[{"@type":"SearchAction","target":{"@type":"EntryPoint","urlTemplate":"https:\/\/delorenzoglobal.com\/fr\/?s={search_term_string}"},"query-input":{"@type":"PropertyValueSpecification","valueRequired":true,"valueName":"search_term_string"}}],"inLanguage":"fr-FR"}]}},"_links":{"self":[{"href":"https:\/\/delorenzoglobal.com\/fr\/wp-json\/wp\/v2\/product\/3183","targetHints":{"allow":["GET"]}}],"collection":[{"href":"https:\/\/delorenzoglobal.com\/fr\/wp-json\/wp\/v2\/product"}],"about":[{"href":"https:\/\/delorenzoglobal.com\/fr\/wp-json\/wp\/v2\/types\/product"}],"wp:featuredmedia":[{"embeddable":true,"href":"https:\/\/delorenzoglobal.com\/fr\/wp-json\/wp\/v2\/media\/3176"}],"wp:attachment":[{"href":"https:\/\/delorenzoglobal.com\/fr\/wp-json\/wp\/v2\/media?parent=3183"}],"wp:term":[{"taxonomy":"product_brand","embeddable":true,"href":"https:\/\/delorenzoglobal.com\/fr\/wp-json\/wp\/v2\/product_brand?post=3183"},{"taxonomy":"product_cat","embeddable":true,"href":"https:\/\/delorenzoglobal.com\/fr\/wp-json\/wp\/v2\/product_cat?post=3183"},{"taxonomy":"product_tag","embeddable":true,"href":"https:\/\/delorenzoglobal.com\/fr\/wp-json\/wp\/v2\/product_tag?post=3183"}],"curies":[{"name":"wp","href":"https:\/\/api.w.org\/{rel}","templated":true}]}}