{"id":3069,"date":"2024-04-10T14:22:31","date_gmt":"2024-04-10T12:22:31","guid":{"rendered":"https:\/\/delorenzoglobal.com\/?post_type=product&#038;p=3069"},"modified":"2026-04-16T15:59:30","modified_gmt":"2026-04-16T13:59:30","slug":"controle-de-la-luminosite","status":"publish","type":"product","link":"https:\/\/delorenzoglobal.com\/fr\/produit\/controle-de-la-luminosite\/","title":{"rendered":"CONTROLE DE LA LUMINOSIT\u00c9"},"content":{"rendered":"<p>Ce laboratoire est con\u00e7u pour l&rsquo;\u00e9tude de l&rsquo;application de Contr\u00f4le de la luminosit\u00e9 afin de permettre \u00e0 l&rsquo;\u00e9tudiant une formation pratique, bas\u00e9e sur la r\u00e9alisation d&rsquo;exp\u00e9riences guid\u00e9es.<\/p>\n<p>Les composants de type industriel sont adapt\u00e9s de mani\u00e8re p\u00e9dagogique en utilisant un syst\u00e8me de panneau modulaire afin de permettre l\u2019assemblage pas \u00e0 pas du circuit le plus simple au syst\u00e8me le plus complexe.<\/p>\n<p>&nbsp;<\/p>\n","protected":false},"excerpt":{"rendered":"<p>Ce laboratoire est con\u00e7u pour l&rsquo;\u00e9tude de l&rsquo;application de Contr\u00f4le de la luminosit\u00e9 afin de permettre \u00e0 l&rsquo;\u00e9tudiant une formation pratique, bas\u00e9e sur la r\u00e9alisation d&rsquo;exp\u00e9riences guid\u00e9es. Les composants de type industriel sont adapt\u00e9s de mani\u00e8re p\u00e9dagogique en utilisant un syst\u00e8me de panneau modulaire afin de permettre l\u2019assemblage pas \u00e0 pas du circuit le plus [&hellip;]<\/p>\n","protected":false},"featured_media":3061,"template":"","meta":{"_acf_changed":false},"product_brand":[],"product_cat":[180],"product_tag":[],"class_list":{"0":"post-3069","1":"product","2":"type-product","3":"status-publish","4":"has-post-thumbnail","6":"product_cat-technologie-de-controle-automatique","8":"first","9":"instock","10":"shipping-taxable","11":"product-type-simple"},"acf":[],"yoast_head":"<!-- This site is optimized with the Yoast SEO plugin v27.0 - https:\/\/yoast.com\/product\/yoast-seo-wordpress\/ -->\n<title>CONTROLE DE LA LUMINOSIT\u00c9 - De Lorenzo Training &amp; Didactical Equipment<\/title>\n<meta name=\"description\" content=\"Laboratoire p\u00e9dagogique d\u00e9di\u00e9 \u00e0 l\u2019\u00e9tude des applications de contr\u00f4le de la luminosit\u00e9, offrant une formation pratique bas\u00e9e sur des exp\u00e9riences guid\u00e9es et un syst\u00e8me de panneaux modulaires industriels.\" \/>\n<meta name=\"robots\" content=\"index, follow, max-snippet:-1, max-image-preview:large, max-video-preview:-1\" \/>\n<link rel=\"canonical\" href=\"https:\/\/delorenzoglobal.com\/fr\/produit\/controle-de-la-luminosite\/\" \/>\n<meta property=\"og:locale\" content=\"fr_FR\" \/>\n<meta property=\"og:type\" content=\"article\" \/>\n<meta property=\"og:title\" content=\"CONTROLE DE LA LUMINOSIT\u00c9 - De Lorenzo Training &amp; Didactical Equipment\" \/>\n<meta property=\"og:description\" content=\"Laboratoire p\u00e9dagogique d\u00e9di\u00e9 \u00e0 l\u2019\u00e9tude des applications de contr\u00f4le de la luminosit\u00e9, offrant une formation pratique bas\u00e9e sur des exp\u00e9riences guid\u00e9es et un syst\u00e8me de panneaux modulaires industriels.\" \/>\n<meta property=\"og:url\" content=\"https:\/\/delorenzoglobal.com\/fr\/produit\/controle-de-la-luminosite\/\" \/>\n<meta property=\"og:site_name\" content=\"De Lorenzo Training &amp; Didactical Equipment\" \/>\n<meta property=\"article:modified_time\" content=\"2026-04-16T13:59:30+00:00\" \/>\n<meta property=\"og:image\" content=\"https:\/\/delorenzoglobal.com\/wp-content\/uploads\/2024\/04\/LUM.jpg\" \/>\n\t<meta property=\"og:image:width\" content=\"1403\" \/>\n\t<meta property=\"og:image:height\" content=\"1076\" \/>\n\t<meta property=\"og:image:type\" content=\"image\/jpeg\" \/>\n<meta name=\"twitter:card\" content=\"summary_large_image\" \/>\n<meta name=\"twitter:label1\" content=\"Dur\u00e9e de lecture estim\u00e9e\" \/>\n\t<meta name=\"twitter:data1\" content=\"1 minute\" \/>\n<script type=\"application\/ld+json\" class=\"yoast-schema-graph\">{\"@context\":\"https:\/\/schema.org\",\"@graph\":[{\"@type\":\"WebPage\",\"@id\":\"https:\/\/delorenzoglobal.com\/fr\/produit\/controle-de-la-luminosite\/\",\"url\":\"https:\/\/delorenzoglobal.com\/fr\/produit\/controle-de-la-luminosite\/\",\"name\":\"CONTROLE DE LA LUMINOSIT\u00c9 - De Lorenzo Training &amp; Didactical Equipment\",\"isPartOf\":{\"@id\":\"https:\/\/delorenzoglobal.com\/fr\/#website\"},\"primaryImageOfPage\":{\"@id\":\"https:\/\/delorenzoglobal.com\/fr\/produit\/controle-de-la-luminosite\/#primaryimage\"},\"image\":{\"@id\":\"https:\/\/delorenzoglobal.com\/fr\/produit\/controle-de-la-luminosite\/#primaryimage\"},\"thumbnailUrl\":\"https:\/\/delorenzoglobal.com\/wp-content\/uploads\/2024\/04\/LUM.jpg\",\"datePublished\":\"2024-04-10T12:22:31+00:00\",\"dateModified\":\"2026-04-16T13:59:30+00:00\",\"description\":\"Laboratoire p\u00e9dagogique d\u00e9di\u00e9 \u00e0 l\u2019\u00e9tude des applications de contr\u00f4le de la luminosit\u00e9, offrant une formation pratique bas\u00e9e sur des exp\u00e9riences guid\u00e9es et un syst\u00e8me de panneaux modulaires industriels.\",\"breadcrumb\":{\"@id\":\"https:\/\/delorenzoglobal.com\/fr\/produit\/controle-de-la-luminosite\/#breadcrumb\"},\"inLanguage\":\"fr-FR\",\"potentialAction\":[{\"@type\":\"ReadAction\",\"target\":[\"https:\/\/delorenzoglobal.com\/fr\/produit\/controle-de-la-luminosite\/\"]}]},{\"@type\":\"ImageObject\",\"inLanguage\":\"fr-FR\",\"@id\":\"https:\/\/delorenzoglobal.com\/fr\/produit\/controle-de-la-luminosite\/#primaryimage\",\"url\":\"https:\/\/delorenzoglobal.com\/wp-content\/uploads\/2024\/04\/LUM.jpg\",\"contentUrl\":\"https:\/\/delorenzoglobal.com\/wp-content\/uploads\/2024\/04\/LUM.jpg\",\"width\":1403,\"height\":1076},{\"@type\":\"BreadcrumbList\",\"@id\":\"https:\/\/delorenzoglobal.com\/fr\/produit\/controle-de-la-luminosite\/#breadcrumb\",\"itemListElement\":[{\"@type\":\"ListItem\",\"position\":1,\"name\":\"Home\",\"item\":\"https:\/\/delorenzoglobal.com\/fr\/\"},{\"@type\":\"ListItem\",\"position\":2,\"name\":\"Boutique\",\"item\":\"https:\/\/delorenzoglobal.com\/fr\/boutique\/\"},{\"@type\":\"ListItem\",\"position\":3,\"name\":\"CONTROLE DE LA LUMINOSIT\u00c9\"}]},{\"@type\":\"WebSite\",\"@id\":\"https:\/\/delorenzoglobal.com\/fr\/#website\",\"url\":\"https:\/\/delorenzoglobal.com\/fr\/\",\"name\":\"De Lorenzo Training &amp; Didactical Equipment\",\"description\":\"\",\"potentialAction\":[{\"@type\":\"SearchAction\",\"target\":{\"@type\":\"EntryPoint\",\"urlTemplate\":\"https:\/\/delorenzoglobal.com\/fr\/?s={search_term_string}\"},\"query-input\":{\"@type\":\"PropertyValueSpecification\",\"valueRequired\":true,\"valueName\":\"search_term_string\"}}],\"inLanguage\":\"fr-FR\"}]}<\/script>\n<!-- \/ Yoast SEO plugin. -->","yoast_head_json":{"title":"CONTROLE DE LA LUMINOSIT\u00c9 - De Lorenzo Training &amp; Didactical Equipment","description":"Laboratoire p\u00e9dagogique d\u00e9di\u00e9 \u00e0 l\u2019\u00e9tude des applications de contr\u00f4le de la luminosit\u00e9, offrant une formation pratique bas\u00e9e sur des exp\u00e9riences guid\u00e9es et un syst\u00e8me de panneaux modulaires industriels.","robots":{"index":"index","follow":"follow","max-snippet":"max-snippet:-1","max-image-preview":"max-image-preview:large","max-video-preview":"max-video-preview:-1"},"canonical":"https:\/\/delorenzoglobal.com\/fr\/produit\/controle-de-la-luminosite\/","og_locale":"fr_FR","og_type":"article","og_title":"CONTROLE DE LA LUMINOSIT\u00c9 - De Lorenzo Training &amp; Didactical Equipment","og_description":"Laboratoire p\u00e9dagogique d\u00e9di\u00e9 \u00e0 l\u2019\u00e9tude des applications de contr\u00f4le de la luminosit\u00e9, offrant une formation pratique bas\u00e9e sur des exp\u00e9riences guid\u00e9es et un syst\u00e8me de panneaux modulaires industriels.","og_url":"https:\/\/delorenzoglobal.com\/fr\/produit\/controle-de-la-luminosite\/","og_site_name":"De Lorenzo Training &amp; Didactical Equipment","article_modified_time":"2026-04-16T13:59:30+00:00","og_image":[{"width":1403,"height":1076,"url":"https:\/\/delorenzoglobal.com\/wp-content\/uploads\/2024\/04\/LUM.jpg","type":"image\/jpeg"}],"twitter_card":"summary_large_image","twitter_misc":{"Dur\u00e9e de lecture estim\u00e9e":"1 minute"},"schema":{"@context":"https:\/\/schema.org","@graph":[{"@type":"WebPage","@id":"https:\/\/delorenzoglobal.com\/fr\/produit\/controle-de-la-luminosite\/","url":"https:\/\/delorenzoglobal.com\/fr\/produit\/controle-de-la-luminosite\/","name":"CONTROLE DE LA LUMINOSIT\u00c9 - De Lorenzo Training &amp; Didactical Equipment","isPartOf":{"@id":"https:\/\/delorenzoglobal.com\/fr\/#website"},"primaryImageOfPage":{"@id":"https:\/\/delorenzoglobal.com\/fr\/produit\/controle-de-la-luminosite\/#primaryimage"},"image":{"@id":"https:\/\/delorenzoglobal.com\/fr\/produit\/controle-de-la-luminosite\/#primaryimage"},"thumbnailUrl":"https:\/\/delorenzoglobal.com\/wp-content\/uploads\/2024\/04\/LUM.jpg","datePublished":"2024-04-10T12:22:31+00:00","dateModified":"2026-04-16T13:59:30+00:00","description":"Laboratoire p\u00e9dagogique d\u00e9di\u00e9 \u00e0 l\u2019\u00e9tude des applications de contr\u00f4le de la luminosit\u00e9, offrant une formation pratique bas\u00e9e sur des exp\u00e9riences guid\u00e9es et un syst\u00e8me de panneaux modulaires industriels.","breadcrumb":{"@id":"https:\/\/delorenzoglobal.com\/fr\/produit\/controle-de-la-luminosite\/#breadcrumb"},"inLanguage":"fr-FR","potentialAction":[{"@type":"ReadAction","target":["https:\/\/delorenzoglobal.com\/fr\/produit\/controle-de-la-luminosite\/"]}]},{"@type":"ImageObject","inLanguage":"fr-FR","@id":"https:\/\/delorenzoglobal.com\/fr\/produit\/controle-de-la-luminosite\/#primaryimage","url":"https:\/\/delorenzoglobal.com\/wp-content\/uploads\/2024\/04\/LUM.jpg","contentUrl":"https:\/\/delorenzoglobal.com\/wp-content\/uploads\/2024\/04\/LUM.jpg","width":1403,"height":1076},{"@type":"BreadcrumbList","@id":"https:\/\/delorenzoglobal.com\/fr\/produit\/controle-de-la-luminosite\/#breadcrumb","itemListElement":[{"@type":"ListItem","position":1,"name":"Home","item":"https:\/\/delorenzoglobal.com\/fr\/"},{"@type":"ListItem","position":2,"name":"Boutique","item":"https:\/\/delorenzoglobal.com\/fr\/boutique\/"},{"@type":"ListItem","position":3,"name":"CONTROLE DE LA LUMINOSIT\u00c9"}]},{"@type":"WebSite","@id":"https:\/\/delorenzoglobal.com\/fr\/#website","url":"https:\/\/delorenzoglobal.com\/fr\/","name":"De Lorenzo Training &amp; Didactical Equipment","description":"","potentialAction":[{"@type":"SearchAction","target":{"@type":"EntryPoint","urlTemplate":"https:\/\/delorenzoglobal.com\/fr\/?s={search_term_string}"},"query-input":{"@type":"PropertyValueSpecification","valueRequired":true,"valueName":"search_term_string"}}],"inLanguage":"fr-FR"}]}},"_links":{"self":[{"href":"https:\/\/delorenzoglobal.com\/fr\/wp-json\/wp\/v2\/product\/3069","targetHints":{"allow":["GET"]}}],"collection":[{"href":"https:\/\/delorenzoglobal.com\/fr\/wp-json\/wp\/v2\/product"}],"about":[{"href":"https:\/\/delorenzoglobal.com\/fr\/wp-json\/wp\/v2\/types\/product"}],"wp:featuredmedia":[{"embeddable":true,"href":"https:\/\/delorenzoglobal.com\/fr\/wp-json\/wp\/v2\/media\/3061"}],"wp:attachment":[{"href":"https:\/\/delorenzoglobal.com\/fr\/wp-json\/wp\/v2\/media?parent=3069"}],"wp:term":[{"taxonomy":"product_brand","embeddable":true,"href":"https:\/\/delorenzoglobal.com\/fr\/wp-json\/wp\/v2\/product_brand?post=3069"},{"taxonomy":"product_cat","embeddable":true,"href":"https:\/\/delorenzoglobal.com\/fr\/wp-json\/wp\/v2\/product_cat?post=3069"},{"taxonomy":"product_tag","embeddable":true,"href":"https:\/\/delorenzoglobal.com\/fr\/wp-json\/wp\/v2\/product_tag?post=3069"}],"curies":[{"name":"wp","href":"https:\/\/api.w.org\/{rel}","templated":true}]}}