{"id":2991,"date":"2024-04-10T14:04:54","date_gmt":"2024-04-10T12:04:54","guid":{"rendered":"https:\/\/delorenzoglobal.com\/?post_type=product&#038;p=2991"},"modified":"2026-04-16T12:33:10","modified_gmt":"2026-04-16T10:33:10","slug":"controle-dun-moteur-a-courant-continu","status":"publish","type":"product","link":"https:\/\/delorenzoglobal.com\/fr\/produit\/controle-dun-moteur-a-courant-continu\/","title":{"rendered":"CONTROLE D&rsquo;UN MOTEUR \u00c0 COURANT CONTINU"},"content":{"rendered":"<p>Ce laboratoire est con\u00e7u pour l&rsquo;\u00e9tude du contr\u00f4le d&rsquo;un moteur \u00e0 courant continu afin de permettre \u00e0 l&rsquo;\u00e9tudiant une formation pratique, bas\u00e9e sur la r\u00e9alisation d&rsquo;exp\u00e9riences guid\u00e9es.<\/p>\n<p>Les composants de type industriel doivent \u00eatre adapt\u00e9s de mani\u00e8re p\u00e9dagogique \u00e0 l&rsquo;aide d&rsquo;un syst\u00e8me de panneaux modulaires afin de permettre l&rsquo;assemblage \u00e9tape par \u00e9tape, en partant du circuit le plus simple au syst\u00e8me le plus complexe.<\/p>\n<p>&nbsp;<\/p>\n","protected":false},"excerpt":{"rendered":"<p>Ce laboratoire est con\u00e7u pour l&rsquo;\u00e9tude du contr\u00f4le d&rsquo;un moteur \u00e0 courant continu afin de permettre \u00e0 l&rsquo;\u00e9tudiant une formation pratique, bas\u00e9e sur la r\u00e9alisation d&rsquo;exp\u00e9riences guid\u00e9es. Les composants de type industriel doivent \u00eatre adapt\u00e9s de mani\u00e8re p\u00e9dagogique \u00e0 l&rsquo;aide d&rsquo;un syst\u00e8me de panneaux modulaires afin de permettre l&rsquo;assemblage \u00e9tape par \u00e9tape, en partant du [&hellip;]<\/p>\n","protected":false},"featured_media":2976,"template":"","meta":{"_acf_changed":false},"product_brand":[],"product_cat":[180],"product_tag":[],"class_list":{"0":"post-2991","1":"product","2":"type-product","3":"status-publish","4":"has-post-thumbnail","6":"product_cat-technologie-de-controle-automatique","8":"first","9":"instock","10":"shipping-taxable","11":"product-type-simple"},"acf":[],"yoast_head":"<!-- This site is optimized with the Yoast SEO plugin v27.4 - https:\/\/yoast.com\/product\/yoast-seo-wordpress\/ -->\n<title>CONTROLE D&#039;UN MOTEUR \u00c0 COURANT CONTINU - De Lorenzo Training &amp; Didactical Equipment<\/title>\n<meta name=\"description\" content=\"Laboratoire p\u00e9dagogique d\u00e9di\u00e9 \u00e0 l\u2019\u00e9tude du contr\u00f4le des moteurs \u00e0 courant continu, offrant une formation pratique bas\u00e9e sur des exp\u00e9riences guid\u00e9es et un syst\u00e8me de panneaux modulaires industriels.\" \/>\n<meta name=\"robots\" content=\"index, follow, max-snippet:-1, max-image-preview:large, max-video-preview:-1\" \/>\n<link rel=\"canonical\" href=\"https:\/\/delorenzoglobal.com\/fr\/produit\/controle-dun-moteur-a-courant-continu\/\" \/>\n<meta property=\"og:locale\" content=\"fr_FR\" \/>\n<meta property=\"og:type\" content=\"article\" \/>\n<meta property=\"og:title\" content=\"CONTROLE D&#039;UN MOTEUR \u00c0 COURANT CONTINU - De Lorenzo Training &amp; Didactical Equipment\" \/>\n<meta property=\"og:description\" content=\"Laboratoire p\u00e9dagogique d\u00e9di\u00e9 \u00e0 l\u2019\u00e9tude du contr\u00f4le des moteurs \u00e0 courant continu, offrant une formation pratique bas\u00e9e sur des exp\u00e9riences guid\u00e9es et un syst\u00e8me de panneaux modulaires industriels.\" \/>\n<meta property=\"og:url\" content=\"https:\/\/delorenzoglobal.com\/fr\/produit\/controle-dun-moteur-a-courant-continu\/\" \/>\n<meta property=\"og:site_name\" content=\"De Lorenzo Training &amp; Didactical Equipment\" \/>\n<meta property=\"article:modified_time\" content=\"2026-04-16T10:33:10+00:00\" \/>\n<meta property=\"og:image\" content=\"https:\/\/delorenzoglobal.com\/wp-content\/uploads\/2024\/04\/MOT.jpg\" \/>\n\t<meta property=\"og:image:width\" content=\"1403\" \/>\n\t<meta property=\"og:image:height\" content=\"1077\" \/>\n\t<meta property=\"og:image:type\" content=\"image\/jpeg\" \/>\n<meta name=\"twitter:card\" content=\"summary_large_image\" \/>\n<meta name=\"twitter:label1\" content=\"Dur\u00e9e de lecture estim\u00e9e\" \/>\n\t<meta name=\"twitter:data1\" content=\"1 minute\" \/>\n<script type=\"application\/ld+json\" class=\"yoast-schema-graph\">{\"@context\":\"https:\\\/\\\/schema.org\",\"@graph\":[{\"@type\":\"WebPage\",\"@id\":\"https:\\\/\\\/delorenzoglobal.com\\\/fr\\\/produit\\\/controle-dun-moteur-a-courant-continu\\\/\",\"url\":\"https:\\\/\\\/delorenzoglobal.com\\\/fr\\\/produit\\\/controle-dun-moteur-a-courant-continu\\\/\",\"name\":\"CONTROLE D'UN MOTEUR \u00c0 COURANT CONTINU - De Lorenzo Training &amp; Didactical Equipment\",\"isPartOf\":{\"@id\":\"https:\\\/\\\/delorenzoglobal.com\\\/fr\\\/#website\"},\"primaryImageOfPage\":{\"@id\":\"https:\\\/\\\/delorenzoglobal.com\\\/fr\\\/produit\\\/controle-dun-moteur-a-courant-continu\\\/#primaryimage\"},\"image\":{\"@id\":\"https:\\\/\\\/delorenzoglobal.com\\\/fr\\\/produit\\\/controle-dun-moteur-a-courant-continu\\\/#primaryimage\"},\"thumbnailUrl\":\"https:\\\/\\\/delorenzoglobal.com\\\/wp-content\\\/uploads\\\/2024\\\/04\\\/MOT.jpg\",\"datePublished\":\"2024-04-10T12:04:54+00:00\",\"dateModified\":\"2026-04-16T10:33:10+00:00\",\"description\":\"Laboratoire p\u00e9dagogique d\u00e9di\u00e9 \u00e0 l\u2019\u00e9tude du contr\u00f4le des moteurs \u00e0 courant continu, offrant une formation pratique bas\u00e9e sur des exp\u00e9riences guid\u00e9es et un syst\u00e8me de panneaux modulaires industriels.\",\"breadcrumb\":{\"@id\":\"https:\\\/\\\/delorenzoglobal.com\\\/fr\\\/produit\\\/controle-dun-moteur-a-courant-continu\\\/#breadcrumb\"},\"inLanguage\":\"fr-FR\",\"potentialAction\":[{\"@type\":\"ReadAction\",\"target\":[\"https:\\\/\\\/delorenzoglobal.com\\\/fr\\\/produit\\\/controle-dun-moteur-a-courant-continu\\\/\"]}]},{\"@type\":\"ImageObject\",\"inLanguage\":\"fr-FR\",\"@id\":\"https:\\\/\\\/delorenzoglobal.com\\\/fr\\\/produit\\\/controle-dun-moteur-a-courant-continu\\\/#primaryimage\",\"url\":\"https:\\\/\\\/delorenzoglobal.com\\\/wp-content\\\/uploads\\\/2024\\\/04\\\/MOT.jpg\",\"contentUrl\":\"https:\\\/\\\/delorenzoglobal.com\\\/wp-content\\\/uploads\\\/2024\\\/04\\\/MOT.jpg\",\"width\":1403,\"height\":1077},{\"@type\":\"BreadcrumbList\",\"@id\":\"https:\\\/\\\/delorenzoglobal.com\\\/fr\\\/produit\\\/controle-dun-moteur-a-courant-continu\\\/#breadcrumb\",\"itemListElement\":[{\"@type\":\"ListItem\",\"position\":1,\"name\":\"Home\",\"item\":\"https:\\\/\\\/delorenzoglobal.com\\\/fr\\\/\"},{\"@type\":\"ListItem\",\"position\":2,\"name\":\"Boutique\",\"item\":\"https:\\\/\\\/delorenzoglobal.com\\\/fr\\\/boutique\\\/\"},{\"@type\":\"ListItem\",\"position\":3,\"name\":\"CONTROLE D&#8217;UN MOTEUR \u00c0 COURANT CONTINU\"}]},{\"@type\":\"WebSite\",\"@id\":\"https:\\\/\\\/delorenzoglobal.com\\\/fr\\\/#website\",\"url\":\"https:\\\/\\\/delorenzoglobal.com\\\/fr\\\/\",\"name\":\"De Lorenzo Training &amp; Didactical Equipment\",\"description\":\"\",\"potentialAction\":[{\"@type\":\"SearchAction\",\"target\":{\"@type\":\"EntryPoint\",\"urlTemplate\":\"https:\\\/\\\/delorenzoglobal.com\\\/fr\\\/?s={search_term_string}\"},\"query-input\":{\"@type\":\"PropertyValueSpecification\",\"valueRequired\":true,\"valueName\":\"search_term_string\"}}],\"inLanguage\":\"fr-FR\"}]}<\/script>\n<!-- \/ Yoast SEO plugin. -->","yoast_head_json":{"title":"CONTROLE D'UN MOTEUR \u00c0 COURANT CONTINU - De Lorenzo Training &amp; Didactical Equipment","description":"Laboratoire p\u00e9dagogique d\u00e9di\u00e9 \u00e0 l\u2019\u00e9tude du contr\u00f4le des moteurs \u00e0 courant continu, offrant une formation pratique bas\u00e9e sur des exp\u00e9riences guid\u00e9es et un syst\u00e8me de panneaux modulaires industriels.","robots":{"index":"index","follow":"follow","max-snippet":"max-snippet:-1","max-image-preview":"max-image-preview:large","max-video-preview":"max-video-preview:-1"},"canonical":"https:\/\/delorenzoglobal.com\/fr\/produit\/controle-dun-moteur-a-courant-continu\/","og_locale":"fr_FR","og_type":"article","og_title":"CONTROLE D'UN MOTEUR \u00c0 COURANT CONTINU - De Lorenzo Training &amp; Didactical Equipment","og_description":"Laboratoire p\u00e9dagogique d\u00e9di\u00e9 \u00e0 l\u2019\u00e9tude du contr\u00f4le des moteurs \u00e0 courant continu, offrant une formation pratique bas\u00e9e sur des exp\u00e9riences guid\u00e9es et un syst\u00e8me de panneaux modulaires industriels.","og_url":"https:\/\/delorenzoglobal.com\/fr\/produit\/controle-dun-moteur-a-courant-continu\/","og_site_name":"De Lorenzo Training &amp; Didactical Equipment","article_modified_time":"2026-04-16T10:33:10+00:00","og_image":[{"width":1403,"height":1077,"url":"https:\/\/delorenzoglobal.com\/wp-content\/uploads\/2024\/04\/MOT.jpg","type":"image\/jpeg"}],"twitter_card":"summary_large_image","twitter_misc":{"Dur\u00e9e de lecture estim\u00e9e":"1 minute"},"schema":{"@context":"https:\/\/schema.org","@graph":[{"@type":"WebPage","@id":"https:\/\/delorenzoglobal.com\/fr\/produit\/controle-dun-moteur-a-courant-continu\/","url":"https:\/\/delorenzoglobal.com\/fr\/produit\/controle-dun-moteur-a-courant-continu\/","name":"CONTROLE D'UN MOTEUR \u00c0 COURANT CONTINU - De Lorenzo Training &amp; Didactical Equipment","isPartOf":{"@id":"https:\/\/delorenzoglobal.com\/fr\/#website"},"primaryImageOfPage":{"@id":"https:\/\/delorenzoglobal.com\/fr\/produit\/controle-dun-moteur-a-courant-continu\/#primaryimage"},"image":{"@id":"https:\/\/delorenzoglobal.com\/fr\/produit\/controle-dun-moteur-a-courant-continu\/#primaryimage"},"thumbnailUrl":"https:\/\/delorenzoglobal.com\/wp-content\/uploads\/2024\/04\/MOT.jpg","datePublished":"2024-04-10T12:04:54+00:00","dateModified":"2026-04-16T10:33:10+00:00","description":"Laboratoire p\u00e9dagogique d\u00e9di\u00e9 \u00e0 l\u2019\u00e9tude du contr\u00f4le des moteurs \u00e0 courant continu, offrant une formation pratique bas\u00e9e sur des exp\u00e9riences guid\u00e9es et un syst\u00e8me de panneaux modulaires industriels.","breadcrumb":{"@id":"https:\/\/delorenzoglobal.com\/fr\/produit\/controle-dun-moteur-a-courant-continu\/#breadcrumb"},"inLanguage":"fr-FR","potentialAction":[{"@type":"ReadAction","target":["https:\/\/delorenzoglobal.com\/fr\/produit\/controle-dun-moteur-a-courant-continu\/"]}]},{"@type":"ImageObject","inLanguage":"fr-FR","@id":"https:\/\/delorenzoglobal.com\/fr\/produit\/controle-dun-moteur-a-courant-continu\/#primaryimage","url":"https:\/\/delorenzoglobal.com\/wp-content\/uploads\/2024\/04\/MOT.jpg","contentUrl":"https:\/\/delorenzoglobal.com\/wp-content\/uploads\/2024\/04\/MOT.jpg","width":1403,"height":1077},{"@type":"BreadcrumbList","@id":"https:\/\/delorenzoglobal.com\/fr\/produit\/controle-dun-moteur-a-courant-continu\/#breadcrumb","itemListElement":[{"@type":"ListItem","position":1,"name":"Home","item":"https:\/\/delorenzoglobal.com\/fr\/"},{"@type":"ListItem","position":2,"name":"Boutique","item":"https:\/\/delorenzoglobal.com\/fr\/boutique\/"},{"@type":"ListItem","position":3,"name":"CONTROLE D&#8217;UN MOTEUR \u00c0 COURANT CONTINU"}]},{"@type":"WebSite","@id":"https:\/\/delorenzoglobal.com\/fr\/#website","url":"https:\/\/delorenzoglobal.com\/fr\/","name":"De Lorenzo Training &amp; Didactical Equipment","description":"","potentialAction":[{"@type":"SearchAction","target":{"@type":"EntryPoint","urlTemplate":"https:\/\/delorenzoglobal.com\/fr\/?s={search_term_string}"},"query-input":{"@type":"PropertyValueSpecification","valueRequired":true,"valueName":"search_term_string"}}],"inLanguage":"fr-FR"}]}},"_links":{"self":[{"href":"https:\/\/delorenzoglobal.com\/fr\/wp-json\/wp\/v2\/product\/2991","targetHints":{"allow":["GET"]}}],"collection":[{"href":"https:\/\/delorenzoglobal.com\/fr\/wp-json\/wp\/v2\/product"}],"about":[{"href":"https:\/\/delorenzoglobal.com\/fr\/wp-json\/wp\/v2\/types\/product"}],"wp:featuredmedia":[{"embeddable":true,"href":"https:\/\/delorenzoglobal.com\/fr\/wp-json\/wp\/v2\/media\/2976"}],"wp:attachment":[{"href":"https:\/\/delorenzoglobal.com\/fr\/wp-json\/wp\/v2\/media?parent=2991"}],"wp:term":[{"taxonomy":"product_brand","embeddable":true,"href":"https:\/\/delorenzoglobal.com\/fr\/wp-json\/wp\/v2\/product_brand?post=2991"},{"taxonomy":"product_cat","embeddable":true,"href":"https:\/\/delorenzoglobal.com\/fr\/wp-json\/wp\/v2\/product_cat?post=2991"},{"taxonomy":"product_tag","embeddable":true,"href":"https:\/\/delorenzoglobal.com\/fr\/wp-json\/wp\/v2\/product_tag?post=2991"}],"curies":[{"name":"wp","href":"https:\/\/api.w.org\/{rel}","templated":true}]}}