{"id":2958,"date":"2024-04-10T13:56:25","date_gmt":"2024-04-10T11:56:25","guid":{"rendered":"https:\/\/delorenzoglobal.com\/?post_type=product&#038;p=2958"},"modified":"2026-04-16T12:35:53","modified_gmt":"2026-04-16T10:35:53","slug":"controle-automatique-discontinu","status":"publish","type":"product","link":"https:\/\/delorenzoglobal.com\/fr\/produit\/controle-automatique-discontinu\/","title":{"rendered":"CONTROLE AUTOMATIQUE DISCONTINU"},"content":{"rendered":"<p>Ce laboratoire est con\u00e7u pour l&rsquo;\u00e9tude des syst\u00e8mes d&rsquo;automatismes discontinus o\u00f9 le contr\u00f4leur est compos\u00e9 d&rsquo;un \u00e9l\u00e9ment \u00e0 intervention discontinue.<\/p>\n<p>Un contr\u00f4leur discontinu est caract\u00e9ris\u00e9 par une sortie ayant deux \u00e9tats fixes ou plus et sa valeur est commut\u00e9e parmi ces \u00e9tats en fonction de la valeur d&rsquo;entr\u00e9e.<\/p>\n<p>&nbsp;<\/p>\n","protected":false},"excerpt":{"rendered":"<p>Ce laboratoire est con\u00e7u pour l&rsquo;\u00e9tude des syst\u00e8mes d&rsquo;automatismes discontinus o\u00f9 le contr\u00f4leur est compos\u00e9 d&rsquo;un \u00e9l\u00e9ment \u00e0 intervention discontinue. Un contr\u00f4leur discontinu est caract\u00e9ris\u00e9 par une sortie ayant deux \u00e9tats fixes ou plus et sa valeur est commut\u00e9e parmi ces \u00e9tats en fonction de la valeur d&rsquo;entr\u00e9e. &nbsp;<\/p>\n","protected":false},"featured_media":2951,"template":"","meta":{"_acf_changed":false},"product_brand":[],"product_cat":[180],"product_tag":[],"class_list":{"0":"post-2958","1":"product","2":"type-product","3":"status-publish","4":"has-post-thumbnail","6":"product_cat-technologie-de-controle-automatique","8":"first","9":"instock","10":"shipping-taxable","11":"product-type-simple"},"acf":[],"yoast_head":"<!-- This site is optimized with the Yoast SEO plugin v27.0 - https:\/\/yoast.com\/product\/yoast-seo-wordpress\/ -->\n<title>CONTROLE AUTOMATIQUE DISCONTINU - De Lorenzo Training &amp; Didactical Equipment<\/title>\n<meta name=\"description\" content=\"Laboratoire p\u00e9dagogique d\u00e9di\u00e9 \u00e0 l\u2019\u00e9tude des syst\u00e8mes de contr\u00f4le automatique discontinu, bas\u00e9 sur des contr\u00f4leurs \u00e0 \u00e9tats discrets et une formation pratique par exp\u00e9riences guid\u00e9es.\" \/>\n<meta name=\"robots\" content=\"index, follow, max-snippet:-1, max-image-preview:large, max-video-preview:-1\" \/>\n<link rel=\"canonical\" href=\"https:\/\/delorenzoglobal.com\/fr\/produit\/controle-automatique-discontinu\/\" \/>\n<meta property=\"og:locale\" content=\"fr_FR\" \/>\n<meta property=\"og:type\" content=\"article\" \/>\n<meta property=\"og:title\" content=\"CONTROLE AUTOMATIQUE DISCONTINU - De Lorenzo Training &amp; Didactical Equipment\" \/>\n<meta property=\"og:description\" content=\"Laboratoire p\u00e9dagogique d\u00e9di\u00e9 \u00e0 l\u2019\u00e9tude des syst\u00e8mes de contr\u00f4le automatique discontinu, bas\u00e9 sur des contr\u00f4leurs \u00e0 \u00e9tats discrets et une formation pratique par exp\u00e9riences guid\u00e9es.\" \/>\n<meta property=\"og:url\" content=\"https:\/\/delorenzoglobal.com\/fr\/produit\/controle-automatique-discontinu\/\" \/>\n<meta property=\"og:site_name\" content=\"De Lorenzo Training &amp; Didactical Equipment\" \/>\n<meta property=\"article:modified_time\" content=\"2026-04-16T10:35:53+00:00\" \/>\n<meta property=\"og:image\" content=\"https:\/\/delorenzoglobal.com\/wp-content\/uploads\/2024\/04\/DAC.jpg\" \/>\n\t<meta property=\"og:image:width\" content=\"1403\" \/>\n\t<meta property=\"og:image:height\" content=\"1135\" \/>\n\t<meta property=\"og:image:type\" content=\"image\/jpeg\" \/>\n<meta name=\"twitter:card\" content=\"summary_large_image\" \/>\n<meta name=\"twitter:label1\" content=\"Dur\u00e9e de lecture estim\u00e9e\" \/>\n\t<meta name=\"twitter:data1\" content=\"1 minute\" \/>\n<script type=\"application\/ld+json\" class=\"yoast-schema-graph\">{\"@context\":\"https:\/\/schema.org\",\"@graph\":[{\"@type\":\"WebPage\",\"@id\":\"https:\/\/delorenzoglobal.com\/fr\/produit\/controle-automatique-discontinu\/\",\"url\":\"https:\/\/delorenzoglobal.com\/fr\/produit\/controle-automatique-discontinu\/\",\"name\":\"CONTROLE AUTOMATIQUE DISCONTINU - De Lorenzo Training &amp; Didactical Equipment\",\"isPartOf\":{\"@id\":\"https:\/\/delorenzoglobal.com\/fr\/#website\"},\"primaryImageOfPage\":{\"@id\":\"https:\/\/delorenzoglobal.com\/fr\/produit\/controle-automatique-discontinu\/#primaryimage\"},\"image\":{\"@id\":\"https:\/\/delorenzoglobal.com\/fr\/produit\/controle-automatique-discontinu\/#primaryimage\"},\"thumbnailUrl\":\"https:\/\/delorenzoglobal.com\/wp-content\/uploads\/2024\/04\/DAC.jpg\",\"datePublished\":\"2024-04-10T11:56:25+00:00\",\"dateModified\":\"2026-04-16T10:35:53+00:00\",\"description\":\"Laboratoire p\u00e9dagogique d\u00e9di\u00e9 \u00e0 l\u2019\u00e9tude des syst\u00e8mes de contr\u00f4le automatique discontinu, bas\u00e9 sur des contr\u00f4leurs \u00e0 \u00e9tats discrets et une formation pratique par exp\u00e9riences guid\u00e9es.\",\"breadcrumb\":{\"@id\":\"https:\/\/delorenzoglobal.com\/fr\/produit\/controle-automatique-discontinu\/#breadcrumb\"},\"inLanguage\":\"fr-FR\",\"potentialAction\":[{\"@type\":\"ReadAction\",\"target\":[\"https:\/\/delorenzoglobal.com\/fr\/produit\/controle-automatique-discontinu\/\"]}]},{\"@type\":\"ImageObject\",\"inLanguage\":\"fr-FR\",\"@id\":\"https:\/\/delorenzoglobal.com\/fr\/produit\/controle-automatique-discontinu\/#primaryimage\",\"url\":\"https:\/\/delorenzoglobal.com\/wp-content\/uploads\/2024\/04\/DAC.jpg\",\"contentUrl\":\"https:\/\/delorenzoglobal.com\/wp-content\/uploads\/2024\/04\/DAC.jpg\",\"width\":1403,\"height\":1135},{\"@type\":\"BreadcrumbList\",\"@id\":\"https:\/\/delorenzoglobal.com\/fr\/produit\/controle-automatique-discontinu\/#breadcrumb\",\"itemListElement\":[{\"@type\":\"ListItem\",\"position\":1,\"name\":\"Home\",\"item\":\"https:\/\/delorenzoglobal.com\/fr\/\"},{\"@type\":\"ListItem\",\"position\":2,\"name\":\"Boutique\",\"item\":\"https:\/\/delorenzoglobal.com\/fr\/boutique\/\"},{\"@type\":\"ListItem\",\"position\":3,\"name\":\"CONTROLE AUTOMATIQUE DISCONTINU\"}]},{\"@type\":\"WebSite\",\"@id\":\"https:\/\/delorenzoglobal.com\/fr\/#website\",\"url\":\"https:\/\/delorenzoglobal.com\/fr\/\",\"name\":\"De Lorenzo Training &amp; Didactical Equipment\",\"description\":\"\",\"potentialAction\":[{\"@type\":\"SearchAction\",\"target\":{\"@type\":\"EntryPoint\",\"urlTemplate\":\"https:\/\/delorenzoglobal.com\/fr\/?s={search_term_string}\"},\"query-input\":{\"@type\":\"PropertyValueSpecification\",\"valueRequired\":true,\"valueName\":\"search_term_string\"}}],\"inLanguage\":\"fr-FR\"}]}<\/script>\n<!-- \/ Yoast SEO plugin. -->","yoast_head_json":{"title":"CONTROLE AUTOMATIQUE DISCONTINU - De Lorenzo Training &amp; Didactical Equipment","description":"Laboratoire p\u00e9dagogique d\u00e9di\u00e9 \u00e0 l\u2019\u00e9tude des syst\u00e8mes de contr\u00f4le automatique discontinu, bas\u00e9 sur des contr\u00f4leurs \u00e0 \u00e9tats discrets et une formation pratique par exp\u00e9riences guid\u00e9es.","robots":{"index":"index","follow":"follow","max-snippet":"max-snippet:-1","max-image-preview":"max-image-preview:large","max-video-preview":"max-video-preview:-1"},"canonical":"https:\/\/delorenzoglobal.com\/fr\/produit\/controle-automatique-discontinu\/","og_locale":"fr_FR","og_type":"article","og_title":"CONTROLE AUTOMATIQUE DISCONTINU - De Lorenzo Training &amp; Didactical Equipment","og_description":"Laboratoire p\u00e9dagogique d\u00e9di\u00e9 \u00e0 l\u2019\u00e9tude des syst\u00e8mes de contr\u00f4le automatique discontinu, bas\u00e9 sur des contr\u00f4leurs \u00e0 \u00e9tats discrets et une formation pratique par exp\u00e9riences guid\u00e9es.","og_url":"https:\/\/delorenzoglobal.com\/fr\/produit\/controle-automatique-discontinu\/","og_site_name":"De Lorenzo Training &amp; Didactical Equipment","article_modified_time":"2026-04-16T10:35:53+00:00","og_image":[{"width":1403,"height":1135,"url":"https:\/\/delorenzoglobal.com\/wp-content\/uploads\/2024\/04\/DAC.jpg","type":"image\/jpeg"}],"twitter_card":"summary_large_image","twitter_misc":{"Dur\u00e9e de lecture estim\u00e9e":"1 minute"},"schema":{"@context":"https:\/\/schema.org","@graph":[{"@type":"WebPage","@id":"https:\/\/delorenzoglobal.com\/fr\/produit\/controle-automatique-discontinu\/","url":"https:\/\/delorenzoglobal.com\/fr\/produit\/controle-automatique-discontinu\/","name":"CONTROLE AUTOMATIQUE DISCONTINU - De Lorenzo Training &amp; Didactical Equipment","isPartOf":{"@id":"https:\/\/delorenzoglobal.com\/fr\/#website"},"primaryImageOfPage":{"@id":"https:\/\/delorenzoglobal.com\/fr\/produit\/controle-automatique-discontinu\/#primaryimage"},"image":{"@id":"https:\/\/delorenzoglobal.com\/fr\/produit\/controle-automatique-discontinu\/#primaryimage"},"thumbnailUrl":"https:\/\/delorenzoglobal.com\/wp-content\/uploads\/2024\/04\/DAC.jpg","datePublished":"2024-04-10T11:56:25+00:00","dateModified":"2026-04-16T10:35:53+00:00","description":"Laboratoire p\u00e9dagogique d\u00e9di\u00e9 \u00e0 l\u2019\u00e9tude des syst\u00e8mes de contr\u00f4le automatique discontinu, bas\u00e9 sur des contr\u00f4leurs \u00e0 \u00e9tats discrets et une formation pratique par exp\u00e9riences guid\u00e9es.","breadcrumb":{"@id":"https:\/\/delorenzoglobal.com\/fr\/produit\/controle-automatique-discontinu\/#breadcrumb"},"inLanguage":"fr-FR","potentialAction":[{"@type":"ReadAction","target":["https:\/\/delorenzoglobal.com\/fr\/produit\/controle-automatique-discontinu\/"]}]},{"@type":"ImageObject","inLanguage":"fr-FR","@id":"https:\/\/delorenzoglobal.com\/fr\/produit\/controle-automatique-discontinu\/#primaryimage","url":"https:\/\/delorenzoglobal.com\/wp-content\/uploads\/2024\/04\/DAC.jpg","contentUrl":"https:\/\/delorenzoglobal.com\/wp-content\/uploads\/2024\/04\/DAC.jpg","width":1403,"height":1135},{"@type":"BreadcrumbList","@id":"https:\/\/delorenzoglobal.com\/fr\/produit\/controle-automatique-discontinu\/#breadcrumb","itemListElement":[{"@type":"ListItem","position":1,"name":"Home","item":"https:\/\/delorenzoglobal.com\/fr\/"},{"@type":"ListItem","position":2,"name":"Boutique","item":"https:\/\/delorenzoglobal.com\/fr\/boutique\/"},{"@type":"ListItem","position":3,"name":"CONTROLE AUTOMATIQUE DISCONTINU"}]},{"@type":"WebSite","@id":"https:\/\/delorenzoglobal.com\/fr\/#website","url":"https:\/\/delorenzoglobal.com\/fr\/","name":"De Lorenzo Training &amp; Didactical Equipment","description":"","potentialAction":[{"@type":"SearchAction","target":{"@type":"EntryPoint","urlTemplate":"https:\/\/delorenzoglobal.com\/fr\/?s={search_term_string}"},"query-input":{"@type":"PropertyValueSpecification","valueRequired":true,"valueName":"search_term_string"}}],"inLanguage":"fr-FR"}]}},"_links":{"self":[{"href":"https:\/\/delorenzoglobal.com\/fr\/wp-json\/wp\/v2\/product\/2958","targetHints":{"allow":["GET"]}}],"collection":[{"href":"https:\/\/delorenzoglobal.com\/fr\/wp-json\/wp\/v2\/product"}],"about":[{"href":"https:\/\/delorenzoglobal.com\/fr\/wp-json\/wp\/v2\/types\/product"}],"wp:featuredmedia":[{"embeddable":true,"href":"https:\/\/delorenzoglobal.com\/fr\/wp-json\/wp\/v2\/media\/2951"}],"wp:attachment":[{"href":"https:\/\/delorenzoglobal.com\/fr\/wp-json\/wp\/v2\/media?parent=2958"}],"wp:term":[{"taxonomy":"product_brand","embeddable":true,"href":"https:\/\/delorenzoglobal.com\/fr\/wp-json\/wp\/v2\/product_brand?post=2958"},{"taxonomy":"product_cat","embeddable":true,"href":"https:\/\/delorenzoglobal.com\/fr\/wp-json\/wp\/v2\/product_cat?post=2958"},{"taxonomy":"product_tag","embeddable":true,"href":"https:\/\/delorenzoglobal.com\/fr\/wp-json\/wp\/v2\/product_tag?post=2958"}],"curies":[{"name":"wp","href":"https:\/\/api.w.org\/{rel}","templated":true}]}}