{"id":2929,"date":"2024-04-10T13:45:20","date_gmt":"2024-04-10T11:45:20","guid":{"rendered":"https:\/\/delorenzoglobal.com\/?post_type=product&#038;p=2929"},"modified":"2026-04-16T12:33:57","modified_gmt":"2026-04-16T10:33:57","slug":"controle-automatique-continu","status":"publish","type":"product","link":"https:\/\/delorenzoglobal.com\/fr\/produit\/controle-automatique-continu\/","title":{"rendered":"CONTR\u00d4LE AUTOMATIQUE CONTINU"},"content":{"rendered":"<p>Ce laboratoire est con\u00e7u pour \u00e9tudier les processus et les contr\u00f4leurs convenablement combin\u00e9s pour simuler et \u00e9tudier les probl\u00e8mes les plus courants li\u00e9s au Contr\u00f4le Automatique Continu.<\/p>\n<p>L&rsquo;analyse des interactions entre contr\u00f4leurs et processus est compliqu\u00e9e par la pr\u00e9sence \u00e9ventuelle de bruit ; parfois, ces derniers peuvent d\u00e9clencher une s\u00e9rie d&rsquo;oscillations avec des cons\u00e9quences, potentiellement graves, pour le processus.<\/p>\n<p>&nbsp;<\/p>\n","protected":false},"excerpt":{"rendered":"<p>Ce laboratoire est con\u00e7u pour \u00e9tudier les processus et les contr\u00f4leurs convenablement combin\u00e9s pour simuler et \u00e9tudier les probl\u00e8mes les plus courants li\u00e9s au Contr\u00f4le Automatique Continu. L&rsquo;analyse des interactions entre contr\u00f4leurs et processus est compliqu\u00e9e par la pr\u00e9sence \u00e9ventuelle de bruit ; parfois, ces derniers peuvent d\u00e9clencher une s\u00e9rie d&rsquo;oscillations avec des cons\u00e9quences, potentiellement [&hellip;]<\/p>\n","protected":false},"featured_media":2922,"template":"","meta":{"_acf_changed":false},"product_brand":[],"product_cat":[180],"product_tag":[],"class_list":{"0":"post-2929","1":"product","2":"type-product","3":"status-publish","4":"has-post-thumbnail","6":"product_cat-technologie-de-controle-automatique","8":"first","9":"instock","10":"shipping-taxable","11":"product-type-simple"},"acf":[],"yoast_head":"<!-- This site is optimized with the Yoast SEO plugin v27.0 - https:\/\/yoast.com\/product\/yoast-seo-wordpress\/ -->\n<title>CONTR\u00d4LE AUTOMATIQUE CONTINU - De Lorenzo Training &amp; Didactical Equipment<\/title>\n<meta name=\"description\" content=\"Laboratoire p\u00e9dagogique d\u00e9di\u00e9 \u00e0 l\u2019\u00e9tude des syst\u00e8mes de contr\u00f4le automatique continu, ax\u00e9 sur l\u2019analyse des interactions entre processus et contr\u00f4leurs ainsi que sur les effets du bruit et des oscillations.\" \/>\n<meta name=\"robots\" content=\"index, follow, max-snippet:-1, max-image-preview:large, max-video-preview:-1\" \/>\n<link rel=\"canonical\" href=\"https:\/\/delorenzoglobal.com\/fr\/produit\/controle-automatique-continu\/\" \/>\n<meta property=\"og:locale\" content=\"fr_FR\" \/>\n<meta property=\"og:type\" content=\"article\" \/>\n<meta property=\"og:title\" content=\"CONTR\u00d4LE AUTOMATIQUE CONTINU - De Lorenzo Training &amp; Didactical Equipment\" \/>\n<meta property=\"og:description\" content=\"Laboratoire p\u00e9dagogique d\u00e9di\u00e9 \u00e0 l\u2019\u00e9tude des syst\u00e8mes de contr\u00f4le automatique continu, ax\u00e9 sur l\u2019analyse des interactions entre processus et contr\u00f4leurs ainsi que sur les effets du bruit et des oscillations.\" \/>\n<meta property=\"og:url\" content=\"https:\/\/delorenzoglobal.com\/fr\/produit\/controle-automatique-continu\/\" \/>\n<meta property=\"og:site_name\" content=\"De Lorenzo Training &amp; Didactical Equipment\" \/>\n<meta property=\"article:modified_time\" content=\"2026-04-16T10:33:57+00:00\" \/>\n<meta property=\"og:image\" content=\"https:\/\/delorenzoglobal.com\/wp-content\/uploads\/2024\/04\/CAC.jpg\" \/>\n\t<meta property=\"og:image:width\" content=\"1403\" \/>\n\t<meta property=\"og:image:height\" content=\"1073\" \/>\n\t<meta property=\"og:image:type\" content=\"image\/jpeg\" \/>\n<meta name=\"twitter:card\" content=\"summary_large_image\" \/>\n<meta name=\"twitter:label1\" content=\"Dur\u00e9e de lecture estim\u00e9e\" \/>\n\t<meta name=\"twitter:data1\" content=\"1 minute\" \/>\n<script type=\"application\/ld+json\" class=\"yoast-schema-graph\">{\"@context\":\"https:\/\/schema.org\",\"@graph\":[{\"@type\":\"WebPage\",\"@id\":\"https:\/\/delorenzoglobal.com\/fr\/produit\/controle-automatique-continu\/\",\"url\":\"https:\/\/delorenzoglobal.com\/fr\/produit\/controle-automatique-continu\/\",\"name\":\"CONTR\u00d4LE AUTOMATIQUE CONTINU - De Lorenzo Training &amp; Didactical Equipment\",\"isPartOf\":{\"@id\":\"https:\/\/delorenzoglobal.com\/fr\/#website\"},\"primaryImageOfPage\":{\"@id\":\"https:\/\/delorenzoglobal.com\/fr\/produit\/controle-automatique-continu\/#primaryimage\"},\"image\":{\"@id\":\"https:\/\/delorenzoglobal.com\/fr\/produit\/controle-automatique-continu\/#primaryimage\"},\"thumbnailUrl\":\"https:\/\/delorenzoglobal.com\/wp-content\/uploads\/2024\/04\/CAC.jpg\",\"datePublished\":\"2024-04-10T11:45:20+00:00\",\"dateModified\":\"2026-04-16T10:33:57+00:00\",\"description\":\"Laboratoire p\u00e9dagogique d\u00e9di\u00e9 \u00e0 l\u2019\u00e9tude des syst\u00e8mes de contr\u00f4le automatique continu, ax\u00e9 sur l\u2019analyse des interactions entre processus et contr\u00f4leurs ainsi que sur les effets du bruit et des oscillations.\",\"breadcrumb\":{\"@id\":\"https:\/\/delorenzoglobal.com\/fr\/produit\/controle-automatique-continu\/#breadcrumb\"},\"inLanguage\":\"fr-FR\",\"potentialAction\":[{\"@type\":\"ReadAction\",\"target\":[\"https:\/\/delorenzoglobal.com\/fr\/produit\/controle-automatique-continu\/\"]}]},{\"@type\":\"ImageObject\",\"inLanguage\":\"fr-FR\",\"@id\":\"https:\/\/delorenzoglobal.com\/fr\/produit\/controle-automatique-continu\/#primaryimage\",\"url\":\"https:\/\/delorenzoglobal.com\/wp-content\/uploads\/2024\/04\/CAC.jpg\",\"contentUrl\":\"https:\/\/delorenzoglobal.com\/wp-content\/uploads\/2024\/04\/CAC.jpg\",\"width\":1403,\"height\":1073},{\"@type\":\"BreadcrumbList\",\"@id\":\"https:\/\/delorenzoglobal.com\/fr\/produit\/controle-automatique-continu\/#breadcrumb\",\"itemListElement\":[{\"@type\":\"ListItem\",\"position\":1,\"name\":\"Home\",\"item\":\"https:\/\/delorenzoglobal.com\/fr\/\"},{\"@type\":\"ListItem\",\"position\":2,\"name\":\"Boutique\",\"item\":\"https:\/\/delorenzoglobal.com\/fr\/boutique\/\"},{\"@type\":\"ListItem\",\"position\":3,\"name\":\"CONTR\u00d4LE AUTOMATIQUE CONTINU\"}]},{\"@type\":\"WebSite\",\"@id\":\"https:\/\/delorenzoglobal.com\/fr\/#website\",\"url\":\"https:\/\/delorenzoglobal.com\/fr\/\",\"name\":\"De Lorenzo Training &amp; Didactical Equipment\",\"description\":\"\",\"potentialAction\":[{\"@type\":\"SearchAction\",\"target\":{\"@type\":\"EntryPoint\",\"urlTemplate\":\"https:\/\/delorenzoglobal.com\/fr\/?s={search_term_string}\"},\"query-input\":{\"@type\":\"PropertyValueSpecification\",\"valueRequired\":true,\"valueName\":\"search_term_string\"}}],\"inLanguage\":\"fr-FR\"}]}<\/script>\n<!-- \/ Yoast SEO plugin. -->","yoast_head_json":{"title":"CONTR\u00d4LE AUTOMATIQUE CONTINU - De Lorenzo Training &amp; Didactical Equipment","description":"Laboratoire p\u00e9dagogique d\u00e9di\u00e9 \u00e0 l\u2019\u00e9tude des syst\u00e8mes de contr\u00f4le automatique continu, ax\u00e9 sur l\u2019analyse des interactions entre processus et contr\u00f4leurs ainsi que sur les effets du bruit et des oscillations.","robots":{"index":"index","follow":"follow","max-snippet":"max-snippet:-1","max-image-preview":"max-image-preview:large","max-video-preview":"max-video-preview:-1"},"canonical":"https:\/\/delorenzoglobal.com\/fr\/produit\/controle-automatique-continu\/","og_locale":"fr_FR","og_type":"article","og_title":"CONTR\u00d4LE AUTOMATIQUE CONTINU - De Lorenzo Training &amp; Didactical Equipment","og_description":"Laboratoire p\u00e9dagogique d\u00e9di\u00e9 \u00e0 l\u2019\u00e9tude des syst\u00e8mes de contr\u00f4le automatique continu, ax\u00e9 sur l\u2019analyse des interactions entre processus et contr\u00f4leurs ainsi que sur les effets du bruit et des oscillations.","og_url":"https:\/\/delorenzoglobal.com\/fr\/produit\/controle-automatique-continu\/","og_site_name":"De Lorenzo Training &amp; Didactical Equipment","article_modified_time":"2026-04-16T10:33:57+00:00","og_image":[{"width":1403,"height":1073,"url":"https:\/\/delorenzoglobal.com\/wp-content\/uploads\/2024\/04\/CAC.jpg","type":"image\/jpeg"}],"twitter_card":"summary_large_image","twitter_misc":{"Dur\u00e9e de lecture estim\u00e9e":"1 minute"},"schema":{"@context":"https:\/\/schema.org","@graph":[{"@type":"WebPage","@id":"https:\/\/delorenzoglobal.com\/fr\/produit\/controle-automatique-continu\/","url":"https:\/\/delorenzoglobal.com\/fr\/produit\/controle-automatique-continu\/","name":"CONTR\u00d4LE AUTOMATIQUE CONTINU - De Lorenzo Training &amp; Didactical Equipment","isPartOf":{"@id":"https:\/\/delorenzoglobal.com\/fr\/#website"},"primaryImageOfPage":{"@id":"https:\/\/delorenzoglobal.com\/fr\/produit\/controle-automatique-continu\/#primaryimage"},"image":{"@id":"https:\/\/delorenzoglobal.com\/fr\/produit\/controle-automatique-continu\/#primaryimage"},"thumbnailUrl":"https:\/\/delorenzoglobal.com\/wp-content\/uploads\/2024\/04\/CAC.jpg","datePublished":"2024-04-10T11:45:20+00:00","dateModified":"2026-04-16T10:33:57+00:00","description":"Laboratoire p\u00e9dagogique d\u00e9di\u00e9 \u00e0 l\u2019\u00e9tude des syst\u00e8mes de contr\u00f4le automatique continu, ax\u00e9 sur l\u2019analyse des interactions entre processus et contr\u00f4leurs ainsi que sur les effets du bruit et des oscillations.","breadcrumb":{"@id":"https:\/\/delorenzoglobal.com\/fr\/produit\/controle-automatique-continu\/#breadcrumb"},"inLanguage":"fr-FR","potentialAction":[{"@type":"ReadAction","target":["https:\/\/delorenzoglobal.com\/fr\/produit\/controle-automatique-continu\/"]}]},{"@type":"ImageObject","inLanguage":"fr-FR","@id":"https:\/\/delorenzoglobal.com\/fr\/produit\/controle-automatique-continu\/#primaryimage","url":"https:\/\/delorenzoglobal.com\/wp-content\/uploads\/2024\/04\/CAC.jpg","contentUrl":"https:\/\/delorenzoglobal.com\/wp-content\/uploads\/2024\/04\/CAC.jpg","width":1403,"height":1073},{"@type":"BreadcrumbList","@id":"https:\/\/delorenzoglobal.com\/fr\/produit\/controle-automatique-continu\/#breadcrumb","itemListElement":[{"@type":"ListItem","position":1,"name":"Home","item":"https:\/\/delorenzoglobal.com\/fr\/"},{"@type":"ListItem","position":2,"name":"Boutique","item":"https:\/\/delorenzoglobal.com\/fr\/boutique\/"},{"@type":"ListItem","position":3,"name":"CONTR\u00d4LE AUTOMATIQUE CONTINU"}]},{"@type":"WebSite","@id":"https:\/\/delorenzoglobal.com\/fr\/#website","url":"https:\/\/delorenzoglobal.com\/fr\/","name":"De Lorenzo Training &amp; Didactical Equipment","description":"","potentialAction":[{"@type":"SearchAction","target":{"@type":"EntryPoint","urlTemplate":"https:\/\/delorenzoglobal.com\/fr\/?s={search_term_string}"},"query-input":{"@type":"PropertyValueSpecification","valueRequired":true,"valueName":"search_term_string"}}],"inLanguage":"fr-FR"}]}},"_links":{"self":[{"href":"https:\/\/delorenzoglobal.com\/fr\/wp-json\/wp\/v2\/product\/2929","targetHints":{"allow":["GET"]}}],"collection":[{"href":"https:\/\/delorenzoglobal.com\/fr\/wp-json\/wp\/v2\/product"}],"about":[{"href":"https:\/\/delorenzoglobal.com\/fr\/wp-json\/wp\/v2\/types\/product"}],"wp:featuredmedia":[{"embeddable":true,"href":"https:\/\/delorenzoglobal.com\/fr\/wp-json\/wp\/v2\/media\/2922"}],"wp:attachment":[{"href":"https:\/\/delorenzoglobal.com\/fr\/wp-json\/wp\/v2\/media?parent=2929"}],"wp:term":[{"taxonomy":"product_brand","embeddable":true,"href":"https:\/\/delorenzoglobal.com\/fr\/wp-json\/wp\/v2\/product_brand?post=2929"},{"taxonomy":"product_cat","embeddable":true,"href":"https:\/\/delorenzoglobal.com\/fr\/wp-json\/wp\/v2\/product_cat?post=2929"},{"taxonomy":"product_tag","embeddable":true,"href":"https:\/\/delorenzoglobal.com\/fr\/wp-json\/wp\/v2\/product_tag?post=2929"}],"curies":[{"name":"wp","href":"https:\/\/api.w.org\/{rel}","templated":true}]}}