{"id":2829,"date":"2024-04-10T12:22:12","date_gmt":"2024-04-10T10:22:12","guid":{"rendered":"https:\/\/delorenzoglobal.com\/?post_type=product&#038;p=2829"},"modified":"2026-04-17T09:28:39","modified_gmt":"2026-04-17T07:28:39","slug":"carte-pour-letude-de-la-technologie-de-commande-automatique","status":"publish","type":"product","link":"https:\/\/delorenzoglobal.com\/fr\/produit\/carte-pour-letude-de-la-technologie-de-commande-automatique\/","title":{"rendered":"CARTE POUR L&rsquo;ETUDE DE LA TECHNOLOGIE DE COMMANDE AUTOMATIQUE"},"content":{"rendered":"<p>La carte couvre les sujets et exp\u00e9riences suivants :<\/p>\n<ul>\n<li>Simulateur de processus de 1er ordre<\/li>\n<li>Simulateur de processus de 2\u00e8me ordre<\/li>\n<li>Simulateur de processus d&rsquo;ordre \u00e9lev\u00e9<\/li>\n<li>Contr\u00f4leur PID<\/li>\n<li>Contr\u00f4leur P positif et n\u00e9gatif<\/li>\n<li>Contr\u00f4leur \u00a0I (int\u00e9grateurs)<\/li>\n<li>Contr\u00f4leur D (d\u00e9rivateurs), n\u00e9gatif (z\u00e9ro n\u00e9gatif) et positif (z\u00e9ro positif)<\/li>\n<li>Additionneur 5 entr\u00e9es<\/li>\n<li>Contr\u00f4leur ON-OFF avec hyst\u00e9r\u00e9sis<\/li>\n<\/ul>\n","protected":false},"excerpt":{"rendered":"<p>La carte couvre les sujets et exp\u00e9riences suivants : Simulateur de processus de 1er ordre Simulateur de processus de 2\u00e8me ordre Simulateur de processus d&rsquo;ordre \u00e9lev\u00e9 Contr\u00f4leur PID Contr\u00f4leur P positif et n\u00e9gatif Contr\u00f4leur \u00a0I (int\u00e9grateurs) Contr\u00f4leur D (d\u00e9rivateurs), n\u00e9gatif (z\u00e9ro n\u00e9gatif) et positif (z\u00e9ro positif) Additionneur 5 entr\u00e9es Contr\u00f4leur ON-OFF avec hyst\u00e9r\u00e9sis<\/p>\n","protected":false},"featured_media":2822,"template":"","meta":{"_acf_changed":false},"product_brand":[],"product_cat":[180],"product_tag":[],"class_list":{"0":"post-2829","1":"product","2":"type-product","3":"status-publish","4":"has-post-thumbnail","6":"product_cat-technologie-de-controle-automatique","8":"first","9":"instock","10":"shipping-taxable","11":"product-type-simple"},"acf":[],"yoast_head":"<!-- This site is optimized with the Yoast SEO plugin v27.0 - https:\/\/yoast.com\/product\/yoast-seo-wordpress\/ -->\n<title>CARTE POUR L&#039;ETUDE DE LA TECHNOLOGIE DE COMMANDE AUTOMATIQUE - De Lorenzo Training &amp; Didactical Equipment<\/title>\n<meta name=\"description\" content=\"Le DL 26ACTR couvre de multiples sujets et exp\u00e9riences : r\u00e9gulateur PID, r\u00e9gulateur P positif et n\u00e9gatif, r\u00e9gulateur I, r\u00e9gulateur ON-OFF avec hyst\u00e9r\u00e9sis.\" \/>\n<meta name=\"robots\" content=\"index, follow, max-snippet:-1, max-image-preview:large, max-video-preview:-1\" \/>\n<link rel=\"canonical\" href=\"https:\/\/delorenzoglobal.com\/fr\/produit\/carte-pour-letude-de-la-technologie-de-commande-automatique\/\" \/>\n<meta property=\"og:locale\" content=\"fr_FR\" \/>\n<meta property=\"og:type\" content=\"article\" \/>\n<meta property=\"og:title\" content=\"CARTE POUR L&#039;ETUDE DE LA TECHNOLOGIE DE COMMANDE AUTOMATIQUE - De Lorenzo Training &amp; Didactical Equipment\" \/>\n<meta property=\"og:description\" content=\"Le DL 26ACTR couvre de multiples sujets et exp\u00e9riences : r\u00e9gulateur PID, r\u00e9gulateur P positif et n\u00e9gatif, r\u00e9gulateur I, r\u00e9gulateur ON-OFF avec hyst\u00e9r\u00e9sis.\" \/>\n<meta property=\"og:url\" content=\"https:\/\/delorenzoglobal.com\/fr\/produit\/carte-pour-letude-de-la-technologie-de-commande-automatique\/\" \/>\n<meta property=\"og:site_name\" content=\"De Lorenzo Training &amp; Didactical Equipment\" \/>\n<meta property=\"article:modified_time\" content=\"2026-04-17T07:28:39+00:00\" \/>\n<meta property=\"og:image\" content=\"https:\/\/delorenzoglobal.com\/wp-content\/uploads\/2024\/04\/DL-26ACTR-scaled.jpg\" \/>\n\t<meta property=\"og:image:width\" content=\"2560\" \/>\n\t<meta property=\"og:image:height\" content=\"1863\" \/>\n\t<meta property=\"og:image:type\" content=\"image\/jpeg\" \/>\n<meta name=\"twitter:card\" content=\"summary_large_image\" \/>\n<meta name=\"twitter:label1\" content=\"Dur\u00e9e de lecture estim\u00e9e\" \/>\n\t<meta name=\"twitter:data1\" content=\"1 minute\" \/>\n<script type=\"application\/ld+json\" class=\"yoast-schema-graph\">{\"@context\":\"https:\/\/schema.org\",\"@graph\":[{\"@type\":\"WebPage\",\"@id\":\"https:\/\/delorenzoglobal.com\/fr\/produit\/carte-pour-letude-de-la-technologie-de-commande-automatique\/\",\"url\":\"https:\/\/delorenzoglobal.com\/fr\/produit\/carte-pour-letude-de-la-technologie-de-commande-automatique\/\",\"name\":\"CARTE POUR L'ETUDE DE LA TECHNOLOGIE DE COMMANDE AUTOMATIQUE - De Lorenzo Training &amp; Didactical Equipment\",\"isPartOf\":{\"@id\":\"https:\/\/delorenzoglobal.com\/fr\/#website\"},\"primaryImageOfPage\":{\"@id\":\"https:\/\/delorenzoglobal.com\/fr\/produit\/carte-pour-letude-de-la-technologie-de-commande-automatique\/#primaryimage\"},\"image\":{\"@id\":\"https:\/\/delorenzoglobal.com\/fr\/produit\/carte-pour-letude-de-la-technologie-de-commande-automatique\/#primaryimage\"},\"thumbnailUrl\":\"https:\/\/delorenzoglobal.com\/wp-content\/uploads\/2024\/04\/DL-26ACTR-scaled.jpg\",\"datePublished\":\"2024-04-10T10:22:12+00:00\",\"dateModified\":\"2026-04-17T07:28:39+00:00\",\"description\":\"Le DL 26ACTR couvre de multiples sujets et exp\u00e9riences : r\u00e9gulateur PID, r\u00e9gulateur P positif et n\u00e9gatif, r\u00e9gulateur I, r\u00e9gulateur ON-OFF avec hyst\u00e9r\u00e9sis.\",\"breadcrumb\":{\"@id\":\"https:\/\/delorenzoglobal.com\/fr\/produit\/carte-pour-letude-de-la-technologie-de-commande-automatique\/#breadcrumb\"},\"inLanguage\":\"fr-FR\",\"potentialAction\":[{\"@type\":\"ReadAction\",\"target\":[\"https:\/\/delorenzoglobal.com\/fr\/produit\/carte-pour-letude-de-la-technologie-de-commande-automatique\/\"]}]},{\"@type\":\"ImageObject\",\"inLanguage\":\"fr-FR\",\"@id\":\"https:\/\/delorenzoglobal.com\/fr\/produit\/carte-pour-letude-de-la-technologie-de-commande-automatique\/#primaryimage\",\"url\":\"https:\/\/delorenzoglobal.com\/wp-content\/uploads\/2024\/04\/DL-26ACTR-scaled.jpg\",\"contentUrl\":\"https:\/\/delorenzoglobal.com\/wp-content\/uploads\/2024\/04\/DL-26ACTR-scaled.jpg\",\"width\":2560,\"height\":1863},{\"@type\":\"BreadcrumbList\",\"@id\":\"https:\/\/delorenzoglobal.com\/fr\/produit\/carte-pour-letude-de-la-technologie-de-commande-automatique\/#breadcrumb\",\"itemListElement\":[{\"@type\":\"ListItem\",\"position\":1,\"name\":\"Home\",\"item\":\"https:\/\/delorenzoglobal.com\/fr\/\"},{\"@type\":\"ListItem\",\"position\":2,\"name\":\"Boutique\",\"item\":\"https:\/\/delorenzoglobal.com\/fr\/boutique\/\"},{\"@type\":\"ListItem\",\"position\":3,\"name\":\"CARTE POUR L&#8217;ETUDE DE LA TECHNOLOGIE DE COMMANDE AUTOMATIQUE\"}]},{\"@type\":\"WebSite\",\"@id\":\"https:\/\/delorenzoglobal.com\/fr\/#website\",\"url\":\"https:\/\/delorenzoglobal.com\/fr\/\",\"name\":\"De Lorenzo Training &amp; Didactical Equipment\",\"description\":\"\",\"potentialAction\":[{\"@type\":\"SearchAction\",\"target\":{\"@type\":\"EntryPoint\",\"urlTemplate\":\"https:\/\/delorenzoglobal.com\/fr\/?s={search_term_string}\"},\"query-input\":{\"@type\":\"PropertyValueSpecification\",\"valueRequired\":true,\"valueName\":\"search_term_string\"}}],\"inLanguage\":\"fr-FR\"}]}<\/script>\n<!-- \/ Yoast SEO plugin. -->","yoast_head_json":{"title":"CARTE POUR L'ETUDE DE LA TECHNOLOGIE DE COMMANDE AUTOMATIQUE - De Lorenzo Training &amp; Didactical Equipment","description":"Le DL 26ACTR couvre de multiples sujets et exp\u00e9riences : r\u00e9gulateur PID, r\u00e9gulateur P positif et n\u00e9gatif, r\u00e9gulateur I, r\u00e9gulateur ON-OFF avec hyst\u00e9r\u00e9sis.","robots":{"index":"index","follow":"follow","max-snippet":"max-snippet:-1","max-image-preview":"max-image-preview:large","max-video-preview":"max-video-preview:-1"},"canonical":"https:\/\/delorenzoglobal.com\/fr\/produit\/carte-pour-letude-de-la-technologie-de-commande-automatique\/","og_locale":"fr_FR","og_type":"article","og_title":"CARTE POUR L'ETUDE DE LA TECHNOLOGIE DE COMMANDE AUTOMATIQUE - De Lorenzo Training &amp; Didactical Equipment","og_description":"Le DL 26ACTR couvre de multiples sujets et exp\u00e9riences : r\u00e9gulateur PID, r\u00e9gulateur P positif et n\u00e9gatif, r\u00e9gulateur I, r\u00e9gulateur ON-OFF avec hyst\u00e9r\u00e9sis.","og_url":"https:\/\/delorenzoglobal.com\/fr\/produit\/carte-pour-letude-de-la-technologie-de-commande-automatique\/","og_site_name":"De Lorenzo Training &amp; Didactical Equipment","article_modified_time":"2026-04-17T07:28:39+00:00","og_image":[{"width":2560,"height":1863,"url":"https:\/\/delorenzoglobal.com\/wp-content\/uploads\/2024\/04\/DL-26ACTR-scaled.jpg","type":"image\/jpeg"}],"twitter_card":"summary_large_image","twitter_misc":{"Dur\u00e9e de lecture estim\u00e9e":"1 minute"},"schema":{"@context":"https:\/\/schema.org","@graph":[{"@type":"WebPage","@id":"https:\/\/delorenzoglobal.com\/fr\/produit\/carte-pour-letude-de-la-technologie-de-commande-automatique\/","url":"https:\/\/delorenzoglobal.com\/fr\/produit\/carte-pour-letude-de-la-technologie-de-commande-automatique\/","name":"CARTE POUR L'ETUDE DE LA TECHNOLOGIE DE COMMANDE AUTOMATIQUE - De Lorenzo Training &amp; Didactical Equipment","isPartOf":{"@id":"https:\/\/delorenzoglobal.com\/fr\/#website"},"primaryImageOfPage":{"@id":"https:\/\/delorenzoglobal.com\/fr\/produit\/carte-pour-letude-de-la-technologie-de-commande-automatique\/#primaryimage"},"image":{"@id":"https:\/\/delorenzoglobal.com\/fr\/produit\/carte-pour-letude-de-la-technologie-de-commande-automatique\/#primaryimage"},"thumbnailUrl":"https:\/\/delorenzoglobal.com\/wp-content\/uploads\/2024\/04\/DL-26ACTR-scaled.jpg","datePublished":"2024-04-10T10:22:12+00:00","dateModified":"2026-04-17T07:28:39+00:00","description":"Le DL 26ACTR couvre de multiples sujets et exp\u00e9riences : r\u00e9gulateur PID, r\u00e9gulateur P positif et n\u00e9gatif, r\u00e9gulateur I, r\u00e9gulateur ON-OFF avec hyst\u00e9r\u00e9sis.","breadcrumb":{"@id":"https:\/\/delorenzoglobal.com\/fr\/produit\/carte-pour-letude-de-la-technologie-de-commande-automatique\/#breadcrumb"},"inLanguage":"fr-FR","potentialAction":[{"@type":"ReadAction","target":["https:\/\/delorenzoglobal.com\/fr\/produit\/carte-pour-letude-de-la-technologie-de-commande-automatique\/"]}]},{"@type":"ImageObject","inLanguage":"fr-FR","@id":"https:\/\/delorenzoglobal.com\/fr\/produit\/carte-pour-letude-de-la-technologie-de-commande-automatique\/#primaryimage","url":"https:\/\/delorenzoglobal.com\/wp-content\/uploads\/2024\/04\/DL-26ACTR-scaled.jpg","contentUrl":"https:\/\/delorenzoglobal.com\/wp-content\/uploads\/2024\/04\/DL-26ACTR-scaled.jpg","width":2560,"height":1863},{"@type":"BreadcrumbList","@id":"https:\/\/delorenzoglobal.com\/fr\/produit\/carte-pour-letude-de-la-technologie-de-commande-automatique\/#breadcrumb","itemListElement":[{"@type":"ListItem","position":1,"name":"Home","item":"https:\/\/delorenzoglobal.com\/fr\/"},{"@type":"ListItem","position":2,"name":"Boutique","item":"https:\/\/delorenzoglobal.com\/fr\/boutique\/"},{"@type":"ListItem","position":3,"name":"CARTE POUR L&#8217;ETUDE DE LA TECHNOLOGIE DE COMMANDE AUTOMATIQUE"}]},{"@type":"WebSite","@id":"https:\/\/delorenzoglobal.com\/fr\/#website","url":"https:\/\/delorenzoglobal.com\/fr\/","name":"De Lorenzo Training &amp; Didactical Equipment","description":"","potentialAction":[{"@type":"SearchAction","target":{"@type":"EntryPoint","urlTemplate":"https:\/\/delorenzoglobal.com\/fr\/?s={search_term_string}"},"query-input":{"@type":"PropertyValueSpecification","valueRequired":true,"valueName":"search_term_string"}}],"inLanguage":"fr-FR"}]}},"_links":{"self":[{"href":"https:\/\/delorenzoglobal.com\/fr\/wp-json\/wp\/v2\/product\/2829","targetHints":{"allow":["GET"]}}],"collection":[{"href":"https:\/\/delorenzoglobal.com\/fr\/wp-json\/wp\/v2\/product"}],"about":[{"href":"https:\/\/delorenzoglobal.com\/fr\/wp-json\/wp\/v2\/types\/product"}],"wp:featuredmedia":[{"embeddable":true,"href":"https:\/\/delorenzoglobal.com\/fr\/wp-json\/wp\/v2\/media\/2822"}],"wp:attachment":[{"href":"https:\/\/delorenzoglobal.com\/fr\/wp-json\/wp\/v2\/media?parent=2829"}],"wp:term":[{"taxonomy":"product_brand","embeddable":true,"href":"https:\/\/delorenzoglobal.com\/fr\/wp-json\/wp\/v2\/product_brand?post=2829"},{"taxonomy":"product_cat","embeddable":true,"href":"https:\/\/delorenzoglobal.com\/fr\/wp-json\/wp\/v2\/product_cat?post=2829"},{"taxonomy":"product_tag","embeddable":true,"href":"https:\/\/delorenzoglobal.com\/fr\/wp-json\/wp\/v2\/product_tag?post=2829"}],"curies":[{"name":"wp","href":"https:\/\/api.w.org\/{rel}","templated":true}]}}