{"id":2793,"date":"2024-04-10T12:03:53","date_gmt":"2024-04-10T10:03:53","guid":{"rendered":"https:\/\/delorenzoglobal.com\/?post_type=product&#038;p=2793"},"modified":"2025-04-28T11:45:58","modified_gmt":"2025-04-28T09:45:58","slug":"composans-trasparents-electro-hydraulique","status":"publish","type":"product","link":"https:\/\/delorenzoglobal.com\/fr\/produit\/composans-trasparents-electro-hydraulique\/","title":{"rendered":"COMPOSANTS TRANSPARENTS  \u00c9LECTRO-HYDRAULIQUES"},"content":{"rendered":"<p><strong>Composants:<\/strong><\/p>\n<ul>\n<li><strong>Bloc d&rsquo;alimentation \u00e9lectrique :<\/strong><br \/>\n<strong>&#8211;<\/strong> 220 Vc.a.\/24 Vc.c., I=5 A.<br \/>\n<strong>&#8211;<\/strong> Protection contre les surcharges et les courts-circuits.<br \/>\n<strong>&#8211;<\/strong> Interrupteur marche\/arr\u00eat, voyant marche\/arr\u00eat.<br \/>\n<strong>&#8211;<\/strong> Stabilis\u00e9 \u00e9lectroniquement.<br \/>\n<strong>&#8211;<\/strong> Connecteurs rapides \u00d8=4 mm.<br \/>\n<strong>&#8211;<\/strong> Bo\u00eete en plastique avec couvercle transparent imprim\u00e9.<\/li>\n<li><strong>Unit\u00e9 de commande :<\/strong><br \/>\n<strong>&#8211;<\/strong> 4 boutons-poussoirs, 2 verts, 1 rouges, 1 jaunes, avec 1 contacts normalement ouverts + 1 contacts normalement ferm\u00e9s chacun.<br \/>\n<strong>&#8211;<\/strong> 1 commutateur avec 1 contacts normalement ouverts + 1 contacts normalement ferm\u00e9s.<br \/>\n<strong>&#8211;<\/strong> 1 Timer \u00e9lectronique de connexion \/ d\u00e9connexion, r\u00e9gulation de 0 \u00e0 6 secondes.<br \/>\n<strong>&#8211;<\/strong> 4 diodes anti-\u00e9tincelles.<br \/>\n<strong>&#8211;\u00a0<\/strong> 4 voyants, 2 verts, 1 rouges et 1 jaunes.<br \/>\n<strong>&#8211;<\/strong> Connecteurs rapides \u00d8=4 mm.<br \/>\n<strong>&#8211;<\/strong> Bo\u00eete en plastique avec couvercle transparent imprim\u00e9.<\/li>\n<li><strong>Bo\u00eetier relais :<\/strong><br \/>\n<strong>&#8211;<\/strong> 3 relais avec 4 contacts \u00e9chang\u00e9s (commut\u00e9s) chacun.<br \/>\n<strong>&#8211;<\/strong> T\u00e9moin marche\/arr\u00eat sur chaque sol\u00e9no\u00efde de relais.<br \/>\n<strong>&#8211;<\/strong> \u00c9tincelle diode surprenante sur chaque sol\u00e9no\u00efde.<br \/>\n<strong>&#8211;<\/strong> Diviseur \u00e0 6 connexions pour la tension positive.<br \/>\n<strong>&#8211;<\/strong> Diviseur \u00e0 6 connexions pour la tension n\u00e9gative.<br \/>\n<strong>&#8211;<\/strong> Connecteurs rapides \u00d8=4 mm.<br \/>\n<strong>&#8211;<\/strong> Bo\u00eete en plastique avec couvercle transparent imprim\u00e9.<\/li>\n<li><strong>Jeu de c\u00e2bles de connexion :<\/strong><br \/>\n<strong>&#8211;<\/strong> 14 c\u00e2bles bleus, longueur 500 mm avec connecteurs m\u00e2les de \u00d84 mm<br \/>\n<strong>&#8211;<\/strong> 14 c\u00e2bles rouges, longueur 500 mm avec connecteurs m\u00e2les de \u00d84 mm<br \/>\n<strong>&#8211;<\/strong> 8 c\u00e2bles bleus, longueur 1500 mm avec connecteurs m\u00e2les de \u00d84 mm<br \/>\n<strong>&#8211;<\/strong> 8 c\u00e2bles rouges, longueur 1500 mm avec connecteurs m\u00e2les de \u00d84 mm<\/li>\n<li><strong>Jeu de 3 connecteurs pour sol\u00e9no\u00efdes :<\/strong><br \/>\n<strong>&#8211;<\/strong> 2 gris + 1 noir.<br \/>\nY compris le connecteur de sol\u00e9no\u00efde 2P + G, le voyant marche \/ arr\u00eat, le c\u00e2ble et le m\u00e2le. Connecteurs rapides \u00d8=4 mm.<\/li>\n<li><strong>\u00c9lectrovanne 4\/2 :<\/strong> Ressort de rappel, 24 V c.c.<\/li>\n<li><strong>\u00c9lectrovanne 4\/3 :<\/strong> valve 4\/3, ressort centr\u00e9. A, B, P y T ferm\u00e9 en position centrale. Sol\u00e9no\u00efdes 24 Vcc.<\/li>\n<li><strong>Jeu de deux interrupteurs de fin de course \u00e0 rouleaux :<br \/>\n&#8211;<\/strong> 1 contact normalement ferm\u00e9s + 1 contact normalement ouvert.<br \/>\n<strong>&#8211;<\/strong> Corps transparent.<br \/>\n<strong>&#8211;<\/strong> \u00d8=connecteurs femelles de 4 mm.<\/li>\n<li><strong>Cahier de travail avec th\u00e9orie et pratiques.<\/strong><\/li>\n<\/ul>\n","protected":false},"excerpt":{"rendered":"<p>Composants: Bloc d&rsquo;alimentation \u00e9lectrique : &#8211; 220 Vc.a.\/24 Vc.c., I=5 A. &#8211; Protection contre les surcharges et les courts-circuits. &#8211; Interrupteur marche\/arr\u00eat, voyant marche\/arr\u00eat. &#8211; Stabilis\u00e9 \u00e9lectroniquement. &#8211; Connecteurs rapides \u00d8=4 mm. &#8211; Bo\u00eete en plastique avec couvercle transparent imprim\u00e9. Unit\u00e9 de commande : &#8211; 4 boutons-poussoirs, 2 verts, 1 rouges, 1 jaunes, avec 1 [&hellip;]<\/p>\n","protected":false},"featured_media":2789,"template":"","meta":{"_acf_changed":false},"product_brand":[],"product_cat":[195],"product_tag":[],"class_list":{"0":"post-2793","1":"product","2":"type-product","3":"status-publish","4":"has-post-thumbnail","6":"product_cat-hydraulique","8":"first","9":"instock","10":"shipping-taxable","11":"product-type-simple"},"acf":[],"yoast_head":"<!-- This site is optimized with the Yoast SEO plugin v27.0 - https:\/\/yoast.com\/product\/yoast-seo-wordpress\/ -->\n<title>COMPOSANTS TRANSPARENTS \u00c9LECTRO-HYDRAULIQUES - De Lorenzo Training &amp; Didactical Equipment<\/title>\n<meta name=\"robots\" content=\"index, follow, max-snippet:-1, max-image-preview:large, max-video-preview:-1\" \/>\n<link rel=\"canonical\" href=\"https:\/\/delorenzoglobal.com\/fr\/produit\/composans-trasparents-electro-hydraulique\/\" \/>\n<meta property=\"og:locale\" content=\"fr_FR\" \/>\n<meta property=\"og:type\" content=\"article\" \/>\n<meta property=\"og:title\" content=\"COMPOSANTS TRANSPARENTS \u00c9LECTRO-HYDRAULIQUES - De Lorenzo Training &amp; Didactical Equipment\" \/>\n<meta property=\"og:description\" content=\"Composants: Bloc d&rsquo;alimentation \u00e9lectrique : &#8211; 220 Vc.a.\/24 Vc.c., I=5 A. &#8211; Protection contre les surcharges et les courts-circuits. &#8211; Interrupteur marche\/arr\u00eat, voyant marche\/arr\u00eat. &#8211; Stabilis\u00e9 \u00e9lectroniquement. &#8211; Connecteurs rapides \u00d8=4 mm. &#8211; Bo\u00eete en plastique avec couvercle transparent imprim\u00e9. Unit\u00e9 de commande : &#8211; 4 boutons-poussoirs, 2 verts, 1 rouges, 1 jaunes, avec 1 [&hellip;]\" \/>\n<meta property=\"og:url\" content=\"https:\/\/delorenzoglobal.com\/fr\/produit\/composans-trasparents-electro-hydraulique\/\" \/>\n<meta property=\"og:site_name\" content=\"De Lorenzo Training &amp; Didactical Equipment\" \/>\n<meta property=\"article:modified_time\" content=\"2025-04-28T09:45:58+00:00\" \/>\n<meta property=\"og:image\" content=\"https:\/\/delorenzoglobal.com\/wp-content\/uploads\/2024\/04\/DL-8110ES-EH.png\" \/>\n\t<meta property=\"og:image:width\" content=\"492\" \/>\n\t<meta property=\"og:image:height\" content=\"321\" \/>\n\t<meta property=\"og:image:type\" content=\"image\/png\" \/>\n<meta name=\"twitter:card\" content=\"summary_large_image\" \/>\n<meta name=\"twitter:label1\" content=\"Dur\u00e9e de lecture estim\u00e9e\" \/>\n\t<meta name=\"twitter:data1\" content=\"2 minutes\" \/>\n<script type=\"application\/ld+json\" class=\"yoast-schema-graph\">{\"@context\":\"https:\/\/schema.org\",\"@graph\":[{\"@type\":\"WebPage\",\"@id\":\"https:\/\/delorenzoglobal.com\/fr\/produit\/composans-trasparents-electro-hydraulique\/\",\"url\":\"https:\/\/delorenzoglobal.com\/fr\/produit\/composans-trasparents-electro-hydraulique\/\",\"name\":\"COMPOSANTS TRANSPARENTS \u00c9LECTRO-HYDRAULIQUES - De Lorenzo Training &amp; Didactical Equipment\",\"isPartOf\":{\"@id\":\"https:\/\/delorenzoglobal.com\/fr\/#website\"},\"primaryImageOfPage\":{\"@id\":\"https:\/\/delorenzoglobal.com\/fr\/produit\/composans-trasparents-electro-hydraulique\/#primaryimage\"},\"image\":{\"@id\":\"https:\/\/delorenzoglobal.com\/fr\/produit\/composans-trasparents-electro-hydraulique\/#primaryimage\"},\"thumbnailUrl\":\"https:\/\/delorenzoglobal.com\/wp-content\/uploads\/2024\/04\/DL-8110ES-EH.png\",\"datePublished\":\"2024-04-10T10:03:53+00:00\",\"dateModified\":\"2025-04-28T09:45:58+00:00\",\"breadcrumb\":{\"@id\":\"https:\/\/delorenzoglobal.com\/fr\/produit\/composans-trasparents-electro-hydraulique\/#breadcrumb\"},\"inLanguage\":\"fr-FR\",\"potentialAction\":[{\"@type\":\"ReadAction\",\"target\":[\"https:\/\/delorenzoglobal.com\/fr\/produit\/composans-trasparents-electro-hydraulique\/\"]}]},{\"@type\":\"ImageObject\",\"inLanguage\":\"fr-FR\",\"@id\":\"https:\/\/delorenzoglobal.com\/fr\/produit\/composans-trasparents-electro-hydraulique\/#primaryimage\",\"url\":\"https:\/\/delorenzoglobal.com\/wp-content\/uploads\/2024\/04\/DL-8110ES-EH.png\",\"contentUrl\":\"https:\/\/delorenzoglobal.com\/wp-content\/uploads\/2024\/04\/DL-8110ES-EH.png\",\"width\":492,\"height\":321},{\"@type\":\"BreadcrumbList\",\"@id\":\"https:\/\/delorenzoglobal.com\/fr\/produit\/composans-trasparents-electro-hydraulique\/#breadcrumb\",\"itemListElement\":[{\"@type\":\"ListItem\",\"position\":1,\"name\":\"Home\",\"item\":\"https:\/\/delorenzoglobal.com\/fr\/\"},{\"@type\":\"ListItem\",\"position\":2,\"name\":\"Boutique\",\"item\":\"https:\/\/delorenzoglobal.com\/fr\/boutique\/\"},{\"@type\":\"ListItem\",\"position\":3,\"name\":\"COMPOSANTS TRANSPARENTS \u00c9LECTRO-HYDRAULIQUES\"}]},{\"@type\":\"WebSite\",\"@id\":\"https:\/\/delorenzoglobal.com\/fr\/#website\",\"url\":\"https:\/\/delorenzoglobal.com\/fr\/\",\"name\":\"De Lorenzo Training &amp; Didactical Equipment\",\"description\":\"\",\"potentialAction\":[{\"@type\":\"SearchAction\",\"target\":{\"@type\":\"EntryPoint\",\"urlTemplate\":\"https:\/\/delorenzoglobal.com\/fr\/?s={search_term_string}\"},\"query-input\":{\"@type\":\"PropertyValueSpecification\",\"valueRequired\":true,\"valueName\":\"search_term_string\"}}],\"inLanguage\":\"fr-FR\"}]}<\/script>\n<!-- \/ Yoast SEO plugin. -->","yoast_head_json":{"title":"COMPOSANTS TRANSPARENTS \u00c9LECTRO-HYDRAULIQUES - De Lorenzo Training &amp; Didactical Equipment","robots":{"index":"index","follow":"follow","max-snippet":"max-snippet:-1","max-image-preview":"max-image-preview:large","max-video-preview":"max-video-preview:-1"},"canonical":"https:\/\/delorenzoglobal.com\/fr\/produit\/composans-trasparents-electro-hydraulique\/","og_locale":"fr_FR","og_type":"article","og_title":"COMPOSANTS TRANSPARENTS \u00c9LECTRO-HYDRAULIQUES - De Lorenzo Training &amp; Didactical Equipment","og_description":"Composants: Bloc d&rsquo;alimentation \u00e9lectrique : &#8211; 220 Vc.a.\/24 Vc.c., I=5 A. &#8211; Protection contre les surcharges et les courts-circuits. &#8211; Interrupteur marche\/arr\u00eat, voyant marche\/arr\u00eat. &#8211; Stabilis\u00e9 \u00e9lectroniquement. &#8211; Connecteurs rapides \u00d8=4 mm. &#8211; Bo\u00eete en plastique avec couvercle transparent imprim\u00e9. Unit\u00e9 de commande : &#8211; 4 boutons-poussoirs, 2 verts, 1 rouges, 1 jaunes, avec 1 [&hellip;]","og_url":"https:\/\/delorenzoglobal.com\/fr\/produit\/composans-trasparents-electro-hydraulique\/","og_site_name":"De Lorenzo Training &amp; Didactical Equipment","article_modified_time":"2025-04-28T09:45:58+00:00","og_image":[{"width":492,"height":321,"url":"https:\/\/delorenzoglobal.com\/wp-content\/uploads\/2024\/04\/DL-8110ES-EH.png","type":"image\/png"}],"twitter_card":"summary_large_image","twitter_misc":{"Dur\u00e9e de lecture estim\u00e9e":"2 minutes"},"schema":{"@context":"https:\/\/schema.org","@graph":[{"@type":"WebPage","@id":"https:\/\/delorenzoglobal.com\/fr\/produit\/composans-trasparents-electro-hydraulique\/","url":"https:\/\/delorenzoglobal.com\/fr\/produit\/composans-trasparents-electro-hydraulique\/","name":"COMPOSANTS TRANSPARENTS \u00c9LECTRO-HYDRAULIQUES - De Lorenzo Training &amp; Didactical Equipment","isPartOf":{"@id":"https:\/\/delorenzoglobal.com\/fr\/#website"},"primaryImageOfPage":{"@id":"https:\/\/delorenzoglobal.com\/fr\/produit\/composans-trasparents-electro-hydraulique\/#primaryimage"},"image":{"@id":"https:\/\/delorenzoglobal.com\/fr\/produit\/composans-trasparents-electro-hydraulique\/#primaryimage"},"thumbnailUrl":"https:\/\/delorenzoglobal.com\/wp-content\/uploads\/2024\/04\/DL-8110ES-EH.png","datePublished":"2024-04-10T10:03:53+00:00","dateModified":"2025-04-28T09:45:58+00:00","breadcrumb":{"@id":"https:\/\/delorenzoglobal.com\/fr\/produit\/composans-trasparents-electro-hydraulique\/#breadcrumb"},"inLanguage":"fr-FR","potentialAction":[{"@type":"ReadAction","target":["https:\/\/delorenzoglobal.com\/fr\/produit\/composans-trasparents-electro-hydraulique\/"]}]},{"@type":"ImageObject","inLanguage":"fr-FR","@id":"https:\/\/delorenzoglobal.com\/fr\/produit\/composans-trasparents-electro-hydraulique\/#primaryimage","url":"https:\/\/delorenzoglobal.com\/wp-content\/uploads\/2024\/04\/DL-8110ES-EH.png","contentUrl":"https:\/\/delorenzoglobal.com\/wp-content\/uploads\/2024\/04\/DL-8110ES-EH.png","width":492,"height":321},{"@type":"BreadcrumbList","@id":"https:\/\/delorenzoglobal.com\/fr\/produit\/composans-trasparents-electro-hydraulique\/#breadcrumb","itemListElement":[{"@type":"ListItem","position":1,"name":"Home","item":"https:\/\/delorenzoglobal.com\/fr\/"},{"@type":"ListItem","position":2,"name":"Boutique","item":"https:\/\/delorenzoglobal.com\/fr\/boutique\/"},{"@type":"ListItem","position":3,"name":"COMPOSANTS TRANSPARENTS \u00c9LECTRO-HYDRAULIQUES"}]},{"@type":"WebSite","@id":"https:\/\/delorenzoglobal.com\/fr\/#website","url":"https:\/\/delorenzoglobal.com\/fr\/","name":"De Lorenzo Training &amp; Didactical Equipment","description":"","potentialAction":[{"@type":"SearchAction","target":{"@type":"EntryPoint","urlTemplate":"https:\/\/delorenzoglobal.com\/fr\/?s={search_term_string}"},"query-input":{"@type":"PropertyValueSpecification","valueRequired":true,"valueName":"search_term_string"}}],"inLanguage":"fr-FR"}]}},"_links":{"self":[{"href":"https:\/\/delorenzoglobal.com\/fr\/wp-json\/wp\/v2\/product\/2793","targetHints":{"allow":["GET"]}}],"collection":[{"href":"https:\/\/delorenzoglobal.com\/fr\/wp-json\/wp\/v2\/product"}],"about":[{"href":"https:\/\/delorenzoglobal.com\/fr\/wp-json\/wp\/v2\/types\/product"}],"wp:featuredmedia":[{"embeddable":true,"href":"https:\/\/delorenzoglobal.com\/fr\/wp-json\/wp\/v2\/media\/2789"}],"wp:attachment":[{"href":"https:\/\/delorenzoglobal.com\/fr\/wp-json\/wp\/v2\/media?parent=2793"}],"wp:term":[{"taxonomy":"product_brand","embeddable":true,"href":"https:\/\/delorenzoglobal.com\/fr\/wp-json\/wp\/v2\/product_brand?post=2793"},{"taxonomy":"product_cat","embeddable":true,"href":"https:\/\/delorenzoglobal.com\/fr\/wp-json\/wp\/v2\/product_cat?post=2793"},{"taxonomy":"product_tag","embeddable":true,"href":"https:\/\/delorenzoglobal.com\/fr\/wp-json\/wp\/v2\/product_tag?post=2793"}],"curies":[{"name":"wp","href":"https:\/\/api.w.org\/{rel}","templated":true}]}}