{"id":2768,"date":"2024-04-10T11:44:52","date_gmt":"2024-04-10T09:44:52","guid":{"rendered":"https:\/\/delorenzoglobal.com\/?post_type=product&#038;p=2768"},"modified":"2025-04-28T12:12:36","modified_gmt":"2025-04-28T10:12:36","slug":"composants-transparents-niveau-avance","status":"publish","type":"product","link":"https:\/\/delorenzoglobal.com\/fr\/produit\/composants-transparents-niveau-avance\/","title":{"rendered":"COMPOSANTS TRANSPARENTS NIVEAU AVANC\u00c9"},"content":{"rendered":"<p><strong> Composants:<\/strong><\/p>\n<ul>\n<li><strong>Valve de limitation de pression avec amortissement :<\/strong><br \/>\n&#8211; Distributeur \u00e0 tiroir avec valve d&rsquo;amortissement 3 voies.<br \/>\n&#8211; R\u00e9gulation manuelle.<\/li>\n<li><strong>Cylindre \u00e0 simple effet:<\/strong><br \/>\n&#8211; \u00d820x \u00d810&#215;40 mm.<br \/>\n&#8211; Ressort de rappel.<\/li>\n<li><strong>Clapet de r\u00e9duction de pression : <\/strong><br \/>\n&#8211; Clapet de r\u00e9duction de pression \u00e0 3 voies.<br \/>\n&#8211; Contr\u00f4le direct.<br \/>\n&#8211; R\u00e9gulation manuelle.<\/li>\n<li><strong>Restricteur de d\u00e9bit unidirectionnel :<\/strong> vanne \u00e0 pointeau avec clapet anti-retour de d\u00e9rivation<\/li>\n<li><strong>Vanne d&rsquo;arr\u00eat : <\/strong><br \/>\n&#8211; Vanne 2\/2.<br \/>\n&#8211; Actionn\u00e9 manuellement.<\/li>\n<li><strong>Restricteur unidirectionnel pilot\u00e9 :<\/strong> Clapet anti-retour \u00e0 commande hydraulique<\/li>\n<li><strong>R\u00e9gulateur de d\u00e9bit avec compensation de pression :<\/strong><br \/>\n&#8211; Soupape hydrostatique incorpor\u00e9e.<br \/>\n&#8211; R\u00e9gulation manuelle.<\/li>\n<li><strong>Diviseur de 4 connexions :<\/strong> 3 connecteurs m\u00e2les + 1 connecteurs femelles auto-obturants \u00e0 montage rapide.<\/li>\n<li><strong>Jeu de flexibles :<\/strong><br \/>\n&#8211; Longueur 5 x 520 mm.<br \/>\n&#8211; Avec connecteurs femelles auto-obturants \u00e0 montage rapide.<\/li>\n<li><strong>Cahier de travail avec th\u00e9orie et pratiques.<\/strong><\/li>\n<\/ul>\n","protected":false},"excerpt":{"rendered":"<p>Composants: Valve de limitation de pression avec amortissement : &#8211; Distributeur \u00e0 tiroir avec valve d&rsquo;amortissement 3 voies. &#8211; R\u00e9gulation manuelle. Cylindre \u00e0 simple effet: &#8211; \u00d820x \u00d810&#215;40 mm. &#8211; Ressort de rappel. Clapet de r\u00e9duction de pression : &#8211; Clapet de r\u00e9duction de pression \u00e0 3 voies. &#8211; Contr\u00f4le direct. &#8211; R\u00e9gulation manuelle. Restricteur [&hellip;]<\/p>\n","protected":false},"featured_media":2942,"template":"","meta":{"_acf_changed":false},"product_brand":[],"product_cat":[195],"product_tag":[],"class_list":{"0":"post-2768","1":"product","2":"type-product","3":"status-publish","4":"has-post-thumbnail","6":"product_cat-hydraulique","8":"first","9":"instock","10":"shipping-taxable","11":"product-type-simple"},"acf":[],"yoast_head":"<!-- This site is optimized with the Yoast SEO plugin v27.0 - https:\/\/yoast.com\/product\/yoast-seo-wordpress\/ -->\n<title>COMPOSANTS TRANSPARENTS NIVEAU AVANC\u00c9 - De Lorenzo Training &amp; Didactical Equipment<\/title>\n<meta name=\"robots\" content=\"index, follow, max-snippet:-1, max-image-preview:large, max-video-preview:-1\" \/>\n<link rel=\"canonical\" href=\"https:\/\/delorenzoglobal.com\/fr\/produit\/composants-transparents-niveau-avance\/\" \/>\n<meta property=\"og:locale\" content=\"fr_FR\" \/>\n<meta property=\"og:type\" content=\"article\" \/>\n<meta property=\"og:title\" content=\"COMPOSANTS TRANSPARENTS NIVEAU AVANC\u00c9 - De Lorenzo Training &amp; Didactical Equipment\" \/>\n<meta property=\"og:description\" content=\"Composants: Valve de limitation de pression avec amortissement : &#8211; Distributeur \u00e0 tiroir avec valve d&rsquo;amortissement 3 voies. &#8211; R\u00e9gulation manuelle. Cylindre \u00e0 simple effet: &#8211; \u00d820x \u00d810&#215;40 mm. &#8211; Ressort de rappel. Clapet de r\u00e9duction de pression : &#8211; Clapet de r\u00e9duction de pression \u00e0 3 voies. &#8211; Contr\u00f4le direct. &#8211; R\u00e9gulation manuelle. Restricteur [&hellip;]\" \/>\n<meta property=\"og:url\" content=\"https:\/\/delorenzoglobal.com\/fr\/produit\/composants-transparents-niveau-avance\/\" \/>\n<meta property=\"og:site_name\" content=\"De Lorenzo Training &amp; Didactical Equipment\" \/>\n<meta property=\"article:modified_time\" content=\"2025-04-28T10:12:36+00:00\" \/>\n<meta property=\"og:image\" content=\"https:\/\/delorenzoglobal.com\/wp-content\/uploads\/2024\/04\/DL-8110ES-2-1.png\" \/>\n\t<meta property=\"og:image:width\" content=\"419\" \/>\n\t<meta property=\"og:image:height\" content=\"247\" \/>\n\t<meta property=\"og:image:type\" content=\"image\/png\" \/>\n<meta name=\"twitter:card\" content=\"summary_large_image\" \/>\n<meta name=\"twitter:label1\" content=\"Dur\u00e9e de lecture estim\u00e9e\" \/>\n\t<meta name=\"twitter:data1\" content=\"1 minute\" \/>\n<script type=\"application\/ld+json\" class=\"yoast-schema-graph\">{\"@context\":\"https:\/\/schema.org\",\"@graph\":[{\"@type\":\"WebPage\",\"@id\":\"https:\/\/delorenzoglobal.com\/fr\/produit\/composants-transparents-niveau-avance\/\",\"url\":\"https:\/\/delorenzoglobal.com\/fr\/produit\/composants-transparents-niveau-avance\/\",\"name\":\"COMPOSANTS TRANSPARENTS NIVEAU AVANC\u00c9 - De Lorenzo Training &amp; Didactical Equipment\",\"isPartOf\":{\"@id\":\"https:\/\/delorenzoglobal.com\/fr\/#website\"},\"primaryImageOfPage\":{\"@id\":\"https:\/\/delorenzoglobal.com\/fr\/produit\/composants-transparents-niveau-avance\/#primaryimage\"},\"image\":{\"@id\":\"https:\/\/delorenzoglobal.com\/fr\/produit\/composants-transparents-niveau-avance\/#primaryimage\"},\"thumbnailUrl\":\"https:\/\/delorenzoglobal.com\/wp-content\/uploads\/2024\/04\/DL-8110ES-2-1.png\",\"datePublished\":\"2024-04-10T09:44:52+00:00\",\"dateModified\":\"2025-04-28T10:12:36+00:00\",\"breadcrumb\":{\"@id\":\"https:\/\/delorenzoglobal.com\/fr\/produit\/composants-transparents-niveau-avance\/#breadcrumb\"},\"inLanguage\":\"fr-FR\",\"potentialAction\":[{\"@type\":\"ReadAction\",\"target\":[\"https:\/\/delorenzoglobal.com\/fr\/produit\/composants-transparents-niveau-avance\/\"]}]},{\"@type\":\"ImageObject\",\"inLanguage\":\"fr-FR\",\"@id\":\"https:\/\/delorenzoglobal.com\/fr\/produit\/composants-transparents-niveau-avance\/#primaryimage\",\"url\":\"https:\/\/delorenzoglobal.com\/wp-content\/uploads\/2024\/04\/DL-8110ES-2-1.png\",\"contentUrl\":\"https:\/\/delorenzoglobal.com\/wp-content\/uploads\/2024\/04\/DL-8110ES-2-1.png\",\"width\":419,\"height\":247},{\"@type\":\"BreadcrumbList\",\"@id\":\"https:\/\/delorenzoglobal.com\/fr\/produit\/composants-transparents-niveau-avance\/#breadcrumb\",\"itemListElement\":[{\"@type\":\"ListItem\",\"position\":1,\"name\":\"Home\",\"item\":\"https:\/\/delorenzoglobal.com\/fr\/\"},{\"@type\":\"ListItem\",\"position\":2,\"name\":\"Boutique\",\"item\":\"https:\/\/delorenzoglobal.com\/fr\/boutique\/\"},{\"@type\":\"ListItem\",\"position\":3,\"name\":\"COMPOSANTS TRANSPARENTS NIVEAU AVANC\u00c9\"}]},{\"@type\":\"WebSite\",\"@id\":\"https:\/\/delorenzoglobal.com\/fr\/#website\",\"url\":\"https:\/\/delorenzoglobal.com\/fr\/\",\"name\":\"De Lorenzo Training &amp; Didactical Equipment\",\"description\":\"\",\"potentialAction\":[{\"@type\":\"SearchAction\",\"target\":{\"@type\":\"EntryPoint\",\"urlTemplate\":\"https:\/\/delorenzoglobal.com\/fr\/?s={search_term_string}\"},\"query-input\":{\"@type\":\"PropertyValueSpecification\",\"valueRequired\":true,\"valueName\":\"search_term_string\"}}],\"inLanguage\":\"fr-FR\"}]}<\/script>\n<!-- \/ Yoast SEO plugin. -->","yoast_head_json":{"title":"COMPOSANTS TRANSPARENTS NIVEAU AVANC\u00c9 - De Lorenzo Training &amp; Didactical Equipment","robots":{"index":"index","follow":"follow","max-snippet":"max-snippet:-1","max-image-preview":"max-image-preview:large","max-video-preview":"max-video-preview:-1"},"canonical":"https:\/\/delorenzoglobal.com\/fr\/produit\/composants-transparents-niveau-avance\/","og_locale":"fr_FR","og_type":"article","og_title":"COMPOSANTS TRANSPARENTS NIVEAU AVANC\u00c9 - De Lorenzo Training &amp; Didactical Equipment","og_description":"Composants: Valve de limitation de pression avec amortissement : &#8211; Distributeur \u00e0 tiroir avec valve d&rsquo;amortissement 3 voies. &#8211; R\u00e9gulation manuelle. Cylindre \u00e0 simple effet: &#8211; \u00d820x \u00d810&#215;40 mm. &#8211; Ressort de rappel. Clapet de r\u00e9duction de pression : &#8211; Clapet de r\u00e9duction de pression \u00e0 3 voies. &#8211; Contr\u00f4le direct. &#8211; R\u00e9gulation manuelle. Restricteur [&hellip;]","og_url":"https:\/\/delorenzoglobal.com\/fr\/produit\/composants-transparents-niveau-avance\/","og_site_name":"De Lorenzo Training &amp; Didactical Equipment","article_modified_time":"2025-04-28T10:12:36+00:00","og_image":[{"width":419,"height":247,"url":"https:\/\/delorenzoglobal.com\/wp-content\/uploads\/2024\/04\/DL-8110ES-2-1.png","type":"image\/png"}],"twitter_card":"summary_large_image","twitter_misc":{"Dur\u00e9e de lecture estim\u00e9e":"1 minute"},"schema":{"@context":"https:\/\/schema.org","@graph":[{"@type":"WebPage","@id":"https:\/\/delorenzoglobal.com\/fr\/produit\/composants-transparents-niveau-avance\/","url":"https:\/\/delorenzoglobal.com\/fr\/produit\/composants-transparents-niveau-avance\/","name":"COMPOSANTS TRANSPARENTS NIVEAU AVANC\u00c9 - De Lorenzo Training &amp; Didactical Equipment","isPartOf":{"@id":"https:\/\/delorenzoglobal.com\/fr\/#website"},"primaryImageOfPage":{"@id":"https:\/\/delorenzoglobal.com\/fr\/produit\/composants-transparents-niveau-avance\/#primaryimage"},"image":{"@id":"https:\/\/delorenzoglobal.com\/fr\/produit\/composants-transparents-niveau-avance\/#primaryimage"},"thumbnailUrl":"https:\/\/delorenzoglobal.com\/wp-content\/uploads\/2024\/04\/DL-8110ES-2-1.png","datePublished":"2024-04-10T09:44:52+00:00","dateModified":"2025-04-28T10:12:36+00:00","breadcrumb":{"@id":"https:\/\/delorenzoglobal.com\/fr\/produit\/composants-transparents-niveau-avance\/#breadcrumb"},"inLanguage":"fr-FR","potentialAction":[{"@type":"ReadAction","target":["https:\/\/delorenzoglobal.com\/fr\/produit\/composants-transparents-niveau-avance\/"]}]},{"@type":"ImageObject","inLanguage":"fr-FR","@id":"https:\/\/delorenzoglobal.com\/fr\/produit\/composants-transparents-niveau-avance\/#primaryimage","url":"https:\/\/delorenzoglobal.com\/wp-content\/uploads\/2024\/04\/DL-8110ES-2-1.png","contentUrl":"https:\/\/delorenzoglobal.com\/wp-content\/uploads\/2024\/04\/DL-8110ES-2-1.png","width":419,"height":247},{"@type":"BreadcrumbList","@id":"https:\/\/delorenzoglobal.com\/fr\/produit\/composants-transparents-niveau-avance\/#breadcrumb","itemListElement":[{"@type":"ListItem","position":1,"name":"Home","item":"https:\/\/delorenzoglobal.com\/fr\/"},{"@type":"ListItem","position":2,"name":"Boutique","item":"https:\/\/delorenzoglobal.com\/fr\/boutique\/"},{"@type":"ListItem","position":3,"name":"COMPOSANTS TRANSPARENTS NIVEAU AVANC\u00c9"}]},{"@type":"WebSite","@id":"https:\/\/delorenzoglobal.com\/fr\/#website","url":"https:\/\/delorenzoglobal.com\/fr\/","name":"De Lorenzo Training &amp; Didactical Equipment","description":"","potentialAction":[{"@type":"SearchAction","target":{"@type":"EntryPoint","urlTemplate":"https:\/\/delorenzoglobal.com\/fr\/?s={search_term_string}"},"query-input":{"@type":"PropertyValueSpecification","valueRequired":true,"valueName":"search_term_string"}}],"inLanguage":"fr-FR"}]}},"_links":{"self":[{"href":"https:\/\/delorenzoglobal.com\/fr\/wp-json\/wp\/v2\/product\/2768","targetHints":{"allow":["GET"]}}],"collection":[{"href":"https:\/\/delorenzoglobal.com\/fr\/wp-json\/wp\/v2\/product"}],"about":[{"href":"https:\/\/delorenzoglobal.com\/fr\/wp-json\/wp\/v2\/types\/product"}],"wp:featuredmedia":[{"embeddable":true,"href":"https:\/\/delorenzoglobal.com\/fr\/wp-json\/wp\/v2\/media\/2942"}],"wp:attachment":[{"href":"https:\/\/delorenzoglobal.com\/fr\/wp-json\/wp\/v2\/media?parent=2768"}],"wp:term":[{"taxonomy":"product_brand","embeddable":true,"href":"https:\/\/delorenzoglobal.com\/fr\/wp-json\/wp\/v2\/product_brand?post=2768"},{"taxonomy":"product_cat","embeddable":true,"href":"https:\/\/delorenzoglobal.com\/fr\/wp-json\/wp\/v2\/product_cat?post=2768"},{"taxonomy":"product_tag","embeddable":true,"href":"https:\/\/delorenzoglobal.com\/fr\/wp-json\/wp\/v2\/product_tag?post=2768"}],"curies":[{"name":"wp","href":"https:\/\/api.w.org\/{rel}","templated":true}]}}