{"id":27001,"date":"2025-01-17T10:51:38","date_gmt":"2025-01-17T09:51:38","guid":{"rendered":"https:\/\/delorenzoglobal.com\/?post_type=product&#038;p=27001"},"modified":"2025-07-10T15:06:22","modified_gmt":"2025-07-10T13:06:22","slug":"laboratoires-didactiques-pour-les-telecommunications","status":"publish","type":"product","link":"https:\/\/delorenzoglobal.com\/fr\/produit\/laboratoires-didactiques-pour-les-telecommunications\/","title":{"rendered":"LABORATOIRES DIDACTIQUES POUR LES T\u00c9L\u00c9COMMUNICATIONS"},"content":{"rendered":"<p>DL TELECOMLAB est une laboratoire didactique con\u00e7u pour fournir une compr\u00e9hension compl\u00e8te des syst\u00e8mes de t\u00e9l\u00e9communication modernes. Id\u00e9al pour les instituts techniques et les universit\u00e9s, le laboratoire couvre un large \u00e9ventail de sujets, allant de la transmission analogique et num\u00e9rique aux applications virtuelles et aux syst\u00e8mes de communication optique avanc\u00e9s.<\/p>\n<p><strong>Gr\u00e2ce \u00e0 la modularit\u00e9 de ses \u00e9quipements, les \u00e9tudiants peuvent approfondir les principes fondamentaux et les technologies avanc\u00e9es de mani\u00e8re pratique et interactive.<\/strong> Chaque module est con\u00e7u pour simuler des sc\u00e9narios r\u00e9els, permettant aux \u00e9tudiants d\u2019acqu\u00e9rir des comp\u00e9tences sp\u00e9ci\ufb01ques et une connaissance approfondie des technologies r\u00e9seau, des syst\u00e8mes de transmission et des plateformes temporelles. En outre, l\u2019int\u00e9gration d\u2019outils p\u00e9dagogiques virtuels offre une exp\u00e9rience d\u2019apprentissage innovante et \ufb02exible.<\/p>\n<p>Le laboratoire pr\u00e9pare non seulement les \u00e9tudiants \u00e0 comprendre et \u00e0 utiliser les technologies actuelles des t\u00e9l\u00e9communications, mais il leur <strong>fournit \u00e9galement les comp\u00e9tences n\u00e9cessaires pour relever les d\u00e9\ufb01s futurs dans ce secteur, en faisant un investissement strat\u00e9gique pour le d\u00e9veloppement de professionnels quali\ufb01\u00e9s.<\/strong><\/p>\n","protected":false},"excerpt":{"rendered":"<p>DL TELECOMLAB est une laboratoire didactique con\u00e7u pour fournir une compr\u00e9hension compl\u00e8te des syst\u00e8mes de t\u00e9l\u00e9communication modernes. Id\u00e9al pour les instituts techniques et les universit\u00e9s, le laboratoire couvre un large \u00e9ventail de sujets, allant de la transmission analogique et num\u00e9rique aux applications virtuelles et aux syst\u00e8mes de communication optique avanc\u00e9s. Gr\u00e2ce \u00e0 la modularit\u00e9 de [&hellip;]<\/p>\n","protected":false},"featured_media":27050,"template":"","meta":{"_acf_changed":false},"product_brand":[],"product_cat":[1955,3098],"product_tag":[],"class_list":{"0":"post-27001","1":"product","2":"type-product","3":"status-publish","4":"has-post-thumbnail","6":"product_cat-laboratori-chiavi-in-mano-fr","7":"product_cat-solution-de-laboratoire-pour-fr","9":"first","10":"instock","11":"shipping-taxable","12":"product-type-simple"},"acf":[],"yoast_head":"<!-- This site is optimized with the Yoast SEO plugin v27.4 - https:\/\/yoast.com\/product\/yoast-seo-wordpress\/ -->\n<title>LABORATOIRES DIDACTIQUES POUR LES T\u00c9L\u00c9COMMUNICATIONS - De Lorenzo Training &amp; Didactical Equipment<\/title>\n<meta name=\"robots\" content=\"index, follow, max-snippet:-1, max-image-preview:large, max-video-preview:-1\" \/>\n<link rel=\"canonical\" href=\"https:\/\/delorenzoglobal.com\/fr\/produit\/laboratoires-didactiques-pour-les-telecommunications\/\" \/>\n<meta property=\"og:locale\" content=\"fr_FR\" \/>\n<meta property=\"og:type\" content=\"article\" \/>\n<meta property=\"og:title\" content=\"LABORATOIRES DIDACTIQUES POUR LES T\u00c9L\u00c9COMMUNICATIONS - De Lorenzo Training &amp; Didactical Equipment\" \/>\n<meta property=\"og:description\" content=\"DL TELECOMLAB est une laboratoire didactique con\u00e7u pour fournir une compr\u00e9hension compl\u00e8te des syst\u00e8mes de t\u00e9l\u00e9communication modernes. Id\u00e9al pour les instituts techniques et les universit\u00e9s, le laboratoire couvre un large \u00e9ventail de sujets, allant de la transmission analogique et num\u00e9rique aux applications virtuelles et aux syst\u00e8mes de communication optique avanc\u00e9s. Gr\u00e2ce \u00e0 la modularit\u00e9 de [&hellip;]\" \/>\n<meta property=\"og:url\" content=\"https:\/\/delorenzoglobal.com\/fr\/produit\/laboratoires-didactiques-pour-les-telecommunications\/\" \/>\n<meta property=\"og:site_name\" content=\"De Lorenzo Training &amp; Didactical Equipment\" \/>\n<meta property=\"article:modified_time\" content=\"2025-07-10T13:06:22+00:00\" \/>\n<meta property=\"og:image\" content=\"https:\/\/delorenzoglobal.com\/wp-content\/uploads\/2025\/01\/Telecommunications-SENZA-BORDO-1024x662.png\" \/>\n\t<meta property=\"og:image:width\" content=\"1024\" \/>\n\t<meta property=\"og:image:height\" content=\"662\" \/>\n\t<meta property=\"og:image:type\" content=\"image\/png\" \/>\n<meta name=\"twitter:card\" content=\"summary_large_image\" \/>\n<meta name=\"twitter:label1\" content=\"Dur\u00e9e de lecture estim\u00e9e\" \/>\n\t<meta name=\"twitter:data1\" content=\"2 minutes\" \/>\n<script type=\"application\/ld+json\" class=\"yoast-schema-graph\">{\"@context\":\"https:\\\/\\\/schema.org\",\"@graph\":[{\"@type\":\"WebPage\",\"@id\":\"https:\\\/\\\/delorenzoglobal.com\\\/fr\\\/produit\\\/laboratoires-didactiques-pour-les-telecommunications\\\/\",\"url\":\"https:\\\/\\\/delorenzoglobal.com\\\/fr\\\/produit\\\/laboratoires-didactiques-pour-les-telecommunications\\\/\",\"name\":\"LABORATOIRES DIDACTIQUES POUR LES T\u00c9L\u00c9COMMUNICATIONS - De Lorenzo Training &amp; Didactical Equipment\",\"isPartOf\":{\"@id\":\"https:\\\/\\\/delorenzoglobal.com\\\/fr\\\/#website\"},\"primaryImageOfPage\":{\"@id\":\"https:\\\/\\\/delorenzoglobal.com\\\/fr\\\/produit\\\/laboratoires-didactiques-pour-les-telecommunications\\\/#primaryimage\"},\"image\":{\"@id\":\"https:\\\/\\\/delorenzoglobal.com\\\/fr\\\/produit\\\/laboratoires-didactiques-pour-les-telecommunications\\\/#primaryimage\"},\"thumbnailUrl\":\"https:\\\/\\\/delorenzoglobal.com\\\/wp-content\\\/uploads\\\/2025\\\/01\\\/Telecommunications-SENZA-BORDO.png\",\"datePublished\":\"2025-01-17T09:51:38+00:00\",\"dateModified\":\"2025-07-10T13:06:22+00:00\",\"breadcrumb\":{\"@id\":\"https:\\\/\\\/delorenzoglobal.com\\\/fr\\\/produit\\\/laboratoires-didactiques-pour-les-telecommunications\\\/#breadcrumb\"},\"inLanguage\":\"fr-FR\",\"potentialAction\":[{\"@type\":\"ReadAction\",\"target\":[\"https:\\\/\\\/delorenzoglobal.com\\\/fr\\\/produit\\\/laboratoires-didactiques-pour-les-telecommunications\\\/\"]}]},{\"@type\":\"ImageObject\",\"inLanguage\":\"fr-FR\",\"@id\":\"https:\\\/\\\/delorenzoglobal.com\\\/fr\\\/produit\\\/laboratoires-didactiques-pour-les-telecommunications\\\/#primaryimage\",\"url\":\"https:\\\/\\\/delorenzoglobal.com\\\/wp-content\\\/uploads\\\/2025\\\/01\\\/Telecommunications-SENZA-BORDO.png\",\"contentUrl\":\"https:\\\/\\\/delorenzoglobal.com\\\/wp-content\\\/uploads\\\/2025\\\/01\\\/Telecommunications-SENZA-BORDO.png\",\"width\":2321,\"height\":1501},{\"@type\":\"BreadcrumbList\",\"@id\":\"https:\\\/\\\/delorenzoglobal.com\\\/fr\\\/produit\\\/laboratoires-didactiques-pour-les-telecommunications\\\/#breadcrumb\",\"itemListElement\":[{\"@type\":\"ListItem\",\"position\":1,\"name\":\"Home\",\"item\":\"https:\\\/\\\/delorenzoglobal.com\\\/fr\\\/\"},{\"@type\":\"ListItem\",\"position\":2,\"name\":\"Boutique\",\"item\":\"https:\\\/\\\/delorenzoglobal.com\\\/fr\\\/boutique\\\/\"},{\"@type\":\"ListItem\",\"position\":3,\"name\":\"LABORATOIRES DIDACTIQUES POUR LES T\u00c9L\u00c9COMMUNICATIONS\"}]},{\"@type\":\"WebSite\",\"@id\":\"https:\\\/\\\/delorenzoglobal.com\\\/fr\\\/#website\",\"url\":\"https:\\\/\\\/delorenzoglobal.com\\\/fr\\\/\",\"name\":\"De Lorenzo Training &amp; Didactical Equipment\",\"description\":\"\",\"potentialAction\":[{\"@type\":\"SearchAction\",\"target\":{\"@type\":\"EntryPoint\",\"urlTemplate\":\"https:\\\/\\\/delorenzoglobal.com\\\/fr\\\/?s={search_term_string}\"},\"query-input\":{\"@type\":\"PropertyValueSpecification\",\"valueRequired\":true,\"valueName\":\"search_term_string\"}}],\"inLanguage\":\"fr-FR\"}]}<\/script>\n<!-- \/ Yoast SEO plugin. -->","yoast_head_json":{"title":"LABORATOIRES DIDACTIQUES POUR LES T\u00c9L\u00c9COMMUNICATIONS - De Lorenzo Training &amp; Didactical Equipment","robots":{"index":"index","follow":"follow","max-snippet":"max-snippet:-1","max-image-preview":"max-image-preview:large","max-video-preview":"max-video-preview:-1"},"canonical":"https:\/\/delorenzoglobal.com\/fr\/produit\/laboratoires-didactiques-pour-les-telecommunications\/","og_locale":"fr_FR","og_type":"article","og_title":"LABORATOIRES DIDACTIQUES POUR LES T\u00c9L\u00c9COMMUNICATIONS - De Lorenzo Training &amp; Didactical Equipment","og_description":"DL TELECOMLAB est une laboratoire didactique con\u00e7u pour fournir une compr\u00e9hension compl\u00e8te des syst\u00e8mes de t\u00e9l\u00e9communication modernes. Id\u00e9al pour les instituts techniques et les universit\u00e9s, le laboratoire couvre un large \u00e9ventail de sujets, allant de la transmission analogique et num\u00e9rique aux applications virtuelles et aux syst\u00e8mes de communication optique avanc\u00e9s. Gr\u00e2ce \u00e0 la modularit\u00e9 de [&hellip;]","og_url":"https:\/\/delorenzoglobal.com\/fr\/produit\/laboratoires-didactiques-pour-les-telecommunications\/","og_site_name":"De Lorenzo Training &amp; Didactical Equipment","article_modified_time":"2025-07-10T13:06:22+00:00","og_image":[{"width":1024,"height":662,"url":"https:\/\/delorenzoglobal.com\/wp-content\/uploads\/2025\/01\/Telecommunications-SENZA-BORDO-1024x662.png","type":"image\/png"}],"twitter_card":"summary_large_image","twitter_misc":{"Dur\u00e9e de lecture estim\u00e9e":"2 minutes"},"schema":{"@context":"https:\/\/schema.org","@graph":[{"@type":"WebPage","@id":"https:\/\/delorenzoglobal.com\/fr\/produit\/laboratoires-didactiques-pour-les-telecommunications\/","url":"https:\/\/delorenzoglobal.com\/fr\/produit\/laboratoires-didactiques-pour-les-telecommunications\/","name":"LABORATOIRES DIDACTIQUES POUR LES T\u00c9L\u00c9COMMUNICATIONS - De Lorenzo Training &amp; Didactical Equipment","isPartOf":{"@id":"https:\/\/delorenzoglobal.com\/fr\/#website"},"primaryImageOfPage":{"@id":"https:\/\/delorenzoglobal.com\/fr\/produit\/laboratoires-didactiques-pour-les-telecommunications\/#primaryimage"},"image":{"@id":"https:\/\/delorenzoglobal.com\/fr\/produit\/laboratoires-didactiques-pour-les-telecommunications\/#primaryimage"},"thumbnailUrl":"https:\/\/delorenzoglobal.com\/wp-content\/uploads\/2025\/01\/Telecommunications-SENZA-BORDO.png","datePublished":"2025-01-17T09:51:38+00:00","dateModified":"2025-07-10T13:06:22+00:00","breadcrumb":{"@id":"https:\/\/delorenzoglobal.com\/fr\/produit\/laboratoires-didactiques-pour-les-telecommunications\/#breadcrumb"},"inLanguage":"fr-FR","potentialAction":[{"@type":"ReadAction","target":["https:\/\/delorenzoglobal.com\/fr\/produit\/laboratoires-didactiques-pour-les-telecommunications\/"]}]},{"@type":"ImageObject","inLanguage":"fr-FR","@id":"https:\/\/delorenzoglobal.com\/fr\/produit\/laboratoires-didactiques-pour-les-telecommunications\/#primaryimage","url":"https:\/\/delorenzoglobal.com\/wp-content\/uploads\/2025\/01\/Telecommunications-SENZA-BORDO.png","contentUrl":"https:\/\/delorenzoglobal.com\/wp-content\/uploads\/2025\/01\/Telecommunications-SENZA-BORDO.png","width":2321,"height":1501},{"@type":"BreadcrumbList","@id":"https:\/\/delorenzoglobal.com\/fr\/produit\/laboratoires-didactiques-pour-les-telecommunications\/#breadcrumb","itemListElement":[{"@type":"ListItem","position":1,"name":"Home","item":"https:\/\/delorenzoglobal.com\/fr\/"},{"@type":"ListItem","position":2,"name":"Boutique","item":"https:\/\/delorenzoglobal.com\/fr\/boutique\/"},{"@type":"ListItem","position":3,"name":"LABORATOIRES DIDACTIQUES POUR LES T\u00c9L\u00c9COMMUNICATIONS"}]},{"@type":"WebSite","@id":"https:\/\/delorenzoglobal.com\/fr\/#website","url":"https:\/\/delorenzoglobal.com\/fr\/","name":"De Lorenzo Training &amp; Didactical Equipment","description":"","potentialAction":[{"@type":"SearchAction","target":{"@type":"EntryPoint","urlTemplate":"https:\/\/delorenzoglobal.com\/fr\/?s={search_term_string}"},"query-input":{"@type":"PropertyValueSpecification","valueRequired":true,"valueName":"search_term_string"}}],"inLanguage":"fr-FR"}]}},"_links":{"self":[{"href":"https:\/\/delorenzoglobal.com\/fr\/wp-json\/wp\/v2\/product\/27001","targetHints":{"allow":["GET"]}}],"collection":[{"href":"https:\/\/delorenzoglobal.com\/fr\/wp-json\/wp\/v2\/product"}],"about":[{"href":"https:\/\/delorenzoglobal.com\/fr\/wp-json\/wp\/v2\/types\/product"}],"wp:featuredmedia":[{"embeddable":true,"href":"https:\/\/delorenzoglobal.com\/fr\/wp-json\/wp\/v2\/media\/27050"}],"wp:attachment":[{"href":"https:\/\/delorenzoglobal.com\/fr\/wp-json\/wp\/v2\/media?parent=27001"}],"wp:term":[{"taxonomy":"product_brand","embeddable":true,"href":"https:\/\/delorenzoglobal.com\/fr\/wp-json\/wp\/v2\/product_brand?post=27001"},{"taxonomy":"product_cat","embeddable":true,"href":"https:\/\/delorenzoglobal.com\/fr\/wp-json\/wp\/v2\/product_cat?post=27001"},{"taxonomy":"product_tag","embeddable":true,"href":"https:\/\/delorenzoglobal.com\/fr\/wp-json\/wp\/v2\/product_tag?post=27001"}],"curies":[{"name":"wp","href":"https:\/\/api.w.org\/{rel}","templated":true}]}}