{"id":2615,"date":"2024-04-10T10:46:30","date_gmt":"2024-04-10T08:46:30","guid":{"rendered":"https:\/\/delorenzoglobal.com\/?post_type=product&#038;p=2615"},"modified":"2026-03-30T10:27:16","modified_gmt":"2026-03-30T08:27:16","slug":"panneau-delectropneumatique","status":"publish","type":"product","link":"https:\/\/delorenzoglobal.com\/fr\/produit\/panneau-delectropneumatique\/","title":{"rendered":"PANNEAU D&rsquo;ELECTROPNEUMATIQUE"},"content":{"rendered":"<p>Ce banc d&rsquo;essai a \u00e9t\u00e9 con\u00e7u pour mettre en \u0153uvre des programmes d&rsquo;application complets sur l&rsquo;automatisation \u00e9lectropneumatique. Il peut \u00eatre utilis\u00e9 pour des d\u00e9monstrations et des exp\u00e9riences dans le domaine \u00e9lectropneumatique.<\/p>\n<p>Il s&rsquo;agit d&rsquo;un ensemble de composants interconnect\u00e9s utilisant de l&rsquo;air comprim\u00e9 pour effectuer des travaux sur des \u00e9quipements automatis\u00e9s<\/p>\n","protected":false},"excerpt":{"rendered":"<p>Ce banc d&rsquo;essai a \u00e9t\u00e9 con\u00e7u pour mettre en \u0153uvre des programmes d&rsquo;application complets sur l&rsquo;automatisation \u00e9lectropneumatique. Il peut \u00eatre utilis\u00e9 pour des d\u00e9monstrations et des exp\u00e9riences dans le domaine \u00e9lectropneumatique. Il s&rsquo;agit d&rsquo;un ensemble de composants interconnect\u00e9s utilisant de l&rsquo;air comprim\u00e9 pour effectuer des travaux sur des \u00e9quipements automatis\u00e9s<\/p>\n","protected":false},"featured_media":21730,"template":"","meta":{"_acf_changed":false},"product_brand":[],"product_cat":[192],"product_tag":[],"class_list":{"0":"post-2615","1":"product","2":"type-product","3":"status-publish","4":"has-post-thumbnail","6":"product_cat-pneumatique","8":"first","9":"instock","10":"shipping-taxable","11":"product-type-simple"},"acf":[],"yoast_head":"<!-- This site is optimized with the Yoast SEO plugin v27.4 - https:\/\/yoast.com\/product\/yoast-seo-wordpress\/ -->\n<title>PANNEAU D&#039;ELECTROPNEUMATIQUE - De Lorenzo Training &amp; Didactical Equipment<\/title>\n<meta name=\"description\" content=\"Formateur pour l\u2019automatisation pneumatique et \u00e9lectropneumatique, id\u00e9al pour la formation et les essais pratiques. Le syst\u00e8me utilise de l\u2019air comprim\u00e9 et est parfait pour 2 \u00e0 3 \u00e9tudiants.\" \/>\n<meta name=\"robots\" content=\"index, follow, max-snippet:-1, max-image-preview:large, max-video-preview:-1\" \/>\n<link rel=\"canonical\" href=\"https:\/\/delorenzoglobal.com\/fr\/produit\/panneau-delectropneumatique\/\" \/>\n<meta property=\"og:locale\" content=\"fr_FR\" \/>\n<meta property=\"og:type\" content=\"article\" \/>\n<meta property=\"og:title\" content=\"PANNEAU D&#039;ELECTROPNEUMATIQUE - De Lorenzo Training &amp; Didactical Equipment\" \/>\n<meta property=\"og:description\" content=\"Formateur pour l\u2019automatisation pneumatique et \u00e9lectropneumatique, id\u00e9al pour la formation et les essais pratiques. Le syst\u00e8me utilise de l\u2019air comprim\u00e9 et est parfait pour 2 \u00e0 3 \u00e9tudiants.\" \/>\n<meta property=\"og:url\" content=\"https:\/\/delorenzoglobal.com\/fr\/produit\/panneau-delectropneumatique\/\" \/>\n<meta property=\"og:site_name\" content=\"De Lorenzo Training &amp; Didactical Equipment\" \/>\n<meta property=\"article:modified_time\" content=\"2026-03-30T08:27:16+00:00\" \/>\n<meta property=\"og:image\" content=\"https:\/\/delorenzoglobal.com\/wp-content\/uploads\/2024\/04\/DL-8171-xs.jpg\" \/>\n\t<meta property=\"og:image:width\" content=\"2317\" \/>\n\t<meta property=\"og:image:height\" content=\"2117\" \/>\n\t<meta property=\"og:image:type\" content=\"image\/jpeg\" \/>\n<meta name=\"twitter:card\" content=\"summary_large_image\" \/>\n<meta name=\"twitter:label1\" content=\"Dur\u00e9e de lecture estim\u00e9e\" \/>\n\t<meta name=\"twitter:data1\" content=\"1 minute\" \/>\n<script type=\"application\/ld+json\" class=\"yoast-schema-graph\">{\"@context\":\"https:\\\/\\\/schema.org\",\"@graph\":[{\"@type\":\"WebPage\",\"@id\":\"https:\\\/\\\/delorenzoglobal.com\\\/fr\\\/produit\\\/panneau-delectropneumatique\\\/\",\"url\":\"https:\\\/\\\/delorenzoglobal.com\\\/fr\\\/produit\\\/panneau-delectropneumatique\\\/\",\"name\":\"PANNEAU D'ELECTROPNEUMATIQUE - De Lorenzo Training &amp; Didactical Equipment\",\"isPartOf\":{\"@id\":\"https:\\\/\\\/delorenzoglobal.com\\\/fr\\\/#website\"},\"primaryImageOfPage\":{\"@id\":\"https:\\\/\\\/delorenzoglobal.com\\\/fr\\\/produit\\\/panneau-delectropneumatique\\\/#primaryimage\"},\"image\":{\"@id\":\"https:\\\/\\\/delorenzoglobal.com\\\/fr\\\/produit\\\/panneau-delectropneumatique\\\/#primaryimage\"},\"thumbnailUrl\":\"https:\\\/\\\/delorenzoglobal.com\\\/wp-content\\\/uploads\\\/2024\\\/04\\\/DL-8171-xs.jpg\",\"datePublished\":\"2024-04-10T08:46:30+00:00\",\"dateModified\":\"2026-03-30T08:27:16+00:00\",\"description\":\"Formateur pour l\u2019automatisation pneumatique et \u00e9lectropneumatique, id\u00e9al pour la formation et les essais pratiques. Le syst\u00e8me utilise de l\u2019air comprim\u00e9 et est parfait pour 2 \u00e0 3 \u00e9tudiants.\",\"breadcrumb\":{\"@id\":\"https:\\\/\\\/delorenzoglobal.com\\\/fr\\\/produit\\\/panneau-delectropneumatique\\\/#breadcrumb\"},\"inLanguage\":\"fr-FR\",\"potentialAction\":[{\"@type\":\"ReadAction\",\"target\":[\"https:\\\/\\\/delorenzoglobal.com\\\/fr\\\/produit\\\/panneau-delectropneumatique\\\/\"]}]},{\"@type\":\"ImageObject\",\"inLanguage\":\"fr-FR\",\"@id\":\"https:\\\/\\\/delorenzoglobal.com\\\/fr\\\/produit\\\/panneau-delectropneumatique\\\/#primaryimage\",\"url\":\"https:\\\/\\\/delorenzoglobal.com\\\/wp-content\\\/uploads\\\/2024\\\/04\\\/DL-8171-xs.jpg\",\"contentUrl\":\"https:\\\/\\\/delorenzoglobal.com\\\/wp-content\\\/uploads\\\/2024\\\/04\\\/DL-8171-xs.jpg\",\"width\":2317,\"height\":2117},{\"@type\":\"BreadcrumbList\",\"@id\":\"https:\\\/\\\/delorenzoglobal.com\\\/fr\\\/produit\\\/panneau-delectropneumatique\\\/#breadcrumb\",\"itemListElement\":[{\"@type\":\"ListItem\",\"position\":1,\"name\":\"Home\",\"item\":\"https:\\\/\\\/delorenzoglobal.com\\\/fr\\\/\"},{\"@type\":\"ListItem\",\"position\":2,\"name\":\"Boutique\",\"item\":\"https:\\\/\\\/delorenzoglobal.com\\\/fr\\\/boutique\\\/\"},{\"@type\":\"ListItem\",\"position\":3,\"name\":\"PANNEAU D&#8217;ELECTROPNEUMATIQUE\"}]},{\"@type\":\"WebSite\",\"@id\":\"https:\\\/\\\/delorenzoglobal.com\\\/fr\\\/#website\",\"url\":\"https:\\\/\\\/delorenzoglobal.com\\\/fr\\\/\",\"name\":\"De Lorenzo Training &amp; Didactical Equipment\",\"description\":\"\",\"potentialAction\":[{\"@type\":\"SearchAction\",\"target\":{\"@type\":\"EntryPoint\",\"urlTemplate\":\"https:\\\/\\\/delorenzoglobal.com\\\/fr\\\/?s={search_term_string}\"},\"query-input\":{\"@type\":\"PropertyValueSpecification\",\"valueRequired\":true,\"valueName\":\"search_term_string\"}}],\"inLanguage\":\"fr-FR\"}]}<\/script>\n<!-- \/ Yoast SEO plugin. -->","yoast_head_json":{"title":"PANNEAU D'ELECTROPNEUMATIQUE - De Lorenzo Training &amp; Didactical Equipment","description":"Formateur pour l\u2019automatisation pneumatique et \u00e9lectropneumatique, id\u00e9al pour la formation et les essais pratiques. Le syst\u00e8me utilise de l\u2019air comprim\u00e9 et est parfait pour 2 \u00e0 3 \u00e9tudiants.","robots":{"index":"index","follow":"follow","max-snippet":"max-snippet:-1","max-image-preview":"max-image-preview:large","max-video-preview":"max-video-preview:-1"},"canonical":"https:\/\/delorenzoglobal.com\/fr\/produit\/panneau-delectropneumatique\/","og_locale":"fr_FR","og_type":"article","og_title":"PANNEAU D'ELECTROPNEUMATIQUE - De Lorenzo Training &amp; Didactical Equipment","og_description":"Formateur pour l\u2019automatisation pneumatique et \u00e9lectropneumatique, id\u00e9al pour la formation et les essais pratiques. Le syst\u00e8me utilise de l\u2019air comprim\u00e9 et est parfait pour 2 \u00e0 3 \u00e9tudiants.","og_url":"https:\/\/delorenzoglobal.com\/fr\/produit\/panneau-delectropneumatique\/","og_site_name":"De Lorenzo Training &amp; Didactical Equipment","article_modified_time":"2026-03-30T08:27:16+00:00","og_image":[{"width":2317,"height":2117,"url":"https:\/\/delorenzoglobal.com\/wp-content\/uploads\/2024\/04\/DL-8171-xs.jpg","type":"image\/jpeg"}],"twitter_card":"summary_large_image","twitter_misc":{"Dur\u00e9e de lecture estim\u00e9e":"1 minute"},"schema":{"@context":"https:\/\/schema.org","@graph":[{"@type":"WebPage","@id":"https:\/\/delorenzoglobal.com\/fr\/produit\/panneau-delectropneumatique\/","url":"https:\/\/delorenzoglobal.com\/fr\/produit\/panneau-delectropneumatique\/","name":"PANNEAU D'ELECTROPNEUMATIQUE - De Lorenzo Training &amp; Didactical Equipment","isPartOf":{"@id":"https:\/\/delorenzoglobal.com\/fr\/#website"},"primaryImageOfPage":{"@id":"https:\/\/delorenzoglobal.com\/fr\/produit\/panneau-delectropneumatique\/#primaryimage"},"image":{"@id":"https:\/\/delorenzoglobal.com\/fr\/produit\/panneau-delectropneumatique\/#primaryimage"},"thumbnailUrl":"https:\/\/delorenzoglobal.com\/wp-content\/uploads\/2024\/04\/DL-8171-xs.jpg","datePublished":"2024-04-10T08:46:30+00:00","dateModified":"2026-03-30T08:27:16+00:00","description":"Formateur pour l\u2019automatisation pneumatique et \u00e9lectropneumatique, id\u00e9al pour la formation et les essais pratiques. Le syst\u00e8me utilise de l\u2019air comprim\u00e9 et est parfait pour 2 \u00e0 3 \u00e9tudiants.","breadcrumb":{"@id":"https:\/\/delorenzoglobal.com\/fr\/produit\/panneau-delectropneumatique\/#breadcrumb"},"inLanguage":"fr-FR","potentialAction":[{"@type":"ReadAction","target":["https:\/\/delorenzoglobal.com\/fr\/produit\/panneau-delectropneumatique\/"]}]},{"@type":"ImageObject","inLanguage":"fr-FR","@id":"https:\/\/delorenzoglobal.com\/fr\/produit\/panneau-delectropneumatique\/#primaryimage","url":"https:\/\/delorenzoglobal.com\/wp-content\/uploads\/2024\/04\/DL-8171-xs.jpg","contentUrl":"https:\/\/delorenzoglobal.com\/wp-content\/uploads\/2024\/04\/DL-8171-xs.jpg","width":2317,"height":2117},{"@type":"BreadcrumbList","@id":"https:\/\/delorenzoglobal.com\/fr\/produit\/panneau-delectropneumatique\/#breadcrumb","itemListElement":[{"@type":"ListItem","position":1,"name":"Home","item":"https:\/\/delorenzoglobal.com\/fr\/"},{"@type":"ListItem","position":2,"name":"Boutique","item":"https:\/\/delorenzoglobal.com\/fr\/boutique\/"},{"@type":"ListItem","position":3,"name":"PANNEAU D&#8217;ELECTROPNEUMATIQUE"}]},{"@type":"WebSite","@id":"https:\/\/delorenzoglobal.com\/fr\/#website","url":"https:\/\/delorenzoglobal.com\/fr\/","name":"De Lorenzo Training &amp; Didactical Equipment","description":"","potentialAction":[{"@type":"SearchAction","target":{"@type":"EntryPoint","urlTemplate":"https:\/\/delorenzoglobal.com\/fr\/?s={search_term_string}"},"query-input":{"@type":"PropertyValueSpecification","valueRequired":true,"valueName":"search_term_string"}}],"inLanguage":"fr-FR"}]}},"_links":{"self":[{"href":"https:\/\/delorenzoglobal.com\/fr\/wp-json\/wp\/v2\/product\/2615","targetHints":{"allow":["GET"]}}],"collection":[{"href":"https:\/\/delorenzoglobal.com\/fr\/wp-json\/wp\/v2\/product"}],"about":[{"href":"https:\/\/delorenzoglobal.com\/fr\/wp-json\/wp\/v2\/types\/product"}],"wp:featuredmedia":[{"embeddable":true,"href":"https:\/\/delorenzoglobal.com\/fr\/wp-json\/wp\/v2\/media\/21730"}],"wp:attachment":[{"href":"https:\/\/delorenzoglobal.com\/fr\/wp-json\/wp\/v2\/media?parent=2615"}],"wp:term":[{"taxonomy":"product_brand","embeddable":true,"href":"https:\/\/delorenzoglobal.com\/fr\/wp-json\/wp\/v2\/product_brand?post=2615"},{"taxonomy":"product_cat","embeddable":true,"href":"https:\/\/delorenzoglobal.com\/fr\/wp-json\/wp\/v2\/product_cat?post=2615"},{"taxonomy":"product_tag","embeddable":true,"href":"https:\/\/delorenzoglobal.com\/fr\/wp-json\/wp\/v2\/product_tag?post=2615"}],"curies":[{"name":"wp","href":"https:\/\/api.w.org\/{rel}","templated":true}]}}