{"id":2575,"date":"2024-04-10T10:34:34","date_gmt":"2024-04-10T08:34:34","guid":{"rendered":"https:\/\/delorenzoglobal.com\/?post_type=product&#038;p=2575"},"modified":"2025-04-28T09:41:24","modified_gmt":"2025-04-28T07:41:24","slug":"panneau-de-pneumatique","status":"publish","type":"product","link":"https:\/\/delorenzoglobal.com\/fr\/produit\/panneau-de-pneumatique\/","title":{"rendered":"ENTRA\u00ceNEUR PNEUMATIQUE DE BASE"},"content":{"rendered":"<p>Formateurs pour d\u00e9monstrations et exp\u00e9rimentations dans le domaine pneumatique.<\/p>\n<p>Le trainer comprend un cadre m\u00e9tallique supportant les modules suivants :<\/p>\n<ul>\n<li>Un tableau pneumatique, o\u00f9 tous les composants sont mont\u00e9s et identifi\u00e9s par un symbole clair.<\/li>\n<\/ul>\n<p>Ils comprennent : 2 v\u00e9rins double effet avec 3 clapets anti-retour \u00e0 orifice de retour, 4 leviers \u00e0 galet et 1 levier 3\/2 soupapes, 2 soupapes 5\/2 stables et 2 instables, 2 ET, 2 OU et 1 NON, 1 papillon des gaz, 1 capacit\u00e9, 1 soupape de d\u00e9charge rapide et 1 r\u00e9partiteur.<\/p>\n<p>Livr\u00e9 avec 75 m de tube plastique 4 et 3 m de tube plastique \u00f86, 10 t\u00e9s et 10 bouchons, ainsi qu&rsquo;1 coupe-tube, manuel d&rsquo;entretien et cahier d&rsquo;exp\u00e9riences.<\/p>\n<ul>\n<li>Une carte verticale d&rsquo;alimentation en air, comportant 1 interrupteur g\u00e9n\u00e9ral \u00e0 levier, 1 filtre, 2 r\u00e9gulateurs de pression avec 2 manom\u00e8tres, 1 champignon et 3 boutons poussoirs num\u00e9riques 3\/2, 1 s\u00e9lecteur 5\/2 \u00e0 levier et 1 poussoir num\u00e9rique 5\/2 bouton.<\/li>\n<\/ul>\n<p>Exp\u00e9riences<\/p>\n<ul>\n<li>Circuits monocylindre avec ou sans r\u00e9gulation de vitesse<\/li>\n<li>Circuits avec dispositifs logiques<\/li>\n<li>Circuits avec dispositifs de retard<\/li>\n<li>Contr\u00f4le de s\u00e9quence simple ou continu de deux ou plusieurs cylindres<\/li>\n<li>Circuits avec commande d&rsquo;urgence<\/li>\n<li>Circuits de m\u00e9moire<\/li>\n<\/ul>\n","protected":false},"excerpt":{"rendered":"<p>Formateurs pour d\u00e9monstrations et exp\u00e9rimentations dans le domaine pneumatique. Le trainer comprend un cadre m\u00e9tallique supportant les modules suivants : Un tableau pneumatique, o\u00f9 tous les composants sont mont\u00e9s et identifi\u00e9s par un symbole clair. Ils comprennent : 2 v\u00e9rins double effet avec 3 clapets anti-retour \u00e0 orifice de retour, 4 leviers \u00e0 galet et [&hellip;]<\/p>\n","protected":false},"featured_media":2568,"template":"","meta":{"_acf_changed":false},"product_brand":[],"product_cat":[192],"product_tag":[],"class_list":{"0":"post-2575","1":"product","2":"type-product","3":"status-publish","4":"has-post-thumbnail","6":"product_cat-pneumatique","8":"first","9":"instock","10":"shipping-taxable","11":"product-type-simple"},"acf":[],"yoast_head":"<!-- This site is optimized with the Yoast SEO plugin v27.0 - https:\/\/yoast.com\/product\/yoast-seo-wordpress\/ -->\n<title>ENTRA\u00ceNEUR PNEUMATIQUE DE BASE - De Lorenzo Training &amp; Didactical Equipment<\/title>\n<meta name=\"robots\" content=\"index, follow, max-snippet:-1, max-image-preview:large, max-video-preview:-1\" \/>\n<link rel=\"canonical\" href=\"https:\/\/delorenzoglobal.com\/fr\/produit\/panneau-de-pneumatique\/\" \/>\n<meta property=\"og:locale\" content=\"fr_FR\" \/>\n<meta property=\"og:type\" content=\"article\" \/>\n<meta property=\"og:title\" content=\"ENTRA\u00ceNEUR PNEUMATIQUE DE BASE - De Lorenzo Training &amp; Didactical Equipment\" \/>\n<meta property=\"og:description\" content=\"Formateurs pour d\u00e9monstrations et exp\u00e9rimentations dans le domaine pneumatique. Le trainer comprend un cadre m\u00e9tallique supportant les modules suivants : Un tableau pneumatique, o\u00f9 tous les composants sont mont\u00e9s et identifi\u00e9s par un symbole clair. Ils comprennent : 2 v\u00e9rins double effet avec 3 clapets anti-retour \u00e0 orifice de retour, 4 leviers \u00e0 galet et [&hellip;]\" \/>\n<meta property=\"og:url\" content=\"https:\/\/delorenzoglobal.com\/fr\/produit\/panneau-de-pneumatique\/\" \/>\n<meta property=\"og:site_name\" content=\"De Lorenzo Training &amp; Didactical Equipment\" \/>\n<meta property=\"article:modified_time\" content=\"2025-04-28T07:41:24+00:00\" \/>\n<meta property=\"og:image\" content=\"https:\/\/delorenzoglobal.com\/wp-content\/uploads\/2024\/04\/DL-8161-scaled.jpg\" \/>\n\t<meta property=\"og:image:width\" content=\"2560\" \/>\n\t<meta property=\"og:image:height\" content=\"1920\" \/>\n\t<meta property=\"og:image:type\" content=\"image\/jpeg\" \/>\n<meta name=\"twitter:card\" content=\"summary_large_image\" \/>\n<meta name=\"twitter:label1\" content=\"Dur\u00e9e de lecture estim\u00e9e\" \/>\n\t<meta name=\"twitter:data1\" content=\"2 minutes\" \/>\n<script type=\"application\/ld+json\" class=\"yoast-schema-graph\">{\"@context\":\"https:\/\/schema.org\",\"@graph\":[{\"@type\":\"WebPage\",\"@id\":\"https:\/\/delorenzoglobal.com\/fr\/produit\/panneau-de-pneumatique\/\",\"url\":\"https:\/\/delorenzoglobal.com\/fr\/produit\/panneau-de-pneumatique\/\",\"name\":\"ENTRA\u00ceNEUR PNEUMATIQUE DE BASE - De Lorenzo Training &amp; Didactical Equipment\",\"isPartOf\":{\"@id\":\"https:\/\/delorenzoglobal.com\/fr\/#website\"},\"primaryImageOfPage\":{\"@id\":\"https:\/\/delorenzoglobal.com\/fr\/produit\/panneau-de-pneumatique\/#primaryimage\"},\"image\":{\"@id\":\"https:\/\/delorenzoglobal.com\/fr\/produit\/panneau-de-pneumatique\/#primaryimage\"},\"thumbnailUrl\":\"https:\/\/delorenzoglobal.com\/wp-content\/uploads\/2024\/04\/DL-8161-scaled.jpg\",\"datePublished\":\"2024-04-10T08:34:34+00:00\",\"dateModified\":\"2025-04-28T07:41:24+00:00\",\"breadcrumb\":{\"@id\":\"https:\/\/delorenzoglobal.com\/fr\/produit\/panneau-de-pneumatique\/#breadcrumb\"},\"inLanguage\":\"fr-FR\",\"potentialAction\":[{\"@type\":\"ReadAction\",\"target\":[\"https:\/\/delorenzoglobal.com\/fr\/produit\/panneau-de-pneumatique\/\"]}]},{\"@type\":\"ImageObject\",\"inLanguage\":\"fr-FR\",\"@id\":\"https:\/\/delorenzoglobal.com\/fr\/produit\/panneau-de-pneumatique\/#primaryimage\",\"url\":\"https:\/\/delorenzoglobal.com\/wp-content\/uploads\/2024\/04\/DL-8161-scaled.jpg\",\"contentUrl\":\"https:\/\/delorenzoglobal.com\/wp-content\/uploads\/2024\/04\/DL-8161-scaled.jpg\",\"width\":2560,\"height\":1920},{\"@type\":\"BreadcrumbList\",\"@id\":\"https:\/\/delorenzoglobal.com\/fr\/produit\/panneau-de-pneumatique\/#breadcrumb\",\"itemListElement\":[{\"@type\":\"ListItem\",\"position\":1,\"name\":\"Home\",\"item\":\"https:\/\/delorenzoglobal.com\/fr\/\"},{\"@type\":\"ListItem\",\"position\":2,\"name\":\"Boutique\",\"item\":\"https:\/\/delorenzoglobal.com\/fr\/boutique\/\"},{\"@type\":\"ListItem\",\"position\":3,\"name\":\"ENTRA\u00ceNEUR PNEUMATIQUE DE BASE\"}]},{\"@type\":\"WebSite\",\"@id\":\"https:\/\/delorenzoglobal.com\/fr\/#website\",\"url\":\"https:\/\/delorenzoglobal.com\/fr\/\",\"name\":\"De Lorenzo Training &amp; Didactical Equipment\",\"description\":\"\",\"potentialAction\":[{\"@type\":\"SearchAction\",\"target\":{\"@type\":\"EntryPoint\",\"urlTemplate\":\"https:\/\/delorenzoglobal.com\/fr\/?s={search_term_string}\"},\"query-input\":{\"@type\":\"PropertyValueSpecification\",\"valueRequired\":true,\"valueName\":\"search_term_string\"}}],\"inLanguage\":\"fr-FR\"}]}<\/script>\n<!-- \/ Yoast SEO plugin. -->","yoast_head_json":{"title":"ENTRA\u00ceNEUR PNEUMATIQUE DE BASE - De Lorenzo Training &amp; Didactical Equipment","robots":{"index":"index","follow":"follow","max-snippet":"max-snippet:-1","max-image-preview":"max-image-preview:large","max-video-preview":"max-video-preview:-1"},"canonical":"https:\/\/delorenzoglobal.com\/fr\/produit\/panneau-de-pneumatique\/","og_locale":"fr_FR","og_type":"article","og_title":"ENTRA\u00ceNEUR PNEUMATIQUE DE BASE - De Lorenzo Training &amp; Didactical Equipment","og_description":"Formateurs pour d\u00e9monstrations et exp\u00e9rimentations dans le domaine pneumatique. Le trainer comprend un cadre m\u00e9tallique supportant les modules suivants : Un tableau pneumatique, o\u00f9 tous les composants sont mont\u00e9s et identifi\u00e9s par un symbole clair. Ils comprennent : 2 v\u00e9rins double effet avec 3 clapets anti-retour \u00e0 orifice de retour, 4 leviers \u00e0 galet et [&hellip;]","og_url":"https:\/\/delorenzoglobal.com\/fr\/produit\/panneau-de-pneumatique\/","og_site_name":"De Lorenzo Training &amp; Didactical Equipment","article_modified_time":"2025-04-28T07:41:24+00:00","og_image":[{"width":2560,"height":1920,"url":"https:\/\/delorenzoglobal.com\/wp-content\/uploads\/2024\/04\/DL-8161-scaled.jpg","type":"image\/jpeg"}],"twitter_card":"summary_large_image","twitter_misc":{"Dur\u00e9e de lecture estim\u00e9e":"2 minutes"},"schema":{"@context":"https:\/\/schema.org","@graph":[{"@type":"WebPage","@id":"https:\/\/delorenzoglobal.com\/fr\/produit\/panneau-de-pneumatique\/","url":"https:\/\/delorenzoglobal.com\/fr\/produit\/panneau-de-pneumatique\/","name":"ENTRA\u00ceNEUR PNEUMATIQUE DE BASE - De Lorenzo Training &amp; Didactical Equipment","isPartOf":{"@id":"https:\/\/delorenzoglobal.com\/fr\/#website"},"primaryImageOfPage":{"@id":"https:\/\/delorenzoglobal.com\/fr\/produit\/panneau-de-pneumatique\/#primaryimage"},"image":{"@id":"https:\/\/delorenzoglobal.com\/fr\/produit\/panneau-de-pneumatique\/#primaryimage"},"thumbnailUrl":"https:\/\/delorenzoglobal.com\/wp-content\/uploads\/2024\/04\/DL-8161-scaled.jpg","datePublished":"2024-04-10T08:34:34+00:00","dateModified":"2025-04-28T07:41:24+00:00","breadcrumb":{"@id":"https:\/\/delorenzoglobal.com\/fr\/produit\/panneau-de-pneumatique\/#breadcrumb"},"inLanguage":"fr-FR","potentialAction":[{"@type":"ReadAction","target":["https:\/\/delorenzoglobal.com\/fr\/produit\/panneau-de-pneumatique\/"]}]},{"@type":"ImageObject","inLanguage":"fr-FR","@id":"https:\/\/delorenzoglobal.com\/fr\/produit\/panneau-de-pneumatique\/#primaryimage","url":"https:\/\/delorenzoglobal.com\/wp-content\/uploads\/2024\/04\/DL-8161-scaled.jpg","contentUrl":"https:\/\/delorenzoglobal.com\/wp-content\/uploads\/2024\/04\/DL-8161-scaled.jpg","width":2560,"height":1920},{"@type":"BreadcrumbList","@id":"https:\/\/delorenzoglobal.com\/fr\/produit\/panneau-de-pneumatique\/#breadcrumb","itemListElement":[{"@type":"ListItem","position":1,"name":"Home","item":"https:\/\/delorenzoglobal.com\/fr\/"},{"@type":"ListItem","position":2,"name":"Boutique","item":"https:\/\/delorenzoglobal.com\/fr\/boutique\/"},{"@type":"ListItem","position":3,"name":"ENTRA\u00ceNEUR PNEUMATIQUE DE BASE"}]},{"@type":"WebSite","@id":"https:\/\/delorenzoglobal.com\/fr\/#website","url":"https:\/\/delorenzoglobal.com\/fr\/","name":"De Lorenzo Training &amp; Didactical Equipment","description":"","potentialAction":[{"@type":"SearchAction","target":{"@type":"EntryPoint","urlTemplate":"https:\/\/delorenzoglobal.com\/fr\/?s={search_term_string}"},"query-input":{"@type":"PropertyValueSpecification","valueRequired":true,"valueName":"search_term_string"}}],"inLanguage":"fr-FR"}]}},"_links":{"self":[{"href":"https:\/\/delorenzoglobal.com\/fr\/wp-json\/wp\/v2\/product\/2575","targetHints":{"allow":["GET"]}}],"collection":[{"href":"https:\/\/delorenzoglobal.com\/fr\/wp-json\/wp\/v2\/product"}],"about":[{"href":"https:\/\/delorenzoglobal.com\/fr\/wp-json\/wp\/v2\/types\/product"}],"wp:featuredmedia":[{"embeddable":true,"href":"https:\/\/delorenzoglobal.com\/fr\/wp-json\/wp\/v2\/media\/2568"}],"wp:attachment":[{"href":"https:\/\/delorenzoglobal.com\/fr\/wp-json\/wp\/v2\/media?parent=2575"}],"wp:term":[{"taxonomy":"product_brand","embeddable":true,"href":"https:\/\/delorenzoglobal.com\/fr\/wp-json\/wp\/v2\/product_brand?post=2575"},{"taxonomy":"product_cat","embeddable":true,"href":"https:\/\/delorenzoglobal.com\/fr\/wp-json\/wp\/v2\/product_cat?post=2575"},{"taxonomy":"product_tag","embeddable":true,"href":"https:\/\/delorenzoglobal.com\/fr\/wp-json\/wp\/v2\/product_tag?post=2575"}],"curies":[{"name":"wp","href":"https:\/\/api.w.org\/{rel}","templated":true}]}}