{"id":25158,"date":"2025-01-13T15:03:42","date_gmt":"2025-01-13T14:03:42","guid":{"rendered":"https:\/\/delorenzoglobal.com\/?post_type=product&#038;p=25158"},"modified":"2025-07-11T16:26:44","modified_gmt":"2025-07-11T14:26:44","slug":"laboratoires-didactiques-pour-lingenierie-biomedicale","status":"publish","type":"product","link":"https:\/\/delorenzoglobal.com\/fr\/produit\/laboratoires-didactiques-pour-lingenierie-biomedicale\/","title":{"rendered":"LABORATOIRE DIDACTIQUE POUR L&rsquo;ING\u00c9NIERIE BIOM\u00c9DICALE"},"content":{"rendered":"<p>L&rsquo;<strong>ing\u00e9nierie biom\u00e9dicale<\/strong> est l&rsquo;application des principes de l&rsquo;ing\u00e9nierie aux sciences de la vie. Elle combine la logique de la conception technique et les outils d&rsquo;analyse de la math\u00e9matique, de la physique, de la chimie, de la biologie, de la biotechnologie, de la pharmacie, etc.<br \/>\nL&rsquo;ing\u00e9nierie biom\u00e9dicale se situe \u00e0 mi-chemin entre les t\u00e9l\u00e9communications, l&rsquo;\u00e9lectronique, l&rsquo;informatique et les sciences de la vie : M\u00e9decine, Pharmacie, Biologie, Biotechnologie&#8230;<br \/>\nAvec ses syst\u00e8mes de formation, De Lorenzo vise \u00e0 r\u00e9pondre \u00e0 la formation des ing\u00e9nieurs techniques biom\u00e9dicaux et des laboratoires biom\u00e9dicaux. C&rsquo;est pourquoi l<strong>&lsquo;objectif de nos laboratoires<\/strong> est le d\u00e9veloppement de leurs comp\u00e9tences afin qu&rsquo;ils puissent \u00e9voluer professionnellement dans l&rsquo;environnement de travail de l&rsquo;industrie biom\u00e9dicale, en termes de conception, <strong>fabrication, maintenance et r\u00e9paration d&rsquo;\u00e9quipements biom\u00e9dicaux.<\/strong><br \/>\nChez De Lorenzo, nous sommes toujours attentifs \u00e0 l&rsquo;am\u00e9lioration, \u00e0 la qualit\u00e9 et au d\u00e9veloppement des comp\u00e9tences des futurs professionnels du XXI \u00e8me si\u00e8cle.<\/p>\n","protected":false},"excerpt":{"rendered":"<p>L&rsquo;ing\u00e9nierie biom\u00e9dicale est l&rsquo;application des principes de l&rsquo;ing\u00e9nierie aux sciences de la vie. Elle combine la logique de la conception technique et les outils d&rsquo;analyse de la math\u00e9matique, de la physique, de la chimie, de la biologie, de la biotechnologie, de la pharmacie, etc. L&rsquo;ing\u00e9nierie biom\u00e9dicale se situe \u00e0 mi-chemin entre les t\u00e9l\u00e9communications, l&rsquo;\u00e9lectronique, l&rsquo;informatique [&hellip;]<\/p>\n","protected":false},"featured_media":24554,"template":"","meta":{"_acf_changed":false},"product_brand":[],"product_cat":[1955,3094],"product_tag":[],"class_list":{"0":"post-25158","1":"product","2":"type-product","3":"status-publish","4":"has-post-thumbnail","6":"product_cat-laboratori-chiavi-in-mano-fr","7":"product_cat-solution-de-laboratoire-pour-autotronique","9":"first","10":"instock","11":"shipping-taxable","12":"product-type-simple"},"acf":[],"yoast_head":"<!-- This site is optimized with the Yoast SEO plugin v27.4 - https:\/\/yoast.com\/product\/yoast-seo-wordpress\/ -->\n<title>LABORATOIRE DIDACTIQUE POUR L&#039;ING\u00c9NIERIE BIOM\u00c9DICALE - De Lorenzo Training &amp; Didactical Equipment<\/title>\n<meta name=\"robots\" content=\"index, follow, max-snippet:-1, max-image-preview:large, max-video-preview:-1\" \/>\n<link rel=\"canonical\" href=\"https:\/\/delorenzoglobal.com\/fr\/produit\/laboratoires-didactiques-pour-lingenierie-biomedicale\/\" \/>\n<meta property=\"og:locale\" content=\"fr_FR\" \/>\n<meta property=\"og:type\" content=\"article\" \/>\n<meta property=\"og:title\" content=\"LABORATOIRE DIDACTIQUE POUR L&#039;ING\u00c9NIERIE BIOM\u00c9DICALE - De Lorenzo Training &amp; Didactical Equipment\" \/>\n<meta property=\"og:description\" content=\"L&rsquo;ing\u00e9nierie biom\u00e9dicale est l&rsquo;application des principes de l&rsquo;ing\u00e9nierie aux sciences de la vie. Elle combine la logique de la conception technique et les outils d&rsquo;analyse de la math\u00e9matique, de la physique, de la chimie, de la biologie, de la biotechnologie, de la pharmacie, etc. L&rsquo;ing\u00e9nierie biom\u00e9dicale se situe \u00e0 mi-chemin entre les t\u00e9l\u00e9communications, l&rsquo;\u00e9lectronique, l&rsquo;informatique [&hellip;]\" \/>\n<meta property=\"og:url\" content=\"https:\/\/delorenzoglobal.com\/fr\/produit\/laboratoires-didactiques-pour-lingenierie-biomedicale\/\" \/>\n<meta property=\"og:site_name\" content=\"De Lorenzo Training &amp; Didactical Equipment\" \/>\n<meta property=\"article:modified_time\" content=\"2025-07-11T14:26:44+00:00\" \/>\n<meta property=\"og:image\" content=\"https:\/\/delorenzoglobal.com\/wp-content\/uploads\/2024\/12\/Biomedical.jpg\" \/>\n\t<meta property=\"og:image:width\" content=\"2321\" \/>\n\t<meta property=\"og:image:height\" content=\"1500\" \/>\n\t<meta property=\"og:image:type\" content=\"image\/jpeg\" \/>\n<meta name=\"twitter:card\" content=\"summary_large_image\" \/>\n<meta name=\"twitter:label1\" content=\"Dur\u00e9e de lecture estim\u00e9e\" \/>\n\t<meta name=\"twitter:data1\" content=\"1 minute\" \/>\n<script type=\"application\/ld+json\" class=\"yoast-schema-graph\">{\"@context\":\"https:\\\/\\\/schema.org\",\"@graph\":[{\"@type\":\"WebPage\",\"@id\":\"https:\\\/\\\/delorenzoglobal.com\\\/fr\\\/produit\\\/laboratoires-didactiques-pour-lingenierie-biomedicale\\\/\",\"url\":\"https:\\\/\\\/delorenzoglobal.com\\\/fr\\\/produit\\\/laboratoires-didactiques-pour-lingenierie-biomedicale\\\/\",\"name\":\"LABORATOIRE DIDACTIQUE POUR L'ING\u00c9NIERIE BIOM\u00c9DICALE - De Lorenzo Training &amp; Didactical Equipment\",\"isPartOf\":{\"@id\":\"https:\\\/\\\/delorenzoglobal.com\\\/fr\\\/#website\"},\"primaryImageOfPage\":{\"@id\":\"https:\\\/\\\/delorenzoglobal.com\\\/fr\\\/produit\\\/laboratoires-didactiques-pour-lingenierie-biomedicale\\\/#primaryimage\"},\"image\":{\"@id\":\"https:\\\/\\\/delorenzoglobal.com\\\/fr\\\/produit\\\/laboratoires-didactiques-pour-lingenierie-biomedicale\\\/#primaryimage\"},\"thumbnailUrl\":\"https:\\\/\\\/delorenzoglobal.com\\\/wp-content\\\/uploads\\\/2024\\\/12\\\/Biomedical.jpg\",\"datePublished\":\"2025-01-13T14:03:42+00:00\",\"dateModified\":\"2025-07-11T14:26:44+00:00\",\"breadcrumb\":{\"@id\":\"https:\\\/\\\/delorenzoglobal.com\\\/fr\\\/produit\\\/laboratoires-didactiques-pour-lingenierie-biomedicale\\\/#breadcrumb\"},\"inLanguage\":\"fr-FR\",\"potentialAction\":[{\"@type\":\"ReadAction\",\"target\":[\"https:\\\/\\\/delorenzoglobal.com\\\/fr\\\/produit\\\/laboratoires-didactiques-pour-lingenierie-biomedicale\\\/\"]}]},{\"@type\":\"ImageObject\",\"inLanguage\":\"fr-FR\",\"@id\":\"https:\\\/\\\/delorenzoglobal.com\\\/fr\\\/produit\\\/laboratoires-didactiques-pour-lingenierie-biomedicale\\\/#primaryimage\",\"url\":\"https:\\\/\\\/delorenzoglobal.com\\\/wp-content\\\/uploads\\\/2024\\\/12\\\/Biomedical.jpg\",\"contentUrl\":\"https:\\\/\\\/delorenzoglobal.com\\\/wp-content\\\/uploads\\\/2024\\\/12\\\/Biomedical.jpg\",\"width\":2321,\"height\":1500},{\"@type\":\"BreadcrumbList\",\"@id\":\"https:\\\/\\\/delorenzoglobal.com\\\/fr\\\/produit\\\/laboratoires-didactiques-pour-lingenierie-biomedicale\\\/#breadcrumb\",\"itemListElement\":[{\"@type\":\"ListItem\",\"position\":1,\"name\":\"Home\",\"item\":\"https:\\\/\\\/delorenzoglobal.com\\\/fr\\\/\"},{\"@type\":\"ListItem\",\"position\":2,\"name\":\"Boutique\",\"item\":\"https:\\\/\\\/delorenzoglobal.com\\\/fr\\\/boutique\\\/\"},{\"@type\":\"ListItem\",\"position\":3,\"name\":\"LABORATOIRE DIDACTIQUE POUR L&#8217;ING\u00c9NIERIE BIOM\u00c9DICALE\"}]},{\"@type\":\"WebSite\",\"@id\":\"https:\\\/\\\/delorenzoglobal.com\\\/fr\\\/#website\",\"url\":\"https:\\\/\\\/delorenzoglobal.com\\\/fr\\\/\",\"name\":\"De Lorenzo Training &amp; Didactical Equipment\",\"description\":\"\",\"potentialAction\":[{\"@type\":\"SearchAction\",\"target\":{\"@type\":\"EntryPoint\",\"urlTemplate\":\"https:\\\/\\\/delorenzoglobal.com\\\/fr\\\/?s={search_term_string}\"},\"query-input\":{\"@type\":\"PropertyValueSpecification\",\"valueRequired\":true,\"valueName\":\"search_term_string\"}}],\"inLanguage\":\"fr-FR\"}]}<\/script>\n<!-- \/ Yoast SEO plugin. -->","yoast_head_json":{"title":"LABORATOIRE DIDACTIQUE POUR L'ING\u00c9NIERIE BIOM\u00c9DICALE - De Lorenzo Training &amp; Didactical Equipment","robots":{"index":"index","follow":"follow","max-snippet":"max-snippet:-1","max-image-preview":"max-image-preview:large","max-video-preview":"max-video-preview:-1"},"canonical":"https:\/\/delorenzoglobal.com\/fr\/produit\/laboratoires-didactiques-pour-lingenierie-biomedicale\/","og_locale":"fr_FR","og_type":"article","og_title":"LABORATOIRE DIDACTIQUE POUR L'ING\u00c9NIERIE BIOM\u00c9DICALE - De Lorenzo Training &amp; Didactical Equipment","og_description":"L&rsquo;ing\u00e9nierie biom\u00e9dicale est l&rsquo;application des principes de l&rsquo;ing\u00e9nierie aux sciences de la vie. Elle combine la logique de la conception technique et les outils d&rsquo;analyse de la math\u00e9matique, de la physique, de la chimie, de la biologie, de la biotechnologie, de la pharmacie, etc. L&rsquo;ing\u00e9nierie biom\u00e9dicale se situe \u00e0 mi-chemin entre les t\u00e9l\u00e9communications, l&rsquo;\u00e9lectronique, l&rsquo;informatique [&hellip;]","og_url":"https:\/\/delorenzoglobal.com\/fr\/produit\/laboratoires-didactiques-pour-lingenierie-biomedicale\/","og_site_name":"De Lorenzo Training &amp; Didactical Equipment","article_modified_time":"2025-07-11T14:26:44+00:00","og_image":[{"width":2321,"height":1500,"url":"https:\/\/delorenzoglobal.com\/wp-content\/uploads\/2024\/12\/Biomedical.jpg","type":"image\/jpeg"}],"twitter_card":"summary_large_image","twitter_misc":{"Dur\u00e9e de lecture estim\u00e9e":"1 minute"},"schema":{"@context":"https:\/\/schema.org","@graph":[{"@type":"WebPage","@id":"https:\/\/delorenzoglobal.com\/fr\/produit\/laboratoires-didactiques-pour-lingenierie-biomedicale\/","url":"https:\/\/delorenzoglobal.com\/fr\/produit\/laboratoires-didactiques-pour-lingenierie-biomedicale\/","name":"LABORATOIRE DIDACTIQUE POUR L'ING\u00c9NIERIE BIOM\u00c9DICALE - De Lorenzo Training &amp; Didactical Equipment","isPartOf":{"@id":"https:\/\/delorenzoglobal.com\/fr\/#website"},"primaryImageOfPage":{"@id":"https:\/\/delorenzoglobal.com\/fr\/produit\/laboratoires-didactiques-pour-lingenierie-biomedicale\/#primaryimage"},"image":{"@id":"https:\/\/delorenzoglobal.com\/fr\/produit\/laboratoires-didactiques-pour-lingenierie-biomedicale\/#primaryimage"},"thumbnailUrl":"https:\/\/delorenzoglobal.com\/wp-content\/uploads\/2024\/12\/Biomedical.jpg","datePublished":"2025-01-13T14:03:42+00:00","dateModified":"2025-07-11T14:26:44+00:00","breadcrumb":{"@id":"https:\/\/delorenzoglobal.com\/fr\/produit\/laboratoires-didactiques-pour-lingenierie-biomedicale\/#breadcrumb"},"inLanguage":"fr-FR","potentialAction":[{"@type":"ReadAction","target":["https:\/\/delorenzoglobal.com\/fr\/produit\/laboratoires-didactiques-pour-lingenierie-biomedicale\/"]}]},{"@type":"ImageObject","inLanguage":"fr-FR","@id":"https:\/\/delorenzoglobal.com\/fr\/produit\/laboratoires-didactiques-pour-lingenierie-biomedicale\/#primaryimage","url":"https:\/\/delorenzoglobal.com\/wp-content\/uploads\/2024\/12\/Biomedical.jpg","contentUrl":"https:\/\/delorenzoglobal.com\/wp-content\/uploads\/2024\/12\/Biomedical.jpg","width":2321,"height":1500},{"@type":"BreadcrumbList","@id":"https:\/\/delorenzoglobal.com\/fr\/produit\/laboratoires-didactiques-pour-lingenierie-biomedicale\/#breadcrumb","itemListElement":[{"@type":"ListItem","position":1,"name":"Home","item":"https:\/\/delorenzoglobal.com\/fr\/"},{"@type":"ListItem","position":2,"name":"Boutique","item":"https:\/\/delorenzoglobal.com\/fr\/boutique\/"},{"@type":"ListItem","position":3,"name":"LABORATOIRE DIDACTIQUE POUR L&#8217;ING\u00c9NIERIE BIOM\u00c9DICALE"}]},{"@type":"WebSite","@id":"https:\/\/delorenzoglobal.com\/fr\/#website","url":"https:\/\/delorenzoglobal.com\/fr\/","name":"De Lorenzo Training &amp; Didactical Equipment","description":"","potentialAction":[{"@type":"SearchAction","target":{"@type":"EntryPoint","urlTemplate":"https:\/\/delorenzoglobal.com\/fr\/?s={search_term_string}"},"query-input":{"@type":"PropertyValueSpecification","valueRequired":true,"valueName":"search_term_string"}}],"inLanguage":"fr-FR"}]}},"_links":{"self":[{"href":"https:\/\/delorenzoglobal.com\/fr\/wp-json\/wp\/v2\/product\/25158","targetHints":{"allow":["GET"]}}],"collection":[{"href":"https:\/\/delorenzoglobal.com\/fr\/wp-json\/wp\/v2\/product"}],"about":[{"href":"https:\/\/delorenzoglobal.com\/fr\/wp-json\/wp\/v2\/types\/product"}],"wp:featuredmedia":[{"embeddable":true,"href":"https:\/\/delorenzoglobal.com\/fr\/wp-json\/wp\/v2\/media\/24554"}],"wp:attachment":[{"href":"https:\/\/delorenzoglobal.com\/fr\/wp-json\/wp\/v2\/media?parent=25158"}],"wp:term":[{"taxonomy":"product_brand","embeddable":true,"href":"https:\/\/delorenzoglobal.com\/fr\/wp-json\/wp\/v2\/product_brand?post=25158"},{"taxonomy":"product_cat","embeddable":true,"href":"https:\/\/delorenzoglobal.com\/fr\/wp-json\/wp\/v2\/product_cat?post=25158"},{"taxonomy":"product_tag","embeddable":true,"href":"https:\/\/delorenzoglobal.com\/fr\/wp-json\/wp\/v2\/product_tag?post=25158"}],"curies":[{"name":"wp","href":"https:\/\/api.w.org\/{rel}","templated":true}]}}