{"id":24926,"date":"2025-01-08T15:45:31","date_gmt":"2025-01-08T14:45:31","guid":{"rendered":"https:\/\/delorenzoglobal.com\/?post_type=product&#038;p=24926"},"modified":"2025-07-02T14:45:49","modified_gmt":"2025-07-02T12:45:49","slug":"systeme-intelligent-pour-letude-de-la-refrigeration-et-de-la-climatisation","status":"publish","type":"product","link":"https:\/\/delorenzoglobal.com\/fr\/produit\/systeme-intelligent-pour-letude-de-la-refrigeration-et-de-la-climatisation\/","title":{"rendered":"SYST\u00c8ME INTELLIGENT POUR L&rsquo;\u00c9TUDE DE LA R\u00c9FRIG\u00c9RATION ET DE LA CLIMATISATION"},"content":{"rendered":"<p>Ce syst\u00e8me intelligent pour l&rsquo;\u00e9tude de la r\u00e9frig\u00e9ration et de la climatisation int\u00e8gre les composants les plus avanc\u00e9s pour contr\u00f4ler et optimiser les syst\u00e8mes de mani\u00e8re efficace et durable.<\/p>\n<p>Il utilise des capteurs, des transducteurs, des appareils de mesure et des logiciels de gestion et de supervision pour surveiller et collecter des donn\u00e9es en temps r\u00e9el sur des param\u00e8tres critiques tels que la pression, l&rsquo;humidit\u00e9, le d\u00e9bit et la temp\u00e9rature.<\/p>\n","protected":false},"excerpt":{"rendered":"<p>Ce syst\u00e8me intelligent pour l&rsquo;\u00e9tude de la r\u00e9frig\u00e9ration et de la climatisation int\u00e8gre les composants les plus avanc\u00e9s pour contr\u00f4ler et optimiser les syst\u00e8mes de mani\u00e8re efficace et durable. Il utilise des capteurs, des transducteurs, des appareils de mesure et des logiciels de gestion et de supervision pour surveiller et collecter des donn\u00e9es en temps [&hellip;]<\/p>\n","protected":false},"featured_media":61511,"template":"","meta":{"_acf_changed":false},"product_brand":[],"product_cat":[3163,2527],"product_tag":[],"class_list":{"0":"post-24926","1":"product","2":"type-product","3":"status-publish","4":"has-post-thumbnail","6":"product_cat-systemes-de-base-pour-la-thermotronique","7":"product_cat-systeme-intelligent-avec-modules-experimentaux","9":"first","10":"instock","11":"shipping-taxable","12":"product-type-simple"},"acf":[],"yoast_head":"<!-- This site is optimized with the Yoast SEO plugin v27.0 - https:\/\/yoast.com\/product\/yoast-seo-wordpress\/ -->\n<title>SYST\u00c8ME INTELLIGENT POUR L&#039;\u00c9TUDE DE LA R\u00c9FRIG\u00c9RATION ET DE LA CLIMATISATION - De Lorenzo Training &amp; Didactical Equipment<\/title>\n<meta name=\"robots\" content=\"index, follow, max-snippet:-1, max-image-preview:large, max-video-preview:-1\" \/>\n<link rel=\"canonical\" href=\"https:\/\/delorenzoglobal.com\/fr\/produit\/systeme-intelligent-pour-letude-de-la-refrigeration-et-de-la-climatisation\/\" \/>\n<meta property=\"og:locale\" content=\"fr_FR\" \/>\n<meta property=\"og:type\" content=\"article\" \/>\n<meta property=\"og:title\" content=\"SYST\u00c8ME INTELLIGENT POUR L&#039;\u00c9TUDE DE LA R\u00c9FRIG\u00c9RATION ET DE LA CLIMATISATION - De Lorenzo Training &amp; Didactical Equipment\" \/>\n<meta property=\"og:description\" content=\"Ce syst\u00e8me intelligent pour l&rsquo;\u00e9tude de la r\u00e9frig\u00e9ration et de la climatisation int\u00e8gre les composants les plus avanc\u00e9s pour contr\u00f4ler et optimiser les syst\u00e8mes de mani\u00e8re efficace et durable. Il utilise des capteurs, des transducteurs, des appareils de mesure et des logiciels de gestion et de supervision pour surveiller et collecter des donn\u00e9es en temps [&hellip;]\" \/>\n<meta property=\"og:url\" content=\"https:\/\/delorenzoglobal.com\/fr\/produit\/systeme-intelligent-pour-letude-de-la-refrigeration-et-de-la-climatisation\/\" \/>\n<meta property=\"og:site_name\" content=\"De Lorenzo Training &amp; Didactical Equipment\" \/>\n<meta property=\"article:modified_time\" content=\"2025-07-02T12:45:49+00:00\" \/>\n<meta property=\"og:image\" content=\"https:\/\/delorenzoglobal.com\/wp-content\/uploads\/2025\/01\/DL-TMACM-RS-1-scaled.jpg\" \/>\n\t<meta property=\"og:image:width\" content=\"2560\" \/>\n\t<meta property=\"og:image:height\" content=\"1879\" \/>\n\t<meta property=\"og:image:type\" content=\"image\/jpeg\" \/>\n<meta name=\"twitter:card\" content=\"summary_large_image\" \/>\n<meta name=\"twitter:label1\" content=\"Dur\u00e9e de lecture estim\u00e9e\" \/>\n\t<meta name=\"twitter:data1\" content=\"1 minute\" \/>\n<script type=\"application\/ld+json\" class=\"yoast-schema-graph\">{\"@context\":\"https:\/\/schema.org\",\"@graph\":[{\"@type\":\"WebPage\",\"@id\":\"https:\/\/delorenzoglobal.com\/fr\/produit\/systeme-intelligent-pour-letude-de-la-refrigeration-et-de-la-climatisation\/\",\"url\":\"https:\/\/delorenzoglobal.com\/fr\/produit\/systeme-intelligent-pour-letude-de-la-refrigeration-et-de-la-climatisation\/\",\"name\":\"SYST\u00c8ME INTELLIGENT POUR L'\u00c9TUDE DE LA R\u00c9FRIG\u00c9RATION ET DE LA CLIMATISATION - De Lorenzo Training &amp; Didactical Equipment\",\"isPartOf\":{\"@id\":\"https:\/\/delorenzoglobal.com\/fr\/#website\"},\"primaryImageOfPage\":{\"@id\":\"https:\/\/delorenzoglobal.com\/fr\/produit\/systeme-intelligent-pour-letude-de-la-refrigeration-et-de-la-climatisation\/#primaryimage\"},\"image\":{\"@id\":\"https:\/\/delorenzoglobal.com\/fr\/produit\/systeme-intelligent-pour-letude-de-la-refrigeration-et-de-la-climatisation\/#primaryimage\"},\"thumbnailUrl\":\"https:\/\/delorenzoglobal.com\/wp-content\/uploads\/2025\/01\/DL-TMACM-RS-1-scaled.jpg\",\"datePublished\":\"2025-01-08T14:45:31+00:00\",\"dateModified\":\"2025-07-02T12:45:49+00:00\",\"breadcrumb\":{\"@id\":\"https:\/\/delorenzoglobal.com\/fr\/produit\/systeme-intelligent-pour-letude-de-la-refrigeration-et-de-la-climatisation\/#breadcrumb\"},\"inLanguage\":\"fr-FR\",\"potentialAction\":[{\"@type\":\"ReadAction\",\"target\":[\"https:\/\/delorenzoglobal.com\/fr\/produit\/systeme-intelligent-pour-letude-de-la-refrigeration-et-de-la-climatisation\/\"]}]},{\"@type\":\"ImageObject\",\"inLanguage\":\"fr-FR\",\"@id\":\"https:\/\/delorenzoglobal.com\/fr\/produit\/systeme-intelligent-pour-letude-de-la-refrigeration-et-de-la-climatisation\/#primaryimage\",\"url\":\"https:\/\/delorenzoglobal.com\/wp-content\/uploads\/2025\/01\/DL-TMACM-RS-1-scaled.jpg\",\"contentUrl\":\"https:\/\/delorenzoglobal.com\/wp-content\/uploads\/2025\/01\/DL-TMACM-RS-1-scaled.jpg\",\"width\":2560,\"height\":1879},{\"@type\":\"BreadcrumbList\",\"@id\":\"https:\/\/delorenzoglobal.com\/fr\/produit\/systeme-intelligent-pour-letude-de-la-refrigeration-et-de-la-climatisation\/#breadcrumb\",\"itemListElement\":[{\"@type\":\"ListItem\",\"position\":1,\"name\":\"Home\",\"item\":\"https:\/\/delorenzoglobal.com\/fr\/\"},{\"@type\":\"ListItem\",\"position\":2,\"name\":\"Boutique\",\"item\":\"https:\/\/delorenzoglobal.com\/fr\/boutique\/\"},{\"@type\":\"ListItem\",\"position\":3,\"name\":\"SYST\u00c8ME INTELLIGENT POUR L&#8217;\u00c9TUDE DE LA R\u00c9FRIG\u00c9RATION ET DE LA CLIMATISATION\"}]},{\"@type\":\"WebSite\",\"@id\":\"https:\/\/delorenzoglobal.com\/fr\/#website\",\"url\":\"https:\/\/delorenzoglobal.com\/fr\/\",\"name\":\"De Lorenzo Training &amp; Didactical Equipment\",\"description\":\"\",\"potentialAction\":[{\"@type\":\"SearchAction\",\"target\":{\"@type\":\"EntryPoint\",\"urlTemplate\":\"https:\/\/delorenzoglobal.com\/fr\/?s={search_term_string}\"},\"query-input\":{\"@type\":\"PropertyValueSpecification\",\"valueRequired\":true,\"valueName\":\"search_term_string\"}}],\"inLanguage\":\"fr-FR\"}]}<\/script>\n<!-- \/ Yoast SEO plugin. -->","yoast_head_json":{"title":"SYST\u00c8ME INTELLIGENT POUR L'\u00c9TUDE DE LA R\u00c9FRIG\u00c9RATION ET DE LA CLIMATISATION - De Lorenzo Training &amp; Didactical Equipment","robots":{"index":"index","follow":"follow","max-snippet":"max-snippet:-1","max-image-preview":"max-image-preview:large","max-video-preview":"max-video-preview:-1"},"canonical":"https:\/\/delorenzoglobal.com\/fr\/produit\/systeme-intelligent-pour-letude-de-la-refrigeration-et-de-la-climatisation\/","og_locale":"fr_FR","og_type":"article","og_title":"SYST\u00c8ME INTELLIGENT POUR L'\u00c9TUDE DE LA R\u00c9FRIG\u00c9RATION ET DE LA CLIMATISATION - De Lorenzo Training &amp; Didactical Equipment","og_description":"Ce syst\u00e8me intelligent pour l&rsquo;\u00e9tude de la r\u00e9frig\u00e9ration et de la climatisation int\u00e8gre les composants les plus avanc\u00e9s pour contr\u00f4ler et optimiser les syst\u00e8mes de mani\u00e8re efficace et durable. Il utilise des capteurs, des transducteurs, des appareils de mesure et des logiciels de gestion et de supervision pour surveiller et collecter des donn\u00e9es en temps [&hellip;]","og_url":"https:\/\/delorenzoglobal.com\/fr\/produit\/systeme-intelligent-pour-letude-de-la-refrigeration-et-de-la-climatisation\/","og_site_name":"De Lorenzo Training &amp; Didactical Equipment","article_modified_time":"2025-07-02T12:45:49+00:00","og_image":[{"width":2560,"height":1879,"url":"https:\/\/delorenzoglobal.com\/wp-content\/uploads\/2025\/01\/DL-TMACM-RS-1-scaled.jpg","type":"image\/jpeg"}],"twitter_card":"summary_large_image","twitter_misc":{"Dur\u00e9e de lecture estim\u00e9e":"1 minute"},"schema":{"@context":"https:\/\/schema.org","@graph":[{"@type":"WebPage","@id":"https:\/\/delorenzoglobal.com\/fr\/produit\/systeme-intelligent-pour-letude-de-la-refrigeration-et-de-la-climatisation\/","url":"https:\/\/delorenzoglobal.com\/fr\/produit\/systeme-intelligent-pour-letude-de-la-refrigeration-et-de-la-climatisation\/","name":"SYST\u00c8ME INTELLIGENT POUR L'\u00c9TUDE DE LA R\u00c9FRIG\u00c9RATION ET DE LA CLIMATISATION - De Lorenzo Training &amp; Didactical Equipment","isPartOf":{"@id":"https:\/\/delorenzoglobal.com\/fr\/#website"},"primaryImageOfPage":{"@id":"https:\/\/delorenzoglobal.com\/fr\/produit\/systeme-intelligent-pour-letude-de-la-refrigeration-et-de-la-climatisation\/#primaryimage"},"image":{"@id":"https:\/\/delorenzoglobal.com\/fr\/produit\/systeme-intelligent-pour-letude-de-la-refrigeration-et-de-la-climatisation\/#primaryimage"},"thumbnailUrl":"https:\/\/delorenzoglobal.com\/wp-content\/uploads\/2025\/01\/DL-TMACM-RS-1-scaled.jpg","datePublished":"2025-01-08T14:45:31+00:00","dateModified":"2025-07-02T12:45:49+00:00","breadcrumb":{"@id":"https:\/\/delorenzoglobal.com\/fr\/produit\/systeme-intelligent-pour-letude-de-la-refrigeration-et-de-la-climatisation\/#breadcrumb"},"inLanguage":"fr-FR","potentialAction":[{"@type":"ReadAction","target":["https:\/\/delorenzoglobal.com\/fr\/produit\/systeme-intelligent-pour-letude-de-la-refrigeration-et-de-la-climatisation\/"]}]},{"@type":"ImageObject","inLanguage":"fr-FR","@id":"https:\/\/delorenzoglobal.com\/fr\/produit\/systeme-intelligent-pour-letude-de-la-refrigeration-et-de-la-climatisation\/#primaryimage","url":"https:\/\/delorenzoglobal.com\/wp-content\/uploads\/2025\/01\/DL-TMACM-RS-1-scaled.jpg","contentUrl":"https:\/\/delorenzoglobal.com\/wp-content\/uploads\/2025\/01\/DL-TMACM-RS-1-scaled.jpg","width":2560,"height":1879},{"@type":"BreadcrumbList","@id":"https:\/\/delorenzoglobal.com\/fr\/produit\/systeme-intelligent-pour-letude-de-la-refrigeration-et-de-la-climatisation\/#breadcrumb","itemListElement":[{"@type":"ListItem","position":1,"name":"Home","item":"https:\/\/delorenzoglobal.com\/fr\/"},{"@type":"ListItem","position":2,"name":"Boutique","item":"https:\/\/delorenzoglobal.com\/fr\/boutique\/"},{"@type":"ListItem","position":3,"name":"SYST\u00c8ME INTELLIGENT POUR L&#8217;\u00c9TUDE DE LA R\u00c9FRIG\u00c9RATION ET DE LA CLIMATISATION"}]},{"@type":"WebSite","@id":"https:\/\/delorenzoglobal.com\/fr\/#website","url":"https:\/\/delorenzoglobal.com\/fr\/","name":"De Lorenzo Training &amp; Didactical Equipment","description":"","potentialAction":[{"@type":"SearchAction","target":{"@type":"EntryPoint","urlTemplate":"https:\/\/delorenzoglobal.com\/fr\/?s={search_term_string}"},"query-input":{"@type":"PropertyValueSpecification","valueRequired":true,"valueName":"search_term_string"}}],"inLanguage":"fr-FR"}]}},"_links":{"self":[{"href":"https:\/\/delorenzoglobal.com\/fr\/wp-json\/wp\/v2\/product\/24926","targetHints":{"allow":["GET"]}}],"collection":[{"href":"https:\/\/delorenzoglobal.com\/fr\/wp-json\/wp\/v2\/product"}],"about":[{"href":"https:\/\/delorenzoglobal.com\/fr\/wp-json\/wp\/v2\/types\/product"}],"wp:featuredmedia":[{"embeddable":true,"href":"https:\/\/delorenzoglobal.com\/fr\/wp-json\/wp\/v2\/media\/61511"}],"wp:attachment":[{"href":"https:\/\/delorenzoglobal.com\/fr\/wp-json\/wp\/v2\/media?parent=24926"}],"wp:term":[{"taxonomy":"product_brand","embeddable":true,"href":"https:\/\/delorenzoglobal.com\/fr\/wp-json\/wp\/v2\/product_brand?post=24926"},{"taxonomy":"product_cat","embeddable":true,"href":"https:\/\/delorenzoglobal.com\/fr\/wp-json\/wp\/v2\/product_cat?post=24926"},{"taxonomy":"product_tag","embeddable":true,"href":"https:\/\/delorenzoglobal.com\/fr\/wp-json\/wp\/v2\/product_tag?post=24926"}],"curies":[{"name":"wp","href":"https:\/\/api.w.org\/{rel}","templated":true}]}}