{"id":24774,"date":"2024-12-20T11:52:52","date_gmt":"2024-12-20T10:52:52","guid":{"rendered":"https:\/\/delorenzoglobal.com\/?post_type=product&#038;p=24774"},"modified":"2025-06-03T16:51:25","modified_gmt":"2025-06-03T14:51:25","slug":"laboratoires-didactiques-pour-lindustrie-4-0","status":"publish","type":"product","link":"https:\/\/delorenzoglobal.com\/fr\/produit\/laboratoires-didactiques-pour-lindustrie-4-0\/","title":{"rendered":"LABORATOIRES DIDACTIQUES POUR L\u2019INDUSTRIE 4.0"},"content":{"rendered":"<p><strong>Industrie 4.0 (I4.0) est le terme qui d\u00e9crit le ph\u00e9nom\u00e8ne de la transformation num\u00e9rique appliqu\u00e9e \u00e0 l&rsquo;industrie<\/strong>. Il se caract\u00e9rise par l&rsquo;in-teraction totale entre les \u00e9l\u00e9ments et les processus qui constituent une unit\u00e9 de production. La num\u00e9risation et l&rsquo;automatisation des processus industriels sont les moteurs de la prochaine r\u00e9volution industrielle, donnant naissance aux usines intelligentes. L&rsquo;objectif est de connecter toutes les parties prenantes d&rsquo;une industrie et\/ou d&rsquo;une entreprise a\ufb01n d&rsquo;assurer un \ufb02ux d&rsquo;informations ef\ufb01cace. Elle permet de visualiser les processus en temps r\u00e9el a\ufb01n d&rsquo;appliquer les concepts de l&rsquo;intelligence arti\ufb01cielle aux processus de fabrication et \u00e0 la cha\u00eene d&rsquo;approvisionnement (intelligence \u00e9conomique). <strong>Cela permet une prise de d\u00e9cision rapide pour modi\ufb01er dynamiquement les strat\u00e9gies et les processus<\/strong>, en anticipant les sc\u00e9narios futurs et en offrant la \ufb02exibilit\u00e9 n\u00e9cessaire pour s&rsquo;adapter aux changements du march\u00e9 (d\u00e9lai de mise sur le march\u00e9). <strong>Les syst\u00e8mes didactiques de De Lorenzo permettent le fonctionnement complet d&rsquo;une usine \u00e0 l&rsquo;\u00e9chelle dans un laboratoire scolaire pour illustrer l&rsquo;usine intelligente de l\u2019avenir<\/strong>. Les syst\u00e8mes int\u00e8grent des \u00e9l\u00e9ments utilis\u00e9s dans l&rsquo;industrie, tels que le mat\u00e9riel, les logiciels et les processus industriels simul\u00e9s. La plateforme collaborative encourage la cr\u00e9ation de groupes multidisciplinaires pour simuler en classe des conditions et des probl\u00e8mes typiques de l&rsquo;industrie, <strong>en d\u00e9veloppant des comp\u00e9tences telles que le travail d&rsquo;\u00e9quipe, le leadership et la pens\u00e9e critique<\/strong>. L&rsquo;accumulation de donn\u00e9es \u00e0 l&rsquo;aide d&rsquo;outils d&rsquo;exploration de donn\u00e9es permet \u00e0 l&rsquo;\u00e9tudiant d&rsquo;identi\ufb01er les \u00e9l\u00e9ments cl\u00e9s et de d\u00e9velopper les comp\u00e9tences requises par la quatri\u00e8me r\u00e9volution industrielle pour une plani\ufb01cation plus ef\ufb01cace et une utilisation plus \ufb02exible des ressources.<\/p>\n<ul>\n<li>Principes\u00a0 De L&rsquo;industrie 4.0<\/li>\n<li>Cours Sur L&rsquo;industrie 4.0<\/li>\n<li>Fabrication Additive<\/li>\n<\/ul>\n","protected":false},"excerpt":{"rendered":"<p>Industrie 4.0 (I4.0) est le terme qui d\u00e9crit le ph\u00e9nom\u00e8ne de la transformation num\u00e9rique appliqu\u00e9e \u00e0 l&rsquo;industrie. Il se caract\u00e9rise par l&rsquo;in-teraction totale entre les \u00e9l\u00e9ments et les processus qui constituent une unit\u00e9 de production. La num\u00e9risation et l&rsquo;automatisation des processus industriels sont les moteurs de la prochaine r\u00e9volution industrielle, donnant naissance aux usines intelligentes. [&hellip;]<\/p>\n","protected":false},"featured_media":24763,"template":"","meta":{"_acf_changed":false},"product_brand":[],"product_cat":[1955,2240],"product_tag":[],"class_list":{"0":"post-24774","1":"product","2":"type-product","3":"status-publish","4":"has-post-thumbnail","6":"product_cat-laboratori-chiavi-in-mano-fr","7":"product_cat-soluzione-laboratorio-industry-4-0-fr","9":"first","10":"instock","11":"shipping-taxable","12":"product-type-simple"},"acf":[],"yoast_head":"<!-- This site is optimized with the Yoast SEO plugin v27.4 - https:\/\/yoast.com\/product\/yoast-seo-wordpress\/ -->\n<title>LABORATOIRES DIDACTIQUES POUR L\u2019INDUSTRIE 4.0 - De Lorenzo Training &amp; Didactical Equipment<\/title>\n<meta name=\"robots\" content=\"index, follow, max-snippet:-1, max-image-preview:large, max-video-preview:-1\" \/>\n<link rel=\"canonical\" href=\"https:\/\/delorenzoglobal.com\/fr\/produit\/laboratoires-didactiques-pour-lindustrie-4-0\/\" \/>\n<meta property=\"og:locale\" content=\"fr_FR\" \/>\n<meta property=\"og:type\" content=\"article\" \/>\n<meta property=\"og:title\" content=\"LABORATOIRES DIDACTIQUES POUR L\u2019INDUSTRIE 4.0 - De Lorenzo Training &amp; Didactical Equipment\" \/>\n<meta property=\"og:description\" content=\"Industrie 4.0 (I4.0) est le terme qui d\u00e9crit le ph\u00e9nom\u00e8ne de la transformation num\u00e9rique appliqu\u00e9e \u00e0 l&rsquo;industrie. Il se caract\u00e9rise par l&rsquo;in-teraction totale entre les \u00e9l\u00e9ments et les processus qui constituent une unit\u00e9 de production. La num\u00e9risation et l&rsquo;automatisation des processus industriels sont les moteurs de la prochaine r\u00e9volution industrielle, donnant naissance aux usines intelligentes. [&hellip;]\" \/>\n<meta property=\"og:url\" content=\"https:\/\/delorenzoglobal.com\/fr\/produit\/laboratoires-didactiques-pour-lindustrie-4-0\/\" \/>\n<meta property=\"og:site_name\" content=\"De Lorenzo Training &amp; Didactical Equipment\" \/>\n<meta property=\"article:modified_time\" content=\"2025-06-03T14:51:25+00:00\" \/>\n<meta property=\"og:image\" content=\"https:\/\/delorenzoglobal.com\/wp-content\/uploads\/2024\/12\/industry-4.0.jpg\" \/>\n\t<meta property=\"og:image:width\" content=\"2315\" \/>\n\t<meta property=\"og:image:height\" content=\"1493\" \/>\n\t<meta property=\"og:image:type\" content=\"image\/jpeg\" \/>\n<meta name=\"twitter:card\" content=\"summary_large_image\" \/>\n<meta name=\"twitter:label1\" content=\"Dur\u00e9e de lecture estim\u00e9e\" \/>\n\t<meta name=\"twitter:data1\" content=\"2 minutes\" \/>\n<script type=\"application\/ld+json\" class=\"yoast-schema-graph\">{\"@context\":\"https:\\\/\\\/schema.org\",\"@graph\":[{\"@type\":\"WebPage\",\"@id\":\"https:\\\/\\\/delorenzoglobal.com\\\/fr\\\/produit\\\/laboratoires-didactiques-pour-lindustrie-4-0\\\/\",\"url\":\"https:\\\/\\\/delorenzoglobal.com\\\/fr\\\/produit\\\/laboratoires-didactiques-pour-lindustrie-4-0\\\/\",\"name\":\"LABORATOIRES DIDACTIQUES POUR L\u2019INDUSTRIE 4.0 - De Lorenzo Training &amp; Didactical Equipment\",\"isPartOf\":{\"@id\":\"https:\\\/\\\/delorenzoglobal.com\\\/fr\\\/#website\"},\"primaryImageOfPage\":{\"@id\":\"https:\\\/\\\/delorenzoglobal.com\\\/fr\\\/produit\\\/laboratoires-didactiques-pour-lindustrie-4-0\\\/#primaryimage\"},\"image\":{\"@id\":\"https:\\\/\\\/delorenzoglobal.com\\\/fr\\\/produit\\\/laboratoires-didactiques-pour-lindustrie-4-0\\\/#primaryimage\"},\"thumbnailUrl\":\"https:\\\/\\\/delorenzoglobal.com\\\/wp-content\\\/uploads\\\/2024\\\/12\\\/industry-4.0.jpg\",\"datePublished\":\"2024-12-20T10:52:52+00:00\",\"dateModified\":\"2025-06-03T14:51:25+00:00\",\"breadcrumb\":{\"@id\":\"https:\\\/\\\/delorenzoglobal.com\\\/fr\\\/produit\\\/laboratoires-didactiques-pour-lindustrie-4-0\\\/#breadcrumb\"},\"inLanguage\":\"fr-FR\",\"potentialAction\":[{\"@type\":\"ReadAction\",\"target\":[\"https:\\\/\\\/delorenzoglobal.com\\\/fr\\\/produit\\\/laboratoires-didactiques-pour-lindustrie-4-0\\\/\"]}]},{\"@type\":\"ImageObject\",\"inLanguage\":\"fr-FR\",\"@id\":\"https:\\\/\\\/delorenzoglobal.com\\\/fr\\\/produit\\\/laboratoires-didactiques-pour-lindustrie-4-0\\\/#primaryimage\",\"url\":\"https:\\\/\\\/delorenzoglobal.com\\\/wp-content\\\/uploads\\\/2024\\\/12\\\/industry-4.0.jpg\",\"contentUrl\":\"https:\\\/\\\/delorenzoglobal.com\\\/wp-content\\\/uploads\\\/2024\\\/12\\\/industry-4.0.jpg\",\"width\":2315,\"height\":1493},{\"@type\":\"BreadcrumbList\",\"@id\":\"https:\\\/\\\/delorenzoglobal.com\\\/fr\\\/produit\\\/laboratoires-didactiques-pour-lindustrie-4-0\\\/#breadcrumb\",\"itemListElement\":[{\"@type\":\"ListItem\",\"position\":1,\"name\":\"Home\",\"item\":\"https:\\\/\\\/delorenzoglobal.com\\\/fr\\\/\"},{\"@type\":\"ListItem\",\"position\":2,\"name\":\"Boutique\",\"item\":\"https:\\\/\\\/delorenzoglobal.com\\\/fr\\\/boutique\\\/\"},{\"@type\":\"ListItem\",\"position\":3,\"name\":\"LABORATOIRES DIDACTIQUES POUR L\u2019INDUSTRIE 4.0\"}]},{\"@type\":\"WebSite\",\"@id\":\"https:\\\/\\\/delorenzoglobal.com\\\/fr\\\/#website\",\"url\":\"https:\\\/\\\/delorenzoglobal.com\\\/fr\\\/\",\"name\":\"De Lorenzo Training &amp; Didactical Equipment\",\"description\":\"\",\"potentialAction\":[{\"@type\":\"SearchAction\",\"target\":{\"@type\":\"EntryPoint\",\"urlTemplate\":\"https:\\\/\\\/delorenzoglobal.com\\\/fr\\\/?s={search_term_string}\"},\"query-input\":{\"@type\":\"PropertyValueSpecification\",\"valueRequired\":true,\"valueName\":\"search_term_string\"}}],\"inLanguage\":\"fr-FR\"}]}<\/script>\n<!-- \/ Yoast SEO plugin. -->","yoast_head_json":{"title":"LABORATOIRES DIDACTIQUES POUR L\u2019INDUSTRIE 4.0 - De Lorenzo Training &amp; Didactical Equipment","robots":{"index":"index","follow":"follow","max-snippet":"max-snippet:-1","max-image-preview":"max-image-preview:large","max-video-preview":"max-video-preview:-1"},"canonical":"https:\/\/delorenzoglobal.com\/fr\/produit\/laboratoires-didactiques-pour-lindustrie-4-0\/","og_locale":"fr_FR","og_type":"article","og_title":"LABORATOIRES DIDACTIQUES POUR L\u2019INDUSTRIE 4.0 - De Lorenzo Training &amp; Didactical Equipment","og_description":"Industrie 4.0 (I4.0) est le terme qui d\u00e9crit le ph\u00e9nom\u00e8ne de la transformation num\u00e9rique appliqu\u00e9e \u00e0 l&rsquo;industrie. Il se caract\u00e9rise par l&rsquo;in-teraction totale entre les \u00e9l\u00e9ments et les processus qui constituent une unit\u00e9 de production. La num\u00e9risation et l&rsquo;automatisation des processus industriels sont les moteurs de la prochaine r\u00e9volution industrielle, donnant naissance aux usines intelligentes. [&hellip;]","og_url":"https:\/\/delorenzoglobal.com\/fr\/produit\/laboratoires-didactiques-pour-lindustrie-4-0\/","og_site_name":"De Lorenzo Training &amp; Didactical Equipment","article_modified_time":"2025-06-03T14:51:25+00:00","og_image":[{"width":2315,"height":1493,"url":"https:\/\/delorenzoglobal.com\/wp-content\/uploads\/2024\/12\/industry-4.0.jpg","type":"image\/jpeg"}],"twitter_card":"summary_large_image","twitter_misc":{"Dur\u00e9e de lecture estim\u00e9e":"2 minutes"},"schema":{"@context":"https:\/\/schema.org","@graph":[{"@type":"WebPage","@id":"https:\/\/delorenzoglobal.com\/fr\/produit\/laboratoires-didactiques-pour-lindustrie-4-0\/","url":"https:\/\/delorenzoglobal.com\/fr\/produit\/laboratoires-didactiques-pour-lindustrie-4-0\/","name":"LABORATOIRES DIDACTIQUES POUR L\u2019INDUSTRIE 4.0 - De Lorenzo Training &amp; Didactical Equipment","isPartOf":{"@id":"https:\/\/delorenzoglobal.com\/fr\/#website"},"primaryImageOfPage":{"@id":"https:\/\/delorenzoglobal.com\/fr\/produit\/laboratoires-didactiques-pour-lindustrie-4-0\/#primaryimage"},"image":{"@id":"https:\/\/delorenzoglobal.com\/fr\/produit\/laboratoires-didactiques-pour-lindustrie-4-0\/#primaryimage"},"thumbnailUrl":"https:\/\/delorenzoglobal.com\/wp-content\/uploads\/2024\/12\/industry-4.0.jpg","datePublished":"2024-12-20T10:52:52+00:00","dateModified":"2025-06-03T14:51:25+00:00","breadcrumb":{"@id":"https:\/\/delorenzoglobal.com\/fr\/produit\/laboratoires-didactiques-pour-lindustrie-4-0\/#breadcrumb"},"inLanguage":"fr-FR","potentialAction":[{"@type":"ReadAction","target":["https:\/\/delorenzoglobal.com\/fr\/produit\/laboratoires-didactiques-pour-lindustrie-4-0\/"]}]},{"@type":"ImageObject","inLanguage":"fr-FR","@id":"https:\/\/delorenzoglobal.com\/fr\/produit\/laboratoires-didactiques-pour-lindustrie-4-0\/#primaryimage","url":"https:\/\/delorenzoglobal.com\/wp-content\/uploads\/2024\/12\/industry-4.0.jpg","contentUrl":"https:\/\/delorenzoglobal.com\/wp-content\/uploads\/2024\/12\/industry-4.0.jpg","width":2315,"height":1493},{"@type":"BreadcrumbList","@id":"https:\/\/delorenzoglobal.com\/fr\/produit\/laboratoires-didactiques-pour-lindustrie-4-0\/#breadcrumb","itemListElement":[{"@type":"ListItem","position":1,"name":"Home","item":"https:\/\/delorenzoglobal.com\/fr\/"},{"@type":"ListItem","position":2,"name":"Boutique","item":"https:\/\/delorenzoglobal.com\/fr\/boutique\/"},{"@type":"ListItem","position":3,"name":"LABORATOIRES DIDACTIQUES POUR L\u2019INDUSTRIE 4.0"}]},{"@type":"WebSite","@id":"https:\/\/delorenzoglobal.com\/fr\/#website","url":"https:\/\/delorenzoglobal.com\/fr\/","name":"De Lorenzo Training &amp; Didactical Equipment","description":"","potentialAction":[{"@type":"SearchAction","target":{"@type":"EntryPoint","urlTemplate":"https:\/\/delorenzoglobal.com\/fr\/?s={search_term_string}"},"query-input":{"@type":"PropertyValueSpecification","valueRequired":true,"valueName":"search_term_string"}}],"inLanguage":"fr-FR"}]}},"_links":{"self":[{"href":"https:\/\/delorenzoglobal.com\/fr\/wp-json\/wp\/v2\/product\/24774","targetHints":{"allow":["GET"]}}],"collection":[{"href":"https:\/\/delorenzoglobal.com\/fr\/wp-json\/wp\/v2\/product"}],"about":[{"href":"https:\/\/delorenzoglobal.com\/fr\/wp-json\/wp\/v2\/types\/product"}],"wp:featuredmedia":[{"embeddable":true,"href":"https:\/\/delorenzoglobal.com\/fr\/wp-json\/wp\/v2\/media\/24763"}],"wp:attachment":[{"href":"https:\/\/delorenzoglobal.com\/fr\/wp-json\/wp\/v2\/media?parent=24774"}],"wp:term":[{"taxonomy":"product_brand","embeddable":true,"href":"https:\/\/delorenzoglobal.com\/fr\/wp-json\/wp\/v2\/product_brand?post=24774"},{"taxonomy":"product_cat","embeddable":true,"href":"https:\/\/delorenzoglobal.com\/fr\/wp-json\/wp\/v2\/product_cat?post=24774"},{"taxonomy":"product_tag","embeddable":true,"href":"https:\/\/delorenzoglobal.com\/fr\/wp-json\/wp\/v2\/product_tag?post=24774"}],"curies":[{"name":"wp","href":"https:\/\/api.w.org\/{rel}","templated":true}]}}