{"id":24741,"date":"2024-12-20T11:31:38","date_gmt":"2024-12-20T10:31:38","guid":{"rendered":"https:\/\/delorenzoglobal.com\/?post_type=product&#038;p=24741"},"modified":"2025-04-24T12:46:18","modified_gmt":"2025-04-24T10:46:18","slug":"laboratoires-didactiques-pour-la-mecanique-des-fluides","status":"publish","type":"product","link":"https:\/\/delorenzoglobal.com\/fr\/produit\/laboratoires-didactiques-pour-la-mecanique-des-fluides\/","title":{"rendered":"LABORATOIRES DIDACTIQUES POUR LA M\u00c9CANIQUE DES FLUIDES"},"content":{"rendered":"<p>La m\u00e9canique des fluides \u00e9tudie les lois du mouvement des fluides et leurs processus d&rsquo;interaction avec les corps solides. La m\u00e9canique des fluides est un m\u00e9lange de th\u00e9orie et d&rsquo;exp\u00e9rimentation issu<br \/>\nde la recherche des ing\u00e9nieurs hydrauliques, mais aussi de la r\u00e9flexion des math\u00e9maticiens et des physiciens, qui abordent les probl\u00e8mes d&rsquo;un point de vue analytique.<br \/>\nLa caract\u00e9ristique fondamentale des fluides est ce que l&rsquo;on appelle la fluidit\u00e9. Un fluide change continuellement de forme lorsqu&rsquo;il est soumis \u00e0 une contrainte, c&rsquo;est-\u00e0-dire qu&rsquo;il n&rsquo;est pas capablede r\u00e9sister \u00e0 une contrainte de cisaillement sans bouger pendant un intervalle de temps donn\u00e9. Certains liquides se d\u00e9placent plus lentement que d&rsquo;autres, mais sous l&rsquo;effet d&rsquo;une contrainte de cisaillement, ils se d\u00e9placent toujours. La m\u00e9canique des fluides est fondamentale dans des domaines aussi divers que l&rsquo;a\u00e9ronautique, le g\u00e9nie chimique, civil et industriel, la m\u00e9t\u00e9orologie, la construction navale et l&rsquo;oc\u00e9anographie.<br \/>\n<strong>Avec sa proposition de syst\u00e8mes didactiques, De Lorenzo cherche \u00e0 am\u00e9liorer, valoriser et <\/strong><strong>d\u00e9velopper les processus cognitifs et sociaux en termes de comp\u00e9tences professionnelles <\/strong><strong>int\u00e9gr\u00e9es par des connaissances, des aptitudes et des attitudes pour une formation compl\u00e8te <\/strong><strong>de l&rsquo;\u00e9tudiant dans le domaine de la m\u00e9canique des fluides.<\/strong><\/p>\n<ul>\n<li>Principes Fondamentaux De La M\u00e9canique Des Fluides<\/li>\n<li>Machines Hydrauliques<\/li>\n<li>Canal Hydraulique<\/li>\n<\/ul>\n","protected":false},"excerpt":{"rendered":"<p>La m\u00e9canique des fluides \u00e9tudie les lois du mouvement des fluides et leurs processus d&rsquo;interaction avec les corps solides. La m\u00e9canique des fluides est un m\u00e9lange de th\u00e9orie et d&rsquo;exp\u00e9rimentation issu de la recherche des ing\u00e9nieurs hydrauliques, mais aussi de la r\u00e9flexion des math\u00e9maticiens et des physiciens, qui abordent les probl\u00e8mes d&rsquo;un point de vue [&hellip;]<\/p>\n","protected":false},"featured_media":24758,"template":"","meta":{"_acf_changed":false},"product_brand":[],"product_cat":[1955,2292],"product_tag":[],"class_list":{"0":"post-24741","1":"product","2":"type-product","3":"status-publish","4":"has-post-thumbnail","6":"product_cat-laboratori-chiavi-in-mano-fr","7":"product_cat-solution-de-laboratoire-pour","9":"first","10":"instock","11":"shipping-taxable","12":"product-type-simple"},"acf":[],"yoast_head":"<!-- This site is optimized with the Yoast SEO plugin v27.4 - https:\/\/yoast.com\/product\/yoast-seo-wordpress\/ -->\n<title>LABORATOIRES DIDACTIQUES POUR LA M\u00c9CANIQUE DES FLUIDES - De Lorenzo Training &amp; Didactical Equipment<\/title>\n<meta name=\"robots\" content=\"index, follow, max-snippet:-1, max-image-preview:large, max-video-preview:-1\" \/>\n<link rel=\"canonical\" href=\"https:\/\/delorenzoglobal.com\/fr\/produit\/laboratoires-didactiques-pour-la-mecanique-des-fluides\/\" \/>\n<meta property=\"og:locale\" content=\"fr_FR\" \/>\n<meta property=\"og:type\" content=\"article\" \/>\n<meta property=\"og:title\" content=\"LABORATOIRES DIDACTIQUES POUR LA M\u00c9CANIQUE DES FLUIDES - De Lorenzo Training &amp; Didactical Equipment\" \/>\n<meta property=\"og:description\" content=\"La m\u00e9canique des fluides \u00e9tudie les lois du mouvement des fluides et leurs processus d&rsquo;interaction avec les corps solides. La m\u00e9canique des fluides est un m\u00e9lange de th\u00e9orie et d&rsquo;exp\u00e9rimentation issu de la recherche des ing\u00e9nieurs hydrauliques, mais aussi de la r\u00e9flexion des math\u00e9maticiens et des physiciens, qui abordent les probl\u00e8mes d&rsquo;un point de vue [&hellip;]\" \/>\n<meta property=\"og:url\" content=\"https:\/\/delorenzoglobal.com\/fr\/produit\/laboratoires-didactiques-pour-la-mecanique-des-fluides\/\" \/>\n<meta property=\"og:site_name\" content=\"De Lorenzo Training &amp; Didactical Equipment\" \/>\n<meta property=\"article:modified_time\" content=\"2025-04-24T10:46:18+00:00\" \/>\n<meta property=\"og:image\" content=\"https:\/\/delorenzoglobal.com\/wp-content\/uploads\/2024\/12\/Fluid-mechanics.jpg\" \/>\n\t<meta property=\"og:image:width\" content=\"2323\" \/>\n\t<meta property=\"og:image:height\" content=\"1502\" \/>\n\t<meta property=\"og:image:type\" content=\"image\/jpeg\" \/>\n<meta name=\"twitter:card\" content=\"summary_large_image\" \/>\n<meta name=\"twitter:label1\" content=\"Dur\u00e9e de lecture estim\u00e9e\" \/>\n\t<meta name=\"twitter:data1\" content=\"2 minutes\" \/>\n<script type=\"application\/ld+json\" class=\"yoast-schema-graph\">{\"@context\":\"https:\\\/\\\/schema.org\",\"@graph\":[{\"@type\":\"WebPage\",\"@id\":\"https:\\\/\\\/delorenzoglobal.com\\\/fr\\\/produit\\\/laboratoires-didactiques-pour-la-mecanique-des-fluides\\\/\",\"url\":\"https:\\\/\\\/delorenzoglobal.com\\\/fr\\\/produit\\\/laboratoires-didactiques-pour-la-mecanique-des-fluides\\\/\",\"name\":\"LABORATOIRES DIDACTIQUES POUR LA M\u00c9CANIQUE DES FLUIDES - De Lorenzo Training &amp; Didactical Equipment\",\"isPartOf\":{\"@id\":\"https:\\\/\\\/delorenzoglobal.com\\\/fr\\\/#website\"},\"primaryImageOfPage\":{\"@id\":\"https:\\\/\\\/delorenzoglobal.com\\\/fr\\\/produit\\\/laboratoires-didactiques-pour-la-mecanique-des-fluides\\\/#primaryimage\"},\"image\":{\"@id\":\"https:\\\/\\\/delorenzoglobal.com\\\/fr\\\/produit\\\/laboratoires-didactiques-pour-la-mecanique-des-fluides\\\/#primaryimage\"},\"thumbnailUrl\":\"https:\\\/\\\/delorenzoglobal.com\\\/wp-content\\\/uploads\\\/2024\\\/12\\\/Fluid-mechanics.jpg\",\"datePublished\":\"2024-12-20T10:31:38+00:00\",\"dateModified\":\"2025-04-24T10:46:18+00:00\",\"breadcrumb\":{\"@id\":\"https:\\\/\\\/delorenzoglobal.com\\\/fr\\\/produit\\\/laboratoires-didactiques-pour-la-mecanique-des-fluides\\\/#breadcrumb\"},\"inLanguage\":\"fr-FR\",\"potentialAction\":[{\"@type\":\"ReadAction\",\"target\":[\"https:\\\/\\\/delorenzoglobal.com\\\/fr\\\/produit\\\/laboratoires-didactiques-pour-la-mecanique-des-fluides\\\/\"]}]},{\"@type\":\"ImageObject\",\"inLanguage\":\"fr-FR\",\"@id\":\"https:\\\/\\\/delorenzoglobal.com\\\/fr\\\/produit\\\/laboratoires-didactiques-pour-la-mecanique-des-fluides\\\/#primaryimage\",\"url\":\"https:\\\/\\\/delorenzoglobal.com\\\/wp-content\\\/uploads\\\/2024\\\/12\\\/Fluid-mechanics.jpg\",\"contentUrl\":\"https:\\\/\\\/delorenzoglobal.com\\\/wp-content\\\/uploads\\\/2024\\\/12\\\/Fluid-mechanics.jpg\",\"width\":2323,\"height\":1502},{\"@type\":\"BreadcrumbList\",\"@id\":\"https:\\\/\\\/delorenzoglobal.com\\\/fr\\\/produit\\\/laboratoires-didactiques-pour-la-mecanique-des-fluides\\\/#breadcrumb\",\"itemListElement\":[{\"@type\":\"ListItem\",\"position\":1,\"name\":\"Home\",\"item\":\"https:\\\/\\\/delorenzoglobal.com\\\/fr\\\/\"},{\"@type\":\"ListItem\",\"position\":2,\"name\":\"Boutique\",\"item\":\"https:\\\/\\\/delorenzoglobal.com\\\/fr\\\/boutique\\\/\"},{\"@type\":\"ListItem\",\"position\":3,\"name\":\"LABORATOIRES DIDACTIQUES POUR LA M\u00c9CANIQUE DES FLUIDES\"}]},{\"@type\":\"WebSite\",\"@id\":\"https:\\\/\\\/delorenzoglobal.com\\\/fr\\\/#website\",\"url\":\"https:\\\/\\\/delorenzoglobal.com\\\/fr\\\/\",\"name\":\"De Lorenzo Training &amp; Didactical Equipment\",\"description\":\"\",\"potentialAction\":[{\"@type\":\"SearchAction\",\"target\":{\"@type\":\"EntryPoint\",\"urlTemplate\":\"https:\\\/\\\/delorenzoglobal.com\\\/fr\\\/?s={search_term_string}\"},\"query-input\":{\"@type\":\"PropertyValueSpecification\",\"valueRequired\":true,\"valueName\":\"search_term_string\"}}],\"inLanguage\":\"fr-FR\"}]}<\/script>\n<!-- \/ Yoast SEO plugin. -->","yoast_head_json":{"title":"LABORATOIRES DIDACTIQUES POUR LA M\u00c9CANIQUE DES FLUIDES - De Lorenzo Training &amp; Didactical Equipment","robots":{"index":"index","follow":"follow","max-snippet":"max-snippet:-1","max-image-preview":"max-image-preview:large","max-video-preview":"max-video-preview:-1"},"canonical":"https:\/\/delorenzoglobal.com\/fr\/produit\/laboratoires-didactiques-pour-la-mecanique-des-fluides\/","og_locale":"fr_FR","og_type":"article","og_title":"LABORATOIRES DIDACTIQUES POUR LA M\u00c9CANIQUE DES FLUIDES - De Lorenzo Training &amp; Didactical Equipment","og_description":"La m\u00e9canique des fluides \u00e9tudie les lois du mouvement des fluides et leurs processus d&rsquo;interaction avec les corps solides. La m\u00e9canique des fluides est un m\u00e9lange de th\u00e9orie et d&rsquo;exp\u00e9rimentation issu de la recherche des ing\u00e9nieurs hydrauliques, mais aussi de la r\u00e9flexion des math\u00e9maticiens et des physiciens, qui abordent les probl\u00e8mes d&rsquo;un point de vue [&hellip;]","og_url":"https:\/\/delorenzoglobal.com\/fr\/produit\/laboratoires-didactiques-pour-la-mecanique-des-fluides\/","og_site_name":"De Lorenzo Training &amp; Didactical Equipment","article_modified_time":"2025-04-24T10:46:18+00:00","og_image":[{"width":2323,"height":1502,"url":"https:\/\/delorenzoglobal.com\/wp-content\/uploads\/2024\/12\/Fluid-mechanics.jpg","type":"image\/jpeg"}],"twitter_card":"summary_large_image","twitter_misc":{"Dur\u00e9e de lecture estim\u00e9e":"2 minutes"},"schema":{"@context":"https:\/\/schema.org","@graph":[{"@type":"WebPage","@id":"https:\/\/delorenzoglobal.com\/fr\/produit\/laboratoires-didactiques-pour-la-mecanique-des-fluides\/","url":"https:\/\/delorenzoglobal.com\/fr\/produit\/laboratoires-didactiques-pour-la-mecanique-des-fluides\/","name":"LABORATOIRES DIDACTIQUES POUR LA M\u00c9CANIQUE DES FLUIDES - De Lorenzo Training &amp; Didactical Equipment","isPartOf":{"@id":"https:\/\/delorenzoglobal.com\/fr\/#website"},"primaryImageOfPage":{"@id":"https:\/\/delorenzoglobal.com\/fr\/produit\/laboratoires-didactiques-pour-la-mecanique-des-fluides\/#primaryimage"},"image":{"@id":"https:\/\/delorenzoglobal.com\/fr\/produit\/laboratoires-didactiques-pour-la-mecanique-des-fluides\/#primaryimage"},"thumbnailUrl":"https:\/\/delorenzoglobal.com\/wp-content\/uploads\/2024\/12\/Fluid-mechanics.jpg","datePublished":"2024-12-20T10:31:38+00:00","dateModified":"2025-04-24T10:46:18+00:00","breadcrumb":{"@id":"https:\/\/delorenzoglobal.com\/fr\/produit\/laboratoires-didactiques-pour-la-mecanique-des-fluides\/#breadcrumb"},"inLanguage":"fr-FR","potentialAction":[{"@type":"ReadAction","target":["https:\/\/delorenzoglobal.com\/fr\/produit\/laboratoires-didactiques-pour-la-mecanique-des-fluides\/"]}]},{"@type":"ImageObject","inLanguage":"fr-FR","@id":"https:\/\/delorenzoglobal.com\/fr\/produit\/laboratoires-didactiques-pour-la-mecanique-des-fluides\/#primaryimage","url":"https:\/\/delorenzoglobal.com\/wp-content\/uploads\/2024\/12\/Fluid-mechanics.jpg","contentUrl":"https:\/\/delorenzoglobal.com\/wp-content\/uploads\/2024\/12\/Fluid-mechanics.jpg","width":2323,"height":1502},{"@type":"BreadcrumbList","@id":"https:\/\/delorenzoglobal.com\/fr\/produit\/laboratoires-didactiques-pour-la-mecanique-des-fluides\/#breadcrumb","itemListElement":[{"@type":"ListItem","position":1,"name":"Home","item":"https:\/\/delorenzoglobal.com\/fr\/"},{"@type":"ListItem","position":2,"name":"Boutique","item":"https:\/\/delorenzoglobal.com\/fr\/boutique\/"},{"@type":"ListItem","position":3,"name":"LABORATOIRES DIDACTIQUES POUR LA M\u00c9CANIQUE DES FLUIDES"}]},{"@type":"WebSite","@id":"https:\/\/delorenzoglobal.com\/fr\/#website","url":"https:\/\/delorenzoglobal.com\/fr\/","name":"De Lorenzo Training &amp; Didactical Equipment","description":"","potentialAction":[{"@type":"SearchAction","target":{"@type":"EntryPoint","urlTemplate":"https:\/\/delorenzoglobal.com\/fr\/?s={search_term_string}"},"query-input":{"@type":"PropertyValueSpecification","valueRequired":true,"valueName":"search_term_string"}}],"inLanguage":"fr-FR"}]}},"_links":{"self":[{"href":"https:\/\/delorenzoglobal.com\/fr\/wp-json\/wp\/v2\/product\/24741","targetHints":{"allow":["GET"]}}],"collection":[{"href":"https:\/\/delorenzoglobal.com\/fr\/wp-json\/wp\/v2\/product"}],"about":[{"href":"https:\/\/delorenzoglobal.com\/fr\/wp-json\/wp\/v2\/types\/product"}],"wp:featuredmedia":[{"embeddable":true,"href":"https:\/\/delorenzoglobal.com\/fr\/wp-json\/wp\/v2\/media\/24758"}],"wp:attachment":[{"href":"https:\/\/delorenzoglobal.com\/fr\/wp-json\/wp\/v2\/media?parent=24741"}],"wp:term":[{"taxonomy":"product_brand","embeddable":true,"href":"https:\/\/delorenzoglobal.com\/fr\/wp-json\/wp\/v2\/product_brand?post=24741"},{"taxonomy":"product_cat","embeddable":true,"href":"https:\/\/delorenzoglobal.com\/fr\/wp-json\/wp\/v2\/product_cat?post=24741"},{"taxonomy":"product_tag","embeddable":true,"href":"https:\/\/delorenzoglobal.com\/fr\/wp-json\/wp\/v2\/product_tag?post=24741"}],"curies":[{"name":"wp","href":"https:\/\/api.w.org\/{rel}","templated":true}]}}