{"id":2468,"date":"2024-04-10T10:02:11","date_gmt":"2024-04-10T08:02:11","guid":{"rendered":"https:\/\/delorenzoglobal.com\/?post_type=product&#038;p=2468"},"modified":"2025-04-28T08:58:51","modified_gmt":"2025-04-28T06:58:51","slug":"formateur-avance-en-pneumatique","status":"publish","type":"product","link":"https:\/\/delorenzoglobal.com\/fr\/produit\/formateur-avance-en-pneumatique\/","title":{"rendered":"ENTRA\u00ceNEUR PNEUMATIQUE MODULAIRE AVANC\u00c9"},"content":{"rendered":"<p>Ce banc d&rsquo;essai optionnel, compos\u00e9 de cinq modules, est propos\u00e9 en compl\u00e9ment de la configuration pneumatique principale <strong>DL 8110PB<\/strong>, pour enrichir les applications de base et permettre aux \u00e9tudiants de r\u00e9aliser un plus grand nombre d&rsquo;exp\u00e9riences en utilisant des composants avanc\u00e9s dans ce domaine.<\/p>\n<p>Ils peuvent \u00eatre mont\u00e9s sur le m\u00eame ch\u00e2ssis fourni avec le banc d&rsquo;essai de base, facile \u00e0 fixer et \u00e0 d\u00e9monter, et peuvent \u00eatre aliment\u00e9s par son unit\u00e9 d&rsquo;alimentation en air principale.<\/p>\n<p>Tous les composants sont identifi\u00e9s par des symboles clairs.<\/p>\n","protected":false},"excerpt":{"rendered":"<p>Ce banc d&rsquo;essai optionnel, compos\u00e9 de cinq modules, est propos\u00e9 en compl\u00e9ment de la configuration pneumatique principale DL 8110PB, pour enrichir les applications de base et permettre aux \u00e9tudiants de r\u00e9aliser un plus grand nombre d&rsquo;exp\u00e9riences en utilisant des composants avanc\u00e9s dans ce domaine. Ils peuvent \u00eatre mont\u00e9s sur le m\u00eame ch\u00e2ssis fourni avec le [&hellip;]<\/p>\n","protected":false},"featured_media":21763,"template":"","meta":{"_acf_changed":false},"product_brand":[],"product_cat":[192],"product_tag":[],"class_list":{"0":"post-2468","1":"product","2":"type-product","3":"status-publish","4":"has-post-thumbnail","6":"product_cat-pneumatique","8":"first","9":"instock","10":"shipping-taxable","11":"product-type-simple"},"acf":[],"yoast_head":"<!-- This site is optimized with the Yoast SEO plugin v27.0 - https:\/\/yoast.com\/product\/yoast-seo-wordpress\/ -->\n<title>ENTRA\u00ceNEUR PNEUMATIQUE MODULAIRE AVANC\u00c9 - De Lorenzo Training &amp; Didactical Equipment<\/title>\n<meta name=\"robots\" content=\"index, follow, max-snippet:-1, max-image-preview:large, max-video-preview:-1\" \/>\n<link rel=\"canonical\" href=\"https:\/\/delorenzoglobal.com\/fr\/produit\/formateur-avance-en-pneumatique\/\" \/>\n<meta property=\"og:locale\" content=\"fr_FR\" \/>\n<meta property=\"og:type\" content=\"article\" \/>\n<meta property=\"og:title\" content=\"ENTRA\u00ceNEUR PNEUMATIQUE MODULAIRE AVANC\u00c9 - De Lorenzo Training &amp; Didactical Equipment\" \/>\n<meta property=\"og:description\" content=\"Ce banc d&rsquo;essai optionnel, compos\u00e9 de cinq modules, est propos\u00e9 en compl\u00e9ment de la configuration pneumatique principale DL 8110PB, pour enrichir les applications de base et permettre aux \u00e9tudiants de r\u00e9aliser un plus grand nombre d&rsquo;exp\u00e9riences en utilisant des composants avanc\u00e9s dans ce domaine. Ils peuvent \u00eatre mont\u00e9s sur le m\u00eame ch\u00e2ssis fourni avec le [&hellip;]\" \/>\n<meta property=\"og:url\" content=\"https:\/\/delorenzoglobal.com\/fr\/produit\/formateur-avance-en-pneumatique\/\" \/>\n<meta property=\"og:site_name\" content=\"De Lorenzo Training &amp; Didactical Equipment\" \/>\n<meta property=\"article:modified_time\" content=\"2025-04-28T06:58:51+00:00\" \/>\n<meta property=\"og:image\" content=\"https:\/\/delorenzoglobal.com\/wp-content\/uploads\/2024\/04\/8110PA-985x1024.png\" \/>\n\t<meta property=\"og:image:width\" content=\"985\" \/>\n\t<meta property=\"og:image:height\" content=\"1024\" \/>\n\t<meta property=\"og:image:type\" content=\"image\/png\" \/>\n<meta name=\"twitter:card\" content=\"summary_large_image\" \/>\n<meta name=\"twitter:label1\" content=\"Dur\u00e9e de lecture estim\u00e9e\" \/>\n\t<meta name=\"twitter:data1\" content=\"1 minute\" \/>\n<script type=\"application\/ld+json\" class=\"yoast-schema-graph\">{\"@context\":\"https:\/\/schema.org\",\"@graph\":[{\"@type\":\"WebPage\",\"@id\":\"https:\/\/delorenzoglobal.com\/fr\/produit\/formateur-avance-en-pneumatique\/\",\"url\":\"https:\/\/delorenzoglobal.com\/fr\/produit\/formateur-avance-en-pneumatique\/\",\"name\":\"ENTRA\u00ceNEUR PNEUMATIQUE MODULAIRE AVANC\u00c9 - De Lorenzo Training &amp; Didactical Equipment\",\"isPartOf\":{\"@id\":\"https:\/\/delorenzoglobal.com\/fr\/#website\"},\"primaryImageOfPage\":{\"@id\":\"https:\/\/delorenzoglobal.com\/fr\/produit\/formateur-avance-en-pneumatique\/#primaryimage\"},\"image\":{\"@id\":\"https:\/\/delorenzoglobal.com\/fr\/produit\/formateur-avance-en-pneumatique\/#primaryimage\"},\"thumbnailUrl\":\"https:\/\/delorenzoglobal.com\/wp-content\/uploads\/2024\/04\/8110PA.png\",\"datePublished\":\"2024-04-10T08:02:11+00:00\",\"dateModified\":\"2025-04-28T06:58:51+00:00\",\"breadcrumb\":{\"@id\":\"https:\/\/delorenzoglobal.com\/fr\/produit\/formateur-avance-en-pneumatique\/#breadcrumb\"},\"inLanguage\":\"fr-FR\",\"potentialAction\":[{\"@type\":\"ReadAction\",\"target\":[\"https:\/\/delorenzoglobal.com\/fr\/produit\/formateur-avance-en-pneumatique\/\"]}]},{\"@type\":\"ImageObject\",\"inLanguage\":\"fr-FR\",\"@id\":\"https:\/\/delorenzoglobal.com\/fr\/produit\/formateur-avance-en-pneumatique\/#primaryimage\",\"url\":\"https:\/\/delorenzoglobal.com\/wp-content\/uploads\/2024\/04\/8110PA.png\",\"contentUrl\":\"https:\/\/delorenzoglobal.com\/wp-content\/uploads\/2024\/04\/8110PA.png\",\"width\":3425,\"height\":3560},{\"@type\":\"BreadcrumbList\",\"@id\":\"https:\/\/delorenzoglobal.com\/fr\/produit\/formateur-avance-en-pneumatique\/#breadcrumb\",\"itemListElement\":[{\"@type\":\"ListItem\",\"position\":1,\"name\":\"Home\",\"item\":\"https:\/\/delorenzoglobal.com\/fr\/\"},{\"@type\":\"ListItem\",\"position\":2,\"name\":\"Boutique\",\"item\":\"https:\/\/delorenzoglobal.com\/fr\/boutique\/\"},{\"@type\":\"ListItem\",\"position\":3,\"name\":\"ENTRA\u00ceNEUR PNEUMATIQUE MODULAIRE AVANC\u00c9\"}]},{\"@type\":\"WebSite\",\"@id\":\"https:\/\/delorenzoglobal.com\/fr\/#website\",\"url\":\"https:\/\/delorenzoglobal.com\/fr\/\",\"name\":\"De Lorenzo Training &amp; Didactical Equipment\",\"description\":\"\",\"potentialAction\":[{\"@type\":\"SearchAction\",\"target\":{\"@type\":\"EntryPoint\",\"urlTemplate\":\"https:\/\/delorenzoglobal.com\/fr\/?s={search_term_string}\"},\"query-input\":{\"@type\":\"PropertyValueSpecification\",\"valueRequired\":true,\"valueName\":\"search_term_string\"}}],\"inLanguage\":\"fr-FR\"}]}<\/script>\n<!-- \/ Yoast SEO plugin. -->","yoast_head_json":{"title":"ENTRA\u00ceNEUR PNEUMATIQUE MODULAIRE AVANC\u00c9 - De Lorenzo Training &amp; Didactical Equipment","robots":{"index":"index","follow":"follow","max-snippet":"max-snippet:-1","max-image-preview":"max-image-preview:large","max-video-preview":"max-video-preview:-1"},"canonical":"https:\/\/delorenzoglobal.com\/fr\/produit\/formateur-avance-en-pneumatique\/","og_locale":"fr_FR","og_type":"article","og_title":"ENTRA\u00ceNEUR PNEUMATIQUE MODULAIRE AVANC\u00c9 - De Lorenzo Training &amp; Didactical Equipment","og_description":"Ce banc d&rsquo;essai optionnel, compos\u00e9 de cinq modules, est propos\u00e9 en compl\u00e9ment de la configuration pneumatique principale DL 8110PB, pour enrichir les applications de base et permettre aux \u00e9tudiants de r\u00e9aliser un plus grand nombre d&rsquo;exp\u00e9riences en utilisant des composants avanc\u00e9s dans ce domaine. Ils peuvent \u00eatre mont\u00e9s sur le m\u00eame ch\u00e2ssis fourni avec le [&hellip;]","og_url":"https:\/\/delorenzoglobal.com\/fr\/produit\/formateur-avance-en-pneumatique\/","og_site_name":"De Lorenzo Training &amp; Didactical Equipment","article_modified_time":"2025-04-28T06:58:51+00:00","og_image":[{"width":985,"height":1024,"url":"https:\/\/delorenzoglobal.com\/wp-content\/uploads\/2024\/04\/8110PA-985x1024.png","type":"image\/png"}],"twitter_card":"summary_large_image","twitter_misc":{"Dur\u00e9e de lecture estim\u00e9e":"1 minute"},"schema":{"@context":"https:\/\/schema.org","@graph":[{"@type":"WebPage","@id":"https:\/\/delorenzoglobal.com\/fr\/produit\/formateur-avance-en-pneumatique\/","url":"https:\/\/delorenzoglobal.com\/fr\/produit\/formateur-avance-en-pneumatique\/","name":"ENTRA\u00ceNEUR PNEUMATIQUE MODULAIRE AVANC\u00c9 - De Lorenzo Training &amp; Didactical Equipment","isPartOf":{"@id":"https:\/\/delorenzoglobal.com\/fr\/#website"},"primaryImageOfPage":{"@id":"https:\/\/delorenzoglobal.com\/fr\/produit\/formateur-avance-en-pneumatique\/#primaryimage"},"image":{"@id":"https:\/\/delorenzoglobal.com\/fr\/produit\/formateur-avance-en-pneumatique\/#primaryimage"},"thumbnailUrl":"https:\/\/delorenzoglobal.com\/wp-content\/uploads\/2024\/04\/8110PA.png","datePublished":"2024-04-10T08:02:11+00:00","dateModified":"2025-04-28T06:58:51+00:00","breadcrumb":{"@id":"https:\/\/delorenzoglobal.com\/fr\/produit\/formateur-avance-en-pneumatique\/#breadcrumb"},"inLanguage":"fr-FR","potentialAction":[{"@type":"ReadAction","target":["https:\/\/delorenzoglobal.com\/fr\/produit\/formateur-avance-en-pneumatique\/"]}]},{"@type":"ImageObject","inLanguage":"fr-FR","@id":"https:\/\/delorenzoglobal.com\/fr\/produit\/formateur-avance-en-pneumatique\/#primaryimage","url":"https:\/\/delorenzoglobal.com\/wp-content\/uploads\/2024\/04\/8110PA.png","contentUrl":"https:\/\/delorenzoglobal.com\/wp-content\/uploads\/2024\/04\/8110PA.png","width":3425,"height":3560},{"@type":"BreadcrumbList","@id":"https:\/\/delorenzoglobal.com\/fr\/produit\/formateur-avance-en-pneumatique\/#breadcrumb","itemListElement":[{"@type":"ListItem","position":1,"name":"Home","item":"https:\/\/delorenzoglobal.com\/fr\/"},{"@type":"ListItem","position":2,"name":"Boutique","item":"https:\/\/delorenzoglobal.com\/fr\/boutique\/"},{"@type":"ListItem","position":3,"name":"ENTRA\u00ceNEUR PNEUMATIQUE MODULAIRE AVANC\u00c9"}]},{"@type":"WebSite","@id":"https:\/\/delorenzoglobal.com\/fr\/#website","url":"https:\/\/delorenzoglobal.com\/fr\/","name":"De Lorenzo Training &amp; Didactical Equipment","description":"","potentialAction":[{"@type":"SearchAction","target":{"@type":"EntryPoint","urlTemplate":"https:\/\/delorenzoglobal.com\/fr\/?s={search_term_string}"},"query-input":{"@type":"PropertyValueSpecification","valueRequired":true,"valueName":"search_term_string"}}],"inLanguage":"fr-FR"}]}},"_links":{"self":[{"href":"https:\/\/delorenzoglobal.com\/fr\/wp-json\/wp\/v2\/product\/2468","targetHints":{"allow":["GET"]}}],"collection":[{"href":"https:\/\/delorenzoglobal.com\/fr\/wp-json\/wp\/v2\/product"}],"about":[{"href":"https:\/\/delorenzoglobal.com\/fr\/wp-json\/wp\/v2\/types\/product"}],"wp:featuredmedia":[{"embeddable":true,"href":"https:\/\/delorenzoglobal.com\/fr\/wp-json\/wp\/v2\/media\/21763"}],"wp:attachment":[{"href":"https:\/\/delorenzoglobal.com\/fr\/wp-json\/wp\/v2\/media?parent=2468"}],"wp:term":[{"taxonomy":"product_brand","embeddable":true,"href":"https:\/\/delorenzoglobal.com\/fr\/wp-json\/wp\/v2\/product_brand?post=2468"},{"taxonomy":"product_cat","embeddable":true,"href":"https:\/\/delorenzoglobal.com\/fr\/wp-json\/wp\/v2\/product_cat?post=2468"},{"taxonomy":"product_tag","embeddable":true,"href":"https:\/\/delorenzoglobal.com\/fr\/wp-json\/wp\/v2\/product_tag?post=2468"}],"curies":[{"name":"wp","href":"https:\/\/api.w.org\/{rel}","templated":true}]}}