{"id":24662,"date":"2024-12-19T16:44:25","date_gmt":"2024-12-19T15:44:25","guid":{"rendered":"https:\/\/delorenzoglobal.com\/?post_type=product&#038;p=24662"},"modified":"2026-03-09T14:32:18","modified_gmt":"2026-03-09T13:32:18","slug":"systeme-pour-letude-de-la-deconnexion-du-bloc-batterie-dans-les-vehicules-hybrides-et-electriques-2","status":"publish","type":"product","link":"https:\/\/delorenzoglobal.com\/fr\/produit\/systeme-pour-letude-de-la-deconnexion-du-bloc-batterie-dans-les-vehicules-hybrides-et-electriques-2\/","title":{"rendered":"SYST\u00c8ME POUR L&rsquo;\u00c9TUDE DE LA D\u00c9CONNEXION DU  BLOC BATTERIE DANS LES V\u00c9HICULES HYBRIDES ET \u00c9LECTRIQUES"},"content":{"rendered":"<p>Le simulateur <strong>DL HV-LST<\/strong> aidera les \u00e9tudiants \u00e0 apprendre facilement et en toute s\u00e9curit\u00e9 les \u00e9tapes de mise hors tension des v\u00e9hicules hybrides et \u00e9lectriques \u00e9quip\u00e9s de divers syst\u00e8mes HV avant de les ex\u00e9cuter sur un v\u00e9hicule r\u00e9el \u00e9quip\u00e9 d&rsquo;un syst\u00e8me HV.<\/p>\n<p>La mise hors tension peut \u00eatre effectu\u00e9e \u00e0 l&rsquo;aide d&rsquo;une v\u00e9ritable fiche de service \u00e0 deux niveaux et d&rsquo;un connecteur de verrouillage. En plus de la mise hors tension, il est \u00e9galement possible d&rsquo;effectuer des mesures de r\u00e9f\u00e9rence, de tension r\u00e9siduelle, de r\u00e9sistance d&rsquo;isolement et d&rsquo;\u00e9quipotentielle.<\/p>\n<p>Il est \u00e9quip\u00e9 de trois \u00e9crans LCD pour afficher diverses informations (\u00e9tats, codes pannes, tensions, etc.). Son utilisation est totalement s\u00fbre et en cas de contact accidentel, le niveau de tension ne d\u00e9passe pas 40 V.<\/p>\n","protected":false},"excerpt":{"rendered":"<p>Le simulateur DL HV-LST aidera les \u00e9tudiants \u00e0 apprendre facilement et en toute s\u00e9curit\u00e9 les \u00e9tapes de mise hors tension des v\u00e9hicules hybrides et \u00e9lectriques \u00e9quip\u00e9s de divers syst\u00e8mes HV avant de les ex\u00e9cuter sur un v\u00e9hicule r\u00e9el \u00e9quip\u00e9 d&rsquo;un syst\u00e8me HV. La mise hors tension peut \u00eatre effectu\u00e9e \u00e0 l&rsquo;aide d&rsquo;une v\u00e9ritable fiche de [&hellip;]<\/p>\n","protected":false},"featured_media":69233,"template":"","meta":{"_acf_changed":false},"product_brand":[],"product_cat":[3155,383,386],"product_tag":[],"class_list":{"0":"post-24662","1":"product","2":"type-product","3":"status-publish","4":"has-post-thumbnail","6":"product_cat-systemes-de-base-pour-lautotronique","7":"product_cat-vehicule-hybride","8":"product_cat-vehicule-electrique","10":"first","11":"instock","12":"shipping-taxable","13":"product-type-simple"},"acf":[],"yoast_head":"<!-- This site is optimized with the Yoast SEO plugin v27.0 - https:\/\/yoast.com\/product\/yoast-seo-wordpress\/ -->\n<title>SYST\u00c8ME POUR L&#039;\u00c9TUDE DE LA D\u00c9CONNEXION DU BLOC BATTERIE DANS LES V\u00c9HICULES HYBRIDES ET \u00c9LECTRIQUES - De Lorenzo Training &amp; Didactical Equipment<\/title>\n<meta name=\"robots\" content=\"index, follow, max-snippet:-1, max-image-preview:large, max-video-preview:-1\" \/>\n<link rel=\"canonical\" href=\"https:\/\/delorenzoglobal.com\/fr\/produit\/systeme-pour-letude-de-la-deconnexion-du-bloc-batterie-dans-les-vehicules-hybrides-et-electriques-2\/\" \/>\n<meta property=\"og:locale\" content=\"fr_FR\" \/>\n<meta property=\"og:type\" content=\"article\" \/>\n<meta property=\"og:title\" content=\"SYST\u00c8ME POUR L&#039;\u00c9TUDE DE LA D\u00c9CONNEXION DU BLOC BATTERIE DANS LES V\u00c9HICULES HYBRIDES ET \u00c9LECTRIQUES - De Lorenzo Training &amp; Didactical Equipment\" \/>\n<meta property=\"og:description\" content=\"Le simulateur DL HV-LST aidera les \u00e9tudiants \u00e0 apprendre facilement et en toute s\u00e9curit\u00e9 les \u00e9tapes de mise hors tension des v\u00e9hicules hybrides et \u00e9lectriques \u00e9quip\u00e9s de divers syst\u00e8mes HV avant de les ex\u00e9cuter sur un v\u00e9hicule r\u00e9el \u00e9quip\u00e9 d&rsquo;un syst\u00e8me HV. La mise hors tension peut \u00eatre effectu\u00e9e \u00e0 l&rsquo;aide d&rsquo;une v\u00e9ritable fiche de [&hellip;]\" \/>\n<meta property=\"og:url\" content=\"https:\/\/delorenzoglobal.com\/fr\/produit\/systeme-pour-letude-de-la-deconnexion-du-bloc-batterie-dans-les-vehicules-hybrides-et-electriques-2\/\" \/>\n<meta property=\"og:site_name\" content=\"De Lorenzo Training &amp; Didactical Equipment\" \/>\n<meta property=\"article:modified_time\" content=\"2026-03-09T13:32:18+00:00\" \/>\n<meta property=\"og:image\" content=\"https:\/\/delorenzoglobal.com\/wp-content\/uploads\/2024\/12\/DRE1.jpg\" \/>\n\t<meta property=\"og:image:width\" content=\"1239\" \/>\n\t<meta property=\"og:image:height\" content=\"852\" \/>\n\t<meta property=\"og:image:type\" content=\"image\/jpeg\" \/>\n<meta name=\"twitter:card\" content=\"summary_large_image\" \/>\n<meta name=\"twitter:label1\" content=\"Dur\u00e9e de lecture estim\u00e9e\" \/>\n\t<meta name=\"twitter:data1\" content=\"1 minute\" \/>\n<script type=\"application\/ld+json\" class=\"yoast-schema-graph\">{\"@context\":\"https:\/\/schema.org\",\"@graph\":[{\"@type\":\"WebPage\",\"@id\":\"https:\/\/delorenzoglobal.com\/fr\/produit\/systeme-pour-letude-de-la-deconnexion-du-bloc-batterie-dans-les-vehicules-hybrides-et-electriques-2\/\",\"url\":\"https:\/\/delorenzoglobal.com\/fr\/produit\/systeme-pour-letude-de-la-deconnexion-du-bloc-batterie-dans-les-vehicules-hybrides-et-electriques-2\/\",\"name\":\"SYST\u00c8ME POUR L'\u00c9TUDE DE LA D\u00c9CONNEXION DU BLOC BATTERIE DANS LES V\u00c9HICULES HYBRIDES ET \u00c9LECTRIQUES - De Lorenzo Training &amp; Didactical Equipment\",\"isPartOf\":{\"@id\":\"https:\/\/delorenzoglobal.com\/fr\/#website\"},\"primaryImageOfPage\":{\"@id\":\"https:\/\/delorenzoglobal.com\/fr\/produit\/systeme-pour-letude-de-la-deconnexion-du-bloc-batterie-dans-les-vehicules-hybrides-et-electriques-2\/#primaryimage\"},\"image\":{\"@id\":\"https:\/\/delorenzoglobal.com\/fr\/produit\/systeme-pour-letude-de-la-deconnexion-du-bloc-batterie-dans-les-vehicules-hybrides-et-electriques-2\/#primaryimage\"},\"thumbnailUrl\":\"https:\/\/delorenzoglobal.com\/wp-content\/uploads\/2024\/12\/DRE1.jpg\",\"datePublished\":\"2024-12-19T15:44:25+00:00\",\"dateModified\":\"2026-03-09T13:32:18+00:00\",\"breadcrumb\":{\"@id\":\"https:\/\/delorenzoglobal.com\/fr\/produit\/systeme-pour-letude-de-la-deconnexion-du-bloc-batterie-dans-les-vehicules-hybrides-et-electriques-2\/#breadcrumb\"},\"inLanguage\":\"fr-FR\",\"potentialAction\":[{\"@type\":\"ReadAction\",\"target\":[\"https:\/\/delorenzoglobal.com\/fr\/produit\/systeme-pour-letude-de-la-deconnexion-du-bloc-batterie-dans-les-vehicules-hybrides-et-electriques-2\/\"]}]},{\"@type\":\"ImageObject\",\"inLanguage\":\"fr-FR\",\"@id\":\"https:\/\/delorenzoglobal.com\/fr\/produit\/systeme-pour-letude-de-la-deconnexion-du-bloc-batterie-dans-les-vehicules-hybrides-et-electriques-2\/#primaryimage\",\"url\":\"https:\/\/delorenzoglobal.com\/wp-content\/uploads\/2024\/12\/DRE1.jpg\",\"contentUrl\":\"https:\/\/delorenzoglobal.com\/wp-content\/uploads\/2024\/12\/DRE1.jpg\",\"width\":1239,\"height\":852},{\"@type\":\"BreadcrumbList\",\"@id\":\"https:\/\/delorenzoglobal.com\/fr\/produit\/systeme-pour-letude-de-la-deconnexion-du-bloc-batterie-dans-les-vehicules-hybrides-et-electriques-2\/#breadcrumb\",\"itemListElement\":[{\"@type\":\"ListItem\",\"position\":1,\"name\":\"Home\",\"item\":\"https:\/\/delorenzoglobal.com\/fr\/\"},{\"@type\":\"ListItem\",\"position\":2,\"name\":\"Boutique\",\"item\":\"https:\/\/delorenzoglobal.com\/fr\/boutique\/\"},{\"@type\":\"ListItem\",\"position\":3,\"name\":\"SYST\u00c8ME POUR L&#8217;\u00c9TUDE DE LA D\u00c9CONNEXION DU BLOC BATTERIE DANS LES V\u00c9HICULES HYBRIDES ET \u00c9LECTRIQUES\"}]},{\"@type\":\"WebSite\",\"@id\":\"https:\/\/delorenzoglobal.com\/fr\/#website\",\"url\":\"https:\/\/delorenzoglobal.com\/fr\/\",\"name\":\"De Lorenzo Training &amp; Didactical Equipment\",\"description\":\"\",\"potentialAction\":[{\"@type\":\"SearchAction\",\"target\":{\"@type\":\"EntryPoint\",\"urlTemplate\":\"https:\/\/delorenzoglobal.com\/fr\/?s={search_term_string}\"},\"query-input\":{\"@type\":\"PropertyValueSpecification\",\"valueRequired\":true,\"valueName\":\"search_term_string\"}}],\"inLanguage\":\"fr-FR\"}]}<\/script>\n<!-- \/ Yoast SEO plugin. -->","yoast_head_json":{"title":"SYST\u00c8ME POUR L'\u00c9TUDE DE LA D\u00c9CONNEXION DU BLOC BATTERIE DANS LES V\u00c9HICULES HYBRIDES ET \u00c9LECTRIQUES - De Lorenzo Training &amp; Didactical Equipment","robots":{"index":"index","follow":"follow","max-snippet":"max-snippet:-1","max-image-preview":"max-image-preview:large","max-video-preview":"max-video-preview:-1"},"canonical":"https:\/\/delorenzoglobal.com\/fr\/produit\/systeme-pour-letude-de-la-deconnexion-du-bloc-batterie-dans-les-vehicules-hybrides-et-electriques-2\/","og_locale":"fr_FR","og_type":"article","og_title":"SYST\u00c8ME POUR L'\u00c9TUDE DE LA D\u00c9CONNEXION DU BLOC BATTERIE DANS LES V\u00c9HICULES HYBRIDES ET \u00c9LECTRIQUES - De Lorenzo Training &amp; Didactical Equipment","og_description":"Le simulateur DL HV-LST aidera les \u00e9tudiants \u00e0 apprendre facilement et en toute s\u00e9curit\u00e9 les \u00e9tapes de mise hors tension des v\u00e9hicules hybrides et \u00e9lectriques \u00e9quip\u00e9s de divers syst\u00e8mes HV avant de les ex\u00e9cuter sur un v\u00e9hicule r\u00e9el \u00e9quip\u00e9 d&rsquo;un syst\u00e8me HV. La mise hors tension peut \u00eatre effectu\u00e9e \u00e0 l&rsquo;aide d&rsquo;une v\u00e9ritable fiche de [&hellip;]","og_url":"https:\/\/delorenzoglobal.com\/fr\/produit\/systeme-pour-letude-de-la-deconnexion-du-bloc-batterie-dans-les-vehicules-hybrides-et-electriques-2\/","og_site_name":"De Lorenzo Training &amp; Didactical Equipment","article_modified_time":"2026-03-09T13:32:18+00:00","og_image":[{"width":1239,"height":852,"url":"https:\/\/delorenzoglobal.com\/wp-content\/uploads\/2024\/12\/DRE1.jpg","type":"image\/jpeg"}],"twitter_card":"summary_large_image","twitter_misc":{"Dur\u00e9e de lecture estim\u00e9e":"1 minute"},"schema":{"@context":"https:\/\/schema.org","@graph":[{"@type":"WebPage","@id":"https:\/\/delorenzoglobal.com\/fr\/produit\/systeme-pour-letude-de-la-deconnexion-du-bloc-batterie-dans-les-vehicules-hybrides-et-electriques-2\/","url":"https:\/\/delorenzoglobal.com\/fr\/produit\/systeme-pour-letude-de-la-deconnexion-du-bloc-batterie-dans-les-vehicules-hybrides-et-electriques-2\/","name":"SYST\u00c8ME POUR L'\u00c9TUDE DE LA D\u00c9CONNEXION DU BLOC BATTERIE DANS LES V\u00c9HICULES HYBRIDES ET \u00c9LECTRIQUES - De Lorenzo Training &amp; Didactical Equipment","isPartOf":{"@id":"https:\/\/delorenzoglobal.com\/fr\/#website"},"primaryImageOfPage":{"@id":"https:\/\/delorenzoglobal.com\/fr\/produit\/systeme-pour-letude-de-la-deconnexion-du-bloc-batterie-dans-les-vehicules-hybrides-et-electriques-2\/#primaryimage"},"image":{"@id":"https:\/\/delorenzoglobal.com\/fr\/produit\/systeme-pour-letude-de-la-deconnexion-du-bloc-batterie-dans-les-vehicules-hybrides-et-electriques-2\/#primaryimage"},"thumbnailUrl":"https:\/\/delorenzoglobal.com\/wp-content\/uploads\/2024\/12\/DRE1.jpg","datePublished":"2024-12-19T15:44:25+00:00","dateModified":"2026-03-09T13:32:18+00:00","breadcrumb":{"@id":"https:\/\/delorenzoglobal.com\/fr\/produit\/systeme-pour-letude-de-la-deconnexion-du-bloc-batterie-dans-les-vehicules-hybrides-et-electriques-2\/#breadcrumb"},"inLanguage":"fr-FR","potentialAction":[{"@type":"ReadAction","target":["https:\/\/delorenzoglobal.com\/fr\/produit\/systeme-pour-letude-de-la-deconnexion-du-bloc-batterie-dans-les-vehicules-hybrides-et-electriques-2\/"]}]},{"@type":"ImageObject","inLanguage":"fr-FR","@id":"https:\/\/delorenzoglobal.com\/fr\/produit\/systeme-pour-letude-de-la-deconnexion-du-bloc-batterie-dans-les-vehicules-hybrides-et-electriques-2\/#primaryimage","url":"https:\/\/delorenzoglobal.com\/wp-content\/uploads\/2024\/12\/DRE1.jpg","contentUrl":"https:\/\/delorenzoglobal.com\/wp-content\/uploads\/2024\/12\/DRE1.jpg","width":1239,"height":852},{"@type":"BreadcrumbList","@id":"https:\/\/delorenzoglobal.com\/fr\/produit\/systeme-pour-letude-de-la-deconnexion-du-bloc-batterie-dans-les-vehicules-hybrides-et-electriques-2\/#breadcrumb","itemListElement":[{"@type":"ListItem","position":1,"name":"Home","item":"https:\/\/delorenzoglobal.com\/fr\/"},{"@type":"ListItem","position":2,"name":"Boutique","item":"https:\/\/delorenzoglobal.com\/fr\/boutique\/"},{"@type":"ListItem","position":3,"name":"SYST\u00c8ME POUR L&#8217;\u00c9TUDE DE LA D\u00c9CONNEXION DU BLOC BATTERIE DANS LES V\u00c9HICULES HYBRIDES ET \u00c9LECTRIQUES"}]},{"@type":"WebSite","@id":"https:\/\/delorenzoglobal.com\/fr\/#website","url":"https:\/\/delorenzoglobal.com\/fr\/","name":"De Lorenzo Training &amp; Didactical Equipment","description":"","potentialAction":[{"@type":"SearchAction","target":{"@type":"EntryPoint","urlTemplate":"https:\/\/delorenzoglobal.com\/fr\/?s={search_term_string}"},"query-input":{"@type":"PropertyValueSpecification","valueRequired":true,"valueName":"search_term_string"}}],"inLanguage":"fr-FR"}]}},"_links":{"self":[{"href":"https:\/\/delorenzoglobal.com\/fr\/wp-json\/wp\/v2\/product\/24662","targetHints":{"allow":["GET"]}}],"collection":[{"href":"https:\/\/delorenzoglobal.com\/fr\/wp-json\/wp\/v2\/product"}],"about":[{"href":"https:\/\/delorenzoglobal.com\/fr\/wp-json\/wp\/v2\/types\/product"}],"wp:featuredmedia":[{"embeddable":true,"href":"https:\/\/delorenzoglobal.com\/fr\/wp-json\/wp\/v2\/media\/69233"}],"wp:attachment":[{"href":"https:\/\/delorenzoglobal.com\/fr\/wp-json\/wp\/v2\/media?parent=24662"}],"wp:term":[{"taxonomy":"product_brand","embeddable":true,"href":"https:\/\/delorenzoglobal.com\/fr\/wp-json\/wp\/v2\/product_brand?post=24662"},{"taxonomy":"product_cat","embeddable":true,"href":"https:\/\/delorenzoglobal.com\/fr\/wp-json\/wp\/v2\/product_cat?post=24662"},{"taxonomy":"product_tag","embeddable":true,"href":"https:\/\/delorenzoglobal.com\/fr\/wp-json\/wp\/v2\/product_tag?post=24662"}],"curies":[{"name":"wp","href":"https:\/\/api.w.org\/{rel}","templated":true}]}}