{"id":24623,"date":"2024-12-19T15:51:43","date_gmt":"2024-12-19T14:51:43","guid":{"rendered":"https:\/\/delorenzoglobal.com\/?post_type=product&#038;p=24623"},"modified":"2025-01-29T09:32:29","modified_gmt":"2025-01-29T08:32:29","slug":"circuit-de-charge-et-de-demarrage","status":"publish","type":"product","link":"https:\/\/delorenzoglobal.com\/fr\/produit\/circuit-de-charge-et-de-demarrage\/","title":{"rendered":"CIRCUIT DE CHARGE ET DE D\u00c9MARRAGE"},"content":{"rendered":"<p>Le design et la construction des circuits \u00e9lectriques pour r\u00e9soudre les probl\u00e8mes pratique est une technique essentielle dans le champ de l\u2019ing\u00e9nierie \u00e9lectronique et l\u2019ing\u00e9nierie informatique.<\/p>\n<p>Avec ce tableau les \u00e9tudiants peuvent \u00e9tudier et analyser les circuits de recharge de la batterie et le d\u00e9marrage du moteur.<\/p>\n","protected":false},"excerpt":{"rendered":"<p>Le design et la construction des circuits \u00e9lectriques pour r\u00e9soudre les probl\u00e8mes pratique est une technique essentielle dans le champ de l\u2019ing\u00e9nierie \u00e9lectronique et l\u2019ing\u00e9nierie informatique. Avec ce tableau les \u00e9tudiants peuvent \u00e9tudier et analyser les circuits de recharge de la batterie et le d\u00e9marrage du moteur.<\/p>\n","protected":false},"featured_media":24616,"template":"","meta":{"_acf_changed":false},"product_brand":[],"product_cat":[355],"product_tag":[],"class_list":{"0":"post-24623","1":"product","2":"type-product","3":"status-publish","4":"has-post-thumbnail","6":"product_cat-systeme-de-plate-forme-time-fr","8":"first","9":"instock","10":"shipping-taxable","11":"product-type-simple"},"acf":[],"yoast_head":"<!-- This site is optimized with the Yoast SEO plugin v27.0 - https:\/\/yoast.com\/product\/yoast-seo-wordpress\/ -->\n<title>CIRCUIT DE CHARGE ET DE D\u00c9MARRAGE - De Lorenzo Training &amp; Didactical Equipment<\/title>\n<meta name=\"robots\" content=\"index, follow, max-snippet:-1, max-image-preview:large, max-video-preview:-1\" \/>\n<link rel=\"canonical\" href=\"https:\/\/delorenzoglobal.com\/fr\/produit\/circuit-de-charge-et-de-demarrage\/\" \/>\n<meta property=\"og:locale\" content=\"fr_FR\" \/>\n<meta property=\"og:type\" content=\"article\" \/>\n<meta property=\"og:title\" content=\"CIRCUIT DE CHARGE ET DE D\u00c9MARRAGE - De Lorenzo Training &amp; Didactical Equipment\" \/>\n<meta property=\"og:description\" content=\"Le design et la construction des circuits \u00e9lectriques pour r\u00e9soudre les probl\u00e8mes pratique est une technique essentielle dans le champ de l\u2019ing\u00e9nierie \u00e9lectronique et l\u2019ing\u00e9nierie informatique. Avec ce tableau les \u00e9tudiants peuvent \u00e9tudier et analyser les circuits de recharge de la batterie et le d\u00e9marrage du moteur.\" \/>\n<meta property=\"og:url\" content=\"https:\/\/delorenzoglobal.com\/fr\/produit\/circuit-de-charge-et-de-demarrage\/\" \/>\n<meta property=\"og:site_name\" content=\"De Lorenzo Training &amp; Didactical Equipment\" \/>\n<meta property=\"article:modified_time\" content=\"2025-01-29T08:32:29+00:00\" \/>\n<meta property=\"og:image\" content=\"https:\/\/delorenzoglobal.com\/wp-content\/uploads\/2024\/12\/DL-3155A02-scaled.jpg\" \/>\n\t<meta property=\"og:image:width\" content=\"2560\" \/>\n\t<meta property=\"og:image:height\" content=\"2229\" \/>\n\t<meta property=\"og:image:type\" content=\"image\/jpeg\" \/>\n<meta name=\"twitter:card\" content=\"summary_large_image\" \/>\n<meta name=\"twitter:label1\" content=\"Dur\u00e9e de lecture estim\u00e9e\" \/>\n\t<meta name=\"twitter:data1\" content=\"1 minute\" \/>\n<script type=\"application\/ld+json\" class=\"yoast-schema-graph\">{\"@context\":\"https:\/\/schema.org\",\"@graph\":[{\"@type\":\"WebPage\",\"@id\":\"https:\/\/delorenzoglobal.com\/fr\/produit\/circuit-de-charge-et-de-demarrage\/\",\"url\":\"https:\/\/delorenzoglobal.com\/fr\/produit\/circuit-de-charge-et-de-demarrage\/\",\"name\":\"CIRCUIT DE CHARGE ET DE D\u00c9MARRAGE - De Lorenzo Training &amp; Didactical Equipment\",\"isPartOf\":{\"@id\":\"https:\/\/delorenzoglobal.com\/fr\/#website\"},\"primaryImageOfPage\":{\"@id\":\"https:\/\/delorenzoglobal.com\/fr\/produit\/circuit-de-charge-et-de-demarrage\/#primaryimage\"},\"image\":{\"@id\":\"https:\/\/delorenzoglobal.com\/fr\/produit\/circuit-de-charge-et-de-demarrage\/#primaryimage\"},\"thumbnailUrl\":\"https:\/\/delorenzoglobal.com\/wp-content\/uploads\/2024\/12\/DL-3155A02-scaled.jpg\",\"datePublished\":\"2024-12-19T14:51:43+00:00\",\"dateModified\":\"2025-01-29T08:32:29+00:00\",\"breadcrumb\":{\"@id\":\"https:\/\/delorenzoglobal.com\/fr\/produit\/circuit-de-charge-et-de-demarrage\/#breadcrumb\"},\"inLanguage\":\"fr-FR\",\"potentialAction\":[{\"@type\":\"ReadAction\",\"target\":[\"https:\/\/delorenzoglobal.com\/fr\/produit\/circuit-de-charge-et-de-demarrage\/\"]}]},{\"@type\":\"ImageObject\",\"inLanguage\":\"fr-FR\",\"@id\":\"https:\/\/delorenzoglobal.com\/fr\/produit\/circuit-de-charge-et-de-demarrage\/#primaryimage\",\"url\":\"https:\/\/delorenzoglobal.com\/wp-content\/uploads\/2024\/12\/DL-3155A02-scaled.jpg\",\"contentUrl\":\"https:\/\/delorenzoglobal.com\/wp-content\/uploads\/2024\/12\/DL-3155A02-scaled.jpg\",\"width\":2560,\"height\":2229},{\"@type\":\"BreadcrumbList\",\"@id\":\"https:\/\/delorenzoglobal.com\/fr\/produit\/circuit-de-charge-et-de-demarrage\/#breadcrumb\",\"itemListElement\":[{\"@type\":\"ListItem\",\"position\":1,\"name\":\"Home\",\"item\":\"https:\/\/delorenzoglobal.com\/fr\/\"},{\"@type\":\"ListItem\",\"position\":2,\"name\":\"Boutique\",\"item\":\"https:\/\/delorenzoglobal.com\/fr\/boutique\/\"},{\"@type\":\"ListItem\",\"position\":3,\"name\":\"CIRCUIT DE CHARGE ET DE D\u00c9MARRAGE\"}]},{\"@type\":\"WebSite\",\"@id\":\"https:\/\/delorenzoglobal.com\/fr\/#website\",\"url\":\"https:\/\/delorenzoglobal.com\/fr\/\",\"name\":\"De Lorenzo Training &amp; Didactical Equipment\",\"description\":\"\",\"potentialAction\":[{\"@type\":\"SearchAction\",\"target\":{\"@type\":\"EntryPoint\",\"urlTemplate\":\"https:\/\/delorenzoglobal.com\/fr\/?s={search_term_string}\"},\"query-input\":{\"@type\":\"PropertyValueSpecification\",\"valueRequired\":true,\"valueName\":\"search_term_string\"}}],\"inLanguage\":\"fr-FR\"}]}<\/script>\n<!-- \/ Yoast SEO plugin. -->","yoast_head_json":{"title":"CIRCUIT DE CHARGE ET DE D\u00c9MARRAGE - De Lorenzo Training &amp; Didactical Equipment","robots":{"index":"index","follow":"follow","max-snippet":"max-snippet:-1","max-image-preview":"max-image-preview:large","max-video-preview":"max-video-preview:-1"},"canonical":"https:\/\/delorenzoglobal.com\/fr\/produit\/circuit-de-charge-et-de-demarrage\/","og_locale":"fr_FR","og_type":"article","og_title":"CIRCUIT DE CHARGE ET DE D\u00c9MARRAGE - De Lorenzo Training &amp; Didactical Equipment","og_description":"Le design et la construction des circuits \u00e9lectriques pour r\u00e9soudre les probl\u00e8mes pratique est une technique essentielle dans le champ de l\u2019ing\u00e9nierie \u00e9lectronique et l\u2019ing\u00e9nierie informatique. Avec ce tableau les \u00e9tudiants peuvent \u00e9tudier et analyser les circuits de recharge de la batterie et le d\u00e9marrage du moteur.","og_url":"https:\/\/delorenzoglobal.com\/fr\/produit\/circuit-de-charge-et-de-demarrage\/","og_site_name":"De Lorenzo Training &amp; Didactical Equipment","article_modified_time":"2025-01-29T08:32:29+00:00","og_image":[{"width":2560,"height":2229,"url":"https:\/\/delorenzoglobal.com\/wp-content\/uploads\/2024\/12\/DL-3155A02-scaled.jpg","type":"image\/jpeg"}],"twitter_card":"summary_large_image","twitter_misc":{"Dur\u00e9e de lecture estim\u00e9e":"1 minute"},"schema":{"@context":"https:\/\/schema.org","@graph":[{"@type":"WebPage","@id":"https:\/\/delorenzoglobal.com\/fr\/produit\/circuit-de-charge-et-de-demarrage\/","url":"https:\/\/delorenzoglobal.com\/fr\/produit\/circuit-de-charge-et-de-demarrage\/","name":"CIRCUIT DE CHARGE ET DE D\u00c9MARRAGE - De Lorenzo Training &amp; Didactical Equipment","isPartOf":{"@id":"https:\/\/delorenzoglobal.com\/fr\/#website"},"primaryImageOfPage":{"@id":"https:\/\/delorenzoglobal.com\/fr\/produit\/circuit-de-charge-et-de-demarrage\/#primaryimage"},"image":{"@id":"https:\/\/delorenzoglobal.com\/fr\/produit\/circuit-de-charge-et-de-demarrage\/#primaryimage"},"thumbnailUrl":"https:\/\/delorenzoglobal.com\/wp-content\/uploads\/2024\/12\/DL-3155A02-scaled.jpg","datePublished":"2024-12-19T14:51:43+00:00","dateModified":"2025-01-29T08:32:29+00:00","breadcrumb":{"@id":"https:\/\/delorenzoglobal.com\/fr\/produit\/circuit-de-charge-et-de-demarrage\/#breadcrumb"},"inLanguage":"fr-FR","potentialAction":[{"@type":"ReadAction","target":["https:\/\/delorenzoglobal.com\/fr\/produit\/circuit-de-charge-et-de-demarrage\/"]}]},{"@type":"ImageObject","inLanguage":"fr-FR","@id":"https:\/\/delorenzoglobal.com\/fr\/produit\/circuit-de-charge-et-de-demarrage\/#primaryimage","url":"https:\/\/delorenzoglobal.com\/wp-content\/uploads\/2024\/12\/DL-3155A02-scaled.jpg","contentUrl":"https:\/\/delorenzoglobal.com\/wp-content\/uploads\/2024\/12\/DL-3155A02-scaled.jpg","width":2560,"height":2229},{"@type":"BreadcrumbList","@id":"https:\/\/delorenzoglobal.com\/fr\/produit\/circuit-de-charge-et-de-demarrage\/#breadcrumb","itemListElement":[{"@type":"ListItem","position":1,"name":"Home","item":"https:\/\/delorenzoglobal.com\/fr\/"},{"@type":"ListItem","position":2,"name":"Boutique","item":"https:\/\/delorenzoglobal.com\/fr\/boutique\/"},{"@type":"ListItem","position":3,"name":"CIRCUIT DE CHARGE ET DE D\u00c9MARRAGE"}]},{"@type":"WebSite","@id":"https:\/\/delorenzoglobal.com\/fr\/#website","url":"https:\/\/delorenzoglobal.com\/fr\/","name":"De Lorenzo Training &amp; Didactical Equipment","description":"","potentialAction":[{"@type":"SearchAction","target":{"@type":"EntryPoint","urlTemplate":"https:\/\/delorenzoglobal.com\/fr\/?s={search_term_string}"},"query-input":{"@type":"PropertyValueSpecification","valueRequired":true,"valueName":"search_term_string"}}],"inLanguage":"fr-FR"}]}},"_links":{"self":[{"href":"https:\/\/delorenzoglobal.com\/fr\/wp-json\/wp\/v2\/product\/24623","targetHints":{"allow":["GET"]}}],"collection":[{"href":"https:\/\/delorenzoglobal.com\/fr\/wp-json\/wp\/v2\/product"}],"about":[{"href":"https:\/\/delorenzoglobal.com\/fr\/wp-json\/wp\/v2\/types\/product"}],"wp:featuredmedia":[{"embeddable":true,"href":"https:\/\/delorenzoglobal.com\/fr\/wp-json\/wp\/v2\/media\/24616"}],"wp:attachment":[{"href":"https:\/\/delorenzoglobal.com\/fr\/wp-json\/wp\/v2\/media?parent=24623"}],"wp:term":[{"taxonomy":"product_brand","embeddable":true,"href":"https:\/\/delorenzoglobal.com\/fr\/wp-json\/wp\/v2\/product_brand?post=24623"},{"taxonomy":"product_cat","embeddable":true,"href":"https:\/\/delorenzoglobal.com\/fr\/wp-json\/wp\/v2\/product_cat?post=24623"},{"taxonomy":"product_tag","embeddable":true,"href":"https:\/\/delorenzoglobal.com\/fr\/wp-json\/wp\/v2\/product_tag?post=24623"}],"curies":[{"name":"wp","href":"https:\/\/api.w.org\/{rel}","templated":true}]}}