{"id":24604,"date":"2024-12-19T15:32:26","date_gmt":"2024-12-19T14:32:26","guid":{"rendered":"https:\/\/delorenzoglobal.com\/?post_type=product&#038;p=24604"},"modified":"2025-05-07T16:31:00","modified_gmt":"2025-05-07T14:31:00","slug":"laboratoires-didactiques-pour-lingenierie-de-lenergie-electrique","status":"publish","type":"product","link":"https:\/\/delorenzoglobal.com\/fr\/produit\/laboratoires-didactiques-pour-lingenierie-de-lenergie-electrique\/","title":{"rendered":"LABORATOIRES DIDACTIQUES POUR L\u2019ING\u00c9NIERIE DE L\u2019\u00c9NERGIE \u00c9LECTRIQUE"},"content":{"rendered":"<p>L&rsquo;\u00e9nergie \u00e9lectrique est un \u00e9l\u00e9ment fondamental pour le d\u00e9veloppement industriel et social, mais sa production, souvent li\u00e9e \u00e0 des combustibles fossiles non renouvelables, doit faire face \u00e0 des d\u00e9fis croissants en raison de l&rsquo;augmentation de la demande mondiale. La gestion efficace des ressources \u00e9nerg\u00e9tiques limit\u00e9es est essentielle, en particulier dans un contexte o\u00f9 les syst\u00e8mes \u00e9lectriques deviennent de plus en plus complexes et n\u00e9cessitent des technologies avanc\u00e9es pour int\u00e9grer les sources renouvelables dans les r\u00e9seaux de demain.<br \/>\n<strong><br \/>\nLes cours propos\u00e9s par De Lorenzo, gr\u00e2ce \u00e0 l&rsquo;utilisation de bancs didactiques de pointe, offrent une <\/strong><strong>opportunit\u00e9 unique d&rsquo;apprendre l&rsquo;ing\u00e9nierie de l&rsquo;\u00e9nergie \u00e9lectrique. Ces outils couvrent toutes les <\/strong><strong>principales \u00e9tapes du secteur: de la production \u00e0 l&rsquo;utilisation de l&rsquo;\u00e9nergie, en passant par la transmission, <\/strong><strong>la distribution et la protection des syst\u00e8mes. Gr\u00e2ce \u00e0 la modularit\u00e9 des bancs, qui reproduisent \u00e0 <\/strong><strong>l&rsquo;\u00e9chelle des sections compl\u00e8tes d&rsquo;un syst\u00e8me \u00e9lectrique avec des \u00e9quipements de niveau industriel, les <\/strong><strong>\u00e9tudiants peuvent exp\u00e9rimenter une flexibilit\u00e9 sans \u00e9gale, adaptable \u00e0 diverses applications. <\/strong>La plateforme SCADA int\u00e9gr\u00e9e permet une surveillance et un contr\u00f4le en temps r\u00e9el, avec un logiciel qui permet de cr\u00e9er et de personnaliser des exp\u00e9riences p\u00e9dagogiques, favorisant ainsi un apprentissage interactif et cibl\u00e9.<br \/>\nLe parcours p\u00e9dagogique propos\u00e9 commence par les concepts de base de l&rsquo;ing\u00e9nierie \u00e9lectrique et progresse vers des simulations avanc\u00e9es de r\u00e9seaux, offrant une compr\u00e9hension approfondie des r\u00e9seaux \u00e9lectriques modernes.<br \/>\n<strong><br \/>\nGr\u00e2ce \u00e0 une approche pratique et r\u00e9aliste, les \u00e9tudiants d\u00e9veloppent des comp\u00e9tences analytiques et <\/strong><strong>des capacit\u00e9s de r\u00e9solution de probl\u00e8mes qui les pr\u00e9parent \u00e0 relever les complexit\u00e9s des syst\u00e8mes <\/strong><strong>d&rsquo;alimentation \u00e9lectrique actuels. Les cours de De Lorenzo offrent non seulement des connaissances <\/strong><strong>th\u00e9oriques, mais aussi des exp\u00e9riences pratiques concr\u00e8tes, formant des professionnels pr\u00eats pour <\/strong><strong>l&rsquo;avenir de l&rsquo;\u00e9nergie.<\/strong><\/p>\n<ul>\n<li>Production D&rsquo;\u00e9lectricit\u00e9<\/li>\n<li>Distribution<\/li>\n<li>Protection Et Gestion<\/li>\n<\/ul>\n","protected":false},"excerpt":{"rendered":"<p>L&rsquo;\u00e9nergie \u00e9lectrique est un \u00e9l\u00e9ment fondamental pour le d\u00e9veloppement industriel et social, mais sa production, souvent li\u00e9e \u00e0 des combustibles fossiles non renouvelables, doit faire face \u00e0 des d\u00e9fis croissants en raison de l&rsquo;augmentation de la demande mondiale. La gestion efficace des ressources \u00e9nerg\u00e9tiques limit\u00e9es est essentielle, en particulier dans un contexte o\u00f9 les syst\u00e8mes [&hellip;]<\/p>\n","protected":false},"featured_media":24592,"template":"","meta":{"_acf_changed":false},"product_brand":[],"product_cat":[1955,2422],"product_tag":[],"class_list":{"0":"post-24604","1":"product","2":"type-product","3":"status-publish","4":"has-post-thumbnail","6":"product_cat-laboratori-chiavi-in-mano-fr","7":"product_cat-laboratoires-pour-lingenierie-de-lenergie-electrique","9":"first","10":"instock","11":"shipping-taxable","12":"product-type-simple"},"acf":[],"yoast_head":"<!-- This site is optimized with the Yoast SEO plugin v27.4 - https:\/\/yoast.com\/product\/yoast-seo-wordpress\/ -->\n<title>LABORATOIRES DIDACTIQUES POUR L\u2019ING\u00c9NIERIE DE L\u2019\u00c9NERGIE \u00c9LECTRIQUE - De Lorenzo Training &amp; Didactical Equipment<\/title>\n<meta name=\"robots\" content=\"index, follow, max-snippet:-1, max-image-preview:large, max-video-preview:-1\" \/>\n<link rel=\"canonical\" href=\"https:\/\/delorenzoglobal.com\/fr\/produit\/laboratoires-didactiques-pour-lingenierie-de-lenergie-electrique\/\" \/>\n<meta property=\"og:locale\" content=\"fr_FR\" \/>\n<meta property=\"og:type\" content=\"article\" \/>\n<meta property=\"og:title\" content=\"LABORATOIRES DIDACTIQUES POUR L\u2019ING\u00c9NIERIE DE L\u2019\u00c9NERGIE \u00c9LECTRIQUE - De Lorenzo Training &amp; Didactical Equipment\" \/>\n<meta property=\"og:description\" content=\"L&rsquo;\u00e9nergie \u00e9lectrique est un \u00e9l\u00e9ment fondamental pour le d\u00e9veloppement industriel et social, mais sa production, souvent li\u00e9e \u00e0 des combustibles fossiles non renouvelables, doit faire face \u00e0 des d\u00e9fis croissants en raison de l&rsquo;augmentation de la demande mondiale. La gestion efficace des ressources \u00e9nerg\u00e9tiques limit\u00e9es est essentielle, en particulier dans un contexte o\u00f9 les syst\u00e8mes [&hellip;]\" \/>\n<meta property=\"og:url\" content=\"https:\/\/delorenzoglobal.com\/fr\/produit\/laboratoires-didactiques-pour-lingenierie-de-lenergie-electrique\/\" \/>\n<meta property=\"og:site_name\" content=\"De Lorenzo Training &amp; Didactical Equipment\" \/>\n<meta property=\"article:modified_time\" content=\"2025-05-07T14:31:00+00:00\" \/>\n<meta property=\"og:image\" content=\"https:\/\/delorenzoglobal.com\/wp-content\/uploads\/2024\/12\/Power-engineering.jpg\" \/>\n\t<meta property=\"og:image:width\" content=\"2321\" \/>\n\t<meta property=\"og:image:height\" content=\"1501\" \/>\n\t<meta property=\"og:image:type\" content=\"image\/jpeg\" \/>\n<meta name=\"twitter:card\" content=\"summary_large_image\" \/>\n<meta name=\"twitter:label1\" content=\"Dur\u00e9e de lecture estim\u00e9e\" \/>\n\t<meta name=\"twitter:data1\" content=\"2 minutes\" \/>\n<script type=\"application\/ld+json\" class=\"yoast-schema-graph\">{\"@context\":\"https:\\\/\\\/schema.org\",\"@graph\":[{\"@type\":\"WebPage\",\"@id\":\"https:\\\/\\\/delorenzoglobal.com\\\/fr\\\/produit\\\/laboratoires-didactiques-pour-lingenierie-de-lenergie-electrique\\\/\",\"url\":\"https:\\\/\\\/delorenzoglobal.com\\\/fr\\\/produit\\\/laboratoires-didactiques-pour-lingenierie-de-lenergie-electrique\\\/\",\"name\":\"LABORATOIRES DIDACTIQUES POUR L\u2019ING\u00c9NIERIE DE L\u2019\u00c9NERGIE \u00c9LECTRIQUE - De Lorenzo Training &amp; Didactical Equipment\",\"isPartOf\":{\"@id\":\"https:\\\/\\\/delorenzoglobal.com\\\/fr\\\/#website\"},\"primaryImageOfPage\":{\"@id\":\"https:\\\/\\\/delorenzoglobal.com\\\/fr\\\/produit\\\/laboratoires-didactiques-pour-lingenierie-de-lenergie-electrique\\\/#primaryimage\"},\"image\":{\"@id\":\"https:\\\/\\\/delorenzoglobal.com\\\/fr\\\/produit\\\/laboratoires-didactiques-pour-lingenierie-de-lenergie-electrique\\\/#primaryimage\"},\"thumbnailUrl\":\"https:\\\/\\\/delorenzoglobal.com\\\/wp-content\\\/uploads\\\/2024\\\/12\\\/Power-engineering.jpg\",\"datePublished\":\"2024-12-19T14:32:26+00:00\",\"dateModified\":\"2025-05-07T14:31:00+00:00\",\"breadcrumb\":{\"@id\":\"https:\\\/\\\/delorenzoglobal.com\\\/fr\\\/produit\\\/laboratoires-didactiques-pour-lingenierie-de-lenergie-electrique\\\/#breadcrumb\"},\"inLanguage\":\"fr-FR\",\"potentialAction\":[{\"@type\":\"ReadAction\",\"target\":[\"https:\\\/\\\/delorenzoglobal.com\\\/fr\\\/produit\\\/laboratoires-didactiques-pour-lingenierie-de-lenergie-electrique\\\/\"]}]},{\"@type\":\"ImageObject\",\"inLanguage\":\"fr-FR\",\"@id\":\"https:\\\/\\\/delorenzoglobal.com\\\/fr\\\/produit\\\/laboratoires-didactiques-pour-lingenierie-de-lenergie-electrique\\\/#primaryimage\",\"url\":\"https:\\\/\\\/delorenzoglobal.com\\\/wp-content\\\/uploads\\\/2024\\\/12\\\/Power-engineering.jpg\",\"contentUrl\":\"https:\\\/\\\/delorenzoglobal.com\\\/wp-content\\\/uploads\\\/2024\\\/12\\\/Power-engineering.jpg\",\"width\":2321,\"height\":1501},{\"@type\":\"BreadcrumbList\",\"@id\":\"https:\\\/\\\/delorenzoglobal.com\\\/fr\\\/produit\\\/laboratoires-didactiques-pour-lingenierie-de-lenergie-electrique\\\/#breadcrumb\",\"itemListElement\":[{\"@type\":\"ListItem\",\"position\":1,\"name\":\"Home\",\"item\":\"https:\\\/\\\/delorenzoglobal.com\\\/fr\\\/\"},{\"@type\":\"ListItem\",\"position\":2,\"name\":\"Boutique\",\"item\":\"https:\\\/\\\/delorenzoglobal.com\\\/fr\\\/boutique\\\/\"},{\"@type\":\"ListItem\",\"position\":3,\"name\":\"LABORATOIRES DIDACTIQUES POUR L\u2019ING\u00c9NIERIE DE L\u2019\u00c9NERGIE \u00c9LECTRIQUE\"}]},{\"@type\":\"WebSite\",\"@id\":\"https:\\\/\\\/delorenzoglobal.com\\\/fr\\\/#website\",\"url\":\"https:\\\/\\\/delorenzoglobal.com\\\/fr\\\/\",\"name\":\"De Lorenzo Training &amp; Didactical Equipment\",\"description\":\"\",\"potentialAction\":[{\"@type\":\"SearchAction\",\"target\":{\"@type\":\"EntryPoint\",\"urlTemplate\":\"https:\\\/\\\/delorenzoglobal.com\\\/fr\\\/?s={search_term_string}\"},\"query-input\":{\"@type\":\"PropertyValueSpecification\",\"valueRequired\":true,\"valueName\":\"search_term_string\"}}],\"inLanguage\":\"fr-FR\"}]}<\/script>\n<!-- \/ Yoast SEO plugin. -->","yoast_head_json":{"title":"LABORATOIRES DIDACTIQUES POUR L\u2019ING\u00c9NIERIE DE L\u2019\u00c9NERGIE \u00c9LECTRIQUE - De Lorenzo Training &amp; Didactical Equipment","robots":{"index":"index","follow":"follow","max-snippet":"max-snippet:-1","max-image-preview":"max-image-preview:large","max-video-preview":"max-video-preview:-1"},"canonical":"https:\/\/delorenzoglobal.com\/fr\/produit\/laboratoires-didactiques-pour-lingenierie-de-lenergie-electrique\/","og_locale":"fr_FR","og_type":"article","og_title":"LABORATOIRES DIDACTIQUES POUR L\u2019ING\u00c9NIERIE DE L\u2019\u00c9NERGIE \u00c9LECTRIQUE - De Lorenzo Training &amp; Didactical Equipment","og_description":"L&rsquo;\u00e9nergie \u00e9lectrique est un \u00e9l\u00e9ment fondamental pour le d\u00e9veloppement industriel et social, mais sa production, souvent li\u00e9e \u00e0 des combustibles fossiles non renouvelables, doit faire face \u00e0 des d\u00e9fis croissants en raison de l&rsquo;augmentation de la demande mondiale. La gestion efficace des ressources \u00e9nerg\u00e9tiques limit\u00e9es est essentielle, en particulier dans un contexte o\u00f9 les syst\u00e8mes [&hellip;]","og_url":"https:\/\/delorenzoglobal.com\/fr\/produit\/laboratoires-didactiques-pour-lingenierie-de-lenergie-electrique\/","og_site_name":"De Lorenzo Training &amp; Didactical Equipment","article_modified_time":"2025-05-07T14:31:00+00:00","og_image":[{"width":2321,"height":1501,"url":"https:\/\/delorenzoglobal.com\/wp-content\/uploads\/2024\/12\/Power-engineering.jpg","type":"image\/jpeg"}],"twitter_card":"summary_large_image","twitter_misc":{"Dur\u00e9e de lecture estim\u00e9e":"2 minutes"},"schema":{"@context":"https:\/\/schema.org","@graph":[{"@type":"WebPage","@id":"https:\/\/delorenzoglobal.com\/fr\/produit\/laboratoires-didactiques-pour-lingenierie-de-lenergie-electrique\/","url":"https:\/\/delorenzoglobal.com\/fr\/produit\/laboratoires-didactiques-pour-lingenierie-de-lenergie-electrique\/","name":"LABORATOIRES DIDACTIQUES POUR L\u2019ING\u00c9NIERIE DE L\u2019\u00c9NERGIE \u00c9LECTRIQUE - De Lorenzo Training &amp; Didactical Equipment","isPartOf":{"@id":"https:\/\/delorenzoglobal.com\/fr\/#website"},"primaryImageOfPage":{"@id":"https:\/\/delorenzoglobal.com\/fr\/produit\/laboratoires-didactiques-pour-lingenierie-de-lenergie-electrique\/#primaryimage"},"image":{"@id":"https:\/\/delorenzoglobal.com\/fr\/produit\/laboratoires-didactiques-pour-lingenierie-de-lenergie-electrique\/#primaryimage"},"thumbnailUrl":"https:\/\/delorenzoglobal.com\/wp-content\/uploads\/2024\/12\/Power-engineering.jpg","datePublished":"2024-12-19T14:32:26+00:00","dateModified":"2025-05-07T14:31:00+00:00","breadcrumb":{"@id":"https:\/\/delorenzoglobal.com\/fr\/produit\/laboratoires-didactiques-pour-lingenierie-de-lenergie-electrique\/#breadcrumb"},"inLanguage":"fr-FR","potentialAction":[{"@type":"ReadAction","target":["https:\/\/delorenzoglobal.com\/fr\/produit\/laboratoires-didactiques-pour-lingenierie-de-lenergie-electrique\/"]}]},{"@type":"ImageObject","inLanguage":"fr-FR","@id":"https:\/\/delorenzoglobal.com\/fr\/produit\/laboratoires-didactiques-pour-lingenierie-de-lenergie-electrique\/#primaryimage","url":"https:\/\/delorenzoglobal.com\/wp-content\/uploads\/2024\/12\/Power-engineering.jpg","contentUrl":"https:\/\/delorenzoglobal.com\/wp-content\/uploads\/2024\/12\/Power-engineering.jpg","width":2321,"height":1501},{"@type":"BreadcrumbList","@id":"https:\/\/delorenzoglobal.com\/fr\/produit\/laboratoires-didactiques-pour-lingenierie-de-lenergie-electrique\/#breadcrumb","itemListElement":[{"@type":"ListItem","position":1,"name":"Home","item":"https:\/\/delorenzoglobal.com\/fr\/"},{"@type":"ListItem","position":2,"name":"Boutique","item":"https:\/\/delorenzoglobal.com\/fr\/boutique\/"},{"@type":"ListItem","position":3,"name":"LABORATOIRES DIDACTIQUES POUR L\u2019ING\u00c9NIERIE DE L\u2019\u00c9NERGIE \u00c9LECTRIQUE"}]},{"@type":"WebSite","@id":"https:\/\/delorenzoglobal.com\/fr\/#website","url":"https:\/\/delorenzoglobal.com\/fr\/","name":"De Lorenzo Training &amp; Didactical Equipment","description":"","potentialAction":[{"@type":"SearchAction","target":{"@type":"EntryPoint","urlTemplate":"https:\/\/delorenzoglobal.com\/fr\/?s={search_term_string}"},"query-input":{"@type":"PropertyValueSpecification","valueRequired":true,"valueName":"search_term_string"}}],"inLanguage":"fr-FR"}]}},"_links":{"self":[{"href":"https:\/\/delorenzoglobal.com\/fr\/wp-json\/wp\/v2\/product\/24604","targetHints":{"allow":["GET"]}}],"collection":[{"href":"https:\/\/delorenzoglobal.com\/fr\/wp-json\/wp\/v2\/product"}],"about":[{"href":"https:\/\/delorenzoglobal.com\/fr\/wp-json\/wp\/v2\/types\/product"}],"wp:featuredmedia":[{"embeddable":true,"href":"https:\/\/delorenzoglobal.com\/fr\/wp-json\/wp\/v2\/media\/24592"}],"wp:attachment":[{"href":"https:\/\/delorenzoglobal.com\/fr\/wp-json\/wp\/v2\/media?parent=24604"}],"wp:term":[{"taxonomy":"product_brand","embeddable":true,"href":"https:\/\/delorenzoglobal.com\/fr\/wp-json\/wp\/v2\/product_brand?post=24604"},{"taxonomy":"product_cat","embeddable":true,"href":"https:\/\/delorenzoglobal.com\/fr\/wp-json\/wp\/v2\/product_cat?post=24604"},{"taxonomy":"product_tag","embeddable":true,"href":"https:\/\/delorenzoglobal.com\/fr\/wp-json\/wp\/v2\/product_tag?post=24604"}],"curies":[{"name":"wp","href":"https:\/\/api.w.org\/{rel}","templated":true}]}}