{"id":24570,"date":"2024-12-19T14:59:37","date_gmt":"2024-12-19T13:59:37","guid":{"rendered":"https:\/\/delorenzoglobal.com\/?post_type=product&#038;p=24570"},"modified":"2025-05-21T12:44:16","modified_gmt":"2025-05-21T10:44:16","slug":"laboratoires-didactiques-pour-lelectronique","status":"publish","type":"product","link":"https:\/\/delorenzoglobal.com\/fr\/produit\/laboratoires-didactiques-pour-lelectronique\/","title":{"rendered":"LABORATOIRES DIDACTIQUES POUR L\u2019\u00c9LECTRONIQUE"},"content":{"rendered":"<p><strong>L&rsquo;\u00e9lectronique<\/strong> est une branche de la physique qui \u00e9tudie le comportement des charges \u00e9lectriques dans diff\u00e9rents mat\u00e9riaux et dispositifs actifs tels que les semi-conducteurs ou passifs tels que les r\u00e9sistances, les condensateurs ou les inductances.<br \/>\n<strong>La De Lorenzo a d\u00e9velopp\u00e9 des environnements et des solutions de formation th\u00e9orique et pratique <\/strong><strong>pour le d\u00e9veloppement des comp\u00e9tences professionnelles dans les diff\u00e9rents domaines de <\/strong><strong>l&rsquo;\u00e9lectronique.<\/strong> Nos syst\u00e8mes didactiques partent des lois fondamentales de l&rsquo;\u00e9lectricit\u00e9 et de l&rsquo;\u00e9lectromagn\u00e9tisme, de la th\u00e9orie des circuits et de l&rsquo;\u00e9tude des semi-conducteurs, qui, appliqu\u00e9s \u00e0 l&rsquo;\u00e9tude de l&rsquo;\u00e9lectronique analogique, de l&rsquo;\u00e9lectronique num\u00e9rique, des microprocesseurs et de l&rsquo;\u00e9lectronique de puissance, aideront \u00e0 r\u00e9soudre des probl\u00e8mes dans diff\u00e9rents domaines de l&rsquo;industrie tels que le contr\u00f4le des processus, les t\u00e9l\u00e9communications, l&rsquo;instrumentation ou la biom\u00e9decine.<\/p>\n<ul>\n<li>Circuits \u00c9lectroniques, Diode, Transistor, Amplificateurs, Transducteurs, Circuits Num\u00e9riques Et Logiques, \u00c9lectronique De Puissance Et De Commande<\/li>\n<\/ul>\n","protected":false},"excerpt":{"rendered":"<p>L&rsquo;\u00e9lectronique est une branche de la physique qui \u00e9tudie le comportement des charges \u00e9lectriques dans diff\u00e9rents mat\u00e9riaux et dispositifs actifs tels que les semi-conducteurs ou passifs tels que les r\u00e9sistances, les condensateurs ou les inductances. La De Lorenzo a d\u00e9velopp\u00e9 des environnements et des solutions de formation th\u00e9orique et pratique pour le d\u00e9veloppement des comp\u00e9tences [&hellip;]<\/p>\n","protected":false},"featured_media":24554,"template":"","meta":{"_acf_changed":false},"product_brand":[],"product_cat":[1955,2348],"product_tag":[],"class_list":{"0":"post-24570","1":"product","2":"type-product","3":"status-publish","4":"has-post-thumbnail","6":"product_cat-laboratori-chiavi-in-mano-fr","7":"product_cat-laboratoires-pour-lelectronique","9":"first","10":"instock","11":"shipping-taxable","12":"product-type-simple"},"acf":[],"yoast_head":"<!-- This site is optimized with the Yoast SEO plugin v27.4 - https:\/\/yoast.com\/product\/yoast-seo-wordpress\/ -->\n<title>LABORATOIRES DIDACTIQUES POUR L\u2019\u00c9LECTRONIQUE - De Lorenzo Training &amp; Didactical Equipment<\/title>\n<meta name=\"robots\" content=\"index, follow, max-snippet:-1, max-image-preview:large, max-video-preview:-1\" \/>\n<link rel=\"canonical\" href=\"https:\/\/delorenzoglobal.com\/fr\/produit\/laboratoires-didactiques-pour-lelectronique\/\" \/>\n<meta property=\"og:locale\" content=\"fr_FR\" \/>\n<meta property=\"og:type\" content=\"article\" \/>\n<meta property=\"og:title\" content=\"LABORATOIRES DIDACTIQUES POUR L\u2019\u00c9LECTRONIQUE - De Lorenzo Training &amp; Didactical Equipment\" \/>\n<meta property=\"og:description\" content=\"L&rsquo;\u00e9lectronique est une branche de la physique qui \u00e9tudie le comportement des charges \u00e9lectriques dans diff\u00e9rents mat\u00e9riaux et dispositifs actifs tels que les semi-conducteurs ou passifs tels que les r\u00e9sistances, les condensateurs ou les inductances. La De Lorenzo a d\u00e9velopp\u00e9 des environnements et des solutions de formation th\u00e9orique et pratique pour le d\u00e9veloppement des comp\u00e9tences [&hellip;]\" \/>\n<meta property=\"og:url\" content=\"https:\/\/delorenzoglobal.com\/fr\/produit\/laboratoires-didactiques-pour-lelectronique\/\" \/>\n<meta property=\"og:site_name\" content=\"De Lorenzo Training &amp; Didactical Equipment\" \/>\n<meta property=\"article:modified_time\" content=\"2025-05-21T10:44:16+00:00\" \/>\n<meta property=\"og:image\" content=\"https:\/\/delorenzoglobal.com\/wp-content\/uploads\/2024\/12\/Biomedical.jpg\" \/>\n\t<meta property=\"og:image:width\" content=\"2321\" \/>\n\t<meta property=\"og:image:height\" content=\"1500\" \/>\n\t<meta property=\"og:image:type\" content=\"image\/jpeg\" \/>\n<meta name=\"twitter:card\" content=\"summary_large_image\" \/>\n<meta name=\"twitter:label1\" content=\"Dur\u00e9e de lecture estim\u00e9e\" \/>\n\t<meta name=\"twitter:data1\" content=\"1 minute\" \/>\n<script type=\"application\/ld+json\" class=\"yoast-schema-graph\">{\"@context\":\"https:\\\/\\\/schema.org\",\"@graph\":[{\"@type\":\"WebPage\",\"@id\":\"https:\\\/\\\/delorenzoglobal.com\\\/fr\\\/produit\\\/laboratoires-didactiques-pour-lelectronique\\\/\",\"url\":\"https:\\\/\\\/delorenzoglobal.com\\\/fr\\\/produit\\\/laboratoires-didactiques-pour-lelectronique\\\/\",\"name\":\"LABORATOIRES DIDACTIQUES POUR L\u2019\u00c9LECTRONIQUE - De Lorenzo Training &amp; Didactical Equipment\",\"isPartOf\":{\"@id\":\"https:\\\/\\\/delorenzoglobal.com\\\/fr\\\/#website\"},\"primaryImageOfPage\":{\"@id\":\"https:\\\/\\\/delorenzoglobal.com\\\/fr\\\/produit\\\/laboratoires-didactiques-pour-lelectronique\\\/#primaryimage\"},\"image\":{\"@id\":\"https:\\\/\\\/delorenzoglobal.com\\\/fr\\\/produit\\\/laboratoires-didactiques-pour-lelectronique\\\/#primaryimage\"},\"thumbnailUrl\":\"https:\\\/\\\/delorenzoglobal.com\\\/wp-content\\\/uploads\\\/2024\\\/12\\\/Biomedical.jpg\",\"datePublished\":\"2024-12-19T13:59:37+00:00\",\"dateModified\":\"2025-05-21T10:44:16+00:00\",\"breadcrumb\":{\"@id\":\"https:\\\/\\\/delorenzoglobal.com\\\/fr\\\/produit\\\/laboratoires-didactiques-pour-lelectronique\\\/#breadcrumb\"},\"inLanguage\":\"fr-FR\",\"potentialAction\":[{\"@type\":\"ReadAction\",\"target\":[\"https:\\\/\\\/delorenzoglobal.com\\\/fr\\\/produit\\\/laboratoires-didactiques-pour-lelectronique\\\/\"]}]},{\"@type\":\"ImageObject\",\"inLanguage\":\"fr-FR\",\"@id\":\"https:\\\/\\\/delorenzoglobal.com\\\/fr\\\/produit\\\/laboratoires-didactiques-pour-lelectronique\\\/#primaryimage\",\"url\":\"https:\\\/\\\/delorenzoglobal.com\\\/wp-content\\\/uploads\\\/2024\\\/12\\\/Biomedical.jpg\",\"contentUrl\":\"https:\\\/\\\/delorenzoglobal.com\\\/wp-content\\\/uploads\\\/2024\\\/12\\\/Biomedical.jpg\",\"width\":2321,\"height\":1500},{\"@type\":\"BreadcrumbList\",\"@id\":\"https:\\\/\\\/delorenzoglobal.com\\\/fr\\\/produit\\\/laboratoires-didactiques-pour-lelectronique\\\/#breadcrumb\",\"itemListElement\":[{\"@type\":\"ListItem\",\"position\":1,\"name\":\"Home\",\"item\":\"https:\\\/\\\/delorenzoglobal.com\\\/fr\\\/\"},{\"@type\":\"ListItem\",\"position\":2,\"name\":\"Boutique\",\"item\":\"https:\\\/\\\/delorenzoglobal.com\\\/fr\\\/boutique\\\/\"},{\"@type\":\"ListItem\",\"position\":3,\"name\":\"LABORATOIRES DIDACTIQUES POUR L\u2019\u00c9LECTRONIQUE\"}]},{\"@type\":\"WebSite\",\"@id\":\"https:\\\/\\\/delorenzoglobal.com\\\/fr\\\/#website\",\"url\":\"https:\\\/\\\/delorenzoglobal.com\\\/fr\\\/\",\"name\":\"De Lorenzo Training &amp; Didactical Equipment\",\"description\":\"\",\"potentialAction\":[{\"@type\":\"SearchAction\",\"target\":{\"@type\":\"EntryPoint\",\"urlTemplate\":\"https:\\\/\\\/delorenzoglobal.com\\\/fr\\\/?s={search_term_string}\"},\"query-input\":{\"@type\":\"PropertyValueSpecification\",\"valueRequired\":true,\"valueName\":\"search_term_string\"}}],\"inLanguage\":\"fr-FR\"}]}<\/script>\n<!-- \/ Yoast SEO plugin. -->","yoast_head_json":{"title":"LABORATOIRES DIDACTIQUES POUR L\u2019\u00c9LECTRONIQUE - De Lorenzo Training &amp; Didactical Equipment","robots":{"index":"index","follow":"follow","max-snippet":"max-snippet:-1","max-image-preview":"max-image-preview:large","max-video-preview":"max-video-preview:-1"},"canonical":"https:\/\/delorenzoglobal.com\/fr\/produit\/laboratoires-didactiques-pour-lelectronique\/","og_locale":"fr_FR","og_type":"article","og_title":"LABORATOIRES DIDACTIQUES POUR L\u2019\u00c9LECTRONIQUE - De Lorenzo Training &amp; Didactical Equipment","og_description":"L&rsquo;\u00e9lectronique est une branche de la physique qui \u00e9tudie le comportement des charges \u00e9lectriques dans diff\u00e9rents mat\u00e9riaux et dispositifs actifs tels que les semi-conducteurs ou passifs tels que les r\u00e9sistances, les condensateurs ou les inductances. La De Lorenzo a d\u00e9velopp\u00e9 des environnements et des solutions de formation th\u00e9orique et pratique pour le d\u00e9veloppement des comp\u00e9tences [&hellip;]","og_url":"https:\/\/delorenzoglobal.com\/fr\/produit\/laboratoires-didactiques-pour-lelectronique\/","og_site_name":"De Lorenzo Training &amp; Didactical Equipment","article_modified_time":"2025-05-21T10:44:16+00:00","og_image":[{"width":2321,"height":1500,"url":"https:\/\/delorenzoglobal.com\/wp-content\/uploads\/2024\/12\/Biomedical.jpg","type":"image\/jpeg"}],"twitter_card":"summary_large_image","twitter_misc":{"Dur\u00e9e de lecture estim\u00e9e":"1 minute"},"schema":{"@context":"https:\/\/schema.org","@graph":[{"@type":"WebPage","@id":"https:\/\/delorenzoglobal.com\/fr\/produit\/laboratoires-didactiques-pour-lelectronique\/","url":"https:\/\/delorenzoglobal.com\/fr\/produit\/laboratoires-didactiques-pour-lelectronique\/","name":"LABORATOIRES DIDACTIQUES POUR L\u2019\u00c9LECTRONIQUE - De Lorenzo Training &amp; Didactical Equipment","isPartOf":{"@id":"https:\/\/delorenzoglobal.com\/fr\/#website"},"primaryImageOfPage":{"@id":"https:\/\/delorenzoglobal.com\/fr\/produit\/laboratoires-didactiques-pour-lelectronique\/#primaryimage"},"image":{"@id":"https:\/\/delorenzoglobal.com\/fr\/produit\/laboratoires-didactiques-pour-lelectronique\/#primaryimage"},"thumbnailUrl":"https:\/\/delorenzoglobal.com\/wp-content\/uploads\/2024\/12\/Biomedical.jpg","datePublished":"2024-12-19T13:59:37+00:00","dateModified":"2025-05-21T10:44:16+00:00","breadcrumb":{"@id":"https:\/\/delorenzoglobal.com\/fr\/produit\/laboratoires-didactiques-pour-lelectronique\/#breadcrumb"},"inLanguage":"fr-FR","potentialAction":[{"@type":"ReadAction","target":["https:\/\/delorenzoglobal.com\/fr\/produit\/laboratoires-didactiques-pour-lelectronique\/"]}]},{"@type":"ImageObject","inLanguage":"fr-FR","@id":"https:\/\/delorenzoglobal.com\/fr\/produit\/laboratoires-didactiques-pour-lelectronique\/#primaryimage","url":"https:\/\/delorenzoglobal.com\/wp-content\/uploads\/2024\/12\/Biomedical.jpg","contentUrl":"https:\/\/delorenzoglobal.com\/wp-content\/uploads\/2024\/12\/Biomedical.jpg","width":2321,"height":1500},{"@type":"BreadcrumbList","@id":"https:\/\/delorenzoglobal.com\/fr\/produit\/laboratoires-didactiques-pour-lelectronique\/#breadcrumb","itemListElement":[{"@type":"ListItem","position":1,"name":"Home","item":"https:\/\/delorenzoglobal.com\/fr\/"},{"@type":"ListItem","position":2,"name":"Boutique","item":"https:\/\/delorenzoglobal.com\/fr\/boutique\/"},{"@type":"ListItem","position":3,"name":"LABORATOIRES DIDACTIQUES POUR L\u2019\u00c9LECTRONIQUE"}]},{"@type":"WebSite","@id":"https:\/\/delorenzoglobal.com\/fr\/#website","url":"https:\/\/delorenzoglobal.com\/fr\/","name":"De Lorenzo Training &amp; Didactical Equipment","description":"","potentialAction":[{"@type":"SearchAction","target":{"@type":"EntryPoint","urlTemplate":"https:\/\/delorenzoglobal.com\/fr\/?s={search_term_string}"},"query-input":{"@type":"PropertyValueSpecification","valueRequired":true,"valueName":"search_term_string"}}],"inLanguage":"fr-FR"}]}},"_links":{"self":[{"href":"https:\/\/delorenzoglobal.com\/fr\/wp-json\/wp\/v2\/product\/24570","targetHints":{"allow":["GET"]}}],"collection":[{"href":"https:\/\/delorenzoglobal.com\/fr\/wp-json\/wp\/v2\/product"}],"about":[{"href":"https:\/\/delorenzoglobal.com\/fr\/wp-json\/wp\/v2\/types\/product"}],"wp:featuredmedia":[{"embeddable":true,"href":"https:\/\/delorenzoglobal.com\/fr\/wp-json\/wp\/v2\/media\/24554"}],"wp:attachment":[{"href":"https:\/\/delorenzoglobal.com\/fr\/wp-json\/wp\/v2\/media?parent=24570"}],"wp:term":[{"taxonomy":"product_brand","embeddable":true,"href":"https:\/\/delorenzoglobal.com\/fr\/wp-json\/wp\/v2\/product_brand?post=24570"},{"taxonomy":"product_cat","embeddable":true,"href":"https:\/\/delorenzoglobal.com\/fr\/wp-json\/wp\/v2\/product_cat?post=24570"},{"taxonomy":"product_tag","embeddable":true,"href":"https:\/\/delorenzoglobal.com\/fr\/wp-json\/wp\/v2\/product_tag?post=24570"}],"curies":[{"name":"wp","href":"https:\/\/api.w.org\/{rel}","templated":true}]}}