{"id":24533,"date":"2024-12-19T14:28:32","date_gmt":"2024-12-19T13:28:32","guid":{"rendered":"https:\/\/delorenzoglobal.com\/?post_type=product&#038;p=24533"},"modified":"2024-12-19T14:52:20","modified_gmt":"2024-12-19T13:52:20","slug":"systeme-pour-letude-de-la-deconnexion-du-bloc-batterie-dans-les-vehicules-hybrides-et-electriques","status":"publish","type":"product","link":"https:\/\/delorenzoglobal.com\/fr\/produit\/systeme-pour-letude-de-la-deconnexion-du-bloc-batterie-dans-les-vehicules-hybrides-et-electriques\/","title":{"rendered":"SYST\u00c8ME POUR L\u2019\u00c9TUDE DU BLOC BATTERIE  DANS LES V\u00c9HICULES \u00c9LECTRIQUES"},"content":{"rendered":"<p>La plupart des d\u00e9fis majeurs auxquels un professionnel de l&rsquo;automobile est confront\u00e9 sont li\u00e9s au diagnostic, \u00e0 l&rsquo;entretien et \u00e0 la r\u00e9paration des batteries haute tension (HV\/HT). Organiser une journ\u00e9e de formation sur les batteries haute tension dans un environnement s\u00fbr est consid\u00e9r\u00e9 comme une t\u00e2che presque impossible.<\/p>\n<p>L&rsquo;industrie a besoin d&rsquo;un syst\u00e8me qui l&rsquo;aidera \u00e0 offrir \u00e0 ses coll\u00e8gues et \u00e0 ses clients une formation sur les batteries haute tension de haute qualit\u00e9, mais totalement s\u00fbre.<\/p>\n<p>Ce syst\u00e8me <strong>DL HV-BST<\/strong> offre un moyen moderne et s\u00fbr d&rsquo;enseigner les batteries haute tension \u00e0 tous les centres et instituts de formation.<\/p>\n","protected":false},"excerpt":{"rendered":"<p>La plupart des d\u00e9fis majeurs auxquels un professionnel de l&rsquo;automobile est confront\u00e9 sont li\u00e9s au diagnostic, \u00e0 l&rsquo;entretien et \u00e0 la r\u00e9paration des batteries haute tension (HV\/HT). Organiser une journ\u00e9e de formation sur les batteries haute tension dans un environnement s\u00fbr est consid\u00e9r\u00e9 comme une t\u00e2che presque impossible. L&rsquo;industrie a besoin d&rsquo;un syst\u00e8me qui l&rsquo;aidera [&hellip;]<\/p>\n","protected":false},"featured_media":24501,"template":"","meta":{"_acf_changed":false},"product_brand":[],"product_cat":[3155,386],"product_tag":[],"class_list":{"0":"post-24533","1":"product","2":"type-product","3":"status-publish","4":"has-post-thumbnail","6":"product_cat-systemes-de-base-pour-lautotronique","7":"product_cat-vehicule-electrique","9":"first","10":"instock","11":"shipping-taxable","12":"product-type-simple"},"acf":[],"yoast_head":"<!-- This site is optimized with the Yoast SEO plugin v27.0 - https:\/\/yoast.com\/product\/yoast-seo-wordpress\/ -->\n<title>SYST\u00c8ME POUR L\u2019\u00c9TUDE DU BLOC BATTERIE DANS LES V\u00c9HICULES \u00c9LECTRIQUES - De Lorenzo Training &amp; Didactical Equipment<\/title>\n<meta name=\"robots\" content=\"index, follow, max-snippet:-1, max-image-preview:large, max-video-preview:-1\" \/>\n<link rel=\"canonical\" href=\"https:\/\/delorenzoglobal.com\/fr\/produit\/systeme-pour-letude-de-la-deconnexion-du-bloc-batterie-dans-les-vehicules-hybrides-et-electriques\/\" \/>\n<meta property=\"og:locale\" content=\"fr_FR\" \/>\n<meta property=\"og:type\" content=\"article\" \/>\n<meta property=\"og:title\" content=\"SYST\u00c8ME POUR L\u2019\u00c9TUDE DU BLOC BATTERIE DANS LES V\u00c9HICULES \u00c9LECTRIQUES - De Lorenzo Training &amp; Didactical Equipment\" \/>\n<meta property=\"og:description\" content=\"La plupart des d\u00e9fis majeurs auxquels un professionnel de l&rsquo;automobile est confront\u00e9 sont li\u00e9s au diagnostic, \u00e0 l&rsquo;entretien et \u00e0 la r\u00e9paration des batteries haute tension (HV\/HT). Organiser une journ\u00e9e de formation sur les batteries haute tension dans un environnement s\u00fbr est consid\u00e9r\u00e9 comme une t\u00e2che presque impossible. L&rsquo;industrie a besoin d&rsquo;un syst\u00e8me qui l&rsquo;aidera [&hellip;]\" \/>\n<meta property=\"og:url\" content=\"https:\/\/delorenzoglobal.com\/fr\/produit\/systeme-pour-letude-de-la-deconnexion-du-bloc-batterie-dans-les-vehicules-hybrides-et-electriques\/\" \/>\n<meta property=\"og:site_name\" content=\"De Lorenzo Training &amp; Didactical Equipment\" \/>\n<meta property=\"article:modified_time\" content=\"2024-12-19T13:52:20+00:00\" \/>\n<meta property=\"og:image\" content=\"https:\/\/delorenzoglobal.com\/wp-content\/uploads\/2024\/12\/DL-HV-BST.jpg\" \/>\n\t<meta property=\"og:image:width\" content=\"800\" \/>\n\t<meta property=\"og:image:height\" content=\"459\" \/>\n\t<meta property=\"og:image:type\" content=\"image\/jpeg\" \/>\n<meta name=\"twitter:card\" content=\"summary_large_image\" \/>\n<meta name=\"twitter:label1\" content=\"Dur\u00e9e de lecture estim\u00e9e\" \/>\n\t<meta name=\"twitter:data1\" content=\"1 minute\" \/>\n<script type=\"application\/ld+json\" class=\"yoast-schema-graph\">{\"@context\":\"https:\/\/schema.org\",\"@graph\":[{\"@type\":\"WebPage\",\"@id\":\"https:\/\/delorenzoglobal.com\/fr\/produit\/systeme-pour-letude-de-la-deconnexion-du-bloc-batterie-dans-les-vehicules-hybrides-et-electriques\/\",\"url\":\"https:\/\/delorenzoglobal.com\/fr\/produit\/systeme-pour-letude-de-la-deconnexion-du-bloc-batterie-dans-les-vehicules-hybrides-et-electriques\/\",\"name\":\"SYST\u00c8ME POUR L\u2019\u00c9TUDE DU BLOC BATTERIE DANS LES V\u00c9HICULES \u00c9LECTRIQUES - De Lorenzo Training &amp; Didactical Equipment\",\"isPartOf\":{\"@id\":\"https:\/\/delorenzoglobal.com\/fr\/#website\"},\"primaryImageOfPage\":{\"@id\":\"https:\/\/delorenzoglobal.com\/fr\/produit\/systeme-pour-letude-de-la-deconnexion-du-bloc-batterie-dans-les-vehicules-hybrides-et-electriques\/#primaryimage\"},\"image\":{\"@id\":\"https:\/\/delorenzoglobal.com\/fr\/produit\/systeme-pour-letude-de-la-deconnexion-du-bloc-batterie-dans-les-vehicules-hybrides-et-electriques\/#primaryimage\"},\"thumbnailUrl\":\"https:\/\/delorenzoglobal.com\/wp-content\/uploads\/2024\/12\/DL-HV-BST.jpg\",\"datePublished\":\"2024-12-19T13:28:32+00:00\",\"dateModified\":\"2024-12-19T13:52:20+00:00\",\"breadcrumb\":{\"@id\":\"https:\/\/delorenzoglobal.com\/fr\/produit\/systeme-pour-letude-de-la-deconnexion-du-bloc-batterie-dans-les-vehicules-hybrides-et-electriques\/#breadcrumb\"},\"inLanguage\":\"fr-FR\",\"potentialAction\":[{\"@type\":\"ReadAction\",\"target\":[\"https:\/\/delorenzoglobal.com\/fr\/produit\/systeme-pour-letude-de-la-deconnexion-du-bloc-batterie-dans-les-vehicules-hybrides-et-electriques\/\"]}]},{\"@type\":\"ImageObject\",\"inLanguage\":\"fr-FR\",\"@id\":\"https:\/\/delorenzoglobal.com\/fr\/produit\/systeme-pour-letude-de-la-deconnexion-du-bloc-batterie-dans-les-vehicules-hybrides-et-electriques\/#primaryimage\",\"url\":\"https:\/\/delorenzoglobal.com\/wp-content\/uploads\/2024\/12\/DL-HV-BST.jpg\",\"contentUrl\":\"https:\/\/delorenzoglobal.com\/wp-content\/uploads\/2024\/12\/DL-HV-BST.jpg\",\"width\":800,\"height\":459},{\"@type\":\"BreadcrumbList\",\"@id\":\"https:\/\/delorenzoglobal.com\/fr\/produit\/systeme-pour-letude-de-la-deconnexion-du-bloc-batterie-dans-les-vehicules-hybrides-et-electriques\/#breadcrumb\",\"itemListElement\":[{\"@type\":\"ListItem\",\"position\":1,\"name\":\"Home\",\"item\":\"https:\/\/delorenzoglobal.com\/fr\/\"},{\"@type\":\"ListItem\",\"position\":2,\"name\":\"Boutique\",\"item\":\"https:\/\/delorenzoglobal.com\/fr\/boutique\/\"},{\"@type\":\"ListItem\",\"position\":3,\"name\":\"SYST\u00c8ME POUR L\u2019\u00c9TUDE DU BLOC BATTERIE DANS LES V\u00c9HICULES \u00c9LECTRIQUES\"}]},{\"@type\":\"WebSite\",\"@id\":\"https:\/\/delorenzoglobal.com\/fr\/#website\",\"url\":\"https:\/\/delorenzoglobal.com\/fr\/\",\"name\":\"De Lorenzo Training &amp; Didactical Equipment\",\"description\":\"\",\"potentialAction\":[{\"@type\":\"SearchAction\",\"target\":{\"@type\":\"EntryPoint\",\"urlTemplate\":\"https:\/\/delorenzoglobal.com\/fr\/?s={search_term_string}\"},\"query-input\":{\"@type\":\"PropertyValueSpecification\",\"valueRequired\":true,\"valueName\":\"search_term_string\"}}],\"inLanguage\":\"fr-FR\"}]}<\/script>\n<!-- \/ Yoast SEO plugin. -->","yoast_head_json":{"title":"SYST\u00c8ME POUR L\u2019\u00c9TUDE DU BLOC BATTERIE DANS LES V\u00c9HICULES \u00c9LECTRIQUES - De Lorenzo Training &amp; Didactical Equipment","robots":{"index":"index","follow":"follow","max-snippet":"max-snippet:-1","max-image-preview":"max-image-preview:large","max-video-preview":"max-video-preview:-1"},"canonical":"https:\/\/delorenzoglobal.com\/fr\/produit\/systeme-pour-letude-de-la-deconnexion-du-bloc-batterie-dans-les-vehicules-hybrides-et-electriques\/","og_locale":"fr_FR","og_type":"article","og_title":"SYST\u00c8ME POUR L\u2019\u00c9TUDE DU BLOC BATTERIE DANS LES V\u00c9HICULES \u00c9LECTRIQUES - De Lorenzo Training &amp; Didactical Equipment","og_description":"La plupart des d\u00e9fis majeurs auxquels un professionnel de l&rsquo;automobile est confront\u00e9 sont li\u00e9s au diagnostic, \u00e0 l&rsquo;entretien et \u00e0 la r\u00e9paration des batteries haute tension (HV\/HT). Organiser une journ\u00e9e de formation sur les batteries haute tension dans un environnement s\u00fbr est consid\u00e9r\u00e9 comme une t\u00e2che presque impossible. L&rsquo;industrie a besoin d&rsquo;un syst\u00e8me qui l&rsquo;aidera [&hellip;]","og_url":"https:\/\/delorenzoglobal.com\/fr\/produit\/systeme-pour-letude-de-la-deconnexion-du-bloc-batterie-dans-les-vehicules-hybrides-et-electriques\/","og_site_name":"De Lorenzo Training &amp; Didactical Equipment","article_modified_time":"2024-12-19T13:52:20+00:00","og_image":[{"width":800,"height":459,"url":"https:\/\/delorenzoglobal.com\/wp-content\/uploads\/2024\/12\/DL-HV-BST.jpg","type":"image\/jpeg"}],"twitter_card":"summary_large_image","twitter_misc":{"Dur\u00e9e de lecture estim\u00e9e":"1 minute"},"schema":{"@context":"https:\/\/schema.org","@graph":[{"@type":"WebPage","@id":"https:\/\/delorenzoglobal.com\/fr\/produit\/systeme-pour-letude-de-la-deconnexion-du-bloc-batterie-dans-les-vehicules-hybrides-et-electriques\/","url":"https:\/\/delorenzoglobal.com\/fr\/produit\/systeme-pour-letude-de-la-deconnexion-du-bloc-batterie-dans-les-vehicules-hybrides-et-electriques\/","name":"SYST\u00c8ME POUR L\u2019\u00c9TUDE DU BLOC BATTERIE DANS LES V\u00c9HICULES \u00c9LECTRIQUES - De Lorenzo Training &amp; Didactical Equipment","isPartOf":{"@id":"https:\/\/delorenzoglobal.com\/fr\/#website"},"primaryImageOfPage":{"@id":"https:\/\/delorenzoglobal.com\/fr\/produit\/systeme-pour-letude-de-la-deconnexion-du-bloc-batterie-dans-les-vehicules-hybrides-et-electriques\/#primaryimage"},"image":{"@id":"https:\/\/delorenzoglobal.com\/fr\/produit\/systeme-pour-letude-de-la-deconnexion-du-bloc-batterie-dans-les-vehicules-hybrides-et-electriques\/#primaryimage"},"thumbnailUrl":"https:\/\/delorenzoglobal.com\/wp-content\/uploads\/2024\/12\/DL-HV-BST.jpg","datePublished":"2024-12-19T13:28:32+00:00","dateModified":"2024-12-19T13:52:20+00:00","breadcrumb":{"@id":"https:\/\/delorenzoglobal.com\/fr\/produit\/systeme-pour-letude-de-la-deconnexion-du-bloc-batterie-dans-les-vehicules-hybrides-et-electriques\/#breadcrumb"},"inLanguage":"fr-FR","potentialAction":[{"@type":"ReadAction","target":["https:\/\/delorenzoglobal.com\/fr\/produit\/systeme-pour-letude-de-la-deconnexion-du-bloc-batterie-dans-les-vehicules-hybrides-et-electriques\/"]}]},{"@type":"ImageObject","inLanguage":"fr-FR","@id":"https:\/\/delorenzoglobal.com\/fr\/produit\/systeme-pour-letude-de-la-deconnexion-du-bloc-batterie-dans-les-vehicules-hybrides-et-electriques\/#primaryimage","url":"https:\/\/delorenzoglobal.com\/wp-content\/uploads\/2024\/12\/DL-HV-BST.jpg","contentUrl":"https:\/\/delorenzoglobal.com\/wp-content\/uploads\/2024\/12\/DL-HV-BST.jpg","width":800,"height":459},{"@type":"BreadcrumbList","@id":"https:\/\/delorenzoglobal.com\/fr\/produit\/systeme-pour-letude-de-la-deconnexion-du-bloc-batterie-dans-les-vehicules-hybrides-et-electriques\/#breadcrumb","itemListElement":[{"@type":"ListItem","position":1,"name":"Home","item":"https:\/\/delorenzoglobal.com\/fr\/"},{"@type":"ListItem","position":2,"name":"Boutique","item":"https:\/\/delorenzoglobal.com\/fr\/boutique\/"},{"@type":"ListItem","position":3,"name":"SYST\u00c8ME POUR L\u2019\u00c9TUDE DU BLOC BATTERIE DANS LES V\u00c9HICULES \u00c9LECTRIQUES"}]},{"@type":"WebSite","@id":"https:\/\/delorenzoglobal.com\/fr\/#website","url":"https:\/\/delorenzoglobal.com\/fr\/","name":"De Lorenzo Training &amp; Didactical Equipment","description":"","potentialAction":[{"@type":"SearchAction","target":{"@type":"EntryPoint","urlTemplate":"https:\/\/delorenzoglobal.com\/fr\/?s={search_term_string}"},"query-input":{"@type":"PropertyValueSpecification","valueRequired":true,"valueName":"search_term_string"}}],"inLanguage":"fr-FR"}]}},"_links":{"self":[{"href":"https:\/\/delorenzoglobal.com\/fr\/wp-json\/wp\/v2\/product\/24533","targetHints":{"allow":["GET"]}}],"collection":[{"href":"https:\/\/delorenzoglobal.com\/fr\/wp-json\/wp\/v2\/product"}],"about":[{"href":"https:\/\/delorenzoglobal.com\/fr\/wp-json\/wp\/v2\/types\/product"}],"wp:featuredmedia":[{"embeddable":true,"href":"https:\/\/delorenzoglobal.com\/fr\/wp-json\/wp\/v2\/media\/24501"}],"wp:attachment":[{"href":"https:\/\/delorenzoglobal.com\/fr\/wp-json\/wp\/v2\/media?parent=24533"}],"wp:term":[{"taxonomy":"product_brand","embeddable":true,"href":"https:\/\/delorenzoglobal.com\/fr\/wp-json\/wp\/v2\/product_brand?post=24533"},{"taxonomy":"product_cat","embeddable":true,"href":"https:\/\/delorenzoglobal.com\/fr\/wp-json\/wp\/v2\/product_cat?post=24533"},{"taxonomy":"product_tag","embeddable":true,"href":"https:\/\/delorenzoglobal.com\/fr\/wp-json\/wp\/v2\/product_tag?post=24533"}],"curies":[{"name":"wp","href":"https:\/\/api.w.org\/{rel}","templated":true}]}}