{"id":24516,"date":"2024-12-19T14:19:09","date_gmt":"2024-12-19T13:19:09","guid":{"rendered":"https:\/\/delorenzoglobal.com\/?post_type=product&#038;p=24516"},"modified":"2025-05-07T17:08:57","modified_gmt":"2025-05-07T15:08:57","slug":"laboratoires-didactiques-pour-lelectronique-de-puissance","status":"publish","type":"product","link":"https:\/\/delorenzoglobal.com\/fr\/produit\/laboratoires-didactiques-pour-lelectronique-de-puissance\/","title":{"rendered":"LABORATOIRES DIDACTIQUES POUR L\u2019\u00c9LECTRONIQUE DE PUISSANCE"},"content":{"rendered":"<p>L&rsquo;<strong>\u00e9lectronique de puissance<\/strong> est la branche de l&rsquo;\u00e9lectronique qui \u00e9tudie les dispositifs, les circuits, les syst\u00e8mes et les proc\u00e9dures de traitement, de contr\u00f4le et de conversion de l&rsquo;\u00e9nergie \u00e9lectrique.<br \/>\nLe d\u00e9veloppement technologique de l&rsquo;\u00e9lectronique \u00e0 l&rsquo;\u00e9tat solide et des semi-conducteurs a transform\u00e9 l&rsquo;\u00e9lectronique de puissance en fournissant des dispositifs actifs avec des vitesses de commutation plus \u00e9lev\u00e9es et une gestion de la puissance \u00e0 des co\u00fbts moindres. Les dispositifs \u00e9lectroniques de puissance couramment utilis\u00e9s dans l&rsquo;industrie sont les diodes, les SCR, les TRIAC, les MOSFET et les IGBT.<\/p>\n<p>Leurs diff\u00e9rents attributs dictent la mani\u00e8re dont ils sont utilis\u00e9s dans les diff\u00e9rentes applications, en fonction du type de puissance d&rsquo;entr\u00e9e et de sortie : AC-DC, AC vers AC, DC vers DC, ou DC vers AC. Cette technologie se retrouve dans un large \u00e9ventail d&rsquo;environnements ayant un impact sur la vie quotidienne, de l&rsquo;\u00e9lectronique grand public aux applications industrielles, en passant par les transports, les t\u00e9l\u00e9communications et la technologie spatiale.<\/p>\n<p><strong>Les bancs didactiques De Lorenzo fournissent aux \u00e9tudiants des solutions compl\u00e8tes de formation pratique pour d\u00e9velopper leurs connaissances et leurs comp\u00e9tences professionnelles en \u00e9lectronique de puissance<\/strong>.<\/p>\n<ul>\n<li>Station D&rsquo;enseignement De L&rsquo;\u00e9lectronique De Puissance<\/li>\n<li>Stations \u00c9lectroniques De Puissance<\/li>\n<\/ul>\n","protected":false},"excerpt":{"rendered":"<p>L&rsquo;\u00e9lectronique de puissance est la branche de l&rsquo;\u00e9lectronique qui \u00e9tudie les dispositifs, les circuits, les syst\u00e8mes et les proc\u00e9dures de traitement, de contr\u00f4le et de conversion de l&rsquo;\u00e9nergie \u00e9lectrique. Le d\u00e9veloppement technologique de l&rsquo;\u00e9lectronique \u00e0 l&rsquo;\u00e9tat solide et des semi-conducteurs a transform\u00e9 l&rsquo;\u00e9lectronique de puissance en fournissant des dispositifs actifs avec des vitesses de commutation [&hellip;]<\/p>\n","protected":false},"featured_media":24509,"template":"","meta":{"_acf_changed":false},"product_brand":[],"product_cat":[1955,2428],"product_tag":[],"class_list":{"0":"post-24516","1":"product","2":"type-product","3":"status-publish","4":"has-post-thumbnail","6":"product_cat-laboratori-chiavi-in-mano-fr","7":"product_cat-laboratoires-pour-lelectronique-de-puissance","9":"first","10":"instock","11":"shipping-taxable","12":"product-type-simple"},"acf":[],"yoast_head":"<!-- This site is optimized with the Yoast SEO plugin v27.4 - https:\/\/yoast.com\/product\/yoast-seo-wordpress\/ -->\n<title>LABORATOIRES DIDACTIQUES POUR L\u2019\u00c9LECTRONIQUE DE PUISSANCE - De Lorenzo Training &amp; Didactical Equipment<\/title>\n<meta name=\"robots\" content=\"index, follow, max-snippet:-1, max-image-preview:large, max-video-preview:-1\" \/>\n<link rel=\"canonical\" href=\"https:\/\/delorenzoglobal.com\/fr\/produit\/laboratoires-didactiques-pour-lelectronique-de-puissance\/\" \/>\n<meta property=\"og:locale\" content=\"fr_FR\" \/>\n<meta property=\"og:type\" content=\"article\" \/>\n<meta property=\"og:title\" content=\"LABORATOIRES DIDACTIQUES POUR L\u2019\u00c9LECTRONIQUE DE PUISSANCE - De Lorenzo Training &amp; Didactical Equipment\" \/>\n<meta property=\"og:description\" content=\"L&rsquo;\u00e9lectronique de puissance est la branche de l&rsquo;\u00e9lectronique qui \u00e9tudie les dispositifs, les circuits, les syst\u00e8mes et les proc\u00e9dures de traitement, de contr\u00f4le et de conversion de l&rsquo;\u00e9nergie \u00e9lectrique. Le d\u00e9veloppement technologique de l&rsquo;\u00e9lectronique \u00e0 l&rsquo;\u00e9tat solide et des semi-conducteurs a transform\u00e9 l&rsquo;\u00e9lectronique de puissance en fournissant des dispositifs actifs avec des vitesses de commutation [&hellip;]\" \/>\n<meta property=\"og:url\" content=\"https:\/\/delorenzoglobal.com\/fr\/produit\/laboratoires-didactiques-pour-lelectronique-de-puissance\/\" \/>\n<meta property=\"og:site_name\" content=\"De Lorenzo Training &amp; Didactical Equipment\" \/>\n<meta property=\"article:modified_time\" content=\"2025-05-07T15:08:57+00:00\" \/>\n<meta property=\"og:image\" content=\"https:\/\/delorenzoglobal.com\/wp-content\/uploads\/2024\/12\/Power-Electronics.jpg\" \/>\n\t<meta property=\"og:image:width\" content=\"2317\" \/>\n\t<meta property=\"og:image:height\" content=\"1499\" \/>\n\t<meta property=\"og:image:type\" content=\"image\/jpeg\" \/>\n<meta name=\"twitter:card\" content=\"summary_large_image\" \/>\n<meta name=\"twitter:label1\" content=\"Dur\u00e9e de lecture estim\u00e9e\" \/>\n\t<meta name=\"twitter:data1\" content=\"2 minutes\" \/>\n<script type=\"application\/ld+json\" class=\"yoast-schema-graph\">{\"@context\":\"https:\\\/\\\/schema.org\",\"@graph\":[{\"@type\":\"WebPage\",\"@id\":\"https:\\\/\\\/delorenzoglobal.com\\\/fr\\\/produit\\\/laboratoires-didactiques-pour-lelectronique-de-puissance\\\/\",\"url\":\"https:\\\/\\\/delorenzoglobal.com\\\/fr\\\/produit\\\/laboratoires-didactiques-pour-lelectronique-de-puissance\\\/\",\"name\":\"LABORATOIRES DIDACTIQUES POUR L\u2019\u00c9LECTRONIQUE DE PUISSANCE - De Lorenzo Training &amp; Didactical Equipment\",\"isPartOf\":{\"@id\":\"https:\\\/\\\/delorenzoglobal.com\\\/fr\\\/#website\"},\"primaryImageOfPage\":{\"@id\":\"https:\\\/\\\/delorenzoglobal.com\\\/fr\\\/produit\\\/laboratoires-didactiques-pour-lelectronique-de-puissance\\\/#primaryimage\"},\"image\":{\"@id\":\"https:\\\/\\\/delorenzoglobal.com\\\/fr\\\/produit\\\/laboratoires-didactiques-pour-lelectronique-de-puissance\\\/#primaryimage\"},\"thumbnailUrl\":\"https:\\\/\\\/delorenzoglobal.com\\\/wp-content\\\/uploads\\\/2024\\\/12\\\/Power-Electronics.jpg\",\"datePublished\":\"2024-12-19T13:19:09+00:00\",\"dateModified\":\"2025-05-07T15:08:57+00:00\",\"breadcrumb\":{\"@id\":\"https:\\\/\\\/delorenzoglobal.com\\\/fr\\\/produit\\\/laboratoires-didactiques-pour-lelectronique-de-puissance\\\/#breadcrumb\"},\"inLanguage\":\"fr-FR\",\"potentialAction\":[{\"@type\":\"ReadAction\",\"target\":[\"https:\\\/\\\/delorenzoglobal.com\\\/fr\\\/produit\\\/laboratoires-didactiques-pour-lelectronique-de-puissance\\\/\"]}]},{\"@type\":\"ImageObject\",\"inLanguage\":\"fr-FR\",\"@id\":\"https:\\\/\\\/delorenzoglobal.com\\\/fr\\\/produit\\\/laboratoires-didactiques-pour-lelectronique-de-puissance\\\/#primaryimage\",\"url\":\"https:\\\/\\\/delorenzoglobal.com\\\/wp-content\\\/uploads\\\/2024\\\/12\\\/Power-Electronics.jpg\",\"contentUrl\":\"https:\\\/\\\/delorenzoglobal.com\\\/wp-content\\\/uploads\\\/2024\\\/12\\\/Power-Electronics.jpg\",\"width\":2317,\"height\":1499},{\"@type\":\"BreadcrumbList\",\"@id\":\"https:\\\/\\\/delorenzoglobal.com\\\/fr\\\/produit\\\/laboratoires-didactiques-pour-lelectronique-de-puissance\\\/#breadcrumb\",\"itemListElement\":[{\"@type\":\"ListItem\",\"position\":1,\"name\":\"Home\",\"item\":\"https:\\\/\\\/delorenzoglobal.com\\\/fr\\\/\"},{\"@type\":\"ListItem\",\"position\":2,\"name\":\"Boutique\",\"item\":\"https:\\\/\\\/delorenzoglobal.com\\\/fr\\\/boutique\\\/\"},{\"@type\":\"ListItem\",\"position\":3,\"name\":\"LABORATOIRES DIDACTIQUES POUR L\u2019\u00c9LECTRONIQUE DE PUISSANCE\"}]},{\"@type\":\"WebSite\",\"@id\":\"https:\\\/\\\/delorenzoglobal.com\\\/fr\\\/#website\",\"url\":\"https:\\\/\\\/delorenzoglobal.com\\\/fr\\\/\",\"name\":\"De Lorenzo Training &amp; Didactical Equipment\",\"description\":\"\",\"potentialAction\":[{\"@type\":\"SearchAction\",\"target\":{\"@type\":\"EntryPoint\",\"urlTemplate\":\"https:\\\/\\\/delorenzoglobal.com\\\/fr\\\/?s={search_term_string}\"},\"query-input\":{\"@type\":\"PropertyValueSpecification\",\"valueRequired\":true,\"valueName\":\"search_term_string\"}}],\"inLanguage\":\"fr-FR\"}]}<\/script>\n<!-- \/ Yoast SEO plugin. -->","yoast_head_json":{"title":"LABORATOIRES DIDACTIQUES POUR L\u2019\u00c9LECTRONIQUE DE PUISSANCE - De Lorenzo Training &amp; Didactical Equipment","robots":{"index":"index","follow":"follow","max-snippet":"max-snippet:-1","max-image-preview":"max-image-preview:large","max-video-preview":"max-video-preview:-1"},"canonical":"https:\/\/delorenzoglobal.com\/fr\/produit\/laboratoires-didactiques-pour-lelectronique-de-puissance\/","og_locale":"fr_FR","og_type":"article","og_title":"LABORATOIRES DIDACTIQUES POUR L\u2019\u00c9LECTRONIQUE DE PUISSANCE - De Lorenzo Training &amp; Didactical Equipment","og_description":"L&rsquo;\u00e9lectronique de puissance est la branche de l&rsquo;\u00e9lectronique qui \u00e9tudie les dispositifs, les circuits, les syst\u00e8mes et les proc\u00e9dures de traitement, de contr\u00f4le et de conversion de l&rsquo;\u00e9nergie \u00e9lectrique. Le d\u00e9veloppement technologique de l&rsquo;\u00e9lectronique \u00e0 l&rsquo;\u00e9tat solide et des semi-conducteurs a transform\u00e9 l&rsquo;\u00e9lectronique de puissance en fournissant des dispositifs actifs avec des vitesses de commutation [&hellip;]","og_url":"https:\/\/delorenzoglobal.com\/fr\/produit\/laboratoires-didactiques-pour-lelectronique-de-puissance\/","og_site_name":"De Lorenzo Training &amp; Didactical Equipment","article_modified_time":"2025-05-07T15:08:57+00:00","og_image":[{"width":2317,"height":1499,"url":"https:\/\/delorenzoglobal.com\/wp-content\/uploads\/2024\/12\/Power-Electronics.jpg","type":"image\/jpeg"}],"twitter_card":"summary_large_image","twitter_misc":{"Dur\u00e9e de lecture estim\u00e9e":"2 minutes"},"schema":{"@context":"https:\/\/schema.org","@graph":[{"@type":"WebPage","@id":"https:\/\/delorenzoglobal.com\/fr\/produit\/laboratoires-didactiques-pour-lelectronique-de-puissance\/","url":"https:\/\/delorenzoglobal.com\/fr\/produit\/laboratoires-didactiques-pour-lelectronique-de-puissance\/","name":"LABORATOIRES DIDACTIQUES POUR L\u2019\u00c9LECTRONIQUE DE PUISSANCE - De Lorenzo Training &amp; Didactical Equipment","isPartOf":{"@id":"https:\/\/delorenzoglobal.com\/fr\/#website"},"primaryImageOfPage":{"@id":"https:\/\/delorenzoglobal.com\/fr\/produit\/laboratoires-didactiques-pour-lelectronique-de-puissance\/#primaryimage"},"image":{"@id":"https:\/\/delorenzoglobal.com\/fr\/produit\/laboratoires-didactiques-pour-lelectronique-de-puissance\/#primaryimage"},"thumbnailUrl":"https:\/\/delorenzoglobal.com\/wp-content\/uploads\/2024\/12\/Power-Electronics.jpg","datePublished":"2024-12-19T13:19:09+00:00","dateModified":"2025-05-07T15:08:57+00:00","breadcrumb":{"@id":"https:\/\/delorenzoglobal.com\/fr\/produit\/laboratoires-didactiques-pour-lelectronique-de-puissance\/#breadcrumb"},"inLanguage":"fr-FR","potentialAction":[{"@type":"ReadAction","target":["https:\/\/delorenzoglobal.com\/fr\/produit\/laboratoires-didactiques-pour-lelectronique-de-puissance\/"]}]},{"@type":"ImageObject","inLanguage":"fr-FR","@id":"https:\/\/delorenzoglobal.com\/fr\/produit\/laboratoires-didactiques-pour-lelectronique-de-puissance\/#primaryimage","url":"https:\/\/delorenzoglobal.com\/wp-content\/uploads\/2024\/12\/Power-Electronics.jpg","contentUrl":"https:\/\/delorenzoglobal.com\/wp-content\/uploads\/2024\/12\/Power-Electronics.jpg","width":2317,"height":1499},{"@type":"BreadcrumbList","@id":"https:\/\/delorenzoglobal.com\/fr\/produit\/laboratoires-didactiques-pour-lelectronique-de-puissance\/#breadcrumb","itemListElement":[{"@type":"ListItem","position":1,"name":"Home","item":"https:\/\/delorenzoglobal.com\/fr\/"},{"@type":"ListItem","position":2,"name":"Boutique","item":"https:\/\/delorenzoglobal.com\/fr\/boutique\/"},{"@type":"ListItem","position":3,"name":"LABORATOIRES DIDACTIQUES POUR L\u2019\u00c9LECTRONIQUE DE PUISSANCE"}]},{"@type":"WebSite","@id":"https:\/\/delorenzoglobal.com\/fr\/#website","url":"https:\/\/delorenzoglobal.com\/fr\/","name":"De Lorenzo Training &amp; Didactical Equipment","description":"","potentialAction":[{"@type":"SearchAction","target":{"@type":"EntryPoint","urlTemplate":"https:\/\/delorenzoglobal.com\/fr\/?s={search_term_string}"},"query-input":{"@type":"PropertyValueSpecification","valueRequired":true,"valueName":"search_term_string"}}],"inLanguage":"fr-FR"}]}},"_links":{"self":[{"href":"https:\/\/delorenzoglobal.com\/fr\/wp-json\/wp\/v2\/product\/24516","targetHints":{"allow":["GET"]}}],"collection":[{"href":"https:\/\/delorenzoglobal.com\/fr\/wp-json\/wp\/v2\/product"}],"about":[{"href":"https:\/\/delorenzoglobal.com\/fr\/wp-json\/wp\/v2\/types\/product"}],"wp:featuredmedia":[{"embeddable":true,"href":"https:\/\/delorenzoglobal.com\/fr\/wp-json\/wp\/v2\/media\/24509"}],"wp:attachment":[{"href":"https:\/\/delorenzoglobal.com\/fr\/wp-json\/wp\/v2\/media?parent=24516"}],"wp:term":[{"taxonomy":"product_brand","embeddable":true,"href":"https:\/\/delorenzoglobal.com\/fr\/wp-json\/wp\/v2\/product_brand?post=24516"},{"taxonomy":"product_cat","embeddable":true,"href":"https:\/\/delorenzoglobal.com\/fr\/wp-json\/wp\/v2\/product_cat?post=24516"},{"taxonomy":"product_tag","embeddable":true,"href":"https:\/\/delorenzoglobal.com\/fr\/wp-json\/wp\/v2\/product_tag?post=24516"}],"curies":[{"name":"wp","href":"https:\/\/api.w.org\/{rel}","templated":true}]}}