{"id":24470,"date":"2024-12-19T13:41:31","date_gmt":"2024-12-19T12:41:31","guid":{"rendered":"https:\/\/delorenzoglobal.com\/?post_type=product&#038;p=24470"},"modified":"2026-03-23T14:26:48","modified_gmt":"2026-03-23T13:26:48","slug":"laboratoires-didactiques-pour-la-thermotronique","status":"publish","type":"product","link":"https:\/\/delorenzoglobal.com\/fr\/produit\/laboratoires-didactiques-pour-la-thermotronique\/","title":{"rendered":"LABORATOIRES DIDACTIQUES POUR LA THERMOTRONIQUE"},"content":{"rendered":"<p>La <strong>thermotronique<\/strong> d\u00e9signe les syst\u00e8mes didactiques destin\u00e9s \u00e0 l&rsquo;\u00e9tude de la thermotechnique, c&rsquo;est-\u00e0-dire des \u00e9quipements d\u00e9di\u00e9s \u00e0 la production, \u00e0 la transmission et \u00e0 l&rsquo;utilisation de la chaleur domestique et industrielle.<br \/>\nNos laboratoires de thermotronique \u00e9tudient les th\u00e8mes li\u00e9s aux cycles de refroidissement, \u00e0 la climatisation, au chauffage et aux syst\u00e8mes de production d&rsquo;eau sanitaire.<br \/>\n<strong><br \/>\nDe Lorenzo, toujours \u00e0 l&rsquo;avant-garde, a d\u00e9velopp\u00e9 des environnements et des solutions pour <\/strong><strong>la formation, des \u00e9quipements pour la formation th\u00e9orique et exp\u00e9rimentale des \u00e9tudiants et <\/strong><strong>pour le d\u00e9veloppement des comp\u00e9tences professionnelles inh\u00e9rentes \u00e0 la thermotechnique. <\/strong>Dans chaque ligne de nos produits, on aborde les contenus d&rsquo;\u00e9tude de son programme d&rsquo;\u00e9tude, les pratiques et les syst\u00e8mes de simulation de pannes.<br \/>\nChez De Lorenzo, nous fabriquons des syst\u00e8mes de <strong>qualit\u00e9, flexibles et \u00e9ducatifs<\/strong> pour le d\u00e9veloppement des comp\u00e9tences des professionnels du 21\u00e8me si\u00e8cle<\/p>\n<ul>\n<li>Thermodynamique<\/li>\n<li>Climatisation<\/li>\n<li>R\u00e9frig\u00e9ration<\/li>\n<li>Chauffage Et Installations Sanitaires<\/li>\n<\/ul>\n","protected":false},"excerpt":{"rendered":"<p>La thermotronique d\u00e9signe les syst\u00e8mes didactiques destin\u00e9s \u00e0 l&rsquo;\u00e9tude de la thermotechnique, c&rsquo;est-\u00e0-dire des \u00e9quipements d\u00e9di\u00e9s \u00e0 la production, \u00e0 la transmission et \u00e0 l&rsquo;utilisation de la chaleur domestique et industrielle. Nos laboratoires de thermotronique \u00e9tudient les th\u00e8mes li\u00e9s aux cycles de refroidissement, \u00e0 la climatisation, au chauffage et aux syst\u00e8mes de production d&rsquo;eau sanitaire. [&hellip;]<\/p>\n","protected":false},"featured_media":24458,"template":"","meta":{"_acf_changed":false},"product_brand":[],"product_cat":[1955,2392],"product_tag":[],"class_list":{"0":"post-24470","1":"product","2":"type-product","3":"status-publish","4":"has-post-thumbnail","6":"product_cat-laboratori-chiavi-in-mano-fr","7":"product_cat-laboratoires-pour-la-thermotronique","9":"first","10":"instock","11":"shipping-taxable","12":"product-type-simple"},"acf":[],"yoast_head":"<!-- This site is optimized with the Yoast SEO plugin v27.4 - https:\/\/yoast.com\/product\/yoast-seo-wordpress\/ -->\n<title>LABORATOIRES DIDACTIQUES POUR LA THERMOTRONIQUE - De Lorenzo Training &amp; Didactical Equipment<\/title>\n<meta name=\"robots\" content=\"index, follow, max-snippet:-1, max-image-preview:large, max-video-preview:-1\" \/>\n<link rel=\"canonical\" href=\"https:\/\/delorenzoglobal.com\/fr\/produit\/laboratoires-didactiques-pour-la-thermotronique\/\" \/>\n<meta property=\"og:locale\" content=\"fr_FR\" \/>\n<meta property=\"og:type\" content=\"article\" \/>\n<meta property=\"og:title\" content=\"LABORATOIRES DIDACTIQUES POUR LA THERMOTRONIQUE - De Lorenzo Training &amp; Didactical Equipment\" \/>\n<meta property=\"og:description\" content=\"La thermotronique d\u00e9signe les syst\u00e8mes didactiques destin\u00e9s \u00e0 l&rsquo;\u00e9tude de la thermotechnique, c&rsquo;est-\u00e0-dire des \u00e9quipements d\u00e9di\u00e9s \u00e0 la production, \u00e0 la transmission et \u00e0 l&rsquo;utilisation de la chaleur domestique et industrielle. Nos laboratoires de thermotronique \u00e9tudient les th\u00e8mes li\u00e9s aux cycles de refroidissement, \u00e0 la climatisation, au chauffage et aux syst\u00e8mes de production d&rsquo;eau sanitaire. [&hellip;]\" \/>\n<meta property=\"og:url\" content=\"https:\/\/delorenzoglobal.com\/fr\/produit\/laboratoires-didactiques-pour-la-thermotronique\/\" \/>\n<meta property=\"og:site_name\" content=\"De Lorenzo Training &amp; Didactical Equipment\" \/>\n<meta property=\"article:modified_time\" content=\"2026-03-23T13:26:48+00:00\" \/>\n<meta property=\"og:image\" content=\"https:\/\/delorenzoglobal.com\/wp-content\/uploads\/2024\/12\/Thermotronics.jpg\" \/>\n\t<meta property=\"og:image:width\" content=\"2317\" \/>\n\t<meta property=\"og:image:height\" content=\"1498\" \/>\n\t<meta property=\"og:image:type\" content=\"image\/jpeg\" \/>\n<meta name=\"twitter:card\" content=\"summary_large_image\" \/>\n<meta name=\"twitter:label1\" content=\"Dur\u00e9e de lecture estim\u00e9e\" \/>\n\t<meta name=\"twitter:data1\" content=\"1 minute\" \/>\n<script type=\"application\/ld+json\" class=\"yoast-schema-graph\">{\"@context\":\"https:\\\/\\\/schema.org\",\"@graph\":[{\"@type\":\"WebPage\",\"@id\":\"https:\\\/\\\/delorenzoglobal.com\\\/fr\\\/produit\\\/laboratoires-didactiques-pour-la-thermotronique\\\/\",\"url\":\"https:\\\/\\\/delorenzoglobal.com\\\/fr\\\/produit\\\/laboratoires-didactiques-pour-la-thermotronique\\\/\",\"name\":\"LABORATOIRES DIDACTIQUES POUR LA THERMOTRONIQUE - De Lorenzo Training &amp; Didactical Equipment\",\"isPartOf\":{\"@id\":\"https:\\\/\\\/delorenzoglobal.com\\\/fr\\\/#website\"},\"primaryImageOfPage\":{\"@id\":\"https:\\\/\\\/delorenzoglobal.com\\\/fr\\\/produit\\\/laboratoires-didactiques-pour-la-thermotronique\\\/#primaryimage\"},\"image\":{\"@id\":\"https:\\\/\\\/delorenzoglobal.com\\\/fr\\\/produit\\\/laboratoires-didactiques-pour-la-thermotronique\\\/#primaryimage\"},\"thumbnailUrl\":\"https:\\\/\\\/delorenzoglobal.com\\\/wp-content\\\/uploads\\\/2024\\\/12\\\/Thermotronics.jpg\",\"datePublished\":\"2024-12-19T12:41:31+00:00\",\"dateModified\":\"2026-03-23T13:26:48+00:00\",\"breadcrumb\":{\"@id\":\"https:\\\/\\\/delorenzoglobal.com\\\/fr\\\/produit\\\/laboratoires-didactiques-pour-la-thermotronique\\\/#breadcrumb\"},\"inLanguage\":\"fr-FR\",\"potentialAction\":[{\"@type\":\"ReadAction\",\"target\":[\"https:\\\/\\\/delorenzoglobal.com\\\/fr\\\/produit\\\/laboratoires-didactiques-pour-la-thermotronique\\\/\"]}]},{\"@type\":\"ImageObject\",\"inLanguage\":\"fr-FR\",\"@id\":\"https:\\\/\\\/delorenzoglobal.com\\\/fr\\\/produit\\\/laboratoires-didactiques-pour-la-thermotronique\\\/#primaryimage\",\"url\":\"https:\\\/\\\/delorenzoglobal.com\\\/wp-content\\\/uploads\\\/2024\\\/12\\\/Thermotronics.jpg\",\"contentUrl\":\"https:\\\/\\\/delorenzoglobal.com\\\/wp-content\\\/uploads\\\/2024\\\/12\\\/Thermotronics.jpg\",\"width\":2317,\"height\":1498},{\"@type\":\"BreadcrumbList\",\"@id\":\"https:\\\/\\\/delorenzoglobal.com\\\/fr\\\/produit\\\/laboratoires-didactiques-pour-la-thermotronique\\\/#breadcrumb\",\"itemListElement\":[{\"@type\":\"ListItem\",\"position\":1,\"name\":\"Home\",\"item\":\"https:\\\/\\\/delorenzoglobal.com\\\/fr\\\/\"},{\"@type\":\"ListItem\",\"position\":2,\"name\":\"Boutique\",\"item\":\"https:\\\/\\\/delorenzoglobal.com\\\/fr\\\/boutique\\\/\"},{\"@type\":\"ListItem\",\"position\":3,\"name\":\"LABORATOIRES DIDACTIQUES POUR LA THERMOTRONIQUE\"}]},{\"@type\":\"WebSite\",\"@id\":\"https:\\\/\\\/delorenzoglobal.com\\\/fr\\\/#website\",\"url\":\"https:\\\/\\\/delorenzoglobal.com\\\/fr\\\/\",\"name\":\"De Lorenzo Training &amp; Didactical Equipment\",\"description\":\"\",\"potentialAction\":[{\"@type\":\"SearchAction\",\"target\":{\"@type\":\"EntryPoint\",\"urlTemplate\":\"https:\\\/\\\/delorenzoglobal.com\\\/fr\\\/?s={search_term_string}\"},\"query-input\":{\"@type\":\"PropertyValueSpecification\",\"valueRequired\":true,\"valueName\":\"search_term_string\"}}],\"inLanguage\":\"fr-FR\"}]}<\/script>\n<!-- \/ Yoast SEO plugin. -->","yoast_head_json":{"title":"LABORATOIRES DIDACTIQUES POUR LA THERMOTRONIQUE - De Lorenzo Training &amp; Didactical Equipment","robots":{"index":"index","follow":"follow","max-snippet":"max-snippet:-1","max-image-preview":"max-image-preview:large","max-video-preview":"max-video-preview:-1"},"canonical":"https:\/\/delorenzoglobal.com\/fr\/produit\/laboratoires-didactiques-pour-la-thermotronique\/","og_locale":"fr_FR","og_type":"article","og_title":"LABORATOIRES DIDACTIQUES POUR LA THERMOTRONIQUE - De Lorenzo Training &amp; Didactical Equipment","og_description":"La thermotronique d\u00e9signe les syst\u00e8mes didactiques destin\u00e9s \u00e0 l&rsquo;\u00e9tude de la thermotechnique, c&rsquo;est-\u00e0-dire des \u00e9quipements d\u00e9di\u00e9s \u00e0 la production, \u00e0 la transmission et \u00e0 l&rsquo;utilisation de la chaleur domestique et industrielle. Nos laboratoires de thermotronique \u00e9tudient les th\u00e8mes li\u00e9s aux cycles de refroidissement, \u00e0 la climatisation, au chauffage et aux syst\u00e8mes de production d&rsquo;eau sanitaire. [&hellip;]","og_url":"https:\/\/delorenzoglobal.com\/fr\/produit\/laboratoires-didactiques-pour-la-thermotronique\/","og_site_name":"De Lorenzo Training &amp; Didactical Equipment","article_modified_time":"2026-03-23T13:26:48+00:00","og_image":[{"width":2317,"height":1498,"url":"https:\/\/delorenzoglobal.com\/wp-content\/uploads\/2024\/12\/Thermotronics.jpg","type":"image\/jpeg"}],"twitter_card":"summary_large_image","twitter_misc":{"Dur\u00e9e de lecture estim\u00e9e":"1 minute"},"schema":{"@context":"https:\/\/schema.org","@graph":[{"@type":"WebPage","@id":"https:\/\/delorenzoglobal.com\/fr\/produit\/laboratoires-didactiques-pour-la-thermotronique\/","url":"https:\/\/delorenzoglobal.com\/fr\/produit\/laboratoires-didactiques-pour-la-thermotronique\/","name":"LABORATOIRES DIDACTIQUES POUR LA THERMOTRONIQUE - De Lorenzo Training &amp; Didactical Equipment","isPartOf":{"@id":"https:\/\/delorenzoglobal.com\/fr\/#website"},"primaryImageOfPage":{"@id":"https:\/\/delorenzoglobal.com\/fr\/produit\/laboratoires-didactiques-pour-la-thermotronique\/#primaryimage"},"image":{"@id":"https:\/\/delorenzoglobal.com\/fr\/produit\/laboratoires-didactiques-pour-la-thermotronique\/#primaryimage"},"thumbnailUrl":"https:\/\/delorenzoglobal.com\/wp-content\/uploads\/2024\/12\/Thermotronics.jpg","datePublished":"2024-12-19T12:41:31+00:00","dateModified":"2026-03-23T13:26:48+00:00","breadcrumb":{"@id":"https:\/\/delorenzoglobal.com\/fr\/produit\/laboratoires-didactiques-pour-la-thermotronique\/#breadcrumb"},"inLanguage":"fr-FR","potentialAction":[{"@type":"ReadAction","target":["https:\/\/delorenzoglobal.com\/fr\/produit\/laboratoires-didactiques-pour-la-thermotronique\/"]}]},{"@type":"ImageObject","inLanguage":"fr-FR","@id":"https:\/\/delorenzoglobal.com\/fr\/produit\/laboratoires-didactiques-pour-la-thermotronique\/#primaryimage","url":"https:\/\/delorenzoglobal.com\/wp-content\/uploads\/2024\/12\/Thermotronics.jpg","contentUrl":"https:\/\/delorenzoglobal.com\/wp-content\/uploads\/2024\/12\/Thermotronics.jpg","width":2317,"height":1498},{"@type":"BreadcrumbList","@id":"https:\/\/delorenzoglobal.com\/fr\/produit\/laboratoires-didactiques-pour-la-thermotronique\/#breadcrumb","itemListElement":[{"@type":"ListItem","position":1,"name":"Home","item":"https:\/\/delorenzoglobal.com\/fr\/"},{"@type":"ListItem","position":2,"name":"Boutique","item":"https:\/\/delorenzoglobal.com\/fr\/boutique\/"},{"@type":"ListItem","position":3,"name":"LABORATOIRES DIDACTIQUES POUR LA THERMOTRONIQUE"}]},{"@type":"WebSite","@id":"https:\/\/delorenzoglobal.com\/fr\/#website","url":"https:\/\/delorenzoglobal.com\/fr\/","name":"De Lorenzo Training &amp; Didactical Equipment","description":"","potentialAction":[{"@type":"SearchAction","target":{"@type":"EntryPoint","urlTemplate":"https:\/\/delorenzoglobal.com\/fr\/?s={search_term_string}"},"query-input":{"@type":"PropertyValueSpecification","valueRequired":true,"valueName":"search_term_string"}}],"inLanguage":"fr-FR"}]}},"_links":{"self":[{"href":"https:\/\/delorenzoglobal.com\/fr\/wp-json\/wp\/v2\/product\/24470","targetHints":{"allow":["GET"]}}],"collection":[{"href":"https:\/\/delorenzoglobal.com\/fr\/wp-json\/wp\/v2\/product"}],"about":[{"href":"https:\/\/delorenzoglobal.com\/fr\/wp-json\/wp\/v2\/types\/product"}],"wp:featuredmedia":[{"embeddable":true,"href":"https:\/\/delorenzoglobal.com\/fr\/wp-json\/wp\/v2\/media\/24458"}],"wp:attachment":[{"href":"https:\/\/delorenzoglobal.com\/fr\/wp-json\/wp\/v2\/media?parent=24470"}],"wp:term":[{"taxonomy":"product_brand","embeddable":true,"href":"https:\/\/delorenzoglobal.com\/fr\/wp-json\/wp\/v2\/product_brand?post=24470"},{"taxonomy":"product_cat","embeddable":true,"href":"https:\/\/delorenzoglobal.com\/fr\/wp-json\/wp\/v2\/product_cat?post=24470"},{"taxonomy":"product_tag","embeddable":true,"href":"https:\/\/delorenzoglobal.com\/fr\/wp-json\/wp\/v2\/product_tag?post=24470"}],"curies":[{"name":"wp","href":"https:\/\/api.w.org\/{rel}","templated":true}]}}