{"id":24442,"date":"2024-12-19T11:49:49","date_gmt":"2024-12-19T10:49:49","guid":{"rendered":"https:\/\/delorenzoglobal.com\/?post_type=product&#038;p=24442"},"modified":"2026-03-23T14:33:33","modified_gmt":"2026-03-23T13:33:33","slug":"laboratoires-didactiques-pour-les-machines-%cb%9clectriques","status":"publish","type":"product","link":"https:\/\/delorenzoglobal.com\/fr\/produit\/laboratoires-didactiques-pour-les-machines-%cb%9clectriques\/","title":{"rendered":"LABORATOIRES DIDACTIQUES POUR LES MACHINES \u00c9LECTRIQUES"},"content":{"rendered":"<p>Une <strong>machine \u00e9lectrique<\/strong> est un dispositif capable de convertir l&rsquo;\u00e9nergie \u00e9lectrique en \u00e9nergie m\u00e9canique et vice versa, ou de transformer l&rsquo;\u00e9nergie \u00e9lectrique de mani\u00e8re qu&rsquo;elle puisse \u00eatre utilis\u00e9e dans un large \u00e9ventail d&rsquo;applications et d&rsquo;environnements, de l&rsquo;industrie aux espaces publics en passant par les habitations. Dans le domaine industriel, les machines \u00e9lectriques sont utilis\u00e9es dans de multiples applications allant des grands ventilateurs, des bandes transporteuses, des pompes, des ascenseurs, des grues, des laminoirs, \u00e0 des machines telles que les perceuses, les fraises, les tours, les m\u00e9langeurs ou les bras robotis\u00e9s. En raison de la grande vari\u00e9t\u00e9 d&rsquo;utilisations, ces m\u00e9canismes ont \u00e9t\u00e9 sp\u00e9cialis\u00e9s et divis\u00e9s en diff\u00e9rentes cat\u00e9gories, en fonction du type de courant utilis\u00e9 ou de leurs fonctions.<\/p>\n<p><strong>De Lorenzo propose diff\u00e9rentes solutions didactiques pour l&rsquo;\u00e9tude des machines dont les <\/strong><strong>principales caract\u00e9ristiques sont: des laboratoires reconfigurables compos\u00e9s d&rsquo;\u00e9l\u00e9ments <\/strong><strong>discrets ; une approche didactique; des plates-formes de formation pratique bas\u00e9es sur des <\/strong><strong>exp\u00e9riences qui permettent aux \u00e9tudiants d&rsquo;interagir avec des \u00e9quipements industriels r\u00e9els <\/strong><strong>gr\u00e2ce \u00e0 des outils mat\u00e9riels et logiciels.<\/strong><\/p>\n<ul>\n<li>Machines \u00c9lectriques<\/li>\n<li>Contr\u00f4le Du Moteur<\/li>\n<li>Test Automatis\u00e9 Pour Les Machines \u00c9lectriques<\/li>\n<li>Moteurs Asynchrones Triphas\u00e9s 1kw<\/li>\n<li>Moteurs Monophases 1kw<\/li>\n<li>Moteurs \u00c0 Courant Continu 1k<\/li>\n<li>G\u00e9n\u00e9rateurs De Courant Continu 1kw<\/li>\n<li>Machines Synchrones Triphas\u00e9es 1kw<\/li>\n<\/ul>\n","protected":false},"excerpt":{"rendered":"<p>Une machine \u00e9lectrique est un dispositif capable de convertir l&rsquo;\u00e9nergie \u00e9lectrique en \u00e9nergie m\u00e9canique et vice versa, ou de transformer l&rsquo;\u00e9nergie \u00e9lectrique de mani\u00e8re qu&rsquo;elle puisse \u00eatre utilis\u00e9e dans un large \u00e9ventail d&rsquo;applications et d&rsquo;environnements, de l&rsquo;industrie aux espaces publics en passant par les habitations. Dans le domaine industriel, les machines \u00e9lectriques sont utilis\u00e9es dans [&hellip;]<\/p>\n","protected":false},"featured_media":24414,"template":"","meta":{"_acf_changed":false},"product_brand":[],"product_cat":[1955,2368],"product_tag":[],"class_list":{"0":"post-24442","1":"product","2":"type-product","3":"status-publish","4":"has-post-thumbnail","6":"product_cat-laboratori-chiavi-in-mano-fr","7":"product_cat-laboratoires-pour-les-machines-lectriques","9":"first","10":"instock","11":"shipping-taxable","12":"product-type-simple"},"acf":[],"yoast_head":"<!-- This site is optimized with the Yoast SEO plugin v27.4 - https:\/\/yoast.com\/product\/yoast-seo-wordpress\/ -->\n<title>LABORATOIRES DIDACTIQUES POUR LES MACHINES \u00c9LECTRIQUES - De Lorenzo Training &amp; Didactical Equipment<\/title>\n<meta name=\"robots\" content=\"index, follow, max-snippet:-1, max-image-preview:large, max-video-preview:-1\" \/>\n<link rel=\"canonical\" href=\"https:\/\/delorenzoglobal.com\/fr\/produit\/laboratoires-didactiques-pour-les-machines-%cb%9clectriques\/\" \/>\n<meta property=\"og:locale\" content=\"fr_FR\" \/>\n<meta property=\"og:type\" content=\"article\" \/>\n<meta property=\"og:title\" content=\"LABORATOIRES DIDACTIQUES POUR LES MACHINES \u00c9LECTRIQUES - De Lorenzo Training &amp; Didactical Equipment\" \/>\n<meta property=\"og:description\" content=\"Une machine \u00e9lectrique est un dispositif capable de convertir l&rsquo;\u00e9nergie \u00e9lectrique en \u00e9nergie m\u00e9canique et vice versa, ou de transformer l&rsquo;\u00e9nergie \u00e9lectrique de mani\u00e8re qu&rsquo;elle puisse \u00eatre utilis\u00e9e dans un large \u00e9ventail d&rsquo;applications et d&rsquo;environnements, de l&rsquo;industrie aux espaces publics en passant par les habitations. Dans le domaine industriel, les machines \u00e9lectriques sont utilis\u00e9es dans [&hellip;]\" \/>\n<meta property=\"og:url\" content=\"https:\/\/delorenzoglobal.com\/fr\/produit\/laboratoires-didactiques-pour-les-machines-%cb%9clectriques\/\" \/>\n<meta property=\"og:site_name\" content=\"De Lorenzo Training &amp; Didactical Equipment\" \/>\n<meta property=\"article:modified_time\" content=\"2026-03-23T13:33:33+00:00\" \/>\n<meta property=\"og:image\" content=\"https:\/\/delorenzoglobal.com\/wp-content\/uploads\/2024\/12\/Macchine-elettriche.jpg\" \/>\n\t<meta property=\"og:image:width\" content=\"2321\" \/>\n\t<meta property=\"og:image:height\" content=\"1501\" \/>\n\t<meta property=\"og:image:type\" content=\"image\/jpeg\" \/>\n<meta name=\"twitter:card\" content=\"summary_large_image\" \/>\n<meta name=\"twitter:label1\" content=\"Dur\u00e9e de lecture estim\u00e9e\" \/>\n\t<meta name=\"twitter:data1\" content=\"2 minutes\" \/>\n<script type=\"application\/ld+json\" class=\"yoast-schema-graph\">{\"@context\":\"https:\\\/\\\/schema.org\",\"@graph\":[{\"@type\":\"WebPage\",\"@id\":\"https:\\\/\\\/delorenzoglobal.com\\\/fr\\\/produit\\\/laboratoires-didactiques-pour-les-machines-%cb%9clectriques\\\/\",\"url\":\"https:\\\/\\\/delorenzoglobal.com\\\/fr\\\/produit\\\/laboratoires-didactiques-pour-les-machines-%cb%9clectriques\\\/\",\"name\":\"LABORATOIRES DIDACTIQUES POUR LES MACHINES \u00c9LECTRIQUES - De Lorenzo Training &amp; Didactical Equipment\",\"isPartOf\":{\"@id\":\"https:\\\/\\\/delorenzoglobal.com\\\/fr\\\/#website\"},\"primaryImageOfPage\":{\"@id\":\"https:\\\/\\\/delorenzoglobal.com\\\/fr\\\/produit\\\/laboratoires-didactiques-pour-les-machines-%cb%9clectriques\\\/#primaryimage\"},\"image\":{\"@id\":\"https:\\\/\\\/delorenzoglobal.com\\\/fr\\\/produit\\\/laboratoires-didactiques-pour-les-machines-%cb%9clectriques\\\/#primaryimage\"},\"thumbnailUrl\":\"https:\\\/\\\/delorenzoglobal.com\\\/wp-content\\\/uploads\\\/2024\\\/12\\\/Macchine-elettriche.jpg\",\"datePublished\":\"2024-12-19T10:49:49+00:00\",\"dateModified\":\"2026-03-23T13:33:33+00:00\",\"breadcrumb\":{\"@id\":\"https:\\\/\\\/delorenzoglobal.com\\\/fr\\\/produit\\\/laboratoires-didactiques-pour-les-machines-%cb%9clectriques\\\/#breadcrumb\"},\"inLanguage\":\"fr-FR\",\"potentialAction\":[{\"@type\":\"ReadAction\",\"target\":[\"https:\\\/\\\/delorenzoglobal.com\\\/fr\\\/produit\\\/laboratoires-didactiques-pour-les-machines-%cb%9clectriques\\\/\"]}]},{\"@type\":\"ImageObject\",\"inLanguage\":\"fr-FR\",\"@id\":\"https:\\\/\\\/delorenzoglobal.com\\\/fr\\\/produit\\\/laboratoires-didactiques-pour-les-machines-%cb%9clectriques\\\/#primaryimage\",\"url\":\"https:\\\/\\\/delorenzoglobal.com\\\/wp-content\\\/uploads\\\/2024\\\/12\\\/Macchine-elettriche.jpg\",\"contentUrl\":\"https:\\\/\\\/delorenzoglobal.com\\\/wp-content\\\/uploads\\\/2024\\\/12\\\/Macchine-elettriche.jpg\",\"width\":2321,\"height\":1501},{\"@type\":\"BreadcrumbList\",\"@id\":\"https:\\\/\\\/delorenzoglobal.com\\\/fr\\\/produit\\\/laboratoires-didactiques-pour-les-machines-%cb%9clectriques\\\/#breadcrumb\",\"itemListElement\":[{\"@type\":\"ListItem\",\"position\":1,\"name\":\"Home\",\"item\":\"https:\\\/\\\/delorenzoglobal.com\\\/fr\\\/\"},{\"@type\":\"ListItem\",\"position\":2,\"name\":\"Boutique\",\"item\":\"https:\\\/\\\/delorenzoglobal.com\\\/fr\\\/boutique\\\/\"},{\"@type\":\"ListItem\",\"position\":3,\"name\":\"LABORATOIRES DIDACTIQUES POUR LES MACHINES \u00c9LECTRIQUES\"}]},{\"@type\":\"WebSite\",\"@id\":\"https:\\\/\\\/delorenzoglobal.com\\\/fr\\\/#website\",\"url\":\"https:\\\/\\\/delorenzoglobal.com\\\/fr\\\/\",\"name\":\"De Lorenzo Training &amp; Didactical Equipment\",\"description\":\"\",\"potentialAction\":[{\"@type\":\"SearchAction\",\"target\":{\"@type\":\"EntryPoint\",\"urlTemplate\":\"https:\\\/\\\/delorenzoglobal.com\\\/fr\\\/?s={search_term_string}\"},\"query-input\":{\"@type\":\"PropertyValueSpecification\",\"valueRequired\":true,\"valueName\":\"search_term_string\"}}],\"inLanguage\":\"fr-FR\"}]}<\/script>\n<!-- \/ Yoast SEO plugin. -->","yoast_head_json":{"title":"LABORATOIRES DIDACTIQUES POUR LES MACHINES \u00c9LECTRIQUES - De Lorenzo Training &amp; Didactical Equipment","robots":{"index":"index","follow":"follow","max-snippet":"max-snippet:-1","max-image-preview":"max-image-preview:large","max-video-preview":"max-video-preview:-1"},"canonical":"https:\/\/delorenzoglobal.com\/fr\/produit\/laboratoires-didactiques-pour-les-machines-%cb%9clectriques\/","og_locale":"fr_FR","og_type":"article","og_title":"LABORATOIRES DIDACTIQUES POUR LES MACHINES \u00c9LECTRIQUES - De Lorenzo Training &amp; Didactical Equipment","og_description":"Une machine \u00e9lectrique est un dispositif capable de convertir l&rsquo;\u00e9nergie \u00e9lectrique en \u00e9nergie m\u00e9canique et vice versa, ou de transformer l&rsquo;\u00e9nergie \u00e9lectrique de mani\u00e8re qu&rsquo;elle puisse \u00eatre utilis\u00e9e dans un large \u00e9ventail d&rsquo;applications et d&rsquo;environnements, de l&rsquo;industrie aux espaces publics en passant par les habitations. Dans le domaine industriel, les machines \u00e9lectriques sont utilis\u00e9es dans [&hellip;]","og_url":"https:\/\/delorenzoglobal.com\/fr\/produit\/laboratoires-didactiques-pour-les-machines-%cb%9clectriques\/","og_site_name":"De Lorenzo Training &amp; Didactical Equipment","article_modified_time":"2026-03-23T13:33:33+00:00","og_image":[{"width":2321,"height":1501,"url":"https:\/\/delorenzoglobal.com\/wp-content\/uploads\/2024\/12\/Macchine-elettriche.jpg","type":"image\/jpeg"}],"twitter_card":"summary_large_image","twitter_misc":{"Dur\u00e9e de lecture estim\u00e9e":"2 minutes"},"schema":{"@context":"https:\/\/schema.org","@graph":[{"@type":"WebPage","@id":"https:\/\/delorenzoglobal.com\/fr\/produit\/laboratoires-didactiques-pour-les-machines-%cb%9clectriques\/","url":"https:\/\/delorenzoglobal.com\/fr\/produit\/laboratoires-didactiques-pour-les-machines-%cb%9clectriques\/","name":"LABORATOIRES DIDACTIQUES POUR LES MACHINES \u00c9LECTRIQUES - De Lorenzo Training &amp; Didactical Equipment","isPartOf":{"@id":"https:\/\/delorenzoglobal.com\/fr\/#website"},"primaryImageOfPage":{"@id":"https:\/\/delorenzoglobal.com\/fr\/produit\/laboratoires-didactiques-pour-les-machines-%cb%9clectriques\/#primaryimage"},"image":{"@id":"https:\/\/delorenzoglobal.com\/fr\/produit\/laboratoires-didactiques-pour-les-machines-%cb%9clectriques\/#primaryimage"},"thumbnailUrl":"https:\/\/delorenzoglobal.com\/wp-content\/uploads\/2024\/12\/Macchine-elettriche.jpg","datePublished":"2024-12-19T10:49:49+00:00","dateModified":"2026-03-23T13:33:33+00:00","breadcrumb":{"@id":"https:\/\/delorenzoglobal.com\/fr\/produit\/laboratoires-didactiques-pour-les-machines-%cb%9clectriques\/#breadcrumb"},"inLanguage":"fr-FR","potentialAction":[{"@type":"ReadAction","target":["https:\/\/delorenzoglobal.com\/fr\/produit\/laboratoires-didactiques-pour-les-machines-%cb%9clectriques\/"]}]},{"@type":"ImageObject","inLanguage":"fr-FR","@id":"https:\/\/delorenzoglobal.com\/fr\/produit\/laboratoires-didactiques-pour-les-machines-%cb%9clectriques\/#primaryimage","url":"https:\/\/delorenzoglobal.com\/wp-content\/uploads\/2024\/12\/Macchine-elettriche.jpg","contentUrl":"https:\/\/delorenzoglobal.com\/wp-content\/uploads\/2024\/12\/Macchine-elettriche.jpg","width":2321,"height":1501},{"@type":"BreadcrumbList","@id":"https:\/\/delorenzoglobal.com\/fr\/produit\/laboratoires-didactiques-pour-les-machines-%cb%9clectriques\/#breadcrumb","itemListElement":[{"@type":"ListItem","position":1,"name":"Home","item":"https:\/\/delorenzoglobal.com\/fr\/"},{"@type":"ListItem","position":2,"name":"Boutique","item":"https:\/\/delorenzoglobal.com\/fr\/boutique\/"},{"@type":"ListItem","position":3,"name":"LABORATOIRES DIDACTIQUES POUR LES MACHINES \u00c9LECTRIQUES"}]},{"@type":"WebSite","@id":"https:\/\/delorenzoglobal.com\/fr\/#website","url":"https:\/\/delorenzoglobal.com\/fr\/","name":"De Lorenzo Training &amp; Didactical Equipment","description":"","potentialAction":[{"@type":"SearchAction","target":{"@type":"EntryPoint","urlTemplate":"https:\/\/delorenzoglobal.com\/fr\/?s={search_term_string}"},"query-input":{"@type":"PropertyValueSpecification","valueRequired":true,"valueName":"search_term_string"}}],"inLanguage":"fr-FR"}]}},"_links":{"self":[{"href":"https:\/\/delorenzoglobal.com\/fr\/wp-json\/wp\/v2\/product\/24442","targetHints":{"allow":["GET"]}}],"collection":[{"href":"https:\/\/delorenzoglobal.com\/fr\/wp-json\/wp\/v2\/product"}],"about":[{"href":"https:\/\/delorenzoglobal.com\/fr\/wp-json\/wp\/v2\/types\/product"}],"wp:featuredmedia":[{"embeddable":true,"href":"https:\/\/delorenzoglobal.com\/fr\/wp-json\/wp\/v2\/media\/24414"}],"wp:attachment":[{"href":"https:\/\/delorenzoglobal.com\/fr\/wp-json\/wp\/v2\/media?parent=24442"}],"wp:term":[{"taxonomy":"product_brand","embeddable":true,"href":"https:\/\/delorenzoglobal.com\/fr\/wp-json\/wp\/v2\/product_brand?post=24442"},{"taxonomy":"product_cat","embeddable":true,"href":"https:\/\/delorenzoglobal.com\/fr\/wp-json\/wp\/v2\/product_cat?post=24442"},{"taxonomy":"product_tag","embeddable":true,"href":"https:\/\/delorenzoglobal.com\/fr\/wp-json\/wp\/v2\/product_tag?post=24442"}],"curies":[{"name":"wp","href":"https:\/\/api.w.org\/{rel}","templated":true}]}}