{"id":24400,"date":"2024-12-19T11:17:35","date_gmt":"2024-12-19T10:17:35","guid":{"rendered":"https:\/\/delorenzoglobal.com\/?post_type=product&#038;p=24400"},"modified":"2025-05-07T16:13:37","modified_gmt":"2025-05-07T14:13:37","slug":"laboratoires-didactiques-des-installations-electriques","status":"publish","type":"product","link":"https:\/\/delorenzoglobal.com\/fr\/produit\/laboratoires-didactiques-des-installations-electriques\/","title":{"rendered":"LABORATOIRES DIDACTIQUES DES INSTALLATIONS \u00c9LECTRIQUES"},"content":{"rendered":"<p>Les <strong>installations \u00e9lectriques<\/strong> sont l&rsquo;ensemble des circuits \u00e9lectriques destin\u00e9s \u00e0 fournir de l&rsquo;\u00e9nergie \u00e9lectrique aux b\u00e2timents, installations, lieux publics et infrastructures en g\u00e9n\u00e9ral. Elles incluent l&rsquo;\u00e9quipement n\u00e9cessaire pour garantir leur bon fonctionnement ainsi que la connexion avec les dispositifs \u00e9lectriques pour leur utilisation. Aujourd&rsquo;hui, les installations \u00e9lectriques r\u00e9sidentielles, commerciales et industrielles constituent le syst\u00e8me nerveux institutionnel. Elles sont d&rsquo;une grande importance, car une conception inad\u00e9quate, une installation d\u00e9fectueuse ou un mauvais entretien peuvent entra\u00eener, par exemple, l&rsquo;arr\u00eat temporaire des activit\u00e9s d&rsquo;une entreprise, des accidents ou des d\u00e9g\u00e2ts mat\u00e9riels dans une maison, un commerce ou une soci\u00e9t\u00e9. La majorit\u00e9 des incendies dans ces environnements sont dus \u00e0 des d\u00e9faillances des installations \u00e9lectriques. <strong>Chez De Lorenzo, nous fabriquons des syst\u00e8mes didactiques pour permettre aux techniciens, <\/strong><strong>ing\u00e9nieurs et sp\u00e9cialistes de l\u2019\u00e9lectricit\u00e9 d\u2019acqu\u00e9rir une exp\u00e9rience th\u00e9orique et pratique <\/strong><strong>dans la planification, le d\u00e9veloppement et la mise en \u0153uvre d\u2019installations civiles et <\/strong><strong>industrielles, en utilisant des composants de qualit\u00e9 industrielle int\u00e9gr\u00e9s dans des syst\u00e8mes <\/strong><strong>d\u2019entra\u00eenement pratiques et flexibles. <\/strong>Les laboratoires d\u2019installations \u00e9lectriques visent \u00e0 d\u00e9velopper des processus cognitifs et des comp\u00e9tences professionnelles englobant connaissances, <strong>comp\u00e9tences et attitudes pour une <\/strong><strong>formation compl\u00e8te des \u00e9tudiants dans les domaines requis par l\u2019industrie,<\/strong> couvrant tout, des techniques de mesure et de protection aux concepts d\u2019automatisation industrielle et domestique.<\/p>\n<ul>\n<li>Installations \u00c9lectriques<\/li>\n<li>Installation \u00c9lectriqu Du Laboratoire Virtuel<\/li>\n<li>Protections<\/li>\n<\/ul>\n","protected":false},"excerpt":{"rendered":"<p>Les installations \u00e9lectriques sont l&rsquo;ensemble des circuits \u00e9lectriques destin\u00e9s \u00e0 fournir de l&rsquo;\u00e9nergie \u00e9lectrique aux b\u00e2timents, installations, lieux publics et infrastructures en g\u00e9n\u00e9ral. Elles incluent l&rsquo;\u00e9quipement n\u00e9cessaire pour garantir leur bon fonctionnement ainsi que la connexion avec les dispositifs \u00e9lectriques pour leur utilisation. Aujourd&rsquo;hui, les installations \u00e9lectriques r\u00e9sidentielles, commerciales et industrielles constituent le syst\u00e8me nerveux [&hellip;]<\/p>\n","protected":false},"featured_media":24387,"template":"","meta":{"_acf_changed":false},"product_brand":[],"product_cat":[1955,2487],"product_tag":[],"class_list":{"0":"post-24400","1":"product","2":"type-product","3":"status-publish","4":"has-post-thumbnail","6":"product_cat-laboratori-chiavi-in-mano-fr","7":"product_cat-laboratoires-des-installations-electriques-fr","9":"first","10":"instock","11":"shipping-taxable","12":"product-type-simple"},"acf":[],"yoast_head":"<!-- This site is optimized with the Yoast SEO plugin v27.4 - https:\/\/yoast.com\/product\/yoast-seo-wordpress\/ -->\n<title>LABORATOIRES DIDACTIQUES DES INSTALLATIONS \u00c9LECTRIQUES - De Lorenzo Training &amp; Didactical Equipment<\/title>\n<meta name=\"robots\" content=\"index, follow, max-snippet:-1, max-image-preview:large, max-video-preview:-1\" \/>\n<link rel=\"canonical\" href=\"https:\/\/delorenzoglobal.com\/fr\/produit\/laboratoires-didactiques-des-installations-electriques\/\" \/>\n<meta property=\"og:locale\" content=\"fr_FR\" \/>\n<meta property=\"og:type\" content=\"article\" \/>\n<meta property=\"og:title\" content=\"LABORATOIRES DIDACTIQUES DES INSTALLATIONS \u00c9LECTRIQUES - De Lorenzo Training &amp; Didactical Equipment\" \/>\n<meta property=\"og:description\" content=\"Les installations \u00e9lectriques sont l&rsquo;ensemble des circuits \u00e9lectriques destin\u00e9s \u00e0 fournir de l&rsquo;\u00e9nergie \u00e9lectrique aux b\u00e2timents, installations, lieux publics et infrastructures en g\u00e9n\u00e9ral. Elles incluent l&rsquo;\u00e9quipement n\u00e9cessaire pour garantir leur bon fonctionnement ainsi que la connexion avec les dispositifs \u00e9lectriques pour leur utilisation. Aujourd&rsquo;hui, les installations \u00e9lectriques r\u00e9sidentielles, commerciales et industrielles constituent le syst\u00e8me nerveux [&hellip;]\" \/>\n<meta property=\"og:url\" content=\"https:\/\/delorenzoglobal.com\/fr\/produit\/laboratoires-didactiques-des-installations-electriques\/\" \/>\n<meta property=\"og:site_name\" content=\"De Lorenzo Training &amp; Didactical Equipment\" \/>\n<meta property=\"article:modified_time\" content=\"2025-05-07T14:13:37+00:00\" \/>\n<meta property=\"og:image\" content=\"https:\/\/delorenzoglobal.com\/wp-content\/uploads\/2024\/12\/Electrical-Installations.jpg\" \/>\n\t<meta property=\"og:image:width\" content=\"2321\" \/>\n\t<meta property=\"og:image:height\" content=\"1501\" \/>\n\t<meta property=\"og:image:type\" content=\"image\/jpeg\" \/>\n<meta name=\"twitter:card\" content=\"summary_large_image\" \/>\n<meta name=\"twitter:label1\" content=\"Dur\u00e9e de lecture estim\u00e9e\" \/>\n\t<meta name=\"twitter:data1\" content=\"2 minutes\" \/>\n<script type=\"application\/ld+json\" class=\"yoast-schema-graph\">{\"@context\":\"https:\\\/\\\/schema.org\",\"@graph\":[{\"@type\":\"WebPage\",\"@id\":\"https:\\\/\\\/delorenzoglobal.com\\\/fr\\\/produit\\\/laboratoires-didactiques-des-installations-electriques\\\/\",\"url\":\"https:\\\/\\\/delorenzoglobal.com\\\/fr\\\/produit\\\/laboratoires-didactiques-des-installations-electriques\\\/\",\"name\":\"LABORATOIRES DIDACTIQUES DES INSTALLATIONS \u00c9LECTRIQUES - De Lorenzo Training &amp; Didactical Equipment\",\"isPartOf\":{\"@id\":\"https:\\\/\\\/delorenzoglobal.com\\\/fr\\\/#website\"},\"primaryImageOfPage\":{\"@id\":\"https:\\\/\\\/delorenzoglobal.com\\\/fr\\\/produit\\\/laboratoires-didactiques-des-installations-electriques\\\/#primaryimage\"},\"image\":{\"@id\":\"https:\\\/\\\/delorenzoglobal.com\\\/fr\\\/produit\\\/laboratoires-didactiques-des-installations-electriques\\\/#primaryimage\"},\"thumbnailUrl\":\"https:\\\/\\\/delorenzoglobal.com\\\/wp-content\\\/uploads\\\/2024\\\/12\\\/Electrical-Installations.jpg\",\"datePublished\":\"2024-12-19T10:17:35+00:00\",\"dateModified\":\"2025-05-07T14:13:37+00:00\",\"breadcrumb\":{\"@id\":\"https:\\\/\\\/delorenzoglobal.com\\\/fr\\\/produit\\\/laboratoires-didactiques-des-installations-electriques\\\/#breadcrumb\"},\"inLanguage\":\"fr-FR\",\"potentialAction\":[{\"@type\":\"ReadAction\",\"target\":[\"https:\\\/\\\/delorenzoglobal.com\\\/fr\\\/produit\\\/laboratoires-didactiques-des-installations-electriques\\\/\"]}]},{\"@type\":\"ImageObject\",\"inLanguage\":\"fr-FR\",\"@id\":\"https:\\\/\\\/delorenzoglobal.com\\\/fr\\\/produit\\\/laboratoires-didactiques-des-installations-electriques\\\/#primaryimage\",\"url\":\"https:\\\/\\\/delorenzoglobal.com\\\/wp-content\\\/uploads\\\/2024\\\/12\\\/Electrical-Installations.jpg\",\"contentUrl\":\"https:\\\/\\\/delorenzoglobal.com\\\/wp-content\\\/uploads\\\/2024\\\/12\\\/Electrical-Installations.jpg\",\"width\":2321,\"height\":1501},{\"@type\":\"BreadcrumbList\",\"@id\":\"https:\\\/\\\/delorenzoglobal.com\\\/fr\\\/produit\\\/laboratoires-didactiques-des-installations-electriques\\\/#breadcrumb\",\"itemListElement\":[{\"@type\":\"ListItem\",\"position\":1,\"name\":\"Home\",\"item\":\"https:\\\/\\\/delorenzoglobal.com\\\/fr\\\/\"},{\"@type\":\"ListItem\",\"position\":2,\"name\":\"Boutique\",\"item\":\"https:\\\/\\\/delorenzoglobal.com\\\/fr\\\/boutique\\\/\"},{\"@type\":\"ListItem\",\"position\":3,\"name\":\"LABORATOIRES DIDACTIQUES DES INSTALLATIONS \u00c9LECTRIQUES\"}]},{\"@type\":\"WebSite\",\"@id\":\"https:\\\/\\\/delorenzoglobal.com\\\/fr\\\/#website\",\"url\":\"https:\\\/\\\/delorenzoglobal.com\\\/fr\\\/\",\"name\":\"De Lorenzo Training &amp; Didactical Equipment\",\"description\":\"\",\"potentialAction\":[{\"@type\":\"SearchAction\",\"target\":{\"@type\":\"EntryPoint\",\"urlTemplate\":\"https:\\\/\\\/delorenzoglobal.com\\\/fr\\\/?s={search_term_string}\"},\"query-input\":{\"@type\":\"PropertyValueSpecification\",\"valueRequired\":true,\"valueName\":\"search_term_string\"}}],\"inLanguage\":\"fr-FR\"}]}<\/script>\n<!-- \/ Yoast SEO plugin. -->","yoast_head_json":{"title":"LABORATOIRES DIDACTIQUES DES INSTALLATIONS \u00c9LECTRIQUES - De Lorenzo Training &amp; Didactical Equipment","robots":{"index":"index","follow":"follow","max-snippet":"max-snippet:-1","max-image-preview":"max-image-preview:large","max-video-preview":"max-video-preview:-1"},"canonical":"https:\/\/delorenzoglobal.com\/fr\/produit\/laboratoires-didactiques-des-installations-electriques\/","og_locale":"fr_FR","og_type":"article","og_title":"LABORATOIRES DIDACTIQUES DES INSTALLATIONS \u00c9LECTRIQUES - De Lorenzo Training &amp; Didactical Equipment","og_description":"Les installations \u00e9lectriques sont l&rsquo;ensemble des circuits \u00e9lectriques destin\u00e9s \u00e0 fournir de l&rsquo;\u00e9nergie \u00e9lectrique aux b\u00e2timents, installations, lieux publics et infrastructures en g\u00e9n\u00e9ral. Elles incluent l&rsquo;\u00e9quipement n\u00e9cessaire pour garantir leur bon fonctionnement ainsi que la connexion avec les dispositifs \u00e9lectriques pour leur utilisation. Aujourd&rsquo;hui, les installations \u00e9lectriques r\u00e9sidentielles, commerciales et industrielles constituent le syst\u00e8me nerveux [&hellip;]","og_url":"https:\/\/delorenzoglobal.com\/fr\/produit\/laboratoires-didactiques-des-installations-electriques\/","og_site_name":"De Lorenzo Training &amp; Didactical Equipment","article_modified_time":"2025-05-07T14:13:37+00:00","og_image":[{"width":2321,"height":1501,"url":"https:\/\/delorenzoglobal.com\/wp-content\/uploads\/2024\/12\/Electrical-Installations.jpg","type":"image\/jpeg"}],"twitter_card":"summary_large_image","twitter_misc":{"Dur\u00e9e de lecture estim\u00e9e":"2 minutes"},"schema":{"@context":"https:\/\/schema.org","@graph":[{"@type":"WebPage","@id":"https:\/\/delorenzoglobal.com\/fr\/produit\/laboratoires-didactiques-des-installations-electriques\/","url":"https:\/\/delorenzoglobal.com\/fr\/produit\/laboratoires-didactiques-des-installations-electriques\/","name":"LABORATOIRES DIDACTIQUES DES INSTALLATIONS \u00c9LECTRIQUES - De Lorenzo Training &amp; Didactical Equipment","isPartOf":{"@id":"https:\/\/delorenzoglobal.com\/fr\/#website"},"primaryImageOfPage":{"@id":"https:\/\/delorenzoglobal.com\/fr\/produit\/laboratoires-didactiques-des-installations-electriques\/#primaryimage"},"image":{"@id":"https:\/\/delorenzoglobal.com\/fr\/produit\/laboratoires-didactiques-des-installations-electriques\/#primaryimage"},"thumbnailUrl":"https:\/\/delorenzoglobal.com\/wp-content\/uploads\/2024\/12\/Electrical-Installations.jpg","datePublished":"2024-12-19T10:17:35+00:00","dateModified":"2025-05-07T14:13:37+00:00","breadcrumb":{"@id":"https:\/\/delorenzoglobal.com\/fr\/produit\/laboratoires-didactiques-des-installations-electriques\/#breadcrumb"},"inLanguage":"fr-FR","potentialAction":[{"@type":"ReadAction","target":["https:\/\/delorenzoglobal.com\/fr\/produit\/laboratoires-didactiques-des-installations-electriques\/"]}]},{"@type":"ImageObject","inLanguage":"fr-FR","@id":"https:\/\/delorenzoglobal.com\/fr\/produit\/laboratoires-didactiques-des-installations-electriques\/#primaryimage","url":"https:\/\/delorenzoglobal.com\/wp-content\/uploads\/2024\/12\/Electrical-Installations.jpg","contentUrl":"https:\/\/delorenzoglobal.com\/wp-content\/uploads\/2024\/12\/Electrical-Installations.jpg","width":2321,"height":1501},{"@type":"BreadcrumbList","@id":"https:\/\/delorenzoglobal.com\/fr\/produit\/laboratoires-didactiques-des-installations-electriques\/#breadcrumb","itemListElement":[{"@type":"ListItem","position":1,"name":"Home","item":"https:\/\/delorenzoglobal.com\/fr\/"},{"@type":"ListItem","position":2,"name":"Boutique","item":"https:\/\/delorenzoglobal.com\/fr\/boutique\/"},{"@type":"ListItem","position":3,"name":"LABORATOIRES DIDACTIQUES DES INSTALLATIONS \u00c9LECTRIQUES"}]},{"@type":"WebSite","@id":"https:\/\/delorenzoglobal.com\/fr\/#website","url":"https:\/\/delorenzoglobal.com\/fr\/","name":"De Lorenzo Training &amp; Didactical Equipment","description":"","potentialAction":[{"@type":"SearchAction","target":{"@type":"EntryPoint","urlTemplate":"https:\/\/delorenzoglobal.com\/fr\/?s={search_term_string}"},"query-input":{"@type":"PropertyValueSpecification","valueRequired":true,"valueName":"search_term_string"}}],"inLanguage":"fr-FR"}]}},"_links":{"self":[{"href":"https:\/\/delorenzoglobal.com\/fr\/wp-json\/wp\/v2\/product\/24400","targetHints":{"allow":["GET"]}}],"collection":[{"href":"https:\/\/delorenzoglobal.com\/fr\/wp-json\/wp\/v2\/product"}],"about":[{"href":"https:\/\/delorenzoglobal.com\/fr\/wp-json\/wp\/v2\/types\/product"}],"wp:featuredmedia":[{"embeddable":true,"href":"https:\/\/delorenzoglobal.com\/fr\/wp-json\/wp\/v2\/media\/24387"}],"wp:attachment":[{"href":"https:\/\/delorenzoglobal.com\/fr\/wp-json\/wp\/v2\/media?parent=24400"}],"wp:term":[{"taxonomy":"product_brand","embeddable":true,"href":"https:\/\/delorenzoglobal.com\/fr\/wp-json\/wp\/v2\/product_brand?post=24400"},{"taxonomy":"product_cat","embeddable":true,"href":"https:\/\/delorenzoglobal.com\/fr\/wp-json\/wp\/v2\/product_cat?post=24400"},{"taxonomy":"product_tag","embeddable":true,"href":"https:\/\/delorenzoglobal.com\/fr\/wp-json\/wp\/v2\/product_tag?post=24400"}],"curies":[{"name":"wp","href":"https:\/\/api.w.org\/{rel}","templated":true}]}}