{"id":24362,"date":"2024-12-19T09:18:56","date_gmt":"2024-12-19T08:18:56","guid":{"rendered":"https:\/\/delorenzoglobal.com\/?post_type=product&#038;p=24362"},"modified":"2025-04-28T14:24:14","modified_gmt":"2025-04-28T12:24:14","slug":"laboratoires-didactiques-pour-lautotronique","status":"publish","type":"product","link":"https:\/\/delorenzoglobal.com\/fr\/produit\/laboratoires-didactiques-pour-lautotronique\/","title":{"rendered":"LABORATOIRE DIDACTIQUE POUR L\u2019AUTOTRONIQUE"},"content":{"rendered":"<p><strong>L&rsquo;autotronique<\/strong> est une discipline d&rsquo;ing\u00e9nierie qui int\u00e8gre les connaissances en micro\u00e9lectronique, t\u00e9l\u00e9matique, robotique et informatique appliqu\u00e9es au secteur automobile. Elle se concentre sur l&rsquo;analyse et la gestion des capteurs, des syst\u00e8mes \u00e9lectriques et \u00e9lectroniques qui rendent les v\u00e9hicules de plus en plus s\u00fbrs, confortables et interactifs pour les utilisateurs. Cette mati\u00e8re aborde des th\u00e8mes innovants tels que les voitures \u00e9lectriques et les v\u00e9hicules autonomes, en se pla\u00e7ant au centre des d\u00e9fis technologiques de l\u2019avenir. <strong>Les solutions p\u00e9dagogiques de De Lorenzo sont d\u00e9velopp\u00e9es pour permettre aux \u00e9tudiants <\/strong><strong>de d\u00e9velopper des comp\u00e9tences fondamentales<\/strong> pour comprendre pleinement les syst\u00e8mes automobiles, en apprenant \u00e0 identifier les composants techniques et les instruments de mesure, \u00e0 diagnostiquer les pannes et \u00e0 effectuer l&rsquo;entretien des syst\u00e8mes \u00e9lectriques, \u00e9lectroniques et de conditionnement d&rsquo;air. En outre, les \u00e9tudiants seront en mesure de travailler avec des technologies avanc\u00e9es pour aborder la maintenance des v\u00e9hicules hybrides et explorer des solutions innovantes pour l&rsquo;industrie. <strong>Ce cours forme des professionnels capables de r\u00e9pondre aux besoins d&rsquo;un <\/strong><strong>march\u00e9 en constante \u00e9volution, en contribuant \u00e0 am\u00e9liorer l&rsquo;efficacit\u00e9, la durabilit\u00e9 et la <\/strong><strong>s\u00e9curit\u00e9 des futurs v\u00e9hicules.<\/strong><\/p>\n<ul>\n<li>Allumage<\/li>\n<li>Fonctionnement Du Moteur<\/li>\n<li>S\u00e9curit\u00e9<\/li>\n<li>Circuits \u00c9lectriques<\/li>\n<li>V\u00e9hicule Hybride<\/li>\n<li>Freinage<\/li>\n<li>Climatisation<\/li>\n<li>V\u00e9hicule \u00c9lectrique<\/li>\n<\/ul>\n","protected":false},"excerpt":{"rendered":"<p>L&rsquo;autotronique est une discipline d&rsquo;ing\u00e9nierie qui int\u00e8gre les connaissances en micro\u00e9lectronique, t\u00e9l\u00e9matique, robotique et informatique appliqu\u00e9es au secteur automobile. Elle se concentre sur l&rsquo;analyse et la gestion des capteurs, des syst\u00e8mes \u00e9lectriques et \u00e9lectroniques qui rendent les v\u00e9hicules de plus en plus s\u00fbrs, confortables et interactifs pour les utilisateurs. Cette mati\u00e8re aborde des th\u00e8mes innovants [&hellip;]<\/p>\n","protected":false},"featured_media":24355,"template":"","meta":{"_acf_changed":false},"product_brand":[],"product_cat":[1955,2301],"product_tag":[],"class_list":{"0":"post-24362","1":"product","2":"type-product","3":"status-publish","4":"has-post-thumbnail","6":"product_cat-laboratori-chiavi-in-mano-fr","7":"product_cat-solution-de-laboratoire-pour-autotrnics","9":"first","10":"instock","11":"shipping-taxable","12":"product-type-simple"},"acf":[],"yoast_head":"<!-- This site is optimized with the Yoast SEO plugin v27.4 - https:\/\/yoast.com\/product\/yoast-seo-wordpress\/ -->\n<title>LABORATOIRE DIDACTIQUE POUR L\u2019AUTOTRONIQUE - De Lorenzo Training &amp; Didactical Equipment<\/title>\n<meta name=\"robots\" content=\"index, follow, max-snippet:-1, max-image-preview:large, max-video-preview:-1\" \/>\n<link rel=\"canonical\" href=\"https:\/\/delorenzoglobal.com\/fr\/produit\/laboratoires-didactiques-pour-lautotronique\/\" \/>\n<meta property=\"og:locale\" content=\"fr_FR\" \/>\n<meta property=\"og:type\" content=\"article\" \/>\n<meta property=\"og:title\" content=\"LABORATOIRE DIDACTIQUE POUR L\u2019AUTOTRONIQUE - De Lorenzo Training &amp; Didactical Equipment\" \/>\n<meta property=\"og:description\" content=\"L&rsquo;autotronique est une discipline d&rsquo;ing\u00e9nierie qui int\u00e8gre les connaissances en micro\u00e9lectronique, t\u00e9l\u00e9matique, robotique et informatique appliqu\u00e9es au secteur automobile. Elle se concentre sur l&rsquo;analyse et la gestion des capteurs, des syst\u00e8mes \u00e9lectriques et \u00e9lectroniques qui rendent les v\u00e9hicules de plus en plus s\u00fbrs, confortables et interactifs pour les utilisateurs. Cette mati\u00e8re aborde des th\u00e8mes innovants [&hellip;]\" \/>\n<meta property=\"og:url\" content=\"https:\/\/delorenzoglobal.com\/fr\/produit\/laboratoires-didactiques-pour-lautotronique\/\" \/>\n<meta property=\"og:site_name\" content=\"De Lorenzo Training &amp; Didactical Equipment\" \/>\n<meta property=\"article:modified_time\" content=\"2025-04-28T12:24:14+00:00\" \/>\n<meta property=\"og:image\" content=\"https:\/\/delorenzoglobal.com\/wp-content\/uploads\/2024\/12\/Autotonics.jpg\" \/>\n\t<meta property=\"og:image:width\" content=\"2321\" \/>\n\t<meta property=\"og:image:height\" content=\"1500\" \/>\n\t<meta property=\"og:image:type\" content=\"image\/jpeg\" \/>\n<meta name=\"twitter:card\" content=\"summary_large_image\" \/>\n<meta name=\"twitter:label1\" content=\"Dur\u00e9e de lecture estim\u00e9e\" \/>\n\t<meta name=\"twitter:data1\" content=\"2 minutes\" \/>\n<script type=\"application\/ld+json\" class=\"yoast-schema-graph\">{\"@context\":\"https:\\\/\\\/schema.org\",\"@graph\":[{\"@type\":\"WebPage\",\"@id\":\"https:\\\/\\\/delorenzoglobal.com\\\/fr\\\/produit\\\/laboratoires-didactiques-pour-lautotronique\\\/\",\"url\":\"https:\\\/\\\/delorenzoglobal.com\\\/fr\\\/produit\\\/laboratoires-didactiques-pour-lautotronique\\\/\",\"name\":\"LABORATOIRE DIDACTIQUE POUR L\u2019AUTOTRONIQUE - De Lorenzo Training &amp; Didactical Equipment\",\"isPartOf\":{\"@id\":\"https:\\\/\\\/delorenzoglobal.com\\\/fr\\\/#website\"},\"primaryImageOfPage\":{\"@id\":\"https:\\\/\\\/delorenzoglobal.com\\\/fr\\\/produit\\\/laboratoires-didactiques-pour-lautotronique\\\/#primaryimage\"},\"image\":{\"@id\":\"https:\\\/\\\/delorenzoglobal.com\\\/fr\\\/produit\\\/laboratoires-didactiques-pour-lautotronique\\\/#primaryimage\"},\"thumbnailUrl\":\"https:\\\/\\\/delorenzoglobal.com\\\/wp-content\\\/uploads\\\/2024\\\/12\\\/Autotonics.jpg\",\"datePublished\":\"2024-12-19T08:18:56+00:00\",\"dateModified\":\"2025-04-28T12:24:14+00:00\",\"breadcrumb\":{\"@id\":\"https:\\\/\\\/delorenzoglobal.com\\\/fr\\\/produit\\\/laboratoires-didactiques-pour-lautotronique\\\/#breadcrumb\"},\"inLanguage\":\"fr-FR\",\"potentialAction\":[{\"@type\":\"ReadAction\",\"target\":[\"https:\\\/\\\/delorenzoglobal.com\\\/fr\\\/produit\\\/laboratoires-didactiques-pour-lautotronique\\\/\"]}]},{\"@type\":\"ImageObject\",\"inLanguage\":\"fr-FR\",\"@id\":\"https:\\\/\\\/delorenzoglobal.com\\\/fr\\\/produit\\\/laboratoires-didactiques-pour-lautotronique\\\/#primaryimage\",\"url\":\"https:\\\/\\\/delorenzoglobal.com\\\/wp-content\\\/uploads\\\/2024\\\/12\\\/Autotonics.jpg\",\"contentUrl\":\"https:\\\/\\\/delorenzoglobal.com\\\/wp-content\\\/uploads\\\/2024\\\/12\\\/Autotonics.jpg\",\"width\":2321,\"height\":1500},{\"@type\":\"BreadcrumbList\",\"@id\":\"https:\\\/\\\/delorenzoglobal.com\\\/fr\\\/produit\\\/laboratoires-didactiques-pour-lautotronique\\\/#breadcrumb\",\"itemListElement\":[{\"@type\":\"ListItem\",\"position\":1,\"name\":\"Home\",\"item\":\"https:\\\/\\\/delorenzoglobal.com\\\/fr\\\/\"},{\"@type\":\"ListItem\",\"position\":2,\"name\":\"Boutique\",\"item\":\"https:\\\/\\\/delorenzoglobal.com\\\/fr\\\/boutique\\\/\"},{\"@type\":\"ListItem\",\"position\":3,\"name\":\"LABORATOIRE DIDACTIQUE POUR L\u2019AUTOTRONIQUE\"}]},{\"@type\":\"WebSite\",\"@id\":\"https:\\\/\\\/delorenzoglobal.com\\\/fr\\\/#website\",\"url\":\"https:\\\/\\\/delorenzoglobal.com\\\/fr\\\/\",\"name\":\"De Lorenzo Training &amp; Didactical Equipment\",\"description\":\"\",\"potentialAction\":[{\"@type\":\"SearchAction\",\"target\":{\"@type\":\"EntryPoint\",\"urlTemplate\":\"https:\\\/\\\/delorenzoglobal.com\\\/fr\\\/?s={search_term_string}\"},\"query-input\":{\"@type\":\"PropertyValueSpecification\",\"valueRequired\":true,\"valueName\":\"search_term_string\"}}],\"inLanguage\":\"fr-FR\"}]}<\/script>\n<!-- \/ Yoast SEO plugin. -->","yoast_head_json":{"title":"LABORATOIRE DIDACTIQUE POUR L\u2019AUTOTRONIQUE - De Lorenzo Training &amp; Didactical Equipment","robots":{"index":"index","follow":"follow","max-snippet":"max-snippet:-1","max-image-preview":"max-image-preview:large","max-video-preview":"max-video-preview:-1"},"canonical":"https:\/\/delorenzoglobal.com\/fr\/produit\/laboratoires-didactiques-pour-lautotronique\/","og_locale":"fr_FR","og_type":"article","og_title":"LABORATOIRE DIDACTIQUE POUR L\u2019AUTOTRONIQUE - De Lorenzo Training &amp; Didactical Equipment","og_description":"L&rsquo;autotronique est une discipline d&rsquo;ing\u00e9nierie qui int\u00e8gre les connaissances en micro\u00e9lectronique, t\u00e9l\u00e9matique, robotique et informatique appliqu\u00e9es au secteur automobile. Elle se concentre sur l&rsquo;analyse et la gestion des capteurs, des syst\u00e8mes \u00e9lectriques et \u00e9lectroniques qui rendent les v\u00e9hicules de plus en plus s\u00fbrs, confortables et interactifs pour les utilisateurs. Cette mati\u00e8re aborde des th\u00e8mes innovants [&hellip;]","og_url":"https:\/\/delorenzoglobal.com\/fr\/produit\/laboratoires-didactiques-pour-lautotronique\/","og_site_name":"De Lorenzo Training &amp; Didactical Equipment","article_modified_time":"2025-04-28T12:24:14+00:00","og_image":[{"width":2321,"height":1500,"url":"https:\/\/delorenzoglobal.com\/wp-content\/uploads\/2024\/12\/Autotonics.jpg","type":"image\/jpeg"}],"twitter_card":"summary_large_image","twitter_misc":{"Dur\u00e9e de lecture estim\u00e9e":"2 minutes"},"schema":{"@context":"https:\/\/schema.org","@graph":[{"@type":"WebPage","@id":"https:\/\/delorenzoglobal.com\/fr\/produit\/laboratoires-didactiques-pour-lautotronique\/","url":"https:\/\/delorenzoglobal.com\/fr\/produit\/laboratoires-didactiques-pour-lautotronique\/","name":"LABORATOIRE DIDACTIQUE POUR L\u2019AUTOTRONIQUE - De Lorenzo Training &amp; Didactical Equipment","isPartOf":{"@id":"https:\/\/delorenzoglobal.com\/fr\/#website"},"primaryImageOfPage":{"@id":"https:\/\/delorenzoglobal.com\/fr\/produit\/laboratoires-didactiques-pour-lautotronique\/#primaryimage"},"image":{"@id":"https:\/\/delorenzoglobal.com\/fr\/produit\/laboratoires-didactiques-pour-lautotronique\/#primaryimage"},"thumbnailUrl":"https:\/\/delorenzoglobal.com\/wp-content\/uploads\/2024\/12\/Autotonics.jpg","datePublished":"2024-12-19T08:18:56+00:00","dateModified":"2025-04-28T12:24:14+00:00","breadcrumb":{"@id":"https:\/\/delorenzoglobal.com\/fr\/produit\/laboratoires-didactiques-pour-lautotronique\/#breadcrumb"},"inLanguage":"fr-FR","potentialAction":[{"@type":"ReadAction","target":["https:\/\/delorenzoglobal.com\/fr\/produit\/laboratoires-didactiques-pour-lautotronique\/"]}]},{"@type":"ImageObject","inLanguage":"fr-FR","@id":"https:\/\/delorenzoglobal.com\/fr\/produit\/laboratoires-didactiques-pour-lautotronique\/#primaryimage","url":"https:\/\/delorenzoglobal.com\/wp-content\/uploads\/2024\/12\/Autotonics.jpg","contentUrl":"https:\/\/delorenzoglobal.com\/wp-content\/uploads\/2024\/12\/Autotonics.jpg","width":2321,"height":1500},{"@type":"BreadcrumbList","@id":"https:\/\/delorenzoglobal.com\/fr\/produit\/laboratoires-didactiques-pour-lautotronique\/#breadcrumb","itemListElement":[{"@type":"ListItem","position":1,"name":"Home","item":"https:\/\/delorenzoglobal.com\/fr\/"},{"@type":"ListItem","position":2,"name":"Boutique","item":"https:\/\/delorenzoglobal.com\/fr\/boutique\/"},{"@type":"ListItem","position":3,"name":"LABORATOIRE DIDACTIQUE POUR L\u2019AUTOTRONIQUE"}]},{"@type":"WebSite","@id":"https:\/\/delorenzoglobal.com\/fr\/#website","url":"https:\/\/delorenzoglobal.com\/fr\/","name":"De Lorenzo Training &amp; Didactical Equipment","description":"","potentialAction":[{"@type":"SearchAction","target":{"@type":"EntryPoint","urlTemplate":"https:\/\/delorenzoglobal.com\/fr\/?s={search_term_string}"},"query-input":{"@type":"PropertyValueSpecification","valueRequired":true,"valueName":"search_term_string"}}],"inLanguage":"fr-FR"}]}},"_links":{"self":[{"href":"https:\/\/delorenzoglobal.com\/fr\/wp-json\/wp\/v2\/product\/24362","targetHints":{"allow":["GET"]}}],"collection":[{"href":"https:\/\/delorenzoglobal.com\/fr\/wp-json\/wp\/v2\/product"}],"about":[{"href":"https:\/\/delorenzoglobal.com\/fr\/wp-json\/wp\/v2\/types\/product"}],"wp:featuredmedia":[{"embeddable":true,"href":"https:\/\/delorenzoglobal.com\/fr\/wp-json\/wp\/v2\/media\/24355"}],"wp:attachment":[{"href":"https:\/\/delorenzoglobal.com\/fr\/wp-json\/wp\/v2\/media?parent=24362"}],"wp:term":[{"taxonomy":"product_brand","embeddable":true,"href":"https:\/\/delorenzoglobal.com\/fr\/wp-json\/wp\/v2\/product_brand?post=24362"},{"taxonomy":"product_cat","embeddable":true,"href":"https:\/\/delorenzoglobal.com\/fr\/wp-json\/wp\/v2\/product_cat?post=24362"},{"taxonomy":"product_tag","embeddable":true,"href":"https:\/\/delorenzoglobal.com\/fr\/wp-json\/wp\/v2\/product_tag?post=24362"}],"curies":[{"name":"wp","href":"https:\/\/api.w.org\/{rel}","templated":true}]}}