{"id":24337,"date":"2024-12-18T15:50:52","date_gmt":"2024-12-18T14:50:52","guid":{"rendered":"https:\/\/delorenzoglobal.com\/?post_type=product&#038;p=24337"},"modified":"2025-04-23T16:23:26","modified_gmt":"2025-04-23T14:23:26","slug":"laboratoires-didactiques-pour-lautomatisation-et-le-controle","status":"publish","type":"product","link":"https:\/\/delorenzoglobal.com\/fr\/produit\/laboratoires-didactiques-pour-lautomatisation-et-le-controle\/","title":{"rendered":"LABORATOIRES DIDACTIQUES POUR L\u2019AUTOMATISATION ET LE CONTR\u00d4LE"},"content":{"rendered":"<p>L&rsquo;automatisation et le contr\u00f4le sont des branches de l&rsquo;ing\u00e9nierie qui appliquent diff\u00e9rentes technologies pour r\u00e9duire l&rsquo;intervention humaine dans les processus. Ce concept peut \u00eatre appliqu\u00e9 dans diff\u00e9rents environnements, des applications domestiques aux applications industrielles, en variant les dimensions et la complexit\u00e9.<strong> Les solutions didactiques De Lorenzo ont \u00e9t\u00e9 con\u00e7ues <\/strong><strong>pour contribuer \u00e0 la formation des profils professionnels requis par l&rsquo;industrie. <\/strong>Gr\u00e2ce \u00e0 nos \u00e9quipements, les \u00e9tudiants seront initi\u00e9s th\u00e9oriquement et exp\u00e9rimentalement aux probl\u00e8mes pratiques de l&rsquo;Automatisation et du Contr\u00f4le Industriel, en d\u00e9veloppant des comp\u00e9tences en instrumentation, \u00e9lectronique, informatique industrielle, technologies d&rsquo;automatisation des processus, pneumatique, hydraulique, \u00e9lectrom\u00e9canique, capteurs et actionneurs, et communications industrielles<\/p>\n<ul>\n<li>Programmable Logic Controller Basics &amp; Robotic App<\/li>\n<li>Pneumatic And Electro Pneumatics App<\/li>\n<li>Hydraulic And Electrohydraulic App<\/li>\n<li>Automation \u2013 Control<\/li>\n<li>Mecatronics Simulation<\/li>\n<li>Mecatronics<\/li>\n<\/ul>\n","protected":false},"excerpt":{"rendered":"<p>L&rsquo;automatisation et le contr\u00f4le sont des branches de l&rsquo;ing\u00e9nierie qui appliquent diff\u00e9rentes technologies pour r\u00e9duire l&rsquo;intervention humaine dans les processus. Ce concept peut \u00eatre appliqu\u00e9 dans diff\u00e9rents environnements, des applications domestiques aux applications industrielles, en variant les dimensions et la complexit\u00e9. Les solutions didactiques De Lorenzo ont \u00e9t\u00e9 con\u00e7ues pour contribuer \u00e0 la formation des [&hellip;]<\/p>\n","protected":false},"featured_media":24329,"template":"","meta":{"_acf_changed":false},"product_brand":[],"product_cat":[1955,2326],"product_tag":[],"class_list":{"0":"post-24337","1":"product","2":"type-product","3":"status-publish","4":"has-post-thumbnail","6":"product_cat-laboratori-chiavi-in-mano-fr","7":"product_cat-laboratoires-pour-lautomatisation-et-le-controle","9":"first","10":"instock","11":"shipping-taxable","12":"product-type-simple"},"acf":[],"yoast_head":"<!-- This site is optimized with the Yoast SEO plugin v27.4 - https:\/\/yoast.com\/product\/yoast-seo-wordpress\/ -->\n<title>LABORATOIRES DIDACTIQUES POUR L\u2019AUTOMATISATION ET LE CONTR\u00d4LE - De Lorenzo Training &amp; Didactical Equipment<\/title>\n<meta name=\"robots\" content=\"index, follow, max-snippet:-1, max-image-preview:large, max-video-preview:-1\" \/>\n<link rel=\"canonical\" href=\"https:\/\/delorenzoglobal.com\/fr\/produit\/laboratoires-didactiques-pour-lautomatisation-et-le-controle\/\" \/>\n<meta property=\"og:locale\" content=\"fr_FR\" \/>\n<meta property=\"og:type\" content=\"article\" \/>\n<meta property=\"og:title\" content=\"LABORATOIRES DIDACTIQUES POUR L\u2019AUTOMATISATION ET LE CONTR\u00d4LE - De Lorenzo Training &amp; Didactical Equipment\" \/>\n<meta property=\"og:description\" content=\"L&rsquo;automatisation et le contr\u00f4le sont des branches de l&rsquo;ing\u00e9nierie qui appliquent diff\u00e9rentes technologies pour r\u00e9duire l&rsquo;intervention humaine dans les processus. Ce concept peut \u00eatre appliqu\u00e9 dans diff\u00e9rents environnements, des applications domestiques aux applications industrielles, en variant les dimensions et la complexit\u00e9. Les solutions didactiques De Lorenzo ont \u00e9t\u00e9 con\u00e7ues pour contribuer \u00e0 la formation des [&hellip;]\" \/>\n<meta property=\"og:url\" content=\"https:\/\/delorenzoglobal.com\/fr\/produit\/laboratoires-didactiques-pour-lautomatisation-et-le-controle\/\" \/>\n<meta property=\"og:site_name\" content=\"De Lorenzo Training &amp; Didactical Equipment\" \/>\n<meta property=\"article:modified_time\" content=\"2025-04-23T14:23:26+00:00\" \/>\n<meta property=\"og:image\" content=\"https:\/\/delorenzoglobal.com\/wp-content\/uploads\/2024\/12\/Automation.jpg\" \/>\n\t<meta property=\"og:image:width\" content=\"2302\" \/>\n\t<meta property=\"og:image:height\" content=\"1520\" \/>\n\t<meta property=\"og:image:type\" content=\"image\/jpeg\" \/>\n<meta name=\"twitter:card\" content=\"summary_large_image\" \/>\n<meta name=\"twitter:label1\" content=\"Dur\u00e9e de lecture estim\u00e9e\" \/>\n\t<meta name=\"twitter:data1\" content=\"1 minute\" \/>\n<script type=\"application\/ld+json\" class=\"yoast-schema-graph\">{\"@context\":\"https:\\\/\\\/schema.org\",\"@graph\":[{\"@type\":\"WebPage\",\"@id\":\"https:\\\/\\\/delorenzoglobal.com\\\/fr\\\/produit\\\/laboratoires-didactiques-pour-lautomatisation-et-le-controle\\\/\",\"url\":\"https:\\\/\\\/delorenzoglobal.com\\\/fr\\\/produit\\\/laboratoires-didactiques-pour-lautomatisation-et-le-controle\\\/\",\"name\":\"LABORATOIRES DIDACTIQUES POUR L\u2019AUTOMATISATION ET LE CONTR\u00d4LE - De Lorenzo Training &amp; Didactical Equipment\",\"isPartOf\":{\"@id\":\"https:\\\/\\\/delorenzoglobal.com\\\/fr\\\/#website\"},\"primaryImageOfPage\":{\"@id\":\"https:\\\/\\\/delorenzoglobal.com\\\/fr\\\/produit\\\/laboratoires-didactiques-pour-lautomatisation-et-le-controle\\\/#primaryimage\"},\"image\":{\"@id\":\"https:\\\/\\\/delorenzoglobal.com\\\/fr\\\/produit\\\/laboratoires-didactiques-pour-lautomatisation-et-le-controle\\\/#primaryimage\"},\"thumbnailUrl\":\"https:\\\/\\\/delorenzoglobal.com\\\/wp-content\\\/uploads\\\/2024\\\/12\\\/Automation.jpg\",\"datePublished\":\"2024-12-18T14:50:52+00:00\",\"dateModified\":\"2025-04-23T14:23:26+00:00\",\"breadcrumb\":{\"@id\":\"https:\\\/\\\/delorenzoglobal.com\\\/fr\\\/produit\\\/laboratoires-didactiques-pour-lautomatisation-et-le-controle\\\/#breadcrumb\"},\"inLanguage\":\"fr-FR\",\"potentialAction\":[{\"@type\":\"ReadAction\",\"target\":[\"https:\\\/\\\/delorenzoglobal.com\\\/fr\\\/produit\\\/laboratoires-didactiques-pour-lautomatisation-et-le-controle\\\/\"]}]},{\"@type\":\"ImageObject\",\"inLanguage\":\"fr-FR\",\"@id\":\"https:\\\/\\\/delorenzoglobal.com\\\/fr\\\/produit\\\/laboratoires-didactiques-pour-lautomatisation-et-le-controle\\\/#primaryimage\",\"url\":\"https:\\\/\\\/delorenzoglobal.com\\\/wp-content\\\/uploads\\\/2024\\\/12\\\/Automation.jpg\",\"contentUrl\":\"https:\\\/\\\/delorenzoglobal.com\\\/wp-content\\\/uploads\\\/2024\\\/12\\\/Automation.jpg\",\"width\":2302,\"height\":1520},{\"@type\":\"BreadcrumbList\",\"@id\":\"https:\\\/\\\/delorenzoglobal.com\\\/fr\\\/produit\\\/laboratoires-didactiques-pour-lautomatisation-et-le-controle\\\/#breadcrumb\",\"itemListElement\":[{\"@type\":\"ListItem\",\"position\":1,\"name\":\"Home\",\"item\":\"https:\\\/\\\/delorenzoglobal.com\\\/fr\\\/\"},{\"@type\":\"ListItem\",\"position\":2,\"name\":\"Boutique\",\"item\":\"https:\\\/\\\/delorenzoglobal.com\\\/fr\\\/boutique\\\/\"},{\"@type\":\"ListItem\",\"position\":3,\"name\":\"LABORATOIRES DIDACTIQUES POUR L\u2019AUTOMATISATION ET LE CONTR\u00d4LE\"}]},{\"@type\":\"WebSite\",\"@id\":\"https:\\\/\\\/delorenzoglobal.com\\\/fr\\\/#website\",\"url\":\"https:\\\/\\\/delorenzoglobal.com\\\/fr\\\/\",\"name\":\"De Lorenzo Training &amp; Didactical Equipment\",\"description\":\"\",\"potentialAction\":[{\"@type\":\"SearchAction\",\"target\":{\"@type\":\"EntryPoint\",\"urlTemplate\":\"https:\\\/\\\/delorenzoglobal.com\\\/fr\\\/?s={search_term_string}\"},\"query-input\":{\"@type\":\"PropertyValueSpecification\",\"valueRequired\":true,\"valueName\":\"search_term_string\"}}],\"inLanguage\":\"fr-FR\"}]}<\/script>\n<!-- \/ Yoast SEO plugin. -->","yoast_head_json":{"title":"LABORATOIRES DIDACTIQUES POUR L\u2019AUTOMATISATION ET LE CONTR\u00d4LE - De Lorenzo Training &amp; Didactical Equipment","robots":{"index":"index","follow":"follow","max-snippet":"max-snippet:-1","max-image-preview":"max-image-preview:large","max-video-preview":"max-video-preview:-1"},"canonical":"https:\/\/delorenzoglobal.com\/fr\/produit\/laboratoires-didactiques-pour-lautomatisation-et-le-controle\/","og_locale":"fr_FR","og_type":"article","og_title":"LABORATOIRES DIDACTIQUES POUR L\u2019AUTOMATISATION ET LE CONTR\u00d4LE - De Lorenzo Training &amp; Didactical Equipment","og_description":"L&rsquo;automatisation et le contr\u00f4le sont des branches de l&rsquo;ing\u00e9nierie qui appliquent diff\u00e9rentes technologies pour r\u00e9duire l&rsquo;intervention humaine dans les processus. Ce concept peut \u00eatre appliqu\u00e9 dans diff\u00e9rents environnements, des applications domestiques aux applications industrielles, en variant les dimensions et la complexit\u00e9. Les solutions didactiques De Lorenzo ont \u00e9t\u00e9 con\u00e7ues pour contribuer \u00e0 la formation des [&hellip;]","og_url":"https:\/\/delorenzoglobal.com\/fr\/produit\/laboratoires-didactiques-pour-lautomatisation-et-le-controle\/","og_site_name":"De Lorenzo Training &amp; Didactical Equipment","article_modified_time":"2025-04-23T14:23:26+00:00","og_image":[{"width":2302,"height":1520,"url":"https:\/\/delorenzoglobal.com\/wp-content\/uploads\/2024\/12\/Automation.jpg","type":"image\/jpeg"}],"twitter_card":"summary_large_image","twitter_misc":{"Dur\u00e9e de lecture estim\u00e9e":"1 minute"},"schema":{"@context":"https:\/\/schema.org","@graph":[{"@type":"WebPage","@id":"https:\/\/delorenzoglobal.com\/fr\/produit\/laboratoires-didactiques-pour-lautomatisation-et-le-controle\/","url":"https:\/\/delorenzoglobal.com\/fr\/produit\/laboratoires-didactiques-pour-lautomatisation-et-le-controle\/","name":"LABORATOIRES DIDACTIQUES POUR L\u2019AUTOMATISATION ET LE CONTR\u00d4LE - De Lorenzo Training &amp; Didactical Equipment","isPartOf":{"@id":"https:\/\/delorenzoglobal.com\/fr\/#website"},"primaryImageOfPage":{"@id":"https:\/\/delorenzoglobal.com\/fr\/produit\/laboratoires-didactiques-pour-lautomatisation-et-le-controle\/#primaryimage"},"image":{"@id":"https:\/\/delorenzoglobal.com\/fr\/produit\/laboratoires-didactiques-pour-lautomatisation-et-le-controle\/#primaryimage"},"thumbnailUrl":"https:\/\/delorenzoglobal.com\/wp-content\/uploads\/2024\/12\/Automation.jpg","datePublished":"2024-12-18T14:50:52+00:00","dateModified":"2025-04-23T14:23:26+00:00","breadcrumb":{"@id":"https:\/\/delorenzoglobal.com\/fr\/produit\/laboratoires-didactiques-pour-lautomatisation-et-le-controle\/#breadcrumb"},"inLanguage":"fr-FR","potentialAction":[{"@type":"ReadAction","target":["https:\/\/delorenzoglobal.com\/fr\/produit\/laboratoires-didactiques-pour-lautomatisation-et-le-controle\/"]}]},{"@type":"ImageObject","inLanguage":"fr-FR","@id":"https:\/\/delorenzoglobal.com\/fr\/produit\/laboratoires-didactiques-pour-lautomatisation-et-le-controle\/#primaryimage","url":"https:\/\/delorenzoglobal.com\/wp-content\/uploads\/2024\/12\/Automation.jpg","contentUrl":"https:\/\/delorenzoglobal.com\/wp-content\/uploads\/2024\/12\/Automation.jpg","width":2302,"height":1520},{"@type":"BreadcrumbList","@id":"https:\/\/delorenzoglobal.com\/fr\/produit\/laboratoires-didactiques-pour-lautomatisation-et-le-controle\/#breadcrumb","itemListElement":[{"@type":"ListItem","position":1,"name":"Home","item":"https:\/\/delorenzoglobal.com\/fr\/"},{"@type":"ListItem","position":2,"name":"Boutique","item":"https:\/\/delorenzoglobal.com\/fr\/boutique\/"},{"@type":"ListItem","position":3,"name":"LABORATOIRES DIDACTIQUES POUR L\u2019AUTOMATISATION ET LE CONTR\u00d4LE"}]},{"@type":"WebSite","@id":"https:\/\/delorenzoglobal.com\/fr\/#website","url":"https:\/\/delorenzoglobal.com\/fr\/","name":"De Lorenzo Training &amp; Didactical Equipment","description":"","potentialAction":[{"@type":"SearchAction","target":{"@type":"EntryPoint","urlTemplate":"https:\/\/delorenzoglobal.com\/fr\/?s={search_term_string}"},"query-input":{"@type":"PropertyValueSpecification","valueRequired":true,"valueName":"search_term_string"}}],"inLanguage":"fr-FR"}]}},"_links":{"self":[{"href":"https:\/\/delorenzoglobal.com\/fr\/wp-json\/wp\/v2\/product\/24337","targetHints":{"allow":["GET"]}}],"collection":[{"href":"https:\/\/delorenzoglobal.com\/fr\/wp-json\/wp\/v2\/product"}],"about":[{"href":"https:\/\/delorenzoglobal.com\/fr\/wp-json\/wp\/v2\/types\/product"}],"wp:featuredmedia":[{"embeddable":true,"href":"https:\/\/delorenzoglobal.com\/fr\/wp-json\/wp\/v2\/media\/24329"}],"wp:attachment":[{"href":"https:\/\/delorenzoglobal.com\/fr\/wp-json\/wp\/v2\/media?parent=24337"}],"wp:term":[{"taxonomy":"product_brand","embeddable":true,"href":"https:\/\/delorenzoglobal.com\/fr\/wp-json\/wp\/v2\/product_brand?post=24337"},{"taxonomy":"product_cat","embeddable":true,"href":"https:\/\/delorenzoglobal.com\/fr\/wp-json\/wp\/v2\/product_cat?post=24337"},{"taxonomy":"product_tag","embeddable":true,"href":"https:\/\/delorenzoglobal.com\/fr\/wp-json\/wp\/v2\/product_tag?post=24337"}],"curies":[{"name":"wp","href":"https:\/\/api.w.org\/{rel}","templated":true}]}}