{"id":2425,"date":"2024-04-10T09:46:02","date_gmt":"2024-04-10T07:46:02","guid":{"rendered":"https:\/\/delorenzoglobal.com\/?post_type=product&#038;p=2425"},"modified":"2025-04-28T09:04:51","modified_gmt":"2025-04-28T07:04:51","slug":"formateur-pneumatique-de-base","status":"publish","type":"product","link":"https:\/\/delorenzoglobal.com\/fr\/produit\/formateur-pneumatique-de-base\/","title":{"rendered":"ENTRA\u00ceNEUR PNEUMATIQUE MODULAIRE DE BASE"},"content":{"rendered":"<p>Ce banc d&rsquo;essai modulaire a \u00e9t\u00e9 con\u00e7u pour mettre en \u0153uvre des programmes d&rsquo;application complets sur l&rsquo;automatisation pneumatique. Il peut \u00eatre utilis\u00e9 pour des d\u00e9monstrations et des exp\u00e9riences dans<br \/>\nle domaine pneumatique.<\/p>\n<p>Il s&rsquo;agit d&rsquo;un ensemble de modules mont\u00e9s sur un ch\u00e2ssis, comprenant des composants pneumatiques et utilisant de l&rsquo;air comprim\u00e9 pour effectuer des travaux sur des \u00e9quipements automatis\u00e9s, et il est<br \/>\nsugg\u00e9r\u00e9 comme poste de travail pour deux\/trois \u00e9tudiants \u00e0 placer sur n&rsquo;importe quelle table.<\/p>\n<p>Il comprend de nombreux composants n\u00e9cessitant un traitement de l&rsquo;air comprim\u00e9 tels que filtre avec r\u00e9gulateur de pression, manom\u00e8tres, vannes pneumatiques \u00e0 commande manuelle, vannes \u00e0 commande pneumatique de diff\u00e9rents types, vannes logiques, v\u00e9rins SA et DA, interrupteurs de fin de course pneumatiques, etc.<\/p>\n<p>Tous les composants sont mont\u00e9s et identifi\u00e9s par des symboles clairs.<\/p>\n","protected":false},"excerpt":{"rendered":"<p>Ce banc d&rsquo;essai modulaire a \u00e9t\u00e9 con\u00e7u pour mettre en \u0153uvre des programmes d&rsquo;application complets sur l&rsquo;automatisation pneumatique. Il peut \u00eatre utilis\u00e9 pour des d\u00e9monstrations et des exp\u00e9riences dans le domaine pneumatique. Il s&rsquo;agit d&rsquo;un ensemble de modules mont\u00e9s sur un ch\u00e2ssis, comprenant des composants pneumatiques et utilisant de l&rsquo;air comprim\u00e9 pour effectuer des travaux [&hellip;]<\/p>\n","protected":false},"featured_media":21801,"template":"","meta":{"_acf_changed":false},"product_brand":[],"product_cat":[192],"product_tag":[],"class_list":{"0":"post-2425","1":"product","2":"type-product","3":"status-publish","4":"has-post-thumbnail","6":"product_cat-pneumatique","8":"first","9":"instock","10":"shipping-taxable","11":"product-type-simple"},"acf":[],"yoast_head":"<!-- This site is optimized with the Yoast SEO plugin v27.0 - https:\/\/yoast.com\/product\/yoast-seo-wordpress\/ -->\n<title>ENTRA\u00ceNEUR PNEUMATIQUE MODULAIRE DE BASE - De Lorenzo Training &amp; Didactical Equipment<\/title>\n<meta name=\"robots\" content=\"index, follow, max-snippet:-1, max-image-preview:large, max-video-preview:-1\" \/>\n<link rel=\"canonical\" href=\"https:\/\/delorenzoglobal.com\/fr\/produit\/formateur-pneumatique-de-base\/\" \/>\n<meta property=\"og:locale\" content=\"fr_FR\" \/>\n<meta property=\"og:type\" content=\"article\" \/>\n<meta property=\"og:title\" content=\"ENTRA\u00ceNEUR PNEUMATIQUE MODULAIRE DE BASE - De Lorenzo Training &amp; Didactical Equipment\" \/>\n<meta property=\"og:description\" content=\"Ce banc d&rsquo;essai modulaire a \u00e9t\u00e9 con\u00e7u pour mettre en \u0153uvre des programmes d&rsquo;application complets sur l&rsquo;automatisation pneumatique. Il peut \u00eatre utilis\u00e9 pour des d\u00e9monstrations et des exp\u00e9riences dans le domaine pneumatique. Il s&rsquo;agit d&rsquo;un ensemble de modules mont\u00e9s sur un ch\u00e2ssis, comprenant des composants pneumatiques et utilisant de l&rsquo;air comprim\u00e9 pour effectuer des travaux [&hellip;]\" \/>\n<meta property=\"og:url\" content=\"https:\/\/delorenzoglobal.com\/fr\/produit\/formateur-pneumatique-de-base\/\" \/>\n<meta property=\"og:site_name\" content=\"De Lorenzo Training &amp; Didactical Equipment\" \/>\n<meta property=\"article:modified_time\" content=\"2025-04-28T07:04:51+00:00\" \/>\n<meta property=\"og:image\" content=\"https:\/\/delorenzoglobal.com\/wp-content\/uploads\/2024\/04\/DL-8110PB.jpg\" \/>\n\t<meta property=\"og:image:width\" content=\"1546\" \/>\n\t<meta property=\"og:image:height\" content=\"1663\" \/>\n\t<meta property=\"og:image:type\" content=\"image\/jpeg\" \/>\n<meta name=\"twitter:card\" content=\"summary_large_image\" \/>\n<meta name=\"twitter:label1\" content=\"Dur\u00e9e de lecture estim\u00e9e\" \/>\n\t<meta name=\"twitter:data1\" content=\"1 minute\" \/>\n<script type=\"application\/ld+json\" class=\"yoast-schema-graph\">{\"@context\":\"https:\/\/schema.org\",\"@graph\":[{\"@type\":\"WebPage\",\"@id\":\"https:\/\/delorenzoglobal.com\/fr\/produit\/formateur-pneumatique-de-base\/\",\"url\":\"https:\/\/delorenzoglobal.com\/fr\/produit\/formateur-pneumatique-de-base\/\",\"name\":\"ENTRA\u00ceNEUR PNEUMATIQUE MODULAIRE DE BASE - De Lorenzo Training &amp; Didactical Equipment\",\"isPartOf\":{\"@id\":\"https:\/\/delorenzoglobal.com\/fr\/#website\"},\"primaryImageOfPage\":{\"@id\":\"https:\/\/delorenzoglobal.com\/fr\/produit\/formateur-pneumatique-de-base\/#primaryimage\"},\"image\":{\"@id\":\"https:\/\/delorenzoglobal.com\/fr\/produit\/formateur-pneumatique-de-base\/#primaryimage\"},\"thumbnailUrl\":\"https:\/\/delorenzoglobal.com\/wp-content\/uploads\/2024\/04\/DL-8110PB.jpg\",\"datePublished\":\"2024-04-10T07:46:02+00:00\",\"dateModified\":\"2025-04-28T07:04:51+00:00\",\"breadcrumb\":{\"@id\":\"https:\/\/delorenzoglobal.com\/fr\/produit\/formateur-pneumatique-de-base\/#breadcrumb\"},\"inLanguage\":\"fr-FR\",\"potentialAction\":[{\"@type\":\"ReadAction\",\"target\":[\"https:\/\/delorenzoglobal.com\/fr\/produit\/formateur-pneumatique-de-base\/\"]}]},{\"@type\":\"ImageObject\",\"inLanguage\":\"fr-FR\",\"@id\":\"https:\/\/delorenzoglobal.com\/fr\/produit\/formateur-pneumatique-de-base\/#primaryimage\",\"url\":\"https:\/\/delorenzoglobal.com\/wp-content\/uploads\/2024\/04\/DL-8110PB.jpg\",\"contentUrl\":\"https:\/\/delorenzoglobal.com\/wp-content\/uploads\/2024\/04\/DL-8110PB.jpg\",\"width\":1546,\"height\":1663},{\"@type\":\"BreadcrumbList\",\"@id\":\"https:\/\/delorenzoglobal.com\/fr\/produit\/formateur-pneumatique-de-base\/#breadcrumb\",\"itemListElement\":[{\"@type\":\"ListItem\",\"position\":1,\"name\":\"Home\",\"item\":\"https:\/\/delorenzoglobal.com\/fr\/\"},{\"@type\":\"ListItem\",\"position\":2,\"name\":\"Boutique\",\"item\":\"https:\/\/delorenzoglobal.com\/fr\/boutique\/\"},{\"@type\":\"ListItem\",\"position\":3,\"name\":\"ENTRA\u00ceNEUR PNEUMATIQUE MODULAIRE DE BASE\"}]},{\"@type\":\"WebSite\",\"@id\":\"https:\/\/delorenzoglobal.com\/fr\/#website\",\"url\":\"https:\/\/delorenzoglobal.com\/fr\/\",\"name\":\"De Lorenzo Training &amp; Didactical Equipment\",\"description\":\"\",\"potentialAction\":[{\"@type\":\"SearchAction\",\"target\":{\"@type\":\"EntryPoint\",\"urlTemplate\":\"https:\/\/delorenzoglobal.com\/fr\/?s={search_term_string}\"},\"query-input\":{\"@type\":\"PropertyValueSpecification\",\"valueRequired\":true,\"valueName\":\"search_term_string\"}}],\"inLanguage\":\"fr-FR\"}]}<\/script>\n<!-- \/ Yoast SEO plugin. -->","yoast_head_json":{"title":"ENTRA\u00ceNEUR PNEUMATIQUE MODULAIRE DE BASE - De Lorenzo Training &amp; Didactical Equipment","robots":{"index":"index","follow":"follow","max-snippet":"max-snippet:-1","max-image-preview":"max-image-preview:large","max-video-preview":"max-video-preview:-1"},"canonical":"https:\/\/delorenzoglobal.com\/fr\/produit\/formateur-pneumatique-de-base\/","og_locale":"fr_FR","og_type":"article","og_title":"ENTRA\u00ceNEUR PNEUMATIQUE MODULAIRE DE BASE - De Lorenzo Training &amp; Didactical Equipment","og_description":"Ce banc d&rsquo;essai modulaire a \u00e9t\u00e9 con\u00e7u pour mettre en \u0153uvre des programmes d&rsquo;application complets sur l&rsquo;automatisation pneumatique. Il peut \u00eatre utilis\u00e9 pour des d\u00e9monstrations et des exp\u00e9riences dans le domaine pneumatique. Il s&rsquo;agit d&rsquo;un ensemble de modules mont\u00e9s sur un ch\u00e2ssis, comprenant des composants pneumatiques et utilisant de l&rsquo;air comprim\u00e9 pour effectuer des travaux [&hellip;]","og_url":"https:\/\/delorenzoglobal.com\/fr\/produit\/formateur-pneumatique-de-base\/","og_site_name":"De Lorenzo Training &amp; Didactical Equipment","article_modified_time":"2025-04-28T07:04:51+00:00","og_image":[{"width":1546,"height":1663,"url":"https:\/\/delorenzoglobal.com\/wp-content\/uploads\/2024\/04\/DL-8110PB.jpg","type":"image\/jpeg"}],"twitter_card":"summary_large_image","twitter_misc":{"Dur\u00e9e de lecture estim\u00e9e":"1 minute"},"schema":{"@context":"https:\/\/schema.org","@graph":[{"@type":"WebPage","@id":"https:\/\/delorenzoglobal.com\/fr\/produit\/formateur-pneumatique-de-base\/","url":"https:\/\/delorenzoglobal.com\/fr\/produit\/formateur-pneumatique-de-base\/","name":"ENTRA\u00ceNEUR PNEUMATIQUE MODULAIRE DE BASE - De Lorenzo Training &amp; Didactical Equipment","isPartOf":{"@id":"https:\/\/delorenzoglobal.com\/fr\/#website"},"primaryImageOfPage":{"@id":"https:\/\/delorenzoglobal.com\/fr\/produit\/formateur-pneumatique-de-base\/#primaryimage"},"image":{"@id":"https:\/\/delorenzoglobal.com\/fr\/produit\/formateur-pneumatique-de-base\/#primaryimage"},"thumbnailUrl":"https:\/\/delorenzoglobal.com\/wp-content\/uploads\/2024\/04\/DL-8110PB.jpg","datePublished":"2024-04-10T07:46:02+00:00","dateModified":"2025-04-28T07:04:51+00:00","breadcrumb":{"@id":"https:\/\/delorenzoglobal.com\/fr\/produit\/formateur-pneumatique-de-base\/#breadcrumb"},"inLanguage":"fr-FR","potentialAction":[{"@type":"ReadAction","target":["https:\/\/delorenzoglobal.com\/fr\/produit\/formateur-pneumatique-de-base\/"]}]},{"@type":"ImageObject","inLanguage":"fr-FR","@id":"https:\/\/delorenzoglobal.com\/fr\/produit\/formateur-pneumatique-de-base\/#primaryimage","url":"https:\/\/delorenzoglobal.com\/wp-content\/uploads\/2024\/04\/DL-8110PB.jpg","contentUrl":"https:\/\/delorenzoglobal.com\/wp-content\/uploads\/2024\/04\/DL-8110PB.jpg","width":1546,"height":1663},{"@type":"BreadcrumbList","@id":"https:\/\/delorenzoglobal.com\/fr\/produit\/formateur-pneumatique-de-base\/#breadcrumb","itemListElement":[{"@type":"ListItem","position":1,"name":"Home","item":"https:\/\/delorenzoglobal.com\/fr\/"},{"@type":"ListItem","position":2,"name":"Boutique","item":"https:\/\/delorenzoglobal.com\/fr\/boutique\/"},{"@type":"ListItem","position":3,"name":"ENTRA\u00ceNEUR PNEUMATIQUE MODULAIRE DE BASE"}]},{"@type":"WebSite","@id":"https:\/\/delorenzoglobal.com\/fr\/#website","url":"https:\/\/delorenzoglobal.com\/fr\/","name":"De Lorenzo Training &amp; Didactical Equipment","description":"","potentialAction":[{"@type":"SearchAction","target":{"@type":"EntryPoint","urlTemplate":"https:\/\/delorenzoglobal.com\/fr\/?s={search_term_string}"},"query-input":{"@type":"PropertyValueSpecification","valueRequired":true,"valueName":"search_term_string"}}],"inLanguage":"fr-FR"}]}},"_links":{"self":[{"href":"https:\/\/delorenzoglobal.com\/fr\/wp-json\/wp\/v2\/product\/2425","targetHints":{"allow":["GET"]}}],"collection":[{"href":"https:\/\/delorenzoglobal.com\/fr\/wp-json\/wp\/v2\/product"}],"about":[{"href":"https:\/\/delorenzoglobal.com\/fr\/wp-json\/wp\/v2\/types\/product"}],"wp:featuredmedia":[{"embeddable":true,"href":"https:\/\/delorenzoglobal.com\/fr\/wp-json\/wp\/v2\/media\/21801"}],"wp:attachment":[{"href":"https:\/\/delorenzoglobal.com\/fr\/wp-json\/wp\/v2\/media?parent=2425"}],"wp:term":[{"taxonomy":"product_brand","embeddable":true,"href":"https:\/\/delorenzoglobal.com\/fr\/wp-json\/wp\/v2\/product_brand?post=2425"},{"taxonomy":"product_cat","embeddable":true,"href":"https:\/\/delorenzoglobal.com\/fr\/wp-json\/wp\/v2\/product_cat?post=2425"},{"taxonomy":"product_tag","embeddable":true,"href":"https:\/\/delorenzoglobal.com\/fr\/wp-json\/wp\/v2\/product_tag?post=2425"}],"curies":[{"name":"wp","href":"https:\/\/api.w.org\/{rel}","templated":true}]}}