{"id":2397,"date":"2024-04-10T09:26:22","date_gmt":"2024-04-10T07:26:22","guid":{"rendered":"https:\/\/delorenzoglobal.com\/?post_type=product&#038;p=2397"},"modified":"2026-01-12T15:53:35","modified_gmt":"2026-01-12T14:53:35","slug":"logiciel-de-gestion-de-laboratoire-2","status":"publish","type":"product","link":"https:\/\/delorenzoglobal.com\/fr\/produit\/logiciel-de-gestion-de-laboratoire-2\/","title":{"rendered":"LOGICIEL DE GESTION DE LABORATOIRE"},"content":{"rendered":"<p>Cette application permet aux Enseignants une gestion compl\u00e8te de toutes les activit\u00e9s au sein du Laboratoire :<\/p>\n<ul>\n<li>Affectation des le\u00e7ons que les \u00e9tudiants doivent \u00e9tudier,<\/li>\n<li>Suivi des activit\u00e9s de chaque \u00e9l\u00e8ve (entr\u00e9e\/sortie des cours, bonnes ou mauvaises r\u00e9ponses, notation, etc.),<\/li>\n<li>Communication directe avec chaque poste \u00e9tudiant (envoi et r\u00e9ception de messages, insertion de d\u00e9faut sur les postes \u00e9tudiants,<\/li>\n<li>Enregistrement de toutes les activit\u00e9s des \u00e9tudiants dans une base de donn\u00e9es (compatible Microsoft Access) sur le poste de travail du professeur,<\/li>\n<li>Traitement des donn\u00e9es stock\u00e9es pour le contr\u00f4le du niveau d&rsquo;apprentissage individuel ou en groupe Le logiciel DL LAB offre une interface utilisateur simple et efficace (similaire \u00e0 l&rsquo;explorateur sous Windows) qui permet \u00e0 l&rsquo;enseignant de se d\u00e9placer parmi les \u00e9tudiants, les le\u00e7ons, les d\u00e9fauts et les r\u00e9sultats de la m\u00eame mani\u00e8re qu&rsquo;il est utilis\u00e9 pour explorer les ressources informatiques.<\/li>\n<\/ul>\n","protected":false},"excerpt":{"rendered":"<p>Cette application permet aux Enseignants une gestion compl\u00e8te de toutes les activit\u00e9s au sein du Laboratoire : Affectation des le\u00e7ons que les \u00e9tudiants doivent \u00e9tudier, Suivi des activit\u00e9s de chaque \u00e9l\u00e8ve (entr\u00e9e\/sortie des cours, bonnes ou mauvaises r\u00e9ponses, notation, etc.), Communication directe avec chaque poste \u00e9tudiant (envoi et r\u00e9ception de messages, insertion de d\u00e9faut sur [&hellip;]<\/p>\n","protected":false},"featured_media":67366,"template":"","meta":{"_acf_changed":false},"product_brand":[],"product_cat":[214,319,355,443],"product_tag":[],"class_list":{"0":"post-2397","1":"product","2":"type-product","3":"status-publish","4":"has-post-thumbnail","6":"product_cat-alimentations-et-logiciels","7":"product_cat-tableaux-de-bord-electroniques","8":"product_cat-systeme-de-plate-forme-time-fr","9":"product_cat-alimentations-et-logiciels-fr","11":"first","12":"instock","13":"shipping-taxable","14":"product-type-simple"},"acf":[],"yoast_head":"<!-- This site is optimized with the Yoast SEO plugin v27.0 - https:\/\/yoast.com\/product\/yoast-seo-wordpress\/ -->\n<title>LOGICIEL DE GESTION DE LABORATOIRE - De Lorenzo Training &amp; Didactical Equipment<\/title>\n<meta name=\"robots\" content=\"index, follow, max-snippet:-1, max-image-preview:large, max-video-preview:-1\" \/>\n<link rel=\"canonical\" href=\"https:\/\/delorenzoglobal.com\/fr\/produit\/logiciel-de-gestion-de-laboratoire-2\/\" \/>\n<meta property=\"og:locale\" content=\"fr_FR\" \/>\n<meta property=\"og:type\" content=\"article\" \/>\n<meta property=\"og:title\" content=\"LOGICIEL DE GESTION DE LABORATOIRE - De Lorenzo Training &amp; Didactical Equipment\" \/>\n<meta property=\"og:description\" content=\"Cette application permet aux Enseignants une gestion compl\u00e8te de toutes les activit\u00e9s au sein du Laboratoire : Affectation des le\u00e7ons que les \u00e9tudiants doivent \u00e9tudier, Suivi des activit\u00e9s de chaque \u00e9l\u00e8ve (entr\u00e9e\/sortie des cours, bonnes ou mauvaises r\u00e9ponses, notation, etc.), Communication directe avec chaque poste \u00e9tudiant (envoi et r\u00e9ception de messages, insertion de d\u00e9faut sur [&hellip;]\" \/>\n<meta property=\"og:url\" content=\"https:\/\/delorenzoglobal.com\/fr\/produit\/logiciel-de-gestion-de-laboratoire-2\/\" \/>\n<meta property=\"og:site_name\" content=\"De Lorenzo Training &amp; Didactical Equipment\" \/>\n<meta property=\"article:modified_time\" content=\"2026-01-12T14:53:35+00:00\" \/>\n<meta property=\"og:image\" content=\"https:\/\/delorenzoglobal.com\/wp-content\/uploads\/2024\/04\/DL-LAB.png\" \/>\n\t<meta property=\"og:image:width\" content=\"390\" \/>\n\t<meta property=\"og:image:height\" content=\"272\" \/>\n\t<meta property=\"og:image:type\" content=\"image\/png\" \/>\n<meta name=\"twitter:card\" content=\"summary_large_image\" \/>\n<meta name=\"twitter:label1\" content=\"Dur\u00e9e de lecture estim\u00e9e\" \/>\n\t<meta name=\"twitter:data1\" content=\"1 minute\" \/>\n<script type=\"application\/ld+json\" class=\"yoast-schema-graph\">{\"@context\":\"https:\/\/schema.org\",\"@graph\":[{\"@type\":\"WebPage\",\"@id\":\"https:\/\/delorenzoglobal.com\/fr\/produit\/logiciel-de-gestion-de-laboratoire-2\/\",\"url\":\"https:\/\/delorenzoglobal.com\/fr\/produit\/logiciel-de-gestion-de-laboratoire-2\/\",\"name\":\"LOGICIEL DE GESTION DE LABORATOIRE - De Lorenzo Training &amp; Didactical Equipment\",\"isPartOf\":{\"@id\":\"https:\/\/delorenzoglobal.com\/fr\/#website\"},\"primaryImageOfPage\":{\"@id\":\"https:\/\/delorenzoglobal.com\/fr\/produit\/logiciel-de-gestion-de-laboratoire-2\/#primaryimage\"},\"image\":{\"@id\":\"https:\/\/delorenzoglobal.com\/fr\/produit\/logiciel-de-gestion-de-laboratoire-2\/#primaryimage\"},\"thumbnailUrl\":\"https:\/\/delorenzoglobal.com\/wp-content\/uploads\/2024\/04\/DL-LAB.jpg\",\"datePublished\":\"2024-04-10T07:26:22+00:00\",\"dateModified\":\"2026-01-12T14:53:35+00:00\",\"breadcrumb\":{\"@id\":\"https:\/\/delorenzoglobal.com\/fr\/produit\/logiciel-de-gestion-de-laboratoire-2\/#breadcrumb\"},\"inLanguage\":\"fr-FR\",\"potentialAction\":[{\"@type\":\"ReadAction\",\"target\":[\"https:\/\/delorenzoglobal.com\/fr\/produit\/logiciel-de-gestion-de-laboratoire-2\/\"]}]},{\"@type\":\"ImageObject\",\"inLanguage\":\"fr-FR\",\"@id\":\"https:\/\/delorenzoglobal.com\/fr\/produit\/logiciel-de-gestion-de-laboratoire-2\/#primaryimage\",\"url\":\"https:\/\/delorenzoglobal.com\/wp-content\/uploads\/2024\/04\/DL-LAB.jpg\",\"contentUrl\":\"https:\/\/delorenzoglobal.com\/wp-content\/uploads\/2024\/04\/DL-LAB.jpg\",\"width\":871,\"height\":433},{\"@type\":\"BreadcrumbList\",\"@id\":\"https:\/\/delorenzoglobal.com\/fr\/produit\/logiciel-de-gestion-de-laboratoire-2\/#breadcrumb\",\"itemListElement\":[{\"@type\":\"ListItem\",\"position\":1,\"name\":\"Home\",\"item\":\"https:\/\/delorenzoglobal.com\/fr\/\"},{\"@type\":\"ListItem\",\"position\":2,\"name\":\"Boutique\",\"item\":\"https:\/\/delorenzoglobal.com\/fr\/boutique\/\"},{\"@type\":\"ListItem\",\"position\":3,\"name\":\"LOGICIEL DE GESTION DE LABORATOIRE\"}]},{\"@type\":\"WebSite\",\"@id\":\"https:\/\/delorenzoglobal.com\/fr\/#website\",\"url\":\"https:\/\/delorenzoglobal.com\/fr\/\",\"name\":\"De Lorenzo Training &amp; Didactical Equipment\",\"description\":\"\",\"potentialAction\":[{\"@type\":\"SearchAction\",\"target\":{\"@type\":\"EntryPoint\",\"urlTemplate\":\"https:\/\/delorenzoglobal.com\/fr\/?s={search_term_string}\"},\"query-input\":{\"@type\":\"PropertyValueSpecification\",\"valueRequired\":true,\"valueName\":\"search_term_string\"}}],\"inLanguage\":\"fr-FR\"}]}<\/script>\n<!-- \/ Yoast SEO plugin. -->","yoast_head_json":{"title":"LOGICIEL DE GESTION DE LABORATOIRE - De Lorenzo Training &amp; Didactical Equipment","robots":{"index":"index","follow":"follow","max-snippet":"max-snippet:-1","max-image-preview":"max-image-preview:large","max-video-preview":"max-video-preview:-1"},"canonical":"https:\/\/delorenzoglobal.com\/fr\/produit\/logiciel-de-gestion-de-laboratoire-2\/","og_locale":"fr_FR","og_type":"article","og_title":"LOGICIEL DE GESTION DE LABORATOIRE - De Lorenzo Training &amp; Didactical Equipment","og_description":"Cette application permet aux Enseignants une gestion compl\u00e8te de toutes les activit\u00e9s au sein du Laboratoire : Affectation des le\u00e7ons que les \u00e9tudiants doivent \u00e9tudier, Suivi des activit\u00e9s de chaque \u00e9l\u00e8ve (entr\u00e9e\/sortie des cours, bonnes ou mauvaises r\u00e9ponses, notation, etc.), Communication directe avec chaque poste \u00e9tudiant (envoi et r\u00e9ception de messages, insertion de d\u00e9faut sur [&hellip;]","og_url":"https:\/\/delorenzoglobal.com\/fr\/produit\/logiciel-de-gestion-de-laboratoire-2\/","og_site_name":"De Lorenzo Training &amp; Didactical Equipment","article_modified_time":"2026-01-12T14:53:35+00:00","og_image":[{"width":390,"height":272,"url":"https:\/\/delorenzoglobal.com\/wp-content\/uploads\/2024\/04\/DL-LAB.png","type":"image\/png"}],"twitter_card":"summary_large_image","twitter_misc":{"Dur\u00e9e de lecture estim\u00e9e":"1 minute"},"schema":{"@context":"https:\/\/schema.org","@graph":[{"@type":"WebPage","@id":"https:\/\/delorenzoglobal.com\/fr\/produit\/logiciel-de-gestion-de-laboratoire-2\/","url":"https:\/\/delorenzoglobal.com\/fr\/produit\/logiciel-de-gestion-de-laboratoire-2\/","name":"LOGICIEL DE GESTION DE LABORATOIRE - De Lorenzo Training &amp; Didactical Equipment","isPartOf":{"@id":"https:\/\/delorenzoglobal.com\/fr\/#website"},"primaryImageOfPage":{"@id":"https:\/\/delorenzoglobal.com\/fr\/produit\/logiciel-de-gestion-de-laboratoire-2\/#primaryimage"},"image":{"@id":"https:\/\/delorenzoglobal.com\/fr\/produit\/logiciel-de-gestion-de-laboratoire-2\/#primaryimage"},"thumbnailUrl":"https:\/\/delorenzoglobal.com\/wp-content\/uploads\/2024\/04\/DL-LAB.jpg","datePublished":"2024-04-10T07:26:22+00:00","dateModified":"2026-01-12T14:53:35+00:00","breadcrumb":{"@id":"https:\/\/delorenzoglobal.com\/fr\/produit\/logiciel-de-gestion-de-laboratoire-2\/#breadcrumb"},"inLanguage":"fr-FR","potentialAction":[{"@type":"ReadAction","target":["https:\/\/delorenzoglobal.com\/fr\/produit\/logiciel-de-gestion-de-laboratoire-2\/"]}]},{"@type":"ImageObject","inLanguage":"fr-FR","@id":"https:\/\/delorenzoglobal.com\/fr\/produit\/logiciel-de-gestion-de-laboratoire-2\/#primaryimage","url":"https:\/\/delorenzoglobal.com\/wp-content\/uploads\/2024\/04\/DL-LAB.jpg","contentUrl":"https:\/\/delorenzoglobal.com\/wp-content\/uploads\/2024\/04\/DL-LAB.jpg","width":871,"height":433},{"@type":"BreadcrumbList","@id":"https:\/\/delorenzoglobal.com\/fr\/produit\/logiciel-de-gestion-de-laboratoire-2\/#breadcrumb","itemListElement":[{"@type":"ListItem","position":1,"name":"Home","item":"https:\/\/delorenzoglobal.com\/fr\/"},{"@type":"ListItem","position":2,"name":"Boutique","item":"https:\/\/delorenzoglobal.com\/fr\/boutique\/"},{"@type":"ListItem","position":3,"name":"LOGICIEL DE GESTION DE LABORATOIRE"}]},{"@type":"WebSite","@id":"https:\/\/delorenzoglobal.com\/fr\/#website","url":"https:\/\/delorenzoglobal.com\/fr\/","name":"De Lorenzo Training &amp; Didactical Equipment","description":"","potentialAction":[{"@type":"SearchAction","target":{"@type":"EntryPoint","urlTemplate":"https:\/\/delorenzoglobal.com\/fr\/?s={search_term_string}"},"query-input":{"@type":"PropertyValueSpecification","valueRequired":true,"valueName":"search_term_string"}}],"inLanguage":"fr-FR"}]}},"_links":{"self":[{"href":"https:\/\/delorenzoglobal.com\/fr\/wp-json\/wp\/v2\/product\/2397","targetHints":{"allow":["GET"]}}],"collection":[{"href":"https:\/\/delorenzoglobal.com\/fr\/wp-json\/wp\/v2\/product"}],"about":[{"href":"https:\/\/delorenzoglobal.com\/fr\/wp-json\/wp\/v2\/types\/product"}],"wp:featuredmedia":[{"embeddable":true,"href":"https:\/\/delorenzoglobal.com\/fr\/wp-json\/wp\/v2\/media\/67366"}],"wp:attachment":[{"href":"https:\/\/delorenzoglobal.com\/fr\/wp-json\/wp\/v2\/media?parent=2397"}],"wp:term":[{"taxonomy":"product_brand","embeddable":true,"href":"https:\/\/delorenzoglobal.com\/fr\/wp-json\/wp\/v2\/product_brand?post=2397"},{"taxonomy":"product_cat","embeddable":true,"href":"https:\/\/delorenzoglobal.com\/fr\/wp-json\/wp\/v2\/product_cat?post=2397"},{"taxonomy":"product_tag","embeddable":true,"href":"https:\/\/delorenzoglobal.com\/fr\/wp-json\/wp\/v2\/product_tag?post=2397"}],"curies":[{"name":"wp","href":"https:\/\/api.w.org\/{rel}","templated":true}]}}