{"id":2151,"date":"2024-04-09T16:18:07","date_gmt":"2024-04-09T14:18:07","guid":{"rendered":"https:\/\/delorenzoglobal.com\/?post_type=product&#038;p=2151"},"modified":"2025-01-21T09:52:05","modified_gmt":"2025-01-21T08:52:05","slug":"systeme-pour-letude-de-lelectricite-de-base","status":"publish","type":"product","link":"https:\/\/delorenzoglobal.com\/fr\/produit\/systeme-pour-letude-de-lelectricite-de-base\/","title":{"rendered":"SYSTEME POUR L\u2019ETUDE DE L\u2019ELECTRICITE DE BASE"},"content":{"rendered":"<p>Le syst\u00e8me est compos\u00e9 par un jeu de composants et appareils permettant d\u2019effectuer la d\u00e9monstration pratique des principales lois de l\u2019\u00e9lectricit\u00e9 et de l\u2019\u00e9lectromagn\u00e9tisme.<\/p>\n<p>Tous les composants sont mont\u00e9s sur des bases m\u00e9talliques o\u00f9 en mat\u00e9riel plastique \u00e9quip\u00e9s par douilles permettant une r\u00e9alisation facile des circuits d\u2019essai \u00a0par des c\u00e2bles \u00e0 \u00a0connexion multiples.<\/p>\n<p>L\u2019ensemble est fourni avec un manuel didactique expliquant d\u2019une fa\u00e7on lin\u00e9aire et progressive plusieurs sujets d\u2019exercices pratiques.<\/p>\n<p>A remarquer l\u2019importance de m\u00e9thode propos\u00e9 qui est bas\u00e9e sur l\u2019observation directe et sur la quantification des ph\u00e9nom\u00e8nes pour d\u00e9duire les lois scientifiques.<\/p>\n<p>Gr\u00e2ce \u00e0 la simplicit\u00e9 des composants, des appareils et aux proc\u00e9dures guid\u00e9es pour les essais contenus dans le manuel, cet ensemble est indiqu\u00e9 pour cours soit d\u2019\u00e9lectrotechnique que d\u2019\u00e9lectro physique.<\/p>\n<p>Les exercices peuvent \u00eatre effectu\u00e9s par les \u00e9tudiants de fa\u00e7on autonome et en conditions de compl\u00e8te s\u00e9curit\u00e9.<\/p>\n","protected":false},"excerpt":{"rendered":"<p>Le syst\u00e8me est compos\u00e9 par un jeu de composants et appareils permettant d\u2019effectuer la d\u00e9monstration pratique des principales lois de l\u2019\u00e9lectricit\u00e9 et de l\u2019\u00e9lectromagn\u00e9tisme. Tous les composants sont mont\u00e9s sur des bases m\u00e9talliques o\u00f9 en mat\u00e9riel plastique \u00e9quip\u00e9s par douilles permettant une r\u00e9alisation facile des circuits d\u2019essai \u00a0par des c\u00e2bles \u00e0 \u00a0connexion multiples. L\u2019ensemble est [&hellip;]<\/p>\n","protected":false},"featured_media":2149,"template":"","meta":{"_acf_changed":false},"product_brand":[],"product_cat":[3160,211],"product_tag":[],"class_list":{"0":"post-2151","1":"product","2":"type-product","3":"status-publish","4":"has-post-thumbnail","6":"product_cat-systemes-de-base-pour-lelectricite-et-lelectronique","7":"product_cat-systemes-plug-in","9":"first","10":"instock","11":"shipping-taxable","12":"product-type-simple"},"acf":[],"yoast_head":"<!-- This site is optimized with the Yoast SEO plugin v27.4 - https:\/\/yoast.com\/product\/yoast-seo-wordpress\/ -->\n<title>SYSTEME POUR L\u2019ETUDE DE L\u2019ELECTRICITE DE BASE - De Lorenzo Training &amp; Didactical Equipment<\/title>\n<meta name=\"robots\" content=\"index, follow, max-snippet:-1, max-image-preview:large, max-video-preview:-1\" \/>\n<link rel=\"canonical\" href=\"https:\/\/delorenzoglobal.com\/fr\/produit\/systeme-pour-letude-de-lelectricite-de-base\/\" \/>\n<meta property=\"og:locale\" content=\"fr_FR\" \/>\n<meta property=\"og:type\" content=\"article\" \/>\n<meta property=\"og:title\" content=\"SYSTEME POUR L\u2019ETUDE DE L\u2019ELECTRICITE DE BASE - De Lorenzo Training &amp; Didactical Equipment\" \/>\n<meta property=\"og:description\" content=\"Le syst\u00e8me est compos\u00e9 par un jeu de composants et appareils permettant d\u2019effectuer la d\u00e9monstration pratique des principales lois de l\u2019\u00e9lectricit\u00e9 et de l\u2019\u00e9lectromagn\u00e9tisme. Tous les composants sont mont\u00e9s sur des bases m\u00e9talliques o\u00f9 en mat\u00e9riel plastique \u00e9quip\u00e9s par douilles permettant une r\u00e9alisation facile des circuits d\u2019essai \u00a0par des c\u00e2bles \u00e0 \u00a0connexion multiples. L\u2019ensemble est [&hellip;]\" \/>\n<meta property=\"og:url\" content=\"https:\/\/delorenzoglobal.com\/fr\/produit\/systeme-pour-letude-de-lelectricite-de-base\/\" \/>\n<meta property=\"og:site_name\" content=\"De Lorenzo Training &amp; Didactical Equipment\" \/>\n<meta property=\"article:modified_time\" content=\"2025-01-21T08:52:05+00:00\" \/>\n<meta property=\"og:image\" content=\"https:\/\/delorenzoglobal.com\/wp-content\/uploads\/2024\/04\/DL-2160-scaled.jpg\" \/>\n\t<meta property=\"og:image:width\" content=\"2560\" \/>\n\t<meta property=\"og:image:height\" content=\"872\" \/>\n\t<meta property=\"og:image:type\" content=\"image\/jpeg\" \/>\n<meta name=\"twitter:card\" content=\"summary_large_image\" \/>\n<meta name=\"twitter:label1\" content=\"Dur\u00e9e de lecture estim\u00e9e\" \/>\n\t<meta name=\"twitter:data1\" content=\"1 minute\" \/>\n<script type=\"application\/ld+json\" class=\"yoast-schema-graph\">{\"@context\":\"https:\\\/\\\/schema.org\",\"@graph\":[{\"@type\":\"WebPage\",\"@id\":\"https:\\\/\\\/delorenzoglobal.com\\\/fr\\\/produit\\\/systeme-pour-letude-de-lelectricite-de-base\\\/\",\"url\":\"https:\\\/\\\/delorenzoglobal.com\\\/fr\\\/produit\\\/systeme-pour-letude-de-lelectricite-de-base\\\/\",\"name\":\"SYSTEME POUR L\u2019ETUDE DE L\u2019ELECTRICITE DE BASE - De Lorenzo Training &amp; Didactical Equipment\",\"isPartOf\":{\"@id\":\"https:\\\/\\\/delorenzoglobal.com\\\/fr\\\/#website\"},\"primaryImageOfPage\":{\"@id\":\"https:\\\/\\\/delorenzoglobal.com\\\/fr\\\/produit\\\/systeme-pour-letude-de-lelectricite-de-base\\\/#primaryimage\"},\"image\":{\"@id\":\"https:\\\/\\\/delorenzoglobal.com\\\/fr\\\/produit\\\/systeme-pour-letude-de-lelectricite-de-base\\\/#primaryimage\"},\"thumbnailUrl\":\"https:\\\/\\\/delorenzoglobal.com\\\/wp-content\\\/uploads\\\/2024\\\/04\\\/DL-2160-scaled.jpg\",\"datePublished\":\"2024-04-09T14:18:07+00:00\",\"dateModified\":\"2025-01-21T08:52:05+00:00\",\"breadcrumb\":{\"@id\":\"https:\\\/\\\/delorenzoglobal.com\\\/fr\\\/produit\\\/systeme-pour-letude-de-lelectricite-de-base\\\/#breadcrumb\"},\"inLanguage\":\"fr-FR\",\"potentialAction\":[{\"@type\":\"ReadAction\",\"target\":[\"https:\\\/\\\/delorenzoglobal.com\\\/fr\\\/produit\\\/systeme-pour-letude-de-lelectricite-de-base\\\/\"]}]},{\"@type\":\"ImageObject\",\"inLanguage\":\"fr-FR\",\"@id\":\"https:\\\/\\\/delorenzoglobal.com\\\/fr\\\/produit\\\/systeme-pour-letude-de-lelectricite-de-base\\\/#primaryimage\",\"url\":\"https:\\\/\\\/delorenzoglobal.com\\\/wp-content\\\/uploads\\\/2024\\\/04\\\/DL-2160-scaled.jpg\",\"contentUrl\":\"https:\\\/\\\/delorenzoglobal.com\\\/wp-content\\\/uploads\\\/2024\\\/04\\\/DL-2160-scaled.jpg\",\"width\":2560,\"height\":872},{\"@type\":\"BreadcrumbList\",\"@id\":\"https:\\\/\\\/delorenzoglobal.com\\\/fr\\\/produit\\\/systeme-pour-letude-de-lelectricite-de-base\\\/#breadcrumb\",\"itemListElement\":[{\"@type\":\"ListItem\",\"position\":1,\"name\":\"Home\",\"item\":\"https:\\\/\\\/delorenzoglobal.com\\\/fr\\\/\"},{\"@type\":\"ListItem\",\"position\":2,\"name\":\"Boutique\",\"item\":\"https:\\\/\\\/delorenzoglobal.com\\\/fr\\\/boutique\\\/\"},{\"@type\":\"ListItem\",\"position\":3,\"name\":\"SYSTEME POUR L\u2019ETUDE DE L\u2019ELECTRICITE DE BASE\"}]},{\"@type\":\"WebSite\",\"@id\":\"https:\\\/\\\/delorenzoglobal.com\\\/fr\\\/#website\",\"url\":\"https:\\\/\\\/delorenzoglobal.com\\\/fr\\\/\",\"name\":\"De Lorenzo Training &amp; Didactical Equipment\",\"description\":\"\",\"potentialAction\":[{\"@type\":\"SearchAction\",\"target\":{\"@type\":\"EntryPoint\",\"urlTemplate\":\"https:\\\/\\\/delorenzoglobal.com\\\/fr\\\/?s={search_term_string}\"},\"query-input\":{\"@type\":\"PropertyValueSpecification\",\"valueRequired\":true,\"valueName\":\"search_term_string\"}}],\"inLanguage\":\"fr-FR\"}]}<\/script>\n<!-- \/ Yoast SEO plugin. -->","yoast_head_json":{"title":"SYSTEME POUR L\u2019ETUDE DE L\u2019ELECTRICITE DE BASE - De Lorenzo Training &amp; Didactical Equipment","robots":{"index":"index","follow":"follow","max-snippet":"max-snippet:-1","max-image-preview":"max-image-preview:large","max-video-preview":"max-video-preview:-1"},"canonical":"https:\/\/delorenzoglobal.com\/fr\/produit\/systeme-pour-letude-de-lelectricite-de-base\/","og_locale":"fr_FR","og_type":"article","og_title":"SYSTEME POUR L\u2019ETUDE DE L\u2019ELECTRICITE DE BASE - De Lorenzo Training &amp; Didactical Equipment","og_description":"Le syst\u00e8me est compos\u00e9 par un jeu de composants et appareils permettant d\u2019effectuer la d\u00e9monstration pratique des principales lois de l\u2019\u00e9lectricit\u00e9 et de l\u2019\u00e9lectromagn\u00e9tisme. Tous les composants sont mont\u00e9s sur des bases m\u00e9talliques o\u00f9 en mat\u00e9riel plastique \u00e9quip\u00e9s par douilles permettant une r\u00e9alisation facile des circuits d\u2019essai \u00a0par des c\u00e2bles \u00e0 \u00a0connexion multiples. L\u2019ensemble est [&hellip;]","og_url":"https:\/\/delorenzoglobal.com\/fr\/produit\/systeme-pour-letude-de-lelectricite-de-base\/","og_site_name":"De Lorenzo Training &amp; Didactical Equipment","article_modified_time":"2025-01-21T08:52:05+00:00","og_image":[{"width":2560,"height":872,"url":"https:\/\/delorenzoglobal.com\/wp-content\/uploads\/2024\/04\/DL-2160-scaled.jpg","type":"image\/jpeg"}],"twitter_card":"summary_large_image","twitter_misc":{"Dur\u00e9e de lecture estim\u00e9e":"1 minute"},"schema":{"@context":"https:\/\/schema.org","@graph":[{"@type":"WebPage","@id":"https:\/\/delorenzoglobal.com\/fr\/produit\/systeme-pour-letude-de-lelectricite-de-base\/","url":"https:\/\/delorenzoglobal.com\/fr\/produit\/systeme-pour-letude-de-lelectricite-de-base\/","name":"SYSTEME POUR L\u2019ETUDE DE L\u2019ELECTRICITE DE BASE - De Lorenzo Training &amp; Didactical Equipment","isPartOf":{"@id":"https:\/\/delorenzoglobal.com\/fr\/#website"},"primaryImageOfPage":{"@id":"https:\/\/delorenzoglobal.com\/fr\/produit\/systeme-pour-letude-de-lelectricite-de-base\/#primaryimage"},"image":{"@id":"https:\/\/delorenzoglobal.com\/fr\/produit\/systeme-pour-letude-de-lelectricite-de-base\/#primaryimage"},"thumbnailUrl":"https:\/\/delorenzoglobal.com\/wp-content\/uploads\/2024\/04\/DL-2160-scaled.jpg","datePublished":"2024-04-09T14:18:07+00:00","dateModified":"2025-01-21T08:52:05+00:00","breadcrumb":{"@id":"https:\/\/delorenzoglobal.com\/fr\/produit\/systeme-pour-letude-de-lelectricite-de-base\/#breadcrumb"},"inLanguage":"fr-FR","potentialAction":[{"@type":"ReadAction","target":["https:\/\/delorenzoglobal.com\/fr\/produit\/systeme-pour-letude-de-lelectricite-de-base\/"]}]},{"@type":"ImageObject","inLanguage":"fr-FR","@id":"https:\/\/delorenzoglobal.com\/fr\/produit\/systeme-pour-letude-de-lelectricite-de-base\/#primaryimage","url":"https:\/\/delorenzoglobal.com\/wp-content\/uploads\/2024\/04\/DL-2160-scaled.jpg","contentUrl":"https:\/\/delorenzoglobal.com\/wp-content\/uploads\/2024\/04\/DL-2160-scaled.jpg","width":2560,"height":872},{"@type":"BreadcrumbList","@id":"https:\/\/delorenzoglobal.com\/fr\/produit\/systeme-pour-letude-de-lelectricite-de-base\/#breadcrumb","itemListElement":[{"@type":"ListItem","position":1,"name":"Home","item":"https:\/\/delorenzoglobal.com\/fr\/"},{"@type":"ListItem","position":2,"name":"Boutique","item":"https:\/\/delorenzoglobal.com\/fr\/boutique\/"},{"@type":"ListItem","position":3,"name":"SYSTEME POUR L\u2019ETUDE DE L\u2019ELECTRICITE DE BASE"}]},{"@type":"WebSite","@id":"https:\/\/delorenzoglobal.com\/fr\/#website","url":"https:\/\/delorenzoglobal.com\/fr\/","name":"De Lorenzo Training &amp; Didactical Equipment","description":"","potentialAction":[{"@type":"SearchAction","target":{"@type":"EntryPoint","urlTemplate":"https:\/\/delorenzoglobal.com\/fr\/?s={search_term_string}"},"query-input":{"@type":"PropertyValueSpecification","valueRequired":true,"valueName":"search_term_string"}}],"inLanguage":"fr-FR"}]}},"_links":{"self":[{"href":"https:\/\/delorenzoglobal.com\/fr\/wp-json\/wp\/v2\/product\/2151","targetHints":{"allow":["GET"]}}],"collection":[{"href":"https:\/\/delorenzoglobal.com\/fr\/wp-json\/wp\/v2\/product"}],"about":[{"href":"https:\/\/delorenzoglobal.com\/fr\/wp-json\/wp\/v2\/types\/product"}],"wp:featuredmedia":[{"embeddable":true,"href":"https:\/\/delorenzoglobal.com\/fr\/wp-json\/wp\/v2\/media\/2149"}],"wp:attachment":[{"href":"https:\/\/delorenzoglobal.com\/fr\/wp-json\/wp\/v2\/media?parent=2151"}],"wp:term":[{"taxonomy":"product_brand","embeddable":true,"href":"https:\/\/delorenzoglobal.com\/fr\/wp-json\/wp\/v2\/product_brand?post=2151"},{"taxonomy":"product_cat","embeddable":true,"href":"https:\/\/delorenzoglobal.com\/fr\/wp-json\/wp\/v2\/product_cat?post=2151"},{"taxonomy":"product_tag","embeddable":true,"href":"https:\/\/delorenzoglobal.com\/fr\/wp-json\/wp\/v2\/product_tag?post=2151"}],"curies":[{"name":"wp","href":"https:\/\/api.w.org\/{rel}","templated":true}]}}