{"id":21041,"date":"2024-08-01T15:37:54","date_gmt":"2024-08-01T13:37:54","guid":{"rendered":"https:\/\/delorenzoglobal.com\/?post_type=product&#038;p=21041"},"modified":"2025-01-30T09:35:01","modified_gmt":"2025-01-30T08:35:01","slug":"bancs-pour-letude-de-la-batterie-de-puissance-et-du-systeme-de-gestion-avec-entrainement-et-transmission","status":"publish","type":"product","link":"https:\/\/delorenzoglobal.com\/fr\/produit\/bancs-pour-letude-de-la-batterie-de-puissance-et-du-systeme-de-gestion-avec-entrainement-et-transmission\/","title":{"rendered":"BANCS POUR L&rsquo;\u00c9TUDE DE LA BATTERIE DE PUISSANCE ET DU SYST\u00c8ME DE GESTION AVEC ENTRA\u00ceNEMENT ET TRANSMISSION"},"content":{"rendered":"<p>L&rsquo;\u00e9quipement est con\u00e7u pour d\u00e9velopper la connaissance des principaux composants install\u00e9s sur le v\u00e9hicule \u00e9lectrique <strong>BYD Dolphin<\/strong>, constitu\u00e9s de <strong>2 bancs qui doivent \u00eatre connect\u00e9s entre eux pour fonctionner et ne peuvent pas fonctionner s\u00e9par\u00e9ment.<\/strong> Ils reproduisent les m\u00eames fonctions et modes de contr\u00f4le que les v\u00e9hicules \u00e9lectriques les plus populaires.<\/p>\n","protected":false},"excerpt":{"rendered":"<p>L&rsquo;\u00e9quipement est con\u00e7u pour d\u00e9velopper la connaissance des principaux composants install\u00e9s sur le v\u00e9hicule \u00e9lectrique BYD Dolphin, constitu\u00e9s de 2 bancs qui doivent \u00eatre connect\u00e9s entre eux pour fonctionner et ne peuvent pas fonctionner s\u00e9par\u00e9ment. Ils reproduisent les m\u00eames fonctions et modes de contr\u00f4le que les v\u00e9hicules \u00e9lectriques les plus populaires.<\/p>\n","protected":false},"featured_media":21035,"template":"","meta":{"_acf_changed":false},"product_brand":[],"product_cat":[386],"product_tag":[],"class_list":{"0":"post-21041","1":"product","2":"type-product","3":"status-publish","4":"has-post-thumbnail","6":"product_cat-vehicule-electrique","8":"first","9":"outofstock","10":"shipping-taxable","11":"product-type-simple"},"acf":[],"yoast_head":"<!-- This site is optimized with the Yoast SEO plugin v27.0 - https:\/\/yoast.com\/product\/yoast-seo-wordpress\/ -->\n<title>BANCS POUR L&#039;\u00c9TUDE DE LA BATTERIE DE PUISSANCE ET DU SYST\u00c8ME DE GESTION AVEC ENTRA\u00ceNEMENT ET TRANSMISSION - De Lorenzo Training &amp; Didactical Equipment<\/title>\n<meta name=\"robots\" content=\"index, follow, max-snippet:-1, max-image-preview:large, max-video-preview:-1\" \/>\n<link rel=\"canonical\" href=\"https:\/\/delorenzoglobal.com\/fr\/produit\/bancs-pour-letude-de-la-batterie-de-puissance-et-du-systeme-de-gestion-avec-entrainement-et-transmission\/\" \/>\n<meta property=\"og:locale\" content=\"fr_FR\" \/>\n<meta property=\"og:type\" content=\"article\" \/>\n<meta property=\"og:title\" content=\"BANCS POUR L&#039;\u00c9TUDE DE LA BATTERIE DE PUISSANCE ET DU SYST\u00c8ME DE GESTION AVEC ENTRA\u00ceNEMENT ET TRANSMISSION - De Lorenzo Training &amp; Didactical Equipment\" \/>\n<meta property=\"og:description\" content=\"L&rsquo;\u00e9quipement est con\u00e7u pour d\u00e9velopper la connaissance des principaux composants install\u00e9s sur le v\u00e9hicule \u00e9lectrique BYD Dolphin, constitu\u00e9s de 2 bancs qui doivent \u00eatre connect\u00e9s entre eux pour fonctionner et ne peuvent pas fonctionner s\u00e9par\u00e9ment. Ils reproduisent les m\u00eames fonctions et modes de contr\u00f4le que les v\u00e9hicules \u00e9lectriques les plus populaires.\" \/>\n<meta property=\"og:url\" content=\"https:\/\/delorenzoglobal.com\/fr\/produit\/bancs-pour-letude-de-la-batterie-de-puissance-et-du-systeme-de-gestion-avec-entrainement-et-transmission\/\" \/>\n<meta property=\"og:site_name\" content=\"De Lorenzo Training &amp; Didactical Equipment\" \/>\n<meta property=\"article:modified_time\" content=\"2025-01-30T08:35:01+00:00\" \/>\n<meta property=\"og:image\" content=\"https:\/\/delorenzoglobal.com\/wp-content\/uploads\/2024\/08\/DTS.jpg\" \/>\n\t<meta property=\"og:image:width\" content=\"735\" \/>\n\t<meta property=\"og:image:height\" content=\"574\" \/>\n\t<meta property=\"og:image:type\" content=\"image\/jpeg\" \/>\n<meta name=\"twitter:card\" content=\"summary_large_image\" \/>\n<meta name=\"twitter:label1\" content=\"Dur\u00e9e de lecture estim\u00e9e\" \/>\n\t<meta name=\"twitter:data1\" content=\"1 minute\" \/>\n<script type=\"application\/ld+json\" class=\"yoast-schema-graph\">{\"@context\":\"https:\/\/schema.org\",\"@graph\":[{\"@type\":\"WebPage\",\"@id\":\"https:\/\/delorenzoglobal.com\/fr\/produit\/bancs-pour-letude-de-la-batterie-de-puissance-et-du-systeme-de-gestion-avec-entrainement-et-transmission\/\",\"url\":\"https:\/\/delorenzoglobal.com\/fr\/produit\/bancs-pour-letude-de-la-batterie-de-puissance-et-du-systeme-de-gestion-avec-entrainement-et-transmission\/\",\"name\":\"BANCS POUR L'\u00c9TUDE DE LA BATTERIE DE PUISSANCE ET DU SYST\u00c8ME DE GESTION AVEC ENTRA\u00ceNEMENT ET TRANSMISSION - De Lorenzo Training &amp; Didactical Equipment\",\"isPartOf\":{\"@id\":\"https:\/\/delorenzoglobal.com\/fr\/#website\"},\"primaryImageOfPage\":{\"@id\":\"https:\/\/delorenzoglobal.com\/fr\/produit\/bancs-pour-letude-de-la-batterie-de-puissance-et-du-systeme-de-gestion-avec-entrainement-et-transmission\/#primaryimage\"},\"image\":{\"@id\":\"https:\/\/delorenzoglobal.com\/fr\/produit\/bancs-pour-letude-de-la-batterie-de-puissance-et-du-systeme-de-gestion-avec-entrainement-et-transmission\/#primaryimage\"},\"thumbnailUrl\":\"https:\/\/delorenzoglobal.com\/wp-content\/uploads\/2024\/08\/DTS.jpg\",\"datePublished\":\"2024-08-01T13:37:54+00:00\",\"dateModified\":\"2025-01-30T08:35:01+00:00\",\"breadcrumb\":{\"@id\":\"https:\/\/delorenzoglobal.com\/fr\/produit\/bancs-pour-letude-de-la-batterie-de-puissance-et-du-systeme-de-gestion-avec-entrainement-et-transmission\/#breadcrumb\"},\"inLanguage\":\"fr-FR\",\"potentialAction\":[{\"@type\":\"ReadAction\",\"target\":[\"https:\/\/delorenzoglobal.com\/fr\/produit\/bancs-pour-letude-de-la-batterie-de-puissance-et-du-systeme-de-gestion-avec-entrainement-et-transmission\/\"]}]},{\"@type\":\"ImageObject\",\"inLanguage\":\"fr-FR\",\"@id\":\"https:\/\/delorenzoglobal.com\/fr\/produit\/bancs-pour-letude-de-la-batterie-de-puissance-et-du-systeme-de-gestion-avec-entrainement-et-transmission\/#primaryimage\",\"url\":\"https:\/\/delorenzoglobal.com\/wp-content\/uploads\/2024\/08\/DTS.jpg\",\"contentUrl\":\"https:\/\/delorenzoglobal.com\/wp-content\/uploads\/2024\/08\/DTS.jpg\",\"width\":735,\"height\":574},{\"@type\":\"BreadcrumbList\",\"@id\":\"https:\/\/delorenzoglobal.com\/fr\/produit\/bancs-pour-letude-de-la-batterie-de-puissance-et-du-systeme-de-gestion-avec-entrainement-et-transmission\/#breadcrumb\",\"itemListElement\":[{\"@type\":\"ListItem\",\"position\":1,\"name\":\"Home\",\"item\":\"https:\/\/delorenzoglobal.com\/fr\/\"},{\"@type\":\"ListItem\",\"position\":2,\"name\":\"Boutique\",\"item\":\"https:\/\/delorenzoglobal.com\/fr\/boutique\/\"},{\"@type\":\"ListItem\",\"position\":3,\"name\":\"BANCS POUR L&#8217;\u00c9TUDE DE LA BATTERIE DE PUISSANCE ET DU SYST\u00c8ME DE GESTION AVEC ENTRA\u00ceNEMENT ET TRANSMISSION\"}]},{\"@type\":\"WebSite\",\"@id\":\"https:\/\/delorenzoglobal.com\/fr\/#website\",\"url\":\"https:\/\/delorenzoglobal.com\/fr\/\",\"name\":\"De Lorenzo Training &amp; Didactical Equipment\",\"description\":\"\",\"potentialAction\":[{\"@type\":\"SearchAction\",\"target\":{\"@type\":\"EntryPoint\",\"urlTemplate\":\"https:\/\/delorenzoglobal.com\/fr\/?s={search_term_string}\"},\"query-input\":{\"@type\":\"PropertyValueSpecification\",\"valueRequired\":true,\"valueName\":\"search_term_string\"}}],\"inLanguage\":\"fr-FR\"}]}<\/script>\n<!-- \/ Yoast SEO plugin. -->","yoast_head_json":{"title":"BANCS POUR L'\u00c9TUDE DE LA BATTERIE DE PUISSANCE ET DU SYST\u00c8ME DE GESTION AVEC ENTRA\u00ceNEMENT ET TRANSMISSION - De Lorenzo Training &amp; Didactical Equipment","robots":{"index":"index","follow":"follow","max-snippet":"max-snippet:-1","max-image-preview":"max-image-preview:large","max-video-preview":"max-video-preview:-1"},"canonical":"https:\/\/delorenzoglobal.com\/fr\/produit\/bancs-pour-letude-de-la-batterie-de-puissance-et-du-systeme-de-gestion-avec-entrainement-et-transmission\/","og_locale":"fr_FR","og_type":"article","og_title":"BANCS POUR L'\u00c9TUDE DE LA BATTERIE DE PUISSANCE ET DU SYST\u00c8ME DE GESTION AVEC ENTRA\u00ceNEMENT ET TRANSMISSION - De Lorenzo Training &amp; Didactical Equipment","og_description":"L&rsquo;\u00e9quipement est con\u00e7u pour d\u00e9velopper la connaissance des principaux composants install\u00e9s sur le v\u00e9hicule \u00e9lectrique BYD Dolphin, constitu\u00e9s de 2 bancs qui doivent \u00eatre connect\u00e9s entre eux pour fonctionner et ne peuvent pas fonctionner s\u00e9par\u00e9ment. Ils reproduisent les m\u00eames fonctions et modes de contr\u00f4le que les v\u00e9hicules \u00e9lectriques les plus populaires.","og_url":"https:\/\/delorenzoglobal.com\/fr\/produit\/bancs-pour-letude-de-la-batterie-de-puissance-et-du-systeme-de-gestion-avec-entrainement-et-transmission\/","og_site_name":"De Lorenzo Training &amp; Didactical Equipment","article_modified_time":"2025-01-30T08:35:01+00:00","og_image":[{"width":735,"height":574,"url":"https:\/\/delorenzoglobal.com\/wp-content\/uploads\/2024\/08\/DTS.jpg","type":"image\/jpeg"}],"twitter_card":"summary_large_image","twitter_misc":{"Dur\u00e9e de lecture estim\u00e9e":"1 minute"},"schema":{"@context":"https:\/\/schema.org","@graph":[{"@type":"WebPage","@id":"https:\/\/delorenzoglobal.com\/fr\/produit\/bancs-pour-letude-de-la-batterie-de-puissance-et-du-systeme-de-gestion-avec-entrainement-et-transmission\/","url":"https:\/\/delorenzoglobal.com\/fr\/produit\/bancs-pour-letude-de-la-batterie-de-puissance-et-du-systeme-de-gestion-avec-entrainement-et-transmission\/","name":"BANCS POUR L'\u00c9TUDE DE LA BATTERIE DE PUISSANCE ET DU SYST\u00c8ME DE GESTION AVEC ENTRA\u00ceNEMENT ET TRANSMISSION - De Lorenzo Training &amp; Didactical Equipment","isPartOf":{"@id":"https:\/\/delorenzoglobal.com\/fr\/#website"},"primaryImageOfPage":{"@id":"https:\/\/delorenzoglobal.com\/fr\/produit\/bancs-pour-letude-de-la-batterie-de-puissance-et-du-systeme-de-gestion-avec-entrainement-et-transmission\/#primaryimage"},"image":{"@id":"https:\/\/delorenzoglobal.com\/fr\/produit\/bancs-pour-letude-de-la-batterie-de-puissance-et-du-systeme-de-gestion-avec-entrainement-et-transmission\/#primaryimage"},"thumbnailUrl":"https:\/\/delorenzoglobal.com\/wp-content\/uploads\/2024\/08\/DTS.jpg","datePublished":"2024-08-01T13:37:54+00:00","dateModified":"2025-01-30T08:35:01+00:00","breadcrumb":{"@id":"https:\/\/delorenzoglobal.com\/fr\/produit\/bancs-pour-letude-de-la-batterie-de-puissance-et-du-systeme-de-gestion-avec-entrainement-et-transmission\/#breadcrumb"},"inLanguage":"fr-FR","potentialAction":[{"@type":"ReadAction","target":["https:\/\/delorenzoglobal.com\/fr\/produit\/bancs-pour-letude-de-la-batterie-de-puissance-et-du-systeme-de-gestion-avec-entrainement-et-transmission\/"]}]},{"@type":"ImageObject","inLanguage":"fr-FR","@id":"https:\/\/delorenzoglobal.com\/fr\/produit\/bancs-pour-letude-de-la-batterie-de-puissance-et-du-systeme-de-gestion-avec-entrainement-et-transmission\/#primaryimage","url":"https:\/\/delorenzoglobal.com\/wp-content\/uploads\/2024\/08\/DTS.jpg","contentUrl":"https:\/\/delorenzoglobal.com\/wp-content\/uploads\/2024\/08\/DTS.jpg","width":735,"height":574},{"@type":"BreadcrumbList","@id":"https:\/\/delorenzoglobal.com\/fr\/produit\/bancs-pour-letude-de-la-batterie-de-puissance-et-du-systeme-de-gestion-avec-entrainement-et-transmission\/#breadcrumb","itemListElement":[{"@type":"ListItem","position":1,"name":"Home","item":"https:\/\/delorenzoglobal.com\/fr\/"},{"@type":"ListItem","position":2,"name":"Boutique","item":"https:\/\/delorenzoglobal.com\/fr\/boutique\/"},{"@type":"ListItem","position":3,"name":"BANCS POUR L&#8217;\u00c9TUDE DE LA BATTERIE DE PUISSANCE ET DU SYST\u00c8ME DE GESTION AVEC ENTRA\u00ceNEMENT ET TRANSMISSION"}]},{"@type":"WebSite","@id":"https:\/\/delorenzoglobal.com\/fr\/#website","url":"https:\/\/delorenzoglobal.com\/fr\/","name":"De Lorenzo Training &amp; Didactical Equipment","description":"","potentialAction":[{"@type":"SearchAction","target":{"@type":"EntryPoint","urlTemplate":"https:\/\/delorenzoglobal.com\/fr\/?s={search_term_string}"},"query-input":{"@type":"PropertyValueSpecification","valueRequired":true,"valueName":"search_term_string"}}],"inLanguage":"fr-FR"}]}},"_links":{"self":[{"href":"https:\/\/delorenzoglobal.com\/fr\/wp-json\/wp\/v2\/product\/21041","targetHints":{"allow":["GET"]}}],"collection":[{"href":"https:\/\/delorenzoglobal.com\/fr\/wp-json\/wp\/v2\/product"}],"about":[{"href":"https:\/\/delorenzoglobal.com\/fr\/wp-json\/wp\/v2\/types\/product"}],"wp:featuredmedia":[{"embeddable":true,"href":"https:\/\/delorenzoglobal.com\/fr\/wp-json\/wp\/v2\/media\/21035"}],"wp:attachment":[{"href":"https:\/\/delorenzoglobal.com\/fr\/wp-json\/wp\/v2\/media?parent=21041"}],"wp:term":[{"taxonomy":"product_brand","embeddable":true,"href":"https:\/\/delorenzoglobal.com\/fr\/wp-json\/wp\/v2\/product_brand?post=21041"},{"taxonomy":"product_cat","embeddable":true,"href":"https:\/\/delorenzoglobal.com\/fr\/wp-json\/wp\/v2\/product_cat?post=21041"},{"taxonomy":"product_tag","embeddable":true,"href":"https:\/\/delorenzoglobal.com\/fr\/wp-json\/wp\/v2\/product_tag?post=21041"}],"curies":[{"name":"wp","href":"https:\/\/api.w.org\/{rel}","templated":true}]}}