{"id":2101,"date":"2024-04-09T16:04:51","date_gmt":"2024-04-09T14:04:51","guid":{"rendered":"https:\/\/delorenzoglobal.com\/?post_type=product&#038;p=2101"},"modified":"2026-04-17T14:48:31","modified_gmt":"2026-04-17T12:48:31","slug":"fondamentaux-des-transducteurs","status":"publish","type":"product","link":"https:\/\/delorenzoglobal.com\/fr\/produit\/fondamentaux-des-transducteurs\/","title":{"rendered":"FONDAMENTAUX DES TRANSDUCTEURS"},"content":{"rendered":"<p>La conception et la r\u00e9alisation de circuits \u00e9lectroniques pour r\u00e9soudre des probl\u00e8mes pratiques constituent une technique essentielle dans les domaines du g\u00e9nie \u00e9lectronique et du g\u00e9nie informatique.<\/p>\n<div>\n<div>\n<p>Avec cette carte, les \u00e9tudiants peuvent \u00e9tudier les principes de fonctionnement des capteurs les plus courants, tels que les capteurs de temp\u00e9rature, de pression, ultrasoniques, infrarouges et capacitifs.<\/p>\n<\/div>\n<\/div>\n","protected":false},"excerpt":{"rendered":"<p>La conception et la r\u00e9alisation de circuits \u00e9lectroniques pour r\u00e9soudre des probl\u00e8mes pratiques constituent une technique essentielle dans les domaines du g\u00e9nie \u00e9lectronique et du g\u00e9nie informatique. Avec cette carte, les \u00e9tudiants peuvent \u00e9tudier les principes de fonctionnement des capteurs les plus courants, tels que les capteurs de temp\u00e9rature, de pression, ultrasoniques, infrarouges et capacitifs.<\/p>\n","protected":false},"featured_media":2089,"template":"","meta":{"_acf_changed":false},"product_brand":[],"product_cat":[183],"product_tag":[],"class_list":{"0":"post-2101","1":"product","2":"type-product","3":"status-publish","4":"has-post-thumbnail","6":"product_cat-controle-de-processus","8":"first","9":"instock","10":"shipping-taxable","11":"product-type-simple"},"acf":[],"yoast_head":"<!-- This site is optimized with the Yoast SEO plugin v27.4 - https:\/\/yoast.com\/product\/yoast-seo-wordpress\/ -->\n<title>FONDAMENTAUX DES TRANSDUCTEURS - De Lorenzo Training &amp; Didactical Equipment<\/title>\n<meta name=\"description\" content=\"Carte didactique pour l\u2019\u00e9tude de la conception de circuits \u00e9lectroniques et des principaux capteurs : temp\u00e9rature, pression, ultrasoniques, infrarouges et capacitifs.\" \/>\n<meta name=\"robots\" content=\"index, follow, max-snippet:-1, max-image-preview:large, max-video-preview:-1\" \/>\n<link rel=\"canonical\" href=\"https:\/\/delorenzoglobal.com\/fr\/produit\/fondamentaux-des-transducteurs\/\" \/>\n<meta property=\"og:locale\" content=\"fr_FR\" \/>\n<meta property=\"og:type\" content=\"article\" \/>\n<meta property=\"og:title\" content=\"FONDAMENTAUX DES TRANSDUCTEURS - De Lorenzo Training &amp; Didactical Equipment\" \/>\n<meta property=\"og:description\" content=\"Carte didactique pour l\u2019\u00e9tude de la conception de circuits \u00e9lectroniques et des principaux capteurs : temp\u00e9rature, pression, ultrasoniques, infrarouges et capacitifs.\" \/>\n<meta property=\"og:url\" content=\"https:\/\/delorenzoglobal.com\/fr\/produit\/fondamentaux-des-transducteurs\/\" \/>\n<meta property=\"og:site_name\" content=\"De Lorenzo Training &amp; Didactical Equipment\" \/>\n<meta property=\"article:modified_time\" content=\"2026-04-17T12:48:31+00:00\" \/>\n<meta property=\"og:image\" content=\"https:\/\/delorenzoglobal.com\/wp-content\/uploads\/2024\/04\/DL-3155E25.jpg\" \/>\n\t<meta property=\"og:image:width\" content=\"2513\" \/>\n\t<meta property=\"og:image:height\" content=\"2180\" \/>\n\t<meta property=\"og:image:type\" content=\"image\/jpeg\" \/>\n<meta name=\"twitter:card\" content=\"summary_large_image\" \/>\n<meta name=\"twitter:label1\" content=\"Dur\u00e9e de lecture estim\u00e9e\" \/>\n\t<meta name=\"twitter:data1\" content=\"1 minute\" \/>\n<script type=\"application\/ld+json\" class=\"yoast-schema-graph\">{\"@context\":\"https:\\\/\\\/schema.org\",\"@graph\":[{\"@type\":\"WebPage\",\"@id\":\"https:\\\/\\\/delorenzoglobal.com\\\/fr\\\/produit\\\/fondamentaux-des-transducteurs\\\/\",\"url\":\"https:\\\/\\\/delorenzoglobal.com\\\/fr\\\/produit\\\/fondamentaux-des-transducteurs\\\/\",\"name\":\"FONDAMENTAUX DES TRANSDUCTEURS - De Lorenzo Training &amp; Didactical Equipment\",\"isPartOf\":{\"@id\":\"https:\\\/\\\/delorenzoglobal.com\\\/fr\\\/#website\"},\"primaryImageOfPage\":{\"@id\":\"https:\\\/\\\/delorenzoglobal.com\\\/fr\\\/produit\\\/fondamentaux-des-transducteurs\\\/#primaryimage\"},\"image\":{\"@id\":\"https:\\\/\\\/delorenzoglobal.com\\\/fr\\\/produit\\\/fondamentaux-des-transducteurs\\\/#primaryimage\"},\"thumbnailUrl\":\"https:\\\/\\\/delorenzoglobal.com\\\/wp-content\\\/uploads\\\/2024\\\/04\\\/DL-3155E25.jpg\",\"datePublished\":\"2024-04-09T14:04:51+00:00\",\"dateModified\":\"2026-04-17T12:48:31+00:00\",\"description\":\"Carte didactique pour l\u2019\u00e9tude de la conception de circuits \u00e9lectroniques et des principaux capteurs : temp\u00e9rature, pression, ultrasoniques, infrarouges et capacitifs.\",\"breadcrumb\":{\"@id\":\"https:\\\/\\\/delorenzoglobal.com\\\/fr\\\/produit\\\/fondamentaux-des-transducteurs\\\/#breadcrumb\"},\"inLanguage\":\"fr-FR\",\"potentialAction\":[{\"@type\":\"ReadAction\",\"target\":[\"https:\\\/\\\/delorenzoglobal.com\\\/fr\\\/produit\\\/fondamentaux-des-transducteurs\\\/\"]}]},{\"@type\":\"ImageObject\",\"inLanguage\":\"fr-FR\",\"@id\":\"https:\\\/\\\/delorenzoglobal.com\\\/fr\\\/produit\\\/fondamentaux-des-transducteurs\\\/#primaryimage\",\"url\":\"https:\\\/\\\/delorenzoglobal.com\\\/wp-content\\\/uploads\\\/2024\\\/04\\\/DL-3155E25.jpg\",\"contentUrl\":\"https:\\\/\\\/delorenzoglobal.com\\\/wp-content\\\/uploads\\\/2024\\\/04\\\/DL-3155E25.jpg\",\"width\":2513,\"height\":2180},{\"@type\":\"BreadcrumbList\",\"@id\":\"https:\\\/\\\/delorenzoglobal.com\\\/fr\\\/produit\\\/fondamentaux-des-transducteurs\\\/#breadcrumb\",\"itemListElement\":[{\"@type\":\"ListItem\",\"position\":1,\"name\":\"Home\",\"item\":\"https:\\\/\\\/delorenzoglobal.com\\\/fr\\\/\"},{\"@type\":\"ListItem\",\"position\":2,\"name\":\"Boutique\",\"item\":\"https:\\\/\\\/delorenzoglobal.com\\\/fr\\\/boutique\\\/\"},{\"@type\":\"ListItem\",\"position\":3,\"name\":\"FONDAMENTAUX DES TRANSDUCTEURS\"}]},{\"@type\":\"WebSite\",\"@id\":\"https:\\\/\\\/delorenzoglobal.com\\\/fr\\\/#website\",\"url\":\"https:\\\/\\\/delorenzoglobal.com\\\/fr\\\/\",\"name\":\"De Lorenzo Training &amp; Didactical Equipment\",\"description\":\"\",\"potentialAction\":[{\"@type\":\"SearchAction\",\"target\":{\"@type\":\"EntryPoint\",\"urlTemplate\":\"https:\\\/\\\/delorenzoglobal.com\\\/fr\\\/?s={search_term_string}\"},\"query-input\":{\"@type\":\"PropertyValueSpecification\",\"valueRequired\":true,\"valueName\":\"search_term_string\"}}],\"inLanguage\":\"fr-FR\"}]}<\/script>\n<!-- \/ Yoast SEO plugin. -->","yoast_head_json":{"title":"FONDAMENTAUX DES TRANSDUCTEURS - De Lorenzo Training &amp; Didactical Equipment","description":"Carte didactique pour l\u2019\u00e9tude de la conception de circuits \u00e9lectroniques et des principaux capteurs : temp\u00e9rature, pression, ultrasoniques, infrarouges et capacitifs.","robots":{"index":"index","follow":"follow","max-snippet":"max-snippet:-1","max-image-preview":"max-image-preview:large","max-video-preview":"max-video-preview:-1"},"canonical":"https:\/\/delorenzoglobal.com\/fr\/produit\/fondamentaux-des-transducteurs\/","og_locale":"fr_FR","og_type":"article","og_title":"FONDAMENTAUX DES TRANSDUCTEURS - De Lorenzo Training &amp; Didactical Equipment","og_description":"Carte didactique pour l\u2019\u00e9tude de la conception de circuits \u00e9lectroniques et des principaux capteurs : temp\u00e9rature, pression, ultrasoniques, infrarouges et capacitifs.","og_url":"https:\/\/delorenzoglobal.com\/fr\/produit\/fondamentaux-des-transducteurs\/","og_site_name":"De Lorenzo Training &amp; Didactical Equipment","article_modified_time":"2026-04-17T12:48:31+00:00","og_image":[{"width":2513,"height":2180,"url":"https:\/\/delorenzoglobal.com\/wp-content\/uploads\/2024\/04\/DL-3155E25.jpg","type":"image\/jpeg"}],"twitter_card":"summary_large_image","twitter_misc":{"Dur\u00e9e de lecture estim\u00e9e":"1 minute"},"schema":{"@context":"https:\/\/schema.org","@graph":[{"@type":"WebPage","@id":"https:\/\/delorenzoglobal.com\/fr\/produit\/fondamentaux-des-transducteurs\/","url":"https:\/\/delorenzoglobal.com\/fr\/produit\/fondamentaux-des-transducteurs\/","name":"FONDAMENTAUX DES TRANSDUCTEURS - De Lorenzo Training &amp; Didactical Equipment","isPartOf":{"@id":"https:\/\/delorenzoglobal.com\/fr\/#website"},"primaryImageOfPage":{"@id":"https:\/\/delorenzoglobal.com\/fr\/produit\/fondamentaux-des-transducteurs\/#primaryimage"},"image":{"@id":"https:\/\/delorenzoglobal.com\/fr\/produit\/fondamentaux-des-transducteurs\/#primaryimage"},"thumbnailUrl":"https:\/\/delorenzoglobal.com\/wp-content\/uploads\/2024\/04\/DL-3155E25.jpg","datePublished":"2024-04-09T14:04:51+00:00","dateModified":"2026-04-17T12:48:31+00:00","description":"Carte didactique pour l\u2019\u00e9tude de la conception de circuits \u00e9lectroniques et des principaux capteurs : temp\u00e9rature, pression, ultrasoniques, infrarouges et capacitifs.","breadcrumb":{"@id":"https:\/\/delorenzoglobal.com\/fr\/produit\/fondamentaux-des-transducteurs\/#breadcrumb"},"inLanguage":"fr-FR","potentialAction":[{"@type":"ReadAction","target":["https:\/\/delorenzoglobal.com\/fr\/produit\/fondamentaux-des-transducteurs\/"]}]},{"@type":"ImageObject","inLanguage":"fr-FR","@id":"https:\/\/delorenzoglobal.com\/fr\/produit\/fondamentaux-des-transducteurs\/#primaryimage","url":"https:\/\/delorenzoglobal.com\/wp-content\/uploads\/2024\/04\/DL-3155E25.jpg","contentUrl":"https:\/\/delorenzoglobal.com\/wp-content\/uploads\/2024\/04\/DL-3155E25.jpg","width":2513,"height":2180},{"@type":"BreadcrumbList","@id":"https:\/\/delorenzoglobal.com\/fr\/produit\/fondamentaux-des-transducteurs\/#breadcrumb","itemListElement":[{"@type":"ListItem","position":1,"name":"Home","item":"https:\/\/delorenzoglobal.com\/fr\/"},{"@type":"ListItem","position":2,"name":"Boutique","item":"https:\/\/delorenzoglobal.com\/fr\/boutique\/"},{"@type":"ListItem","position":3,"name":"FONDAMENTAUX DES TRANSDUCTEURS"}]},{"@type":"WebSite","@id":"https:\/\/delorenzoglobal.com\/fr\/#website","url":"https:\/\/delorenzoglobal.com\/fr\/","name":"De Lorenzo Training &amp; Didactical Equipment","description":"","potentialAction":[{"@type":"SearchAction","target":{"@type":"EntryPoint","urlTemplate":"https:\/\/delorenzoglobal.com\/fr\/?s={search_term_string}"},"query-input":{"@type":"PropertyValueSpecification","valueRequired":true,"valueName":"search_term_string"}}],"inLanguage":"fr-FR"}]}},"_links":{"self":[{"href":"https:\/\/delorenzoglobal.com\/fr\/wp-json\/wp\/v2\/product\/2101","targetHints":{"allow":["GET"]}}],"collection":[{"href":"https:\/\/delorenzoglobal.com\/fr\/wp-json\/wp\/v2\/product"}],"about":[{"href":"https:\/\/delorenzoglobal.com\/fr\/wp-json\/wp\/v2\/types\/product"}],"wp:featuredmedia":[{"embeddable":true,"href":"https:\/\/delorenzoglobal.com\/fr\/wp-json\/wp\/v2\/media\/2089"}],"wp:attachment":[{"href":"https:\/\/delorenzoglobal.com\/fr\/wp-json\/wp\/v2\/media?parent=2101"}],"wp:term":[{"taxonomy":"product_brand","embeddable":true,"href":"https:\/\/delorenzoglobal.com\/fr\/wp-json\/wp\/v2\/product_brand?post=2101"},{"taxonomy":"product_cat","embeddable":true,"href":"https:\/\/delorenzoglobal.com\/fr\/wp-json\/wp\/v2\/product_cat?post=2101"},{"taxonomy":"product_tag","embeddable":true,"href":"https:\/\/delorenzoglobal.com\/fr\/wp-json\/wp\/v2\/product_tag?post=2101"}],"curies":[{"name":"wp","href":"https:\/\/api.w.org\/{rel}","templated":true}]}}