{"id":2075,"date":"2024-04-09T15:52:04","date_gmt":"2024-04-09T13:52:04","guid":{"rendered":"https:\/\/delorenzoglobal.com\/?post_type=product&#038;p=2075"},"modified":"2026-04-17T11:00:44","modified_gmt":"2026-04-17T09:00:44","slug":"controle-de-vitesse-dun-moteur-cc","status":"publish","type":"product","link":"https:\/\/delorenzoglobal.com\/fr\/produit\/controle-de-vitesse-dun-moteur-cc\/","title":{"rendered":"CONTR\u00d4LE DE VITESSE D&rsquo;UN MOTEUR CC"},"content":{"rendered":"<p>Ce panneau a \u00e9t\u00e9 con\u00e7u pour mettre en \u00e9vidence les techniques de contr\u00f4le de la vitesse d&rsquo;un moteur \u00e0 courant continu.<\/p>\n<p>Le panneau est essentiellement divis\u00e9 en deux sections: la premi\u00e8re permet l&rsquo;\u00e9tude du contr\u00f4le de vitesse en boucle ouverte, tandis que la deuxi\u00e8me section traite d&rsquo;un contr\u00f4le de vitesse en boucle ferm\u00e9e du syst\u00e8me.<\/p>\n<p>&nbsp;<\/p>\n","protected":false},"excerpt":{"rendered":"<p>Ce panneau a \u00e9t\u00e9 con\u00e7u pour mettre en \u00e9vidence les techniques de contr\u00f4le de la vitesse d&rsquo;un moteur \u00e0 courant continu. Le panneau est essentiellement divis\u00e9 en deux sections: la premi\u00e8re permet l&rsquo;\u00e9tude du contr\u00f4le de vitesse en boucle ouverte, tandis que la deuxi\u00e8me section traite d&rsquo;un contr\u00f4le de vitesse en boucle ferm\u00e9e du syst\u00e8me. [&hellip;]<\/p>\n","protected":false},"featured_media":2063,"template":"","meta":{"_acf_changed":false},"product_brand":[],"product_cat":[183],"product_tag":[],"class_list":{"0":"post-2075","1":"product","2":"type-product","3":"status-publish","4":"has-post-thumbnail","6":"product_cat-controle-de-processus","8":"first","9":"instock","10":"shipping-taxable","11":"product-type-simple"},"acf":[],"yoast_head":"<!-- This site is optimized with the Yoast SEO plugin v27.0 - https:\/\/yoast.com\/product\/yoast-seo-wordpress\/ -->\n<title>CONTR\u00d4LE DE VITESSE D&#039;UN MOTEUR CC - De Lorenzo Training &amp; Didactical Equipment<\/title>\n<meta name=\"description\" content=\"Cette carte est con\u00e7ue pour illustrer les techniques de contr\u00f4le de la vitesse d\u2019un moteur \u00e0 courant continu, en boucle ouverte et en boucle ferm\u00e9e.\" \/>\n<meta name=\"robots\" content=\"index, follow, max-snippet:-1, max-image-preview:large, max-video-preview:-1\" \/>\n<link rel=\"canonical\" href=\"https:\/\/delorenzoglobal.com\/fr\/produit\/controle-de-vitesse-dun-moteur-cc\/\" \/>\n<meta property=\"og:locale\" content=\"fr_FR\" \/>\n<meta property=\"og:type\" content=\"article\" \/>\n<meta property=\"og:title\" content=\"CONTR\u00d4LE DE VITESSE D&#039;UN MOTEUR CC - De Lorenzo Training &amp; Didactical Equipment\" \/>\n<meta property=\"og:description\" content=\"Cette carte est con\u00e7ue pour illustrer les techniques de contr\u00f4le de la vitesse d\u2019un moteur \u00e0 courant continu, en boucle ouverte et en boucle ferm\u00e9e.\" \/>\n<meta property=\"og:url\" content=\"https:\/\/delorenzoglobal.com\/fr\/produit\/controle-de-vitesse-dun-moteur-cc\/\" \/>\n<meta property=\"og:site_name\" content=\"De Lorenzo Training &amp; Didactical Equipment\" \/>\n<meta property=\"article:modified_time\" content=\"2026-04-17T09:00:44+00:00\" \/>\n<meta property=\"og:image\" content=\"https:\/\/delorenzoglobal.com\/wp-content\/uploads\/2024\/04\/DL-2155RGM-scaled.jpg\" \/>\n\t<meta property=\"og:image:width\" content=\"2560\" \/>\n\t<meta property=\"og:image:height\" content=\"1327\" \/>\n\t<meta property=\"og:image:type\" content=\"image\/jpeg\" \/>\n<meta name=\"twitter:card\" content=\"summary_large_image\" \/>\n<meta name=\"twitter:label1\" content=\"Dur\u00e9e de lecture estim\u00e9e\" \/>\n\t<meta name=\"twitter:data1\" content=\"1 minute\" \/>\n<script type=\"application\/ld+json\" class=\"yoast-schema-graph\">{\"@context\":\"https:\/\/schema.org\",\"@graph\":[{\"@type\":\"WebPage\",\"@id\":\"https:\/\/delorenzoglobal.com\/fr\/produit\/controle-de-vitesse-dun-moteur-cc\/\",\"url\":\"https:\/\/delorenzoglobal.com\/fr\/produit\/controle-de-vitesse-dun-moteur-cc\/\",\"name\":\"CONTR\u00d4LE DE VITESSE D'UN MOTEUR CC - De Lorenzo Training &amp; Didactical Equipment\",\"isPartOf\":{\"@id\":\"https:\/\/delorenzoglobal.com\/fr\/#website\"},\"primaryImageOfPage\":{\"@id\":\"https:\/\/delorenzoglobal.com\/fr\/produit\/controle-de-vitesse-dun-moteur-cc\/#primaryimage\"},\"image\":{\"@id\":\"https:\/\/delorenzoglobal.com\/fr\/produit\/controle-de-vitesse-dun-moteur-cc\/#primaryimage\"},\"thumbnailUrl\":\"https:\/\/delorenzoglobal.com\/wp-content\/uploads\/2024\/04\/DL-2155RGM-scaled.jpg\",\"datePublished\":\"2024-04-09T13:52:04+00:00\",\"dateModified\":\"2026-04-17T09:00:44+00:00\",\"description\":\"Cette carte est con\u00e7ue pour illustrer les techniques de contr\u00f4le de la vitesse d\u2019un moteur \u00e0 courant continu, en boucle ouverte et en boucle ferm\u00e9e.\",\"breadcrumb\":{\"@id\":\"https:\/\/delorenzoglobal.com\/fr\/produit\/controle-de-vitesse-dun-moteur-cc\/#breadcrumb\"},\"inLanguage\":\"fr-FR\",\"potentialAction\":[{\"@type\":\"ReadAction\",\"target\":[\"https:\/\/delorenzoglobal.com\/fr\/produit\/controle-de-vitesse-dun-moteur-cc\/\"]}]},{\"@type\":\"ImageObject\",\"inLanguage\":\"fr-FR\",\"@id\":\"https:\/\/delorenzoglobal.com\/fr\/produit\/controle-de-vitesse-dun-moteur-cc\/#primaryimage\",\"url\":\"https:\/\/delorenzoglobal.com\/wp-content\/uploads\/2024\/04\/DL-2155RGM-scaled.jpg\",\"contentUrl\":\"https:\/\/delorenzoglobal.com\/wp-content\/uploads\/2024\/04\/DL-2155RGM-scaled.jpg\",\"width\":2560,\"height\":1327},{\"@type\":\"BreadcrumbList\",\"@id\":\"https:\/\/delorenzoglobal.com\/fr\/produit\/controle-de-vitesse-dun-moteur-cc\/#breadcrumb\",\"itemListElement\":[{\"@type\":\"ListItem\",\"position\":1,\"name\":\"Home\",\"item\":\"https:\/\/delorenzoglobal.com\/fr\/\"},{\"@type\":\"ListItem\",\"position\":2,\"name\":\"Boutique\",\"item\":\"https:\/\/delorenzoglobal.com\/fr\/boutique\/\"},{\"@type\":\"ListItem\",\"position\":3,\"name\":\"CONTR\u00d4LE DE VITESSE D&#8217;UN MOTEUR CC\"}]},{\"@type\":\"WebSite\",\"@id\":\"https:\/\/delorenzoglobal.com\/fr\/#website\",\"url\":\"https:\/\/delorenzoglobal.com\/fr\/\",\"name\":\"De Lorenzo Training &amp; Didactical Equipment\",\"description\":\"\",\"potentialAction\":[{\"@type\":\"SearchAction\",\"target\":{\"@type\":\"EntryPoint\",\"urlTemplate\":\"https:\/\/delorenzoglobal.com\/fr\/?s={search_term_string}\"},\"query-input\":{\"@type\":\"PropertyValueSpecification\",\"valueRequired\":true,\"valueName\":\"search_term_string\"}}],\"inLanguage\":\"fr-FR\"}]}<\/script>\n<!-- \/ Yoast SEO plugin. -->","yoast_head_json":{"title":"CONTR\u00d4LE DE VITESSE D'UN MOTEUR CC - De Lorenzo Training &amp; Didactical Equipment","description":"Cette carte est con\u00e7ue pour illustrer les techniques de contr\u00f4le de la vitesse d\u2019un moteur \u00e0 courant continu, en boucle ouverte et en boucle ferm\u00e9e.","robots":{"index":"index","follow":"follow","max-snippet":"max-snippet:-1","max-image-preview":"max-image-preview:large","max-video-preview":"max-video-preview:-1"},"canonical":"https:\/\/delorenzoglobal.com\/fr\/produit\/controle-de-vitesse-dun-moteur-cc\/","og_locale":"fr_FR","og_type":"article","og_title":"CONTR\u00d4LE DE VITESSE D'UN MOTEUR CC - De Lorenzo Training &amp; Didactical Equipment","og_description":"Cette carte est con\u00e7ue pour illustrer les techniques de contr\u00f4le de la vitesse d\u2019un moteur \u00e0 courant continu, en boucle ouverte et en boucle ferm\u00e9e.","og_url":"https:\/\/delorenzoglobal.com\/fr\/produit\/controle-de-vitesse-dun-moteur-cc\/","og_site_name":"De Lorenzo Training &amp; Didactical Equipment","article_modified_time":"2026-04-17T09:00:44+00:00","og_image":[{"width":2560,"height":1327,"url":"https:\/\/delorenzoglobal.com\/wp-content\/uploads\/2024\/04\/DL-2155RGM-scaled.jpg","type":"image\/jpeg"}],"twitter_card":"summary_large_image","twitter_misc":{"Dur\u00e9e de lecture estim\u00e9e":"1 minute"},"schema":{"@context":"https:\/\/schema.org","@graph":[{"@type":"WebPage","@id":"https:\/\/delorenzoglobal.com\/fr\/produit\/controle-de-vitesse-dun-moteur-cc\/","url":"https:\/\/delorenzoglobal.com\/fr\/produit\/controle-de-vitesse-dun-moteur-cc\/","name":"CONTR\u00d4LE DE VITESSE D'UN MOTEUR CC - De Lorenzo Training &amp; Didactical Equipment","isPartOf":{"@id":"https:\/\/delorenzoglobal.com\/fr\/#website"},"primaryImageOfPage":{"@id":"https:\/\/delorenzoglobal.com\/fr\/produit\/controle-de-vitesse-dun-moteur-cc\/#primaryimage"},"image":{"@id":"https:\/\/delorenzoglobal.com\/fr\/produit\/controle-de-vitesse-dun-moteur-cc\/#primaryimage"},"thumbnailUrl":"https:\/\/delorenzoglobal.com\/wp-content\/uploads\/2024\/04\/DL-2155RGM-scaled.jpg","datePublished":"2024-04-09T13:52:04+00:00","dateModified":"2026-04-17T09:00:44+00:00","description":"Cette carte est con\u00e7ue pour illustrer les techniques de contr\u00f4le de la vitesse d\u2019un moteur \u00e0 courant continu, en boucle ouverte et en boucle ferm\u00e9e.","breadcrumb":{"@id":"https:\/\/delorenzoglobal.com\/fr\/produit\/controle-de-vitesse-dun-moteur-cc\/#breadcrumb"},"inLanguage":"fr-FR","potentialAction":[{"@type":"ReadAction","target":["https:\/\/delorenzoglobal.com\/fr\/produit\/controle-de-vitesse-dun-moteur-cc\/"]}]},{"@type":"ImageObject","inLanguage":"fr-FR","@id":"https:\/\/delorenzoglobal.com\/fr\/produit\/controle-de-vitesse-dun-moteur-cc\/#primaryimage","url":"https:\/\/delorenzoglobal.com\/wp-content\/uploads\/2024\/04\/DL-2155RGM-scaled.jpg","contentUrl":"https:\/\/delorenzoglobal.com\/wp-content\/uploads\/2024\/04\/DL-2155RGM-scaled.jpg","width":2560,"height":1327},{"@type":"BreadcrumbList","@id":"https:\/\/delorenzoglobal.com\/fr\/produit\/controle-de-vitesse-dun-moteur-cc\/#breadcrumb","itemListElement":[{"@type":"ListItem","position":1,"name":"Home","item":"https:\/\/delorenzoglobal.com\/fr\/"},{"@type":"ListItem","position":2,"name":"Boutique","item":"https:\/\/delorenzoglobal.com\/fr\/boutique\/"},{"@type":"ListItem","position":3,"name":"CONTR\u00d4LE DE VITESSE D&#8217;UN MOTEUR CC"}]},{"@type":"WebSite","@id":"https:\/\/delorenzoglobal.com\/fr\/#website","url":"https:\/\/delorenzoglobal.com\/fr\/","name":"De Lorenzo Training &amp; Didactical Equipment","description":"","potentialAction":[{"@type":"SearchAction","target":{"@type":"EntryPoint","urlTemplate":"https:\/\/delorenzoglobal.com\/fr\/?s={search_term_string}"},"query-input":{"@type":"PropertyValueSpecification","valueRequired":true,"valueName":"search_term_string"}}],"inLanguage":"fr-FR"}]}},"_links":{"self":[{"href":"https:\/\/delorenzoglobal.com\/fr\/wp-json\/wp\/v2\/product\/2075","targetHints":{"allow":["GET"]}}],"collection":[{"href":"https:\/\/delorenzoglobal.com\/fr\/wp-json\/wp\/v2\/product"}],"about":[{"href":"https:\/\/delorenzoglobal.com\/fr\/wp-json\/wp\/v2\/types\/product"}],"wp:featuredmedia":[{"embeddable":true,"href":"https:\/\/delorenzoglobal.com\/fr\/wp-json\/wp\/v2\/media\/2063"}],"wp:attachment":[{"href":"https:\/\/delorenzoglobal.com\/fr\/wp-json\/wp\/v2\/media?parent=2075"}],"wp:term":[{"taxonomy":"product_brand","embeddable":true,"href":"https:\/\/delorenzoglobal.com\/fr\/wp-json\/wp\/v2\/product_brand?post=2075"},{"taxonomy":"product_cat","embeddable":true,"href":"https:\/\/delorenzoglobal.com\/fr\/wp-json\/wp\/v2\/product_cat?post=2075"},{"taxonomy":"product_tag","embeddable":true,"href":"https:\/\/delorenzoglobal.com\/fr\/wp-json\/wp\/v2\/product_tag?post=2075"}],"curies":[{"name":"wp","href":"https:\/\/api.w.org\/{rel}","templated":true}]}}