{"id":1976,"date":"2024-04-09T14:51:57","date_gmt":"2024-04-09T12:51:57","guid":{"rendered":"https:\/\/delorenzoglobal.com\/?post_type=product&#038;p=1976"},"modified":"2025-01-21T09:23:52","modified_gmt":"2025-01-21T08:23:52","slug":"base-de-developpement-avec-microcontroleur-ouvert","status":"publish","type":"product","link":"https:\/\/delorenzoglobal.com\/fr\/produit\/base-de-developpement-avec-microcontroleur-ouvert\/","title":{"rendered":"BASE DE DEVELOPPEMENT AVEC MICROCONTROLEUR OUVERT"},"content":{"rendered":"<p>Syst\u00e8me flexible et modulaire pour l&rsquo;\u00e9tude de l&rsquo;\u00e9lectronique, de la th\u00e9orie des circuits et de la programmation des microcontr\u00f4leurs.<\/p>\n<p>L&rsquo;utilisation de sous-cartes de notre gamme de produits BRS (Boards Reconfigurable System) permet de r\u00e9aliser des exp\u00e9riences pratiques simples mais d\u00e9taill\u00e9es dans le domaine de la th\u00e9orie des circuits de base, de l&rsquo;\u00e9lectronique, des circuits num\u00e9riques et des microcontr\u00f4leurs.<\/p>\n<p>La modularit\u00e9 de la base permet aux \u00e9tudiants de cr\u00e9er, d\u00e9velopper et valider leurs propres exp\u00e9riences et id\u00e9es et de cr\u00e9er leurs propres prototypes rapidement et en toute s\u00e9curit\u00e9 en utilisant le microcontr\u00f4leur open source Arduino.<\/p>\n<p>Le syst\u00e8me est compatible avec les appareils Windows et peut \u00eatre connect\u00e9 \u00e0 une tablette ou un PC via le port USB.<\/p>\n","protected":false},"excerpt":{"rendered":"<p>Syst\u00e8me flexible et modulaire pour l&rsquo;\u00e9tude de l&rsquo;\u00e9lectronique, de la th\u00e9orie des circuits et de la programmation des microcontr\u00f4leurs. L&rsquo;utilisation de sous-cartes de notre gamme de produits BRS (Boards Reconfigurable System) permet de r\u00e9aliser des exp\u00e9riences pratiques simples mais d\u00e9taill\u00e9es dans le domaine de la th\u00e9orie des circuits de base, de l&rsquo;\u00e9lectronique, des circuits num\u00e9riques [&hellip;]<\/p>\n","protected":false},"featured_media":1950,"template":"","meta":{"_acf_changed":false},"product_brand":[],"product_cat":[208],"product_tag":[],"class_list":{"0":"post-1976","1":"product","2":"type-product","3":"status-publish","4":"has-post-thumbnail","6":"product_cat-kits-de-cartes-brs","8":"first","9":"instock","10":"shipping-taxable","11":"product-type-simple"},"acf":[],"yoast_head":"<!-- This site is optimized with the Yoast SEO plugin v27.0 - https:\/\/yoast.com\/product\/yoast-seo-wordpress\/ -->\n<title>BASE DE DEVELOPPEMENT AVEC MICROCONTROLEUR OUVERT - De Lorenzo Training &amp; Didactical Equipment<\/title>\n<meta name=\"robots\" content=\"index, follow, max-snippet:-1, max-image-preview:large, max-video-preview:-1\" \/>\n<link rel=\"canonical\" href=\"https:\/\/delorenzoglobal.com\/fr\/produit\/base-de-developpement-avec-microcontroleur-ouvert\/\" \/>\n<meta property=\"og:locale\" content=\"fr_FR\" \/>\n<meta property=\"og:type\" content=\"article\" \/>\n<meta property=\"og:title\" content=\"BASE DE DEVELOPPEMENT AVEC MICROCONTROLEUR OUVERT - De Lorenzo Training &amp; Didactical Equipment\" \/>\n<meta property=\"og:description\" content=\"Syst\u00e8me flexible et modulaire pour l&rsquo;\u00e9tude de l&rsquo;\u00e9lectronique, de la th\u00e9orie des circuits et de la programmation des microcontr\u00f4leurs. L&rsquo;utilisation de sous-cartes de notre gamme de produits BRS (Boards Reconfigurable System) permet de r\u00e9aliser des exp\u00e9riences pratiques simples mais d\u00e9taill\u00e9es dans le domaine de la th\u00e9orie des circuits de base, de l&rsquo;\u00e9lectronique, des circuits num\u00e9riques [&hellip;]\" \/>\n<meta property=\"og:url\" content=\"https:\/\/delorenzoglobal.com\/fr\/produit\/base-de-developpement-avec-microcontroleur-ouvert\/\" \/>\n<meta property=\"og:site_name\" content=\"De Lorenzo Training &amp; Didactical Equipment\" \/>\n<meta property=\"article:modified_time\" content=\"2025-01-21T08:23:52+00:00\" \/>\n<meta property=\"og:image\" content=\"https:\/\/delorenzoglobal.com\/wp-content\/uploads\/2024\/04\/DL-OMCT.png\" \/>\n\t<meta property=\"og:image:width\" content=\"489\" \/>\n\t<meta property=\"og:image:height\" content=\"504\" \/>\n\t<meta property=\"og:image:type\" content=\"image\/png\" \/>\n<meta name=\"twitter:card\" content=\"summary_large_image\" \/>\n<meta name=\"twitter:label1\" content=\"Dur\u00e9e de lecture estim\u00e9e\" \/>\n\t<meta name=\"twitter:data1\" content=\"1 minute\" \/>\n<script type=\"application\/ld+json\" class=\"yoast-schema-graph\">{\"@context\":\"https:\/\/schema.org\",\"@graph\":[{\"@type\":\"WebPage\",\"@id\":\"https:\/\/delorenzoglobal.com\/fr\/produit\/base-de-developpement-avec-microcontroleur-ouvert\/\",\"url\":\"https:\/\/delorenzoglobal.com\/fr\/produit\/base-de-developpement-avec-microcontroleur-ouvert\/\",\"name\":\"BASE DE DEVELOPPEMENT AVEC MICROCONTROLEUR OUVERT - De Lorenzo Training &amp; Didactical Equipment\",\"isPartOf\":{\"@id\":\"https:\/\/delorenzoglobal.com\/fr\/#website\"},\"primaryImageOfPage\":{\"@id\":\"https:\/\/delorenzoglobal.com\/fr\/produit\/base-de-developpement-avec-microcontroleur-ouvert\/#primaryimage\"},\"image\":{\"@id\":\"https:\/\/delorenzoglobal.com\/fr\/produit\/base-de-developpement-avec-microcontroleur-ouvert\/#primaryimage\"},\"thumbnailUrl\":\"https:\/\/delorenzoglobal.com\/wp-content\/uploads\/2024\/04\/DL-OMCT.png\",\"datePublished\":\"2024-04-09T12:51:57+00:00\",\"dateModified\":\"2025-01-21T08:23:52+00:00\",\"breadcrumb\":{\"@id\":\"https:\/\/delorenzoglobal.com\/fr\/produit\/base-de-developpement-avec-microcontroleur-ouvert\/#breadcrumb\"},\"inLanguage\":\"fr-FR\",\"potentialAction\":[{\"@type\":\"ReadAction\",\"target\":[\"https:\/\/delorenzoglobal.com\/fr\/produit\/base-de-developpement-avec-microcontroleur-ouvert\/\"]}]},{\"@type\":\"ImageObject\",\"inLanguage\":\"fr-FR\",\"@id\":\"https:\/\/delorenzoglobal.com\/fr\/produit\/base-de-developpement-avec-microcontroleur-ouvert\/#primaryimage\",\"url\":\"https:\/\/delorenzoglobal.com\/wp-content\/uploads\/2024\/04\/DL-OMCT.png\",\"contentUrl\":\"https:\/\/delorenzoglobal.com\/wp-content\/uploads\/2024\/04\/DL-OMCT.png\",\"width\":489,\"height\":504},{\"@type\":\"BreadcrumbList\",\"@id\":\"https:\/\/delorenzoglobal.com\/fr\/produit\/base-de-developpement-avec-microcontroleur-ouvert\/#breadcrumb\",\"itemListElement\":[{\"@type\":\"ListItem\",\"position\":1,\"name\":\"Home\",\"item\":\"https:\/\/delorenzoglobal.com\/fr\/\"},{\"@type\":\"ListItem\",\"position\":2,\"name\":\"Boutique\",\"item\":\"https:\/\/delorenzoglobal.com\/fr\/boutique\/\"},{\"@type\":\"ListItem\",\"position\":3,\"name\":\"BASE DE DEVELOPPEMENT AVEC MICROCONTROLEUR OUVERT\"}]},{\"@type\":\"WebSite\",\"@id\":\"https:\/\/delorenzoglobal.com\/fr\/#website\",\"url\":\"https:\/\/delorenzoglobal.com\/fr\/\",\"name\":\"De Lorenzo Training &amp; Didactical Equipment\",\"description\":\"\",\"potentialAction\":[{\"@type\":\"SearchAction\",\"target\":{\"@type\":\"EntryPoint\",\"urlTemplate\":\"https:\/\/delorenzoglobal.com\/fr\/?s={search_term_string}\"},\"query-input\":{\"@type\":\"PropertyValueSpecification\",\"valueRequired\":true,\"valueName\":\"search_term_string\"}}],\"inLanguage\":\"fr-FR\"}]}<\/script>\n<!-- \/ Yoast SEO plugin. -->","yoast_head_json":{"title":"BASE DE DEVELOPPEMENT AVEC MICROCONTROLEUR OUVERT - De Lorenzo Training &amp; Didactical Equipment","robots":{"index":"index","follow":"follow","max-snippet":"max-snippet:-1","max-image-preview":"max-image-preview:large","max-video-preview":"max-video-preview:-1"},"canonical":"https:\/\/delorenzoglobal.com\/fr\/produit\/base-de-developpement-avec-microcontroleur-ouvert\/","og_locale":"fr_FR","og_type":"article","og_title":"BASE DE DEVELOPPEMENT AVEC MICROCONTROLEUR OUVERT - De Lorenzo Training &amp; Didactical Equipment","og_description":"Syst\u00e8me flexible et modulaire pour l&rsquo;\u00e9tude de l&rsquo;\u00e9lectronique, de la th\u00e9orie des circuits et de la programmation des microcontr\u00f4leurs. L&rsquo;utilisation de sous-cartes de notre gamme de produits BRS (Boards Reconfigurable System) permet de r\u00e9aliser des exp\u00e9riences pratiques simples mais d\u00e9taill\u00e9es dans le domaine de la th\u00e9orie des circuits de base, de l&rsquo;\u00e9lectronique, des circuits num\u00e9riques [&hellip;]","og_url":"https:\/\/delorenzoglobal.com\/fr\/produit\/base-de-developpement-avec-microcontroleur-ouvert\/","og_site_name":"De Lorenzo Training &amp; Didactical Equipment","article_modified_time":"2025-01-21T08:23:52+00:00","og_image":[{"width":489,"height":504,"url":"https:\/\/delorenzoglobal.com\/wp-content\/uploads\/2024\/04\/DL-OMCT.png","type":"image\/png"}],"twitter_card":"summary_large_image","twitter_misc":{"Dur\u00e9e de lecture estim\u00e9e":"1 minute"},"schema":{"@context":"https:\/\/schema.org","@graph":[{"@type":"WebPage","@id":"https:\/\/delorenzoglobal.com\/fr\/produit\/base-de-developpement-avec-microcontroleur-ouvert\/","url":"https:\/\/delorenzoglobal.com\/fr\/produit\/base-de-developpement-avec-microcontroleur-ouvert\/","name":"BASE DE DEVELOPPEMENT AVEC MICROCONTROLEUR OUVERT - De Lorenzo Training &amp; Didactical Equipment","isPartOf":{"@id":"https:\/\/delorenzoglobal.com\/fr\/#website"},"primaryImageOfPage":{"@id":"https:\/\/delorenzoglobal.com\/fr\/produit\/base-de-developpement-avec-microcontroleur-ouvert\/#primaryimage"},"image":{"@id":"https:\/\/delorenzoglobal.com\/fr\/produit\/base-de-developpement-avec-microcontroleur-ouvert\/#primaryimage"},"thumbnailUrl":"https:\/\/delorenzoglobal.com\/wp-content\/uploads\/2024\/04\/DL-OMCT.png","datePublished":"2024-04-09T12:51:57+00:00","dateModified":"2025-01-21T08:23:52+00:00","breadcrumb":{"@id":"https:\/\/delorenzoglobal.com\/fr\/produit\/base-de-developpement-avec-microcontroleur-ouvert\/#breadcrumb"},"inLanguage":"fr-FR","potentialAction":[{"@type":"ReadAction","target":["https:\/\/delorenzoglobal.com\/fr\/produit\/base-de-developpement-avec-microcontroleur-ouvert\/"]}]},{"@type":"ImageObject","inLanguage":"fr-FR","@id":"https:\/\/delorenzoglobal.com\/fr\/produit\/base-de-developpement-avec-microcontroleur-ouvert\/#primaryimage","url":"https:\/\/delorenzoglobal.com\/wp-content\/uploads\/2024\/04\/DL-OMCT.png","contentUrl":"https:\/\/delorenzoglobal.com\/wp-content\/uploads\/2024\/04\/DL-OMCT.png","width":489,"height":504},{"@type":"BreadcrumbList","@id":"https:\/\/delorenzoglobal.com\/fr\/produit\/base-de-developpement-avec-microcontroleur-ouvert\/#breadcrumb","itemListElement":[{"@type":"ListItem","position":1,"name":"Home","item":"https:\/\/delorenzoglobal.com\/fr\/"},{"@type":"ListItem","position":2,"name":"Boutique","item":"https:\/\/delorenzoglobal.com\/fr\/boutique\/"},{"@type":"ListItem","position":3,"name":"BASE DE DEVELOPPEMENT AVEC MICROCONTROLEUR OUVERT"}]},{"@type":"WebSite","@id":"https:\/\/delorenzoglobal.com\/fr\/#website","url":"https:\/\/delorenzoglobal.com\/fr\/","name":"De Lorenzo Training &amp; Didactical Equipment","description":"","potentialAction":[{"@type":"SearchAction","target":{"@type":"EntryPoint","urlTemplate":"https:\/\/delorenzoglobal.com\/fr\/?s={search_term_string}"},"query-input":{"@type":"PropertyValueSpecification","valueRequired":true,"valueName":"search_term_string"}}],"inLanguage":"fr-FR"}]}},"_links":{"self":[{"href":"https:\/\/delorenzoglobal.com\/fr\/wp-json\/wp\/v2\/product\/1976","targetHints":{"allow":["GET"]}}],"collection":[{"href":"https:\/\/delorenzoglobal.com\/fr\/wp-json\/wp\/v2\/product"}],"about":[{"href":"https:\/\/delorenzoglobal.com\/fr\/wp-json\/wp\/v2\/types\/product"}],"wp:featuredmedia":[{"embeddable":true,"href":"https:\/\/delorenzoglobal.com\/fr\/wp-json\/wp\/v2\/media\/1950"}],"wp:attachment":[{"href":"https:\/\/delorenzoglobal.com\/fr\/wp-json\/wp\/v2\/media?parent=1976"}],"wp:term":[{"taxonomy":"product_brand","embeddable":true,"href":"https:\/\/delorenzoglobal.com\/fr\/wp-json\/wp\/v2\/product_brand?post=1976"},{"taxonomy":"product_cat","embeddable":true,"href":"https:\/\/delorenzoglobal.com\/fr\/wp-json\/wp\/v2\/product_cat?post=1976"},{"taxonomy":"product_tag","embeddable":true,"href":"https:\/\/delorenzoglobal.com\/fr\/wp-json\/wp\/v2\/product_tag?post=1976"}],"curies":[{"name":"wp","href":"https:\/\/api.w.org\/{rel}","templated":true}]}}