{"id":1962,"date":"2024-04-09T14:50:56","date_gmt":"2024-04-09T12:50:56","guid":{"rendered":"https:\/\/delorenzoglobal.com\/?post_type=product&#038;p=1962"},"modified":"2026-04-16T14:09:02","modified_gmt":"2026-04-16T12:09:02","slug":"demonstratur-capteurs-et-transducteurs","status":"publish","type":"product","link":"https:\/\/delorenzoglobal.com\/fr\/produit\/demonstratur-capteurs-et-transducteurs\/","title":{"rendered":"DEMONSTRATEUR CAPTEURS ET TRANSDUCTEURS"},"content":{"rendered":"<p>Ce d\u00e9monstrateur de capteurs et transducteurs est con\u00e7u pour enseigner les principes de fonctionnement des capteurs \/ transducteurs les plus importants.<\/p>\n<p>Il est divis\u00e9 en deux sections: dans la section inf\u00e9rieure, il y a tous les transducteurs d&rsquo;entr\u00e9e et de sortie, tandis que dans la partie sup\u00e9rieure, il y a tous les syst\u00e8mes de conditionnement du signal ainsi que l&rsquo;instrumentation.<\/p>\n","protected":false},"excerpt":{"rendered":"<p>Ce d\u00e9monstrateur de capteurs et transducteurs est con\u00e7u pour enseigner les principes de fonctionnement des capteurs \/ transducteurs les plus importants. Il est divis\u00e9 en deux sections: dans la section inf\u00e9rieure, il y a tous les transducteurs d&rsquo;entr\u00e9e et de sortie, tandis que dans la partie sup\u00e9rieure, il y a tous les syst\u00e8mes de conditionnement [&hellip;]<\/p>\n","protected":false},"featured_media":1940,"template":"","meta":{"_acf_changed":false},"product_brand":[],"product_cat":[183],"product_tag":[],"class_list":{"0":"post-1962","1":"product","2":"type-product","3":"status-publish","4":"has-post-thumbnail","6":"product_cat-controle-de-processus","8":"first","9":"instock","10":"shipping-taxable","11":"product-type-simple"},"acf":[],"yoast_head":"<!-- This site is optimized with the Yoast SEO plugin v27.0 - https:\/\/yoast.com\/product\/yoast-seo-wordpress\/ -->\n<title>DEMONSTRATEUR CAPTEURS ET TRANSDUCTEURS - De Lorenzo Training &amp; Didactical Equipment<\/title>\n<meta name=\"description\" content=\"D\u00e9monstrateur p\u00e9dagogique con\u00e7u pour l\u2019\u00e9tude des capteurs et transducteurs, avec dispositifs d\u2019entr\u00e9e et de sortie, syst\u00e8mes de conditionnement du signal et instrumentation int\u00e9gr\u00e9e.\" \/>\n<meta name=\"robots\" content=\"index, follow, max-snippet:-1, max-image-preview:large, max-video-preview:-1\" \/>\n<link rel=\"canonical\" href=\"https:\/\/delorenzoglobal.com\/fr\/produit\/demonstratur-capteurs-et-transducteurs\/\" \/>\n<meta property=\"og:locale\" content=\"fr_FR\" \/>\n<meta property=\"og:type\" content=\"article\" \/>\n<meta property=\"og:title\" content=\"DEMONSTRATEUR CAPTEURS ET TRANSDUCTEURS - De Lorenzo Training &amp; Didactical Equipment\" \/>\n<meta property=\"og:description\" content=\"D\u00e9monstrateur p\u00e9dagogique con\u00e7u pour l\u2019\u00e9tude des capteurs et transducteurs, avec dispositifs d\u2019entr\u00e9e et de sortie, syst\u00e8mes de conditionnement du signal et instrumentation int\u00e9gr\u00e9e.\" \/>\n<meta property=\"og:url\" content=\"https:\/\/delorenzoglobal.com\/fr\/produit\/demonstratur-capteurs-et-transducteurs\/\" \/>\n<meta property=\"og:site_name\" content=\"De Lorenzo Training &amp; Didactical Equipment\" \/>\n<meta property=\"article:modified_time\" content=\"2026-04-16T12:09:02+00:00\" \/>\n<meta property=\"og:image\" content=\"https:\/\/delorenzoglobal.com\/wp-content\/uploads\/2024\/04\/DL-2312HG-scaled.jpg\" \/>\n\t<meta property=\"og:image:width\" content=\"2418\" \/>\n\t<meta property=\"og:image:height\" content=\"2560\" \/>\n\t<meta property=\"og:image:type\" content=\"image\/jpeg\" \/>\n<meta name=\"twitter:card\" content=\"summary_large_image\" \/>\n<meta name=\"twitter:label1\" content=\"Dur\u00e9e de lecture estim\u00e9e\" \/>\n\t<meta name=\"twitter:data1\" content=\"1 minute\" \/>\n<script type=\"application\/ld+json\" class=\"yoast-schema-graph\">{\"@context\":\"https:\/\/schema.org\",\"@graph\":[{\"@type\":\"WebPage\",\"@id\":\"https:\/\/delorenzoglobal.com\/fr\/produit\/demonstratur-capteurs-et-transducteurs\/\",\"url\":\"https:\/\/delorenzoglobal.com\/fr\/produit\/demonstratur-capteurs-et-transducteurs\/\",\"name\":\"DEMONSTRATEUR CAPTEURS ET TRANSDUCTEURS - De Lorenzo Training &amp; Didactical Equipment\",\"isPartOf\":{\"@id\":\"https:\/\/delorenzoglobal.com\/fr\/#website\"},\"primaryImageOfPage\":{\"@id\":\"https:\/\/delorenzoglobal.com\/fr\/produit\/demonstratur-capteurs-et-transducteurs\/#primaryimage\"},\"image\":{\"@id\":\"https:\/\/delorenzoglobal.com\/fr\/produit\/demonstratur-capteurs-et-transducteurs\/#primaryimage\"},\"thumbnailUrl\":\"https:\/\/delorenzoglobal.com\/wp-content\/uploads\/2024\/04\/DL-2312HG-scaled.jpg\",\"datePublished\":\"2024-04-09T12:50:56+00:00\",\"dateModified\":\"2026-04-16T12:09:02+00:00\",\"description\":\"D\u00e9monstrateur p\u00e9dagogique con\u00e7u pour l\u2019\u00e9tude des capteurs et transducteurs, avec dispositifs d\u2019entr\u00e9e et de sortie, syst\u00e8mes de conditionnement du signal et instrumentation int\u00e9gr\u00e9e.\",\"breadcrumb\":{\"@id\":\"https:\/\/delorenzoglobal.com\/fr\/produit\/demonstratur-capteurs-et-transducteurs\/#breadcrumb\"},\"inLanguage\":\"fr-FR\",\"potentialAction\":[{\"@type\":\"ReadAction\",\"target\":[\"https:\/\/delorenzoglobal.com\/fr\/produit\/demonstratur-capteurs-et-transducteurs\/\"]}]},{\"@type\":\"ImageObject\",\"inLanguage\":\"fr-FR\",\"@id\":\"https:\/\/delorenzoglobal.com\/fr\/produit\/demonstratur-capteurs-et-transducteurs\/#primaryimage\",\"url\":\"https:\/\/delorenzoglobal.com\/wp-content\/uploads\/2024\/04\/DL-2312HG-scaled.jpg\",\"contentUrl\":\"https:\/\/delorenzoglobal.com\/wp-content\/uploads\/2024\/04\/DL-2312HG-scaled.jpg\",\"width\":2418,\"height\":2560},{\"@type\":\"BreadcrumbList\",\"@id\":\"https:\/\/delorenzoglobal.com\/fr\/produit\/demonstratur-capteurs-et-transducteurs\/#breadcrumb\",\"itemListElement\":[{\"@type\":\"ListItem\",\"position\":1,\"name\":\"Home\",\"item\":\"https:\/\/delorenzoglobal.com\/fr\/\"},{\"@type\":\"ListItem\",\"position\":2,\"name\":\"Boutique\",\"item\":\"https:\/\/delorenzoglobal.com\/fr\/boutique\/\"},{\"@type\":\"ListItem\",\"position\":3,\"name\":\"DEMONSTRATEUR CAPTEURS ET TRANSDUCTEURS\"}]},{\"@type\":\"WebSite\",\"@id\":\"https:\/\/delorenzoglobal.com\/fr\/#website\",\"url\":\"https:\/\/delorenzoglobal.com\/fr\/\",\"name\":\"De Lorenzo Training &amp; Didactical Equipment\",\"description\":\"\",\"potentialAction\":[{\"@type\":\"SearchAction\",\"target\":{\"@type\":\"EntryPoint\",\"urlTemplate\":\"https:\/\/delorenzoglobal.com\/fr\/?s={search_term_string}\"},\"query-input\":{\"@type\":\"PropertyValueSpecification\",\"valueRequired\":true,\"valueName\":\"search_term_string\"}}],\"inLanguage\":\"fr-FR\"}]}<\/script>\n<!-- \/ Yoast SEO plugin. -->","yoast_head_json":{"title":"DEMONSTRATEUR CAPTEURS ET TRANSDUCTEURS - De Lorenzo Training &amp; Didactical Equipment","description":"D\u00e9monstrateur p\u00e9dagogique con\u00e7u pour l\u2019\u00e9tude des capteurs et transducteurs, avec dispositifs d\u2019entr\u00e9e et de sortie, syst\u00e8mes de conditionnement du signal et instrumentation int\u00e9gr\u00e9e.","robots":{"index":"index","follow":"follow","max-snippet":"max-snippet:-1","max-image-preview":"max-image-preview:large","max-video-preview":"max-video-preview:-1"},"canonical":"https:\/\/delorenzoglobal.com\/fr\/produit\/demonstratur-capteurs-et-transducteurs\/","og_locale":"fr_FR","og_type":"article","og_title":"DEMONSTRATEUR CAPTEURS ET TRANSDUCTEURS - De Lorenzo Training &amp; Didactical Equipment","og_description":"D\u00e9monstrateur p\u00e9dagogique con\u00e7u pour l\u2019\u00e9tude des capteurs et transducteurs, avec dispositifs d\u2019entr\u00e9e et de sortie, syst\u00e8mes de conditionnement du signal et instrumentation int\u00e9gr\u00e9e.","og_url":"https:\/\/delorenzoglobal.com\/fr\/produit\/demonstratur-capteurs-et-transducteurs\/","og_site_name":"De Lorenzo Training &amp; Didactical Equipment","article_modified_time":"2026-04-16T12:09:02+00:00","og_image":[{"width":2418,"height":2560,"url":"https:\/\/delorenzoglobal.com\/wp-content\/uploads\/2024\/04\/DL-2312HG-scaled.jpg","type":"image\/jpeg"}],"twitter_card":"summary_large_image","twitter_misc":{"Dur\u00e9e de lecture estim\u00e9e":"1 minute"},"schema":{"@context":"https:\/\/schema.org","@graph":[{"@type":"WebPage","@id":"https:\/\/delorenzoglobal.com\/fr\/produit\/demonstratur-capteurs-et-transducteurs\/","url":"https:\/\/delorenzoglobal.com\/fr\/produit\/demonstratur-capteurs-et-transducteurs\/","name":"DEMONSTRATEUR CAPTEURS ET TRANSDUCTEURS - De Lorenzo Training &amp; Didactical Equipment","isPartOf":{"@id":"https:\/\/delorenzoglobal.com\/fr\/#website"},"primaryImageOfPage":{"@id":"https:\/\/delorenzoglobal.com\/fr\/produit\/demonstratur-capteurs-et-transducteurs\/#primaryimage"},"image":{"@id":"https:\/\/delorenzoglobal.com\/fr\/produit\/demonstratur-capteurs-et-transducteurs\/#primaryimage"},"thumbnailUrl":"https:\/\/delorenzoglobal.com\/wp-content\/uploads\/2024\/04\/DL-2312HG-scaled.jpg","datePublished":"2024-04-09T12:50:56+00:00","dateModified":"2026-04-16T12:09:02+00:00","description":"D\u00e9monstrateur p\u00e9dagogique con\u00e7u pour l\u2019\u00e9tude des capteurs et transducteurs, avec dispositifs d\u2019entr\u00e9e et de sortie, syst\u00e8mes de conditionnement du signal et instrumentation int\u00e9gr\u00e9e.","breadcrumb":{"@id":"https:\/\/delorenzoglobal.com\/fr\/produit\/demonstratur-capteurs-et-transducteurs\/#breadcrumb"},"inLanguage":"fr-FR","potentialAction":[{"@type":"ReadAction","target":["https:\/\/delorenzoglobal.com\/fr\/produit\/demonstratur-capteurs-et-transducteurs\/"]}]},{"@type":"ImageObject","inLanguage":"fr-FR","@id":"https:\/\/delorenzoglobal.com\/fr\/produit\/demonstratur-capteurs-et-transducteurs\/#primaryimage","url":"https:\/\/delorenzoglobal.com\/wp-content\/uploads\/2024\/04\/DL-2312HG-scaled.jpg","contentUrl":"https:\/\/delorenzoglobal.com\/wp-content\/uploads\/2024\/04\/DL-2312HG-scaled.jpg","width":2418,"height":2560},{"@type":"BreadcrumbList","@id":"https:\/\/delorenzoglobal.com\/fr\/produit\/demonstratur-capteurs-et-transducteurs\/#breadcrumb","itemListElement":[{"@type":"ListItem","position":1,"name":"Home","item":"https:\/\/delorenzoglobal.com\/fr\/"},{"@type":"ListItem","position":2,"name":"Boutique","item":"https:\/\/delorenzoglobal.com\/fr\/boutique\/"},{"@type":"ListItem","position":3,"name":"DEMONSTRATEUR CAPTEURS ET TRANSDUCTEURS"}]},{"@type":"WebSite","@id":"https:\/\/delorenzoglobal.com\/fr\/#website","url":"https:\/\/delorenzoglobal.com\/fr\/","name":"De Lorenzo Training &amp; Didactical Equipment","description":"","potentialAction":[{"@type":"SearchAction","target":{"@type":"EntryPoint","urlTemplate":"https:\/\/delorenzoglobal.com\/fr\/?s={search_term_string}"},"query-input":{"@type":"PropertyValueSpecification","valueRequired":true,"valueName":"search_term_string"}}],"inLanguage":"fr-FR"}]}},"_links":{"self":[{"href":"https:\/\/delorenzoglobal.com\/fr\/wp-json\/wp\/v2\/product\/1962","targetHints":{"allow":["GET"]}}],"collection":[{"href":"https:\/\/delorenzoglobal.com\/fr\/wp-json\/wp\/v2\/product"}],"about":[{"href":"https:\/\/delorenzoglobal.com\/fr\/wp-json\/wp\/v2\/types\/product"}],"wp:featuredmedia":[{"embeddable":true,"href":"https:\/\/delorenzoglobal.com\/fr\/wp-json\/wp\/v2\/media\/1940"}],"wp:attachment":[{"href":"https:\/\/delorenzoglobal.com\/fr\/wp-json\/wp\/v2\/media?parent=1962"}],"wp:term":[{"taxonomy":"product_brand","embeddable":true,"href":"https:\/\/delorenzoglobal.com\/fr\/wp-json\/wp\/v2\/product_brand?post=1962"},{"taxonomy":"product_cat","embeddable":true,"href":"https:\/\/delorenzoglobal.com\/fr\/wp-json\/wp\/v2\/product_cat?post=1962"},{"taxonomy":"product_tag","embeddable":true,"href":"https:\/\/delorenzoglobal.com\/fr\/wp-json\/wp\/v2\/product_tag?post=1962"}],"curies":[{"name":"wp","href":"https:\/\/api.w.org\/{rel}","templated":true}]}}