{"id":1776,"date":"2024-04-09T14:07:06","date_gmt":"2024-04-09T12:07:06","guid":{"rendered":"https:\/\/delorenzoglobal.com\/?post_type=product&#038;p=1776"},"modified":"2025-04-28T08:55:01","modified_gmt":"2025-04-28T06:55:01","slug":"demontrateur-pour-letude-des-systemes-de-commande-dun-bras-robotique-a-5-axes","status":"publish","type":"product","link":"https:\/\/delorenzoglobal.com\/fr\/produit\/demontrateur-pour-letude-des-systemes-de-commande-dun-bras-robotique-a-5-axes\/","title":{"rendered":"DEMONTRATEUR POUR L&rsquo;ETUDE DES SYSTEMES DE COMMANDE D&rsquo;UN BRAS ROBOTIQUE A 5 AXES"},"content":{"rendered":"<p>La conception et la construction de circuits \u00e9lectroniques pour r\u00e9soudre des probl\u00e8mes pratiques est une technique essentielle dans les domaines de l&rsquo;ing\u00e9nierie \u00e9lectronique et de l&rsquo;ing\u00e9nierie informatique.<\/p>\n<p>Avec ce syst\u00e8me de cartes, les \u00e9tudiants peuvent en apprendre davantage sur les propri\u00e9t\u00e9s d&rsquo;un bras robotique \u00e0 5 axes utilis\u00e9 dans des environnements industriels.<\/p>\n<p>Des capteurs et des actionneurs sont inclus pour d\u00e9velopper un cours complet sur les syst\u00e8mes de contr\u00f4le des robots.<\/p>\n<p>L&rsquo;\u00e9tudiant sera en mesure d&rsquo;interagir avec le mat\u00e9riel de mani\u00e8re simple et intuitive via un logiciel d\u2019EAO (Enseignement Assist\u00e9 par Ordinateur) qui explique \u00e9tape par \u00e9tape le fonctionnement du syst\u00e8me.<\/p>\n","protected":false},"excerpt":{"rendered":"<p>La conception et la construction de circuits \u00e9lectroniques pour r\u00e9soudre des probl\u00e8mes pratiques est une technique essentielle dans les domaines de l&rsquo;ing\u00e9nierie \u00e9lectronique et de l&rsquo;ing\u00e9nierie informatique. Avec ce syst\u00e8me de cartes, les \u00e9tudiants peuvent en apprendre davantage sur les propri\u00e9t\u00e9s d&rsquo;un bras robotique \u00e0 5 axes utilis\u00e9 dans des environnements industriels. Des capteurs et [&hellip;]<\/p>\n","protected":false},"featured_media":1764,"template":"","meta":{"_acf_changed":false},"product_brand":[],"product_cat":[186],"product_tag":[],"class_list":{"0":"post-1776","1":"product","2":"type-product","3":"status-publish","4":"has-post-thumbnail","6":"product_cat-systemes-de-controle-dun-bras-robotique","8":"first","9":"instock","10":"shipping-taxable","11":"product-type-simple"},"acf":[],"yoast_head":"<!-- This site is optimized with the Yoast SEO plugin v27.0 - https:\/\/yoast.com\/product\/yoast-seo-wordpress\/ -->\n<title>DEMONTRATEUR POUR L&#039;ETUDE DES SYSTEMES DE COMMANDE D&#039;UN BRAS ROBOTIQUE A 5 AXES - De Lorenzo Training &amp; Didactical Equipment<\/title>\n<meta name=\"robots\" content=\"index, follow, max-snippet:-1, max-image-preview:large, max-video-preview:-1\" \/>\n<link rel=\"canonical\" href=\"https:\/\/delorenzoglobal.com\/fr\/produit\/demontrateur-pour-letude-des-systemes-de-commande-dun-bras-robotique-a-5-axes\/\" \/>\n<meta property=\"og:locale\" content=\"fr_FR\" \/>\n<meta property=\"og:type\" content=\"article\" \/>\n<meta property=\"og:title\" content=\"DEMONTRATEUR POUR L&#039;ETUDE DES SYSTEMES DE COMMANDE D&#039;UN BRAS ROBOTIQUE A 5 AXES - De Lorenzo Training &amp; Didactical Equipment\" \/>\n<meta property=\"og:description\" content=\"La conception et la construction de circuits \u00e9lectroniques pour r\u00e9soudre des probl\u00e8mes pratiques est une technique essentielle dans les domaines de l&rsquo;ing\u00e9nierie \u00e9lectronique et de l&rsquo;ing\u00e9nierie informatique. Avec ce syst\u00e8me de cartes, les \u00e9tudiants peuvent en apprendre davantage sur les propri\u00e9t\u00e9s d&rsquo;un bras robotique \u00e0 5 axes utilis\u00e9 dans des environnements industriels. Des capteurs et [&hellip;]\" \/>\n<meta property=\"og:url\" content=\"https:\/\/delorenzoglobal.com\/fr\/produit\/demontrateur-pour-letude-des-systemes-de-commande-dun-bras-robotique-a-5-axes\/\" \/>\n<meta property=\"og:site_name\" content=\"De Lorenzo Training &amp; Didactical Equipment\" \/>\n<meta property=\"article:modified_time\" content=\"2025-04-28T06:55:01+00:00\" \/>\n<meta property=\"og:image\" content=\"https:\/\/delorenzoglobal.com\/wp-content\/uploads\/2024\/04\/DL-ROBSIM-scaled.jpg\" \/>\n\t<meta property=\"og:image:width\" content=\"2560\" \/>\n\t<meta property=\"og:image:height\" content=\"1851\" \/>\n\t<meta property=\"og:image:type\" content=\"image\/jpeg\" \/>\n<meta name=\"twitter:card\" content=\"summary_large_image\" \/>\n<meta name=\"twitter:label1\" content=\"Dur\u00e9e de lecture estim\u00e9e\" \/>\n\t<meta name=\"twitter:data1\" content=\"1 minute\" \/>\n<script type=\"application\/ld+json\" class=\"yoast-schema-graph\">{\"@context\":\"https:\/\/schema.org\",\"@graph\":[{\"@type\":\"WebPage\",\"@id\":\"https:\/\/delorenzoglobal.com\/fr\/produit\/demontrateur-pour-letude-des-systemes-de-commande-dun-bras-robotique-a-5-axes\/\",\"url\":\"https:\/\/delorenzoglobal.com\/fr\/produit\/demontrateur-pour-letude-des-systemes-de-commande-dun-bras-robotique-a-5-axes\/\",\"name\":\"DEMONTRATEUR POUR L'ETUDE DES SYSTEMES DE COMMANDE D'UN BRAS ROBOTIQUE A 5 AXES - De Lorenzo Training &amp; Didactical Equipment\",\"isPartOf\":{\"@id\":\"https:\/\/delorenzoglobal.com\/fr\/#website\"},\"primaryImageOfPage\":{\"@id\":\"https:\/\/delorenzoglobal.com\/fr\/produit\/demontrateur-pour-letude-des-systemes-de-commande-dun-bras-robotique-a-5-axes\/#primaryimage\"},\"image\":{\"@id\":\"https:\/\/delorenzoglobal.com\/fr\/produit\/demontrateur-pour-letude-des-systemes-de-commande-dun-bras-robotique-a-5-axes\/#primaryimage\"},\"thumbnailUrl\":\"https:\/\/delorenzoglobal.com\/wp-content\/uploads\/2024\/04\/DL-ROBSIM-scaled.jpg\",\"datePublished\":\"2024-04-09T12:07:06+00:00\",\"dateModified\":\"2025-04-28T06:55:01+00:00\",\"breadcrumb\":{\"@id\":\"https:\/\/delorenzoglobal.com\/fr\/produit\/demontrateur-pour-letude-des-systemes-de-commande-dun-bras-robotique-a-5-axes\/#breadcrumb\"},\"inLanguage\":\"fr-FR\",\"potentialAction\":[{\"@type\":\"ReadAction\",\"target\":[\"https:\/\/delorenzoglobal.com\/fr\/produit\/demontrateur-pour-letude-des-systemes-de-commande-dun-bras-robotique-a-5-axes\/\"]}]},{\"@type\":\"ImageObject\",\"inLanguage\":\"fr-FR\",\"@id\":\"https:\/\/delorenzoglobal.com\/fr\/produit\/demontrateur-pour-letude-des-systemes-de-commande-dun-bras-robotique-a-5-axes\/#primaryimage\",\"url\":\"https:\/\/delorenzoglobal.com\/wp-content\/uploads\/2024\/04\/DL-ROBSIM-scaled.jpg\",\"contentUrl\":\"https:\/\/delorenzoglobal.com\/wp-content\/uploads\/2024\/04\/DL-ROBSIM-scaled.jpg\",\"width\":2560,\"height\":1851},{\"@type\":\"BreadcrumbList\",\"@id\":\"https:\/\/delorenzoglobal.com\/fr\/produit\/demontrateur-pour-letude-des-systemes-de-commande-dun-bras-robotique-a-5-axes\/#breadcrumb\",\"itemListElement\":[{\"@type\":\"ListItem\",\"position\":1,\"name\":\"Home\",\"item\":\"https:\/\/delorenzoglobal.com\/fr\/\"},{\"@type\":\"ListItem\",\"position\":2,\"name\":\"Boutique\",\"item\":\"https:\/\/delorenzoglobal.com\/fr\/boutique\/\"},{\"@type\":\"ListItem\",\"position\":3,\"name\":\"DEMONTRATEUR POUR L&#8217;ETUDE DES SYSTEMES DE COMMANDE D&#8217;UN BRAS ROBOTIQUE A 5 AXES\"}]},{\"@type\":\"WebSite\",\"@id\":\"https:\/\/delorenzoglobal.com\/fr\/#website\",\"url\":\"https:\/\/delorenzoglobal.com\/fr\/\",\"name\":\"De Lorenzo Training &amp; Didactical Equipment\",\"description\":\"\",\"potentialAction\":[{\"@type\":\"SearchAction\",\"target\":{\"@type\":\"EntryPoint\",\"urlTemplate\":\"https:\/\/delorenzoglobal.com\/fr\/?s={search_term_string}\"},\"query-input\":{\"@type\":\"PropertyValueSpecification\",\"valueRequired\":true,\"valueName\":\"search_term_string\"}}],\"inLanguage\":\"fr-FR\"}]}<\/script>\n<!-- \/ Yoast SEO plugin. -->","yoast_head_json":{"title":"DEMONTRATEUR POUR L'ETUDE DES SYSTEMES DE COMMANDE D'UN BRAS ROBOTIQUE A 5 AXES - De Lorenzo Training &amp; Didactical Equipment","robots":{"index":"index","follow":"follow","max-snippet":"max-snippet:-1","max-image-preview":"max-image-preview:large","max-video-preview":"max-video-preview:-1"},"canonical":"https:\/\/delorenzoglobal.com\/fr\/produit\/demontrateur-pour-letude-des-systemes-de-commande-dun-bras-robotique-a-5-axes\/","og_locale":"fr_FR","og_type":"article","og_title":"DEMONTRATEUR POUR L'ETUDE DES SYSTEMES DE COMMANDE D'UN BRAS ROBOTIQUE A 5 AXES - De Lorenzo Training &amp; Didactical Equipment","og_description":"La conception et la construction de circuits \u00e9lectroniques pour r\u00e9soudre des probl\u00e8mes pratiques est une technique essentielle dans les domaines de l&rsquo;ing\u00e9nierie \u00e9lectronique et de l&rsquo;ing\u00e9nierie informatique. Avec ce syst\u00e8me de cartes, les \u00e9tudiants peuvent en apprendre davantage sur les propri\u00e9t\u00e9s d&rsquo;un bras robotique \u00e0 5 axes utilis\u00e9 dans des environnements industriels. Des capteurs et [&hellip;]","og_url":"https:\/\/delorenzoglobal.com\/fr\/produit\/demontrateur-pour-letude-des-systemes-de-commande-dun-bras-robotique-a-5-axes\/","og_site_name":"De Lorenzo Training &amp; Didactical Equipment","article_modified_time":"2025-04-28T06:55:01+00:00","og_image":[{"width":2560,"height":1851,"url":"https:\/\/delorenzoglobal.com\/wp-content\/uploads\/2024\/04\/DL-ROBSIM-scaled.jpg","type":"image\/jpeg"}],"twitter_card":"summary_large_image","twitter_misc":{"Dur\u00e9e de lecture estim\u00e9e":"1 minute"},"schema":{"@context":"https:\/\/schema.org","@graph":[{"@type":"WebPage","@id":"https:\/\/delorenzoglobal.com\/fr\/produit\/demontrateur-pour-letude-des-systemes-de-commande-dun-bras-robotique-a-5-axes\/","url":"https:\/\/delorenzoglobal.com\/fr\/produit\/demontrateur-pour-letude-des-systemes-de-commande-dun-bras-robotique-a-5-axes\/","name":"DEMONTRATEUR POUR L'ETUDE DES SYSTEMES DE COMMANDE D'UN BRAS ROBOTIQUE A 5 AXES - De Lorenzo Training &amp; Didactical Equipment","isPartOf":{"@id":"https:\/\/delorenzoglobal.com\/fr\/#website"},"primaryImageOfPage":{"@id":"https:\/\/delorenzoglobal.com\/fr\/produit\/demontrateur-pour-letude-des-systemes-de-commande-dun-bras-robotique-a-5-axes\/#primaryimage"},"image":{"@id":"https:\/\/delorenzoglobal.com\/fr\/produit\/demontrateur-pour-letude-des-systemes-de-commande-dun-bras-robotique-a-5-axes\/#primaryimage"},"thumbnailUrl":"https:\/\/delorenzoglobal.com\/wp-content\/uploads\/2024\/04\/DL-ROBSIM-scaled.jpg","datePublished":"2024-04-09T12:07:06+00:00","dateModified":"2025-04-28T06:55:01+00:00","breadcrumb":{"@id":"https:\/\/delorenzoglobal.com\/fr\/produit\/demontrateur-pour-letude-des-systemes-de-commande-dun-bras-robotique-a-5-axes\/#breadcrumb"},"inLanguage":"fr-FR","potentialAction":[{"@type":"ReadAction","target":["https:\/\/delorenzoglobal.com\/fr\/produit\/demontrateur-pour-letude-des-systemes-de-commande-dun-bras-robotique-a-5-axes\/"]}]},{"@type":"ImageObject","inLanguage":"fr-FR","@id":"https:\/\/delorenzoglobal.com\/fr\/produit\/demontrateur-pour-letude-des-systemes-de-commande-dun-bras-robotique-a-5-axes\/#primaryimage","url":"https:\/\/delorenzoglobal.com\/wp-content\/uploads\/2024\/04\/DL-ROBSIM-scaled.jpg","contentUrl":"https:\/\/delorenzoglobal.com\/wp-content\/uploads\/2024\/04\/DL-ROBSIM-scaled.jpg","width":2560,"height":1851},{"@type":"BreadcrumbList","@id":"https:\/\/delorenzoglobal.com\/fr\/produit\/demontrateur-pour-letude-des-systemes-de-commande-dun-bras-robotique-a-5-axes\/#breadcrumb","itemListElement":[{"@type":"ListItem","position":1,"name":"Home","item":"https:\/\/delorenzoglobal.com\/fr\/"},{"@type":"ListItem","position":2,"name":"Boutique","item":"https:\/\/delorenzoglobal.com\/fr\/boutique\/"},{"@type":"ListItem","position":3,"name":"DEMONTRATEUR POUR L&#8217;ETUDE DES SYSTEMES DE COMMANDE D&#8217;UN BRAS ROBOTIQUE A 5 AXES"}]},{"@type":"WebSite","@id":"https:\/\/delorenzoglobal.com\/fr\/#website","url":"https:\/\/delorenzoglobal.com\/fr\/","name":"De Lorenzo Training &amp; Didactical Equipment","description":"","potentialAction":[{"@type":"SearchAction","target":{"@type":"EntryPoint","urlTemplate":"https:\/\/delorenzoglobal.com\/fr\/?s={search_term_string}"},"query-input":{"@type":"PropertyValueSpecification","valueRequired":true,"valueName":"search_term_string"}}],"inLanguage":"fr-FR"}]}},"_links":{"self":[{"href":"https:\/\/delorenzoglobal.com\/fr\/wp-json\/wp\/v2\/product\/1776","targetHints":{"allow":["GET"]}}],"collection":[{"href":"https:\/\/delorenzoglobal.com\/fr\/wp-json\/wp\/v2\/product"}],"about":[{"href":"https:\/\/delorenzoglobal.com\/fr\/wp-json\/wp\/v2\/types\/product"}],"wp:featuredmedia":[{"embeddable":true,"href":"https:\/\/delorenzoglobal.com\/fr\/wp-json\/wp\/v2\/media\/1764"}],"wp:attachment":[{"href":"https:\/\/delorenzoglobal.com\/fr\/wp-json\/wp\/v2\/media?parent=1776"}],"wp:term":[{"taxonomy":"product_brand","embeddable":true,"href":"https:\/\/delorenzoglobal.com\/fr\/wp-json\/wp\/v2\/product_brand?post=1776"},{"taxonomy":"product_cat","embeddable":true,"href":"https:\/\/delorenzoglobal.com\/fr\/wp-json\/wp\/v2\/product_cat?post=1776"},{"taxonomy":"product_tag","embeddable":true,"href":"https:\/\/delorenzoglobal.com\/fr\/wp-json\/wp\/v2\/product_tag?post=1776"}],"curies":[{"name":"wp","href":"https:\/\/api.w.org\/{rel}","templated":true}]}}