{"id":16935,"date":"2024-04-19T14:00:46","date_gmt":"2024-04-19T12:00:46","guid":{"rendered":"https:\/\/delorenzoglobal.com\/?post_type=product&#038;p=16935"},"modified":"2025-10-06T14:15:00","modified_gmt":"2025-10-06T12:15:00","slug":"echangeur-de-chaleur-a-plaques-2","status":"publish","type":"product","link":"https:\/\/delorenzoglobal.com\/fr\/produit\/echangeur-de-chaleur-a-plaques-2\/","title":{"rendered":"ECHANGEUR DE CHALEUR A PLAQUES"},"content":{"rendered":"<p>Dans l&rsquo;\u00e9changeur de chaleur \u00e0 plaques, les flux chauds et froids passent \u00e0 travers des chambres altern\u00e9es g\u00e9n\u00e9ralement de faible \u00e9paisseur, s\u00e9par\u00e9es \u00e0 leur plus grande surface, produisant un transfert de chaleur.<\/p>\n<p>L&rsquo;avantage de ce type d&rsquo;\u00e9changeur de chaleur r\u00e9side dans sa taille compacte et, par cons\u00e9quent, dans son utilisation appropri\u00e9e dans les petits espaces.<\/p>\n<p>Les plaques fournies ont une g\u00e9om\u00e9trie qui cr\u00e9e de la turbulence dans le fluide, am\u00e9liorant ainsi le transfert de chaleur.<\/p>\n","protected":false},"excerpt":{"rendered":"<p>Dans l&rsquo;\u00e9changeur de chaleur \u00e0 plaques, les flux chauds et froids passent \u00e0 travers des chambres altern\u00e9es g\u00e9n\u00e9ralement de faible \u00e9paisseur, s\u00e9par\u00e9es \u00e0 leur plus grande surface, produisant un transfert de chaleur. L&rsquo;avantage de ce type d&rsquo;\u00e9changeur de chaleur r\u00e9side dans sa taille compacte et, par cons\u00e9quent, dans son utilisation appropri\u00e9e dans les petits espaces. [&hellip;]<\/p>\n","protected":false},"featured_media":65677,"template":"","meta":{"_acf_changed":false},"product_brand":[],"product_cat":[404],"product_tag":[],"class_list":{"0":"post-16935","1":"product","2":"type-product","3":"status-publish","4":"has-post-thumbnail","6":"product_cat-transfert-de-chaleur","8":"first","9":"instock","10":"shipping-taxable","11":"product-type-simple"},"acf":[],"yoast_head":"<!-- This site is optimized with the Yoast SEO plugin v27.0 - https:\/\/yoast.com\/product\/yoast-seo-wordpress\/ -->\n<title>ECHANGEUR DE CHALEUR A PLAQUES - De Lorenzo Training &amp; Didactical Equipment<\/title>\n<meta name=\"robots\" content=\"index, follow, max-snippet:-1, max-image-preview:large, max-video-preview:-1\" \/>\n<link rel=\"canonical\" href=\"https:\/\/delorenzoglobal.com\/fr\/produit\/echangeur-de-chaleur-a-plaques-2\/\" \/>\n<meta property=\"og:locale\" content=\"fr_FR\" \/>\n<meta property=\"og:type\" content=\"article\" \/>\n<meta property=\"og:title\" content=\"ECHANGEUR DE CHALEUR A PLAQUES - De Lorenzo Training &amp; Didactical Equipment\" \/>\n<meta property=\"og:description\" content=\"Dans l&rsquo;\u00e9changeur de chaleur \u00e0 plaques, les flux chauds et froids passent \u00e0 travers des chambres altern\u00e9es g\u00e9n\u00e9ralement de faible \u00e9paisseur, s\u00e9par\u00e9es \u00e0 leur plus grande surface, produisant un transfert de chaleur. L&rsquo;avantage de ce type d&rsquo;\u00e9changeur de chaleur r\u00e9side dans sa taille compacte et, par cons\u00e9quent, dans son utilisation appropri\u00e9e dans les petits espaces. [&hellip;]\" \/>\n<meta property=\"og:url\" content=\"https:\/\/delorenzoglobal.com\/fr\/produit\/echangeur-de-chaleur-a-plaques-2\/\" \/>\n<meta property=\"og:site_name\" content=\"De Lorenzo Training &amp; Didactical Equipment\" \/>\n<meta property=\"article:modified_time\" content=\"2025-10-06T12:15:00+00:00\" \/>\n<meta property=\"og:image\" content=\"https:\/\/delorenzoglobal.com\/wp-content\/uploads\/2024\/04\/DL-DKC012-1.jpg\" \/>\n\t<meta property=\"og:image:width\" content=\"1455\" \/>\n\t<meta property=\"og:image:height\" content=\"1088\" \/>\n\t<meta property=\"og:image:type\" content=\"image\/jpeg\" \/>\n<meta name=\"twitter:card\" content=\"summary_large_image\" \/>\n<meta name=\"twitter:label1\" content=\"Dur\u00e9e de lecture estim\u00e9e\" \/>\n\t<meta name=\"twitter:data1\" content=\"1 minute\" \/>\n<script type=\"application\/ld+json\" class=\"yoast-schema-graph\">{\"@context\":\"https:\/\/schema.org\",\"@graph\":[{\"@type\":\"WebPage\",\"@id\":\"https:\/\/delorenzoglobal.com\/fr\/produit\/echangeur-de-chaleur-a-plaques-2\/\",\"url\":\"https:\/\/delorenzoglobal.com\/fr\/produit\/echangeur-de-chaleur-a-plaques-2\/\",\"name\":\"ECHANGEUR DE CHALEUR A PLAQUES - De Lorenzo Training &amp; Didactical Equipment\",\"isPartOf\":{\"@id\":\"https:\/\/delorenzoglobal.com\/fr\/#website\"},\"primaryImageOfPage\":{\"@id\":\"https:\/\/delorenzoglobal.com\/fr\/produit\/echangeur-de-chaleur-a-plaques-2\/#primaryimage\"},\"image\":{\"@id\":\"https:\/\/delorenzoglobal.com\/fr\/produit\/echangeur-de-chaleur-a-plaques-2\/#primaryimage\"},\"thumbnailUrl\":\"https:\/\/delorenzoglobal.com\/wp-content\/uploads\/2024\/04\/DL-DKC012-1.jpg\",\"datePublished\":\"2024-04-19T12:00:46+00:00\",\"dateModified\":\"2025-10-06T12:15:00+00:00\",\"breadcrumb\":{\"@id\":\"https:\/\/delorenzoglobal.com\/fr\/produit\/echangeur-de-chaleur-a-plaques-2\/#breadcrumb\"},\"inLanguage\":\"fr-FR\",\"potentialAction\":[{\"@type\":\"ReadAction\",\"target\":[\"https:\/\/delorenzoglobal.com\/fr\/produit\/echangeur-de-chaleur-a-plaques-2\/\"]}]},{\"@type\":\"ImageObject\",\"inLanguage\":\"fr-FR\",\"@id\":\"https:\/\/delorenzoglobal.com\/fr\/produit\/echangeur-de-chaleur-a-plaques-2\/#primaryimage\",\"url\":\"https:\/\/delorenzoglobal.com\/wp-content\/uploads\/2024\/04\/DL-DKC012-1.jpg\",\"contentUrl\":\"https:\/\/delorenzoglobal.com\/wp-content\/uploads\/2024\/04\/DL-DKC012-1.jpg\",\"width\":1455,\"height\":1088},{\"@type\":\"BreadcrumbList\",\"@id\":\"https:\/\/delorenzoglobal.com\/fr\/produit\/echangeur-de-chaleur-a-plaques-2\/#breadcrumb\",\"itemListElement\":[{\"@type\":\"ListItem\",\"position\":1,\"name\":\"Home\",\"item\":\"https:\/\/delorenzoglobal.com\/fr\/\"},{\"@type\":\"ListItem\",\"position\":2,\"name\":\"Boutique\",\"item\":\"https:\/\/delorenzoglobal.com\/fr\/boutique\/\"},{\"@type\":\"ListItem\",\"position\":3,\"name\":\"ECHANGEUR DE CHALEUR A PLAQUES\"}]},{\"@type\":\"WebSite\",\"@id\":\"https:\/\/delorenzoglobal.com\/fr\/#website\",\"url\":\"https:\/\/delorenzoglobal.com\/fr\/\",\"name\":\"De Lorenzo Training &amp; Didactical Equipment\",\"description\":\"\",\"potentialAction\":[{\"@type\":\"SearchAction\",\"target\":{\"@type\":\"EntryPoint\",\"urlTemplate\":\"https:\/\/delorenzoglobal.com\/fr\/?s={search_term_string}\"},\"query-input\":{\"@type\":\"PropertyValueSpecification\",\"valueRequired\":true,\"valueName\":\"search_term_string\"}}],\"inLanguage\":\"fr-FR\"}]}<\/script>\n<!-- \/ Yoast SEO plugin. -->","yoast_head_json":{"title":"ECHANGEUR DE CHALEUR A PLAQUES - De Lorenzo Training &amp; Didactical Equipment","robots":{"index":"index","follow":"follow","max-snippet":"max-snippet:-1","max-image-preview":"max-image-preview:large","max-video-preview":"max-video-preview:-1"},"canonical":"https:\/\/delorenzoglobal.com\/fr\/produit\/echangeur-de-chaleur-a-plaques-2\/","og_locale":"fr_FR","og_type":"article","og_title":"ECHANGEUR DE CHALEUR A PLAQUES - De Lorenzo Training &amp; Didactical Equipment","og_description":"Dans l&rsquo;\u00e9changeur de chaleur \u00e0 plaques, les flux chauds et froids passent \u00e0 travers des chambres altern\u00e9es g\u00e9n\u00e9ralement de faible \u00e9paisseur, s\u00e9par\u00e9es \u00e0 leur plus grande surface, produisant un transfert de chaleur. L&rsquo;avantage de ce type d&rsquo;\u00e9changeur de chaleur r\u00e9side dans sa taille compacte et, par cons\u00e9quent, dans son utilisation appropri\u00e9e dans les petits espaces. [&hellip;]","og_url":"https:\/\/delorenzoglobal.com\/fr\/produit\/echangeur-de-chaleur-a-plaques-2\/","og_site_name":"De Lorenzo Training &amp; Didactical Equipment","article_modified_time":"2025-10-06T12:15:00+00:00","og_image":[{"width":1455,"height":1088,"url":"https:\/\/delorenzoglobal.com\/wp-content\/uploads\/2024\/04\/DL-DKC012-1.jpg","type":"image\/jpeg"}],"twitter_card":"summary_large_image","twitter_misc":{"Dur\u00e9e de lecture estim\u00e9e":"1 minute"},"schema":{"@context":"https:\/\/schema.org","@graph":[{"@type":"WebPage","@id":"https:\/\/delorenzoglobal.com\/fr\/produit\/echangeur-de-chaleur-a-plaques-2\/","url":"https:\/\/delorenzoglobal.com\/fr\/produit\/echangeur-de-chaleur-a-plaques-2\/","name":"ECHANGEUR DE CHALEUR A PLAQUES - De Lorenzo Training &amp; Didactical Equipment","isPartOf":{"@id":"https:\/\/delorenzoglobal.com\/fr\/#website"},"primaryImageOfPage":{"@id":"https:\/\/delorenzoglobal.com\/fr\/produit\/echangeur-de-chaleur-a-plaques-2\/#primaryimage"},"image":{"@id":"https:\/\/delorenzoglobal.com\/fr\/produit\/echangeur-de-chaleur-a-plaques-2\/#primaryimage"},"thumbnailUrl":"https:\/\/delorenzoglobal.com\/wp-content\/uploads\/2024\/04\/DL-DKC012-1.jpg","datePublished":"2024-04-19T12:00:46+00:00","dateModified":"2025-10-06T12:15:00+00:00","breadcrumb":{"@id":"https:\/\/delorenzoglobal.com\/fr\/produit\/echangeur-de-chaleur-a-plaques-2\/#breadcrumb"},"inLanguage":"fr-FR","potentialAction":[{"@type":"ReadAction","target":["https:\/\/delorenzoglobal.com\/fr\/produit\/echangeur-de-chaleur-a-plaques-2\/"]}]},{"@type":"ImageObject","inLanguage":"fr-FR","@id":"https:\/\/delorenzoglobal.com\/fr\/produit\/echangeur-de-chaleur-a-plaques-2\/#primaryimage","url":"https:\/\/delorenzoglobal.com\/wp-content\/uploads\/2024\/04\/DL-DKC012-1.jpg","contentUrl":"https:\/\/delorenzoglobal.com\/wp-content\/uploads\/2024\/04\/DL-DKC012-1.jpg","width":1455,"height":1088},{"@type":"BreadcrumbList","@id":"https:\/\/delorenzoglobal.com\/fr\/produit\/echangeur-de-chaleur-a-plaques-2\/#breadcrumb","itemListElement":[{"@type":"ListItem","position":1,"name":"Home","item":"https:\/\/delorenzoglobal.com\/fr\/"},{"@type":"ListItem","position":2,"name":"Boutique","item":"https:\/\/delorenzoglobal.com\/fr\/boutique\/"},{"@type":"ListItem","position":3,"name":"ECHANGEUR DE CHALEUR A PLAQUES"}]},{"@type":"WebSite","@id":"https:\/\/delorenzoglobal.com\/fr\/#website","url":"https:\/\/delorenzoglobal.com\/fr\/","name":"De Lorenzo Training &amp; Didactical Equipment","description":"","potentialAction":[{"@type":"SearchAction","target":{"@type":"EntryPoint","urlTemplate":"https:\/\/delorenzoglobal.com\/fr\/?s={search_term_string}"},"query-input":{"@type":"PropertyValueSpecification","valueRequired":true,"valueName":"search_term_string"}}],"inLanguage":"fr-FR"}]}},"_links":{"self":[{"href":"https:\/\/delorenzoglobal.com\/fr\/wp-json\/wp\/v2\/product\/16935","targetHints":{"allow":["GET"]}}],"collection":[{"href":"https:\/\/delorenzoglobal.com\/fr\/wp-json\/wp\/v2\/product"}],"about":[{"href":"https:\/\/delorenzoglobal.com\/fr\/wp-json\/wp\/v2\/types\/product"}],"wp:featuredmedia":[{"embeddable":true,"href":"https:\/\/delorenzoglobal.com\/fr\/wp-json\/wp\/v2\/media\/65677"}],"wp:attachment":[{"href":"https:\/\/delorenzoglobal.com\/fr\/wp-json\/wp\/v2\/media?parent=16935"}],"wp:term":[{"taxonomy":"product_brand","embeddable":true,"href":"https:\/\/delorenzoglobal.com\/fr\/wp-json\/wp\/v2\/product_brand?post=16935"},{"taxonomy":"product_cat","embeddable":true,"href":"https:\/\/delorenzoglobal.com\/fr\/wp-json\/wp\/v2\/product_cat?post=16935"},{"taxonomy":"product_tag","embeddable":true,"href":"https:\/\/delorenzoglobal.com\/fr\/wp-json\/wp\/v2\/product_tag?post=16935"}],"curies":[{"name":"wp","href":"https:\/\/api.w.org\/{rel}","templated":true}]}}